{"id":17699,"date":"2017-08-07T10:51:57","date_gmt":"2017-08-07T09:51:57","guid":{"rendered":"http:\/\/www.etoro.com\/etoro\/about\/vision\/"},"modified":"2025-05-11T10:10:28","modified_gmt":"2025-05-11T07:10:28","slug":"vision","status":"publish","type":"page","link":"https:\/\/www.etoro.com\/pt-pt\/about\/vision\/","title":{"rendered":"Our Vision"},"content":{"rendered":"\n<div class=\"wp-block-etoro-related-pages has-green-background-color wp-etoro-block-related-pages\"><div class=\"wp-etoro-block-related-pages-to-center\"><div class=\"wp-etoro-block-related-pages-menu-name\">P\u00e1ginas Relacionadas:<\/div><div class=\"wp-etoro-block-related-pages-list-container\"><div class=\"wp-etoro-block-related-pages-arrow-left\"><button><\/button><\/div><div class=\"wp-etoro-block-related-pages-list\">\n<div class=\"wp-etoro-block-related-pages-link\"><a class=\"wp-etoro-block-related-page-link\" href=\"https:\/\/www.etoro.com\/pt-pt\/about\/\">A Nossa Hist\u00f3ria <\/a><\/div>\n\n\n\n<div class=\"wp-etoro-block-related-pages-link\"><a class=\"wp-etoro-block-related-page-link\" href=\"https:\/\/www.etoro.com\/pt-pt\/about\/team\/\">A Nossa Lideran\u00e7a <\/a><\/div>\n\n\n\n<div class=\"wp-etoro-block-related-pages-link\"><a class=\"wp-etoro-block-related-page-link\" href=\"https:\/\/www.etoro.com\/pt-pt\/about\/awards\/\">Os nossos pr\u00e9mios <\/a><\/div>\n<\/div><div class=\"wp-etoro-block-related-pages-arrow-right\"><button><\/button><\/div><\/div><\/div><\/div>\n\n\n\n<section class=\"wp-block-group wp-block-group-boxed\"><div class=\"wp-block-group-inner is-layout-flow wp-block-group-is-layout-flow\">\n<div class=\"wp-block-columns are-vertically-aligned-top wp-block-columns-1 is-layout-flex wp-container-core-columns-is-layout-1 wp-block-columns-is-layout-flex\">\n<div class=\"wp-block-column is-layout-flow wp-block-column-is-layout-flow\">\n<h2 class=\"wp-block-heading has-text-align-center\">Um mundo onde todos podem negociar e investir de forma simples e transparente.<\/h2>\n<\/div>\n<\/div>\n<\/div><\/section>\n\n\n\n<section class=\"wp-block-group wp-block-group-boxed has-white-background-color has-background\"><div class=\"wp-block-group-inner is-layout-flow wp-block-group-is-layout-flow\">\n<div class=\"wp-block-columns are-vertically-aligned-center wp-block-columns-2 is-swapped-on-mobile is-layout-flex wp-container-core-columns-is-layout-2 wp-block-columns-is-layout-flex\">\n<div class=\"wp-block-column is-text-column is-layout-flow wp-block-column-is-layout-flow\">\n<h2 class=\"wp-block-heading\"><span>A nossa<\/span> <strong>miss\u00e3o<\/strong><\/h2>\n\n\n\n<p>Abrindo mercados globais, possibilitando o contacto com os principais investidores e fornecendo as ferramentas necess\u00e1rias para expandir o conhecimento e multiplicar a riqueza.<\/p>\n<\/div>\n\n\n\n<div class=\"wp-block-column is-layout-flow wp-block-column-is-layout-flow\">\n<figure class=\"wp-block-image size-full\"><img loading=\"lazy\" decoding=\"async\" width=\"864\" height=\"600\" src=\"https:\/\/www.etoro.com\/wp-content\/uploads\/2025\/05\/our-mission-new.png\" alt=\"\" class=\"wp-image-1060915 wp-image-desktop\" srcset=\"https:\/\/www.etoro.com\/wp-content\/uploads\/2025\/05\/our-mission-new.png 864w, https:\/\/www.etoro.com\/wp-content\/uploads\/2025\/05\/our-mission-new-300x208.png 300w, https:\/\/www.etoro.com\/wp-content\/uploads\/2025\/05\/our-mission-new-768x533.png 768w\" sizes=\"(max-width: 864px) 100vw, 864px\" \/><\/figure>\n<\/div>\n<\/div>\n<\/div><\/section>\n\n\n\n<section class=\"wp-block-group wp-block-group-boxed\"><div class=\"wp-block-group-inner is-layout-flow wp-block-group-is-layout-flow\">\n<h2 class=\"wp-block-heading has-text-align-center\"><span>A nossa promessa <strong>para si<\/strong><\/span><\/h2>\n\n\n\n<div class=\"wp-block-columns are-vertically-aligned-top wp-block-columns-2 wp-block-columns-1 is-layout-flex wp-container-core-columns-is-layout-3 wp-block-columns-is-layout-flex\">\n<div class=\"wp-block-column is-layout-flow wp-block-column-is-layout-flow\">\n<div class=\"wp-block-etoro-card wp-block-etoro-card-size-small wp-block-etoro-card-thumbnail-position-side wp-block-etoro-card-default\"><img decoding=\"async\" src=\"https:\/\/www.etoro.com\/wp-content\/uploads\/2023\/06\/Frame-60.png\" alt=\"Simplifique\" class=\"wp-block-etoro-card-thumbnail\"\/><div class=\"wp-block-etoro-card-body\"><div class=\"wp-block-etoro-card-title\">Simplifique<\/div><div class=\"wp-block-etoro-card-content\">\n<p>N\u00f3s nos esfor\u00e7amos para eliminar barreiras e tornar a negocia\u00e7\u00e3o e o investimento online acess\u00edveis, f\u00e1ceis e transparentes para todos. Desde a nossa plataforma f\u00e1cil de usar \u00e0 forma como falamos consigo, tentamos sempre tornar o processo o mais simples poss\u00edvel.<\/p>\n<\/div><\/div><\/div>\n<\/div>\n\n\n\n<div class=\"wp-block-column is-layout-flow wp-block-column-is-layout-flow\">\n<div class=\"wp-block-etoro-card wp-block-etoro-card-size-small wp-block-etoro-card-thumbnail-position-side wp-block-etoro-card-default\"><img decoding=\"async\" src=\"https:\/\/www.etoro.com\/wp-content\/uploads\/2023\/06\/Innovative-1.png\" alt=\"Constantemente a inovar\" class=\"wp-block-etoro-card-thumbnail\"\/><div class=\"wp-block-etoro-card-body\"><div class=\"wp-block-etoro-card-title\">Constantemente a inovar<\/div><div class=\"wp-block-etoro-card-content\">\n<p>O objetivo da nossa atividade desde o in\u00edcio tem sido uma revolu\u00e7\u00e3o nas finan\u00e7as tradicionais, e a inova\u00e7\u00e3o est\u00e1 inscrita no nosso ADN. Com os mercados e nossa comunidade em mente, continuaremos a criar produtos e servi\u00e7os financeiros de ponta para atender \u00e0s suas emergentes necessidades.<\/p>\n<\/div><\/div><\/div>\n<\/div>\n<\/div>\n\n\n\n<div class=\"wp-block-columns are-vertically-aligned-top wp-block-columns-2 wp-block-columns-1 is-layout-flex wp-container-core-columns-is-layout-4 wp-block-columns-is-layout-flex\">\n<div class=\"wp-block-column is-layout-flow wp-block-column-is-layout-flow\">\n<div class=\"wp-block-etoro-card wp-block-etoro-card-size-small wp-block-etoro-card-thumbnail-position-side wp-block-etoro-card-default\"><img decoding=\"async\" src=\"https:\/\/www.etoro.com\/wp-content\/uploads\/2023\/06\/Team.png\" alt=\"Melhor juntos\" class=\"wp-block-etoro-card-thumbnail\"\/><div class=\"wp-block-etoro-card-body\"><div class=\"wp-block-etoro-card-title\">Melhor juntos<\/div><div class=\"wp-block-etoro-card-content\">\n<p>N\u00e3o est\u00e1 sozinho. Faz parte de uma comunidade global crescente. H\u00e1 um grande poder na troca de informa\u00e7\u00f5es. Possibilitamos networking, aprendizagem e partilha de conhecimento com outros investidores. Ao transformar o investimento em trabalho em equipa, alcan\u00e7amos melhores resultados e sucesso juntos.<\/p>\n<\/div><\/div><\/div>\n<\/div>\n\n\n\n<div class=\"wp-block-column is-layout-flow wp-block-column-is-layout-flow\">\n<div class=\"wp-block-etoro-card wp-block-etoro-card-size-small wp-block-etoro-card-thumbnail-position-side wp-block-etoro-card-default\"><img decoding=\"async\" src=\"https:\/\/www.etoro.com\/wp-content\/uploads\/2023\/06\/Frame-60-1.png\" alt=\"Procurando a excel\u00eancia\" class=\"wp-block-etoro-card-thumbnail\"\/><div class=\"wp-block-etoro-card-body\"><div class=\"wp-block-etoro-card-title\">Procurando a excel\u00eancia<\/div><div class=\"wp-block-etoro-card-content\">\n<p>N\u00f3s nos esfor\u00e7amos para antecipar e superar as suas expectativas, incluindo-o em todas as decis\u00f5es que tomamos e nos esfor\u00e7ando para fornecer a melhor experi\u00eancia poss\u00edvel ao usu\u00e1rio. Como uma empresa regulamentada, levamos a sua privacidade e seguran\u00e7a a s\u00e9rio, usando solu\u00e7\u00f5es de ponta.<\/p>\n<\/div><\/div><\/div>\n<\/div>\n<\/div>\n\n\n\n<div class=\"wp-block-columns are-vertically-aligned-top wp-block-columns-2 wp-block-columns-1 is-layout-flex wp-container-core-columns-is-layout-5 wp-block-columns-is-layout-flex\">\n<div class=\"wp-block-column is-layout-flow wp-block-column-is-layout-flow\">\n<div class=\"wp-block-etoro-card wp-block-etoro-card-size-small wp-block-etoro-card-thumbnail-position-side wp-block-etoro-card-default\"><img decoding=\"async\" src=\"https:\/\/www.etoro.com\/wp-content\/uploads\/2023\/06\/Rocket-ship.png\" alt=\"Capacitando-o\" class=\"wp-block-etoro-card-thumbnail\"\/><div class=\"wp-block-etoro-card-body\"><div class=\"wp-block-etoro-card-title\">Capacitando-o<\/div><div class=\"wp-block-etoro-card-content\">\n<p>A falta de experi\u00eancia e conhecimento s\u00e3o dois dos principais motivos pelos quais as pessoas optam por n\u00e3o investir. Queremos que todas as pessoas indecisas sejam capazes de enfrentar o desafio, e \u00e9 por isso que fornecemos uma ampla gama de ferramentas e materiais educacionais, bem como uma plataforma f\u00e1cil de usar para o ajudar a investir.<\/p>\n<\/div><\/div><\/div>\n<\/div>\n\n\n\n<div class=\"wp-block-column is-layout-flow wp-block-column-is-layout-flow\"><\/div>\n<\/div>\n<\/div><\/section>\n","protected":false},"excerpt":{"rendered":"<p>Um mundo onde todos podem negociar e investir de forma simples e transparente. A nossa miss\u00e3o Abrindo mercados globais, possibilitando o contacto com os principais investidores e fornecendo as ferramentas necess\u00e1rias para expandir o conhecimento e multiplicar a riqueza. A nossa promessa para si<\/p>\n","protected":false},"author":1,"featured_media":1060955,"parent":10557,"menu_order":2023,"comment_status":"closed","ping_status":"closed","template":"","meta":{"_acf_changed":false,"inline_featured_image":false,"sticky_cta_settings":"","footnotes":""},"asset_type":[],"class_list":["post-17699","page","type-page","status-publish","has-post-thumbnail","hentry"],"acf":[],"yoast_head":"<title>Declara\u00e7\u00e3o de Vis\u00e3o e Miss\u00e3o | eToro<\/title>\n<meta name=\"description\" content=\"Junte-se \u00e0 eToro \u2014 pioneiros da revolu\u00e7\u00e3o da negocia\u00e7\u00e3o online mais de uma d\u00e9cada. Vislumbramos um mundo onde possam investir de forma simples e transparente.\" \/>\n<meta name=\"robots\" content=\"index, follow, max-snippet:-1, max-image-preview:large, max-video-preview:-1\" \/>\n<link rel=\"canonical\" href=\"https:\/\/www.etoro.com\/pt-pt\/wp-json\/wp\/v2\/pages\/17699\" \/>\n<meta property=\"og:locale\" content=\"pt_PT\" \/>\n<meta property=\"og:type\" content=\"article\" \/>\n<meta property=\"og:title\" content=\"Declara\u00e7\u00e3o de Vis\u00e3o e Miss\u00e3o | eToro\" \/>\n<meta property=\"og:description\" content=\"Junte-se \u00e0 eToro \u2014 pioneiros da revolu\u00e7\u00e3o da negocia\u00e7\u00e3o online mais de uma d\u00e9cada. Vislumbramos um mundo onde possam investir de forma simples e transparente.\" \/>\n<meta property=\"og:url\" content=\"https:\/\/www.etoro.com\/pt-pt\/wp-json\/wp\/v2\/pages\/17699\" \/>\n<meta property=\"og:site_name\" content=\"eToro\" \/>\n<meta property=\"article:publisher\" content=\"https:\/\/www.facebook.com\/eToro\/\" \/>\n<meta property=\"article:modified_time\" content=\"2025-05-11T07:10:28+00:00\" \/>\n<meta property=\"og:image\" content=\"https:\/\/www.etoro.com\/wp-content\/uploads\/2025\/05\/Our-Vision-Featured-1200x630-1.jpg\" \/>\n\t<meta property=\"og:image:width\" content=\"1200\" \/>\n\t<meta property=\"og:image:height\" content=\"630\" \/>\n\t<meta property=\"og:image:type\" content=\"image\/jpeg\" \/>\n<meta name=\"twitter:card\" content=\"summary_large_image\" \/>\n<meta name=\"twitter:site\" content=\"@eToro\" \/>\n<script type=\"application\/ld+json\" class=\"yoast-schema-graph\">{\"@context\":\"https:\/\/schema.org\",\"@graph\":[{\"@type\":\"WebPage\",\"@id\":\"https:\/\/www.etoro.com\/pt-pt\/about\/vision\/\",\"url\":\"https:\/\/www.etoro.com\/pt-pt\/about\/vision\/\",\"name\":\"Declara\u00e7\u00e3o de Vis\u00e3o e Miss\u00e3o | eToro\",\"isPartOf\":{\"@id\":\"https:\/\/www.etoro.com\/pt-pt\/#website\"},\"primaryImageOfPage\":{\"@id\":\"https:\/\/www.etoro.com\/pt-pt\/about\/vision\/#primaryimage\"},\"image\":{\"@id\":\"https:\/\/www.etoro.com\/pt-pt\/about\/vision\/#primaryimage\"},\"thumbnailUrl\":\"https:\/\/www.etoro.com\/wp-content\/uploads\/2025\/05\/Our-Vision-Featured-1200x630-1.jpg\",\"datePublished\":\"2017-08-07T09:51:57+00:00\",\"dateModified\":\"2025-05-11T07:10:28+00:00\",\"description\":\"Junte-se \u00e0 eToro \u2014 pioneiros da revolu\u00e7\u00e3o da negocia\u00e7\u00e3o online mais de uma d\u00e9cada. Vislumbramos um mundo onde possam investir de forma simples e transparente.\",\"breadcrumb\":{\"@id\":\"https:\/\/www.etoro.com\/pt-pt\/about\/vision\/#breadcrumb\"},\"inLanguage\":\"pt\",\"potentialAction\":[{\"@type\":\"ReadAction\",\"target\":[\"https:\/\/www.etoro.com\/pt-pt\/about\/vision\/\"]}]},{\"@type\":\"ImageObject\",\"inLanguage\":\"pt\",\"@id\":\"https:\/\/www.etoro.com\/pt-pt\/about\/vision\/#primaryimage\",\"url\":\"https:\/\/www.etoro.com\/wp-content\/uploads\/2025\/05\/Our-Vision-Featured-1200x630-1.jpg\",\"contentUrl\":\"https:\/\/www.etoro.com\/wp-content\/uploads\/2025\/05\/Our-Vision-Featured-1200x630-1.jpg\",\"width\":1200,\"height\":630},{\"@type\":\"BreadcrumbList\",\"@id\":\"https:\/\/www.etoro.com\/pt-pt\/about\/vision\/#breadcrumb\",\"itemListElement\":[{\"@type\":\"ListItem\",\"position\":1,\"name\":\"In\u00edcio\",\"item\":\"https:\/\/www.etoro.com\/pt-pt\/\"},{\"@type\":\"ListItem\",\"position\":2,\"name\":\"SOBRE\",\"item\":\"https:\/\/www.etoro.com\/pt-pt\/about\/\"},{\"@type\":\"ListItem\",\"position\":3,\"name\":\"VIS\u00c3O\"}]},{\"@type\":\"WebSite\",\"@id\":\"https:\/\/www.etoro.com\/pt-pt\/#website\",\"url\":\"https:\/\/www.etoro.com\/pt-pt\/\",\"name\":\"eToro\",\"description\":\"\",\"publisher\":{\"@id\":\"https:\/\/www.etoro.com\/pt-pt\/#organization\"},\"potentialAction\":[{\"@type\":\"SearchAction\",\"target\":{\"@type\":\"EntryPoint\",\"urlTemplate\":\"https:\/\/www.etoro.com\/pt-pt\/?s={search_term_string}\"},\"query-input\":{\"@type\":\"PropertyValueSpecification\",\"valueRequired\":true,\"valueName\":\"search_term_string\"}}],\"inLanguage\":\"pt\"},[]]}<\/script>","yoast_head_json":{"title":"Declara\u00e7\u00e3o de Vis\u00e3o e Miss\u00e3o | eToro","description":"Junte-se \u00e0 eToro \u2014 pioneiros da revolu\u00e7\u00e3o da negocia\u00e7\u00e3o online mais de uma d\u00e9cada. Vislumbramos um mundo onde possam investir de forma simples e transparente.","robots":{"index":"index","follow":"follow","max-snippet":"max-snippet:-1","max-image-preview":"max-image-preview:large","max-video-preview":"max-video-preview:-1"},"canonical":"https:\/\/www.etoro.com\/pt-pt\/wp-json\/wp\/v2\/pages\/17699","og_locale":"pt_PT","og_type":"article","og_title":"Declara\u00e7\u00e3o de Vis\u00e3o e Miss\u00e3o | eToro","og_description":"Junte-se \u00e0 eToro \u2014 pioneiros da revolu\u00e7\u00e3o da negocia\u00e7\u00e3o online mais de uma d\u00e9cada. Vislumbramos um mundo onde possam investir de forma simples e transparente.","og_url":"https:\/\/www.etoro.com\/pt-pt\/wp-json\/wp\/v2\/pages\/17699","og_site_name":"eToro","article_publisher":"https:\/\/www.facebook.com\/eToro\/","article_modified_time":"2025-05-11T07:10:28+00:00","og_image":[{"width":1200,"height":630,"url":"https:\/\/www.etoro.com\/wp-content\/uploads\/2025\/05\/Our-Vision-Featured-1200x630-1.jpg","type":"image\/jpeg"}],"twitter_card":"summary_large_image","twitter_site":"@eToro","schema":{"@context":"https:\/\/schema.org","@graph":[{"@type":"WebPage","@id":"https:\/\/www.etoro.com\/pt-pt\/about\/vision\/","url":"https:\/\/www.etoro.com\/pt-pt\/about\/vision\/","name":"Declara\u00e7\u00e3o de Vis\u00e3o e Miss\u00e3o | eToro","isPartOf":{"@id":"https:\/\/www.etoro.com\/pt-pt\/#website"},"primaryImageOfPage":{"@id":"https:\/\/www.etoro.com\/pt-pt\/about\/vision\/#primaryimage"},"image":{"@id":"https:\/\/www.etoro.com\/pt-pt\/about\/vision\/#primaryimage"},"thumbnailUrl":"https:\/\/www.etoro.com\/wp-content\/uploads\/2025\/05\/Our-Vision-Featured-1200x630-1.jpg","datePublished":"2017-08-07T09:51:57+00:00","dateModified":"2025-05-11T07:10:28+00:00","description":"Junte-se \u00e0 eToro \u2014 pioneiros da revolu\u00e7\u00e3o da negocia\u00e7\u00e3o online mais de uma d\u00e9cada. Vislumbramos um mundo onde possam investir de forma simples e transparente.","breadcrumb":{"@id":"https:\/\/www.etoro.com\/pt-pt\/about\/vision\/#breadcrumb"},"inLanguage":"pt","potentialAction":[{"@type":"ReadAction","target":["https:\/\/www.etoro.com\/pt-pt\/about\/vision\/"]}]},{"@type":"ImageObject","inLanguage":"pt","@id":"https:\/\/www.etoro.com\/pt-pt\/about\/vision\/#primaryimage","url":"https:\/\/www.etoro.com\/wp-content\/uploads\/2025\/05\/Our-Vision-Featured-1200x630-1.jpg","contentUrl":"https:\/\/www.etoro.com\/wp-content\/uploads\/2025\/05\/Our-Vision-Featured-1200x630-1.jpg","width":1200,"height":630},{"@type":"BreadcrumbList","@id":"https:\/\/www.etoro.com\/pt-pt\/about\/vision\/#breadcrumb","itemListElement":[{"@type":"ListItem","position":1,"name":"In\u00edcio","item":"https:\/\/www.etoro.com\/pt-pt\/"},{"@type":"ListItem","position":2,"name":"SOBRE","item":"https:\/\/www.etoro.com\/pt-pt\/about\/"},{"@type":"ListItem","position":3,"name":"VIS\u00c3O"}]},{"@type":"WebSite","@id":"https:\/\/www.etoro.com\/pt-pt\/#website","url":"https:\/\/www.etoro.com\/pt-pt\/","name":"eToro","description":"","publisher":{"@id":"https:\/\/www.etoro.com\/pt-pt\/#organization"},"potentialAction":[{"@type":"SearchAction","target":{"@type":"EntryPoint","urlTemplate":"https:\/\/www.etoro.com\/pt-pt\/?s={search_term_string}"},"query-input":{"@type":"PropertyValueSpecification","valueRequired":true,"valueName":"search_term_string"}}],"inLanguage":"pt"},[]]}},"_links":{"self":[{"href":"https:\/\/www.etoro.com\/pt-pt\/wp-json\/wp\/v2\/pages\/17699"}],"collection":[{"href":"https:\/\/www.etoro.com\/pt-pt\/wp-json\/wp\/v2\/pages"}],"about":[{"href":"https:\/\/www.etoro.com\/pt-pt\/wp-json\/wp\/v2\/types\/page"}],"author":[{"embeddable":true,"href":"https:\/\/www.etoro.com\/pt-pt\/wp-json\/wp\/v2\/users\/1"}],"replies":[{"embeddable":true,"href":"https:\/\/www.etoro.com\/pt-pt\/wp-json\/wp\/v2\/comments?post=17699"}],"version-history":[{"count":0,"href":"https:\/\/www.etoro.com\/pt-pt\/wp-json\/wp\/v2\/pages\/17699\/revisions"}],"up":[{"embeddable":true,"href":"https:\/\/www.etoro.com\/pt-pt\/wp-json\/wp\/v2\/pages\/10557"}],"wp:featuredmedia":[{"embeddable":true,"href":"https:\/\/www.etoro.com\/pt-pt\/wp-json\/wp\/v2\/media\/1060955"}],"wp:attachment":[{"href":"https:\/\/www.etoro.com\/pt-pt\/wp-json\/wp\/v2\/media?parent=17699"}],"wp:term":[{"taxonomy":"asset_type","embeddable":true,"href":"https:\/\/www.etoro.com\/pt-pt\/wp-json\/wp\/v2\/asset_type?post=17699"}],"curies":[{"name":"wp","href":"https:\/\/api.w.org\/{rel}","templated":true}]}}