{"id":247830,"date":"2021-06-06T15:06:14","date_gmt":"2021-06-06T12:06:14","guid":{"rendered":"https:\/\/www.etoro.com\/customer-service\/accessibility\/"},"modified":"2024-12-19T17:46:09","modified_gmt":"2024-12-19T15:46:09","slug":"accessibility","status":"publish","type":"page","link":"https:\/\/www.etoro.com\/pt-pt\/customer-service\/accessibility\/","title":{"rendered":"Levamos a s\u00e9rio a acessibilidade"},"content":{"rendered":"\n<section class=\"wp-block-group wp-block-group-boxed has-white-background-color has-background\"><div class=\"wp-block-group-inner is-layout-flow wp-block-group-is-layout-flow\">\n<div class=\"wp-block-columns are-vertically-aligned-top wp-block-columns-1 is-layout-flex wp-container-core-columns-is-layout-1 wp-block-columns-is-layout-flex\">\n<div class=\"wp-block-column is-layout-flow wp-block-column-is-layout-flow\">\n<p class=\"has-text-align-center\">Na eToro, esfor\u00e7\u00e1mo-nos por tornar o nosso \u2018site\u2019 e aplica\u00e7\u00f5es mais acess\u00edveis.<\/p>\n\n\n\n<p class=\"has-text-align-center\">Aqui est\u00e3o algumas dicas sobre como facilitar a utiliza\u00e7\u00e3o dos nossos servi\u00e7os de acordo com as suas necessidades de acessibilidade.<\/p>\n<\/div>\n<\/div>\n<\/div><\/section>\n\n\n\n<section class=\"wp-block-group wp-block-group-boxed\"><div class=\"wp-block-group-inner is-layout-flow wp-block-group-is-layout-flow\">\n<div class=\"wp-block-columns are-vertically-aligned-center wp-block-columns-2 is-layout-flex wp-container-core-columns-is-layout-2 wp-block-columns-is-layout-flex\">\n<div class=\"wp-block-column is-layout-flow wp-block-column-is-layout-flow\">\n<h2 class=\"wp-block-heading\"><span>O \u2018Website\u2019 da eToro<\/span><\/h2>\n\n\n\n<p>Pode configurar o conte\u00fado no nosso \u2018website\u2019 para o tornar mais leg\u00edvel, tocando no \u2018widget\u2019 acess\u00edvel no canto inferior direito da p\u00e1gina. H\u00e1 muitas funcionalidades dispon\u00edveis para adaptar o texto e as imagens \u00e0s suas necessidades espec\u00edficas.<\/p>\n\n\n\n<p>O \u2018widget\u2019 permite-lhe definir os seguintes perfis para o(a) ajudar a personalizar o nosso \u2018site\u2019:<\/p>\n\n\n\n<ul class=\"wp-block-list wp-block-list wp-block-list-circle\">\n<li>Perfil Seguro para os Utilizadores com Epilepsia: elimina as cintila\u00e7\u00f5es e reduz a cor<\/li>\n\n\n\n<li>Perfil para os Utilizadores com Problemas de Vis\u00e3o: melhora os elementos visuais do nosso \u2018website\u2019<\/li>\n\n\n\n<li>Perfil para os Utilizadores com Defici\u00eancia Cognitiva: ajuda na leitura e concentra\u00e7\u00e3o<\/li>\n\n\n\n<li>Perfil para os Utilizadores com TDAH: fornece mais foco e menos distra\u00e7\u00f5es<\/li>\n\n\n\n<li>Utilizadores Invisuais (Leitor de ecr\u00e3): permite-lhe ler o nosso \u2018website\u2019 com o seu leitor de ecr\u00e3<\/li>\n\n\n\n<li>Navega\u00e7\u00e3o no Teclado (Motor): fornece acesso ao nosso \u2018website\u2019 com o teclado<\/li>\n<\/ul>\n<\/div>\n\n\n\n<div class=\"wp-block-column is-layout-flow wp-block-column-is-layout-flow\">\n<figure class=\"wp-block-image size-full\"><img loading=\"lazy\" decoding=\"async\" width=\"374\" height=\"419\" src=\"https:\/\/www.etoro.com\/wp-content\/uploads\/2024\/12\/The-eToro-website.png\" alt=\"\" class=\"wp-image-973444 wp-image-desktop\" srcset=\"https:\/\/www.etoro.com\/wp-content\/uploads\/2024\/12\/The-eToro-website.png 374w, https:\/\/www.etoro.com\/wp-content\/uploads\/2024\/12\/The-eToro-website-268x300.png 268w\" sizes=\"(max-width: 374px) 100vw, 374px\" \/><\/figure>\n<\/div>\n<\/div>\n<\/div><\/section>\n\n\n\n<section class=\"wp-block-group wp-block-group-boxed has-white-background-color has-background\"><div class=\"wp-block-group-inner is-layout-flow wp-block-group-is-layout-flow\">\n<div class=\"wp-block-columns are-vertically-aligned-top wp-block-columns-1 is-layout-flex wp-container-core-columns-is-layout-3 wp-block-columns-is-layout-flex\">\n<div class=\"wp-block-column is-layout-flow wp-block-column-is-layout-flow\">\n<h2 class=\"wp-block-heading\"><span>A Plataforma de Investimento da eToro<\/span><\/h2>\n<\/div>\n<\/div>\n\n\n\n<hr class=\"wp-block-separator wp-block-separator-color-dark-grey wp-block-separator-spaces-small wp-block-separator-weight-1\"\/>\n\n\n\n<p>Ap\u00f3s iniciar a sess\u00e3o, pode utilizar as defini\u00e7\u00f5es do seu dispositivo para ajudar a tornar a experi\u00eancia mais acess\u00edvel. Isto varia consoante se estiver a utilizar a nossa aplica\u00e7\u00e3o m\u00f3vel ou um navegador da \u2018Web\u2019, bem como o dispositivo utilizado.<\/p>\n<\/div><\/section>\n\n\n\n<section class=\"wp-block-group wp-block-group-boxed has-dark-blue-background-color has-background\"><div class=\"wp-block-group-inner is-layout-flow wp-block-group-is-layout-flow\">\n<div class=\"wp-block-columns are-vertically-aligned-top wp-block-columns-1 is-layout-flex wp-container-core-columns-is-layout-4 wp-block-columns-is-layout-flex\">\n<div class=\"wp-block-column is-layout-flow wp-block-column-is-layout-flow\">\n<h2 class=\"wp-block-heading\"><span>Defini\u00e7\u00f5es da Aplica\u00e7\u00e3o M\u00f3vel<\/span><\/h2>\n<\/div>\n<\/div>\n\n\n\n<hr class=\"wp-block-separator wp-block-separator-color-dark-grey wp-block-separator-spaces-small wp-block-separator-weight-1\"\/>\n\n\n\n<p>A eToro oferece algumas funcionalidades que podem melhorar a sua experi\u00eancia ao utilizar a aplica\u00e7\u00e3o:<\/p>\n\n\n\n<ul class=\"wp-block-list wp-block-list wp-block-list-circle\">\n<li>Identifica\u00e7\u00e3o Facial para iniciar a sess\u00e3o com seguran\u00e7a e facilidade<\/li>\n\n\n\n<li>Investimento com um clique para uma execu\u00e7\u00e3o de ordens mais simples<\/li>\n\n\n\n<li>Selecionar o seu ecr\u00e3 predefinido ap\u00f3s iniciar a sess\u00e3o para um acesso mais f\u00e1cil<\/li>\n<\/ul>\n\n\n\n<p>Todas elas est\u00e3o dispon\u00edveis no ecr\u00e3 de&nbsp;<a href=\"https:\/\/www.etoro.com\/settings\/\">defini\u00e7\u00f5es<\/a>&nbsp;dentro da aplica\u00e7\u00e3o da eToro.<\/p>\n<\/div><\/section>\n\n\n\n<section class=\"wp-block-group wp-block-group-boxed\"><div class=\"wp-block-group-inner is-layout-flow wp-block-group-is-layout-flow\">\n<div class=\"wp-block-columns are-vertically-aligned-top wp-block-columns-1 is-layout-flex wp-container-core-columns-is-layout-5 wp-block-columns-is-layout-flex\">\n<div class=\"wp-block-column is-layout-flow wp-block-column-is-layout-flow\">\n<h2 class=\"wp-block-heading\"><span>iOS<\/span><\/h2>\n<\/div>\n<\/div>\n\n\n\n<hr class=\"wp-block-separator wp-block-separator-color-dark-grey wp-block-separator-spaces-small wp-block-separator-weight-1\"\/>\n\n\n\n<p>A Apple oferece muitas funcionalidades de acessibilidade aos utilizadores do seu sistema operativo m\u00f3vel iOS, incluindo:<\/p>\n\n\n\n<ul class=\"wp-block-list wp-block-list wp-block-list-circle\">\n<li>Convers\u00e3o de texto em voz (Controlo de Voz): saiba como\u00a0<a href=\"https:\/\/support.apple.com\/en-us\/HT210417\" target=\"_blank\" rel=\"noreferrer noopener\">aqui<\/a>\u00a0e\u00a0<a href=\"https:\/\/support.apple.com\/guide\/iphone\/turn-on-and-practice-voiceover-iph3e2e415f\/ios\" target=\"_blank\" rel=\"noreferrer noopener\">aqui<\/a><\/li>\n\n\n\n<li>Teclados de acessibilidade: saiba mais\u00a0<a href=\"https:\/\/www.apple.com\/accessibility\/mobility\/\" target=\"_blank\" rel=\"noreferrer noopener\">aqui<\/a><\/li>\n\n\n\n<li>Defini\u00e7\u00f5es do visor: saiba mais\u00a0<a href=\"https:\/\/www.apple.com\/accessibility\/vision\/\" target=\"_blank\" rel=\"noreferrer noopener\">aqui<\/a>\u00a0e\u00a0<a href=\"https:\/\/support.apple.com\/guide\/iphone\/display-text-size-iph3e2e1fb0\/ios\" target=\"_blank\" rel=\"noreferrer noopener\">aqui<\/a><\/li>\n<\/ul>\n\n\n\n<p>Geralmente, estas podem ser configuradas atrav\u00e9s da sec\u00e7\u00e3o de acessibilidade da aplica\u00e7\u00e3o de&nbsp;<strong>defini\u00e7\u00f5es<\/strong>&nbsp;no seu telefone. Saiba mais em geral&nbsp;<a href=\"https:\/\/www.apple.com\/accessibility\/mobility\/\" target=\"_blank\" rel=\"noreferrer noopener\">aqui<\/a>.<\/p>\n<\/div><\/section>\n\n\n\n<section class=\"wp-block-group wp-block-group-boxed has-white-background-color has-background\"><div class=\"wp-block-group-inner is-layout-flow wp-block-group-is-layout-flow\">\n<div class=\"wp-block-columns are-vertically-aligned-top wp-block-columns-1 is-layout-flex wp-container-core-columns-is-layout-6 wp-block-columns-is-layout-flex\">\n<div class=\"wp-block-column is-layout-flow wp-block-column-is-layout-flow\">\n<h2 class=\"wp-block-heading\"><span>Android<\/span><\/h2>\n<\/div>\n<\/div>\n\n\n\n<hr class=\"wp-block-separator wp-block-separator-color-dark-grey wp-block-separator-spaces-small wp-block-separator-weight-1\"\/>\n\n\n\n<p>A Google oferece muitas funcionalidades de acessibilidade aos utilizadores do seu sistema operativo Android. Estas incluem:<\/p>\n\n\n\n<ul class=\"wp-block-list wp-block-list wp-block-list-circle\">\n<li>Convers\u00e3o de texto em voz<\/li>\n\n\n\n<li>Defini\u00e7\u00f5es do visor<\/li>\n\n\n\n<li>Controlos de intera\u00e7\u00e3o (p. ex., comandos de voz)<\/li>\n\n\n\n<li>Ligar o aparelho auditivo<\/li>\n<\/ul>\n\n\n\n<p>Geralmente, estas podem ser configuradas atrav\u00e9s da sec\u00e7\u00e3o de acessibilidade da aplica\u00e7\u00e3o de&nbsp;<strong>defini\u00e7\u00f5es<\/strong>&nbsp;no seu telefone. Saiba mais&nbsp;<a href=\"https:\/\/support.google.com\/accessibility\/android#topic=6007234\" target=\"_blank\" rel=\"noreferrer noopener\">aqui<\/a>.<\/p>\n<\/div><\/section>\n\n\n\n<section class=\"wp-block-group wp-block-group-boxed\"><div class=\"wp-block-group-inner is-layout-flow wp-block-group-is-layout-flow\">\n<div class=\"wp-block-columns are-vertically-aligned-top wp-block-columns-1 is-layout-flex wp-container-core-columns-is-layout-7 wp-block-columns-is-layout-flex\">\n<div class=\"wp-block-column is-layout-flow wp-block-column-is-layout-flow\">\n<h2 class=\"wp-block-heading\"><span>Safari \u2013 MacOS<\/span><\/h2>\n<\/div>\n<\/div>\n\n\n\n<hr class=\"wp-block-separator wp-block-separator-color-dark-grey wp-block-separator-spaces-small wp-block-separator-weight-1\"\/>\n\n\n\n<p>Se utilizar um computador da Apple, h\u00e1 v\u00e1rias defini\u00e7\u00f5es de acessibilidade dispon\u00edveis. Saiba mais\u00a0<a href=\"https:\/\/support.apple.com\/accessibility\/mac'\" target=\"_blank\" rel=\"noreferrer noopener\">aqui<\/a>.<\/p>\n<\/div><\/section>\n\n\n\n<section class=\"wp-block-group wp-block-group-boxed has-white-background-color has-background\"><div class=\"wp-block-group-inner is-layout-flow wp-block-group-is-layout-flow\">\n<div class=\"wp-block-columns are-vertically-aligned-top wp-block-columns-1 is-layout-flex wp-container-core-columns-is-layout-8 wp-block-columns-is-layout-flex\">\n<div class=\"wp-block-column is-layout-flow wp-block-column-is-layout-flow\">\n<h2 class=\"wp-block-heading\"><span>Extens\u00f5es do Navegador da \u2018Web\u2019 Chrome<\/span><\/h2>\n<\/div>\n<\/div>\n\n\n\n<hr class=\"wp-block-separator wp-block-separator-color-dark-grey wp-block-separator-spaces-small wp-block-separator-weight-1\"\/>\n\n\n\n<p>Pode adicionar extens\u00f5es ao seu navegador Chrome que fornecer\u00e3o muitas funcionalidades de acessibilidade \u00fateis. Procure-as\u00a0<a href=\"https:\/\/chrome.google.com\/webstore\/category\/ext\/22-accessibility\" target=\"_blank\" rel=\"noreferrer noopener\">aqui<\/a>.<\/p>\n<\/div><\/section>\n\n\n\n<section class=\"wp-block-group wp-block-group-boxed\"><div class=\"wp-block-group-inner is-layout-flow wp-block-group-is-layout-flow\">\n<div class=\"wp-block-columns are-vertically-aligned-top wp-block-columns-1 is-layout-flex wp-container-core-columns-is-layout-9 wp-block-columns-is-layout-flex\">\n<div class=\"wp-block-column is-layout-flow wp-block-column-is-layout-flow\">\n<h2 class=\"wp-block-heading\"><span>Mais Assist\u00eancia<\/span><\/h2>\n<\/div>\n<\/div>\n\n\n\n<hr class=\"wp-block-separator wp-block-separator-color-dark-grey wp-block-separator-spaces-small wp-block-separator-weight-1\"\/>\n\n\n\n<p>Se tiver alguma pergunta adicional, por favor, n\u00e3o hesite em contactar a nossa\u00a0<a href=\"https:\/\/www.etoro.com\/customer-service\/\">equipa de apoio<\/a>.<\/p>\n<\/div><\/section>\n\n\n\n<p><\/p>\n","protected":false},"excerpt":{"rendered":"<p>Na eToro, esfor\u00e7\u00e1mo-nos por tornar o nosso \u2018site\u2019 e aplica\u00e7\u00f5es mais acess\u00edveis. Aqui est\u00e3o algumas dicas sobre como facilitar a utiliza\u00e7\u00e3o dos nossos servi\u00e7os de acordo com as suas necessidades de acessibilidade. O \u2018Website\u2019 da eToro Pode configurar o conte\u00fado no nosso \u2018website\u2019 para o tornar mais leg\u00edvel, tocando no \u2018widget\u2019 acess\u00edvel no canto inferior&hellip;<\/p>\n","protected":false},"author":75,"featured_media":793540,"parent":10606,"menu_order":138,"comment_status":"closed","ping_status":"closed","template":"","meta":{"_acf_changed":true,"inline_featured_image":false,"sticky_cta_settings":"","footnotes":""},"asset_type":[],"class_list":["post-247830","page","type-page","status-publish","has-post-thumbnail","hentry"],"acf":[],"yoast_head":"<title>funcionalidades de acessibilidade do &#039;website&#039; e da aplica\u00e7\u00e3o de investimento da eToro<\/title>\n<meta name=\"description\" content=\"Todos devem poder investir nos mercados globais, aqui encontrar\u00e1 dicas sobre como tornar a eToro acess\u00edvel.\" \/>\n<meta name=\"robots\" content=\"index, follow, max-snippet:-1, max-image-preview:large, max-video-preview:-1\" \/>\n<link rel=\"canonical\" href=\"https:\/\/www.etoro.com\/pt-pt\/wp-json\/wp\/v2\/pages\/247830\" \/>\n<meta property=\"og:locale\" content=\"pt_PT\" \/>\n<meta property=\"og:type\" content=\"article\" \/>\n<meta property=\"og:title\" content=\"funcionalidades de acessibilidade do &#039;website&#039; e da aplica\u00e7\u00e3o de investimento da eToro\" \/>\n<meta property=\"og:description\" content=\"Todos devem poder investir nos mercados globais, aqui encontrar\u00e1 dicas sobre como tornar a eToro acess\u00edvel.\" \/>\n<meta property=\"og:url\" content=\"https:\/\/www.etoro.com\/pt-pt\/wp-json\/wp\/v2\/pages\/247830\" \/>\n<meta property=\"og:site_name\" content=\"eToro\" \/>\n<meta property=\"article:publisher\" content=\"https:\/\/www.facebook.com\/eToro\/\" \/>\n<meta property=\"article:modified_time\" content=\"2024-12-19T15:46:09+00:00\" \/>\n<meta property=\"og:image\" content=\"https:\/\/www.etoro.com\/wp-content\/uploads\/2023\/12\/Accessibility_Featured-image-1200x630_Portuguese-pt-po.png\" \/>\n\t<meta property=\"og:image:width\" content=\"1200\" \/>\n\t<meta property=\"og:image:height\" content=\"630\" \/>\n\t<meta property=\"og:image:type\" content=\"image\/png\" \/>\n<meta name=\"twitter:card\" content=\"summary_large_image\" \/>\n<meta name=\"twitter:site\" content=\"@eToro\" \/>\n<meta name=\"twitter:label1\" content=\"Est. reading time\" \/>\n\t<meta name=\"twitter:data1\" content=\"3 minutes\" \/>\n<script type=\"application\/ld+json\" class=\"yoast-schema-graph\">{\"@context\":\"https:\/\/schema.org\",\"@graph\":[{\"@type\":\"WebPage\",\"@id\":\"https:\/\/www.etoro.com\/pt-pt\/customer-service\/accessibility\/\",\"url\":\"https:\/\/www.etoro.com\/pt-pt\/customer-service\/accessibility\/\",\"name\":\"funcionalidades de acessibilidade do 'website' e da aplica\u00e7\u00e3o de investimento da eToro\",\"isPartOf\":{\"@id\":\"https:\/\/www.etoro.com\/pt-pt\/#website\"},\"primaryImageOfPage\":{\"@id\":\"https:\/\/www.etoro.com\/pt-pt\/customer-service\/accessibility\/#primaryimage\"},\"image\":{\"@id\":\"https:\/\/www.etoro.com\/pt-pt\/customer-service\/accessibility\/#primaryimage\"},\"thumbnailUrl\":\"https:\/\/www.etoro.com\/wp-content\/uploads\/2023\/12\/Accessibility_Featured-image-1200x630_Portuguese-pt-po.png\",\"datePublished\":\"2021-06-06T12:06:14+00:00\",\"dateModified\":\"2024-12-19T15:46:09+00:00\",\"description\":\"Todos devem poder investir nos mercados globais, aqui encontrar\u00e1 dicas sobre como tornar a eToro acess\u00edvel.\",\"breadcrumb\":{\"@id\":\"https:\/\/www.etoro.com\/pt-pt\/customer-service\/accessibility\/#breadcrumb\"},\"inLanguage\":\"pt\",\"potentialAction\":[{\"@type\":\"ReadAction\",\"target\":[\"https:\/\/www.etoro.com\/pt-pt\/customer-service\/accessibility\/\"]}]},{\"@type\":\"ImageObject\",\"inLanguage\":\"pt\",\"@id\":\"https:\/\/www.etoro.com\/pt-pt\/customer-service\/accessibility\/#primaryimage\",\"url\":\"https:\/\/www.etoro.com\/wp-content\/uploads\/2023\/12\/Accessibility_Featured-image-1200x630_Portuguese-pt-po.png\",\"contentUrl\":\"https:\/\/www.etoro.com\/wp-content\/uploads\/2023\/12\/Accessibility_Featured-image-1200x630_Portuguese-pt-po.png\",\"width\":1200,\"height\":630,\"caption\":\"Accessibility\"},{\"@type\":\"BreadcrumbList\",\"@id\":\"https:\/\/www.etoro.com\/pt-pt\/customer-service\/accessibility\/#breadcrumb\",\"itemListElement\":[{\"@type\":\"ListItem\",\"position\":1,\"name\":\"In\u00edcio\",\"item\":\"https:\/\/www.etoro.com\/pt-pt\/\"},{\"@type\":\"ListItem\",\"position\":2,\"name\":\"Servi\u00e7o De Cliente\",\"item\":\"https:\/\/www.etoro.com\/pt-pt\/customer-service\/\"},{\"@type\":\"ListItem\",\"position\":3,\"name\":\"accessibility\"}]},{\"@type\":\"WebSite\",\"@id\":\"https:\/\/www.etoro.com\/pt-pt\/#website\",\"url\":\"https:\/\/www.etoro.com\/pt-pt\/\",\"name\":\"eToro\",\"description\":\"\",\"publisher\":{\"@id\":\"https:\/\/www.etoro.com\/pt-pt\/#organization\"},\"potentialAction\":[{\"@type\":\"SearchAction\",\"target\":{\"@type\":\"EntryPoint\",\"urlTemplate\":\"https:\/\/www.etoro.com\/pt-pt\/?s={search_term_string}\"},\"query-input\":{\"@type\":\"PropertyValueSpecification\",\"valueRequired\":true,\"valueName\":\"search_term_string\"}}],\"inLanguage\":\"pt\"},[]]}<\/script>","yoast_head_json":{"title":"funcionalidades de acessibilidade do 'website' e da aplica\u00e7\u00e3o de investimento da eToro","description":"Todos devem poder investir nos mercados globais, aqui encontrar\u00e1 dicas sobre como tornar a eToro acess\u00edvel.","robots":{"index":"index","follow":"follow","max-snippet":"max-snippet:-1","max-image-preview":"max-image-preview:large","max-video-preview":"max-video-preview:-1"},"canonical":"https:\/\/www.etoro.com\/pt-pt\/wp-json\/wp\/v2\/pages\/247830","og_locale":"pt_PT","og_type":"article","og_title":"funcionalidades de acessibilidade do 'website' e da aplica\u00e7\u00e3o de investimento da eToro","og_description":"Todos devem poder investir nos mercados globais, aqui encontrar\u00e1 dicas sobre como tornar a eToro acess\u00edvel.","og_url":"https:\/\/www.etoro.com\/pt-pt\/wp-json\/wp\/v2\/pages\/247830","og_site_name":"eToro","article_publisher":"https:\/\/www.facebook.com\/eToro\/","article_modified_time":"2024-12-19T15:46:09+00:00","og_image":[{"width":1200,"height":630,"url":"https:\/\/www.etoro.com\/wp-content\/uploads\/2023\/12\/Accessibility_Featured-image-1200x630_Portuguese-pt-po.png","type":"image\/png"}],"twitter_card":"summary_large_image","twitter_site":"@eToro","twitter_misc":{"Est. reading time":"3 minutes"},"schema":{"@context":"https:\/\/schema.org","@graph":[{"@type":"WebPage","@id":"https:\/\/www.etoro.com\/pt-pt\/customer-service\/accessibility\/","url":"https:\/\/www.etoro.com\/pt-pt\/customer-service\/accessibility\/","name":"funcionalidades de acessibilidade do 'website' e da aplica\u00e7\u00e3o de investimento da eToro","isPartOf":{"@id":"https:\/\/www.etoro.com\/pt-pt\/#website"},"primaryImageOfPage":{"@id":"https:\/\/www.etoro.com\/pt-pt\/customer-service\/accessibility\/#primaryimage"},"image":{"@id":"https:\/\/www.etoro.com\/pt-pt\/customer-service\/accessibility\/#primaryimage"},"thumbnailUrl":"https:\/\/www.etoro.com\/wp-content\/uploads\/2023\/12\/Accessibility_Featured-image-1200x630_Portuguese-pt-po.png","datePublished":"2021-06-06T12:06:14+00:00","dateModified":"2024-12-19T15:46:09+00:00","description":"Todos devem poder investir nos mercados globais, aqui encontrar\u00e1 dicas sobre como tornar a eToro acess\u00edvel.","breadcrumb":{"@id":"https:\/\/www.etoro.com\/pt-pt\/customer-service\/accessibility\/#breadcrumb"},"inLanguage":"pt","potentialAction":[{"@type":"ReadAction","target":["https:\/\/www.etoro.com\/pt-pt\/customer-service\/accessibility\/"]}]},{"@type":"ImageObject","inLanguage":"pt","@id":"https:\/\/www.etoro.com\/pt-pt\/customer-service\/accessibility\/#primaryimage","url":"https:\/\/www.etoro.com\/wp-content\/uploads\/2023\/12\/Accessibility_Featured-image-1200x630_Portuguese-pt-po.png","contentUrl":"https:\/\/www.etoro.com\/wp-content\/uploads\/2023\/12\/Accessibility_Featured-image-1200x630_Portuguese-pt-po.png","width":1200,"height":630,"caption":"Accessibility"},{"@type":"BreadcrumbList","@id":"https:\/\/www.etoro.com\/pt-pt\/customer-service\/accessibility\/#breadcrumb","itemListElement":[{"@type":"ListItem","position":1,"name":"In\u00edcio","item":"https:\/\/www.etoro.com\/pt-pt\/"},{"@type":"ListItem","position":2,"name":"Servi\u00e7o De Cliente","item":"https:\/\/www.etoro.com\/pt-pt\/customer-service\/"},{"@type":"ListItem","position":3,"name":"accessibility"}]},{"@type":"WebSite","@id":"https:\/\/www.etoro.com\/pt-pt\/#website","url":"https:\/\/www.etoro.com\/pt-pt\/","name":"eToro","description":"","publisher":{"@id":"https:\/\/www.etoro.com\/pt-pt\/#organization"},"potentialAction":[{"@type":"SearchAction","target":{"@type":"EntryPoint","urlTemplate":"https:\/\/www.etoro.com\/pt-pt\/?s={search_term_string}"},"query-input":{"@type":"PropertyValueSpecification","valueRequired":true,"valueName":"search_term_string"}}],"inLanguage":"pt"},[]]}},"_links":{"self":[{"href":"https:\/\/www.etoro.com\/pt-pt\/wp-json\/wp\/v2\/pages\/247830"}],"collection":[{"href":"https:\/\/www.etoro.com\/pt-pt\/wp-json\/wp\/v2\/pages"}],"about":[{"href":"https:\/\/www.etoro.com\/pt-pt\/wp-json\/wp\/v2\/types\/page"}],"author":[{"embeddable":true,"href":"https:\/\/www.etoro.com\/pt-pt\/wp-json\/wp\/v2\/users\/75"}],"replies":[{"embeddable":true,"href":"https:\/\/www.etoro.com\/pt-pt\/wp-json\/wp\/v2\/comments?post=247830"}],"version-history":[{"count":0,"href":"https:\/\/www.etoro.com\/pt-pt\/wp-json\/wp\/v2\/pages\/247830\/revisions"}],"up":[{"embeddable":true,"href":"https:\/\/www.etoro.com\/pt-pt\/wp-json\/wp\/v2\/pages\/10606"}],"wp:featuredmedia":[{"embeddable":true,"href":"https:\/\/www.etoro.com\/pt-pt\/wp-json\/wp\/v2\/media\/793540"}],"wp:attachment":[{"href":"https:\/\/www.etoro.com\/pt-pt\/wp-json\/wp\/v2\/media?parent=247830"}],"wp:term":[{"taxonomy":"asset_type","embeddable":true,"href":"https:\/\/www.etoro.com\/pt-pt\/wp-json\/wp\/v2\/asset_type?post=247830"}],"curies":[{"name":"wp","href":"https:\/\/api.w.org\/{rel}","templated":true}]}}