{"id":262374,"date":"2021-07-22T23:25:47","date_gmt":"2021-07-22T20:25:47","guid":{"rendered":"https:\/\/www.etoro.com\/stocks\/dividend-calendar\/"},"modified":"2025-02-11T12:30:15","modified_gmt":"2025-02-11T10:30:15","slug":"dividend-calendar","status":"publish","type":"page","link":"https:\/\/www.etoro.com\/pt-pt\/investing\/dividend-calendar\/","title":{"rendered":"Dividend Calendar"},"content":{"rendered":"","protected":false},"excerpt":{"rendered":"","protected":false},"author":45,"featured_media":497725,"parent":19768,"menu_order":82,"comment_status":"closed","ping_status":"closed","template":"dividend-calendar.php","meta":{"_acf_changed":false,"inline_featured_image":false,"sticky_cta_settings":"","footnotes":""},"asset_type":[],"class_list":["post-262374","page","type-page","status-publish","has-post-thumbnail","hentry"],"acf":[],"yoast_head":"<title>Calend\u00e1rio de dividendos - pagamentos de dividendos futuros | eToro<\/title>\n<meta name=\"description\" content=\"Conhe\u00e7a as empresas que pagam dividendos aos acionistas. Descubra quanto pagam por a\u00e7\u00e3o e quando s\u00e3o disponibilizados os pagamentos.\" \/>\n<meta name=\"robots\" content=\"index, follow, max-snippet:-1, max-image-preview:large, max-video-preview:-1\" \/>\n<link rel=\"canonical\" href=\"https:\/\/www.etoro.com\/pt-pt\/wp-json\/wp\/v2\/pages\/262374\" \/>\n<meta property=\"og:locale\" content=\"pt_PT\" \/>\n<meta property=\"og:type\" content=\"article\" \/>\n<meta property=\"og:title\" content=\"Calend\u00e1rio de dividendos - pagamentos de dividendos futuros | eToro\" \/>\n<meta property=\"og:description\" content=\"Conhe\u00e7a as empresas que pagam dividendos aos acionistas. Descubra quanto pagam por a\u00e7\u00e3o e quando s\u00e3o disponibilizados os pagamentos.\" \/>\n<meta property=\"og:url\" content=\"https:\/\/www.etoro.com\/pt-pt\/wp-json\/wp\/v2\/pages\/262374\" \/>\n<meta property=\"og:site_name\" content=\"eToro\" \/>\n<meta property=\"article:publisher\" content=\"https:\/\/www.facebook.com\/eToro\/\" \/>\n<meta property=\"article:modified_time\" content=\"2025-02-11T10:30:15+00:00\" \/>\n<meta property=\"og:image\" content=\"https:\/\/www.etoro.com\/wp-content\/uploads\/2022\/09\/Dividend-Calendar_Conversion-page_Portuguese-pt-po_Social.png\" \/>\n\t<meta property=\"og:image:width\" content=\"1200\" \/>\n\t<meta property=\"og:image:height\" content=\"630\" \/>\n\t<meta property=\"og:image:type\" content=\"image\/png\" \/>\n<meta name=\"twitter:card\" content=\"summary_large_image\" \/>\n<meta name=\"twitter:site\" content=\"@eToro\" \/>\n<script type=\"application\/ld+json\" class=\"yoast-schema-graph\">{\"@context\":\"https:\/\/schema.org\",\"@graph\":[{\"@type\":\"WebPage\",\"@id\":\"https:\/\/www.etoro.com\/pt-pt\/investing\/dividend-calendar\/\",\"url\":\"https:\/\/www.etoro.com\/pt-pt\/investing\/dividend-calendar\/\",\"name\":\"Calend\u00e1rio de dividendos - pagamentos de dividendos futuros | eToro\",\"isPartOf\":{\"@id\":\"https:\/\/www.etoro.com\/pt-pt\/#website\"},\"primaryImageOfPage\":{\"@id\":\"https:\/\/www.etoro.com\/pt-pt\/investing\/dividend-calendar\/#primaryimage\"},\"image\":{\"@id\":\"https:\/\/www.etoro.com\/pt-pt\/investing\/dividend-calendar\/#primaryimage\"},\"thumbnailUrl\":\"https:\/\/www.etoro.com\/wp-content\/uploads\/2022\/09\/Dividend-Calendar_Conversion-page_Portuguese-pt-po_Social.png\",\"datePublished\":\"2021-07-22T20:25:47+00:00\",\"dateModified\":\"2025-02-11T10:30:15+00:00\",\"description\":\"Conhe\u00e7a as empresas que pagam dividendos aos acionistas. Descubra quanto pagam por a\u00e7\u00e3o e quando s\u00e3o disponibilizados os pagamentos.\",\"breadcrumb\":{\"@id\":\"https:\/\/www.etoro.com\/pt-pt\/investing\/dividend-calendar\/#breadcrumb\"},\"inLanguage\":\"pt\",\"potentialAction\":[{\"@type\":\"ReadAction\",\"target\":[\"https:\/\/www.etoro.com\/pt-pt\/investing\/dividend-calendar\/\"]}]},{\"@type\":\"ImageObject\",\"inLanguage\":\"pt\",\"@id\":\"https:\/\/www.etoro.com\/pt-pt\/investing\/dividend-calendar\/#primaryimage\",\"url\":\"https:\/\/www.etoro.com\/wp-content\/uploads\/2022\/09\/Dividend-Calendar_Conversion-page_Portuguese-pt-po_Social.png\",\"contentUrl\":\"https:\/\/www.etoro.com\/wp-content\/uploads\/2022\/09\/Dividend-Calendar_Conversion-page_Portuguese-pt-po_Social.png\",\"width\":1200,\"height\":630},{\"@type\":\"BreadcrumbList\",\"@id\":\"https:\/\/www.etoro.com\/pt-pt\/investing\/dividend-calendar\/#breadcrumb\",\"itemListElement\":[{\"@type\":\"ListItem\",\"position\":1,\"name\":\"In\u00edcio\",\"item\":\"https:\/\/www.etoro.com\/pt-pt\/\"},{\"@type\":\"ListItem\",\"position\":2,\"name\":\"Investir\",\"item\":\"https:\/\/www.etoro.com\/pt-pt\/investing\/\"},{\"@type\":\"ListItem\",\"position\":3,\"name\":\"Calend\u00e1rio de dividendos\"}]},{\"@type\":\"WebSite\",\"@id\":\"https:\/\/www.etoro.com\/pt-pt\/#website\",\"url\":\"https:\/\/www.etoro.com\/pt-pt\/\",\"name\":\"eToro\",\"description\":\"\",\"publisher\":{\"@id\":\"https:\/\/www.etoro.com\/pt-pt\/#organization\"},\"potentialAction\":[{\"@type\":\"SearchAction\",\"target\":{\"@type\":\"EntryPoint\",\"urlTemplate\":\"https:\/\/www.etoro.com\/pt-pt\/?s={search_term_string}\"},\"query-input\":{\"@type\":\"PropertyValueSpecification\",\"valueRequired\":true,\"valueName\":\"search_term_string\"}}],\"inLanguage\":\"pt\"},[]]}<\/script>","yoast_head_json":{"title":"Calend\u00e1rio de dividendos - pagamentos de dividendos futuros | eToro","description":"Conhe\u00e7a as empresas que pagam dividendos aos acionistas. Descubra quanto pagam por a\u00e7\u00e3o e quando s\u00e3o disponibilizados os pagamentos.","robots":{"index":"index","follow":"follow","max-snippet":"max-snippet:-1","max-image-preview":"max-image-preview:large","max-video-preview":"max-video-preview:-1"},"canonical":"https:\/\/www.etoro.com\/pt-pt\/wp-json\/wp\/v2\/pages\/262374","og_locale":"pt_PT","og_type":"article","og_title":"Calend\u00e1rio de dividendos - pagamentos de dividendos futuros | eToro","og_description":"Conhe\u00e7a as empresas que pagam dividendos aos acionistas. Descubra quanto pagam por a\u00e7\u00e3o e quando s\u00e3o disponibilizados os pagamentos.","og_url":"https:\/\/www.etoro.com\/pt-pt\/wp-json\/wp\/v2\/pages\/262374","og_site_name":"eToro","article_publisher":"https:\/\/www.facebook.com\/eToro\/","article_modified_time":"2025-02-11T10:30:15+00:00","og_image":[{"width":1200,"height":630,"url":"https:\/\/www.etoro.com\/wp-content\/uploads\/2022\/09\/Dividend-Calendar_Conversion-page_Portuguese-pt-po_Social.png","type":"image\/png"}],"twitter_card":"summary_large_image","twitter_site":"@eToro","schema":{"@context":"https:\/\/schema.org","@graph":[{"@type":"WebPage","@id":"https:\/\/www.etoro.com\/pt-pt\/investing\/dividend-calendar\/","url":"https:\/\/www.etoro.com\/pt-pt\/investing\/dividend-calendar\/","name":"Calend\u00e1rio de dividendos - pagamentos de dividendos futuros | eToro","isPartOf":{"@id":"https:\/\/www.etoro.com\/pt-pt\/#website"},"primaryImageOfPage":{"@id":"https:\/\/www.etoro.com\/pt-pt\/investing\/dividend-calendar\/#primaryimage"},"image":{"@id":"https:\/\/www.etoro.com\/pt-pt\/investing\/dividend-calendar\/#primaryimage"},"thumbnailUrl":"https:\/\/www.etoro.com\/wp-content\/uploads\/2022\/09\/Dividend-Calendar_Conversion-page_Portuguese-pt-po_Social.png","datePublished":"2021-07-22T20:25:47+00:00","dateModified":"2025-02-11T10:30:15+00:00","description":"Conhe\u00e7a as empresas que pagam dividendos aos acionistas. Descubra quanto pagam por a\u00e7\u00e3o e quando s\u00e3o disponibilizados os pagamentos.","breadcrumb":{"@id":"https:\/\/www.etoro.com\/pt-pt\/investing\/dividend-calendar\/#breadcrumb"},"inLanguage":"pt","potentialAction":[{"@type":"ReadAction","target":["https:\/\/www.etoro.com\/pt-pt\/investing\/dividend-calendar\/"]}]},{"@type":"ImageObject","inLanguage":"pt","@id":"https:\/\/www.etoro.com\/pt-pt\/investing\/dividend-calendar\/#primaryimage","url":"https:\/\/www.etoro.com\/wp-content\/uploads\/2022\/09\/Dividend-Calendar_Conversion-page_Portuguese-pt-po_Social.png","contentUrl":"https:\/\/www.etoro.com\/wp-content\/uploads\/2022\/09\/Dividend-Calendar_Conversion-page_Portuguese-pt-po_Social.png","width":1200,"height":630},{"@type":"BreadcrumbList","@id":"https:\/\/www.etoro.com\/pt-pt\/investing\/dividend-calendar\/#breadcrumb","itemListElement":[{"@type":"ListItem","position":1,"name":"In\u00edcio","item":"https:\/\/www.etoro.com\/pt-pt\/"},{"@type":"ListItem","position":2,"name":"Investir","item":"https:\/\/www.etoro.com\/pt-pt\/investing\/"},{"@type":"ListItem","position":3,"name":"Calend\u00e1rio de dividendos"}]},{"@type":"WebSite","@id":"https:\/\/www.etoro.com\/pt-pt\/#website","url":"https:\/\/www.etoro.com\/pt-pt\/","name":"eToro","description":"","publisher":{"@id":"https:\/\/www.etoro.com\/pt-pt\/#organization"},"potentialAction":[{"@type":"SearchAction","target":{"@type":"EntryPoint","urlTemplate":"https:\/\/www.etoro.com\/pt-pt\/?s={search_term_string}"},"query-input":{"@type":"PropertyValueSpecification","valueRequired":true,"valueName":"search_term_string"}}],"inLanguage":"pt"},[]]}},"_links":{"self":[{"href":"https:\/\/www.etoro.com\/pt-pt\/wp-json\/wp\/v2\/pages\/262374"}],"collection":[{"href":"https:\/\/www.etoro.com\/pt-pt\/wp-json\/wp\/v2\/pages"}],"about":[{"href":"https:\/\/www.etoro.com\/pt-pt\/wp-json\/wp\/v2\/types\/page"}],"author":[{"embeddable":true,"href":"https:\/\/www.etoro.com\/pt-pt\/wp-json\/wp\/v2\/users\/45"}],"replies":[{"embeddable":true,"href":"https:\/\/www.etoro.com\/pt-pt\/wp-json\/wp\/v2\/comments?post=262374"}],"version-history":[{"count":0,"href":"https:\/\/www.etoro.com\/pt-pt\/wp-json\/wp\/v2\/pages\/262374\/revisions"}],"up":[{"embeddable":true,"href":"https:\/\/www.etoro.com\/pt-pt\/wp-json\/wp\/v2\/pages\/19768"}],"wp:featuredmedia":[{"embeddable":true,"href":"https:\/\/www.etoro.com\/pt-pt\/wp-json\/wp\/v2\/media\/497725"}],"wp:attachment":[{"href":"https:\/\/www.etoro.com\/pt-pt\/wp-json\/wp\/v2\/media?parent=262374"}],"wp:term":[{"taxonomy":"asset_type","embeddable":true,"href":"https:\/\/www.etoro.com\/pt-pt\/wp-json\/wp\/v2\/asset_type?post=262374"}],"curies":[{"name":"wp","href":"https:\/\/api.w.org\/{rel}","templated":true}]}}