{"id":29711,"date":"2018-02-28T17:53:51","date_gmt":"2018-02-28T15:53:51","guid":{"rendered":"http:\/\/www.etoro.com\/?page_id=29711"},"modified":"2025-05-12T15:02:01","modified_gmt":"2025-05-12T12:02:01","slug":"account-verification","status":"publish","type":"page","link":"https:\/\/www.etoro.com\/pt-pt\/customer-service\/account-verification\/","title":{"rendered":"Como verificar a sua conta eToro"},"content":{"rendered":"\n<section class=\"wp-block-group wp-block-group-boxed\"><div class=\"wp-block-group-inner is-layout-flow wp-block-group-is-layout-flow\">\n<div class=\"wp-block-columns are-vertically-aligned-top wp-block-columns-1 is-layout-flex wp-container-core-columns-is-layout-1 wp-block-columns-is-layout-flex\">\n<div class=\"wp-block-column is-layout-flow wp-block-column-is-layout-flow\"><\/div>\n<\/div>\n\n\n\n<p><strong>A verifica\u00e7\u00e3o \u00e9 uma parte obrigat\u00f3ria do processo de registo na plataforma eToro. Os requisitos regulamentares exigem que verifiquemos cada nova conta eToro. Isso mant\u00e9m a nossa plataforma segura e evita atividades adversas.<\/strong><\/p>\n\n\n\n<p>Logo que a conta tenha sido verificada, poder\u00e1 aproveitar todos os benef\u00edcios da plataforma eToro. Para verificar a sua conta, deve enviar uma prova de identidade (POI) e uma prova de endere\u00e7o (POA). S\u00f3 ap\u00f3s ter-nos fornecido os dois documentos \u00e9 que o processo de verifica\u00e7\u00e3o ter\u00e1 inicio. Pode utilizar a aplica\u00e7\u00e3o eToro para digitalizar os seus documentos diretamente para a plataforma.<\/p>\n\n\n<figure class=\"wp-block-embed is-type-video is-provider-youtube wp-block-embed-youtube wp-embed-aspect-16-9 wp-has-aspect-ratio\"><a href=\"https:\/\/www.youtube.com\/watch?v=aMbvkxcpjTw\" data-fancybox class=\"wp-block-embed-link\" rel=\"nofollow noopener noreferrer\" >\n\t\t\t\t<img decoding=\"async\" src=\"https:\/\/img.youtube.com\/vi\/aMbvkxcpjTw\/maxresdefault.jpg\" alt=\"\" class=\"wp-block-embed-preview\">\n\t\t\t<\/a><\/figure><\/div><\/section>\n\n\n\n<section class=\"wp-block-group wp-block-group-boxed wp-block-group-medium-top-padding has-white-background-color has-background\"><div class=\"wp-block-group-inner is-layout-flow wp-block-group-is-layout-flow\">\n<div class=\"wp-block-columns are-vertically-aligned-top wp-block-columns-1 is-layout-flex wp-container-core-columns-is-layout-2 wp-block-columns-is-layout-flex\">\n<div class=\"wp-block-column is-layout-flow wp-block-column-is-layout-flow\">\n<h2 class=\"wp-block-heading\"><span>Prova de identidade<\/span><\/h2>\n<\/div>\n<\/div>\n\n\n\n<hr class=\"wp-block-separator wp-block-separator-color-dark-grey wp-block-separator-spaces-small wp-block-separator-weight-1\"\/>\n\n\n\n<p>O seu documento POI deve conter o seu nome, data de nascimento, uma fotografia n\u00edtida, data de emiss\u00e3o e, se tiver prazo de validade, tal tamb\u00e9m dever\u00e1 ser vis\u00edvel. O passaporte \u00e9 a prova de identidade preferida, pois \u00e9 o documento que ser\u00e1 mais r\u00e1pido de processar para a equipa eToro. Em alternativa, pode utilizar uma carta de condu\u00e7\u00e3o ou qualquer outra identifica\u00e7\u00e3o emitida por uma entidade oficial. Se o documento for de dupla face, e existam informa\u00e7\u00f5es relevantes no verso, certifique-se de carreg\u00e1-lo tamb\u00e9m.<\/p>\n\n\n\n<p><strong>Toda a informa\u00e7\u00e3o do seu POI deve estar vis\u00edvel<\/strong><\/p>\n\n\n\n<hr class=\"wp-block-separator wp-block-separator-color-dark-grey wp-block-separator-spaces-small wp-block-separator-weight-1\"\/>\n\n\n\n<figure class=\"wp-block-image size-large wp-block-image-has-mobile\"><img loading=\"lazy\" decoding=\"async\" width=\"1024\" height=\"247\" src=\"https:\/\/www.etoro.com\/wp-content\/uploads\/2025\/01\/image-1-2-1024x247.png\" alt=\"\" class=\"wp-image-979317 wp-image-desktop\" srcset=\"https:\/\/www.etoro.com\/wp-content\/uploads\/2025\/01\/image-1-2-1024x247.png 1024w, https:\/\/www.etoro.com\/wp-content\/uploads\/2025\/01\/image-1-2-300x72.png 300w, https:\/\/www.etoro.com\/wp-content\/uploads\/2025\/01\/image-1-2-768x185.png 768w, https:\/\/www.etoro.com\/wp-content\/uploads\/2025\/01\/image-1-2.png 1060w\" sizes=\"(max-width: 1024px) 100vw, 1024px\" \/><img loading=\"lazy\" decoding=\"async\" width=\"343\" height=\"103\" src=\"https:\/\/www.etoro.com\/wp-content\/uploads\/2025\/01\/Frame-20413297-1.png\" alt=\"\" class=\"wp-image-979367 wp-image-mobile\" srcset=\"https:\/\/www.etoro.com\/wp-content\/uploads\/2025\/01\/Frame-20413297-1.png 343w, https:\/\/www.etoro.com\/wp-content\/uploads\/2025\/01\/Frame-20413297-1-300x90.png 300w\" sizes=\"(max-width: 343px) 100vw, 343px\" \/><\/figure>\n\n\n\n<p><strong>Carregue o documento completo, sem recortes e de forma nitida<\/strong><\/p>\n\n\n\n<hr class=\"wp-block-separator wp-block-separator-color-dark-grey wp-block-separator-spaces-small wp-block-separator-weight-1\"\/>\n\n\n\n<figure class=\"wp-block-image size-large wp-block-image-has-mobile\"><img loading=\"lazy\" decoding=\"async\" width=\"1024\" height=\"286\" src=\"https:\/\/www.etoro.com\/wp-content\/uploads\/2025\/01\/Frame-20413298-1-1024x286.png\" alt=\"\" class=\"wp-image-979341 wp-image-desktop\" srcset=\"https:\/\/www.etoro.com\/wp-content\/uploads\/2025\/01\/Frame-20413298-1-1024x286.png 1024w, https:\/\/www.etoro.com\/wp-content\/uploads\/2025\/01\/Frame-20413298-1-300x84.png 300w, https:\/\/www.etoro.com\/wp-content\/uploads\/2025\/01\/Frame-20413298-1-768x214.png 768w, https:\/\/www.etoro.com\/wp-content\/uploads\/2025\/01\/Frame-20413298-1.png 1060w\" sizes=\"(max-width: 1024px) 100vw, 1024px\" \/><img loading=\"lazy\" decoding=\"async\" width=\"343\" height=\"84\" src=\"https:\/\/www.etoro.com\/wp-content\/uploads\/2025\/01\/image-2-1.png\" alt=\"\" class=\"wp-image-979391 wp-image-mobile\" srcset=\"https:\/\/www.etoro.com\/wp-content\/uploads\/2025\/01\/image-2-1.png 343w, https:\/\/www.etoro.com\/wp-content\/uploads\/2025\/01\/image-2-1-300x73.png 300w\" sizes=\"(max-width: 343px) 100vw, 343px\" \/><\/figure>\n\n\n\n<p><strong>Para carregar o seu POI agora,&nbsp;<a href=\"https:\/\/www.etoro.com\/settings\/account?action=autokyc&amp;deepLink=uploadID\">clique aqui<\/a>.<\/strong><\/p>\n<\/div><\/section>\n\n\n\n<section class=\"wp-block-group wp-block-group-boxed\"><div class=\"wp-block-group-inner is-layout-flow wp-block-group-is-layout-flow\">\n<div class=\"wp-block-columns are-vertically-aligned-top wp-block-columns-1 is-layout-flex wp-container-core-columns-is-layout-3 wp-block-columns-is-layout-flex\">\n<div class=\"wp-block-column is-layout-flow wp-block-column-is-layout-flow\">\n<h2 class=\"wp-block-heading\"><span>Comprovativo de resid\u00eancia<\/span><\/h2>\n<\/div>\n<\/div>\n\n\n\n<hr class=\"wp-block-separator wp-block-separator-color-dark-grey wp-block-separator-spaces-small wp-block-separator-weight-1\"\/>\n\n\n\n<p>O seu documento POA deve conter o seu nome completo, endere\u00e7o e data de emiss\u00e3o, que n\u00e3o deve ser superior a 3 meses. O nome ou log\u00f3tipo do emissor tamb\u00e9m deve ser claramente vis\u00edvel. Certifique-se de digitalizar o seu documento contra um fundo diferente, de modo a que todos os quatro cantos sejam vis\u00edveis.<\/p>\n\n\n\n<p class=\"is-style-heading-4\">O seu comprovativo de morada pode ser um dos seguintes:<\/p>\n\n\n\n<div class=\"wp-block-columns are-vertically-aligned-top wp-block-columns-3 is-layout-flex wp-container-core-columns-is-layout-4 wp-block-columns-is-layout-flex\">\n<div class=\"wp-block-column is-layout-flow wp-block-column-is-layout-flow\">\n<ul class=\"wp-block-list wp-block-list wp-block-list-circle\">\n<li>Extrato banc\u00e1rio<\/li>\n\n\n\n<li>Extrato de cart\u00e3o de cr\u00e9dito<\/li>\n\n\n\n<li>Fatura de \u00e1gua, eletricidade ou g\u00e1s<\/li>\n<\/ul>\n<\/div>\n\n\n\n<div class=\"wp-block-column is-layout-flow wp-block-column-is-layout-flow\">\n<ul class=\"wp-block-list wp-block-list wp-block-list-circle\">\n<li>Notifica\u00e7\u00e3o de pagamento de taxas municipais<\/li>\n\n\n\n<li>Carta\/notifica\u00e7\u00e3o de pagamento de impostos<\/li>\n\n\n\n<li>Contrato Oficial de Aluguel de Im\u00f3veis \u2013 Emitido pelo Governo<\/li>\n<\/ul>\n<\/div>\n\n\n\n<div class=\"wp-block-column is-layout-flow wp-block-column-is-layout-flow\">\n<ul class=\"wp-block-list wp-block-list wp-block-list-circle\">\n<li>Carta do munic\u00edpio onde reside<\/li>\n\n\n\n<li>Conta de Internet<\/li>\n<\/ul>\n<\/div>\n<\/div>\n<\/div><\/section>\n\n\n\n<section class=\"wp-block-group wp-block-group-boxed has-white-background-color has-background\"><div class=\"wp-block-group-inner is-layout-flow wp-block-group-is-layout-flow\">\n<div class=\"wp-block-columns are-vertically-aligned-top wp-block-columns-1 is-layout-flex wp-container-core-columns-is-layout-5 wp-block-columns-is-layout-flex\">\n<div class=\"wp-block-column is-layout-flow wp-block-column-is-layout-flow\">\n<p><strong>O seu documento deve ser digitalizado de forma plana<\/strong><\/p>\n<\/div>\n<\/div>\n\n\n\n<hr class=\"wp-block-separator wp-block-separator-color-dark-grey wp-block-separator-spaces-small wp-block-separator-weight-1\"\/>\n\n\n\n<figure class=\"wp-block-image size-large wp-block-image-has-mobile\"><img loading=\"lazy\" decoding=\"async\" width=\"1024\" height=\"247\" src=\"https:\/\/www.etoro.com\/wp-content\/uploads\/2025\/01\/image-1-1-1024x247.png\" alt=\"\" class=\"wp-image-979254 wp-image-desktop\" srcset=\"https:\/\/www.etoro.com\/wp-content\/uploads\/2025\/01\/image-1-1-1024x247.png 1024w, https:\/\/www.etoro.com\/wp-content\/uploads\/2025\/01\/image-1-1-300x72.png 300w, https:\/\/www.etoro.com\/wp-content\/uploads\/2025\/01\/image-1-1-768x185.png 768w, https:\/\/www.etoro.com\/wp-content\/uploads\/2025\/01\/image-1-1.png 1060w\" sizes=\"(max-width: 1024px) 100vw, 1024px\" \/><img loading=\"lazy\" decoding=\"async\" width=\"343\" height=\"84\" src=\"https:\/\/www.etoro.com\/wp-content\/uploads\/2025\/01\/image-2-2.png\" alt=\"\" class=\"wp-image-979416 wp-image-mobile\" srcset=\"https:\/\/www.etoro.com\/wp-content\/uploads\/2025\/01\/image-2-2.png 343w, https:\/\/www.etoro.com\/wp-content\/uploads\/2025\/01\/image-2-2-300x73.png 300w\" sizes=\"(max-width: 343px) 100vw, 343px\" \/><\/figure>\n\n\n\n<p><strong>N\u00e3o deve haver recorte e todos os quatro cantos devem ser vis\u00edveis<\/strong><\/p>\n\n\n\n<hr class=\"wp-block-separator wp-block-separator-color-dark-grey wp-block-separator-spaces-small wp-block-separator-weight-1\"\/>\n\n\n\n<figure class=\"wp-block-image size-large wp-block-image-has-mobile\"><img loading=\"lazy\" decoding=\"async\" width=\"1024\" height=\"247\" src=\"https:\/\/www.etoro.com\/wp-content\/uploads\/2025\/01\/image-2-1024x247.png\" alt=\"\" class=\"wp-image-979279 wp-image-desktop\" srcset=\"https:\/\/www.etoro.com\/wp-content\/uploads\/2025\/01\/image-2-1024x247.png 1024w, https:\/\/www.etoro.com\/wp-content\/uploads\/2025\/01\/image-2-300x72.png 300w, https:\/\/www.etoro.com\/wp-content\/uploads\/2025\/01\/image-2-768x185.png 768w, https:\/\/www.etoro.com\/wp-content\/uploads\/2025\/01\/image-2.png 1060w\" sizes=\"(max-width: 1024px) 100vw, 1024px\" \/><img loading=\"lazy\" decoding=\"async\" width=\"343\" height=\"84\" src=\"https:\/\/www.etoro.com\/wp-content\/uploads\/2025\/01\/image-2-3.png\" alt=\"\" class=\"wp-image-979440 wp-image-mobile\" srcset=\"https:\/\/www.etoro.com\/wp-content\/uploads\/2025\/01\/image-2-3.png 343w, https:\/\/www.etoro.com\/wp-content\/uploads\/2025\/01\/image-2-3-300x73.png 300w\" sizes=\"(max-width: 343px) 100vw, 343px\" \/><\/figure>\n\n\n\n<p><strong>*Tenha em aten\u00e7\u00e3o que aceitamos screenshots, se o seu POA foi retirado de um documento digital.<\/strong><\/p>\n\n\n\n<p><strong>Para carregar o seu POA agora,&nbsp;<a href=\"https:\/\/www.etoro.com\/settings\/account?action=autokyc&amp;deepLink=uploadutilitybill\">clique aqui<\/a>.<\/strong><\/p>\n\n\n\n<p>O processo de verifica\u00e7\u00e3o pode levar alguns dias, e ser\u00e1 notificado assim que a sua conta tenha sido verificada. Tamb\u00e9m pode acompanhar o estado de verifica\u00e7\u00e3o da sua conta na plataforma eToro. As contas verificadas t\u00eam uma marca verde ao lado do nome de utilizador, no perfil de utilizador.<\/p>\n\n\n\n<p>A nossa equipa examinar\u00e1 os seus documentos e atualizar\u00e1 o estado de verifica\u00e7\u00e3o da sua conta, pelo que&nbsp;<strong>n\u00e3o h\u00e1 necessidade de abrir um processo junto do Servi\u00e7o e Apoio ao Cliente sobre o seu processo de verifica\u00e7\u00e3o.<\/strong>&nbsp;No caso de os seus documentos serem rejeitados, enviaremos um e-mail com uma explica\u00e7\u00e3o clara do que precisa de fornecer. Para evitar a perda do e-mail, adicione o eToro \u00e0 sua lista de \u201cremetentes seguros\u201d nas suas configura\u00e7\u00f5es de e-mail.<\/p>\n<\/div><\/section>\n\n\n\n<p><\/p>\n","protected":false},"excerpt":{"rendered":"<p>A verifica\u00e7\u00e3o \u00e9 uma parte obrigat\u00f3ria do processo de registo na plataforma eToro. Os requisitos regulamentares exigem que verifiquemos cada nova conta eToro. Isso mant\u00e9m a nossa plataforma segura e evita atividades adversas. Logo que a conta tenha sido verificada, poder\u00e1 aproveitar todos os benef\u00edcios da plataforma eToro. Para verificar a sua conta, deve enviar&hellip;<\/p>\n","protected":false},"author":45,"featured_media":818035,"parent":10606,"menu_order":1062,"comment_status":"closed","ping_status":"closed","template":"","meta":{"_acf_changed":true,"inline_featured_image":false,"sticky_cta_settings":"","footnotes":""},"asset_type":[],"class_list":["post-29711","page","type-page","status-publish","has-post-thumbnail","hentry"],"acf":[],"yoast_head":"<title>Como verificar a sua conta eToro - eToro<\/title>\n<meta name=\"description\" content=\"Verifique a sua conta eToro em apenas alguns passos. A verifica\u00e7\u00e3o \u00e9 uma parte obrigat\u00f3ria do processo de registo e \u00e9 indispens\u00e1vel \u00e0 remo\u00e7\u00e3o de todas as restri\u00e7\u00f5es a dep\u00f3sitos.\" \/>\n<meta name=\"robots\" content=\"index, follow, max-snippet:-1, max-image-preview:large, max-video-preview:-1\" \/>\n<link rel=\"canonical\" href=\"https:\/\/www.etoro.com\/pt-pt\/wp-json\/wp\/v2\/pages\/29711\" \/>\n<meta property=\"og:locale\" content=\"pt_PT\" \/>\n<meta property=\"og:type\" content=\"article\" \/>\n<meta property=\"og:title\" content=\"Como verificar a sua conta eToro - eToro\" \/>\n<meta property=\"og:description\" content=\"Verifique a sua conta eToro em apenas alguns passos. A verifica\u00e7\u00e3o \u00e9 uma parte obrigat\u00f3ria do processo de registo e \u00e9 indispens\u00e1vel \u00e0 remo\u00e7\u00e3o de todas as restri\u00e7\u00f5es a dep\u00f3sitos.\" \/>\n<meta property=\"og:url\" content=\"https:\/\/www.etoro.com\/pt-pt\/wp-json\/wp\/v2\/pages\/29711\" \/>\n<meta property=\"og:site_name\" content=\"eToro\" \/>\n<meta property=\"article:publisher\" content=\"https:\/\/www.facebook.com\/eToro\/\" \/>\n<meta property=\"article:modified_time\" content=\"2025-05-12T12:02:01+00:00\" \/>\n<meta property=\"og:image\" content=\"https:\/\/www.etoro.com\/wp-content\/uploads\/2024\/01\/How-to-verify-your-eToro-account_Featured-image-1200x630_Portuguese-pt-po.png\" \/>\n\t<meta property=\"og:image:width\" content=\"1200\" \/>\n\t<meta property=\"og:image:height\" content=\"630\" \/>\n\t<meta property=\"og:image:type\" content=\"image\/png\" \/>\n<meta name=\"twitter:card\" content=\"summary_large_image\" \/>\n<meta name=\"twitter:site\" content=\"@eToro\" \/>\n<meta name=\"twitter:label1\" content=\"Est. reading time\" \/>\n\t<meta name=\"twitter:data1\" content=\"3 minutes\" \/>\n<script type=\"application\/ld+json\" class=\"yoast-schema-graph\">{\"@context\":\"https:\/\/schema.org\",\"@graph\":[{\"@type\":\"WebPage\",\"@id\":\"https:\/\/www.etoro.com\/pt-pt\/customer-service\/account-verification\/\",\"url\":\"https:\/\/www.etoro.com\/pt-pt\/customer-service\/account-verification\/\",\"name\":\"Como verificar a sua conta eToro - eToro\",\"isPartOf\":{\"@id\":\"https:\/\/www.etoro.com\/pt-pt\/#website\"},\"primaryImageOfPage\":{\"@id\":\"https:\/\/www.etoro.com\/pt-pt\/customer-service\/account-verification\/#primaryimage\"},\"image\":{\"@id\":\"https:\/\/www.etoro.com\/pt-pt\/customer-service\/account-verification\/#primaryimage\"},\"thumbnailUrl\":\"https:\/\/www.etoro.com\/wp-content\/uploads\/2024\/01\/How-to-verify-your-eToro-account_Featured-image-1200x630_Portuguese-pt-po.png\",\"datePublished\":\"2018-02-28T15:53:51+00:00\",\"dateModified\":\"2025-05-12T12:02:01+00:00\",\"description\":\"Verifique a sua conta eToro em apenas alguns passos. A verifica\u00e7\u00e3o \u00e9 uma parte obrigat\u00f3ria do processo de registo e \u00e9 indispens\u00e1vel \u00e0 remo\u00e7\u00e3o de todas as restri\u00e7\u00f5es a dep\u00f3sitos.\",\"breadcrumb\":{\"@id\":\"https:\/\/www.etoro.com\/pt-pt\/customer-service\/account-verification\/#breadcrumb\"},\"inLanguage\":\"pt\",\"potentialAction\":[{\"@type\":\"ReadAction\",\"target\":[\"https:\/\/www.etoro.com\/pt-pt\/customer-service\/account-verification\/\"]}]},{\"@type\":\"ImageObject\",\"inLanguage\":\"pt\",\"@id\":\"https:\/\/www.etoro.com\/pt-pt\/customer-service\/account-verification\/#primaryimage\",\"url\":\"https:\/\/www.etoro.com\/wp-content\/uploads\/2024\/01\/How-to-verify-your-eToro-account_Featured-image-1200x630_Portuguese-pt-po.png\",\"contentUrl\":\"https:\/\/www.etoro.com\/wp-content\/uploads\/2024\/01\/How-to-verify-your-eToro-account_Featured-image-1200x630_Portuguese-pt-po.png\",\"width\":1200,\"height\":630},{\"@type\":\"BreadcrumbList\",\"@id\":\"https:\/\/www.etoro.com\/pt-pt\/customer-service\/account-verification\/#breadcrumb\",\"itemListElement\":[{\"@type\":\"ListItem\",\"position\":1,\"name\":\"In\u00edcio\",\"item\":\"https:\/\/www.etoro.com\/pt-pt\/\"},{\"@type\":\"ListItem\",\"position\":2,\"name\":\"Servi\u00e7o De Cliente\",\"item\":\"https:\/\/www.etoro.com\/pt-pt\/customer-service\/\"},{\"@type\":\"ListItem\",\"position\":3,\"name\":\"VERIFICA\u00c7\u00c3O DE CONTA\"}]},{\"@type\":\"WebSite\",\"@id\":\"https:\/\/www.etoro.com\/pt-pt\/#website\",\"url\":\"https:\/\/www.etoro.com\/pt-pt\/\",\"name\":\"eToro\",\"description\":\"\",\"publisher\":{\"@id\":\"https:\/\/www.etoro.com\/pt-pt\/#organization\"},\"potentialAction\":[{\"@type\":\"SearchAction\",\"target\":{\"@type\":\"EntryPoint\",\"urlTemplate\":\"https:\/\/www.etoro.com\/pt-pt\/?s={search_term_string}\"},\"query-input\":{\"@type\":\"PropertyValueSpecification\",\"valueRequired\":true,\"valueName\":\"search_term_string\"}}],\"inLanguage\":\"pt\"},[]]}<\/script>","yoast_head_json":{"title":"Como verificar a sua conta eToro - eToro","description":"Verifique a sua conta eToro em apenas alguns passos. A verifica\u00e7\u00e3o \u00e9 uma parte obrigat\u00f3ria do processo de registo e \u00e9 indispens\u00e1vel \u00e0 remo\u00e7\u00e3o de todas as restri\u00e7\u00f5es a dep\u00f3sitos.","robots":{"index":"index","follow":"follow","max-snippet":"max-snippet:-1","max-image-preview":"max-image-preview:large","max-video-preview":"max-video-preview:-1"},"canonical":"https:\/\/www.etoro.com\/pt-pt\/wp-json\/wp\/v2\/pages\/29711","og_locale":"pt_PT","og_type":"article","og_title":"Como verificar a sua conta eToro - eToro","og_description":"Verifique a sua conta eToro em apenas alguns passos. A verifica\u00e7\u00e3o \u00e9 uma parte obrigat\u00f3ria do processo de registo e \u00e9 indispens\u00e1vel \u00e0 remo\u00e7\u00e3o de todas as restri\u00e7\u00f5es a dep\u00f3sitos.","og_url":"https:\/\/www.etoro.com\/pt-pt\/wp-json\/wp\/v2\/pages\/29711","og_site_name":"eToro","article_publisher":"https:\/\/www.facebook.com\/eToro\/","article_modified_time":"2025-05-12T12:02:01+00:00","og_image":[{"width":1200,"height":630,"url":"https:\/\/www.etoro.com\/wp-content\/uploads\/2024\/01\/How-to-verify-your-eToro-account_Featured-image-1200x630_Portuguese-pt-po.png","type":"image\/png"}],"twitter_card":"summary_large_image","twitter_site":"@eToro","twitter_misc":{"Est. reading time":"3 minutes"},"schema":{"@context":"https:\/\/schema.org","@graph":[{"@type":"WebPage","@id":"https:\/\/www.etoro.com\/pt-pt\/customer-service\/account-verification\/","url":"https:\/\/www.etoro.com\/pt-pt\/customer-service\/account-verification\/","name":"Como verificar a sua conta eToro - eToro","isPartOf":{"@id":"https:\/\/www.etoro.com\/pt-pt\/#website"},"primaryImageOfPage":{"@id":"https:\/\/www.etoro.com\/pt-pt\/customer-service\/account-verification\/#primaryimage"},"image":{"@id":"https:\/\/www.etoro.com\/pt-pt\/customer-service\/account-verification\/#primaryimage"},"thumbnailUrl":"https:\/\/www.etoro.com\/wp-content\/uploads\/2024\/01\/How-to-verify-your-eToro-account_Featured-image-1200x630_Portuguese-pt-po.png","datePublished":"2018-02-28T15:53:51+00:00","dateModified":"2025-05-12T12:02:01+00:00","description":"Verifique a sua conta eToro em apenas alguns passos. A verifica\u00e7\u00e3o \u00e9 uma parte obrigat\u00f3ria do processo de registo e \u00e9 indispens\u00e1vel \u00e0 remo\u00e7\u00e3o de todas as restri\u00e7\u00f5es a dep\u00f3sitos.","breadcrumb":{"@id":"https:\/\/www.etoro.com\/pt-pt\/customer-service\/account-verification\/#breadcrumb"},"inLanguage":"pt","potentialAction":[{"@type":"ReadAction","target":["https:\/\/www.etoro.com\/pt-pt\/customer-service\/account-verification\/"]}]},{"@type":"ImageObject","inLanguage":"pt","@id":"https:\/\/www.etoro.com\/pt-pt\/customer-service\/account-verification\/#primaryimage","url":"https:\/\/www.etoro.com\/wp-content\/uploads\/2024\/01\/How-to-verify-your-eToro-account_Featured-image-1200x630_Portuguese-pt-po.png","contentUrl":"https:\/\/www.etoro.com\/wp-content\/uploads\/2024\/01\/How-to-verify-your-eToro-account_Featured-image-1200x630_Portuguese-pt-po.png","width":1200,"height":630},{"@type":"BreadcrumbList","@id":"https:\/\/www.etoro.com\/pt-pt\/customer-service\/account-verification\/#breadcrumb","itemListElement":[{"@type":"ListItem","position":1,"name":"In\u00edcio","item":"https:\/\/www.etoro.com\/pt-pt\/"},{"@type":"ListItem","position":2,"name":"Servi\u00e7o De Cliente","item":"https:\/\/www.etoro.com\/pt-pt\/customer-service\/"},{"@type":"ListItem","position":3,"name":"VERIFICA\u00c7\u00c3O DE CONTA"}]},{"@type":"WebSite","@id":"https:\/\/www.etoro.com\/pt-pt\/#website","url":"https:\/\/www.etoro.com\/pt-pt\/","name":"eToro","description":"","publisher":{"@id":"https:\/\/www.etoro.com\/pt-pt\/#organization"},"potentialAction":[{"@type":"SearchAction","target":{"@type":"EntryPoint","urlTemplate":"https:\/\/www.etoro.com\/pt-pt\/?s={search_term_string}"},"query-input":{"@type":"PropertyValueSpecification","valueRequired":true,"valueName":"search_term_string"}}],"inLanguage":"pt"},[]]}},"_links":{"self":[{"href":"https:\/\/www.etoro.com\/pt-pt\/wp-json\/wp\/v2\/pages\/29711"}],"collection":[{"href":"https:\/\/www.etoro.com\/pt-pt\/wp-json\/wp\/v2\/pages"}],"about":[{"href":"https:\/\/www.etoro.com\/pt-pt\/wp-json\/wp\/v2\/types\/page"}],"author":[{"embeddable":true,"href":"https:\/\/www.etoro.com\/pt-pt\/wp-json\/wp\/v2\/users\/45"}],"replies":[{"embeddable":true,"href":"https:\/\/www.etoro.com\/pt-pt\/wp-json\/wp\/v2\/comments?post=29711"}],"version-history":[{"count":0,"href":"https:\/\/www.etoro.com\/pt-pt\/wp-json\/wp\/v2\/pages\/29711\/revisions"}],"up":[{"embeddable":true,"href":"https:\/\/www.etoro.com\/pt-pt\/wp-json\/wp\/v2\/pages\/10606"}],"wp:featuredmedia":[{"embeddable":true,"href":"https:\/\/www.etoro.com\/pt-pt\/wp-json\/wp\/v2\/media\/818035"}],"wp:attachment":[{"href":"https:\/\/www.etoro.com\/pt-pt\/wp-json\/wp\/v2\/media?parent=29711"}],"wp:term":[{"taxonomy":"asset_type","embeddable":true,"href":"https:\/\/www.etoro.com\/pt-pt\/wp-json\/wp\/v2\/asset_type?post=29711"}],"curies":[{"name":"wp","href":"https:\/\/api.w.org\/{rel}","templated":true}]}}