{"id":320577,"date":"2022-01-25T10:03:47","date_gmt":"2022-01-25T08:03:47","guid":{"rendered":"https:\/\/www.etoro.com\/customer-service\/vulnerability-program\/"},"modified":"2024-06-13T10:40:59","modified_gmt":"2024-06-13T07:40:59","slug":"vulnerability-program","status":"publish","type":"page","link":"https:\/\/www.etoro.com\/pt-pt\/customer-service\/vulnerability-program\/","title":{"rendered":"Clientes vulner\u00e1veis"},"content":{"rendered":"\n<section class=\"wp-block-group wp-block-group-boxed has-white-background-color has-background\"><div class=\"wp-block-group-inner is-layout-flow wp-block-group-is-layout-flow\">\n<div class=\"wp-block-columns are-vertically-aligned-top wp-block-columns-1 is-layout-flex wp-container-core-columns-is-layout-1 wp-block-columns-is-layout-flex\">\n<div class=\"wp-block-column is-layout-flow wp-block-column-is-layout-flow\">\n<h2 class=\"wp-block-heading\">Clientes vulner\u00e1veis<\/h2>\n\n\n\n<dl class=\"wp-block-etoro-faq\">\n<div class=\"wp-block-etoro-faq-item\"><dt class=\"wp-block-etoro-faq-item-question\">O que \u00e9 um cliente vulner\u00e1vel?<\/dt><dd class=\"wp-block-etoro-faq-item-answer\">\n<p>Um cliente vulner\u00e1vel \u00e9 algu\u00e9m cuja capacidade de tomar decis\u00f5es e liga\u00e7\u00e3o aos servi\u00e7os financeiros podem sofrer um impacto negativo, como resultado das suas circunst\u00e2ncias pessoais. Os clientes vulner\u00e1veis podem ter mais propens\u00e3o a experimentar resultados desfavor\u00e1veis, os quais, no caso de se materializarem, t\u00eam maior probabilidade de escalar do que para outros clientes (os n\u00e3o-vulner\u00e1veis).<\/p>\n<\/dd><\/div>\n\n\n\n<div class=\"wp-block-etoro-faq-item\"><dt class=\"wp-block-etoro-faq-item-question\">Quais os fatores que podem contribuir para a vulnerabilidade de um cliente?<\/dt><dd class=\"wp-block-etoro-faq-item-answer\">\n<p>Existem muitas raz\u00f5es que levam uma pessoa a sentir-se vulner\u00e1vel durante a sua vida.&nbsp; Algumas caracter\u00edsticas que podem contribuir para a vulnerabilidade de um cliente s\u00e3o as seguintes:<\/p>\n\n\n\n<p>Sa\u00fade \u2013 incapacidades ou doen\u00e7as, f\u00edsicas ou mentais, que afetam a capacidade de realizar tarefas quotidianas;<\/p>\n\n\n\n<p>Eventos da vida \u2013 eventos importantes, como luto, perda de emprego ou quebra de rela\u00e7\u00f5es;<\/p>\n\n\n\n<p>Resili\u00eancia \u2013 fraca capacidade de suportar choques financeiros ou emocionais; e<\/p>\n\n\n\n<p>Compet\u00eancia \u2013 fracos conhecimentos financeiros ou baixa confian\u00e7a na gest\u00e3o do dinheiro (capacidade financeira) e falta de compet\u00eancias noutras \u00e1reas relevantes, como a literacia ou as compet\u00eancias digitais.<\/p>\n<\/dd><\/div>\n\n\n\n<div class=\"wp-block-etoro-faq-item\"><dt class=\"wp-block-etoro-faq-item-question\">Qual o impacto da vulnerabilidade nos clientes?<\/dt><dd class=\"wp-block-etoro-faq-item-answer\">\n<p>As carater\u00edsticas de vulnerabilidade podem, eventualmente, ter impactos desfavor\u00e1veis num cliente da eToro.&nbsp; Seguem-se alguns exemplos::<\/p>\n\n\n\n<ol class=\"wp-block-list\">\n<li>A falta de compet\u00eancia tecnol\u00f3gica e experi\u00eancia devido a idade avan\u00e7ada, o que leva a uma capacidade reduzida de operar a plataforma de investimento da eToro;<\/li>\n\n\n\n<li>Falta de capacidade mental que leva a decis\u00f5es de negocia\u00e7\u00e3o err\u00f3neas, especialmente em rela\u00e7\u00e3o a produtos de risco mais elevado;<\/li>\n\n\n\n<li>Certas caracter\u00edsticas ou eventos que podem levar a decis\u00f5es de investimento precipitadas ou motivadas pela emo\u00e7\u00e3o, tais como:<\/li>\n<\/ol>\n\n\n\n<ul class=\"wp-block-list wp-block-list-circle\">\n<li>Um diagn\u00f3stico s\u00fabito de doen\u00e7a grave, quer relativamente ao cliente quer relativamente a um familiar pr\u00f3ximo;<\/li>\n\n\n\n<li>Dificuldades financeiras;<\/li>\n\n\n\n<li>Comportamentos aditivos, tais como adi\u00e7\u00e3o ao jogo de sorte e azar ou comportamentos compulsivos; ou<\/li>\n\n\n\n<li>Dist\u00farbios mentais que incluem depress\u00e3o, elevados n\u00edveis de ansiedade e pensamentos suicidas.<\/li>\n<\/ul>\n<\/dd><\/div>\n\n\n\n<div class=\"wp-block-etoro-faq-item\"><dt class=\"wp-block-etoro-faq-item-question\">Como a eToro apoiaos seus clientes vulner\u00e1veis?<\/dt><dd class=\"wp-block-etoro-faq-item-answer\">\n<p>Se cr\u00ea que pode sofrer o impacto de qualquer caracter\u00edstica ou vulnerabilidade, \u00e9 importante que nos notifique logo que poss\u00edvel.\u00a0 A vulnerabilidade, muitas vezes, n\u00e3o \u00e9 facilmente identific\u00e1vel e dependemos dos nossos clientes para que nos informem de tais situa\u00e7\u00f5es.\u00a0 Se desejar notificar-nos da sua situa\u00e7\u00e3o, ou se considera que se encontrana situa\u00e7\u00e3o de cliente vulner\u00e1vel, por favor informe-nos, criando um pedido atrav\u00e9s do<a href=\"https:\/\/www.etoro.com\/pt-pt\/customer-service\/\">\u00a0Servi\u00e7o de Apoio ao Cliente<\/a>. Uma vez que tenha enviado um pedido ao Apoio ao Cliente, aguarde at\u00e9 que o pedido seja encaminhado e evite abrir m\u00faltiplos pedidos para a mesma quest\u00e3o. A abertura de m\u00faltiplos pedidos para a mesma quest\u00e3o atrasa o tempo de resposta da nossa equipa.<\/p>\n<\/dd><\/div>\n\n\n\n<div class=\"wp-block-etoro-faq-item\"><dt class=\"wp-block-etoro-faq-item-question\">Os passos que poderemos dar em resposta \u00e0 vulnerabilidade dos clientes<\/dt><dd class=\"wp-block-etoro-faq-item-answer\">\n<p>A eToro possui pol\u00edticas e procedimentos bem definidos sobre como lidar com a vulnerabilidade dos clientes. N\u00e3o existem dois casos de vulnerabilidade iguais e a eToro faz abordagens personalizadas a cada caso de vulnerabilidade, consoante as suas caracter\u00edsticas individuais. De forma geral, a eToro opera em linha com os seguintes princ\u00edpios:<\/p>\n\n\n\n<ol class=\"wp-block-list\">\n<li>A eToro trabalha com o princ\u00edpio geral de que dar\u00e1 os passos apropriados para ter em considera\u00e7\u00e3o as circunst\u00e2ncias de qualquer indiv\u00edduo que seja particularmente vulner\u00e1vel ou suscet\u00edvel ao preju\u00edzo, sendo assim necess\u00e1rio ajustes \u00e0 forma como a Empresa comunica e fornece apoio.<\/li>\n\n\n\n<li>A eToro reconhece que a vulnerabilidade \u00e9 um estado, n\u00e3o um atributo, que existe uma escala m\u00f3vel de vulnerabilidade e que as pessoas s\u00e3o diferentes, o que significa que alguns clientes se tornar\u00e3o vulner\u00e1veis em determinadas circunst\u00e2ncias e que outros n\u00e3o.<\/li>\n\n\n\n<li>A eToro acredita que o bem-estar de qualquer pessoa vulner\u00e1vel \u00e9 crucial; aqueles que est\u00e3o em posi\u00e7\u00e3o vulner\u00e1vel, sem exce\u00e7\u00e3o, possuem o direito \u00e0 prote\u00e7\u00e3o relativamente a abusos, independentemente do g\u00e9nero, etnia, defici\u00eancia, sexualidade ou religi\u00e3o.<\/li>\n\n\n\n<li>A eToro trabalha na base de que cada indiv\u00edduo \u00e9 diferente e que est\u00e1 sujeito a diferentes circunst\u00e2ncias. Isto significa que, tanto quanto poss\u00edvel, a Empresa tratar\u00e1 os indiv\u00edduos de forma apropriada \u00e0s suas necessidades, sempre que poss\u00edvel, com uma abordagem personalizada.<\/li>\n<\/ol>\n\n\n\n<p>Em resposta a vulnerabilidades, a eToro ter\u00e1 em considera\u00e7\u00e3o os v\u00e1rios aspetos da situa\u00e7\u00e3o de um cliente e pode dar passos para monitorizar e apoiar utilizadores, em \u00faltima inst\u00e2ncia para avaliar o n\u00edvel de amea\u00e7a que a sua vulnerabilidade constitui para o futuro da sua experi\u00eancia na eToro.<\/p>\n\n\n\n<p>Em \u00faltima an\u00e1lise, se n\u00e3o conseguirmos garantir um tratamento justo para com os clientes que consideramos vulner\u00e1veis, poderemos n\u00e3o criar uma rela\u00e7\u00e3o com os mesmos. Al\u00e9m disso, quando a vulnerabilidade de um cliente n\u00e3o \u00e9 aparente\/vis\u00edvel de imediato, a informa\u00e7\u00e3o relevada subsequentemente por um cliente pode levar ao t\u00e9rmino de uma rela\u00e7\u00e3o. \u00c9 importante enfatizar que algumas vulnerabilidades s\u00e3o mais vis\u00edveis para n\u00f3s do que outras (idade, por exemplo) e que n\u00e3o somos obrigados a procurar proativamente por vulnerabilidades que s\u00e3o menos vis\u00edveis.<\/p>\n<\/dd><\/div>\n\n\n\n<div class=\"wp-block-etoro-faq-item\"><dt class=\"wp-block-etoro-faq-item-question\">Onde posso procurar ajuda, noutras fontes?<\/dt><dd class=\"wp-block-etoro-faq-item-answer\">\n<p>Os clientes vulner\u00e1veis podem procurar apoio externo nas seguintes organiza\u00e7\u00f5es:<\/p>\n\n\n\n<ul class=\"wp-block-list wp-block-list-circle\">\n<li>Os clientes vulner\u00e1veis com tend\u00eancias suicidas, em estado de depress\u00e3o ou de ansiedade elevada devem contactar a<a href=\"https:\/\/www.samaritans.org\/\" rel=\"noreferrer noopener\" target=\"_blank\">&nbsp;Samaritans<\/a><\/li>\n\n\n\n<li><a href=\"https:\/\/www.moneyhelper.org.uk\/en?source=mas\" target=\"_blank\" rel=\"noreferrer noopener\">MoneyHelper<\/a>&nbsp;(anteriormente conhecida como Money Advice Service);<\/li>\n\n\n\n<li><a href=\"https:\/\/www.citizensadvice.org.uk\/\" target=\"_blank\" rel=\"noreferrer noopener\">Citizens Advice Service<\/a><\/li>\n\n\n\n<li><a href=\"https:\/\/www.mentalhealth.org.uk\/\" target=\"_blank\" rel=\"noreferrer noopener\">Mental Health Foundation<\/a><\/li>\n\n\n\n<li><a href=\"https:\/\/www.mind.org.uk\/\" target=\"_blank\" rel=\"noreferrer noopener\">MIND<\/a><\/li>\n\n\n\n<li><a href=\"https:\/\/nationaldebtline.org\/\" target=\"_blank\" rel=\"noreferrer noopener\">National Debt Helpline<\/a><\/li>\n\n\n\n<li><a href=\"https:\/\/www.stepchange.org\/\" target=\"_blank\" rel=\"noreferrer noopener\">Step Change<\/a><\/li>\n\n\n\n<li><a href=\"https:\/\/www.alzheimers.org.uk\/\" target=\"_blank\" rel=\"noreferrer noopener\">Alzheimer\u2019s Society<\/a><\/li>\n\n\n\n<li><a href=\"https:\/\/www.rnib.org.uk\/\" target=\"_blank\" rel=\"noreferrer noopener\">The Royal National Institute of Blind People (RNIB)<\/a><\/li>\n\n\n\n<li><a href=\"https:\/\/rnid.org.uk\/\" target=\"_blank\" rel=\"noreferrer noopener\">Action on Hearing Loss (RNID)<\/a><\/li>\n<\/ul>\n<\/dd><\/div>\n<\/dl>\n<\/div>\n<\/div>\n<\/div><\/section>\n","protected":false},"excerpt":{"rendered":"<p>Clientes vulner\u00e1veis<\/p>\n","protected":false},"author":75,"featured_media":0,"parent":10606,"menu_order":0,"comment_status":"closed","ping_status":"closed","template":"","meta":{"_acf_changed":false,"inline_featured_image":false,"sticky_cta_settings":"","footnotes":""},"asset_type":[],"class_list":["post-320577","page","type-page","status-publish","hentry"],"acf":[],"yoast_head":"<title>FAQ de Vulnerabilidade de Cliente | eToro<\/title>\n<meta name=\"description\" content=\"Saber mais sobre a vulnerabilidade do cliente, as pol\u00edticas da eToro para apoiar clientes vulner\u00e1veis e outros recursos externos para obter ajuda\" \/>\n<meta name=\"robots\" content=\"index, follow, max-snippet:-1, max-image-preview:large, max-video-preview:-1\" \/>\n<link rel=\"canonical\" href=\"https:\/\/www.etoro.com\/pt-pt\/wp-json\/wp\/v2\/pages\/320577\" \/>\n<meta property=\"og:locale\" content=\"pt_PT\" \/>\n<meta property=\"og:type\" content=\"article\" \/>\n<meta property=\"og:title\" content=\"FAQ de Vulnerabilidade de Cliente | eToro\" \/>\n<meta property=\"og:description\" content=\"Saber mais sobre a vulnerabilidade do cliente, as pol\u00edticas da eToro para apoiar clientes vulner\u00e1veis e outros recursos externos para obter ajuda\" \/>\n<meta property=\"og:url\" content=\"https:\/\/www.etoro.com\/pt-pt\/wp-json\/wp\/v2\/pages\/320577\" \/>\n<meta property=\"og:site_name\" content=\"eToro\" \/>\n<meta property=\"article:publisher\" content=\"https:\/\/www.facebook.com\/eToro\/\" \/>\n<meta property=\"article:modified_time\" content=\"2024-06-13T07:40:59+00:00\" \/>\n<meta property=\"og:image\" content=\"https:\/\/www.etoro.com\/wp-content\/uploads\/2019\/12\/etoro_logo_social_share1.png\" \/>\n\t<meta property=\"og:image:width\" content=\"240\" \/>\n\t<meta property=\"og:image:height\" content=\"240\" \/>\n\t<meta property=\"og:image:type\" content=\"image\/png\" \/>\n<meta name=\"twitter:card\" content=\"summary_large_image\" \/>\n<meta name=\"twitter:site\" content=\"@eToro\" \/>\n<meta name=\"twitter:label1\" content=\"Est. reading time\" \/>\n\t<meta name=\"twitter:data1\" content=\"1 minute\" \/>\n<script type=\"application\/ld+json\" class=\"yoast-schema-graph\">{\"@context\":\"https:\/\/schema.org\",\"@graph\":[{\"@type\":\"WebPage\",\"@id\":\"https:\/\/www.etoro.com\/pt-pt\/customer-service\/vulnerability-program\/\",\"url\":\"https:\/\/www.etoro.com\/pt-pt\/customer-service\/vulnerability-program\/\",\"name\":\"FAQ de Vulnerabilidade de Cliente | eToro\",\"isPartOf\":{\"@id\":\"https:\/\/www.etoro.com\/pt-pt\/#website\"},\"datePublished\":\"2022-01-25T08:03:47+00:00\",\"dateModified\":\"2024-06-13T07:40:59+00:00\",\"description\":\"Saber mais sobre a vulnerabilidade do cliente, as pol\u00edticas da eToro para apoiar clientes vulner\u00e1veis e outros recursos externos para obter ajuda\",\"breadcrumb\":{\"@id\":\"https:\/\/www.etoro.com\/pt-pt\/customer-service\/vulnerability-program\/#breadcrumb\"},\"inLanguage\":\"pt\",\"potentialAction\":[{\"@type\":\"ReadAction\",\"target\":[\"https:\/\/www.etoro.com\/pt-pt\/customer-service\/vulnerability-program\/\"]}]},{\"@type\":\"BreadcrumbList\",\"@id\":\"https:\/\/www.etoro.com\/pt-pt\/customer-service\/vulnerability-program\/#breadcrumb\",\"itemListElement\":[{\"@type\":\"ListItem\",\"position\":1,\"name\":\"In\u00edcio\",\"item\":\"https:\/\/www.etoro.com\/pt-pt\/\"},{\"@type\":\"ListItem\",\"position\":2,\"name\":\"Servi\u00e7o De Cliente\",\"item\":\"https:\/\/www.etoro.com\/pt-pt\/customer-service\/\"},{\"@type\":\"ListItem\",\"position\":3,\"name\":\"Clientes vulner\u00e1veis\"}]},{\"@type\":\"WebSite\",\"@id\":\"https:\/\/www.etoro.com\/pt-pt\/#website\",\"url\":\"https:\/\/www.etoro.com\/pt-pt\/\",\"name\":\"eToro\",\"description\":\"\",\"publisher\":{\"@id\":\"https:\/\/www.etoro.com\/pt-pt\/#organization\"},\"potentialAction\":[{\"@type\":\"SearchAction\",\"target\":{\"@type\":\"EntryPoint\",\"urlTemplate\":\"https:\/\/www.etoro.com\/pt-pt\/?s={search_term_string}\"},\"query-input\":{\"@type\":\"PropertyValueSpecification\",\"valueRequired\":true,\"valueName\":\"search_term_string\"}}],\"inLanguage\":\"pt\"},[]]}<\/script>","yoast_head_json":{"title":"FAQ de Vulnerabilidade de Cliente | eToro","description":"Saber mais sobre a vulnerabilidade do cliente, as pol\u00edticas da eToro para apoiar clientes vulner\u00e1veis e outros recursos externos para obter ajuda","robots":{"index":"index","follow":"follow","max-snippet":"max-snippet:-1","max-image-preview":"max-image-preview:large","max-video-preview":"max-video-preview:-1"},"canonical":"https:\/\/www.etoro.com\/pt-pt\/wp-json\/wp\/v2\/pages\/320577","og_locale":"pt_PT","og_type":"article","og_title":"FAQ de Vulnerabilidade de Cliente | eToro","og_description":"Saber mais sobre a vulnerabilidade do cliente, as pol\u00edticas da eToro para apoiar clientes vulner\u00e1veis e outros recursos externos para obter ajuda","og_url":"https:\/\/www.etoro.com\/pt-pt\/wp-json\/wp\/v2\/pages\/320577","og_site_name":"eToro","article_publisher":"https:\/\/www.facebook.com\/eToro\/","article_modified_time":"2024-06-13T07:40:59+00:00","og_image":[{"width":240,"height":240,"url":"https:\/\/www.etoro.com\/wp-content\/uploads\/2019\/12\/etoro_logo_social_share1.png","type":"image\/png"}],"twitter_card":"summary_large_image","twitter_site":"@eToro","twitter_misc":{"Est. reading time":"1 minute"},"schema":{"@context":"https:\/\/schema.org","@graph":[{"@type":"WebPage","@id":"https:\/\/www.etoro.com\/pt-pt\/customer-service\/vulnerability-program\/","url":"https:\/\/www.etoro.com\/pt-pt\/customer-service\/vulnerability-program\/","name":"FAQ de Vulnerabilidade de Cliente | eToro","isPartOf":{"@id":"https:\/\/www.etoro.com\/pt-pt\/#website"},"datePublished":"2022-01-25T08:03:47+00:00","dateModified":"2024-06-13T07:40:59+00:00","description":"Saber mais sobre a vulnerabilidade do cliente, as pol\u00edticas da eToro para apoiar clientes vulner\u00e1veis e outros recursos externos para obter ajuda","breadcrumb":{"@id":"https:\/\/www.etoro.com\/pt-pt\/customer-service\/vulnerability-program\/#breadcrumb"},"inLanguage":"pt","potentialAction":[{"@type":"ReadAction","target":["https:\/\/www.etoro.com\/pt-pt\/customer-service\/vulnerability-program\/"]}]},{"@type":"BreadcrumbList","@id":"https:\/\/www.etoro.com\/pt-pt\/customer-service\/vulnerability-program\/#breadcrumb","itemListElement":[{"@type":"ListItem","position":1,"name":"In\u00edcio","item":"https:\/\/www.etoro.com\/pt-pt\/"},{"@type":"ListItem","position":2,"name":"Servi\u00e7o De Cliente","item":"https:\/\/www.etoro.com\/pt-pt\/customer-service\/"},{"@type":"ListItem","position":3,"name":"Clientes vulner\u00e1veis"}]},{"@type":"WebSite","@id":"https:\/\/www.etoro.com\/pt-pt\/#website","url":"https:\/\/www.etoro.com\/pt-pt\/","name":"eToro","description":"","publisher":{"@id":"https:\/\/www.etoro.com\/pt-pt\/#organization"},"potentialAction":[{"@type":"SearchAction","target":{"@type":"EntryPoint","urlTemplate":"https:\/\/www.etoro.com\/pt-pt\/?s={search_term_string}"},"query-input":{"@type":"PropertyValueSpecification","valueRequired":true,"valueName":"search_term_string"}}],"inLanguage":"pt"},[]]}},"_links":{"self":[{"href":"https:\/\/www.etoro.com\/pt-pt\/wp-json\/wp\/v2\/pages\/320577"}],"collection":[{"href":"https:\/\/www.etoro.com\/pt-pt\/wp-json\/wp\/v2\/pages"}],"about":[{"href":"https:\/\/www.etoro.com\/pt-pt\/wp-json\/wp\/v2\/types\/page"}],"author":[{"embeddable":true,"href":"https:\/\/www.etoro.com\/pt-pt\/wp-json\/wp\/v2\/users\/75"}],"replies":[{"embeddable":true,"href":"https:\/\/www.etoro.com\/pt-pt\/wp-json\/wp\/v2\/comments?post=320577"}],"version-history":[{"count":0,"href":"https:\/\/www.etoro.com\/pt-pt\/wp-json\/wp\/v2\/pages\/320577\/revisions"}],"up":[{"embeddable":true,"href":"https:\/\/www.etoro.com\/pt-pt\/wp-json\/wp\/v2\/pages\/10606"}],"wp:attachment":[{"href":"https:\/\/www.etoro.com\/pt-pt\/wp-json\/wp\/v2\/media?parent=320577"}],"wp:term":[{"taxonomy":"asset_type","embeddable":true,"href":"https:\/\/www.etoro.com\/pt-pt\/wp-json\/wp\/v2\/asset_type?post=320577"}],"curies":[{"name":"wp","href":"https:\/\/api.w.org\/{rel}","templated":true}]}}