{"id":336053,"date":"2021-08-18T09:54:03","date_gmt":"2021-08-18T06:54:03","guid":{"rendered":"https:\/\/www.etoro.com\/customer-service\/regulation-license\/aus-risk-warning\/"},"modified":"2022-02-28T10:42:39","modified_gmt":"2022-02-28T08:42:39","slug":"aus-risk-warning","status":"publish","type":"page","link":"https:\/\/www.etoro.com\/pt-pt\/customer-service\/regulation-license\/aus-risk-warning\/","title":{"rendered":"Regulamento da AUS &#8211; Isen\u00e7\u00f5es de responsabilidade e avisos de risco"},"content":{"rendered":"<h2><b>Isen\u00e7\u00e3o Total de Responsabilidade relativa aos CFD<\/b><\/h2>\n<p>eToro AUS Capital Ltd ACN 612 791 803 AFSL 491139. Os Derivados OTC s\u00e3o produtos financeiros alavancados. A negocia\u00e7\u00e3o de Derivados OTC n\u00e3o resulta na titularidade dos ativos subjacentes. A negocia\u00e7\u00e3o de Derivados OTC comporta um n\u00edvel de risco elevado e pode resultar na perda total do seu investimento. Por este motivo, os Derivados OTC poder\u00e3o n\u00e3o ser adequados a todos os investidores. N\u00e3o deve investir capital que n\u00e3o possa arriscar-se a perder. Antes de decidir negociar, dever\u00e1 procurar aconselhamento de um consultor financeiro independente e devidamente licenciado e assegurar-se de que disp\u00f5e da apet\u00eancia pelo risco e da experi\u00eancia e conhecimentos relevantes. Estas informa\u00e7\u00f5es apenas t\u00eam uma natureza generalista e foram preparadas sem levar em considera\u00e7\u00e3o os seus objetivos, situa\u00e7\u00e3o financeira ou necessidades. Antes de decidir se pretende negociar connosco, dever\u00e1 obter aconselhamento independente e considerar a nossa Declara\u00e7\u00e3o de Divulga\u00e7\u00e3o do Produto (<a href=\"https:\/\/www.etoro.com\/pt-pt\/customer-service\/terms-conditions\/\">PDS<\/a>, &#8216;Product Disclosure Statement&#8217;) e Determina\u00e7\u00e3o do Mercado Alvo (<a href=\"https:\/\/www.etoro.com\/pt-pt\/customer-service\/regulation-license\/aus-risk-warning\/\">TMD<\/a>, &#8216;Target Market Determination&#8217;).<\/p>\n<h2><b>Isen\u00e7\u00e3o Total de Responsabilidade relativa \u00e0s A\u00e7\u00f5es\u00a0<\/b><\/h2>\n<p>A eToro Service ARSN 637 489 466 \u00e9 operada pela eToro Asset Management Limited ABN 51 122 005 396 AFSL 319 738 e promovida pela eToro AUS Capital Limited ACN 612 791 803 AFSL 491139.\u00a0 O investimento em a\u00e7\u00f5es atrav\u00e9s de um regime de investimento gerido n\u00e3o resulta na propriedade direta dos ativos subjacentes. O regime tem propriedade legal; o investidor tem propriedade efetiva, ou seja, as a\u00e7\u00f5es s\u00e3o detidas em seu nome.\u00a0 Como o regime tem propriedade legal, voc\u00ea n\u00e3o tem nenhum direito sobre os t\u00edtulos, incluindo direitos de voto. As a\u00e7\u00f5es n\u00e3o s\u00e3o transfer\u00edveis. O seu capital est\u00e1 em risco. Antes de efetuar transa\u00e7\u00f5es, consulte a Declara\u00e7\u00e3o de Divulga\u00e7\u00e3o do Produto (<a href=\"https:\/\/www.etoro.com\/pt-pt\/customer-service\/terms-conditions\/\">PDS<\/a>) e Determina\u00e7\u00e3o do Mercado Alvo (<a href=\"https:\/\/www.etoro.com\/pt-pt\/customer-service\/regulation-license\/aus-risk-warning\/\">TMD<\/a>).<\/p>\n<h2><b>Isen\u00e7\u00e3o Total de Responsabilidade relativa \u00e0s Criptomoedas\u00a0<\/b><\/h2>\n<p>eToro AUS Capital Limited ACN 612 791 803 AFSL 491139. A negocia\u00e7\u00e3o de criptoativos n\u00e3o est\u00e1 regulamentada e \u00e9 altamente especulativa. N\u00e3o existe prote\u00e7\u00e3o ao consumidor.\u00a0 Arrisca-se a perder todo o seu capital. Consulte os nossos <a href=\"https:\/\/www.etoro.com\/pt-pt\/customer-service\/terms-conditions\/\">Termos e Condi\u00e7\u00f5es<\/a>.<\/p>\n<h2><b>Isen\u00e7\u00e3o Total de Responsabilidade relativa ao CopyTrade\u00a0<\/b><\/h2>\n<p>eToro AUS Capital Ltd. ACN 612 791 803 AFSL 491139. Negocia\u00e7\u00e3o Social. Negociar com a eToro, seguindo e\/ou copiando ou replicando as posi\u00e7\u00f5es de outros negociadores comporta um n\u00edvel de risco elevado, mesmo quando se seguem e\/ou copiam ou replicam os negociadores com melhor desempenho. Tais riscos incluem o risco de poder estar a seguir\/copiar as decis\u00f5es de negocia\u00e7\u00e3o de negociadores possivelmente inexperientes\/n\u00e3o profissionais ou de negociadores cujo objetivo final, inten\u00e7\u00e3o ou situa\u00e7\u00e3o financeira possa diferir dos seus. A eToro n\u00e3o aprova ou endossa nenhuma das contas de negocia\u00e7\u00e3o que os clientes possam optar por copiar. Todas as instru\u00e7\u00f5es e a\u00e7\u00f5es relacionadas com as posi\u00e7\u00f5es copiadas ser\u00e3o automaticamente replicadas na sua conta, incluindo os &#8216;stop losses&#8217;, &#8216;take profits&#8217; e o fecho das posi\u00e7\u00f5es. Ao optar por copiar uma determinada conta de negocia\u00e7\u00e3o, copiar\u00e1 todas as suas futuras posi\u00e7\u00f5es e tamb\u00e9m poder\u00e1 optar por seguir as suas posi\u00e7\u00f5es atuais. A eToro n\u00e3o \u00e9 respons\u00e1vel pelas decis\u00f5es ou a\u00e7\u00f5es tomadas por qualquer negociador que opte por copiar. A eToro pode compensar os negociadores populares da eToro que voc\u00ea ou outros decidam copiar. O desempenho anterior de um Membro da Comunidade da eToro n\u00e3o \u00e9 um indicador fi\u00e1vel do seu desempenho futuro.\u00a0 Antes de efetuar transa\u00e7\u00f5es, consulte a Declara\u00e7\u00e3o de Divulga\u00e7\u00e3o do Produto (<a href=\"https:\/\/www.etoro.com\/pt-pt\/customer-service\/terms-conditions\/\">PDS<\/a>) e Determina\u00e7\u00e3o do Mercado Alvo (<a href=\"https:\/\/www.etoro.com\/pt-pt\/customer-service\/regulation-license\/aus-risk-warning\/\">TMD<\/a>).<\/p>\n<h2><b>Isen\u00e7\u00e3o Total de Responsabilidade relativa aos Smart Portfolios<\/b><\/h2>\n<p>eToro AUS Capital Limited ACN 612 791 803 AFSL 491139. Os Smart Portfolios da eToro agrupam ativos ou negociadores com base num tema ou estrat\u00e9gia predeterminados atrav\u00e9s de ferramentas autom\u00e1ticas, baseadas em algoritmos ou de aprendizagem autom\u00e1tica com intera\u00e7\u00e3o humana limitada ou inexistente. A eToro age como um utilizador principal investindo fundos reais para criar uma carteira para os clientes da eToro copiarem. Os Smart Portfolios n\u00e3o s\u00e3o fundos negociados em bolsa ou de cobertura e n\u00e3o est\u00e3o adaptados aos seus objetivos, situa\u00e7\u00e3o financeira ou necessidades espec\u00edficos.<\/p>\n<p>Os Smart Portfolios podem incluir os Derivados OTC. Os Derivados OTC s\u00e3o produtos financeiros alavancados e considerados especulativos. Os Derivados OTC poder\u00e3o n\u00e3o ser adequados a todos os investidores.<\/p>\n<p>Antes de efetuar transa\u00e7\u00f5es, recomenda-se que obtenha aconselhamento independente e considere a Declara\u00e7\u00e3o de Divulga\u00e7\u00e3o do Produto e Determina\u00e7\u00e3o do Mercado Alvo (<a href=\"https:\/\/www.etoro.com\/pt-pt\/customer-service\/terms-conditions\/\">PDS<\/a> e <a href=\"https:\/\/www.etoro.com\/pt-pt\/customer-service\/regulation-license\/aus-risk-warning\/\">TMD<\/a>).<\/p>\n","protected":false},"excerpt":{"rendered":"<p>Isen\u00e7\u00e3o Total de Responsabilidade relativa aos CFD eToro AUS Capital Ltd ACN 612 791 803 AFSL 491139. Os Derivados OTC s\u00e3o produtos financeiros alavancados. A negocia\u00e7\u00e3o de Derivados OTC n\u00e3o resulta na titularidade dos ativos subjacentes. A negocia\u00e7\u00e3o de Derivados OTC comporta um n\u00edvel de risco elevado e pode resultar na perda total do seu&hellip;<\/p>\n","protected":false},"author":75,"featured_media":0,"parent":10722,"menu_order":0,"comment_status":"closed","ping_status":"closed","template":"","meta":{"_acf_changed":false,"inline_featured_image":false,"sticky_cta_settings":"","footnotes":""},"asset_type":[],"class_list":["post-336053","page","type-page","status-publish","hentry"],"acf":[],"yoast_head":"<title>Regulamenta\u00e7\u00e3o AUS - Avisos e Declara\u00e7\u00f5es de Risco | eToro<\/title>\n<meta name=\"description\" content=\"A eToro oferece v\u00e1rios servi\u00e7os financeiros ao abrigo da regulamenta\u00e7\u00e3o AUS. Leia sobre os avisos e declara\u00e7\u00f5es de risco para cada servi\u00e7o oferecido.\" \/>\n<meta name=\"robots\" content=\"index, follow, max-snippet:-1, max-image-preview:large, max-video-preview:-1\" \/>\n<link rel=\"canonical\" href=\"https:\/\/www.etoro.com\/pt-pt\/wp-json\/wp\/v2\/pages\/336053\" \/>\n<meta property=\"og:locale\" content=\"pt_PT\" \/>\n<meta property=\"og:type\" content=\"article\" \/>\n<meta property=\"og:title\" content=\"Regulamenta\u00e7\u00e3o AUS - Avisos e Declara\u00e7\u00f5es de Risco | eToro\" \/>\n<meta property=\"og:description\" content=\"A eToro oferece v\u00e1rios servi\u00e7os financeiros ao abrigo da regulamenta\u00e7\u00e3o AUS. Leia sobre os avisos e declara\u00e7\u00f5es de risco para cada servi\u00e7o oferecido.\" \/>\n<meta property=\"og:url\" content=\"https:\/\/www.etoro.com\/pt-pt\/wp-json\/wp\/v2\/pages\/336053\" \/>\n<meta property=\"og:site_name\" content=\"eToro\" \/>\n<meta property=\"article:publisher\" content=\"https:\/\/www.facebook.com\/eToro\/\" \/>\n<meta property=\"article:modified_time\" content=\"2022-02-28T08:42:39+00:00\" \/>\n<meta property=\"og:image\" content=\"https:\/\/www.etoro.com\/wp-content\/uploads\/2019\/12\/etoro_logo_social_share1.png\" \/>\n\t<meta property=\"og:image:width\" content=\"240\" \/>\n\t<meta property=\"og:image:height\" content=\"240\" \/>\n\t<meta property=\"og:image:type\" content=\"image\/png\" \/>\n<meta name=\"twitter:card\" content=\"summary_large_image\" \/>\n<meta name=\"twitter:site\" content=\"@eToro\" \/>\n<meta name=\"twitter:label1\" content=\"Est. reading time\" \/>\n\t<meta name=\"twitter:data1\" content=\"4 minutes\" \/>\n<script type=\"application\/ld+json\" class=\"yoast-schema-graph\">{\"@context\":\"https:\/\/schema.org\",\"@graph\":[{\"@type\":\"WebPage\",\"@id\":\"https:\/\/www.etoro.com\/pt-pt\/customer-service\/regulation-license\/aus-risk-warning\/\",\"url\":\"https:\/\/www.etoro.com\/pt-pt\/customer-service\/regulation-license\/aus-risk-warning\/\",\"name\":\"Regulamenta\u00e7\u00e3o AUS - Avisos e Declara\u00e7\u00f5es de Risco | eToro\",\"isPartOf\":{\"@id\":\"https:\/\/www.etoro.com\/pt-pt\/#website\"},\"datePublished\":\"2021-08-18T06:54:03+00:00\",\"dateModified\":\"2022-02-28T08:42:39+00:00\",\"description\":\"A eToro oferece v\u00e1rios servi\u00e7os financeiros ao abrigo da regulamenta\u00e7\u00e3o AUS. Leia sobre os avisos e declara\u00e7\u00f5es de risco para cada servi\u00e7o oferecido.\",\"breadcrumb\":{\"@id\":\"https:\/\/www.etoro.com\/pt-pt\/customer-service\/regulation-license\/aus-risk-warning\/#breadcrumb\"},\"inLanguage\":\"pt\",\"potentialAction\":[{\"@type\":\"ReadAction\",\"target\":[\"https:\/\/www.etoro.com\/pt-pt\/customer-service\/regulation-license\/aus-risk-warning\/\"]}]},{\"@type\":\"BreadcrumbList\",\"@id\":\"https:\/\/www.etoro.com\/pt-pt\/customer-service\/regulation-license\/aus-risk-warning\/#breadcrumb\",\"itemListElement\":[{\"@type\":\"ListItem\",\"position\":1,\"name\":\"In\u00edcio\",\"item\":\"https:\/\/www.etoro.com\/pt-pt\/\"},{\"@type\":\"ListItem\",\"position\":2,\"name\":\"Servi\u00e7o De Cliente\",\"item\":\"https:\/\/www.etoro.com\/pt-pt\/customer-service\/\"},{\"@type\":\"ListItem\",\"position\":3,\"name\":\"Regula\u00e7\u00e3o e licen\u00e7a\",\"item\":\"https:\/\/www.etoro.com\/pt-pt\/customer-service\/regulation-license\/\"},{\"@type\":\"ListItem\",\"position\":4,\"name\":\"Regulamento da AUS &#8211; Isen\u00e7\u00f5es de responsabilidade e avisos de risco\"}]},{\"@type\":\"WebSite\",\"@id\":\"https:\/\/www.etoro.com\/pt-pt\/#website\",\"url\":\"https:\/\/www.etoro.com\/pt-pt\/\",\"name\":\"eToro\",\"description\":\"\",\"publisher\":{\"@id\":\"https:\/\/www.etoro.com\/pt-pt\/#organization\"},\"potentialAction\":[{\"@type\":\"SearchAction\",\"target\":{\"@type\":\"EntryPoint\",\"urlTemplate\":\"https:\/\/www.etoro.com\/pt-pt\/?s={search_term_string}\"},\"query-input\":{\"@type\":\"PropertyValueSpecification\",\"valueRequired\":true,\"valueName\":\"search_term_string\"}}],\"inLanguage\":\"pt\"},[]]}<\/script>","yoast_head_json":{"title":"Regulamenta\u00e7\u00e3o AUS - Avisos e Declara\u00e7\u00f5es de Risco | eToro","description":"A eToro oferece v\u00e1rios servi\u00e7os financeiros ao abrigo da regulamenta\u00e7\u00e3o AUS. Leia sobre os avisos e declara\u00e7\u00f5es de risco para cada servi\u00e7o oferecido.","robots":{"index":"index","follow":"follow","max-snippet":"max-snippet:-1","max-image-preview":"max-image-preview:large","max-video-preview":"max-video-preview:-1"},"canonical":"https:\/\/www.etoro.com\/pt-pt\/wp-json\/wp\/v2\/pages\/336053","og_locale":"pt_PT","og_type":"article","og_title":"Regulamenta\u00e7\u00e3o AUS - Avisos e Declara\u00e7\u00f5es de Risco | eToro","og_description":"A eToro oferece v\u00e1rios servi\u00e7os financeiros ao abrigo da regulamenta\u00e7\u00e3o AUS. Leia sobre os avisos e declara\u00e7\u00f5es de risco para cada servi\u00e7o oferecido.","og_url":"https:\/\/www.etoro.com\/pt-pt\/wp-json\/wp\/v2\/pages\/336053","og_site_name":"eToro","article_publisher":"https:\/\/www.facebook.com\/eToro\/","article_modified_time":"2022-02-28T08:42:39+00:00","og_image":[{"width":240,"height":240,"url":"https:\/\/www.etoro.com\/wp-content\/uploads\/2019\/12\/etoro_logo_social_share1.png","type":"image\/png"}],"twitter_card":"summary_large_image","twitter_site":"@eToro","twitter_misc":{"Est. reading time":"4 minutes"},"schema":{"@context":"https:\/\/schema.org","@graph":[{"@type":"WebPage","@id":"https:\/\/www.etoro.com\/pt-pt\/customer-service\/regulation-license\/aus-risk-warning\/","url":"https:\/\/www.etoro.com\/pt-pt\/customer-service\/regulation-license\/aus-risk-warning\/","name":"Regulamenta\u00e7\u00e3o AUS - Avisos e Declara\u00e7\u00f5es de Risco | eToro","isPartOf":{"@id":"https:\/\/www.etoro.com\/pt-pt\/#website"},"datePublished":"2021-08-18T06:54:03+00:00","dateModified":"2022-02-28T08:42:39+00:00","description":"A eToro oferece v\u00e1rios servi\u00e7os financeiros ao abrigo da regulamenta\u00e7\u00e3o AUS. Leia sobre os avisos e declara\u00e7\u00f5es de risco para cada servi\u00e7o oferecido.","breadcrumb":{"@id":"https:\/\/www.etoro.com\/pt-pt\/customer-service\/regulation-license\/aus-risk-warning\/#breadcrumb"},"inLanguage":"pt","potentialAction":[{"@type":"ReadAction","target":["https:\/\/www.etoro.com\/pt-pt\/customer-service\/regulation-license\/aus-risk-warning\/"]}]},{"@type":"BreadcrumbList","@id":"https:\/\/www.etoro.com\/pt-pt\/customer-service\/regulation-license\/aus-risk-warning\/#breadcrumb","itemListElement":[{"@type":"ListItem","position":1,"name":"In\u00edcio","item":"https:\/\/www.etoro.com\/pt-pt\/"},{"@type":"ListItem","position":2,"name":"Servi\u00e7o De Cliente","item":"https:\/\/www.etoro.com\/pt-pt\/customer-service\/"},{"@type":"ListItem","position":3,"name":"Regula\u00e7\u00e3o e licen\u00e7a","item":"https:\/\/www.etoro.com\/pt-pt\/customer-service\/regulation-license\/"},{"@type":"ListItem","position":4,"name":"Regulamento da AUS &#8211; Isen\u00e7\u00f5es de responsabilidade e avisos de risco"}]},{"@type":"WebSite","@id":"https:\/\/www.etoro.com\/pt-pt\/#website","url":"https:\/\/www.etoro.com\/pt-pt\/","name":"eToro","description":"","publisher":{"@id":"https:\/\/www.etoro.com\/pt-pt\/#organization"},"potentialAction":[{"@type":"SearchAction","target":{"@type":"EntryPoint","urlTemplate":"https:\/\/www.etoro.com\/pt-pt\/?s={search_term_string}"},"query-input":{"@type":"PropertyValueSpecification","valueRequired":true,"valueName":"search_term_string"}}],"inLanguage":"pt"},[]]}},"_links":{"self":[{"href":"https:\/\/www.etoro.com\/pt-pt\/wp-json\/wp\/v2\/pages\/336053"}],"collection":[{"href":"https:\/\/www.etoro.com\/pt-pt\/wp-json\/wp\/v2\/pages"}],"about":[{"href":"https:\/\/www.etoro.com\/pt-pt\/wp-json\/wp\/v2\/types\/page"}],"author":[{"embeddable":true,"href":"https:\/\/www.etoro.com\/pt-pt\/wp-json\/wp\/v2\/users\/75"}],"replies":[{"embeddable":true,"href":"https:\/\/www.etoro.com\/pt-pt\/wp-json\/wp\/v2\/comments?post=336053"}],"version-history":[{"count":0,"href":"https:\/\/www.etoro.com\/pt-pt\/wp-json\/wp\/v2\/pages\/336053\/revisions"}],"up":[{"embeddable":true,"href":"https:\/\/www.etoro.com\/pt-pt\/wp-json\/wp\/v2\/pages\/10722"}],"wp:attachment":[{"href":"https:\/\/www.etoro.com\/pt-pt\/wp-json\/wp\/v2\/media?parent=336053"}],"wp:term":[{"taxonomy":"asset_type","embeddable":true,"href":"https:\/\/www.etoro.com\/pt-pt\/wp-json\/wp\/v2\/asset_type?post=336053"}],"curies":[{"name":"wp","href":"https:\/\/api.w.org\/{rel}","templated":true}]}}