{"id":348127,"date":"2022-01-12T16:12:15","date_gmt":"2022-01-12T14:12:15","guid":{"rendered":"https:\/\/www.etoro.com\/investing\/financial-independence\/"},"modified":"2025-10-16T15:23:12","modified_gmt":"2025-10-16T12:23:12","slug":"financial-independence","status":"publish","type":"page","link":"https:\/\/www.etoro.com\/pt-pt\/investing\/financial-independence\/","title":{"rendered":"Guia de independ\u00eancia financeira"},"content":{"rendered":"\n<p>&nbsp;<\/p>\n\n\n\n<p>Muitas pessoas sonham com a independ\u00eancia financeira. Afinal, quem \u00e9 que n\u00e3o gostaria de se reformar mais cedo, viajar pelo mundo e n\u00e3o ter que se preocupar em ter dinheiro suficiente para pagar tudo o que precisa? A liberdade financeira \u00e9 \u00f3tima. Mas o que \u00e9 realmente necess\u00e1rio para se tornar financeiramente independente? \u00c9 mesmo poss\u00edvel?<\/p>\n\n\n\n<h2 class=\"wp-block-heading\">\u00cdndice<\/h2>\n\n\n\n<h3 class=\"wp-block-heading\"><a href=\"#financial-independence\">O que \u00e9 a independ\u00eancia financeira?<\/a><\/h3>\n\n\n\n<h3 class=\"wp-block-heading\"><a href=\"#achieve-financial-independence\">\u00c9 poss\u00edvel alcan\u00e7ar a independ\u00eancia financeira?<\/a><\/h3>\n\n\n\n<h3 class=\"wp-block-heading\"><a href=\"#five-levels-financial-independence\">Cinco n\u00edveis de independ\u00eancia financeira<\/a><\/h3>\n\n\n\n<h3 class=\"wp-block-heading\"><a href=\"#getting-practical\">Ficando pr\u00e1tico<\/a><\/h3>\n\n\n\n<h3 class=\"wp-block-heading\"><a href=\"#how-to-retire-early\">Como se reformar mais cedo<\/a><\/h3>\n\n\n\n<h3 class=\"wp-block-heading\"><a id=\"financial-independence\"><\/a><a href=\"#fire-method-early-retirement\">Qual \u00e9 o m\u00e9todo FIRE para a reforma antecipada?<\/a><\/h3>\n\n\n\n<h3 class=\"wp-block-heading\"><a href=\"#fire-investment-types\">Tipos de investimento FIRE<\/a><\/h3>\n\n\n\n<h3 class=\"wp-block-heading\"><a href=\"#invest-wisely-for-financial-independence\">Invista sabiamente para a independ\u00eancia financeira<\/a><\/h3>\n\n\n\n<h2 class=\"wp-block-heading\">O que \u00e9 a independ\u00eancia financeira?<\/h2>\n\n\n\n<p><a id=\"achieve-financial-independence\"><\/a>Na pr\u00e1tica, a independ\u00eancia financeira pode significar algo um pouco diferente de pessoa para pessoa, dependendo at\u00e9 certo ponto do estilo de vida desejado. Algumas pessoas sentem-se confort\u00e1veis com um estilo de vida minimalista, outros necessitam de carros de luxo e grandes im\u00f3veis para se sentirem \u201cfinanceiramente livres\u201d. No entanto, o conceito b\u00e1sico de independ\u00eancia financeira permanece o mesmo: quando um indiv\u00edduo tem as suas pr\u00f3prias finan\u00e7as sob controlo, decide como pode criar as suas pr\u00f3prias fontes de rendimento, independentemente da entidade patronal, do governo ou de outras entidades externas.<\/p>\n\n\n\n<h2 class=\"wp-block-heading\">\u00c9 poss\u00edvel alcan\u00e7ar a independ\u00eancia financeira?<\/h2>\n\n\n\n<p><a id=\"five-levels-financial-independence\"><\/a>A independ\u00eancia financeira \u00e9 um objetivo digno de qualquer pessoa, e tamb\u00e9m pode ser visto como um processo ben\u00e9fico por si s\u00f3. Isso ocorre porque existe um espectro, que varia de financeiramente dependente a financeiramente independente, ao longo do qual as pessoas progridem em dire\u00e7\u00e3o ao destino final da liberdade financeira. N\u00e3o \u00e9 tudo ou nada. Cada n\u00edvel tem os seus benef\u00edcios, e quanto mais avan\u00e7ar neste espectro em dire\u00e7\u00e3o ao seu objetivo, mais esses benef\u00edcios podem afetar cumulativamente a sua vida cotidiana de maneira positiva.<\/p>\n\n\n\n<h2 class=\"wp-block-heading\">Cinco n\u00edveis de independ\u00eancia financeira<\/h2>\n\n\n\n<figure class=\"wp-block-image aligncenter\"><img loading=\"lazy\" decoding=\"async\" width=\"470\" height=\"600\" src=\"https:\/\/www.etoro.com\/wp-content\/uploads\/2022\/01\/Five-levels-of-financial-independence.png\" alt=\"Cinco n\u00edveis de independ\u00eancia financeira\" class=\"wp-image-312468 wp-image-desktop\" srcset=\"https:\/\/www.etoro.com\/wp-content\/uploads\/2022\/01\/Five-levels-of-financial-independence.png 470w, https:\/\/www.etoro.com\/wp-content\/uploads\/2022\/01\/Five-levels-of-financial-independence-235x300.png 235w\" sizes=\"(max-width: 470px) 100vw, 470px\" \/><\/figure>\n\n\n\n<p><\/p>\n\n\n\n<h3 class=\"wp-block-heading\">Financeiramente dependente<\/h3>\n\n\n\n<p>\u00c9 quando as suas despesas s\u00e3o maiores do que a sua renda e, portanto, voc\u00ea est\u00e1 de uma forma ou de outra dependente de algu\u00e9m ou de outra coisa para ajud\u00e1-lo. Este \u00e9 o n\u00edvel em que todos n\u00f3s come\u00e7amos, e \u00e0s vezes \u00e9 chamado de n\u00edvel zero \u2013 j\u00e1 que algu\u00e9m que financeiramente dependente n\u00e3o tem independ\u00eancia financeira.<\/p>\n\n\n\n<h3 class=\"wp-block-heading\">Financeiramente Solvente<\/h3>\n\n\n\n<p>O seu rendimento \u00e9 suficiente para que voc\u00ea possa pagar as suas obriga\u00e7\u00f5es financeiras sem qualquer ajuda externa para cobrir despesas regulares.<\/p>\n\n\n\n<h3 class=\"wp-block-heading\">Financeiramente est\u00e1vel<\/h3>\n\n\n\n<p>Assim que conseguir pagar as suas obriga\u00e7\u00f5es financeiras de forma consistente, o pr\u00f3ximo passo \u00e9 come\u00e7ar a poupar. A estabilidade financeira geralmente \u00e9 alcan\u00e7ada quando voc\u00ea cria um fundo de emerg\u00eancia \u2013 mas ainda n\u00e3o come\u00e7ou a poupar dinheiro a longo prazo. Tamb\u00e9m poder\u00e1 ter alguma d\u00edvida, como um empr\u00e9stimo de estudante ou hipoteca.<\/p>\n\n\n\n<h3 class=\"wp-block-heading\">Financeiramente seguro<\/h3>\n\n\n\n<p>A seguran\u00e7a financeira \u00e9 alcan\u00e7ada quando o seu rendimento pode pagar facilmente todas as despesas b\u00e1sicas de vida e, para al\u00e9m disso, tamb\u00e9m permite que voc\u00ea permane\u00e7a \u00e0 tona temporariamente, se necess\u00e1rio, como por exemplo, se perder o emprego e precisar de procurar um novo. Esta \u00e9 a altura de se livrar de quaisquer d\u00edvidas com juros altos, para que possa come\u00e7ar a concentrar-se na constru\u00e7\u00e3o de uma base s\u00f3lida de investimentos que o levar\u00e1 ao pr\u00f3ximo n\u00edvel.<\/p>\n\n\n\n<h3 class=\"wp-block-heading\"><a id=\"getting-practical\"><\/a>Financeiramente independente<\/h3>\n\n\n\n<p>Neste momento, n\u00e3o depende apenas do seu rendimento para pagar as suas despesas. Fez <a href=\"https:\/\/www.etoro.com\/pt-pt\/investing\/portfolios\/\">investimentos a longo prazo<\/a>&nbsp; e est\u00e1veis que est\u00e3o a pagar dividendos que permitem que voc\u00ea continue a construir a sua riqueza. Esses lucros de investimento s\u00e3o suficientes para cobrir o estilo de vida desejado, seja ele qual for.<\/p>\n\n\n\n<h2 class=\"wp-block-heading\">Sendo Pr\u00e1tico<\/h2>\n\n\n\n<p>Existem, provavelmente tantas abordagens para alcan\u00e7ar a independ\u00eancia financeira quanto pessoas. Isso acontece porque as necessidades e os n\u00edveis de conforto variam de pessoa para pessoa. Mas todas as abordagens podem ser divididas em duas categorias b\u00e1sicas: redu\u00e7\u00e3o de despesas e aumento de receitas. A maioria das estrat\u00e9gias para obter independ\u00eancia financeira combinar\u00e1 abordagens de cada uma destas categorias para maximizar o progresso e minimizar o prazo. Isto trata-se simplesmente de bom senso, pois quanto maior for o seu rendimento e menores as suas despesas, mais r\u00e1pido poder\u00e1 alcan\u00e7ar a independ\u00eancia financeira.<\/p>\n\n\n\n<p>Exemplos de redu\u00e7\u00e3o de despesas incluem um or\u00e7amento mais rigoroso e redu\u00e7\u00e3o da d\u00edvida. A triste realidade \u00e9 que muitas fam\u00edlias hoje est\u00e3o a usar cr\u00e9dito para viver al\u00e9m das suas possibilidades, um h\u00e1bito que precisa ser resolvido antes de definir qualquer meta de independ\u00eancia financeira de forma realista. Viver um estilo de vida mais frugal e acompanhar as despesas de forma consistente geralmente \u00e9 necess\u00e1rio para manter as despesas b\u00e1sicas sob controlo. Se, como muitas pessoas, est\u00e1 a pagar altas taxas de juros sobre d\u00edvidas, provavelmente faz sentido criar uma estrat\u00e9gia de pagamento de d\u00edvidas antes de se concentrar em investimentos a longo prazo.<\/p>\n\n\n\n<p><a id=\"how-to-retire-early\"><\/a>Investir, seja em a\u00e7\u00f5es, im\u00f3veis ou neg\u00f3cios, \u00e9 um exemplo de aumento do rendimento \u2013 e, de facto, \u00e9 improv\u00e1vel que a independ\u00eancia financeira possa ser alcan\u00e7ada sem isso. Aumentar o seu rendimento \u00e9 outra abordagem, seja como funcion\u00e1rio ou propriet\u00e1rio de um neg\u00f3cio. Isto pode incluir uma promo\u00e7\u00e3o de emprego, aumentar as suas habilidades profissionais para cobrar taxas mais altas ou expandir para novos nichos de neg\u00f3cios.<\/p>\n\n\n\n<p>Cada uma dessas abordagens requer dedica\u00e7\u00e3o e criatividade. A independ\u00eancia financeira \u00e9 certamente algo que todos gostariam de alcan\u00e7ar, mas somente ao tomar medidas pr\u00e1ticas conseguir\u00e1 progredir em dire\u00e7\u00e3o ao seu objetivo.<\/p>\n\n\n\n<h2 class=\"wp-block-heading\">Como se reformar mais cedo<\/h2>\n\n\n\n<figure class=\"wp-block-image aligncenter\"><img loading=\"lazy\" decoding=\"async\" width=\"615\" height=\"562\" src=\"https:\/\/www.etoro.com\/wp-content\/uploads\/2022\/01\/How-to-retire-early.png\" alt=\"Como se reformar mais cedo\" class=\"wp-image-312444 wp-image-desktop\" srcset=\"https:\/\/www.etoro.com\/wp-content\/uploads\/2022\/01\/How-to-retire-early.png 615w, https:\/\/www.etoro.com\/wp-content\/uploads\/2022\/01\/How-to-retire-early-300x274.png 300w\" sizes=\"(max-width: 615px) 100vw, 615px\" \/><\/figure>\n\n\n\n<p><\/p>\n\n\n\n<p>Nos \u00faltimos anos, o termo \u201cindepend\u00eancia financeira\u201d passou a significar reforma antecipada \u2013 quando voc\u00ea pode parar de trabalhar ainda jovem. Para algumas pessoas, o objetivo \u00e9 reformarem-se na casa dos quarenta, ou talvez at\u00e9 mais cedo. O n\u00edvel em que algu\u00e9m \u00e9 capaz de se reformar completamente tamb\u00e9m pode ser chamado de liberdade financeira.<\/p>\n\n\n\n<p><a id=\"fire-method-early-retirement\"><\/a>Mais uma vez, existem muitas abordagens e estrat\u00e9gias diferentes para se reformar mais cedo. Mas o primeiro passo \u00e9 descobrir quanto dinheiro precisa para se reformar mais cedo e manter o estilo de vida desejado. Embora existam muitos fatores pessoais que podem influenciar esse n\u00famero, uma calculadora de reforma online pode ser \u00fatil para fornecer uma estimativa inicial aproximada. Mas, de acordo com o m\u00e9todo FIRE, que abordaremos a seguir,&nbsp; precisa de acumular um patrim\u00f3nio l\u00edquido de 25 vezes os seus gastos anuais estimados para atingir esse n\u00edvel de independ\u00eancia financeira.<\/p>\n\n\n\n<h2 class=\"wp-block-heading\">Qual \u00e9 o m\u00e9todo FIRE para a reforma antecipada?<\/h2>\n\n\n\n<p>Com base no livro best-seller <a href=\"https:\/\/yourmoneyoryourlife.com\/\" target=\"_blank\" rel=\"noopener\"><i>Your Money or Your Life<\/i><\/a> de Vicki Robin e Joe Dominguez, FIRE significa \u201cIndepend\u00eancia Financeira Reforma Antecipada\u201d. O m\u00e9todo de investimento FIRE envolve basicamente uma poupan\u00e7a extrema \u2013 de 50 a 70% do seu rendimento anual \u2013 e depois o investimento dessa poupan\u00e7a para produzir uma renda passiva. A ideia \u00e9 que, num per\u00edodo relativamente curto, esses investimentos forne\u00e7am dinheiro suficiente para cobrir as despesas de subsist\u00eancia, de modo que a independ\u00eancia financeira, incluindo a reforma, se assim pretender, seja alcan\u00e7ada numa idade mais jovem.<\/p>\n\n\n\n<p>Apenas para colocar isto em perspectiva, a percentagem padr\u00e3o de rendimento anual recomendada pelos planeadores financeiros para poupar normalmente \u00e9 de 10 a 15%. Com uma taxa de poupan\u00e7a de 10%, seriam necess\u00e1rios nove anos de trabalho para poupar um ano de despesas de subsist\u00eancia. Mas com uma taxa de poupan\u00e7a de 50%, demora apenas um ano de trabalho para poupar um ano de despesas de subsist\u00eancia. A <a id=\"fire-investment-types\"><\/a>implementa\u00e7\u00e3o de um curto prazo n\u00e3o requer obviamente pequenos sacrif\u00edcios \u2013 mas os benef\u00edcios acumulados a longo prazo tamb\u00e9m s\u00e3o \u00f3bvios.<\/p>\n\n\n\n<p>O recente aumento da popularidade do movimento FIRE indica que muitos jovens est\u00e3o cansados da incerteza financeira e da \u201ccorrida dos ratos\u201d convencional de trabalhar apenas para pagar as contas \u2013 o suficiente para fazer os sacrif\u00edcios de curto prazo. Tamb\u00e9m coincidiu com uma corrida sustentada no mercado de a\u00e7\u00f5es, que impulionou ainda mais os investimentos dos devotos do FIRE.<\/p>\n\n\n\n<h2 class=\"wp-block-heading\">Tipos de investimento FIRE<\/h2>\n\n\n\n<p>Como em qualquer movimento popular, inevitavelmente ir\u00e3o surgir varia\u00e7\u00f5es \u00e0 medida que as pessoas adaptam a metodologia \u00e0s suas pr\u00f3prias necessidades e estilo de vida. Al\u00e9m do m\u00e9todo FIRE \u201ctradicional\u201d, existem diferentes varia\u00e7\u00f5es cujos adeptos chamam:<\/p>\n\n\n\n<p><b>LeanFIRE:<\/b> Ao planear continuar minimizando as despesas quotidianas abaixo do m\u00e9dio a longo prazo,&nbsp; pode aposentar-se mais cedo do que se estivesse a planear um estilo de vida m\u00e9dio.<\/p>\n\n\n\n<p><b>FatFIRE:<\/b> Em contraste com a varia\u00e7\u00e3o do LeanFIRE, com o FatFIRE&nbsp; planeia ter despesas acima da m\u00e9dia quando chegar \u00e0 reforma precoce.<\/p>\n\n\n\n<p><b>BaristaFIRE:<\/b> Para aqueles cujas poupan\u00e7as extremas parecem bem extremas, considerem esta varia\u00e7\u00e3o como FIRE em part-time. Voc\u00ea est\u00e1 a poupar o suficiente agora para que, mais tarde, n\u00e3o precise de tanto <a id=\"invest-wisely-for-financial-independence\"><\/a>redimento anual do trabalho. Embora n\u00e3o v\u00e1 necessariamente se reformar mais cedo,&nbsp; ter\u00e1 a flexibilidade de optar por n\u00e3o trabalhar em per\u00edodo integral, ou talvez num emprego que pague menos, mas que&nbsp; goste mais.<\/p>\n\n\n\n<p><b>CoastFIRE:<\/b> Aqui o conceito \u00e9 que, ao investir agressivamente desde cedo,&nbsp; planeia n\u00e3o precisar continuar a investir \u2013 eventualmente usando o poder da composi\u00e7\u00e3o para cobrir as suas despesas, tamb\u00e9m conhecido como \u201ccoasting\u201d. Essa varia\u00e7\u00e3o tamb\u00e9m pode ser usada de forma semelhante ao BaristaFIRE, para flexibilidade de trabalho em vez de reforma antecipada.<\/p>\n\n\n\n<h2 class=\"wp-block-heading\">Invista com sabedoria para a independ\u00eancia financeira<\/h2>\n\n\n\n<p>A liberdade de escolher n\u00e3o trabalhar n\u00e3o \u00e9 um sonho imposs\u00edvel. Mas exige disciplina e dedica\u00e7\u00e3o consistentes. Tamb\u00e9m requer a cria\u00e7\u00e3o de rendimento passivo de investimentos inteligentes numa variedade de ativos, como <a href=\"https:\/\/www.etoro.com\/pt-pt\/stocks\/\">a\u00e7\u00f5es<\/a> e <a href=\"https:\/\/www.etoro.com\/pt-pt\/stocks\/investing-in-etfs\/\">ETFs<\/a>, que podem resistir ao teste do tempo e pagar <a href=\"https:\/\/www.etoro.com\/pt-pt\/investing\/dividend-calendar\/\">dividendos<\/a> saud\u00e1veis a longo prazo. Isto tornar-se-\u00e1 no rendimento que financiar\u00e1 a sua vida. Para um futuro seguro, \u00e9 sempre importante tomar essas decis\u00f5es de investimento com sabedoria.<\/p>\n\n\n\n\t\t<style>\n\t\t\t.rtl .etoro-block-shortcode-disclaimer {\n\t\t\t\ttext-align:right;\n\t\t\t}\n\t\t\t.etoro-block-shortcode-disclaimer {\n\t\t\t\tmargin-bottom:18px;\n\t\t\t\ttext-align:left;\n\t\t\t}\n\t\t\t.etoro-block-shortcode-disclaimer p{\n\t\t\t\tfont-size: 12px;\n\t\t\t\tline-height: 18px;\n\t\t\t}\n\t\t\t@media (min-width: 768px) {\n\t\t\t\t.etoro-block-shortcode-disclaimer {\n\t\t\t\t\tmax-width:1176px;\n\t\t\t\t\ttext-align:center;\n\t\t\t\t}\n\t\t\t\t.etoro-block-shortcode-disclaimer p {\n\t\t\t\t\tfont-size: 14px;\n\t\t\t\t\tline-height: 20px;\n\t\t\t\t}\n\t\t\t}\n\t\t<\/style>\n\t\t<div class='etoro-block-shortcode-disclaimer'><p>Esta informa\u00e7\u00e3o \u00e9 apenas para fins educativos e n\u00e3o deve ser tomada como conselho de investimento, recomenda\u00e7\u00e3o pessoal, ou oferta ou solicita\u00e7\u00e3o de compra ou venda de quaisquer instrumentos financeiros.<\/p>\n<p>Este material foi preparado sem ter em conta quaisquer objetivos de investimento ou situa\u00e7\u00e3o financeira particulares e n\u00e3o foi preparado de acordo com os requisitos legais e regulamentares para promover a investiga\u00e7\u00e3o independente.<\/p>\n<p><strong>Nem todos os instrumentos e servi\u00e7os financeiros mencionados s\u00e3o oferecidos pela eToro<\/strong> e quaisquer refer\u00eancias ao desempenho passado de um instrumento financeiro, \u00edndice ou pacote de produtos de investimento n\u00e3o s\u00e3o e n\u00e3o devem ser tomadas como um indicador fi\u00e1vel de resultados futuros. <strong>A disponibilidade de todos os produtos e servi\u00e7os acima mencionados poder\u00e3o variar consoante a jurisdi\u00e7\u00e3o e o pa\u00eds.<\/strong><\/p>\n<p>eToro n\u00e3o faz qualquer representa\u00e7\u00e3o e n\u00e3o assume qualquer responsabilidade quanto \u00e0 exatid\u00e3o ou totalidade do conte\u00fado deste guia. Certifique-se de que compreende os riscos envolvidos na negocia\u00e7\u00e3o antes de comprometer qualquer capital. Nunca arrisque mais do que est\u00e1 preparado para perder.<\/p>\n<\/div>\n","protected":false},"excerpt":{"rendered":"<p>&nbsp; Muitas pessoas sonham com a independ\u00eancia financeira. Afinal, quem \u00e9 que n\u00e3o gostaria de se reformar mais cedo, viajar pelo mundo e n\u00e3o ter que se preocupar em ter dinheiro suficiente para pagar tudo o que precisa? A liberdade financeira \u00e9 \u00f3tima. Mas o que \u00e9 realmente necess\u00e1rio para se tornar financeiramente independente? \u00c9&hellip;<\/p>\n","protected":false},"author":95,"featured_media":1152849,"parent":19768,"menu_order":0,"comment_status":"closed","ping_status":"closed","template":"","meta":{"_acf_changed":true,"inline_featured_image":false,"sticky_cta_settings":"","footnotes":""},"asset_type":[],"class_list":["post-348127","page","type-page","status-publish","has-post-thumbnail","hentry"],"acf":[],"yoast_head":"<title>Guia de independ\u00eancia financeira | eToro<\/title>\n<meta name=\"description\" content=\"O que significa tornar-se financeiramente independente e como isso \u00e9 poss\u00edvel? Guia eToro para liberdade financeira, reforma antecipada, movimento FIRE e muito mais\" \/>\n<meta name=\"robots\" content=\"index, follow, max-snippet:-1, max-image-preview:large, max-video-preview:-1\" \/>\n<link rel=\"canonical\" href=\"https:\/\/www.etoro.com\/pt-pt\/wp-json\/wp\/v2\/pages\/348127\" \/>\n<meta property=\"og:locale\" content=\"pt_PT\" \/>\n<meta property=\"og:type\" content=\"article\" \/>\n<meta property=\"og:title\" content=\"Guia de independ\u00eancia financeira | eToro\" \/>\n<meta property=\"og:description\" content=\"O que significa tornar-se financeiramente independente e como isso \u00e9 poss\u00edvel? Guia eToro para liberdade financeira, reforma antecipada, movimento FIRE e muito mais\" \/>\n<meta property=\"og:url\" content=\"https:\/\/www.etoro.com\/pt-pt\/wp-json\/wp\/v2\/pages\/348127\" \/>\n<meta property=\"og:site_name\" content=\"eToro\" \/>\n<meta property=\"article:publisher\" content=\"https:\/\/www.facebook.com\/eToro\/\" \/>\n<meta property=\"article:modified_time\" content=\"2025-10-16T12:23:12+00:00\" \/>\n<meta property=\"og:image\" content=\"https:\/\/www.etoro.com\/wp-content\/uploads\/2025\/10\/PT-Financial-Independence-1200x630-1.png\" \/>\n\t<meta property=\"og:image:width\" content=\"1200\" \/>\n\t<meta property=\"og:image:height\" content=\"630\" \/>\n\t<meta property=\"og:image:type\" content=\"image\/png\" \/>\n<meta name=\"twitter:card\" content=\"summary_large_image\" \/>\n<meta name=\"twitter:site\" content=\"@eToro\" \/>\n<meta name=\"twitter:label1\" content=\"Est. reading time\" \/>\n\t<meta name=\"twitter:data1\" content=\"8 minutes\" \/>\n<script type=\"application\/ld+json\" class=\"yoast-schema-graph\">{\"@context\":\"https:\/\/schema.org\",\"@graph\":[{\"@type\":\"WebPage\",\"@id\":\"https:\/\/www.etoro.com\/pt-pt\/investing\/financial-independence\/\",\"url\":\"https:\/\/www.etoro.com\/pt-pt\/investing\/financial-independence\/\",\"name\":\"Guia de independ\u00eancia financeira | eToro\",\"isPartOf\":{\"@id\":\"https:\/\/www.etoro.com\/pt-pt\/#website\"},\"primaryImageOfPage\":{\"@id\":\"https:\/\/www.etoro.com\/pt-pt\/investing\/financial-independence\/#primaryimage\"},\"image\":{\"@id\":\"https:\/\/www.etoro.com\/pt-pt\/investing\/financial-independence\/#primaryimage\"},\"thumbnailUrl\":\"https:\/\/www.etoro.com\/wp-content\/uploads\/2025\/10\/PT-Financial-Independence-1200x630-1.png\",\"datePublished\":\"2022-01-12T14:12:15+00:00\",\"dateModified\":\"2025-10-16T12:23:12+00:00\",\"description\":\"O que significa tornar-se financeiramente independente e como isso \u00e9 poss\u00edvel? Guia eToro para liberdade financeira, reforma antecipada, movimento FIRE e muito mais\",\"breadcrumb\":{\"@id\":\"https:\/\/www.etoro.com\/pt-pt\/investing\/financial-independence\/#breadcrumb\"},\"inLanguage\":\"pt\",\"potentialAction\":[{\"@type\":\"ReadAction\",\"target\":[\"https:\/\/www.etoro.com\/pt-pt\/investing\/financial-independence\/\"]}]},{\"@type\":\"ImageObject\",\"inLanguage\":\"pt\",\"@id\":\"https:\/\/www.etoro.com\/pt-pt\/investing\/financial-independence\/#primaryimage\",\"url\":\"https:\/\/www.etoro.com\/wp-content\/uploads\/2025\/10\/PT-Financial-Independence-1200x630-1.png\",\"contentUrl\":\"https:\/\/www.etoro.com\/wp-content\/uploads\/2025\/10\/PT-Financial-Independence-1200x630-1.png\",\"width\":1200,\"height\":630},{\"@type\":\"BreadcrumbList\",\"@id\":\"https:\/\/www.etoro.com\/pt-pt\/investing\/financial-independence\/#breadcrumb\",\"itemListElement\":[{\"@type\":\"ListItem\",\"position\":1,\"name\":\"In\u00edcio\",\"item\":\"https:\/\/www.etoro.com\/pt-pt\/\"},{\"@type\":\"ListItem\",\"position\":2,\"name\":\"Investir\",\"item\":\"https:\/\/www.etoro.com\/pt-pt\/investing\/\"},{\"@type\":\"ListItem\",\"position\":3,\"name\":\"Guia de independ\u00eancia financeira\"}]},{\"@type\":\"WebSite\",\"@id\":\"https:\/\/www.etoro.com\/pt-pt\/#website\",\"url\":\"https:\/\/www.etoro.com\/pt-pt\/\",\"name\":\"eToro\",\"description\":\"\",\"publisher\":{\"@id\":\"https:\/\/www.etoro.com\/pt-pt\/#organization\"},\"potentialAction\":[{\"@type\":\"SearchAction\",\"target\":{\"@type\":\"EntryPoint\",\"urlTemplate\":\"https:\/\/www.etoro.com\/pt-pt\/?s={search_term_string}\"},\"query-input\":{\"@type\":\"PropertyValueSpecification\",\"valueRequired\":true,\"valueName\":\"search_term_string\"}}],\"inLanguage\":\"pt\"},[]]}<\/script>","yoast_head_json":{"title":"Guia de independ\u00eancia financeira | eToro","description":"O que significa tornar-se financeiramente independente e como isso \u00e9 poss\u00edvel? Guia eToro para liberdade financeira, reforma antecipada, movimento FIRE e muito mais","robots":{"index":"index","follow":"follow","max-snippet":"max-snippet:-1","max-image-preview":"max-image-preview:large","max-video-preview":"max-video-preview:-1"},"canonical":"https:\/\/www.etoro.com\/pt-pt\/wp-json\/wp\/v2\/pages\/348127","og_locale":"pt_PT","og_type":"article","og_title":"Guia de independ\u00eancia financeira | eToro","og_description":"O que significa tornar-se financeiramente independente e como isso \u00e9 poss\u00edvel? Guia eToro para liberdade financeira, reforma antecipada, movimento FIRE e muito mais","og_url":"https:\/\/www.etoro.com\/pt-pt\/wp-json\/wp\/v2\/pages\/348127","og_site_name":"eToro","article_publisher":"https:\/\/www.facebook.com\/eToro\/","article_modified_time":"2025-10-16T12:23:12+00:00","og_image":[{"width":1200,"height":630,"url":"https:\/\/www.etoro.com\/wp-content\/uploads\/2025\/10\/PT-Financial-Independence-1200x630-1.png","type":"image\/png"}],"twitter_card":"summary_large_image","twitter_site":"@eToro","twitter_misc":{"Est. reading time":"8 minutes"},"schema":{"@context":"https:\/\/schema.org","@graph":[{"@type":"WebPage","@id":"https:\/\/www.etoro.com\/pt-pt\/investing\/financial-independence\/","url":"https:\/\/www.etoro.com\/pt-pt\/investing\/financial-independence\/","name":"Guia de independ\u00eancia financeira | eToro","isPartOf":{"@id":"https:\/\/www.etoro.com\/pt-pt\/#website"},"primaryImageOfPage":{"@id":"https:\/\/www.etoro.com\/pt-pt\/investing\/financial-independence\/#primaryimage"},"image":{"@id":"https:\/\/www.etoro.com\/pt-pt\/investing\/financial-independence\/#primaryimage"},"thumbnailUrl":"https:\/\/www.etoro.com\/wp-content\/uploads\/2025\/10\/PT-Financial-Independence-1200x630-1.png","datePublished":"2022-01-12T14:12:15+00:00","dateModified":"2025-10-16T12:23:12+00:00","description":"O que significa tornar-se financeiramente independente e como isso \u00e9 poss\u00edvel? Guia eToro para liberdade financeira, reforma antecipada, movimento FIRE e muito mais","breadcrumb":{"@id":"https:\/\/www.etoro.com\/pt-pt\/investing\/financial-independence\/#breadcrumb"},"inLanguage":"pt","potentialAction":[{"@type":"ReadAction","target":["https:\/\/www.etoro.com\/pt-pt\/investing\/financial-independence\/"]}]},{"@type":"ImageObject","inLanguage":"pt","@id":"https:\/\/www.etoro.com\/pt-pt\/investing\/financial-independence\/#primaryimage","url":"https:\/\/www.etoro.com\/wp-content\/uploads\/2025\/10\/PT-Financial-Independence-1200x630-1.png","contentUrl":"https:\/\/www.etoro.com\/wp-content\/uploads\/2025\/10\/PT-Financial-Independence-1200x630-1.png","width":1200,"height":630},{"@type":"BreadcrumbList","@id":"https:\/\/www.etoro.com\/pt-pt\/investing\/financial-independence\/#breadcrumb","itemListElement":[{"@type":"ListItem","position":1,"name":"In\u00edcio","item":"https:\/\/www.etoro.com\/pt-pt\/"},{"@type":"ListItem","position":2,"name":"Investir","item":"https:\/\/www.etoro.com\/pt-pt\/investing\/"},{"@type":"ListItem","position":3,"name":"Guia de independ\u00eancia financeira"}]},{"@type":"WebSite","@id":"https:\/\/www.etoro.com\/pt-pt\/#website","url":"https:\/\/www.etoro.com\/pt-pt\/","name":"eToro","description":"","publisher":{"@id":"https:\/\/www.etoro.com\/pt-pt\/#organization"},"potentialAction":[{"@type":"SearchAction","target":{"@type":"EntryPoint","urlTemplate":"https:\/\/www.etoro.com\/pt-pt\/?s={search_term_string}"},"query-input":{"@type":"PropertyValueSpecification","valueRequired":true,"valueName":"search_term_string"}}],"inLanguage":"pt"},[]]}},"_links":{"self":[{"href":"https:\/\/www.etoro.com\/pt-pt\/wp-json\/wp\/v2\/pages\/348127"}],"collection":[{"href":"https:\/\/www.etoro.com\/pt-pt\/wp-json\/wp\/v2\/pages"}],"about":[{"href":"https:\/\/www.etoro.com\/pt-pt\/wp-json\/wp\/v2\/types\/page"}],"author":[{"embeddable":true,"href":"https:\/\/www.etoro.com\/pt-pt\/wp-json\/wp\/v2\/users\/95"}],"replies":[{"embeddable":true,"href":"https:\/\/www.etoro.com\/pt-pt\/wp-json\/wp\/v2\/comments?post=348127"}],"version-history":[{"count":0,"href":"https:\/\/www.etoro.com\/pt-pt\/wp-json\/wp\/v2\/pages\/348127\/revisions"}],"up":[{"embeddable":true,"href":"https:\/\/www.etoro.com\/pt-pt\/wp-json\/wp\/v2\/pages\/19768"}],"wp:featuredmedia":[{"embeddable":true,"href":"https:\/\/www.etoro.com\/pt-pt\/wp-json\/wp\/v2\/media\/1152849"}],"wp:attachment":[{"href":"https:\/\/www.etoro.com\/pt-pt\/wp-json\/wp\/v2\/media?parent=348127"}],"wp:term":[{"taxonomy":"asset_type","embeddable":true,"href":"https:\/\/www.etoro.com\/pt-pt\/wp-json\/wp\/v2\/asset_type?post=348127"}],"curies":[{"name":"wp","href":"https:\/\/api.w.org\/{rel}","templated":true}]}}