{"id":352260,"date":"2022-03-27T13:52:22","date_gmt":"2022-03-27T10:52:22","guid":{"rendered":"https:\/\/www.etoro.com\/trading\/disruptions\/"},"modified":"2024-08-19T16:14:13","modified_gmt":"2024-08-19T13:14:13","slug":"disruptions","status":"publish","type":"page","link":"https:\/\/www.etoro.com\/pt-pt\/trading\/disruptions\/","title":{"rendered":"Interrup\u00e7\u00f5es na negocia\u00e7\u00e3o"},"content":{"rendered":"<p>&nbsp;<\/p>\n<h1>Interrup\u00e7\u00f5es na negocia\u00e7\u00e3o: O que s\u00e3o, quais as suas causas e como \u00e9 que afetam a sua experi\u00eancia na eToro<\/h1>\n<p>H\u00e1 mais de uma d\u00e9cada, a eToro tem estado no centro da revolu\u00e7\u00e3o das Fintech (Tecnologias Financeiras). Com mais de 25 milh\u00f5es de utilizadores registados, a eToro \u00e9 a principal rede de investimento social do mundo. Na eToro, oferecemos aos nossos utilizadores uma ampla variedade de ativos para negociar e investir.<\/p>\n<p>Embora atualmente investir seja mais f\u00e1cil do que nunca, \u00e0s vezes as coisas n\u00e3o correm exatamente como planeado. Na eToro, tomamos medidas suficientes para assegurar o ambiente mais seguro poss\u00edvel para os nossos utilizadores. Como ocasionalmente ocorrem interrup\u00e7\u00f5es na negocia\u00e7\u00e3o, estamos aqui para explicar o que s\u00e3o e o que pode e n\u00e3o pode fazer quando isto acontece.<\/p>\n<h2>O que s\u00e3o interrup\u00e7\u00f5es na negocia\u00e7\u00e3o?<\/h2>\n<p>Interrup\u00e7\u00f5es na negocia\u00e7\u00e3o s\u00e3o situa\u00e7\u00f5es nas quais os mercados deixam de funcionar regularmente, normalmente definidas por movimentos r\u00e1pidos e extensos no mercado. N\u00e3o h\u00e1 nenhum motivo espec\u00edfico para as interrup\u00e7\u00f5es na negocia\u00e7\u00e3o. Estas podem derivar de negocia\u00e7\u00f5es pouco usuais (como &#8216;crash&#8217; ou &#8216;pump&#8217;) ou amea\u00e7as f\u00edsicas ao mercado de a\u00e7\u00f5es, como uma guerra, por exemplo. N\u00e3o importa qual seja o caso, as interrup\u00e7\u00f5es na negocia\u00e7\u00e3o resultam de condi\u00e7\u00f5es invulgares no mercado, que podem causar o p\u00e2nico e interrup\u00e7\u00f5es na negocia\u00e7\u00e3o.<\/p>\n<p>Ap\u00f3s o &#8216;crash&#8217; do mercado de 1987, foram instalados interruptores, limites de pre\u00e7os e outros sistemas para minimizar os riscos associados a interrup\u00e7\u00f5es nas negocia\u00e7\u00f5es. Estes sistemas t\u00eam como objetivo suspender as negocia\u00e7\u00f5es em caso de quedas r\u00e1pidas nos mercados.<\/p>\n<h2>Exemplos de interrup\u00e7\u00f5es na negocia\u00e7\u00e3o<\/h2>\n<p>As interrup\u00e7\u00f5es nas negocia\u00e7\u00f5es podem ocorrer quando h\u00e1 um movimento dr\u00e1stico nos mercados, motivado por preocupa\u00e7\u00f5es entre os investidores de que v\u00e1rios fatores possam provocar problemas extensos que poder\u00e3o desacelerar os mercados. As paragens e interrup\u00e7\u00f5es no mercado ocorrem por muitos motivos, como se verificou nos \u00faltimos tempos.<\/p>\n<p><img loading=\"lazy\" decoding=\"async\" class=\"size-full wp-image-349135 aligncenter\" src=\"https:\/\/www.etoro.com\/wp-content\/uploads\/2022\/03\/22.09.2021_Trading_Disruptions_inability_to_close_positions_during_volatile_market_conditions_1024X342.jpg\" alt=\"\" width=\"1024\" height=\"342\" srcset=\"https:\/\/www.etoro.com\/wp-content\/uploads\/2022\/03\/22.09.2021_Trading_Disruptions_inability_to_close_positions_during_volatile_market_conditions_1024X342.jpg 1024w, https:\/\/www.etoro.com\/wp-content\/uploads\/2022\/03\/22.09.2021_Trading_Disruptions_inability_to_close_positions_during_volatile_market_conditions_1024X342-300x100.jpg 300w, https:\/\/www.etoro.com\/wp-content\/uploads\/2022\/03\/22.09.2021_Trading_Disruptions_inability_to_close_positions_during_volatile_market_conditions_1024X342-768x257.jpg 768w\" sizes=\"(max-width: 1024px) 100vw, 1024px\" \/><\/p>\n<p>2020 foi um ano turbulento para o mercado de a\u00e7\u00f5es, devido \u00e0 COVID-19 e ao efeito em grande escala que teve globalmente. Em mar\u00e7o desse ano, e pela primeira vez desde 2008, Wall Street passou pelo que poderia ser chamado de &#8216;crash&#8217;, com os tr\u00eas principais \u00edndices a registarem grandes preju\u00edzos percentuais. A 16 de mar\u00e7o desse ano, pouco tempo depois da abertura do mercado, o SPX500 caiu 7%. Os interruptores entraram em a\u00e7\u00e3o e as negocia\u00e7\u00f5es foram interrompidas durante 15 minutos. Foi a terceira paragem naquela semana, depois das de 9 e 12 de mar\u00e7o.<\/p>\n<p>Problemas t\u00e9cnicos tamb\u00e9m podem causar paragens no mercado, como a que ocorreu em 8 de julho de 2015, quando uma falha t\u00e9cnica interrompeu a Bolsa de Valores de Nova Iorque durante v\u00e1rias horas. Os tr\u00e1gicos eventos do 11 de setembro de 2001 tamb\u00e9m levaram a uma paragem, tendo os mercados permanecido fechados at\u00e9 17 de setembro.<\/p>\n<h2>Por que motivo pode n\u00e3o conseguir abrir ou fechar uma posi\u00e7\u00e3o<\/h2>\n<h3>Falta de liquidez ou impossibilidade de receber os pre\u00e7os da parte dos nossos fornecedores de liquidez<\/h3>\n<p>Sempre que um utilizador deseje abrir ou fechar uma posi\u00e7\u00e3o, tem que haver uma contraparte. Isto significa que outra pessoa deve estar disposta a comprar o que voc\u00ea estiver a vender, ou vice-versa. Se n\u00e3o for poss\u00edvel encontrar uma contraparte, ou se n\u00e3o houver compradores ou vendedores suficientes no mercado, isto resultar\u00e1 na impossibilidade de abrir ou fechar uma posi\u00e7\u00e3o. Isto \u00e9 o que referimos como &#8216;falta de liquidez&#8217;.<\/p>\n<h3>A a\u00e7\u00e3o pode ser interrompida pela bolsa<\/h3>\n<p>As Bolsas t\u00eam um mandato alargado em termos de interrup\u00e7\u00e3o e podem impedir que a\u00e7\u00f5es espec\u00edficas sejam negociadas, normalmente devido a um ou mais dos seguintes casos:<\/p>\n<ul>\n<li aria-level=\"1\">Volatilidade Extrema: As a\u00e7\u00f5es podem ser interrompidas devido a negocia\u00e7\u00f5es irregulares que a bolsa queira investigar.<\/li>\n<li aria-level=\"1\">Baixa liquidez: As a\u00e7\u00f5es podem ser interrompidas devido \u00e0 falta de ou \u00e0 baixa liquidez.<\/li>\n<li aria-level=\"1\">Eventos de not\u00edcias: As a\u00e7\u00f5es podem ser interrompidas devido a not\u00edcias pendentes. Por exemplo, se forem divulgadas not\u00edcias acerca de uma determinada a\u00e7\u00e3o, a bolsa pode interromp\u00ea-la por alguns minutos para dar aos investidores tempo de recuperar o atraso.<\/li>\n<\/ul>\n<h3>Impossibilidade de abrir posi\u00e7\u00f5es de VENDA devido a um ativo que n\u00e3o seja pass\u00edvel de empr\u00e9stimo<\/h3>\n<p><a href=\"https:\/\/www.etoro.com\/pt-pt\/trading\/buy-sell-and-close-position\/\">Venda a Descoberto<\/a> \u00e9 quando um investidor toma de empr\u00e9stimo uma a\u00e7\u00e3o e a vende, planeando voltar a compr\u00e1-la depois a um pre\u00e7o mais baixo. Uma a\u00e7\u00e3o n\u00e3o pass\u00edvel de empr\u00e9stimo \u00e9 uma a\u00e7\u00e3o que n\u00e3o ser\u00e1 emprestada a vendedores a descoberto, o que pode acontecer quando n\u00e3o h\u00e1 ningu\u00e9m disposto a emprestar a a\u00e7\u00e3o. Na eToro, o lado da venda de um ativo n\u00e3o est\u00e1 dispon\u00edvel quando a a\u00e7\u00e3o n\u00e3o \u00e9 pass\u00edvel de empr\u00e9stimo.<\/p>\n<h3>Volatilidade extrema em diferentes classes de ativos<\/h3>\n<p>A\u00e7\u00f5es e \u00edndices n\u00e3o s\u00e3o as \u00fanicas classes de ativos dispon\u00edveis na eToro \u2013 tamb\u00e9m oferecemos criptomoedas, pares de moedas, mat\u00e9rias-primas e ETF. A eToro possui os seus pr\u00f3prios interruptores internos que est\u00e3o ativos em todas as classes de ativos. Quando identificamos extrema volatilidade num ativo, os interruptores podem entrar em vigor e desativar temporariamente a possibilidade de abrir\/fechar posi\u00e7\u00f5es.<\/p>\n<h3>Interruptores da eToro<\/h3>\n<p>A eToro tamb\u00e9m tem mecanismos de seguran\u00e7a implementados. S\u00e3o chamados de interruptores, visto serem medidas de emerg\u00eancia usadas para interromper a negocia\u00e7\u00e3o em casos incomuns. Na eToro, eles s\u00e3o impulsionados por estas ocorr\u00eancias:<\/p>\n<ul>\n<li aria-level=\"1\">Sempre que um &#8216;spread&#8217; for alargado, \u00e9 acionado um interruptor. Isto significa que sempre que uma diferen\u00e7a entre os pre\u00e7os de venda e de compra de um ativo for demasiado grande, ou &#8216;over-spread&#8217;, h\u00e1 motivo para uma interrup\u00e7\u00e3o da negocia\u00e7\u00e3o.<\/li>\n<li aria-level=\"1\">Problemas t\u00e9cnicos tamb\u00e9m podem acionar interruptores de seguran\u00e7a<\/li>\n<\/ul>\n<h2>Precisa de saber mais?<\/h2>\n<p>Se ainda n\u00e3o tiver a certeza sobre o que pode fazer durante esses eventos, ou se tiver alguma d\u00favida sobre uma interrup\u00e7\u00e3o de negocia\u00e7\u00e3o espec\u00edfica em tempo real, n\u00e3o hesite em <a href=\"https:\/\/www.etoro.com\/pt-pt\/customer-service\/\">contactar-nos<\/a>.<\/p>\n\n\t\t<style>\n\t\t\t.rtl .etoro-block-shortcode-disclaimer {\n\t\t\t\ttext-align:right;\n\t\t\t}\n\t\t\t.etoro-block-shortcode-disclaimer {\n\t\t\t\tmargin-bottom:18px;\n\t\t\t\ttext-align:left;\n\t\t\t}\n\t\t\t.etoro-block-shortcode-disclaimer p{\n\t\t\t\tfont-size: 12px;\n\t\t\t\tline-height: 18px;\n\t\t\t}\n\t\t\t@media (min-width: 768px) {\n\t\t\t\t.etoro-block-shortcode-disclaimer {\n\t\t\t\t\tmax-width:1176px;\n\t\t\t\t\ttext-align:center;\n\t\t\t\t}\n\t\t\t\t.etoro-block-shortcode-disclaimer p {\n\t\t\t\t\tfont-size: 14px;\n\t\t\t\t\tline-height: 20px;\n\t\t\t\t}\n\t\t\t}\n\t\t<\/style>\n\t\t<div class='etoro-block-shortcode-disclaimer'><p>Esta informa\u00e7\u00e3o \u00e9 apenas para fins educativos e n\u00e3o deve ser tomada como conselho de investimento, recomenda\u00e7\u00e3o pessoal, ou oferta ou solicita\u00e7\u00e3o de compra ou venda de quaisquer instrumentos financeiros.<\/p>\n<p>Este material foi preparado sem ter em conta quaisquer objetivos de investimento ou situa\u00e7\u00e3o financeira particulares e n\u00e3o foi preparado de acordo com os requisitos legais e regulamentares para promover a investiga\u00e7\u00e3o independente.<\/p>\n<p><strong>Nem todos os instrumentos e servi\u00e7os financeiros mencionados s\u00e3o oferecidos pela eToro<\/strong> e quaisquer refer\u00eancias ao desempenho passado de um instrumento financeiro, \u00edndice ou pacote de produtos de investimento n\u00e3o s\u00e3o e n\u00e3o devem ser tomadas como um indicador fi\u00e1vel de resultados futuros. <strong>A disponibilidade de todos os produtos e servi\u00e7os acima mencionados poder\u00e3o variar consoante a jurisdi\u00e7\u00e3o e o pa\u00eds.<\/strong><\/p>\n<p>eToro n\u00e3o faz qualquer representa\u00e7\u00e3o e n\u00e3o assume qualquer responsabilidade quanto \u00e0 exatid\u00e3o ou totalidade do conte\u00fado deste guia. Certifique-se de que compreende os riscos envolvidos na negocia\u00e7\u00e3o antes de comprometer qualquer capital. Nunca arrisque mais do que est\u00e1 preparado para perder.<\/p>\n<\/div>\n","protected":false},"excerpt":{"rendered":"<p>&nbsp; Interrup\u00e7\u00f5es na negocia\u00e7\u00e3o: O que s\u00e3o, quais as suas causas e como \u00e9 que afetam a sua experi\u00eancia na eToro H\u00e1 mais de uma d\u00e9cada, a eToro tem estado no centro da revolu\u00e7\u00e3o das Fintech (Tecnologias Financeiras). Com mais de 25 milh\u00f5es de utilizadores registados, a eToro \u00e9 a principal rede de investimento social&hellip;<\/p>\n","protected":false},"author":39,"featured_media":348682,"parent":18390,"menu_order":0,"comment_status":"closed","ping_status":"closed","template":"","meta":{"_acf_changed":false,"inline_featured_image":false,"sticky_cta_settings":"","footnotes":""},"asset_type":[],"class_list":["post-352260","page","type-page","status-publish","has-post-thumbnail","hentry"],"acf":[],"yoast_head":"<title>O que s\u00e3o interrup\u00e7\u00f5es na negocia\u00e7\u00e3o? | eToro<\/title>\n<meta name=\"description\" content=\"Pode haver v\u00e1rios motivos para as interrup\u00e7\u00f5es na negocia\u00e7\u00e3o. Leia aqui sobre estas interrup\u00e7\u00f5es, quais as suas causas, como \u00e9 que nos afetam e de que forma \u00e9 que s\u00e3o tratadas.\" \/>\n<meta name=\"robots\" content=\"index, follow, max-snippet:-1, max-image-preview:large, max-video-preview:-1\" \/>\n<link rel=\"canonical\" href=\"https:\/\/www.etoro.com\/pt-pt\/wp-json\/wp\/v2\/pages\/352260\" \/>\n<meta property=\"og:locale\" content=\"pt_PT\" \/>\n<meta property=\"og:type\" content=\"article\" \/>\n<meta property=\"og:title\" content=\"O que s\u00e3o interrup\u00e7\u00f5es na negocia\u00e7\u00e3o? | eToro\" \/>\n<meta property=\"og:description\" content=\"Pode haver v\u00e1rios motivos para as interrup\u00e7\u00f5es na negocia\u00e7\u00e3o. Leia aqui sobre estas interrup\u00e7\u00f5es, quais as suas causas, como \u00e9 que nos afetam e de que forma \u00e9 que s\u00e3o tratadas.\" \/>\n<meta property=\"og:url\" content=\"https:\/\/www.etoro.com\/pt-pt\/wp-json\/wp\/v2\/pages\/352260\" \/>\n<meta property=\"og:site_name\" content=\"eToro\" \/>\n<meta property=\"article:publisher\" content=\"https:\/\/www.facebook.com\/eToro\/\" \/>\n<meta property=\"article:modified_time\" content=\"2024-08-19T13:14:13+00:00\" \/>\n<meta property=\"og:image\" content=\"https:\/\/www.etoro.com\/wp-content\/uploads\/2022\/03\/22.09.2021_Trading_Disruptions_inability_to_close_positions_during_volatile_market_conditions_750x600_v1.jpg\" \/>\n\t<meta property=\"og:image:width\" content=\"750\" \/>\n\t<meta property=\"og:image:height\" content=\"600\" \/>\n\t<meta property=\"og:image:type\" content=\"image\/jpeg\" \/>\n<meta name=\"twitter:card\" content=\"summary_large_image\" \/>\n<meta name=\"twitter:image\" content=\"https:\/\/www.etoro.com\/wp-content\/uploads\/2022\/03\/22.09.2021_Trading_Disruptions_inability_to_close_positions_during_volatile_market_conditions_750x600_v1.jpg\" \/>\n<meta name=\"twitter:site\" content=\"@eToro\" \/>\n<meta name=\"twitter:label1\" content=\"Est. reading time\" \/>\n\t<meta name=\"twitter:data1\" content=\"5 minutes\" \/>\n<script type=\"application\/ld+json\" class=\"yoast-schema-graph\">{\"@context\":\"https:\/\/schema.org\",\"@graph\":[{\"@type\":\"WebPage\",\"@id\":\"https:\/\/www.etoro.com\/pt-pt\/trading\/disruptions\/\",\"url\":\"https:\/\/www.etoro.com\/pt-pt\/trading\/disruptions\/\",\"name\":\"O que s\u00e3o interrup\u00e7\u00f5es na negocia\u00e7\u00e3o? | eToro\",\"isPartOf\":{\"@id\":\"https:\/\/www.etoro.com\/pt-pt\/#website\"},\"primaryImageOfPage\":{\"@id\":\"https:\/\/www.etoro.com\/pt-pt\/trading\/disruptions\/#primaryimage\"},\"image\":{\"@id\":\"https:\/\/www.etoro.com\/pt-pt\/trading\/disruptions\/#primaryimage\"},\"thumbnailUrl\":\"https:\/\/www.etoro.com\/wp-content\/uploads\/2022\/03\/22.09.2021_Trading_Disruptions_inability_to_close_positions_during_volatile_market_conditions_1200x630_v1.jpg\",\"datePublished\":\"2022-03-27T10:52:22+00:00\",\"dateModified\":\"2024-08-19T13:14:13+00:00\",\"description\":\"Pode haver v\u00e1rios motivos para as interrup\u00e7\u00f5es na negocia\u00e7\u00e3o. Leia aqui sobre estas interrup\u00e7\u00f5es, quais as suas causas, como \u00e9 que nos afetam e de que forma \u00e9 que s\u00e3o tratadas.\",\"breadcrumb\":{\"@id\":\"https:\/\/www.etoro.com\/pt-pt\/trading\/disruptions\/#breadcrumb\"},\"inLanguage\":\"pt\",\"potentialAction\":[{\"@type\":\"ReadAction\",\"target\":[\"https:\/\/www.etoro.com\/pt-pt\/trading\/disruptions\/\"]}]},{\"@type\":\"ImageObject\",\"inLanguage\":\"pt\",\"@id\":\"https:\/\/www.etoro.com\/pt-pt\/trading\/disruptions\/#primaryimage\",\"url\":\"https:\/\/www.etoro.com\/wp-content\/uploads\/2022\/03\/22.09.2021_Trading_Disruptions_inability_to_close_positions_during_volatile_market_conditions_1200x630_v1.jpg\",\"contentUrl\":\"https:\/\/www.etoro.com\/wp-content\/uploads\/2022\/03\/22.09.2021_Trading_Disruptions_inability_to_close_positions_during_volatile_market_conditions_1200x630_v1.jpg\",\"width\":1200,\"height\":630},{\"@type\":\"BreadcrumbList\",\"@id\":\"https:\/\/www.etoro.com\/pt-pt\/trading\/disruptions\/#breadcrumb\",\"itemListElement\":[{\"@type\":\"ListItem\",\"position\":1,\"name\":\"In\u00edcio\",\"item\":\"https:\/\/www.etoro.com\/pt-pt\/\"},{\"@type\":\"ListItem\",\"position\":2,\"name\":\"NEGOCIA\u00c7\u00c3O\",\"item\":\"https:\/\/www.etoro.com\/pt-pt\/trading\/\"},{\"@type\":\"ListItem\",\"position\":3,\"name\":\"Interrup\u00e7\u00f5es na negocia\u00e7\u00e3o\"}]},{\"@type\":\"WebSite\",\"@id\":\"https:\/\/www.etoro.com\/pt-pt\/#website\",\"url\":\"https:\/\/www.etoro.com\/pt-pt\/\",\"name\":\"eToro\",\"description\":\"\",\"publisher\":{\"@id\":\"https:\/\/www.etoro.com\/pt-pt\/#organization\"},\"potentialAction\":[{\"@type\":\"SearchAction\",\"target\":{\"@type\":\"EntryPoint\",\"urlTemplate\":\"https:\/\/www.etoro.com\/pt-pt\/?s={search_term_string}\"},\"query-input\":{\"@type\":\"PropertyValueSpecification\",\"valueRequired\":true,\"valueName\":\"search_term_string\"}}],\"inLanguage\":\"pt\"},[]]}<\/script>","yoast_head_json":{"title":"O que s\u00e3o interrup\u00e7\u00f5es na negocia\u00e7\u00e3o? | eToro","description":"Pode haver v\u00e1rios motivos para as interrup\u00e7\u00f5es na negocia\u00e7\u00e3o. Leia aqui sobre estas interrup\u00e7\u00f5es, quais as suas causas, como \u00e9 que nos afetam e de que forma \u00e9 que s\u00e3o tratadas.","robots":{"index":"index","follow":"follow","max-snippet":"max-snippet:-1","max-image-preview":"max-image-preview:large","max-video-preview":"max-video-preview:-1"},"canonical":"https:\/\/www.etoro.com\/pt-pt\/wp-json\/wp\/v2\/pages\/352260","og_locale":"pt_PT","og_type":"article","og_title":"O que s\u00e3o interrup\u00e7\u00f5es na negocia\u00e7\u00e3o? | eToro","og_description":"Pode haver v\u00e1rios motivos para as interrup\u00e7\u00f5es na negocia\u00e7\u00e3o. Leia aqui sobre estas interrup\u00e7\u00f5es, quais as suas causas, como \u00e9 que nos afetam e de que forma \u00e9 que s\u00e3o tratadas.","og_url":"https:\/\/www.etoro.com\/pt-pt\/wp-json\/wp\/v2\/pages\/352260","og_site_name":"eToro","article_publisher":"https:\/\/www.facebook.com\/eToro\/","article_modified_time":"2024-08-19T13:14:13+00:00","og_image":[{"width":750,"height":600,"url":"https:\/\/www.etoro.com\/wp-content\/uploads\/2022\/03\/22.09.2021_Trading_Disruptions_inability_to_close_positions_during_volatile_market_conditions_750x600_v1.jpg","type":"image\/jpeg"}],"twitter_card":"summary_large_image","twitter_image":"https:\/\/www.etoro.com\/wp-content\/uploads\/2022\/03\/22.09.2021_Trading_Disruptions_inability_to_close_positions_during_volatile_market_conditions_750x600_v1.jpg","twitter_site":"@eToro","twitter_misc":{"Est. reading time":"5 minutes"},"schema":{"@context":"https:\/\/schema.org","@graph":[{"@type":"WebPage","@id":"https:\/\/www.etoro.com\/pt-pt\/trading\/disruptions\/","url":"https:\/\/www.etoro.com\/pt-pt\/trading\/disruptions\/","name":"O que s\u00e3o interrup\u00e7\u00f5es na negocia\u00e7\u00e3o? | eToro","isPartOf":{"@id":"https:\/\/www.etoro.com\/pt-pt\/#website"},"primaryImageOfPage":{"@id":"https:\/\/www.etoro.com\/pt-pt\/trading\/disruptions\/#primaryimage"},"image":{"@id":"https:\/\/www.etoro.com\/pt-pt\/trading\/disruptions\/#primaryimage"},"thumbnailUrl":"https:\/\/www.etoro.com\/wp-content\/uploads\/2022\/03\/22.09.2021_Trading_Disruptions_inability_to_close_positions_during_volatile_market_conditions_1200x630_v1.jpg","datePublished":"2022-03-27T10:52:22+00:00","dateModified":"2024-08-19T13:14:13+00:00","description":"Pode haver v\u00e1rios motivos para as interrup\u00e7\u00f5es na negocia\u00e7\u00e3o. Leia aqui sobre estas interrup\u00e7\u00f5es, quais as suas causas, como \u00e9 que nos afetam e de que forma \u00e9 que s\u00e3o tratadas.","breadcrumb":{"@id":"https:\/\/www.etoro.com\/pt-pt\/trading\/disruptions\/#breadcrumb"},"inLanguage":"pt","potentialAction":[{"@type":"ReadAction","target":["https:\/\/www.etoro.com\/pt-pt\/trading\/disruptions\/"]}]},{"@type":"ImageObject","inLanguage":"pt","@id":"https:\/\/www.etoro.com\/pt-pt\/trading\/disruptions\/#primaryimage","url":"https:\/\/www.etoro.com\/wp-content\/uploads\/2022\/03\/22.09.2021_Trading_Disruptions_inability_to_close_positions_during_volatile_market_conditions_1200x630_v1.jpg","contentUrl":"https:\/\/www.etoro.com\/wp-content\/uploads\/2022\/03\/22.09.2021_Trading_Disruptions_inability_to_close_positions_during_volatile_market_conditions_1200x630_v1.jpg","width":1200,"height":630},{"@type":"BreadcrumbList","@id":"https:\/\/www.etoro.com\/pt-pt\/trading\/disruptions\/#breadcrumb","itemListElement":[{"@type":"ListItem","position":1,"name":"In\u00edcio","item":"https:\/\/www.etoro.com\/pt-pt\/"},{"@type":"ListItem","position":2,"name":"NEGOCIA\u00c7\u00c3O","item":"https:\/\/www.etoro.com\/pt-pt\/trading\/"},{"@type":"ListItem","position":3,"name":"Interrup\u00e7\u00f5es na negocia\u00e7\u00e3o"}]},{"@type":"WebSite","@id":"https:\/\/www.etoro.com\/pt-pt\/#website","url":"https:\/\/www.etoro.com\/pt-pt\/","name":"eToro","description":"","publisher":{"@id":"https:\/\/www.etoro.com\/pt-pt\/#organization"},"potentialAction":[{"@type":"SearchAction","target":{"@type":"EntryPoint","urlTemplate":"https:\/\/www.etoro.com\/pt-pt\/?s={search_term_string}"},"query-input":{"@type":"PropertyValueSpecification","valueRequired":true,"valueName":"search_term_string"}}],"inLanguage":"pt"},[]]}},"_links":{"self":[{"href":"https:\/\/www.etoro.com\/pt-pt\/wp-json\/wp\/v2\/pages\/352260"}],"collection":[{"href":"https:\/\/www.etoro.com\/pt-pt\/wp-json\/wp\/v2\/pages"}],"about":[{"href":"https:\/\/www.etoro.com\/pt-pt\/wp-json\/wp\/v2\/types\/page"}],"author":[{"embeddable":true,"href":"https:\/\/www.etoro.com\/pt-pt\/wp-json\/wp\/v2\/users\/39"}],"replies":[{"embeddable":true,"href":"https:\/\/www.etoro.com\/pt-pt\/wp-json\/wp\/v2\/comments?post=352260"}],"version-history":[{"count":0,"href":"https:\/\/www.etoro.com\/pt-pt\/wp-json\/wp\/v2\/pages\/352260\/revisions"}],"up":[{"embeddable":true,"href":"https:\/\/www.etoro.com\/pt-pt\/wp-json\/wp\/v2\/pages\/18390"}],"wp:featuredmedia":[{"embeddable":true,"href":"https:\/\/www.etoro.com\/pt-pt\/wp-json\/wp\/v2\/media\/348682"}],"wp:attachment":[{"href":"https:\/\/www.etoro.com\/pt-pt\/wp-json\/wp\/v2\/media?parent=352260"}],"wp:term":[{"taxonomy":"asset_type","embeddable":true,"href":"https:\/\/www.etoro.com\/pt-pt\/wp-json\/wp\/v2\/asset_type?post=352260"}],"curies":[{"name":"wp","href":"https:\/\/api.w.org\/{rel}","templated":true}]}}