{"id":352319,"date":"2022-03-29T17:35:51","date_gmt":"2022-03-29T14:35:51","guid":{"rendered":"https:\/\/www.etoro.com\/customer-service\/regulation-license\/entities\/"},"modified":"2024-12-04T12:33:52","modified_gmt":"2024-12-04T10:33:52","slug":"entities","status":"publish","type":"page","link":"https:\/\/www.etoro.com\/pt-pt\/customer-service\/regulation-license\/entities\/","title":{"rendered":"Entidades corporativas da eToro"},"content":{"rendered":"","protected":false},"excerpt":{"rendered":"","protected":false},"author":75,"featured_media":0,"parent":10722,"menu_order":0,"comment_status":"closed","ping_status":"closed","template":"flexible-template.php","meta":{"_acf_changed":false,"inline_featured_image":false,"sticky_cta_settings":"","footnotes":""},"asset_type":[],"class_list":["post-352319","page","type-page","status-publish","hentry"],"acf":[],"yoast_head":"<title>Entidades corporativas da eToro<\/title>\n<meta name=\"description\" content=\"A eToro \u00e9 regulada pelas autoridades principais em diferentes regi\u00f5es que t\u00eam pol\u00edticas e servi\u00e7os diferentes. Use as seguintes informa\u00e7\u00f5es para o ajudar a compar\u00e1-las.\" \/>\n<meta name=\"robots\" content=\"noindex, follow\" \/>\n<meta property=\"og:locale\" content=\"pt_PT\" \/>\n<meta property=\"og:type\" content=\"article\" \/>\n<meta property=\"og:title\" content=\"Entidades corporativas da eToro\" \/>\n<meta property=\"og:description\" content=\"A eToro \u00e9 regulada pelas autoridades principais em diferentes regi\u00f5es que t\u00eam pol\u00edticas e servi\u00e7os diferentes. Use as seguintes informa\u00e7\u00f5es para o ajudar a compar\u00e1-las.\" \/>\n<meta property=\"og:url\" content=\"https:\/\/www.etoro.com\/pt-pt\/wp-json\/wp\/v2\/pages\/352319\" \/>\n<meta property=\"og:site_name\" content=\"eToro\" \/>\n<meta property=\"article:publisher\" content=\"https:\/\/www.facebook.com\/eToro\/\" \/>\n<meta property=\"article:modified_time\" content=\"2024-12-04T10:33:52+00:00\" \/>\n<meta property=\"og:image\" content=\"https:\/\/www.etoro.com\/wp-content\/uploads\/2022\/03\/super-hero-mobile-1.png\" \/>\n\t<meta property=\"og:image:width\" content=\"375\" \/>\n\t<meta property=\"og:image:height\" content=\"100\" \/>\n\t<meta property=\"og:image:type\" content=\"image\/png\" \/>\n<meta name=\"twitter:card\" content=\"summary_large_image\" \/>\n<meta name=\"twitter:image\" content=\"https:\/\/www.etoro.com\/wp-content\/uploads\/2022\/03\/super-hero-mobile-1.png\" \/>\n<meta name=\"twitter:site\" content=\"@eToro\" \/>\n<script type=\"application\/ld+json\" class=\"yoast-schema-graph\">{\"@context\":\"https:\/\/schema.org\",\"@graph\":[{\"@type\":\"WebPage\",\"@id\":\"https:\/\/www.etoro.com\/pt-pt\/customer-service\/regulation-license\/entities\/\",\"url\":\"https:\/\/www.etoro.com\/pt-pt\/customer-service\/regulation-license\/entities\/\",\"name\":\"Entidades corporativas da eToro\",\"isPartOf\":{\"@id\":\"https:\/\/www.etoro.com\/pt-pt\/#website\"},\"datePublished\":\"2022-03-29T14:35:51+00:00\",\"dateModified\":\"2024-12-04T10:33:52+00:00\",\"description\":\"A eToro \u00e9 regulada pelas autoridades principais em diferentes regi\u00f5es que t\u00eam pol\u00edticas e servi\u00e7os diferentes. Use as seguintes informa\u00e7\u00f5es para o ajudar a compar\u00e1-las.\",\"breadcrumb\":{\"@id\":\"https:\/\/www.etoro.com\/pt-pt\/customer-service\/regulation-license\/entities\/#breadcrumb\"},\"inLanguage\":\"pt\",\"potentialAction\":[{\"@type\":\"ReadAction\",\"target\":[\"https:\/\/www.etoro.com\/pt-pt\/customer-service\/regulation-license\/entities\/\"]}]},{\"@type\":\"BreadcrumbList\",\"@id\":\"https:\/\/www.etoro.com\/pt-pt\/customer-service\/regulation-license\/entities\/#breadcrumb\",\"itemListElement\":[{\"@type\":\"ListItem\",\"position\":1,\"name\":\"In\u00edcio\",\"item\":\"https:\/\/www.etoro.com\/pt-pt\/\"},{\"@type\":\"ListItem\",\"position\":2,\"name\":\"Servi\u00e7o De Cliente\",\"item\":\"https:\/\/www.etoro.com\/pt-pt\/customer-service\/\"},{\"@type\":\"ListItem\",\"position\":3,\"name\":\"Regula\u00e7\u00e3o e licen\u00e7a\",\"item\":\"https:\/\/www.etoro.com\/pt-pt\/customer-service\/regulation-license\/\"},{\"@type\":\"ListItem\",\"position\":4,\"name\":\"Entidades corporativas da eToro\"}]},{\"@type\":\"WebSite\",\"@id\":\"https:\/\/www.etoro.com\/pt-pt\/#website\",\"url\":\"https:\/\/www.etoro.com\/pt-pt\/\",\"name\":\"eToro\",\"description\":\"\",\"publisher\":{\"@id\":\"https:\/\/www.etoro.com\/pt-pt\/#organization\"},\"potentialAction\":[{\"@type\":\"SearchAction\",\"target\":{\"@type\":\"EntryPoint\",\"urlTemplate\":\"https:\/\/www.etoro.com\/pt-pt\/?s={search_term_string}\"},\"query-input\":{\"@type\":\"PropertyValueSpecification\",\"valueRequired\":true,\"valueName\":\"search_term_string\"}}],\"inLanguage\":\"pt\"},[]]}<\/script>","yoast_head_json":{"title":"Entidades corporativas da eToro","description":"A eToro \u00e9 regulada pelas autoridades principais em diferentes regi\u00f5es que t\u00eam pol\u00edticas e servi\u00e7os diferentes. Use as seguintes informa\u00e7\u00f5es para o ajudar a compar\u00e1-las.","robots":{"index":"noindex","follow":"follow"},"og_locale":"pt_PT","og_type":"article","og_title":"Entidades corporativas da eToro","og_description":"A eToro \u00e9 regulada pelas autoridades principais em diferentes regi\u00f5es que t\u00eam pol\u00edticas e servi\u00e7os diferentes. Use as seguintes informa\u00e7\u00f5es para o ajudar a compar\u00e1-las.","og_url":"https:\/\/www.etoro.com\/pt-pt\/wp-json\/wp\/v2\/pages\/352319","og_site_name":"eToro","article_publisher":"https:\/\/www.facebook.com\/eToro\/","article_modified_time":"2024-12-04T10:33:52+00:00","og_image":[{"width":375,"height":100,"url":"https:\/\/www.etoro.com\/wp-content\/uploads\/2022\/03\/super-hero-mobile-1.png","type":"image\/png"}],"twitter_card":"summary_large_image","twitter_image":"https:\/\/www.etoro.com\/wp-content\/uploads\/2022\/03\/super-hero-mobile-1.png","twitter_site":"@eToro","schema":{"@context":"https:\/\/schema.org","@graph":[{"@type":"WebPage","@id":"https:\/\/www.etoro.com\/pt-pt\/customer-service\/regulation-license\/entities\/","url":"https:\/\/www.etoro.com\/pt-pt\/customer-service\/regulation-license\/entities\/","name":"Entidades corporativas da eToro","isPartOf":{"@id":"https:\/\/www.etoro.com\/pt-pt\/#website"},"datePublished":"2022-03-29T14:35:51+00:00","dateModified":"2024-12-04T10:33:52+00:00","description":"A eToro \u00e9 regulada pelas autoridades principais em diferentes regi\u00f5es que t\u00eam pol\u00edticas e servi\u00e7os diferentes. Use as seguintes informa\u00e7\u00f5es para o ajudar a compar\u00e1-las.","breadcrumb":{"@id":"https:\/\/www.etoro.com\/pt-pt\/customer-service\/regulation-license\/entities\/#breadcrumb"},"inLanguage":"pt","potentialAction":[{"@type":"ReadAction","target":["https:\/\/www.etoro.com\/pt-pt\/customer-service\/regulation-license\/entities\/"]}]},{"@type":"BreadcrumbList","@id":"https:\/\/www.etoro.com\/pt-pt\/customer-service\/regulation-license\/entities\/#breadcrumb","itemListElement":[{"@type":"ListItem","position":1,"name":"In\u00edcio","item":"https:\/\/www.etoro.com\/pt-pt\/"},{"@type":"ListItem","position":2,"name":"Servi\u00e7o De Cliente","item":"https:\/\/www.etoro.com\/pt-pt\/customer-service\/"},{"@type":"ListItem","position":3,"name":"Regula\u00e7\u00e3o e licen\u00e7a","item":"https:\/\/www.etoro.com\/pt-pt\/customer-service\/regulation-license\/"},{"@type":"ListItem","position":4,"name":"Entidades corporativas da eToro"}]},{"@type":"WebSite","@id":"https:\/\/www.etoro.com\/pt-pt\/#website","url":"https:\/\/www.etoro.com\/pt-pt\/","name":"eToro","description":"","publisher":{"@id":"https:\/\/www.etoro.com\/pt-pt\/#organization"},"potentialAction":[{"@type":"SearchAction","target":{"@type":"EntryPoint","urlTemplate":"https:\/\/www.etoro.com\/pt-pt\/?s={search_term_string}"},"query-input":{"@type":"PropertyValueSpecification","valueRequired":true,"valueName":"search_term_string"}}],"inLanguage":"pt"},[]]}},"_links":{"self":[{"href":"https:\/\/www.etoro.com\/pt-pt\/wp-json\/wp\/v2\/pages\/352319"}],"collection":[{"href":"https:\/\/www.etoro.com\/pt-pt\/wp-json\/wp\/v2\/pages"}],"about":[{"href":"https:\/\/www.etoro.com\/pt-pt\/wp-json\/wp\/v2\/types\/page"}],"author":[{"embeddable":true,"href":"https:\/\/www.etoro.com\/pt-pt\/wp-json\/wp\/v2\/users\/75"}],"replies":[{"embeddable":true,"href":"https:\/\/www.etoro.com\/pt-pt\/wp-json\/wp\/v2\/comments?post=352319"}],"version-history":[{"count":0,"href":"https:\/\/www.etoro.com\/pt-pt\/wp-json\/wp\/v2\/pages\/352319\/revisions"}],"up":[{"embeddable":true,"href":"https:\/\/www.etoro.com\/pt-pt\/wp-json\/wp\/v2\/pages\/10722"}],"wp:attachment":[{"href":"https:\/\/www.etoro.com\/pt-pt\/wp-json\/wp\/v2\/media?parent=352319"}],"wp:term":[{"taxonomy":"asset_type","embeddable":true,"href":"https:\/\/www.etoro.com\/pt-pt\/wp-json\/wp\/v2\/asset_type?post=352319"}],"curies":[{"name":"wp","href":"https:\/\/api.w.org\/{rel}","templated":true}]}}