{"id":381842,"date":"2022-05-12T18:08:17","date_gmt":"2022-05-12T15:08:17","guid":{"rendered":"https:\/\/www.etoro.com\/trading\/short-selling\/"},"modified":"2024-08-19T15:35:49","modified_gmt":"2024-08-19T12:35:49","slug":"short-selling","status":"publish","type":"page","link":"https:\/\/www.etoro.com\/pt-pt\/trading\/short-selling\/","title":{"rendered":"O Que \u00e9 a Venda a Descoberto e Como Funciona?"},"content":{"rendered":"\n<p class=\"is-style-summary\">Um equ\u00edvoco comum \u00e9 que a \u00fanica maneira de lucrar com um ativo \u00e9 se o seu pre\u00e7o&nbsp; subir. No entanto, este n\u00e3o \u00e9 o caso. A venda a descoberto envolve tomar emprestado um ativo, vend\u00ea-lo e compr\u00e1-lo de volta mais tarde a um pre\u00e7o mais baixo. Instrumentos de venda a descoberto, como a\u00e7\u00f5es, moedas e <em>commodities<\/em><strong> <\/strong>podem permitir que os&nbsp; investidores lucrem&nbsp; se o valor do ativo cair.<\/p>\n\n\n\n<p class=\"is-style-summary\">&nbsp;A estrat\u00e9gia de venda a descoberto pode ser uma boa alternativa para os investidores, embora existam v\u00e1rios riscosassociados. Descubra o que significa vender um ativo e aprenda sobre a diferen\u00e7a entre posi\u00e7\u00f5es longas e curtas.<\/p>\n\n\n\n<hr class=\"wp-block-separator wp-block-separator-color-dark-grey wp-block-separator-spaces-medium wp-block-separator-weight-1\"\/>\n\n\n\n<p>Ao vender a descoberto, h\u00e1 uma s\u00e9rie de fatores a serem considerados, incluindo v\u00e1rios elementos de <strong>risco<\/strong>, assim, vale a pena entender melhor o que significa vender a descoberto e fazer a pergunta: o que \u00e9 vender uma a\u00e7\u00e3o a descoberto?<\/p>\n\n\n\n<h2 class=\"wp-block-heading\">O Que Significa Vender uma A\u00e7\u00e3o a Descoberto?&nbsp;<\/h2>\n\n\n\n<p>Simplificando, <strong>a venda a descoberto envolve a venda de um ativo que acredita que perder\u00e1 valor, com a inten\u00e7\u00e3o de compr\u00e1-lo de volta no futuro a um pre\u00e7o mais baixo.<\/strong> Talvez valha a pena usar um exemplo do mundo real para demonstrar o que significa vender uma a\u00e7\u00e3o especificamente.<\/p>\n\n\n\n<p>Em janeiro de 2022, as a\u00e7\u00f5es do Silicon Valley Bank (SVB) estavam a ser negociadas a cerca de US $447 por a\u00e7\u00e3o. Os fundamentos econ\u00f3micos, incluindo um aumento dram\u00e1tico nas taxas de juros,&nbsp; afetaram o modelo de neg\u00f3cios da empresa, fazendo com que o pre\u00e7o das a\u00e7\u00f5es ca\u00edsse. Em mar\u00e7o de 2023, o banco faliu e as suas a\u00e7\u00f5es valiam consideravelmente menos do que cerca de um ano antes.<\/p>\n\n\n\n<figure class=\"wp-block-image size-large\"><a href=\"https:\/\/www.etoro.com\/pt-pt\/markets\/sivbq\"><img loading=\"lazy\" decoding=\"async\" width=\"1024\" height=\"540\" src=\"https:\/\/www.etoro.com\/wp-content\/uploads\/2023\/07\/Body-Image-1_-What-Does-Shorting-a-Stock-Mean-3-1024x540.png\" alt=\"\" class=\"wp-image-648152 wp-image-desktop\" srcset=\"https:\/\/www.etoro.com\/wp-content\/uploads\/2023\/07\/Body-Image-1_-What-Does-Shorting-a-Stock-Mean-3-1024x540.png 1024w, https:\/\/www.etoro.com\/wp-content\/uploads\/2023\/07\/Body-Image-1_-What-Does-Shorting-a-Stock-Mean-3-300x158.png 300w, https:\/\/www.etoro.com\/wp-content\/uploads\/2023\/07\/Body-Image-1_-What-Does-Shorting-a-Stock-Mean-3-768x405.png 768w, https:\/\/www.etoro.com\/wp-content\/uploads\/2023\/07\/Body-Image-1_-What-Does-Shorting-a-Stock-Mean-3-1536x810.png 1536w, https:\/\/www.etoro.com\/wp-content\/uploads\/2023\/07\/Body-Image-1_-What-Does-Shorting-a-Stock-Mean-3.png 1572w\" sizes=\"(max-width: 1024px) 100vw, 1024px\" \/><\/a><\/figure>\n\n\n\n<p>Fonte: <a href=\"https:\/\/www.etoro.com\/pt-pt\/markets\/sivbq\/chart\">eToro<\/a><\/p>\n\n\n\n<p>Se tivesse vendido a\u00e7\u00f5es do SVB em janeiro de 2022, teria obtido lucro. Se o pre\u00e7o tivesse subido, a estrat\u00e9gia teria causado uma perda. As estrat\u00e9gias de venda a descoberto envolvem tentar identificar oportunidades de negocia\u00e7\u00e3o, como a mencionada acima.<\/p>\n\n\n\n<div class=\"wp-block-etoro-tip wp-block-etoro-tip-border-yellow\"><span class=\"wp-block-etoro-tip-icon\"><\/span><div class=\"wp-block-etoro-tip-text\">\n<p><strong>Dica:<\/strong> Como nas posi\u00e7\u00f5es<strong> <\/strong>longas, o retorno das posi\u00e7\u00f5es curtas ser\u00e1 determinado pela diferen\u00e7a entre o ponto de entrada e sa\u00edda da sua negocia\u00e7\u00e3o.&nbsp; Contudo, &nbsp; na venda a descoberto, o pre\u00e7o de entrada \u00e9 onde vende algo e o pre\u00e7o de sa\u00edda \u00e9 onde o compra de volta.<\/p>\n<\/div><\/div>\n\n\n\n<h2 class=\"wp-block-heading\">Como Funciona a Venda a Descoberto?<\/h2>\n\n\n\n<p>Em termos de mec\u00e2nica de negocia\u00e7\u00e3o, <strong>vender a descoberto funciona ao encontrar o mercado-alvo na sua plataforma de negocia\u00e7\u00e3o preferida e clicar em &#8220;vender&#8221; em vez de &#8220;comprar&#8221;<\/strong>. Depois de fazer isso, ter\u00e1 lucro se o pre\u00e7o do ativo cair e preju\u00edzo se subir.<\/p>\n\n\n\n<p>O m\u00e9todo mais popular para venda a descoberto \u00e9 usar <strong>Contratos por Diferen\u00e7a<\/strong> <strong>(CFDs<\/strong>.)  Os CFDs permitem que venda um ativo que ainda n\u00e3o possui, pois o \u2018contrato\u2019 em quest\u00e3o \u00e9 com o seu corretor. Ambas as partes concordam em pagar uma \u00e0 outra a \u2018diferen\u00e7a\u2019 no movimento de pre\u00e7o.<\/p>\n\n\n\n<div class=\"wp-block-etoro-tip wp-block-etoro-tip-border-yellow\"><span class=\"wp-block-etoro-tip-icon\"><\/span><div class=\"wp-block-etoro-tip-text\">\n<p><strong>Dica:<\/strong> Para os interessados \u200b\u200bem vender a descoberto, vale a pena praticar primeiro numa conta de <a href=\"https:\/\/www.etoro.com\/pt-pt\/trading\/demo-account\/\">Demonstra\u00e7\u00e3o<\/a> para garantir que entende todos os aspetos da venda a descoberto.<\/p>\n<\/div><\/div>\n\n\n\n<h2 class=\"wp-block-heading\">Diferen\u00e7a Entre Posi\u00e7\u00f5es Longas e Curtas<\/h2>\n\n\n\n<p class=\"is-style-default\">A principal diferen\u00e7a entre posi\u00e7\u00f5es longas e curtas \u00e9 que habitualmente os investidores lucram se o pre\u00e7o de um ativo subir numa posi\u00e7\u00e3o longa;&nbsp; o oposto \u00e9 verdadeiro para uma posi\u00e7\u00e3o curta.\u00c0 parte isso, os processos s\u00e3o muito semelhantes.<\/p>\n\n\n\n<p>H\u00e1, no entanto, fatores adicionais a serem considerados. A maioria dos investidores nos mercados financeiros s\u00e3o investidores de longo prazo que adotaram uma abordagem de<strong> <\/strong><strong>comprar e manter<\/strong>. Se est\u00e1 a considerar vender <a href=\"https:\/\/www.etoro.com\/pt-pt\/discover\/markets\/stocks\">a\u00e7\u00f5es<\/a> ou quaisquer outros ativos, lembre-se de que as perdas potenciais em posi\u00e7\u00f5es vendidas s\u00e3o infinitas, pois n\u00e3o h\u00e1 limite real para o qu\u00e3o alto o pre\u00e7o de um ativo pode subir.<\/p>\n\n\n\n<p>Por outro lado, as perdas em posi\u00e7\u00f5es longas s\u00e3o limitadas \u00e0 quantidade de <strong>capital<\/strong> que investe, porque o pre\u00e7o de uma a\u00e7\u00e3o n\u00e3o pode descer abaixo de zero.<\/p>\n\n\n\n<p>Dados hist\u00f3ricos sugerem que certas <strong>classes de ativos<\/strong>, como a\u00e7\u00f5es, tendem a aumentar gradualmente de valor ao longo do tempo. Lembre-se, haver\u00e1 momentos em que o pre\u00e7o das a\u00e7\u00f5es cair\u00e1, mas se estiver a vender a descoberto, este \u00e9 um risco que precisa de ser considerado.<\/p>\n\n\n\n<div class=\"wp-block-etoro-emphasis wp-block-etoro-emphasis-border-green\">\n<p>\u201c A venda a descoberto tamb\u00e9m permite que os investidores giram riscos, diversifiquem um portf\u00f3lio e protejam posi\u00e7\u00f5es, mas deve-se observar que a venda a descoberto pode ser uma proposta com um alto risco-retorno. \u201d<\/p>\n<\/div>\n\n\n\n<figure class=\"wp-block-image size-full\"><img loading=\"lazy\" decoding=\"async\" width=\"756\" height=\"400\" src=\"https:\/\/www.etoro.com\/wp-content\/uploads\/2023\/07\/Body-Image-2_-Difference-Between-Long-and-Short-Positions-3.png\" alt=\"\" class=\"wp-image-648173 wp-image-desktop\" srcset=\"https:\/\/www.etoro.com\/wp-content\/uploads\/2023\/07\/Body-Image-2_-Difference-Between-Long-and-Short-Positions-3.png 756w, https:\/\/www.etoro.com\/wp-content\/uploads\/2023\/07\/Body-Image-2_-Difference-Between-Long-and-Short-Positions-3-300x159.png 300w\" sizes=\"(max-width: 756px) 100vw, 756px\" \/><\/figure>\n\n\n\n<h2 class=\"wp-block-heading\">Como Desenvolver uma Estrat\u00e9gia de Venda a Descoberto<\/h2>\n\n\n\n<p>A venda a descoberto pode ser usada para equilibrar o desempenho de uma carteira e reduzir o risco geral, atuando como um <strong>&#8216;<\/strong><strong><em>hedge<\/em>.<\/strong><strong>&#8216;<\/strong> Considere como uma estrat\u00e9gia longa ou curta <strong>neutra de mercado<\/strong><strong> <\/strong>funciona funciona. A maioria dos <strong>investidores experientes provavelmente acredita que uma a\u00e7\u00e3o \u00e9 uma perspetiva de longo prazo melhor do que outra.<\/strong><\/p>\n\n\n\n<p>Por exemplo, pode preferir a <a href=\"https:\/\/www.etoro.com\/pt-pt\/markets\/aapl\">Apple Inc<\/a> \u00e0 <a href=\"https:\/\/www.etoro.com\/pt-pt\/markets\/msft\">Microsoft Corp<\/a> e a <a href=\"https:\/\/www.etoro.com\/pt-pt\/markets\/shel.l\">Shell Plc<\/a> \u00e0 <a href=\"https:\/\/www.etoro.com\/pt-pt\/markets\/bp.l\">BP Plc<\/a>. Se for esse o caso, e se restringiu a sua abordagem a estrat\u00e9gias de longo prazo, provavelmente compraria a\u00e7\u00f5es da AAPL e da SHEL em vez das outras duas.&nbsp;<\/p>\n\n\n\n<p>Por outro lado, se adotou uma estrat\u00e9gia long-short, pode considerar vender MSFT e BP a descoberto, ao mesmo tempo em que compra AAPL e SHEL. Os retornos l\u00edquidos seriam a soma dos retornos de todas as quatro negocia\u00e7\u00f5es. Se todas as quatro a\u00e7\u00f5es subissem de valor, mas a Apple e a Shell superassem os seus rivais, ainda teria lucro, com os ganhos nessas negocia\u00e7\u00f5es compensando as perdas nas posi\u00e7\u00f5es da Microsoft e da BP.<\/p>\n\n\n\n<div class=\"wp-block-etoro-tip wp-block-etoro-tip-border-yellow\"><span class=\"wp-block-etoro-tip-icon\"><\/span><div class=\"wp-block-etoro-tip-text\">\n<p><strong>Dica: <\/strong>Se aplicar uma estrat\u00e9gia <em>long-short<\/em>, ainda poder\u00e1 obter lucro se todas as a\u00e7\u00f5es no seu portf\u00f3lio ou os mercados em geral subirem ou ca\u00edrem. A sua estrat\u00e9gia ser\u00e1 neutra em rela\u00e7\u00e3o ao mercado e o seu retorno ser\u00e1 baseado no desempenho relativo de cada posi\u00e7\u00e3o.<\/p>\n<\/div><\/div>\n\n\n\n<figure class=\"wp-block-image size-full\"><img loading=\"lazy\" decoding=\"async\" width=\"756\" height=\"400\" src=\"https:\/\/www.etoro.com\/wp-content\/uploads\/2023\/07\/Body-Image-3_-How-to-Develop-a-Short-Selling-Strategy-3.png\" alt=\"\" class=\"wp-image-648194 wp-image-desktop\" srcset=\"https:\/\/www.etoro.com\/wp-content\/uploads\/2023\/07\/Body-Image-3_-How-to-Develop-a-Short-Selling-Strategy-3.png 756w, https:\/\/www.etoro.com\/wp-content\/uploads\/2023\/07\/Body-Image-3_-How-to-Develop-a-Short-Selling-Strategy-3-300x159.png 300w\" sizes=\"(max-width: 756px) 100vw, 756px\" \/><\/figure>\n\n\n\n<h2 class=\"wp-block-heading\">Considera\u00e7\u00f5es Finais<\/h2>\n\n\n\n<p>Os mercados podem sempre cair, assim como subir, e a venda a descoberto oferece uma maneira de aproveitar os momentos em que o <strong>sentimento do investidor<\/strong> se torna<strong> <\/strong><strong>pessimista<\/strong>. Vender a descoberto tamb\u00e9m permite que os investidores giram riscos, diversifiquem um portf\u00f3lio e protejam posi\u00e7\u00f5es, mas deve ressalvar-se que posi\u00e7\u00f5es a descoberto podem ser uma proposta com um alto <strong>risco-retorno<\/strong>, e&nbsp; devem ser&nbsp; abordadas com precau\u00e7\u00e3o.<\/p>\n\n\n\n<p>Saiba mais sobre as estrat\u00e9gias de venda a descoberto visitando a <a href=\"https:\/\/www.etoro.com\/pt-pt\/academy\/\">eToro Academy<\/a>.<\/p>\n\n\n\n<h2 class=\"wp-block-heading\">Perguntas frequentes<\/h2>\n\n\n\n<dl class=\"wp-block-etoro-faq\">\n<div class=\"wp-block-etoro-faq-item\"><dt class=\"wp-block-etoro-faq-item-question\">O que \u00e9 um <em>short squeeze<\/em>?<\/dt><dd class=\"wp-block-etoro-faq-item-answer\">\n<p>Um <a href=\"https:\/\/www.etoro.com\/pt-pt\/news-and-analysis\/investing\/what-is-a-short-squeeze\/\">short squeeze<\/a> envolve um mercado com uma alta percentagem de participa\u00e7\u00e3o a descoberto, fazendo com que sofra um aumento de pre\u00e7o. Para fechar uma posi\u00e7\u00e3o vendida, os <em>traders <\/em>devem concluir uma negocia\u00e7\u00e3o de &#8220;compra&#8221;, o que pode fazer com que o pre\u00e7o suba ainda mais e os vendedores a descoberto entrem em p\u00e2nico e saiam das suas posi\u00e7\u00f5es. Isto faz com que um ciclo se forme, com o pre\u00e7o a continuar a aumentar, \u00e0s vezes drasticamente.<\/p>\n<\/dd><\/div>\n\n\n\n<div class=\"wp-block-etoro-faq-item\"><dt class=\"wp-block-etoro-faq-item-question\">O que \u00e9 a negocia\u00e7\u00e3o de pares?<\/dt><dd class=\"wp-block-etoro-faq-item-answer\">\n<p>A negocia\u00e7\u00e3o de pares \u00e9 outro nome para uma estrat\u00e9gia <a href=\"https:\/\/www.etoro.com\/pt-pt\/news-and-analysis\/trading\/long-short-strategy\/\">long-short<\/a> e envolve combinar uma posi\u00e7\u00e3o longa com uma posi\u00e7\u00e3o curta. Os dois ativos geralmente t\u00eam uma alta correla\u00e7\u00e3o e o lucro l\u00edquido da negocia\u00e7\u00e3o \u00e9 baseado no desempenho das duas posi\u00e7\u00f5es, em vez de em movimentos mais amplos do mercado.<\/p>\n<\/dd><\/div>\n\n\n\n<div class=\"wp-block-etoro-faq-item\"><dt class=\"wp-block-etoro-faq-item-question\">Quando devo comprar uma posi\u00e7\u00e3o curta de volta?<\/dt><dd class=\"wp-block-etoro-faq-item-answer\">\n<p>N\u00e3o existem regras ou regulamentos padr\u00e3o que determinem por quanto tempo pode manter uma posi\u00e7\u00e3o curta. Certos corretores podem ter um per\u00edodo m\u00e1ximo de tempo em que uma posi\u00e7\u00e3o curta pode ser aberta. \u00c0s vezes, podem ser implementadas restri\u00e7\u00f5es ad hoc nas vendas a descoberto, durante per\u00edodos de dificuldades nos mercados, num esfor\u00e7o para restaurar a estabilidade do sistema<\/p>\n<\/dd><\/div>\n<\/dl>\n\n\n\n\t\t<style>\n\t\t\t.rtl .etoro-block-shortcode-disclaimer {\n\t\t\t\ttext-align:right;\n\t\t\t}\n\t\t\t.etoro-block-shortcode-disclaimer {\n\t\t\t\tmargin-bottom:18px;\n\t\t\t\ttext-align:left;\n\t\t\t}\n\t\t\t.etoro-block-shortcode-disclaimer p{\n\t\t\t\tfont-size: 12px;\n\t\t\t\tline-height: 18px;\n\t\t\t}\n\t\t\t@media (min-width: 768px) {\n\t\t\t\t.etoro-block-shortcode-disclaimer {\n\t\t\t\t\tmax-width:1176px;\n\t\t\t\t\ttext-align:center;\n\t\t\t\t}\n\t\t\t\t.etoro-block-shortcode-disclaimer p {\n\t\t\t\t\tfont-size: 14px;\n\t\t\t\t\tline-height: 20px;\n\t\t\t\t}\n\t\t\t}\n\t\t<\/style>\n\t\t<div class='etoro-block-shortcode-disclaimer'><p>Esta informa\u00e7\u00e3o \u00e9 apenas para fins educativos e n\u00e3o deve ser tomada como conselho de investimento, recomenda\u00e7\u00e3o pessoal, ou oferta ou solicita\u00e7\u00e3o de compra ou venda de quaisquer instrumentos financeiros.<\/p>\n<p>Este material foi preparado sem ter em conta quaisquer objetivos de investimento ou situa\u00e7\u00e3o financeira particulares e n\u00e3o foi preparado de acordo com os requisitos legais e regulamentares para promover a investiga\u00e7\u00e3o independente.<\/p>\n<p><strong>Nem todos os instrumentos e servi\u00e7os financeiros mencionados s\u00e3o oferecidos pela eToro<\/strong> e quaisquer refer\u00eancias ao desempenho passado de um instrumento financeiro, \u00edndice ou pacote de produtos de investimento n\u00e3o s\u00e3o e n\u00e3o devem ser tomadas como um indicador fi\u00e1vel de resultados futuros. <strong>A disponibilidade de todos os produtos e servi\u00e7os acima mencionados poder\u00e3o variar consoante a jurisdi\u00e7\u00e3o e o pa\u00eds.<\/strong><\/p>\n<p>eToro n\u00e3o faz qualquer representa\u00e7\u00e3o e n\u00e3o assume qualquer responsabilidade quanto \u00e0 exatid\u00e3o ou totalidade do conte\u00fado deste guia. Certifique-se de que compreende os riscos envolvidos na negocia\u00e7\u00e3o antes de comprometer qualquer capital. Nunca arrisque mais do que est\u00e1 preparado para perder.<\/p>\n<\/div>\n","protected":false},"excerpt":{"rendered":"<p>Um equ\u00edvoco comum \u00e9 que a \u00fanica maneira de lucrar com um ativo \u00e9 se o seu pre\u00e7o&nbsp; subir. No entanto, este n\u00e3o \u00e9 o caso. A venda a descoberto envolve tomar emprestado um ativo, vend\u00ea-lo e compr\u00e1-lo de volta mais tarde a um pre\u00e7o mais baixo. Instrumentos de venda a descoberto, como a\u00e7\u00f5es, moedas&hellip;<\/p>\n","protected":false},"author":33,"featured_media":648215,"parent":18390,"menu_order":467,"comment_status":"closed","ping_status":"closed","template":"","meta":{"_acf_changed":false,"inline_featured_image":false,"sticky_cta_settings":"","footnotes":""},"asset_type":[],"class_list":["post-381842","page","type-page","status-publish","has-post-thumbnail","hentry"],"acf":[],"yoast_head":"<title>Compreendendo a Venda a Descoberto | Como Vender a Descoberto e\u00a0 Porqu\u00ea<\/title>\n<meta name=\"description\" content=\"Ao vender a\u00e7\u00f5es a descoberto e outros ativos, os traders podem lucrar quandoum ativo desvaloriza. Explicamos como comprar e vender a descoberto.\" \/>\n<meta name=\"robots\" content=\"index, follow, max-snippet:-1, max-image-preview:large, max-video-preview:-1\" \/>\n<link rel=\"canonical\" href=\"https:\/\/www.etoro.com\/pt-pt\/wp-json\/wp\/v2\/pages\/381842\" \/>\n<meta property=\"og:locale\" content=\"pt_PT\" \/>\n<meta property=\"og:type\" content=\"article\" \/>\n<meta property=\"og:title\" content=\"Compreendendo a Venda a Descoberto | Como Vender a Descoberto e\u00a0 Porqu\u00ea\" \/>\n<meta property=\"og:description\" content=\"Ao vender a\u00e7\u00f5es a descoberto e outros ativos, os traders podem lucrar quandoum ativo desvaloriza. Explicamos como comprar e vender a descoberto.\" \/>\n<meta property=\"og:url\" content=\"https:\/\/www.etoro.com\/pt-pt\/wp-json\/wp\/v2\/pages\/381842\" \/>\n<meta property=\"og:site_name\" content=\"eToro\" \/>\n<meta property=\"article:publisher\" content=\"https:\/\/www.facebook.com\/eToro\/\" \/>\n<meta property=\"article:modified_time\" content=\"2024-08-19T12:35:49+00:00\" \/>\n<meta property=\"og:image\" content=\"https:\/\/www.etoro.com\/wp-content\/uploads\/2022\/05\/Mobile-short-selling.png\" \/>\n\t<meta property=\"og:image:width\" content=\"375\" \/>\n\t<meta property=\"og:image:height\" content=\"270\" \/>\n\t<meta property=\"og:image:type\" content=\"image\/png\" \/>\n<meta name=\"twitter:card\" content=\"summary_large_image\" \/>\n<meta name=\"twitter:image\" content=\"https:\/\/www.etoro.com\/wp-content\/uploads\/2022\/05\/Mobile-short-selling.png\" \/>\n<meta name=\"twitter:site\" content=\"@eToro\" \/>\n<meta name=\"twitter:label1\" content=\"Est. reading time\" \/>\n\t<meta name=\"twitter:data1\" content=\"12 minutes\" \/>\n<script type=\"application\/ld+json\" class=\"yoast-schema-graph\">{\"@context\":\"https:\/\/schema.org\",\"@graph\":[{\"@type\":\"WebPage\",\"@id\":\"https:\/\/www.etoro.com\/pt-pt\/trading\/short-selling\/\",\"url\":\"https:\/\/www.etoro.com\/pt-pt\/trading\/short-selling\/\",\"name\":\"Compreendendo a Venda a Descoberto | Como Vender a Descoberto e\u00a0 Porqu\u00ea\",\"isPartOf\":{\"@id\":\"https:\/\/www.etoro.com\/pt-pt\/#website\"},\"primaryImageOfPage\":{\"@id\":\"https:\/\/www.etoro.com\/pt-pt\/trading\/short-selling\/#primaryimage\"},\"image\":{\"@id\":\"https:\/\/www.etoro.com\/pt-pt\/trading\/short-selling\/#primaryimage\"},\"thumbnailUrl\":\"https:\/\/www.etoro.com\/wp-content\/uploads\/2023\/07\/Socials-PT-2.png\",\"datePublished\":\"2022-05-12T15:08:17+00:00\",\"dateModified\":\"2024-08-19T12:35:49+00:00\",\"description\":\"Ao vender a\u00e7\u00f5es a descoberto e outros ativos, os traders podem lucrar quandoum ativo desvaloriza. Explicamos como comprar e vender a descoberto.\",\"breadcrumb\":{\"@id\":\"https:\/\/www.etoro.com\/pt-pt\/trading\/short-selling\/#breadcrumb\"},\"inLanguage\":\"pt\",\"potentialAction\":[{\"@type\":\"ReadAction\",\"target\":[\"https:\/\/www.etoro.com\/pt-pt\/trading\/short-selling\/\"]}]},{\"@type\":\"ImageObject\",\"inLanguage\":\"pt\",\"@id\":\"https:\/\/www.etoro.com\/pt-pt\/trading\/short-selling\/#primaryimage\",\"url\":\"https:\/\/www.etoro.com\/wp-content\/uploads\/2023\/07\/Socials-PT-2.png\",\"contentUrl\":\"https:\/\/www.etoro.com\/wp-content\/uploads\/2023\/07\/Socials-PT-2.png\",\"width\":1200,\"height\":630},{\"@type\":\"BreadcrumbList\",\"@id\":\"https:\/\/www.etoro.com\/pt-pt\/trading\/short-selling\/#breadcrumb\",\"itemListElement\":[{\"@type\":\"ListItem\",\"position\":1,\"name\":\"In\u00edcio\",\"item\":\"https:\/\/www.etoro.com\/pt-pt\/\"},{\"@type\":\"ListItem\",\"position\":2,\"name\":\"NEGOCIA\u00c7\u00c3O\",\"item\":\"https:\/\/www.etoro.com\/pt-pt\/trading\/\"},{\"@type\":\"ListItem\",\"position\":3,\"name\":\"O Que \u00e9 a Venda a Descoberto e Como Funciona?\"}]},{\"@type\":\"WebSite\",\"@id\":\"https:\/\/www.etoro.com\/pt-pt\/#website\",\"url\":\"https:\/\/www.etoro.com\/pt-pt\/\",\"name\":\"eToro\",\"description\":\"\",\"publisher\":{\"@id\":\"https:\/\/www.etoro.com\/pt-pt\/#organization\"},\"potentialAction\":[{\"@type\":\"SearchAction\",\"target\":{\"@type\":\"EntryPoint\",\"urlTemplate\":\"https:\/\/www.etoro.com\/pt-pt\/?s={search_term_string}\"},\"query-input\":{\"@type\":\"PropertyValueSpecification\",\"valueRequired\":true,\"valueName\":\"search_term_string\"}}],\"inLanguage\":\"pt\"},[]]}<\/script>","yoast_head_json":{"title":"Compreendendo a Venda a Descoberto | Como Vender a Descoberto e\u00a0 Porqu\u00ea","description":"Ao vender a\u00e7\u00f5es a descoberto e outros ativos, os traders podem lucrar quandoum ativo desvaloriza. Explicamos como comprar e vender a descoberto.","robots":{"index":"index","follow":"follow","max-snippet":"max-snippet:-1","max-image-preview":"max-image-preview:large","max-video-preview":"max-video-preview:-1"},"canonical":"https:\/\/www.etoro.com\/pt-pt\/wp-json\/wp\/v2\/pages\/381842","og_locale":"pt_PT","og_type":"article","og_title":"Compreendendo a Venda a Descoberto | Como Vender a Descoberto e\u00a0 Porqu\u00ea","og_description":"Ao vender a\u00e7\u00f5es a descoberto e outros ativos, os traders podem lucrar quandoum ativo desvaloriza. Explicamos como comprar e vender a descoberto.","og_url":"https:\/\/www.etoro.com\/pt-pt\/wp-json\/wp\/v2\/pages\/381842","og_site_name":"eToro","article_publisher":"https:\/\/www.facebook.com\/eToro\/","article_modified_time":"2024-08-19T12:35:49+00:00","og_image":[{"width":375,"height":270,"url":"https:\/\/www.etoro.com\/wp-content\/uploads\/2022\/05\/Mobile-short-selling.png","type":"image\/png"}],"twitter_card":"summary_large_image","twitter_image":"https:\/\/www.etoro.com\/wp-content\/uploads\/2022\/05\/Mobile-short-selling.png","twitter_site":"@eToro","twitter_misc":{"Est. reading time":"12 minutes"},"schema":{"@context":"https:\/\/schema.org","@graph":[{"@type":"WebPage","@id":"https:\/\/www.etoro.com\/pt-pt\/trading\/short-selling\/","url":"https:\/\/www.etoro.com\/pt-pt\/trading\/short-selling\/","name":"Compreendendo a Venda a Descoberto | Como Vender a Descoberto e\u00a0 Porqu\u00ea","isPartOf":{"@id":"https:\/\/www.etoro.com\/pt-pt\/#website"},"primaryImageOfPage":{"@id":"https:\/\/www.etoro.com\/pt-pt\/trading\/short-selling\/#primaryimage"},"image":{"@id":"https:\/\/www.etoro.com\/pt-pt\/trading\/short-selling\/#primaryimage"},"thumbnailUrl":"https:\/\/www.etoro.com\/wp-content\/uploads\/2023\/07\/Socials-PT-2.png","datePublished":"2022-05-12T15:08:17+00:00","dateModified":"2024-08-19T12:35:49+00:00","description":"Ao vender a\u00e7\u00f5es a descoberto e outros ativos, os traders podem lucrar quandoum ativo desvaloriza. Explicamos como comprar e vender a descoberto.","breadcrumb":{"@id":"https:\/\/www.etoro.com\/pt-pt\/trading\/short-selling\/#breadcrumb"},"inLanguage":"pt","potentialAction":[{"@type":"ReadAction","target":["https:\/\/www.etoro.com\/pt-pt\/trading\/short-selling\/"]}]},{"@type":"ImageObject","inLanguage":"pt","@id":"https:\/\/www.etoro.com\/pt-pt\/trading\/short-selling\/#primaryimage","url":"https:\/\/www.etoro.com\/wp-content\/uploads\/2023\/07\/Socials-PT-2.png","contentUrl":"https:\/\/www.etoro.com\/wp-content\/uploads\/2023\/07\/Socials-PT-2.png","width":1200,"height":630},{"@type":"BreadcrumbList","@id":"https:\/\/www.etoro.com\/pt-pt\/trading\/short-selling\/#breadcrumb","itemListElement":[{"@type":"ListItem","position":1,"name":"In\u00edcio","item":"https:\/\/www.etoro.com\/pt-pt\/"},{"@type":"ListItem","position":2,"name":"NEGOCIA\u00c7\u00c3O","item":"https:\/\/www.etoro.com\/pt-pt\/trading\/"},{"@type":"ListItem","position":3,"name":"O Que \u00e9 a Venda a Descoberto e Como Funciona?"}]},{"@type":"WebSite","@id":"https:\/\/www.etoro.com\/pt-pt\/#website","url":"https:\/\/www.etoro.com\/pt-pt\/","name":"eToro","description":"","publisher":{"@id":"https:\/\/www.etoro.com\/pt-pt\/#organization"},"potentialAction":[{"@type":"SearchAction","target":{"@type":"EntryPoint","urlTemplate":"https:\/\/www.etoro.com\/pt-pt\/?s={search_term_string}"},"query-input":{"@type":"PropertyValueSpecification","valueRequired":true,"valueName":"search_term_string"}}],"inLanguage":"pt"},[]]}},"_links":{"self":[{"href":"https:\/\/www.etoro.com\/pt-pt\/wp-json\/wp\/v2\/pages\/381842"}],"collection":[{"href":"https:\/\/www.etoro.com\/pt-pt\/wp-json\/wp\/v2\/pages"}],"about":[{"href":"https:\/\/www.etoro.com\/pt-pt\/wp-json\/wp\/v2\/types\/page"}],"author":[{"embeddable":true,"href":"https:\/\/www.etoro.com\/pt-pt\/wp-json\/wp\/v2\/users\/33"}],"replies":[{"embeddable":true,"href":"https:\/\/www.etoro.com\/pt-pt\/wp-json\/wp\/v2\/comments?post=381842"}],"version-history":[{"count":0,"href":"https:\/\/www.etoro.com\/pt-pt\/wp-json\/wp\/v2\/pages\/381842\/revisions"}],"up":[{"embeddable":true,"href":"https:\/\/www.etoro.com\/pt-pt\/wp-json\/wp\/v2\/pages\/18390"}],"wp:featuredmedia":[{"embeddable":true,"href":"https:\/\/www.etoro.com\/pt-pt\/wp-json\/wp\/v2\/media\/648215"}],"wp:attachment":[{"href":"https:\/\/www.etoro.com\/pt-pt\/wp-json\/wp\/v2\/media?parent=381842"}],"wp:term":[{"taxonomy":"asset_type","embeddable":true,"href":"https:\/\/www.etoro.com\/pt-pt\/wp-json\/wp\/v2\/asset_type?post=381842"}],"curies":[{"name":"wp","href":"https:\/\/api.w.org\/{rel}","templated":true}]}}