{"id":529584,"date":"2022-10-26T12:40:22","date_gmt":"2022-10-26T09:40:22","guid":{"rendered":"https:\/\/www.etoro.com\/customer-service\/tax-report\/"},"modified":"2026-02-11T20:04:30","modified_gmt":"2026-02-11T18:04:30","slug":"tax-report","status":"publish","type":"page","link":"https:\/\/www.etoro.com\/pt-pt\/customer-service\/tax-report\/","title":{"rendered":"Relat\u00f3rio fiscal eToro"},"content":{"rendered":"\n<section class=\"wp-block-group wp-block-group-boxed has-white-background-color has-background\"><div class=\"wp-block-group-inner is-layout-flow wp-block-group-is-layout-flow\">\n<div class=\"wp-block-columns are-vertically-aligned-top wp-block-columns-1 is-layout-flex wp-container-core-columns-is-layout-1 wp-block-columns-is-layout-flex\">\n<div class=\"wp-block-column is-layout-flow wp-block-column-is-layout-flow\">\n<h2 class=\"wp-block-heading has-text-align-center\"><strong><strong>Relat\u00f3rio fiscal eToro<\/strong><\/strong><\/h2>\n\n\n\n<p class=\"has-text-align-center\">Um relat\u00f3rio anual detalhado com as informa\u00e7\u00f5es financeiras relevantes sobre todas as suas transa\u00e7\u00f5es eToro.<\/p>\n<\/div>\n<\/div>\n<\/div><\/section>\n\n\n\n<section class=\"wp-block-group wp-block-group-boxed\"><div class=\"wp-block-group-inner is-layout-flow wp-block-group-is-layout-flow\">\n<div class=\"wp-block-columns are-vertically-aligned-center wp-block-columns-2 is-layout-flex wp-container-core-columns-is-layout-2 wp-block-columns-is-layout-flex\">\n<div class=\"wp-block-column is-text-column is-layout-flow wp-block-column-is-layout-flow\">\n<h2 class=\"wp-block-heading\"><span>O que \u00e9<strong>&nbsp;o relat\u00f3rio fiscal eToro?<\/strong><\/span><\/h2>\n\n\n\n<p>O relat\u00f3rio fiscal eToro \u00e9 um servi\u00e7o novo que oferecemos aos nossos membros do clube. \u00c9 um relat\u00f3rio fornecido com as informa\u00e7\u00f5es financeiras relevantes sobre todas as suas transa\u00e7\u00f5es eToro, incluindo receitas, lucros e perdas ao longo do ano fiscal. O relat\u00f3rio que recebe \u00e9 apresentado com c\u00e1lculos baseados nas leis e regulamentos tribut\u00e1rios do seu pa\u00eds de resid\u00eancia fiscal.<\/p>\n<\/div>\n\n\n\n<div class=\"wp-block-column is-layout-flow wp-block-column-is-layout-flow\">\n<figure class=\"wp-block-image size-full\"><img loading=\"lazy\" decoding=\"async\" width=\"576\" height=\"394\" src=\"https:\/\/www.etoro.com\/wp-content\/uploads\/2022\/10\/Image-20.png\" alt=\"What is the eToro tax report?\" class=\"wp-image-509163 wp-image-desktop\" srcset=\"https:\/\/www.etoro.com\/wp-content\/uploads\/2022\/10\/Image-20.png 576w, https:\/\/www.etoro.com\/wp-content\/uploads\/2022\/10\/Image-20-300x205.png 300w\" sizes=\"(max-width: 576px) 100vw, 576px\" \/><\/figure>\n<\/div>\n<\/div>\n<\/div><\/section>\n\n\n\n<section class=\"wp-block-group wp-block-group-boxed has-dark-blue-background-color has-background\"><div class=\"wp-block-group-inner is-layout-flow wp-block-group-is-layout-flow\">\n<div class=\"wp-block-columns are-vertically-aligned-center wp-block-columns-2 is-swapped-on-mobile is-layout-flex wp-container-core-columns-is-layout-3 wp-block-columns-is-layout-flex\">\n<div class=\"wp-block-column is-layout-flow wp-block-column-is-layout-flow\">\n<figure class=\"wp-block-image size-full\"><img loading=\"lazy\" decoding=\"async\" width=\"576\" height=\"394\" src=\"https:\/\/www.etoro.com\/wp-content\/uploads\/2022\/10\/Image-21.png\" alt=\"What are the benefits?\" class=\"wp-image-509187 wp-image-desktop\" srcset=\"https:\/\/www.etoro.com\/wp-content\/uploads\/2022\/10\/Image-21.png 576w, https:\/\/www.etoro.com\/wp-content\/uploads\/2022\/10\/Image-21-300x205.png 300w\" sizes=\"(max-width: 576px) 100vw, 576px\" \/><\/figure>\n<\/div>\n\n\n\n<div class=\"wp-block-column is-text-column is-layout-flow wp-block-column-is-layout-flow\">\n<h2 class=\"wp-block-heading\"><span>Quais s\u00e3o<strong>&nbsp;os benef\u00edcios?<\/strong><\/span><\/h2>\n\n\n\n<p>O principal benef\u00edcio reside no facto de o relat\u00f3rio o ajudar a declarar os seus impostos, juntamente com todas as outras receitas tribut\u00e1veis.<\/p>\n\n\n\n<ul class=\"wp-block-list wp-block-list wp-block-list-circle\">\n<li>O relat\u00f3rio facilita a sua vida!<\/li>\n\n\n\n<li>Gr\u00e1tis<\/li>\n\n\n\n<li>Pode ser usado para registar o seu imposto pessoal junto \u00e0 autoridade tribut\u00e1ria local.<\/li>\n<\/ul>\n\n\n\n<p>Acreditamos que este novo servi\u00e7o ser\u00e1 de grande benef\u00edcio para si. No entanto, os impostos ainda podem ser complicados, por isso sugerimos que consulte um consultor tribut\u00e1rio sobre como e o que registar.<\/p>\n<\/div>\n<\/div>\n<\/div><\/section>\n\n\n\n<section class=\"wp-block-group wp-block-group-boxed\"><div class=\"wp-block-group-inner is-layout-flow wp-block-group-is-layout-flow\">\n<div class=\"wp-block-columns are-vertically-aligned-center wp-block-columns-2 is-layout-flex wp-container-core-columns-is-layout-4 wp-block-columns-is-layout-flex\">\n<div class=\"wp-block-column is-text-column is-layout-flow wp-block-column-is-layout-flow\">\n<h2 class=\"wp-block-heading\"><strong>Qual \u00e9 a diferen\u00e7a entre o relat\u00f3rio fiscal eToro e<\/strong>&nbsp;o extrato de conta eToro?<\/h2>\n\n\n\n<p>Ambos s\u00e3o \u00fateis, mas o relat\u00f3rio fiscal leva o extrato de conta para o pr\u00f3ximo n\u00edvel. Veja como:<\/p>\n\n\n\n<p>O extrato da conta eToro fornece um instant\u00e2neo de todas as suas atividades, receitas, lucros e perdas na plataforma eToro.<\/p>\n\n\n\n<p>O relat\u00f3rio de impostos eToro \u00e9 um relat\u00f3rio anual que fornece todas as informa\u00e7\u00f5es do extrato de conta e calcula a parte dos impostos eToro report\u00e1veis \u200b\u200bdo titular da conta de acordo com as leis e regulamentos tribut\u00e1rios do pa\u00eds de resid\u00eancia fiscal do titular da conta.<\/p>\n<\/div>\n\n\n\n<div class=\"wp-block-column is-layout-flow wp-block-column-is-layout-flow\">\n<figure class=\"wp-block-image size-full\"><img loading=\"lazy\" decoding=\"async\" width=\"576\" height=\"394\" src=\"https:\/\/www.etoro.com\/wp-content\/uploads\/2022\/10\/Image-22.png\" alt=\"How is the eToro tax report different from the eToro account statement?\" class=\"wp-image-509212 wp-image-desktop\" srcset=\"https:\/\/www.etoro.com\/wp-content\/uploads\/2022\/10\/Image-22.png 576w, https:\/\/www.etoro.com\/wp-content\/uploads\/2022\/10\/Image-22-300x205.png 300w\" sizes=\"(max-width: 576px) 100vw, 576px\" \/><\/figure>\n<\/div>\n<\/div>\n<\/div><\/section>\n\n\n\n<section class=\"wp-block-group wp-block-group-boxed has-white-background-color has-background\"><div class=\"wp-block-group-inner is-layout-flow wp-block-group-is-layout-flow\">\n<div class=\"wp-block-columns are-vertically-aligned-top wp-block-columns-1 is-layout-flex wp-container-core-columns-is-layout-5 wp-block-columns-is-layout-flex\">\n<div class=\"wp-block-column is-layout-flow wp-block-column-is-layout-flow\">\n<h2 class=\"wp-block-heading has-text-align-center\">Pode encontrar mais informa\u00e7\u00f5es sobre o relat\u00f3rio fiscal para os seguintes pa\u00edses nos links abaixo<\/h2>\n<\/div>\n<\/div>\n\n\n\n<div class=\"wp-block-columns are-vertically-aligned-center wp-block-columns-4 is-layout-flex wp-container-core-columns-is-layout-6 wp-block-columns-is-layout-flex\">\n<div class=\"wp-block-column is-layout-flow wp-block-column-is-layout-flow\">\n<div class=\"wp-block-etoro-card wp-block-etoro-card-size-small wp-block-etoro-card-thumbnail-position-side wp-block-etoro-card-default\"><img decoding=\"async\" src=\"https:\/\/www.etoro.com\/wp-content\/uploads\/2022\/12\/australia.png\" alt=\"\" class=\"wp-block-etoro-card-thumbnail\"\/><div class=\"wp-block-etoro-card-body\"><div class=\"wp-block-etoro-card-content\">\n<p><a href=\"https:\/\/help.etoro.com\/s\/article\/Tax-Report-for-Australian-Residents?language=pt_PT\">Austr\u00e1lia<\/a><\/p>\n<\/div><\/div><\/div>\n<\/div>\n\n\n\n<div class=\"wp-block-column is-layout-flow wp-block-column-is-layout-flow\">\n<div class=\"wp-block-etoro-card wp-block-etoro-card-size-small wp-block-etoro-card-thumbnail-position-side wp-block-etoro-card-default\"><img decoding=\"async\" src=\"https:\/\/www.etoro.com\/wp-content\/uploads\/2023\/03\/Crypto.png\" alt=\"\" class=\"wp-block-etoro-card-thumbnail\"\/><div class=\"wp-block-etoro-card-body\"><div class=\"wp-block-etoro-card-content\">\n<p><a href=\"https:\/\/help.etoro.com\/s\/article\/Tax-Report-for-Austrian-Residents?language=pt_PT\">Austria<\/a><\/p>\n<\/div><\/div><\/div>\n<\/div>\n\n\n\n<div class=\"wp-block-column is-layout-flow wp-block-column-is-layout-flow\">\n<div class=\"wp-block-etoro-card wp-block-etoro-card-size-small wp-block-etoro-card-thumbnail-position-side wp-block-etoro-card-default\"><img decoding=\"async\" src=\"https:\/\/www.etoro.com\/wp-content\/uploads\/2022\/12\/denmark.png\" alt=\"\" class=\"wp-block-etoro-card-thumbnail\"\/><div class=\"wp-block-etoro-card-body\"><div class=\"wp-block-etoro-card-content\">\n<p><a href=\"https:\/\/help.etoro.com\/s\/article\/Tax-report-for-Danish-residents?language=pt_PT\">Dinamarca<\/a><\/p>\n<\/div><\/div><\/div>\n<\/div>\n\n\n\n<div class=\"wp-block-column is-layout-flow wp-block-column-is-layout-flow\">\n<div class=\"wp-block-etoro-card wp-block-etoro-card-size-small wp-block-etoro-card-thumbnail-position-side wp-block-etoro-card-default\"><img decoding=\"async\" src=\"https:\/\/www.etoro.com\/wp-content\/uploads\/2022\/12\/france.png\" alt=\"\" class=\"wp-block-etoro-card-thumbnail\"\/><div class=\"wp-block-etoro-card-body\"><div class=\"wp-block-etoro-card-content\">\n<p><a href=\"https:\/\/help.etoro.com\/s\/article\/Tax-Report-for-French-Residents?language=pt_PT\">Fran\u00e7a<\/a><\/p>\n<\/div><\/div><\/div>\n<\/div>\n<\/div>\n\n\n\n<div class=\"wp-block-columns are-vertically-aligned-center wp-block-columns-4 is-layout-flex wp-container-core-columns-is-layout-7 wp-block-columns-is-layout-flex\">\n<div class=\"wp-block-column is-layout-flow wp-block-column-is-layout-flow\">\n<div class=\"wp-block-etoro-card wp-block-etoro-card-size-small wp-block-etoro-card-thumbnail-position-side wp-block-etoro-card-default\"><img decoding=\"async\" src=\"https:\/\/www.etoro.com\/wp-content\/uploads\/2022\/12\/germany.png\" alt=\"\" class=\"wp-block-etoro-card-thumbnail\"\/><div class=\"wp-block-etoro-card-body\"><div class=\"wp-block-etoro-card-content\">\n<p><a href=\"https:\/\/help.etoro.com\/s\/article\/Tax-Report-for-German-Residents?language=pt_PT\">Alemanha<\/a><\/p>\n<\/div><\/div><\/div>\n<\/div>\n\n\n\n<div class=\"wp-block-column is-layout-flow wp-block-column-is-layout-flow\">\n<div class=\"wp-block-etoro-card wp-block-etoro-card-size-small wp-block-etoro-card-thumbnail-position-side wp-block-etoro-card-default\"><img decoding=\"async\" src=\"https:\/\/www.etoro.com\/wp-content\/uploads\/2022\/12\/italy.png\" alt=\"\" class=\"wp-block-etoro-card-thumbnail\"\/><div class=\"wp-block-etoro-card-body\"><div class=\"wp-block-etoro-card-content\">\n<p><a href=\"https:\/\/help.etoro.com\/s\/article\/Tax-Report-for-Italian-Residents?language=pt_PT\">It\u00e1lia<\/a><\/p>\n<\/div><\/div><\/div>\n<\/div>\n\n\n\n<div class=\"wp-block-column is-layout-flow wp-block-column-is-layout-flow\">\n<div class=\"wp-block-etoro-card wp-block-etoro-card-size-small wp-block-etoro-card-thumbnail-position-side wp-block-etoro-card-default\"><img decoding=\"async\" src=\"https:\/\/www.etoro.com\/wp-content\/uploads\/2022\/12\/netherlands.png\" alt=\"\" class=\"wp-block-etoro-card-thumbnail\"\/><div class=\"wp-block-etoro-card-body\"><div class=\"wp-block-etoro-card-content\">\n<p><a href=\"https:\/\/help.etoro.com\/s\/article\/Tax-Report-for-Dutch-Residents?language=pt_PT\">Holanda<\/a><\/p>\n<\/div><\/div><\/div>\n<\/div>\n\n\n\n<div class=\"wp-block-column is-layout-flow wp-block-column-is-layout-flow\">\n<div class=\"wp-block-etoro-card wp-block-etoro-card-size-small wp-block-etoro-card-thumbnail-position-side wp-block-etoro-card-default\"><img decoding=\"async\" src=\"https:\/\/www.etoro.com\/wp-content\/uploads\/2024\/06\/Norway.png\" alt=\"\" class=\"wp-block-etoro-card-thumbnail\"\/><div class=\"wp-block-etoro-card-body\"><div class=\"wp-block-etoro-card-content\">\n<p><a href=\"https:\/\/help.etoro.com\/s\/article\/Tax-Report-for-Norwegian-Residents?language=pt_PT\">Norway<\/a><\/p>\n<\/div><\/div><\/div>\n<\/div>\n<\/div>\n\n\n\n<div class=\"wp-block-columns are-vertically-aligned-center wp-block-columns-4 is-layout-flex wp-container-core-columns-is-layout-8 wp-block-columns-is-layout-flex\">\n<div class=\"wp-block-column is-layout-flow wp-block-column-is-layout-flow\">\n<div class=\"wp-block-etoro-card wp-block-etoro-card-size-small wp-block-etoro-card-thumbnail-position-side wp-block-etoro-card-default\"><img decoding=\"async\" src=\"https:\/\/www.etoro.com\/wp-content\/uploads\/2022\/12\/portugal.png\" alt=\"\" class=\"wp-block-etoro-card-thumbnail\"\/><div class=\"wp-block-etoro-card-body\"><div class=\"wp-block-etoro-card-content\">\n<p><a href=\"https:\/\/help.etoro.com\/s\/article\/Tax-Report-for-Portuguese-Residents?language=pt_PT\">Portugal<\/a><\/p>\n<\/div><\/div><\/div>\n<\/div>\n\n\n\n<div class=\"wp-block-column is-layout-flow wp-block-column-is-layout-flow\">\n<div class=\"wp-block-etoro-card wp-block-etoro-card-size-small wp-block-etoro-card-thumbnail-position-side wp-block-etoro-card-default\"><img decoding=\"async\" src=\"https:\/\/www.etoro.com\/wp-content\/uploads\/2022\/12\/spain.png\" alt=\"\" class=\"wp-block-etoro-card-thumbnail\"\/><div class=\"wp-block-etoro-card-body\"><div class=\"wp-block-etoro-card-content\">\n<p><a href=\"https:\/\/help.etoro.com\/s\/article\/Tax-Report-for-Spanish-Residents?language=pt_PT\">Espa\u00f1a<\/a><\/p>\n<\/div><\/div><\/div>\n<\/div>\n\n\n\n<div class=\"wp-block-column is-layout-flow wp-block-column-is-layout-flow\">\n<div class=\"wp-block-etoro-card wp-block-etoro-card-size-small wp-block-etoro-card-thumbnail-position-side wp-block-etoro-card-default\"><img decoding=\"async\" src=\"https:\/\/www.etoro.com\/wp-content\/uploads\/2024\/01\/Sweden.png\" alt=\"\" class=\"wp-block-etoro-card-thumbnail\"\/><div class=\"wp-block-etoro-card-body\"><div class=\"wp-block-etoro-card-content\">\n<p><a href=\"https:\/\/help.etoro.com\/s\/article\/Tax-Report-for-Swedish-Residents?language=pt_PT\">Sweden<\/a><\/p>\n<\/div><\/div><\/div>\n<\/div>\n\n\n\n<div class=\"wp-block-column is-layout-flow wp-block-column-is-layout-flow\">\n<div class=\"wp-block-etoro-card wp-block-etoro-card-size-small wp-block-etoro-card-thumbnail-position-side wp-block-etoro-card-default\"><img decoding=\"async\" src=\"https:\/\/www.etoro.com\/wp-content\/uploads\/2023\/05\/CH.png\" alt=\"\" class=\"wp-block-etoro-card-thumbnail\"\/><div class=\"wp-block-etoro-card-body\"><div class=\"wp-block-etoro-card-content\">\n<p><a href=\"https:\/\/help.etoro.com\/s\/article\/Tax-Report-for-Swiss-Residents?language=pt_PT\">Switzerland<\/a><\/p>\n<\/div><\/div><\/div>\n<\/div>\n<\/div>\n\n\n\n<div class=\"wp-block-columns are-vertically-aligned-center wp-block-columns-4 is-layout-flex wp-container-core-columns-is-layout-9 wp-block-columns-is-layout-flex\">\n<div class=\"wp-block-column is-layout-flow wp-block-column-is-layout-flow\">\n<div class=\"wp-block-etoro-card wp-block-etoro-card-size-small wp-block-etoro-card-thumbnail-position-side wp-block-etoro-card-default\"><img decoding=\"async\" src=\"https:\/\/www.etoro.com\/wp-content\/uploads\/2022\/12\/uk.png\" alt=\"\" class=\"wp-block-etoro-card-thumbnail\"\/><div class=\"wp-block-etoro-card-body\"><div class=\"wp-block-etoro-card-content\">\n<p><a href=\"https:\/\/help.etoro.com\/s\/article\/Tax-Report-for-UK-Residents?language=pt_PT\">Reino Unido<\/a><\/p>\n<\/div><\/div><\/div>\n<\/div>\n\n\n\n<div class=\"wp-block-column is-layout-flow wp-block-column-is-layout-flow\"><\/div>\n\n\n\n<div class=\"wp-block-column is-layout-flow wp-block-column-is-layout-flow\"><\/div>\n\n\n\n<div class=\"wp-block-column is-layout-flow wp-block-column-is-layout-flow\"><\/div>\n<\/div>\n\n\n\n<div class=\"wp-block-columns are-vertically-aligned-top wp-block-columns-1 is-layout-flex wp-container-core-columns-is-layout-10 wp-block-columns-is-layout-flex\">\n<div class=\"wp-block-column is-layout-flow wp-block-column-is-layout-flow\">\n<p><em>Qualquer dado informado na declara\u00e7\u00e3o de impostos \u00e9 estritamente apenas para fins informativos.<\/em><\/p>\n\n\n\n<p><em>N\u00e3o se destina a ser uma declara\u00e7\u00e3o fiscal ou um substituto para aconselhamento jur\u00eddico.<\/em><\/p>\n\n\n\n<p><em>Aconselhamos vivamente que verifique a declara\u00e7\u00e3o fiscal com o seu consultor fiscal.<\/em><\/p>\n\n\n\n<p><em>A eToro n\u00e3o fornece consultoria fiscal e esta p\u00e1gina \u00e9 apenas para fins informativos.<\/em><\/p>\n<\/div>\n<\/div>\n<\/div><\/section>\n","protected":false},"excerpt":{"rendered":"<p>Relat\u00f3rio fiscal eToro Um relat\u00f3rio anual detalhado com as informa\u00e7\u00f5es financeiras relevantes sobre todas as suas transa\u00e7\u00f5es eToro. O que \u00e9&nbsp;o relat\u00f3rio fiscal eToro? O relat\u00f3rio fiscal eToro \u00e9 um servi\u00e7o novo que oferecemos aos nossos membros do clube. \u00c9 um relat\u00f3rio fornecido com as informa\u00e7\u00f5es financeiras relevantes sobre todas as suas transa\u00e7\u00f5es eToro, incluindo&hellip;<\/p>\n","protected":false},"author":75,"featured_media":0,"parent":10606,"menu_order":0,"comment_status":"closed","ping_status":"closed","template":"","meta":{"_acf_changed":false,"inline_featured_image":false,"sticky_cta_settings":"","footnotes":""},"asset_type":[],"class_list":["post-529584","page","type-page","status-publish","hentry"],"acf":[],"yoast_head":"<title>Relat\u00f3rio Fiscal eToro<\/title>\n<meta name=\"description\" content=\"Oferecemos o servi\u00e7o relat\u00f3rio fiscal eToro aos nossos membros. \u00c9 produzido anualmente com as informa\u00e7\u00f5es financeiras relevantes sobre todas as suas transa\u00e7\u00f5es.\" \/>\n<meta name=\"robots\" content=\"index, follow, max-snippet:-1, max-image-preview:large, max-video-preview:-1\" \/>\n<link rel=\"canonical\" href=\"https:\/\/www.etoro.com\/pt-pt\/wp-json\/wp\/v2\/pages\/529584\" \/>\n<meta property=\"og:locale\" content=\"pt_PT\" \/>\n<meta property=\"og:type\" content=\"article\" \/>\n<meta property=\"og:title\" content=\"Relat\u00f3rio Fiscal eToro\" \/>\n<meta property=\"og:description\" content=\"Oferecemos o servi\u00e7o relat\u00f3rio fiscal eToro aos nossos membros. \u00c9 produzido anualmente com as informa\u00e7\u00f5es financeiras relevantes sobre todas as suas transa\u00e7\u00f5es.\" \/>\n<meta property=\"og:url\" content=\"https:\/\/www.etoro.com\/pt-pt\/wp-json\/wp\/v2\/pages\/529584\" \/>\n<meta property=\"og:site_name\" content=\"eToro\" \/>\n<meta property=\"article:publisher\" content=\"https:\/\/www.facebook.com\/eToro\/\" \/>\n<meta property=\"article:modified_time\" content=\"2026-02-11T18:04:30+00:00\" \/>\n<meta property=\"og:image\" content=\"https:\/\/www.etoro.com\/wp-content\/uploads\/2022\/10\/Image-20.png\" \/>\n\t<meta property=\"og:image:width\" content=\"576\" \/>\n\t<meta property=\"og:image:height\" content=\"394\" \/>\n\t<meta property=\"og:image:type\" content=\"image\/png\" \/>\n<meta name=\"twitter:card\" content=\"summary_large_image\" \/>\n<meta name=\"twitter:site\" content=\"@eToro\" \/>\n<meta name=\"twitter:label1\" content=\"Est. reading time\" \/>\n\t<meta name=\"twitter:data1\" content=\"2 minutes\" \/>\n<script type=\"application\/ld+json\" class=\"yoast-schema-graph\">{\"@context\":\"https:\/\/schema.org\",\"@graph\":[{\"@type\":\"WebPage\",\"@id\":\"https:\/\/www.etoro.com\/pt-pt\/customer-service\/tax-report\/\",\"url\":\"https:\/\/www.etoro.com\/pt-pt\/customer-service\/tax-report\/\",\"name\":\"Relat\u00f3rio Fiscal eToro\",\"isPartOf\":{\"@id\":\"https:\/\/www.etoro.com\/pt-pt\/#website\"},\"primaryImageOfPage\":{\"@id\":\"https:\/\/www.etoro.com\/pt-pt\/customer-service\/tax-report\/#primaryimage\"},\"image\":{\"@id\":\"https:\/\/www.etoro.com\/pt-pt\/customer-service\/tax-report\/#primaryimage\"},\"thumbnailUrl\":\"https:\/\/www.etoro.com\/wp-content\/uploads\/2022\/10\/Image-20.png\",\"datePublished\":\"2022-10-26T09:40:22+00:00\",\"dateModified\":\"2026-02-11T18:04:30+00:00\",\"description\":\"Oferecemos o servi\u00e7o relat\u00f3rio fiscal eToro aos nossos membros. \u00c9 produzido anualmente com as informa\u00e7\u00f5es financeiras relevantes sobre todas as suas transa\u00e7\u00f5es.\",\"breadcrumb\":{\"@id\":\"https:\/\/www.etoro.com\/pt-pt\/customer-service\/tax-report\/#breadcrumb\"},\"inLanguage\":\"pt\",\"potentialAction\":[{\"@type\":\"ReadAction\",\"target\":[\"https:\/\/www.etoro.com\/pt-pt\/customer-service\/tax-report\/\"]}]},{\"@type\":\"ImageObject\",\"inLanguage\":\"pt\",\"@id\":\"https:\/\/www.etoro.com\/pt-pt\/customer-service\/tax-report\/#primaryimage\",\"url\":\"https:\/\/www.etoro.com\/wp-content\/uploads\/2022\/10\/Image-20.png\",\"contentUrl\":\"https:\/\/www.etoro.com\/wp-content\/uploads\/2022\/10\/Image-20.png\"},{\"@type\":\"BreadcrumbList\",\"@id\":\"https:\/\/www.etoro.com\/pt-pt\/customer-service\/tax-report\/#breadcrumb\",\"itemListElement\":[{\"@type\":\"ListItem\",\"position\":1,\"name\":\"In\u00edcio\",\"item\":\"https:\/\/www.etoro.com\/pt-pt\/\"},{\"@type\":\"ListItem\",\"position\":2,\"name\":\"Servi\u00e7o De Cliente\",\"item\":\"https:\/\/www.etoro.com\/pt-pt\/customer-service\/\"},{\"@type\":\"ListItem\",\"position\":3,\"name\":\"Relat\u00f3rio fiscal eToro\"}]},{\"@type\":\"WebSite\",\"@id\":\"https:\/\/www.etoro.com\/pt-pt\/#website\",\"url\":\"https:\/\/www.etoro.com\/pt-pt\/\",\"name\":\"eToro\",\"description\":\"\",\"publisher\":{\"@id\":\"https:\/\/www.etoro.com\/pt-pt\/#organization\"},\"potentialAction\":[{\"@type\":\"SearchAction\",\"target\":{\"@type\":\"EntryPoint\",\"urlTemplate\":\"https:\/\/www.etoro.com\/pt-pt\/?s={search_term_string}\"},\"query-input\":{\"@type\":\"PropertyValueSpecification\",\"valueRequired\":true,\"valueName\":\"search_term_string\"}}],\"inLanguage\":\"pt\"},[]]}<\/script>","yoast_head_json":{"title":"Relat\u00f3rio Fiscal eToro","description":"Oferecemos o servi\u00e7o relat\u00f3rio fiscal eToro aos nossos membros. \u00c9 produzido anualmente com as informa\u00e7\u00f5es financeiras relevantes sobre todas as suas transa\u00e7\u00f5es.","robots":{"index":"index","follow":"follow","max-snippet":"max-snippet:-1","max-image-preview":"max-image-preview:large","max-video-preview":"max-video-preview:-1"},"canonical":"https:\/\/www.etoro.com\/pt-pt\/wp-json\/wp\/v2\/pages\/529584","og_locale":"pt_PT","og_type":"article","og_title":"Relat\u00f3rio Fiscal eToro","og_description":"Oferecemos o servi\u00e7o relat\u00f3rio fiscal eToro aos nossos membros. \u00c9 produzido anualmente com as informa\u00e7\u00f5es financeiras relevantes sobre todas as suas transa\u00e7\u00f5es.","og_url":"https:\/\/www.etoro.com\/pt-pt\/wp-json\/wp\/v2\/pages\/529584","og_site_name":"eToro","article_publisher":"https:\/\/www.facebook.com\/eToro\/","article_modified_time":"2026-02-11T18:04:30+00:00","og_image":[{"width":576,"height":394,"url":"https:\/\/www.etoro.com\/wp-content\/uploads\/2022\/10\/Image-20.png","type":"image\/png"}],"twitter_card":"summary_large_image","twitter_site":"@eToro","twitter_misc":{"Est. reading time":"2 minutes"},"schema":{"@context":"https:\/\/schema.org","@graph":[{"@type":"WebPage","@id":"https:\/\/www.etoro.com\/pt-pt\/customer-service\/tax-report\/","url":"https:\/\/www.etoro.com\/pt-pt\/customer-service\/tax-report\/","name":"Relat\u00f3rio Fiscal eToro","isPartOf":{"@id":"https:\/\/www.etoro.com\/pt-pt\/#website"},"primaryImageOfPage":{"@id":"https:\/\/www.etoro.com\/pt-pt\/customer-service\/tax-report\/#primaryimage"},"image":{"@id":"https:\/\/www.etoro.com\/pt-pt\/customer-service\/tax-report\/#primaryimage"},"thumbnailUrl":"https:\/\/www.etoro.com\/wp-content\/uploads\/2022\/10\/Image-20.png","datePublished":"2022-10-26T09:40:22+00:00","dateModified":"2026-02-11T18:04:30+00:00","description":"Oferecemos o servi\u00e7o relat\u00f3rio fiscal eToro aos nossos membros. \u00c9 produzido anualmente com as informa\u00e7\u00f5es financeiras relevantes sobre todas as suas transa\u00e7\u00f5es.","breadcrumb":{"@id":"https:\/\/www.etoro.com\/pt-pt\/customer-service\/tax-report\/#breadcrumb"},"inLanguage":"pt","potentialAction":[{"@type":"ReadAction","target":["https:\/\/www.etoro.com\/pt-pt\/customer-service\/tax-report\/"]}]},{"@type":"ImageObject","inLanguage":"pt","@id":"https:\/\/www.etoro.com\/pt-pt\/customer-service\/tax-report\/#primaryimage","url":"https:\/\/www.etoro.com\/wp-content\/uploads\/2022\/10\/Image-20.png","contentUrl":"https:\/\/www.etoro.com\/wp-content\/uploads\/2022\/10\/Image-20.png"},{"@type":"BreadcrumbList","@id":"https:\/\/www.etoro.com\/pt-pt\/customer-service\/tax-report\/#breadcrumb","itemListElement":[{"@type":"ListItem","position":1,"name":"In\u00edcio","item":"https:\/\/www.etoro.com\/pt-pt\/"},{"@type":"ListItem","position":2,"name":"Servi\u00e7o De Cliente","item":"https:\/\/www.etoro.com\/pt-pt\/customer-service\/"},{"@type":"ListItem","position":3,"name":"Relat\u00f3rio fiscal eToro"}]},{"@type":"WebSite","@id":"https:\/\/www.etoro.com\/pt-pt\/#website","url":"https:\/\/www.etoro.com\/pt-pt\/","name":"eToro","description":"","publisher":{"@id":"https:\/\/www.etoro.com\/pt-pt\/#organization"},"potentialAction":[{"@type":"SearchAction","target":{"@type":"EntryPoint","urlTemplate":"https:\/\/www.etoro.com\/pt-pt\/?s={search_term_string}"},"query-input":{"@type":"PropertyValueSpecification","valueRequired":true,"valueName":"search_term_string"}}],"inLanguage":"pt"},[]]}},"_links":{"self":[{"href":"https:\/\/www.etoro.com\/pt-pt\/wp-json\/wp\/v2\/pages\/529584"}],"collection":[{"href":"https:\/\/www.etoro.com\/pt-pt\/wp-json\/wp\/v2\/pages"}],"about":[{"href":"https:\/\/www.etoro.com\/pt-pt\/wp-json\/wp\/v2\/types\/page"}],"author":[{"embeddable":true,"href":"https:\/\/www.etoro.com\/pt-pt\/wp-json\/wp\/v2\/users\/75"}],"replies":[{"embeddable":true,"href":"https:\/\/www.etoro.com\/pt-pt\/wp-json\/wp\/v2\/comments?post=529584"}],"version-history":[{"count":0,"href":"https:\/\/www.etoro.com\/pt-pt\/wp-json\/wp\/v2\/pages\/529584\/revisions"}],"up":[{"embeddable":true,"href":"https:\/\/www.etoro.com\/pt-pt\/wp-json\/wp\/v2\/pages\/10606"}],"wp:attachment":[{"href":"https:\/\/www.etoro.com\/pt-pt\/wp-json\/wp\/v2\/media?parent=529584"}],"wp:term":[{"taxonomy":"asset_type","embeddable":true,"href":"https:\/\/www.etoro.com\/pt-pt\/wp-json\/wp\/v2\/asset_type?post=529584"}],"curies":[{"name":"wp","href":"https:\/\/api.w.org\/{rel}","templated":true}]}}