{"id":539842,"date":"2022-09-12T10:17:40","date_gmt":"2022-09-12T07:17:40","guid":{"rendered":"https:\/\/www.etoro.com\/?page_id=539842"},"modified":"2023-01-09T10:06:04","modified_gmt":"2023-01-09T08:06:04","slug":"safe-and-secure","status":"publish","type":"page","link":"https:\/\/www.etoro.com\/pt-pt\/money\/safe-and-secure\/","title":{"rendered":"ETM Safe &#038; Secure"},"content":{"rendered":"","protected":false},"excerpt":{"rendered":"","protected":false},"author":95,"featured_media":481062,"parent":422105,"menu_order":0,"comment_status":"closed","ping_status":"closed","template":"flexible-template.php","meta":{"_acf_changed":false,"inline_featured_image":false,"sticky_cta_settings":"","footnotes":""},"asset_type":[],"class_list":["post-539842","page","type-page","status-publish","has-post-thumbnail","hentry"],"acf":[],"yoast_head":"<title>Como a eToro Money cuida dos seus fundos com seguran\u00e7a<\/title>\n<meta name=\"description\" content=\"A seguran\u00e7a do seu dinheiro \u00e9 a nossa maior prioridade na eToro Money. Garantimos que o seu dinheiro, o seu aplicativo e a sua conta sejam mantidos em seguran\u00e7a\" \/>\n<meta name=\"robots\" content=\"index, follow, max-snippet:-1, max-image-preview:large, max-video-preview:-1\" \/>\n<link rel=\"canonical\" href=\"https:\/\/www.etoro.com\/pt-pt\/wp-json\/wp\/v2\/pages\/539842\" \/>\n<meta property=\"og:locale\" content=\"pt_PT\" \/>\n<meta property=\"og:type\" content=\"article\" \/>\n<meta property=\"og:title\" content=\"Como a eToro Money cuida dos seus fundos com seguran\u00e7a\" \/>\n<meta property=\"og:description\" content=\"A seguran\u00e7a do seu dinheiro \u00e9 a nossa maior prioridade na eToro Money. Garantimos que o seu dinheiro, o seu aplicativo e a sua conta sejam mantidos em seguran\u00e7a\" \/>\n<meta property=\"og:url\" content=\"https:\/\/www.etoro.com\/pt-pt\/wp-json\/wp\/v2\/pages\/539842\" \/>\n<meta property=\"og:site_name\" content=\"eToro\" \/>\n<meta property=\"article:publisher\" content=\"https:\/\/www.facebook.com\/eToro\/\" \/>\n<meta property=\"article:modified_time\" content=\"2023-01-09T08:06:04+00:00\" \/>\n<meta property=\"og:image\" content=\"https:\/\/www.etoro.com\/wp-content\/uploads\/2022\/09\/Featured-image-1200x630-1.jpg\" \/>\n\t<meta property=\"og:image:width\" content=\"1200\" \/>\n\t<meta property=\"og:image:height\" content=\"630\" \/>\n\t<meta property=\"og:image:type\" content=\"image\/jpeg\" \/>\n<meta name=\"twitter:card\" content=\"summary_large_image\" \/>\n<meta name=\"twitter:image\" content=\"https:\/\/www.etoro.com\/wp-content\/uploads\/2022\/09\/Featured-image-1200x630-1.jpg\" \/>\n<meta name=\"twitter:site\" content=\"@eToro\" \/>\n<script type=\"application\/ld+json\" class=\"yoast-schema-graph\">{\"@context\":\"https:\/\/schema.org\",\"@graph\":[{\"@type\":\"WebPage\",\"@id\":\"https:\/\/www.etoro.com\/pt-pt\/money\/safe-and-secure\/\",\"url\":\"https:\/\/www.etoro.com\/pt-pt\/money\/safe-and-secure\/\",\"name\":\"Como a eToro Money cuida dos seus fundos com seguran\u00e7a\",\"isPartOf\":{\"@id\":\"https:\/\/www.etoro.com\/pt-pt\/#website\"},\"primaryImageOfPage\":{\"@id\":\"https:\/\/www.etoro.com\/pt-pt\/money\/safe-and-secure\/#primaryimage\"},\"image\":{\"@id\":\"https:\/\/www.etoro.com\/pt-pt\/money\/safe-and-secure\/#primaryimage\"},\"thumbnailUrl\":\"https:\/\/www.etoro.com\/wp-content\/uploads\/2022\/09\/Featured-image-1200x630-1.jpg\",\"datePublished\":\"2022-09-12T07:17:40+00:00\",\"dateModified\":\"2023-01-09T08:06:04+00:00\",\"description\":\"A seguran\u00e7a do seu dinheiro \u00e9 a nossa maior prioridade na eToro Money. Garantimos que o seu dinheiro, o seu aplicativo e a sua conta sejam mantidos em seguran\u00e7a\",\"breadcrumb\":{\"@id\":\"https:\/\/www.etoro.com\/pt-pt\/money\/safe-and-secure\/#breadcrumb\"},\"inLanguage\":\"pt\",\"potentialAction\":[{\"@type\":\"ReadAction\",\"target\":[\"https:\/\/www.etoro.com\/pt-pt\/money\/safe-and-secure\/\"]}]},{\"@type\":\"ImageObject\",\"inLanguage\":\"pt\",\"@id\":\"https:\/\/www.etoro.com\/pt-pt\/money\/safe-and-secure\/#primaryimage\",\"url\":\"https:\/\/www.etoro.com\/wp-content\/uploads\/2022\/09\/Featured-image-1200x630-1.jpg\",\"contentUrl\":\"https:\/\/www.etoro.com\/wp-content\/uploads\/2022\/09\/Featured-image-1200x630-1.jpg\",\"width\":1200,\"height\":630},{\"@type\":\"BreadcrumbList\",\"@id\":\"https:\/\/www.etoro.com\/pt-pt\/money\/safe-and-secure\/#breadcrumb\",\"itemListElement\":[{\"@type\":\"ListItem\",\"position\":1,\"name\":\"In\u00edcio\",\"item\":\"https:\/\/www.etoro.com\/pt-pt\/\"},{\"@type\":\"ListItem\",\"position\":2,\"name\":\"Money EU\",\"item\":\"https:\/\/www.etoro.com\/pt-pt\/money\/\"},{\"@type\":\"ListItem\",\"position\":3,\"name\":\"Safe & Secure\"}]},{\"@type\":\"WebSite\",\"@id\":\"https:\/\/www.etoro.com\/pt-pt\/#website\",\"url\":\"https:\/\/www.etoro.com\/pt-pt\/\",\"name\":\"eToro\",\"description\":\"\",\"publisher\":{\"@id\":\"https:\/\/www.etoro.com\/pt-pt\/#organization\"},\"potentialAction\":[{\"@type\":\"SearchAction\",\"target\":{\"@type\":\"EntryPoint\",\"urlTemplate\":\"https:\/\/www.etoro.com\/pt-pt\/?s={search_term_string}\"},\"query-input\":{\"@type\":\"PropertyValueSpecification\",\"valueRequired\":true,\"valueName\":\"search_term_string\"}}],\"inLanguage\":\"pt\"},[]]}<\/script>","yoast_head_json":{"title":"Como a eToro Money cuida dos seus fundos com seguran\u00e7a","description":"A seguran\u00e7a do seu dinheiro \u00e9 a nossa maior prioridade na eToro Money. Garantimos que o seu dinheiro, o seu aplicativo e a sua conta sejam mantidos em seguran\u00e7a","robots":{"index":"index","follow":"follow","max-snippet":"max-snippet:-1","max-image-preview":"max-image-preview:large","max-video-preview":"max-video-preview:-1"},"canonical":"https:\/\/www.etoro.com\/pt-pt\/wp-json\/wp\/v2\/pages\/539842","og_locale":"pt_PT","og_type":"article","og_title":"Como a eToro Money cuida dos seus fundos com seguran\u00e7a","og_description":"A seguran\u00e7a do seu dinheiro \u00e9 a nossa maior prioridade na eToro Money. Garantimos que o seu dinheiro, o seu aplicativo e a sua conta sejam mantidos em seguran\u00e7a","og_url":"https:\/\/www.etoro.com\/pt-pt\/wp-json\/wp\/v2\/pages\/539842","og_site_name":"eToro","article_publisher":"https:\/\/www.facebook.com\/eToro\/","article_modified_time":"2023-01-09T08:06:04+00:00","og_image":[{"width":1200,"height":630,"url":"https:\/\/www.etoro.com\/wp-content\/uploads\/2022\/09\/Featured-image-1200x630-1.jpg","type":"image\/jpeg"}],"twitter_card":"summary_large_image","twitter_image":"https:\/\/www.etoro.com\/wp-content\/uploads\/2022\/09\/Featured-image-1200x630-1.jpg","twitter_site":"@eToro","schema":{"@context":"https:\/\/schema.org","@graph":[{"@type":"WebPage","@id":"https:\/\/www.etoro.com\/pt-pt\/money\/safe-and-secure\/","url":"https:\/\/www.etoro.com\/pt-pt\/money\/safe-and-secure\/","name":"Como a eToro Money cuida dos seus fundos com seguran\u00e7a","isPartOf":{"@id":"https:\/\/www.etoro.com\/pt-pt\/#website"},"primaryImageOfPage":{"@id":"https:\/\/www.etoro.com\/pt-pt\/money\/safe-and-secure\/#primaryimage"},"image":{"@id":"https:\/\/www.etoro.com\/pt-pt\/money\/safe-and-secure\/#primaryimage"},"thumbnailUrl":"https:\/\/www.etoro.com\/wp-content\/uploads\/2022\/09\/Featured-image-1200x630-1.jpg","datePublished":"2022-09-12T07:17:40+00:00","dateModified":"2023-01-09T08:06:04+00:00","description":"A seguran\u00e7a do seu dinheiro \u00e9 a nossa maior prioridade na eToro Money. Garantimos que o seu dinheiro, o seu aplicativo e a sua conta sejam mantidos em seguran\u00e7a","breadcrumb":{"@id":"https:\/\/www.etoro.com\/pt-pt\/money\/safe-and-secure\/#breadcrumb"},"inLanguage":"pt","potentialAction":[{"@type":"ReadAction","target":["https:\/\/www.etoro.com\/pt-pt\/money\/safe-and-secure\/"]}]},{"@type":"ImageObject","inLanguage":"pt","@id":"https:\/\/www.etoro.com\/pt-pt\/money\/safe-and-secure\/#primaryimage","url":"https:\/\/www.etoro.com\/wp-content\/uploads\/2022\/09\/Featured-image-1200x630-1.jpg","contentUrl":"https:\/\/www.etoro.com\/wp-content\/uploads\/2022\/09\/Featured-image-1200x630-1.jpg","width":1200,"height":630},{"@type":"BreadcrumbList","@id":"https:\/\/www.etoro.com\/pt-pt\/money\/safe-and-secure\/#breadcrumb","itemListElement":[{"@type":"ListItem","position":1,"name":"In\u00edcio","item":"https:\/\/www.etoro.com\/pt-pt\/"},{"@type":"ListItem","position":2,"name":"Money EU","item":"https:\/\/www.etoro.com\/pt-pt\/money\/"},{"@type":"ListItem","position":3,"name":"Safe & Secure"}]},{"@type":"WebSite","@id":"https:\/\/www.etoro.com\/pt-pt\/#website","url":"https:\/\/www.etoro.com\/pt-pt\/","name":"eToro","description":"","publisher":{"@id":"https:\/\/www.etoro.com\/pt-pt\/#organization"},"potentialAction":[{"@type":"SearchAction","target":{"@type":"EntryPoint","urlTemplate":"https:\/\/www.etoro.com\/pt-pt\/?s={search_term_string}"},"query-input":{"@type":"PropertyValueSpecification","valueRequired":true,"valueName":"search_term_string"}}],"inLanguage":"pt"},[]]}},"_links":{"self":[{"href":"https:\/\/www.etoro.com\/pt-pt\/wp-json\/wp\/v2\/pages\/539842"}],"collection":[{"href":"https:\/\/www.etoro.com\/pt-pt\/wp-json\/wp\/v2\/pages"}],"about":[{"href":"https:\/\/www.etoro.com\/pt-pt\/wp-json\/wp\/v2\/types\/page"}],"author":[{"embeddable":true,"href":"https:\/\/www.etoro.com\/pt-pt\/wp-json\/wp\/v2\/users\/95"}],"replies":[{"embeddable":true,"href":"https:\/\/www.etoro.com\/pt-pt\/wp-json\/wp\/v2\/comments?post=539842"}],"version-history":[{"count":0,"href":"https:\/\/www.etoro.com\/pt-pt\/wp-json\/wp\/v2\/pages\/539842\/revisions"}],"up":[{"embeddable":true,"href":"https:\/\/www.etoro.com\/pt-pt\/wp-json\/wp\/v2\/pages\/422105"}],"wp:featuredmedia":[{"embeddable":true,"href":"https:\/\/www.etoro.com\/pt-pt\/wp-json\/wp\/v2\/media\/481062"}],"wp:attachment":[{"href":"https:\/\/www.etoro.com\/pt-pt\/wp-json\/wp\/v2\/media?parent=539842"}],"wp:term":[{"taxonomy":"asset_type","embeddable":true,"href":"https:\/\/www.etoro.com\/pt-pt\/wp-json\/wp\/v2\/asset_type?post=539842"}],"curies":[{"name":"wp","href":"https:\/\/api.w.org\/{rel}","templated":true}]}}