{"id":673583,"date":"2023-07-26T16:17:58","date_gmt":"2023-07-26T13:17:58","guid":{"rendered":"https:\/\/www.etoro.com\/customer-service\/trading-restriction\/"},"modified":"2023-10-19T18:05:19","modified_gmt":"2023-10-19T15:05:19","slug":"trading-restriction","status":"publish","type":"page","link":"https:\/\/www.etoro.com\/pt-pt\/customer-service\/terms-conditions\/trading-restriction\/","title":{"rendered":"Atualiza\u00e7\u00e3o comercial"},"content":{"rendered":"\n<section class=\"wp-block-group wp-block-group-boxed has-white-background-color has-background\"><div class=\"wp-block-group-inner is-layout-flow wp-block-group-is-layout-flow\">\n<div class=\"wp-block-columns are-vertically-aligned-top wp-block-columns-1 wp-block-columns-size-14 is-layout-flex wp-container-core-columns-is-layout-1 wp-block-columns-is-layout-flex\">\n<div class=\"wp-block-column wp-block-column-align-desktop-center wp-block-column-align-mobile-left is-layout-flow wp-block-column-is-layout-flow\">\n<h2 class=\"wp-block-heading has-text-align-center\">Restri\u00e7\u00e3o de negocia\u00e7\u00e3o de criptomoedas<\/h2>\n\n\n\n<p class=\"has-text-align-center\">Devido \u00e0s perdas potenciais, a Financial Conduct Authority (FCA) considera este investimento de alto risco.<\/p>\n<\/div>\n<\/div>\n<\/div><\/section>\n\n\n\n<section class=\"wp-block-group wp-block-group-boxed\"><div class=\"wp-block-group-inner is-layout-flow wp-block-group-is-layout-flow\">\n<div class=\"wp-block-columns are-vertically-aligned-top wp-block-columns-1 wp-block-columns-size-14 is-layout-flex wp-container-core-columns-is-layout-2 wp-block-columns-is-layout-flex\">\n<div class=\"wp-block-column is-layout-flow wp-block-column-is-layout-flow\">\n<h2 class=\"wp-block-heading\">Quais s\u00e3o <strong>os principais riscos?<\/strong><\/h2>\n\n\n\n<h3 class=\"wp-block-heading\">1. Pode perder todo o valor que investe<\/h3>\n\n\n\n<ul class=\"wp-block-list wp-block-list-circle\">\n<li>O desempenho da maioria dos criptoativos pode ser muito vol\u00e1til e o seu valor pode cair t\u00e3o r\u00e1pido quanto aumenta. Deve estar preparado para perder todo o seu dinheiro investido em criptoativos.<\/li>\n\n\n\n<li>O mercado de criptoativos \u00e9 amplamente desregulado. Existe o risco de perder dinheiro ou quaisquer criptoativos adquiridos devido a riscos, por exemplo, relacionados a ataques cibern\u00e9ticos, crimes financeiros e fal\u00eancia da empresa.<\/li>\n<\/ul>\n<\/div>\n<\/div>\n<\/div><\/section>\n\n\n\n<section class=\"wp-block-group wp-block-group-boxed has-white-background-color has-background\"><div class=\"wp-block-group-inner is-layout-flow wp-block-group-is-layout-flow\">\n<div class=\"wp-block-columns are-vertically-aligned-top wp-block-columns-1 wp-block-columns-size-14 is-layout-flex wp-container-core-columns-is-layout-3 wp-block-columns-is-layout-flex\">\n<div class=\"wp-block-column is-layout-flow wp-block-column-is-layout-flow\">\n<h3 class=\"wp-block-heading\">2. N\u00e3o deve esperar prote\u00e7\u00e3o se algo der errado<\/h3>\n\n\n\n<ul class=\"wp-block-list wp-block-list-circle\">\n<li>O Financial Services Compensation Scheme (FSCS) n\u00e3o protege este tipo de investimento, pois n\u00e3o \u00e9 um &#8220;investimento especificado&#8221; sob o regime regulat\u00f3rio do Reino Unido &#8211; noutras palavras, este tipo de investimento n\u00e3o \u00e9 considerado eleg\u00edvel para prote\u00e7\u00e3o do FSCS. Saiba mais com este verificador de seguran\u00e7a de investimento FSCS aqui. [<a href=\"https:\/\/www.fscs.org.uk\/check\/investment-protection-checker\" rel=\"nofollow noopener noreferrer\" >https:\/\/www.fscs.org.uk\/check\/investment-protection-checker<\/a>].<\/li>\n\n\n\n<li>O Financial Ombudsman Service (FOS) n\u00e3o poder\u00e1 investigar reclama\u00e7\u00f5es relacionadas a esta empresa ou a prote\u00e7\u00e3o do Financial Ombudsman (FOS) n\u00e3o cobre mau desempenho de investimento. Se tiver uma reclama\u00e7\u00e3o contra uma empresa regulada pela FCA, o FOS poder\u00e1 analis\u00e1-la. Obtenha mais informa\u00e7\u00f5es sobre prote\u00e7\u00e3o FOS aqui. [<a href=\"https:\/\/www.financial-ombudsman.org.uk\/consumers\" rel=\"nofollow noopener noreferrer\" >https:\/\/www.financial-ombudsman.org.uk\/consumers<\/a>].<\/li>\n<\/ul>\n<\/div>\n<\/div>\n<\/div><\/section>\n\n\n\n<section class=\"wp-block-group wp-block-group-boxed\"><div class=\"wp-block-group-inner is-layout-flow wp-block-group-is-layout-flow\">\n<div class=\"wp-block-columns are-vertically-aligned-top wp-block-columns-1 wp-block-columns-size-14 is-layout-flex wp-container-core-columns-is-layout-4 wp-block-columns-is-layout-flex\">\n<div class=\"wp-block-column is-layout-flow wp-block-column-is-layout-flow\">\n<h3 class=\"wp-block-heading\">3. Pode n\u00e3o conseguir vender o seu investimento quando quiser<\/h3>\n\n\n\n<ul class=\"wp-block-list wp-block-list-circle\">\n<li>N\u00e3o h\u00e1 garantia de que os investimentos em criptoativos ser\u00e3o facilmente vendidos a qualquer momento. A capacidade de vender criptoativos depende de v\u00e1rios fatores, incluindo oferta e procura no mercado a qualquer momento.<\/li>\n\n\n\n<li>Falhas operacionais tais como falhas t\u00e9cnicas, ataques cibern\u00e9ticos e misturas de ativos podem causar atrasos indesej\u00e1veis \u200b\u200be pode n\u00e3o conseguir vender os seus criptoativos no hor\u00e1rio de sua prefer\u00eancia.<\/li>\n<\/ul>\n<\/div>\n<\/div>\n<\/div><\/section>\n\n\n\n<section class=\"wp-block-group wp-block-group-boxed has-white-background-color has-background\"><div class=\"wp-block-group-inner is-layout-flow wp-block-group-is-layout-flow\">\n<div class=\"wp-block-columns are-vertically-aligned-top wp-block-columns-1 wp-block-columns-size-14 is-layout-flex wp-container-core-columns-is-layout-5 wp-block-columns-is-layout-flex\">\n<div class=\"wp-block-column is-layout-flow wp-block-column-is-layout-flow\">\n<h3 class=\"wp-block-heading\">4. Os investimentos em criptoativos podem ser complexos<\/h3>\n\n\n\n<ul class=\"wp-block-list wp-block-list-circle\">\n<li>Os investimentos em criptoativos podem ser complexos, dificultando a compreens\u00e3o dos riscos envolvidos no investimento.<\/li>\n\n\n\n<li>Fa\u00e7a a sua pr\u00f3pria pesquisa antes de investir. Se algo parece bom demais para ser verdade, provavelmente \u00e9.<\/li>\n<\/ul>\n<\/div>\n<\/div>\n<\/div><\/section>\n\n\n\n<section class=\"wp-block-group wp-block-group-boxed\"><div class=\"wp-block-group-inner is-layout-flow wp-block-group-is-layout-flow\">\n<div class=\"wp-block-columns are-vertically-aligned-top wp-block-columns-1 wp-block-columns-size-14 is-layout-flex wp-container-core-columns-is-layout-6 wp-block-columns-is-layout-flex\">\n<div class=\"wp-block-column is-layout-flow wp-block-column-is-layout-flow\">\n<h3 class=\"wp-block-heading\">5. N\u00e3o coloque todos os ovos no mesmo cesto<\/h3>\n\n\n\n<ul class=\"wp-block-list wp-block-list-circle\">\n<li>Investir todo o seu dinheiro num tipo de investimento \u00e9 arriscado. Ao distribuir o seu dinheiro em diferentes investimentos pode reduzir a sua depend\u00eancia de um deles.<\/li>\n\n\n\n<li>N\u00e3o investir mais de 10% de seus fundos em investimentos de alto risco \u00e9 uma regra de ouro. [<a href=\"https:\/\/www.fca.org.uk\/investsmart\/5-questions-ask-you-invest\" rel=\"nofollow noopener noreferrer\" >https:\/\/www.fca.org.uk\/investsmart\/5-questions-ask-you-invest<\/a>]<\/li>\n<\/ul>\n\n\n\n<p class=\"is-style-default\">Se quiser saber mais sobre como se proteger, acesse o site da FCA. [<a href=\"https:\/\/www.fca.org.uk\/investsmart\" rel=\"nofollow noopener noreferrer\" >https:\/\/www.fca.org.uk\/investsmart<\/a>]<\/p>\n\n\n\n<p class=\"is-style-default\">Para mais informa\u00e7\u00f5es sobre criptoativos, visite o site da FCA. [<a href=\"https:\/\/www.fca.org.uk\/investsmart\/crypto-basics\" rel=\"nofollow noopener noreferrer\" >https:\/\/www.fca.org.uk\/investsmart\/crypto-basics<\/a>]<\/p>\n<\/div>\n<\/div>\n<\/div><\/section>\n","protected":false},"excerpt":{"rendered":"<p>Restri\u00e7\u00e3o de negocia\u00e7\u00e3o de criptomoedas Devido \u00e0s perdas potenciais, a Financial Conduct Authority (FCA) considera este investimento de alto risco. Quais s\u00e3o os principais riscos? 1. Pode perder todo o valor que investe 2. N\u00e3o deve esperar prote\u00e7\u00e3o se algo der errado 3. Pode n\u00e3o conseguir vender o seu investimento quando quiser 4. Os investimentos&hellip;<\/p>\n","protected":false},"author":119,"featured_media":673684,"parent":10770,"menu_order":0,"comment_status":"closed","ping_status":"closed","template":"","meta":{"_acf_changed":false,"inline_featured_image":false,"sticky_cta_settings":"","footnotes":""},"asset_type":[],"class_list":["post-673583","page","type-page","status-publish","has-post-thumbnail","hentry"],"acf":[],"yoast_head":"<title>Atualiza\u00e7\u00e3o comercial - eToro<\/title>\n<meta name=\"robots\" content=\"noindex, nofollow\" \/>\n<meta property=\"og:locale\" content=\"pt_PT\" \/>\n<meta property=\"og:type\" content=\"article\" \/>\n<meta property=\"og:title\" content=\"Atualiza\u00e7\u00e3o comercial - eToro\" \/>\n<meta property=\"og:description\" content=\"Restri\u00e7\u00e3o de negocia\u00e7\u00e3o de criptomoedas Devido \u00e0s perdas potenciais, a Financial Conduct Authority (FCA) considera este investimento de alto risco. Quais s\u00e3o os principais riscos? 1. Pode perder todo o valor que investe 2. N\u00e3o deve esperar prote\u00e7\u00e3o se algo der errado 3. Pode n\u00e3o conseguir vender o seu investimento quando quiser 4. Os investimentos&hellip;\" \/>\n<meta property=\"og:url\" content=\"https:\/\/www.etoro.com\/pt-pt\/wp-json\/wp\/v2\/pages\/673583\" \/>\n<meta property=\"og:site_name\" content=\"eToro\" \/>\n<meta property=\"article:publisher\" content=\"https:\/\/www.facebook.com\/eToro\/\" \/>\n<meta property=\"article:modified_time\" content=\"2023-10-19T15:05:19+00:00\" \/>\n<meta property=\"og:image\" content=\"https:\/\/www.etoro.com\/wp-content\/uploads\/2023\/08\/Featured-image-1200x630-1.png\" \/>\n\t<meta property=\"og:image:width\" content=\"1200\" \/>\n\t<meta property=\"og:image:height\" content=\"630\" \/>\n\t<meta property=\"og:image:type\" content=\"image\/png\" \/>\n<meta name=\"twitter:card\" content=\"summary_large_image\" \/>\n<meta name=\"twitter:site\" content=\"@eToro\" \/>\n<meta name=\"twitter:label1\" content=\"Est. reading time\" \/>\n\t<meta name=\"twitter:data1\" content=\"2 minutes\" \/>\n<script type=\"application\/ld+json\" class=\"yoast-schema-graph\">{\"@context\":\"https:\/\/schema.org\",\"@graph\":[{\"@type\":\"WebPage\",\"@id\":\"https:\/\/www.etoro.com\/pt-pt\/customer-service\/terms-conditions\/trading-restriction\/\",\"url\":\"https:\/\/www.etoro.com\/pt-pt\/customer-service\/terms-conditions\/trading-restriction\/\",\"name\":\"Atualiza\u00e7\u00e3o comercial - eToro\",\"isPartOf\":{\"@id\":\"https:\/\/www.etoro.com\/pt-pt\/#website\"},\"primaryImageOfPage\":{\"@id\":\"https:\/\/www.etoro.com\/pt-pt\/customer-service\/terms-conditions\/trading-restriction\/#primaryimage\"},\"image\":{\"@id\":\"https:\/\/www.etoro.com\/pt-pt\/customer-service\/terms-conditions\/trading-restriction\/#primaryimage\"},\"thumbnailUrl\":\"https:\/\/www.etoro.com\/wp-content\/uploads\/2023\/08\/Featured-image-1200x630-1.png\",\"datePublished\":\"2023-07-26T13:17:58+00:00\",\"dateModified\":\"2023-10-19T15:05:19+00:00\",\"breadcrumb\":{\"@id\":\"https:\/\/www.etoro.com\/pt-pt\/customer-service\/terms-conditions\/trading-restriction\/#breadcrumb\"},\"inLanguage\":\"pt\",\"potentialAction\":[{\"@type\":\"ReadAction\",\"target\":[\"https:\/\/www.etoro.com\/pt-pt\/customer-service\/terms-conditions\/trading-restriction\/\"]}]},{\"@type\":\"ImageObject\",\"inLanguage\":\"pt\",\"@id\":\"https:\/\/www.etoro.com\/pt-pt\/customer-service\/terms-conditions\/trading-restriction\/#primaryimage\",\"url\":\"https:\/\/www.etoro.com\/wp-content\/uploads\/2023\/08\/Featured-image-1200x630-1.png\",\"contentUrl\":\"https:\/\/www.etoro.com\/wp-content\/uploads\/2023\/08\/Featured-image-1200x630-1.png\",\"width\":1200,\"height\":630,\"caption\":\"Trading Update\"},{\"@type\":\"BreadcrumbList\",\"@id\":\"https:\/\/www.etoro.com\/pt-pt\/customer-service\/terms-conditions\/trading-restriction\/#breadcrumb\",\"itemListElement\":[{\"@type\":\"ListItem\",\"position\":1,\"name\":\"In\u00edcio\",\"item\":\"https:\/\/www.etoro.com\/pt-pt\/\"},{\"@type\":\"ListItem\",\"position\":2,\"name\":\"Servi\u00e7o De Cliente\",\"item\":\"https:\/\/www.etoro.com\/pt-pt\/customer-service\/\"},{\"@type\":\"ListItem\",\"position\":3,\"name\":\"TERMOS E CONDI\u00c7\u00d5ES\",\"item\":\"https:\/\/www.etoro.com\/pt-pt\/customer-service\/terms-conditions\/\"},{\"@type\":\"ListItem\",\"position\":4,\"name\":\"Atualiza\u00e7\u00e3o comercial\"}]},{\"@type\":\"WebSite\",\"@id\":\"https:\/\/www.etoro.com\/pt-pt\/#website\",\"url\":\"https:\/\/www.etoro.com\/pt-pt\/\",\"name\":\"eToro\",\"description\":\"\",\"publisher\":{\"@id\":\"https:\/\/www.etoro.com\/pt-pt\/#organization\"},\"potentialAction\":[{\"@type\":\"SearchAction\",\"target\":{\"@type\":\"EntryPoint\",\"urlTemplate\":\"https:\/\/www.etoro.com\/pt-pt\/?s={search_term_string}\"},\"query-input\":{\"@type\":\"PropertyValueSpecification\",\"valueRequired\":true,\"valueName\":\"search_term_string\"}}],\"inLanguage\":\"pt\"},[]]}<\/script>","yoast_head_json":{"title":"Atualiza\u00e7\u00e3o comercial - eToro","robots":{"index":"noindex","follow":"nofollow"},"og_locale":"pt_PT","og_type":"article","og_title":"Atualiza\u00e7\u00e3o comercial - eToro","og_description":"Restri\u00e7\u00e3o de negocia\u00e7\u00e3o de criptomoedas Devido \u00e0s perdas potenciais, a Financial Conduct Authority (FCA) considera este investimento de alto risco. Quais s\u00e3o os principais riscos? 1. Pode perder todo o valor que investe 2. N\u00e3o deve esperar prote\u00e7\u00e3o se algo der errado 3. Pode n\u00e3o conseguir vender o seu investimento quando quiser 4. Os investimentos&hellip;","og_url":"https:\/\/www.etoro.com\/pt-pt\/wp-json\/wp\/v2\/pages\/673583","og_site_name":"eToro","article_publisher":"https:\/\/www.facebook.com\/eToro\/","article_modified_time":"2023-10-19T15:05:19+00:00","og_image":[{"width":1200,"height":630,"url":"https:\/\/www.etoro.com\/wp-content\/uploads\/2023\/08\/Featured-image-1200x630-1.png","type":"image\/png"}],"twitter_card":"summary_large_image","twitter_site":"@eToro","twitter_misc":{"Est. reading time":"2 minutes"},"schema":{"@context":"https:\/\/schema.org","@graph":[{"@type":"WebPage","@id":"https:\/\/www.etoro.com\/pt-pt\/customer-service\/terms-conditions\/trading-restriction\/","url":"https:\/\/www.etoro.com\/pt-pt\/customer-service\/terms-conditions\/trading-restriction\/","name":"Atualiza\u00e7\u00e3o comercial - eToro","isPartOf":{"@id":"https:\/\/www.etoro.com\/pt-pt\/#website"},"primaryImageOfPage":{"@id":"https:\/\/www.etoro.com\/pt-pt\/customer-service\/terms-conditions\/trading-restriction\/#primaryimage"},"image":{"@id":"https:\/\/www.etoro.com\/pt-pt\/customer-service\/terms-conditions\/trading-restriction\/#primaryimage"},"thumbnailUrl":"https:\/\/www.etoro.com\/wp-content\/uploads\/2023\/08\/Featured-image-1200x630-1.png","datePublished":"2023-07-26T13:17:58+00:00","dateModified":"2023-10-19T15:05:19+00:00","breadcrumb":{"@id":"https:\/\/www.etoro.com\/pt-pt\/customer-service\/terms-conditions\/trading-restriction\/#breadcrumb"},"inLanguage":"pt","potentialAction":[{"@type":"ReadAction","target":["https:\/\/www.etoro.com\/pt-pt\/customer-service\/terms-conditions\/trading-restriction\/"]}]},{"@type":"ImageObject","inLanguage":"pt","@id":"https:\/\/www.etoro.com\/pt-pt\/customer-service\/terms-conditions\/trading-restriction\/#primaryimage","url":"https:\/\/www.etoro.com\/wp-content\/uploads\/2023\/08\/Featured-image-1200x630-1.png","contentUrl":"https:\/\/www.etoro.com\/wp-content\/uploads\/2023\/08\/Featured-image-1200x630-1.png","width":1200,"height":630,"caption":"Trading Update"},{"@type":"BreadcrumbList","@id":"https:\/\/www.etoro.com\/pt-pt\/customer-service\/terms-conditions\/trading-restriction\/#breadcrumb","itemListElement":[{"@type":"ListItem","position":1,"name":"In\u00edcio","item":"https:\/\/www.etoro.com\/pt-pt\/"},{"@type":"ListItem","position":2,"name":"Servi\u00e7o De Cliente","item":"https:\/\/www.etoro.com\/pt-pt\/customer-service\/"},{"@type":"ListItem","position":3,"name":"TERMOS E CONDI\u00c7\u00d5ES","item":"https:\/\/www.etoro.com\/pt-pt\/customer-service\/terms-conditions\/"},{"@type":"ListItem","position":4,"name":"Atualiza\u00e7\u00e3o comercial"}]},{"@type":"WebSite","@id":"https:\/\/www.etoro.com\/pt-pt\/#website","url":"https:\/\/www.etoro.com\/pt-pt\/","name":"eToro","description":"","publisher":{"@id":"https:\/\/www.etoro.com\/pt-pt\/#organization"},"potentialAction":[{"@type":"SearchAction","target":{"@type":"EntryPoint","urlTemplate":"https:\/\/www.etoro.com\/pt-pt\/?s={search_term_string}"},"query-input":{"@type":"PropertyValueSpecification","valueRequired":true,"valueName":"search_term_string"}}],"inLanguage":"pt"},[]]}},"_links":{"self":[{"href":"https:\/\/www.etoro.com\/pt-pt\/wp-json\/wp\/v2\/pages\/673583"}],"collection":[{"href":"https:\/\/www.etoro.com\/pt-pt\/wp-json\/wp\/v2\/pages"}],"about":[{"href":"https:\/\/www.etoro.com\/pt-pt\/wp-json\/wp\/v2\/types\/page"}],"author":[{"embeddable":true,"href":"https:\/\/www.etoro.com\/pt-pt\/wp-json\/wp\/v2\/users\/119"}],"replies":[{"embeddable":true,"href":"https:\/\/www.etoro.com\/pt-pt\/wp-json\/wp\/v2\/comments?post=673583"}],"version-history":[{"count":0,"href":"https:\/\/www.etoro.com\/pt-pt\/wp-json\/wp\/v2\/pages\/673583\/revisions"}],"up":[{"embeddable":true,"href":"https:\/\/www.etoro.com\/pt-pt\/wp-json\/wp\/v2\/pages\/10770"}],"wp:featuredmedia":[{"embeddable":true,"href":"https:\/\/www.etoro.com\/pt-pt\/wp-json\/wp\/v2\/media\/673684"}],"wp:attachment":[{"href":"https:\/\/www.etoro.com\/pt-pt\/wp-json\/wp\/v2\/media?parent=673583"}],"wp:term":[{"taxonomy":"asset_type","embeddable":true,"href":"https:\/\/www.etoro.com\/pt-pt\/wp-json\/wp\/v2\/asset_type?post=673583"}],"curies":[{"name":"wp","href":"https:\/\/api.w.org\/{rel}","templated":true}]}}