{"id":712605,"date":"2023-08-30T14:27:33","date_gmt":"2023-08-30T11:27:33","guid":{"rendered":"https:\/\/www.etoro.com\/investing\/etf\/"},"modified":"2025-06-16T12:12:48","modified_gmt":"2025-06-16T09:12:48","slug":"etf","status":"publish","type":"page","link":"https:\/\/www.etoro.com\/pt-pt\/investing\/etf\/","title":{"rendered":"ETF"},"content":{"rendered":"\n<div class=\"wp-block-etoro-half-cover has-white-background-color\">\n<div class=\"wp-block-etoro-half-cover-left\"><p id=\"breadcrumbs\" class=\"gray-dark\"><span><span><a href=\"https:\/\/www.etoro.com\/pt-pt\/\">In\u00edcio<\/a><\/span><\/span><\/p>\n<h1 class=\"wp-block-heading is-style-banner-title\">Invista em <strong>fundos negociados em bolsa<\/strong><\/h1>\n\n\n\n<p>Investimentos diversificados est\u00e3o ao seu alcance com mais de 300 ETFs para escolher.<\/p>\n\n\n\n<div class=\"wp-block-buttons is-layout-flex wp-block-buttons-is-layout-flex\">\n<a class=\"e-cta e-cta-primary\" href=\"https:\/\/etoro.com\/pt-pt\/accounts\/sign-up\" rel=\"nofollow noopener noreferrer\" >Iniciar<\/a>\n<\/div>\n<\/div>\n\n\n\n<div class=\"wp-block-etoro-half-cover-right\">\n<img decoding=\"async\" src=\"https:\/\/www.etoro.com\/wp-content\/uploads\/2025\/04\/ETF_desktop.png\" alt=\"\" class=\"wp-block-etoro-half-cover-media\"\/><img decoding=\"async\" src=\"https:\/\/www.etoro.com\/wp-content\/uploads\/2025\/06\/ETF_640x450.png\" alt=\"\" class=\"wp-block-etoro-half-cover-media-desktop\"\/><img decoding=\"async\" src=\"https:\/\/www.etoro.com\/wp-content\/uploads\/2025\/06\/ETF_960x480.png\" alt=\"\" class=\"wp-block-etoro-half-cover-media-tablet\"\/><img decoding=\"async\" src=\"https:\/\/www.etoro.com\/wp-content\/uploads\/2025\/04\/ETFmobile.png\" alt=\"\" class=\"wp-block-etoro-half-cover-media-mobile\"\/>\n<\/div>\n<\/div>\n\n\n\n<section class=\"wp-block-group wp-block-group-boxed has-white-background-color has-background\"><div class=\"wp-block-group-inner is-layout-flow wp-block-group-is-layout-flow\">\n<div class=\"wp-block-columns are-vertically-aligned-top wp-block-columns-1 is-layout-flex wp-container-core-columns-is-layout-1 wp-block-columns-is-layout-flex\">\n<div class=\"wp-block-column wp-block-column-align-mobile-left is-layout-flow wp-block-column-is-layout-flow\">\n<h2 class=\"wp-block-heading has-text-align-center\"><span>Por que<strong> ETFs?<\/strong><\/span><\/h2>\n\n\n\n<p class=\"has-text-align-center\">Um ETF, ou fundo negociado em bolsa, \u00e9 um tipo de fundo de investimento que visa acompanhar o desempenho de um \u00edndice espec\u00edfico do mercado de a\u00e7\u00f5es, setor industrial ou ativo.<\/p>\n<\/div>\n<\/div>\n\n\n\n<div class=\"wp-block-columns are-vertically-aligned-top wp-block-columns-3 is-layout-flex wp-container-core-columns-is-layout-2 wp-block-columns-is-layout-flex\">\n<div class=\"wp-block-column is-layout-flow wp-block-column-is-layout-flow\">\n<div class=\"wp-block-etoro-card wp-block-etoro-card-size-small wp-block-etoro-card-thumbnail-position-above wp-block-etoro-card-default\"><img decoding=\"async\" src=\"https:\/\/www.etoro.com\/wp-content\/uploads\/2023\/08\/Diversified.png\" alt=\"Diversificar\" class=\"wp-block-etoro-card-thumbnail\"\/><div class=\"wp-block-etoro-card-body\"><div class=\"wp-block-etoro-card-title\"><strong><br>Diversificar<\/strong><\/div><div class=\"wp-block-etoro-card-content\">\n<p>Atrav\u00e9s de um ETF, pode potencialmente obter exposi\u00e7\u00e3o a centenas de ativos<\/p>\n\n\n\n<p><\/p>\n<\/div><\/div><\/div>\n<\/div>\n\n\n\n<div class=\"wp-block-column is-layout-flow wp-block-column-is-layout-flow\">\n<div class=\"wp-block-etoro-card wp-block-etoro-card-size-small wp-block-etoro-card-thumbnail-position-above wp-block-etoro-card-default\"><img decoding=\"async\" src=\"https:\/\/www.etoro.com\/wp-content\/uploads\/2023\/08\/simplify.png\" alt=\"Simplificar\" class=\"wp-block-etoro-card-thumbnail\"\/><div class=\"wp-block-etoro-card-body\"><div class=\"wp-block-etoro-card-title\"><strong>Simplificar<\/strong><\/div><div class=\"wp-block-etoro-card-content\">\n<p>Os ETFs est\u00e3o prontos e n\u00e3o exigem que escolha os ativos individualmente<\/p>\n<\/div><\/div><\/div>\n<\/div>\n\n\n\n<div class=\"wp-block-column is-layout-flow wp-block-column-is-layout-flow\">\n<div class=\"wp-block-etoro-card wp-block-etoro-card-size-small wp-block-etoro-card-thumbnail-position-above wp-block-etoro-card-default\"><img decoding=\"async\" src=\"https:\/\/www.etoro.com\/wp-content\/uploads\/2023\/08\/Save-money.png\" alt=\"Salvar\" class=\"wp-block-etoro-card-thumbnail\"\/><div class=\"wp-block-etoro-card-body\"><div class=\"wp-block-etoro-card-title\"><strong>Salvar<\/strong><\/div><div class=\"wp-block-etoro-card-content\">\n<p>Os ETFs s\u00e3o mais rent\u00e1veis \u200b\u200bdo que os fundos geridos ativamente<\/p>\n<\/div><\/div><\/div>\n<\/div>\n<\/div>\n<\/div><\/section>\n\n\n\n<section class=\"wp-block-group wp-block-group-boxed has-dark-blue-background-color has-background\"><div class=\"wp-block-group-inner is-layout-flow wp-block-group-is-layout-flow\">\n<div class=\"wp-block-columns are-vertically-aligned-top wp-block-columns-1 is-layout-flex wp-container-core-columns-is-layout-3 wp-block-columns-is-layout-flex\">\n<div class=\"wp-block-column wp-block-column-align-mobile-left is-layout-flow wp-block-column-is-layout-flow\">\n<h2 class=\"wp-block-heading has-text-align-center\"><span>Escolha o ETF <strong>certo para si<\/strong><\/span><\/h2>\n\n\n\n<p><\/p>\n\n\n\n<div id=\"swiper1213855350\" class=\"wp-block-etoro-cards\"><div class=\"swiper-wrapper\">\n<div class=\"wp-block-etoro-card wp-block-etoro-card-size-small wp-block-etoro-card-thumbnail-position-above wp-block-etoro-card-default\"><img decoding=\"async\" src=\"https:\/\/www.etoro.com\/wp-content\/uploads\/2023\/08\/Index.png\" alt=\"ETFs de \u00cdndice\" class=\"wp-block-etoro-card-thumbnail\"\/><div class=\"wp-block-etoro-card-body\"><div class=\"wp-block-etoro-card-title\">ETFs de \u00cdndice<\/div><div class=\"wp-block-etoro-card-content\">\n<p>Procuram acompanhar o desempenho de um \u00edndice de refer\u00eancia.<\/p>\n<\/div><\/div><\/div>\n\n\n\n<div class=\"wp-block-etoro-card wp-block-etoro-card-size-small wp-block-etoro-card-thumbnail-position-above wp-block-etoro-card-default\"><img decoding=\"async\" src=\"https:\/\/www.etoro.com\/wp-content\/uploads\/2023\/08\/Wallet.png\" alt=\"ETFs de dividendos\" class=\"wp-block-etoro-card-thumbnail\"\/><div class=\"wp-block-etoro-card-body\"><div class=\"wp-block-etoro-card-title\">ETFs de dividendos<\/div><div class=\"wp-block-etoro-card-content\">\n<p>Manter a\u00e7\u00f5es com um forte hist\u00f3rico de pagamento de dividendos<\/p>\n<\/div><\/div><\/div>\n\n\n\n<div class=\"wp-block-etoro-card wp-block-etoro-card-size-small wp-block-etoro-card-thumbnail-position-above wp-block-etoro-card-default\"><img decoding=\"async\" src=\"https:\/\/www.etoro.com\/wp-content\/uploads\/2023\/08\/Handshake-1.png\" alt=\"ETFs de t\u00edtulos\" class=\"wp-block-etoro-card-thumbnail\"\/><div class=\"wp-block-etoro-card-body\"><div class=\"wp-block-etoro-card-title\">ETFs de t\u00edtulos<\/div><div class=\"wp-block-etoro-card-content\">\n<p>Pode ser uma excelente op\u00e7\u00e3o de investimento de menor risco.<\/p>\n<\/div><\/div><\/div>\n\n\n\n<div class=\"wp-block-etoro-card wp-block-etoro-card-size-small wp-block-etoro-card-thumbnail-position-above wp-block-etoro-card-default\"><img decoding=\"async\" src=\"https:\/\/www.etoro.com\/wp-content\/uploads\/2023\/08\/Commodities.png\" alt=\"ETFs de commodity\" class=\"wp-block-etoro-card-thumbnail\"\/><div class=\"wp-block-etoro-card-body\"><div class=\"wp-block-etoro-card-title\">ETFs de commodity<\/div><div class=\"wp-block-etoro-card-content\">\n<p>oferecem exposi\u00e7\u00e3o \u00e0s varia\u00e7\u00f5es de pre\u00e7os das mat\u00e9rias-primas.<\/p>\n<\/div><\/div><\/div>\n<\/div><\/div>\n<\/div>\n<\/div>\n<\/div><\/section>\n\n\n\n<section class=\"wp-block-group wp-block-group-boxed has-white-background-color has-background\"><div class=\"wp-block-group-inner is-layout-flow wp-block-group-is-layout-flow\">\n<div class=\"wp-block-columns are-vertically-aligned-top wp-block-columns-1 is-layout-flex wp-container-core-columns-is-layout-4 wp-block-columns-is-layout-flex\">\n<div class=\"wp-block-column is-layout-flow wp-block-column-is-layout-flow\">\n<h2 class=\"wp-block-heading has-text-align-center\"><span>Como comprar <strong>ETFs na eToro<\/strong><\/span><\/h2>\n<\/div>\n<\/div>\n\n\n\n<div class=\"wp-block-columns are-vertically-aligned-top wp-block-columns-3 is-layout-flex wp-container-core-columns-is-layout-5 wp-block-columns-is-layout-flex\">\n<div class=\"wp-block-column is-layout-flow wp-block-column-is-layout-flow\">\n<div class=\"wp-block-etoro-card wp-block-etoro-card-size-medium wp-block-etoro-card-thumbnail-position-above wp-block-etoro-card-default\"><img decoding=\"async\" src=\"https:\/\/www.etoro.com\/wp-content\/uploads\/2023\/08\/Ido-Guy-about-two-pa.png\" alt=\"Escolha um ETF\" class=\"wp-block-etoro-card-thumbnail\"\/><div class=\"wp-block-etoro-card-body\"><div class=\"wp-block-etoro-card-title\"><strong>Escolha um ETF<\/strong><\/div><div class=\"wp-block-etoro-card-content\">\n<p>Selecione o ETF que deseja negociar e clique no bot\u00e3o Negociar<\/p>\n<\/div><\/div><\/div>\n<\/div>\n\n\n\n<div class=\"wp-block-column is-layout-flow wp-block-column-is-layout-flow\">\n<div class=\"wp-block-etoro-card wp-block-etoro-card-size-medium wp-block-etoro-card-thumbnail-position-above wp-block-etoro-card-default\"><img decoding=\"async\" src=\"https:\/\/www.etoro.com\/wp-content\/uploads\/2023\/08\/Ido-Guy-about-two-pa-1.png\" alt=\"Quanto?\" class=\"wp-block-etoro-card-thumbnail\"\/><div class=\"wp-block-etoro-card-body\"><div class=\"wp-block-etoro-card-title\"><strong>Quanto?<\/strong><\/div><div class=\"wp-block-etoro-card-content\">\n<p>Insira a quantidade de dinheiro (ou n\u00famero de unidades) que deseja investir<\/p>\n<\/div><\/div><\/div>\n<\/div>\n\n\n\n<div class=\"wp-block-column is-layout-flow wp-block-column-is-layout-flow\">\n<div class=\"wp-block-etoro-card wp-block-etoro-card-size-medium wp-block-etoro-card-thumbnail-position-above wp-block-etoro-card-default\"><img decoding=\"async\" src=\"https:\/\/www.etoro.com\/wp-content\/uploads\/2023\/08\/Ido-Guy-about-two-pa-2.png\" alt=\"Posi\u00e7\u00e3o aberta\" class=\"wp-block-etoro-card-thumbnail\"\/><div class=\"wp-block-etoro-card-body\"><div class=\"wp-block-etoro-card-title\"><strong>Posi\u00e7\u00e3o aberta<\/strong><\/div><div class=\"wp-block-etoro-card-content\">\n<p>Depois de definir os par\u00e2metros da posi\u00e7\u00e3o, clique em Open Trade<\/p>\n<\/div><\/div><\/div>\n<\/div>\n<\/div>\n\n\n\n<div class=\"wp-block-buttons is-content-justification-center is-layout-flex wp-container-core-buttons-is-layout-2 wp-block-buttons-is-layout-flex\">\n<a class=\"e-cta e-cta-primary\" href=\"https:\/\/www.etoro.com\/pt-pt\/accounts\/sign-up\"><strong>Iniciar<\/strong><\/a>\n<\/div>\n<\/div><\/section>\n\n\n\n<section class=\"wp-block-group wp-block-group-boxed has-dark-blue-background-color has-background\"><div class=\"wp-block-group-inner is-layout-flow wp-block-group-is-layout-flow\">\n<div class=\"wp-block-columns are-vertically-aligned-center wp-block-columns-2 is-swapped-on-mobile is-layout-flex wp-container-core-columns-is-layout-6 wp-block-columns-is-layout-flex\">\n<div class=\"wp-block-column is-layout-flow wp-block-column-is-layout-flow\">\n<h2 class=\"wp-block-heading\"><span>Ganhe confian\u00e7a <strong>para negociar ETFs<\/strong><\/span><\/h2>\n\n\n\n<p>Quer aprimorar as suas habilidades de negocia\u00e7\u00e3o no seu pr\u00f3prio ritmo, sem risco? Use o portf\u00f3lio de demonstra\u00e7\u00e3o gratuito com US$ 100.000 em fundos virtuais para praticar o investimento em ETFs, bem como tudo o resto que a eToro tem para oferecer.<\/p>\n\n\n\n<div class=\"wp-block-buttons is-layout-flex wp-block-buttons-is-layout-flex\">\n<a class=\"e-cta e-cta-primary\" href=\"https:\/\/www.etoro.com\/pt-pt\/accounts\/sign-up\">Conta de Demonstra\u00e7\u00e3o Gratuita<\/a>\n<\/div>\n<\/div>\n\n\n\n<div class=\"wp-block-column is-layout-flow wp-block-column-is-layout-flow\">\n<figure class=\"wp-block-image size-full\"><img loading=\"lazy\" decoding=\"async\" width=\"576\" height=\"520\" src=\"https:\/\/www.etoro.com\/wp-content\/uploads\/2023\/08\/iPhone-13-Pro.png\" alt=\"\" class=\"wp-image-691827 wp-image-desktop\" srcset=\"https:\/\/www.etoro.com\/wp-content\/uploads\/2023\/08\/iPhone-13-Pro-300x271.png 300w, https:\/\/www.etoro.com\/wp-content\/uploads\/2023\/08\/iPhone-13-Pro.png 576w\" sizes=\"(max-width: 576px) 100vw, 576px\" \/><\/figure>\n<\/div>\n<\/div>\n<\/div><\/section>\n\n\n\n<section class=\"wp-block-group wp-block-group-boxed\"><div class=\"wp-block-group-inner is-layout-flow wp-block-group-is-layout-flow\">\n<dl class=\"wp-block-etoro-faq\">\n<div class=\"wp-block-etoro-faq-item\"><dt class=\"wp-block-etoro-faq-item-question\">O que \u00e9 um ETF?<\/dt><dd class=\"wp-block-etoro-faq-item-answer\">\n<p>Um ETF, ou fundo negociado em bolsa, \u00e9 um tipo de fundo de investimento que visa acompanhar o desempenho de um \u00edndice espec\u00edfico do mercado de a\u00e7\u00f5es, setor industrial ou ativo.<\/p>\n<\/dd><\/div>\n\n\n\n<div class=\"wp-block-etoro-faq-item\"><dt class=\"wp-block-etoro-faq-item-question\">Os ETFs s\u00e3o adequados para iniciantes?<\/dt><dd class=\"wp-block-etoro-faq-item-answer\">\n<p>Os ETFs fornecem uma maneira simples e direta de obter exposi\u00e7\u00e3o a um amplo espetro de ativos financeiros, abrangendo commodities, t\u00edtulos, a\u00e7\u00f5es e at\u00e9 mesmo im\u00f3veis. A negocia\u00e7\u00e3o de ETFs \u00e9 preferida ao uso de fundos m\u00fatuos, pois eles n\u00e3o incorrem nas mesmas taxas de negocia\u00e7\u00e3o e r\u00e1cios de despesas, ao mesmo tempo que fornece a acessibilidade de poder abrir e fechar posi\u00e7\u00f5es v\u00e1rias vezes ao dia, como na negocia\u00e7\u00e3o de a\u00e7\u00f5es.<\/p>\n\n\n\n<p>Se estiver interessado em aprender mais sobre como negociar ETFs, <a target=\"_blank\" href=\"https:\/\/www.etoro.com\/stocks\/investing-in-etfs\/\" rel=\"noreferrer noopener\">clique aqui<\/a> para ler o nosso guia completo sobre como investir em ETFs para iniciantes.<\/p>\n<\/dd><\/div>\n\n\n\n<div class=\"wp-block-etoro-faq-item\"><dt class=\"wp-block-etoro-faq-item-question\"><br>Que taxas pagarei pela negocia\u00e7\u00e3o de ETFs?<\/dt><dd class=\"wp-block-etoro-faq-item-answer\">\n<p>Para taxas associadas a ETFs, consulte a nossa <a href=\"https:\/\/www.etoro.com\/pt-pt\/trading\/fees\/\" target=\"_blank\" rel=\"noreferrer noopener\">p\u00e1gina Taxas<\/a>.<\/p>\n<\/dd><\/div>\n\n\n\n<div class=\"wp-block-etoro-faq-item\"><dt class=\"wp-block-etoro-faq-item-question\">Os ETFs pagam dividendos?<\/dt><dd class=\"wp-block-etoro-faq-item-answer\">\n<p>Os dividendos s\u00e3o pagamentos em dinheiro que algumas empresas pagam aos seus investidores a partir dos seus lucros. Nem todas as empresas pagam dividendos, mas muitas empresas bem estabelecidas o fazem. Se det\u00e9m um ETF que investe em empresas que pagam dividendos, receber\u00e1 dividendos. Para obter mais informa\u00e7\u00f5es sobre dividendos, consulte o <a href=\"https:\/\/www.etoro.com\/investing\/what-are-dividends\/\" target=\"_blank\" rel=\"noreferrer noopener\">nosso guia<\/a>.<\/p>\n<\/dd><\/div>\n\n\n\n<div class=\"wp-block-etoro-faq-item\"><dt class=\"wp-block-etoro-faq-item-question\">Os ETFs s\u00e3o adequados para investimentos de longo prazo?<\/dt><dd class=\"wp-block-etoro-faq-item-answer\">\n<p>Como a maioria dos investimentos, adotar uma estrat\u00e9gia de longo prazo com ETFs \u00e9 uma boa ideia e pode ajudar a reduzir o risco. Veja, por exemplo, ETFs de \u00edndices de a\u00e7\u00f5es. No curto prazo, as a\u00e7\u00f5es podem ser altamente vol\u00e1teis. No entanto, no longo prazo, o mercado de a\u00e7\u00f5es tende a subir, ent\u00e3o, de modo geral, quanto mais investir, menos probabilidade tem de perder dinheiro.<\/p>\n<\/dd><\/div>\n\n\n\n<div class=\"wp-block-etoro-faq-item\"><dt class=\"wp-block-etoro-faq-item-question\">Os ETFs s\u00e3o negociados 24 horas por dia?<\/dt><dd class=\"wp-block-etoro-faq-item-answer\">\n<p>Os ETFs s\u00e3o negociados nos mercados durante o hor\u00e1rio normal, assim como as a\u00e7\u00f5es. Pode continuar a negociar ETFs ao longo do dia e no mercado fora do hor\u00e1rio comercial, mas a ordem ser\u00e1 executada na abertura do mercado. Consulte a p\u00e1gina Hor\u00e1rio de Mercado <a target=\"_blank\" href=\"https:\/\/www.etoro.com\/nl\/trading\/market-hours-and-events\/\" rel=\"noreferrer noopener\">aqui<\/a>.<\/p>\n<\/dd><\/div>\n\n\n\n<div class=\"wp-block-etoro-faq-item\"><dt class=\"wp-block-etoro-faq-item-question\">Qual \u00e9 a diferen\u00e7a entre ETFs e fundos m\u00fatuos?<\/dt><dd class=\"wp-block-etoro-faq-item-answer\">\n<p>Tanto os ETFs como os fundos m\u00fatuos representam um grupo ou \u201ccesta\u201d de t\u00edtulos ou a\u00e7\u00f5es. Mas existem algumas diferen\u00e7as importantes entre os dois.<\/p>\n\n\n\n<p>Os fundos m\u00fatuos s\u00e3o geralmente geridos ativamente, enquanto os ETFs s\u00e3o ve\u00edculos de investimento mais passivos que acompanham os \u00edndices de mercado existentes por conta pr\u00f3pria. Como os fundos m\u00fatuos s\u00e3o geridos ativamente, os investidores pagam taxas de gest\u00e3o e normalmente exigem um n\u00edvel de investimento inicial mais elevado do que os ETFs.<\/p>\n\n\n\n<p>Os ETFs tamb\u00e9m proporcionam aos investidores um controlo mais real sobre os pre\u00e7os que compram e vendem do que os fundos m\u00fatuos. Pode comprar ou vender ETFs a pre\u00e7os flutuantes durante uma sess\u00e3o de negocia\u00e7\u00e3o. No entanto, os investidores que compram fundos m\u00fatuos pagar\u00e3o o mesmo pre\u00e7o que todas as outras pessoas que investem naquele dia. Para fundos m\u00fatuos, o pre\u00e7o das suas a\u00e7\u00f5es n\u00e3o \u00e9 calculado at\u00e9 o final de cada dia de negocia\u00e7\u00e3o.<\/p>\n<\/dd><\/div>\n<\/dl>\n<\/div><\/section>\n","protected":false},"excerpt":{"rendered":"<p>Por que ETFs? Um ETF, ou fundo negociado em bolsa, \u00e9 um tipo de fundo de investimento que visa acompanhar o desempenho de um \u00edndice espec\u00edfico do mercado de a\u00e7\u00f5es, setor industrial ou ativo. Escolha o ETF certo para si Como comprar ETFs na eToro Ganhe confian\u00e7a para negociar ETFs Quer aprimorar as suas habilidades&hellip;<\/p>\n","protected":false},"author":119,"featured_media":1048436,"parent":19768,"menu_order":0,"comment_status":"closed","ping_status":"closed","template":"","meta":{"_acf_changed":true,"inline_featured_image":false,"sticky_cta_settings":"","footnotes":""},"asset_type":[],"class_list":["post-712605","page","type-page","status-publish","has-post-thumbnail","hentry"],"acf":[],"yoast_head":"<title>Invista em fundos negociados em bolsa (ETFs) na eToro<\/title>\n<meta name=\"description\" content=\"Os ETFs oferecem exposi\u00e7\u00e3o diversificada a uma gama de ativos, incluindo a\u00e7\u00f5es, t\u00edtulos, commodities e muito mais.\" \/>\n<meta name=\"robots\" content=\"index, follow, max-snippet:-1, max-image-preview:large, max-video-preview:-1\" \/>\n<link rel=\"canonical\" href=\"https:\/\/www.etoro.com\/pt-pt\/wp-json\/wp\/v2\/pages\/712605\" \/>\n<meta property=\"og:locale\" content=\"pt_PT\" \/>\n<meta property=\"og:type\" content=\"article\" \/>\n<meta property=\"og:title\" content=\"Invista em fundos negociados em bolsa (ETFs) na eToro\" \/>\n<meta property=\"og:description\" content=\"Os ETFs oferecem exposi\u00e7\u00e3o diversificada a uma gama de ativos, incluindo a\u00e7\u00f5es, t\u00edtulos, commodities e muito mais.\" \/>\n<meta property=\"og:url\" content=\"https:\/\/www.etoro.com\/pt-pt\/wp-json\/wp\/v2\/pages\/712605\" \/>\n<meta property=\"og:site_name\" content=\"eToro\" \/>\n<meta property=\"article:publisher\" content=\"https:\/\/www.facebook.com\/eToro\/\" \/>\n<meta property=\"article:modified_time\" content=\"2025-06-16T09:12:48+00:00\" \/>\n<meta property=\"og:image\" content=\"https:\/\/www.etoro.com\/wp-content\/uploads\/2025\/04\/Featured-image-ETF_1200x630.png\" \/>\n\t<meta property=\"og:image:width\" content=\"1200\" \/>\n\t<meta property=\"og:image:height\" content=\"630\" \/>\n\t<meta property=\"og:image:type\" content=\"image\/png\" \/>\n<meta name=\"twitter:card\" content=\"summary_large_image\" \/>\n<meta name=\"twitter:site\" content=\"@eToro\" \/>\n<meta name=\"twitter:label1\" content=\"Est. reading time\" \/>\n\t<meta name=\"twitter:data1\" content=\"4 minutes\" \/>\n<script type=\"application\/ld+json\" class=\"yoast-schema-graph\">{\"@context\":\"https:\/\/schema.org\",\"@graph\":[{\"@type\":\"WebPage\",\"@id\":\"https:\/\/www.etoro.com\/pt-pt\/investing\/etf\/\",\"url\":\"https:\/\/www.etoro.com\/pt-pt\/investing\/etf\/\",\"name\":\"Invista em fundos negociados em bolsa (ETFs) na eToro\",\"isPartOf\":{\"@id\":\"https:\/\/www.etoro.com\/pt-pt\/#website\"},\"primaryImageOfPage\":{\"@id\":\"https:\/\/www.etoro.com\/pt-pt\/investing\/etf\/#primaryimage\"},\"image\":{\"@id\":\"https:\/\/www.etoro.com\/pt-pt\/investing\/etf\/#primaryimage\"},\"thumbnailUrl\":\"https:\/\/www.etoro.com\/wp-content\/uploads\/2025\/04\/Featured-image-ETF_1200x630.png\",\"datePublished\":\"2023-08-30T11:27:33+00:00\",\"dateModified\":\"2025-06-16T09:12:48+00:00\",\"description\":\"Os ETFs oferecem exposi\u00e7\u00e3o diversificada a uma gama de ativos, incluindo a\u00e7\u00f5es, t\u00edtulos, commodities e muito mais.\",\"breadcrumb\":{\"@id\":\"https:\/\/www.etoro.com\/pt-pt\/investing\/etf\/#breadcrumb\"},\"inLanguage\":\"pt\",\"potentialAction\":[{\"@type\":\"ReadAction\",\"target\":[\"https:\/\/www.etoro.com\/pt-pt\/investing\/etf\/\"]}]},{\"@type\":\"ImageObject\",\"inLanguage\":\"pt\",\"@id\":\"https:\/\/www.etoro.com\/pt-pt\/investing\/etf\/#primaryimage\",\"url\":\"https:\/\/www.etoro.com\/wp-content\/uploads\/2025\/04\/Featured-image-ETF_1200x630.png\",\"contentUrl\":\"https:\/\/www.etoro.com\/wp-content\/uploads\/2025\/04\/Featured-image-ETF_1200x630.png\",\"width\":1200,\"height\":630,\"caption\":\"Invest in exchange-traded funds\"},{\"@type\":\"BreadcrumbList\",\"@id\":\"https:\/\/www.etoro.com\/pt-pt\/investing\/etf\/#breadcrumb\",\"itemListElement\":[{\"@type\":\"ListItem\",\"position\":1,\"name\":\"In\u00edcio\",\"item\":\"https:\/\/www.etoro.com\/pt-pt\/\"},{\"@type\":\"ListItem\",\"position\":2,\"name\":\"Investir\",\"item\":\"https:\/\/www.etoro.com\/pt-pt\/investing\/\"},{\"@type\":\"ListItem\",\"position\":3,\"name\":\"ETF\"}]},{\"@type\":\"WebSite\",\"@id\":\"https:\/\/www.etoro.com\/pt-pt\/#website\",\"url\":\"https:\/\/www.etoro.com\/pt-pt\/\",\"name\":\"eToro\",\"description\":\"\",\"publisher\":{\"@id\":\"https:\/\/www.etoro.com\/pt-pt\/#organization\"},\"potentialAction\":[{\"@type\":\"SearchAction\",\"target\":{\"@type\":\"EntryPoint\",\"urlTemplate\":\"https:\/\/www.etoro.com\/pt-pt\/?s={search_term_string}\"},\"query-input\":{\"@type\":\"PropertyValueSpecification\",\"valueRequired\":true,\"valueName\":\"search_term_string\"}}],\"inLanguage\":\"pt\"},[]]}<\/script>","yoast_head_json":{"title":"Invista em fundos negociados em bolsa (ETFs) na eToro","description":"Os ETFs oferecem exposi\u00e7\u00e3o diversificada a uma gama de ativos, incluindo a\u00e7\u00f5es, t\u00edtulos, commodities e muito mais.","robots":{"index":"index","follow":"follow","max-snippet":"max-snippet:-1","max-image-preview":"max-image-preview:large","max-video-preview":"max-video-preview:-1"},"canonical":"https:\/\/www.etoro.com\/pt-pt\/wp-json\/wp\/v2\/pages\/712605","og_locale":"pt_PT","og_type":"article","og_title":"Invista em fundos negociados em bolsa (ETFs) na eToro","og_description":"Os ETFs oferecem exposi\u00e7\u00e3o diversificada a uma gama de ativos, incluindo a\u00e7\u00f5es, t\u00edtulos, commodities e muito mais.","og_url":"https:\/\/www.etoro.com\/pt-pt\/wp-json\/wp\/v2\/pages\/712605","og_site_name":"eToro","article_publisher":"https:\/\/www.facebook.com\/eToro\/","article_modified_time":"2025-06-16T09:12:48+00:00","og_image":[{"width":1200,"height":630,"url":"https:\/\/www.etoro.com\/wp-content\/uploads\/2025\/04\/Featured-image-ETF_1200x630.png","type":"image\/png"}],"twitter_card":"summary_large_image","twitter_site":"@eToro","twitter_misc":{"Est. reading time":"4 minutes"},"schema":{"@context":"https:\/\/schema.org","@graph":[{"@type":"WebPage","@id":"https:\/\/www.etoro.com\/pt-pt\/investing\/etf\/","url":"https:\/\/www.etoro.com\/pt-pt\/investing\/etf\/","name":"Invista em fundos negociados em bolsa (ETFs) na eToro","isPartOf":{"@id":"https:\/\/www.etoro.com\/pt-pt\/#website"},"primaryImageOfPage":{"@id":"https:\/\/www.etoro.com\/pt-pt\/investing\/etf\/#primaryimage"},"image":{"@id":"https:\/\/www.etoro.com\/pt-pt\/investing\/etf\/#primaryimage"},"thumbnailUrl":"https:\/\/www.etoro.com\/wp-content\/uploads\/2025\/04\/Featured-image-ETF_1200x630.png","datePublished":"2023-08-30T11:27:33+00:00","dateModified":"2025-06-16T09:12:48+00:00","description":"Os ETFs oferecem exposi\u00e7\u00e3o diversificada a uma gama de ativos, incluindo a\u00e7\u00f5es, t\u00edtulos, commodities e muito mais.","breadcrumb":{"@id":"https:\/\/www.etoro.com\/pt-pt\/investing\/etf\/#breadcrumb"},"inLanguage":"pt","potentialAction":[{"@type":"ReadAction","target":["https:\/\/www.etoro.com\/pt-pt\/investing\/etf\/"]}]},{"@type":"ImageObject","inLanguage":"pt","@id":"https:\/\/www.etoro.com\/pt-pt\/investing\/etf\/#primaryimage","url":"https:\/\/www.etoro.com\/wp-content\/uploads\/2025\/04\/Featured-image-ETF_1200x630.png","contentUrl":"https:\/\/www.etoro.com\/wp-content\/uploads\/2025\/04\/Featured-image-ETF_1200x630.png","width":1200,"height":630,"caption":"Invest in exchange-traded funds"},{"@type":"BreadcrumbList","@id":"https:\/\/www.etoro.com\/pt-pt\/investing\/etf\/#breadcrumb","itemListElement":[{"@type":"ListItem","position":1,"name":"In\u00edcio","item":"https:\/\/www.etoro.com\/pt-pt\/"},{"@type":"ListItem","position":2,"name":"Investir","item":"https:\/\/www.etoro.com\/pt-pt\/investing\/"},{"@type":"ListItem","position":3,"name":"ETF"}]},{"@type":"WebSite","@id":"https:\/\/www.etoro.com\/pt-pt\/#website","url":"https:\/\/www.etoro.com\/pt-pt\/","name":"eToro","description":"","publisher":{"@id":"https:\/\/www.etoro.com\/pt-pt\/#organization"},"potentialAction":[{"@type":"SearchAction","target":{"@type":"EntryPoint","urlTemplate":"https:\/\/www.etoro.com\/pt-pt\/?s={search_term_string}"},"query-input":{"@type":"PropertyValueSpecification","valueRequired":true,"valueName":"search_term_string"}}],"inLanguage":"pt"},[]]}},"_links":{"self":[{"href":"https:\/\/www.etoro.com\/pt-pt\/wp-json\/wp\/v2\/pages\/712605"}],"collection":[{"href":"https:\/\/www.etoro.com\/pt-pt\/wp-json\/wp\/v2\/pages"}],"about":[{"href":"https:\/\/www.etoro.com\/pt-pt\/wp-json\/wp\/v2\/types\/page"}],"author":[{"embeddable":true,"href":"https:\/\/www.etoro.com\/pt-pt\/wp-json\/wp\/v2\/users\/119"}],"replies":[{"embeddable":true,"href":"https:\/\/www.etoro.com\/pt-pt\/wp-json\/wp\/v2\/comments?post=712605"}],"version-history":[{"count":0,"href":"https:\/\/www.etoro.com\/pt-pt\/wp-json\/wp\/v2\/pages\/712605\/revisions"}],"up":[{"embeddable":true,"href":"https:\/\/www.etoro.com\/pt-pt\/wp-json\/wp\/v2\/pages\/19768"}],"wp:featuredmedia":[{"embeddable":true,"href":"https:\/\/www.etoro.com\/pt-pt\/wp-json\/wp\/v2\/media\/1048436"}],"wp:attachment":[{"href":"https:\/\/www.etoro.com\/pt-pt\/wp-json\/wp\/v2\/media?parent=712605"}],"wp:term":[{"taxonomy":"asset_type","embeddable":true,"href":"https:\/\/www.etoro.com\/pt-pt\/wp-json\/wp\/v2\/asset_type?post=712605"}],"curies":[{"name":"wp","href":"https:\/\/api.w.org\/{rel}","templated":true}]}}