{"id":849375,"date":"2023-06-13T09:50:21","date_gmt":"2023-06-13T06:50:21","guid":{"rendered":"https:\/\/www.etoro.com\/investing\/delta\/"},"modified":"2026-03-24T14:05:40","modified_gmt":"2026-03-24T12:05:40","slug":"delta","status":"publish","type":"page","link":"https:\/\/www.etoro.com\/pt-pt\/investing\/delta\/","title":{"rendered":"DELTA por eToro"},"content":{"rendered":"\n<div class=\"wp-block-etoro-half-cover has-white-background-color\">\n<div class=\"wp-block-etoro-half-cover-left\"><p id=\"breadcrumbs\" class=\"gray-dark\"><span><span><a href=\"https:\/\/www.etoro.com\/pt-pt\/\">In\u00edcio<\/a><\/span><\/span><\/p>\n<h1 class=\"wp-block-heading is-style-banner-title\">DELTA: <b class=\"wp-etoro-format-colored-blue\"><b class=\"wp-etoro-format-colored-green\">o rastreador mais inteligente<\/b><\/b><\/h1>\n\n\n\n<p class=\"is-style-subtitle\">Mantenha-se a par de todos os seus investimentos com a Delta, a aplica\u00e7\u00e3o n.\u00ba 1 para acompanhamento de investimentos e o superpoder financeiro!<\/p>\n\n\n\n<div class=\"wp-block-buttons is-layout-flex wp-block-buttons-is-layout-flex\">\n<a class=\"e-cta e-cta-primary qr_delta-popup\" href=\"https:\/\/delta.onelink.me\/Bvvy\/innerpage\" target=\"_blank\" rel=\"noopener\">Transfira agora<\/a>\n<\/div>\n<\/div>\n\n\n\n<div class=\"wp-block-etoro-half-cover-right\">\n<img decoding=\"async\" src=\"https:\/\/www.etoro.com\/wp-content\/uploads\/2026\/03\/Delta-Cover-1920.png\" alt=\"\" class=\"wp-block-etoro-half-cover-media\"\/><img decoding=\"async\" src=\"https:\/\/www.etoro.com\/wp-content\/uploads\/2026\/03\/Delta-Cover-1280.png\" alt=\"\" class=\"wp-block-etoro-half-cover-media-desktop\"\/><img decoding=\"async\" src=\"https:\/\/www.etoro.com\/wp-content\/uploads\/2026\/03\/Delta-Cover-Tablet.png\" alt=\"\" class=\"wp-block-etoro-half-cover-media-tablet\"\/><img decoding=\"async\" src=\"https:\/\/www.etoro.com\/wp-content\/uploads\/2026\/03\/Delta-Cover-Mobile.png\" alt=\"\" class=\"wp-block-etoro-half-cover-media-mobile\"\/>\n<\/div>\n<\/div>\n\n\n\n<section class=\"wp-block-group wp-block-group-boxed has-white-background-color has-background\"><div class=\"wp-block-group-inner is-layout-flow wp-block-group-is-layout-flow\">\n<div class=\"wp-block-columns are-vertically-aligned-top wp-block-columns-1 is-layout-flex wp-container-core-columns-is-layout-1 wp-block-columns-is-layout-flex\">\n<div class=\"wp-block-column wp-block-column-align-mobile-left is-layout-flow wp-block-column-is-layout-flow\">\n<h2 class=\"wp-block-heading has-text-align-center\"><strong><strong>Rastreamento inteligente <\/strong><\/strong>com Delta<\/h2>\n\n\n\n<p class=\"has-text-align-center\">O Delta Investment Tracker permite que tenha uma vis\u00e3o geral clara de todos os seus investimentos. Gira v\u00e1rios portf\u00f3lios e acompanhe o desempenho em tempo real com ferramentas poderosas. Obtenha acesso ao vivo dos movimentos de pre\u00e7os e gr\u00e1ficos de todas as principais a\u00e7\u00f5es, criptografia, fundos, forex, \u00edndices e commodities.<\/p>\n<\/div>\n<\/div>\n<\/div><\/section>\n\n\n\n<section class=\"wp-block-group wp-block-group-boxed has-dark-blue-background-color has-background\"><div class=\"wp-block-group-inner is-layout-flow wp-block-group-is-layout-flow\">\n<div class=\"wp-block-columns are-vertically-aligned-top wp-block-columns-2 is-swapped-on-mobile is-layout-flex wp-container-core-columns-is-layout-2 wp-block-columns-is-layout-flex\">\n<div class=\"wp-block-column is-layout-flow wp-block-column-is-layout-flow\">\n<h2 class=\"wp-block-heading\"><span>Transpar\u00eancia em <\/span><strong>cada movimento da sua carteira<\/strong><\/h2>\n\n\n\n<p>Por que Est\u00e1 a Mover-se e o Que Se Passa? Compreenda o que est\u00e1 a influenciar a evolu\u00e7\u00e3o da sua carteira com explica\u00e7\u00f5es claras, baseadas nas an\u00e1lises mais avan\u00e7adas da Delta.<\/p>\n\n\n\n<p class=\"is-style-disclaimer\">A eToro \u00e9 uma plataforma de investimento em v\u00e1rios ativos. O valor dos seus investimentos pode subir ou descer. O seu capital est\u00e1 em risco.<\/p>\n<\/div>\n\n\n\n<div class=\"wp-block-column is-layout-flow wp-block-column-is-layout-flow\">\n<figure class=\"wp-block-image size-large\"><img loading=\"lazy\" decoding=\"async\" width=\"1024\" height=\"700\" src=\"https:\/\/www.etoro.com\/wp-content\/uploads\/2026\/03\/Delta-Clarity-Illustration-1024x700.png\" alt=\"\" class=\"wp-image-1240545 wp-image-desktop\" srcset=\"https:\/\/www.etoro.com\/wp-content\/uploads\/2026\/03\/Delta-Clarity-Illustration-1024x700.png 1024w, https:\/\/www.etoro.com\/wp-content\/uploads\/2026\/03\/Delta-Clarity-Illustration-300x205.png 300w, https:\/\/www.etoro.com\/wp-content\/uploads\/2026\/03\/Delta-Clarity-Illustration-768x525.png 768w, https:\/\/www.etoro.com\/wp-content\/uploads\/2026\/03\/Delta-Clarity-Illustration.png 1152w\" sizes=\"(max-width: 1024px) 100vw, 1024px\" \/><\/figure>\n<\/div>\n<\/div>\n<\/div><\/section>\n\n\n\n<section class=\"wp-block-group wp-block-group-boxed\"><div class=\"wp-block-group-inner is-layout-flow wp-block-group-is-layout-flow\">\n<div class=\"wp-block-columns are-vertically-aligned-top wp-block-columns-1 is-layout-flex wp-container-core-columns-is-layout-3 wp-block-columns-is-layout-flex\">\n<div class=\"wp-block-column wp-block-column-align-mobile-left is-layout-flow wp-block-column-is-layout-flow\">\n<h2 class=\"wp-block-heading has-text-align-center\"><strong><strong>Recursos poderosos <\/strong><\/strong>na palma da sua m\u00e3o<\/h2>\n<\/div>\n<\/div>\n\n\n\n<div id=\"swiper1167259214\" class=\"wp-block-etoro-cards wp-block-etoro-card-grid-columns-3\"><div class=\"swiper-wrapper\">\n<div class=\"wp-block-etoro-card wp-block-etoro-card-size-small wp-block-etoro-card-thumbnail-position-above wp-block-etoro-card-default wp-block-etoro-card-aligned-center\"><img decoding=\"async\" src=\"https:\/\/www.etoro.com\/wp-content\/uploads\/2023\/06\/Alert-1.png\" alt=\"Receba notifica\u00e7\u00f5es e alertas de pre\u00e7os\" class=\"wp-block-etoro-card-thumbnail\"\/><div class=\"wp-block-etoro-card-body\"><div class=\"wp-block-etoro-card-title\"><strong><strong>Receba notifica\u00e7\u00f5es e alertas de pre\u00e7os<\/strong><\/strong><\/div><div class=\"wp-block-etoro-card-content\">\n<p>Procura o momento certo para comprar ou vender? \u00c9 f\u00e1cil configurar alertas instant\u00e2neos e notifica\u00e7\u00f5es personalizadas<\/p>\n<\/div><\/div><\/div>\n\n\n\n<div class=\"wp-block-etoro-card wp-block-etoro-card-size-small wp-block-etoro-card-thumbnail-position-above wp-block-etoro-card-default wp-block-etoro-card-aligned-center\"><img decoding=\"async\" src=\"https:\/\/www.etoro.com\/wp-content\/uploads\/2023\/06\/Column-1.png\" alt=\"An\u00e1lise profunda de ativo\" class=\"wp-block-etoro-card-thumbnail\"\/><div class=\"wp-block-etoro-card-body\"><div class=\"wp-block-etoro-card-title\"><strong><strong>An\u00e1lise profunda de ativo<\/strong><\/strong><\/div><div class=\"wp-block-etoro-card-content\">\n<p>V\u00e1 al\u00e9m do b\u00e1sico com m\u00e9tricas adaptadas \u00e0s suas participa\u00e7\u00f5es. Visualize os principais detalhes do mercado com apenas um clique.<\/p>\n<\/div><\/div><\/div>\n\n\n\n<div class=\"wp-block-etoro-card wp-block-etoro-card-size-small wp-block-etoro-card-thumbnail-position-above wp-block-etoro-card-default wp-block-etoro-card-aligned-center\"><img decoding=\"async\" src=\"https:\/\/www.etoro.com\/wp-content\/uploads\/2023\/06\/Globe-1.png\" alt=\"Conecte-se ao capital, em todo o lado\" class=\"wp-block-etoro-card-thumbnail\"\/><div class=\"wp-block-etoro-card-body\"><div class=\"wp-block-etoro-card-title\"><strong><strong>Conecte-se ao capital, em todo o lado<\/strong><\/strong><\/div><div class=\"wp-block-etoro-card-content\">\n<p>Despe\u00e7a-se das planilhas\u2026 Delta sincroniza-se com mais de 10.000 corretoras, bolsas, bancos e carteiras, incluindo a eToro.<\/p>\n<\/div><\/div><\/div>\n<\/div><\/div>\n<\/div><\/section>\n\n\n\n<section class=\"wp-block-group wp-block-group-boxed has-white-background-color has-background\"><div class=\"wp-block-group-inner is-layout-flow wp-block-group-is-layout-flow\">\n<div class=\"wp-block-columns are-vertically-aligned-top wp-block-columns-1 is-layout-flex wp-container-core-columns-is-layout-4 wp-block-columns-is-layout-flex\">\n<div class=\"wp-block-column wp-block-column-align-mobile-left is-layout-flow wp-block-column-is-layout-flow\">\n<h2 class=\"wp-block-heading has-text-align-center\"><span>Um aplicativo, <strong>todos os seus investimentos<\/strong><\/span><\/h2>\n\n\n\n<p class=\"has-text-align-center\">\u00c9 hora de parar de fazer malabarismos entre aplicativos. A Delta oferece a an\u00e1lise e rastreamento de portf\u00f3lio mais precisos para todos os seus ativos, sincronizando perfeitamente com a sua conta eToro existente.<\/p>\n<\/div>\n<\/div>\n\n\n\n<div class=\"wp-block-columns are-vertically-aligned-top wp-block-columns-3 wp-block-columns-1 is-layout-flex wp-container-core-columns-is-layout-5 wp-block-columns-is-layout-flex\">\n<div class=\"wp-block-column is-layout-flow wp-block-column-is-layout-flow\">\n<div class=\"wp-block-etoro-card wp-block-etoro-card-size-small wp-block-etoro-card-thumbnail-position-above wp-block-etoro-card-default\"><img decoding=\"async\" src=\"https:\/\/www.etoro.com\/wp-content\/uploads\/2023\/06\/Stocks.png\" alt=\"A\u00e7\u00f5es\" class=\"wp-block-etoro-card-thumbnail\"\/><div class=\"wp-block-etoro-card-body\"><div class=\"wp-block-etoro-card-title\">A\u00e7\u00f5es<\/div><div class=\"wp-block-etoro-card-content\">\n<p><\/p>\n<\/div><\/div><\/div>\n<\/div>\n\n\n\n<div class=\"wp-block-column is-layout-flow wp-block-column-is-layout-flow\">\n<div class=\"wp-block-etoro-card wp-block-etoro-card-size-small wp-block-etoro-card-thumbnail-position-above wp-block-etoro-card-default\"><img decoding=\"async\" src=\"https:\/\/www.etoro.com\/wp-content\/uploads\/2023\/06\/Crypto.png\" alt=\"Cripto\" class=\"wp-block-etoro-card-thumbnail\"\/><div class=\"wp-block-etoro-card-body\"><div class=\"wp-block-etoro-card-title\">Cripto<\/div><div class=\"wp-block-etoro-card-content\">\n<p><\/p>\n<\/div><\/div><\/div>\n<\/div>\n\n\n\n<div class=\"wp-block-column is-layout-flow wp-block-column-is-layout-flow\">\n<div class=\"wp-block-etoro-card wp-block-etoro-card-size-small wp-block-etoro-card-thumbnail-position-above wp-block-etoro-card-default\"><img decoding=\"async\" src=\"https:\/\/www.etoro.com\/wp-content\/uploads\/2023\/06\/Forex.png\" alt=\"Forex\" class=\"wp-block-etoro-card-thumbnail\"\/><div class=\"wp-block-etoro-card-body\"><div class=\"wp-block-etoro-card-title\">Forex<\/div><div class=\"wp-block-etoro-card-content\">\n<p><\/p>\n<\/div><\/div><\/div>\n<\/div>\n<\/div>\n\n\n\n<div class=\"wp-block-columns are-vertically-aligned-top wp-block-columns-1 is-layout-flex wp-container-core-columns-is-layout-7 wp-block-columns-is-layout-flex\">\n<div class=\"wp-block-column is-layout-constrained wp-container-core-column-is-layout-11 wp-block-column-is-layout-constrained\">\n<div class=\"wp-block-columns are-vertically-aligned-top wp-block-columns-2 wp-block-columns-3 wp-block-columns-1 is-layout-flex wp-container-core-columns-is-layout-6 wp-block-columns-is-layout-flex\">\n<div class=\"wp-block-column is-layout-flow wp-block-column-is-layout-flow\">\n<div class=\"wp-block-etoro-card wp-block-etoro-card-size-small wp-block-etoro-card-thumbnail-position-above wp-block-etoro-card-default\"><img decoding=\"async\" src=\"https:\/\/www.etoro.com\/wp-content\/uploads\/2023\/06\/Coins.png\" alt=\"Fundos\" class=\"wp-block-etoro-card-thumbnail\"\/><div class=\"wp-block-etoro-card-body\"><div class=\"wp-block-etoro-card-title\">Fundos<\/div><div class=\"wp-block-etoro-card-content\">\n<p><\/p>\n<\/div><\/div><\/div>\n<\/div>\n\n\n\n<div class=\"wp-block-column is-layout-flow wp-block-column-is-layout-flow\">\n<div class=\"wp-block-etoro-card wp-block-etoro-card-size-small wp-block-etoro-card-thumbnail-position-above wp-block-etoro-card-default\"><img decoding=\"async\" src=\"https:\/\/www.etoro.com\/wp-content\/uploads\/2023\/06\/Commodities.png\" alt=\"Commodities\" class=\"wp-block-etoro-card-thumbnail\"\/><div class=\"wp-block-etoro-card-body\"><div class=\"wp-block-etoro-card-title\">Commodities<\/div><div class=\"wp-block-etoro-card-content\">\n<p><\/p>\n<\/div><\/div><\/div>\n<\/div>\n<\/div>\n<\/div>\n<\/div>\n\n\n\n<div class=\"wp-block-buttons is-content-justification-center is-layout-flex wp-container-core-buttons-is-layout-2 wp-block-buttons-is-layout-flex\">\n<a class=\"e-cta e-cta-primary\" href=\"https:\/\/delta.onelink.me\/Bvvy\/logindelta\" rel=\"nofollow noopener noreferrer\" >Fa\u00e7a login com a sua conta eToro<\/a>\n<\/div>\n<\/div><\/section>\n\n\n\n<section class=\"wp-block-group wp-block-group-boxed has-grey-background-color has-background\"><div class=\"wp-block-group-inner is-layout-flow wp-block-group-is-layout-flow\">\n<div class=\"wp-block-columns are-vertically-aligned-top wp-block-columns-1 is-layout-flex wp-container-core-columns-is-layout-8 wp-block-columns-is-layout-flex\">\n<div class=\"wp-block-column wp-block-column-align-mobile-left is-layout-flow wp-block-column-is-layout-flow\">\n<h2 class=\"wp-block-heading has-text-align-center\">Pronto para<strong> <strong>ser PRO?<\/strong><\/strong><\/h2>\n\n\n\n<p class=\"has-text-align-center\">Leve o investimento para o pr\u00f3ximo n\u00edvel. Junte-se aos top investidores usando Delta PRO!<\/p>\n<\/div>\n<\/div>\n\n\n\n<div class=\"wp-block-etoro-slider-wrapper\" data-swiper=\"{&quot;enableBiggerSlides&quot;:true,&quot;enableArrows&quot;:true,&quot;arrowsDesktopPosition&quot;:&quot;side&quot;}\"><div class=\"wp-block-etoro-slider swiper wp-block-etoro-slider-bigger-slides\"><div class=\"swiper-wrapper\">\n<div class=\"swiper-slide\">\n<div class=\"wp-block-etoro-card wp-block-etoro-card-modern\"><img decoding=\"async\" src=\"https:\/\/www.etoro.com\/wp-content\/uploads\/2023\/06\/Portfolio-Insights.png\" alt=\"Portf\u00f3lio Insights\" class=\"wp-block-etoro-card-thumbnail\"\/><div class=\"wp-block-etoro-card-body\"><div class=\"wp-block-etoro-card-title\"><strong><strong>Portf\u00f3lio Insights<\/strong><\/strong><\/div><div class=\"wp-block-etoro-card-content\">\n<p>Acesse aos m\u00f3dulos anal\u00edticos de portf\u00f3lio e obtenha insights sobre investimentos<\/p>\n<\/div><\/div><\/div>\n<\/div>\n\n\n\n<div class=\"swiper-slide\">\n<div class=\"wp-block-etoro-card wp-block-etoro-card-modern\"><img decoding=\"async\" src=\"https:\/\/www.etoro.com\/wp-content\/uploads\/2023\/06\/Advanced-Metrics.png\" alt=\"M\u00e9tricas Avan\u00e7adas\" class=\"wp-block-etoro-card-thumbnail\"\/><div class=\"wp-block-etoro-card-body\"><div class=\"wp-block-etoro-card-title\"><strong><strong>M\u00e9tricas Avan\u00e7adas<\/strong><\/strong><\/div><div class=\"wp-block-etoro-card-content\">\n<p>Obtenha insights sobre o seu portf\u00f3lio, exibindo ganhos (n\u00e3o) realizados e mais!<\/p>\n<\/div><\/div><\/div>\n<\/div>\n\n\n\n<div class=\"swiper-slide\">\n<div class=\"wp-block-etoro-card wp-block-etoro-card-modern\"><img decoding=\"async\" src=\"https:\/\/www.etoro.com\/wp-content\/uploads\/2023\/06\/Live-prices.png\" alt=\"Pre\u00e7os ao vivo\" class=\"wp-block-etoro-card-thumbnail\"\/><div class=\"wp-block-etoro-card-body\"><div class=\"wp-block-etoro-card-title\"><strong><strong>Pre\u00e7os ao vivo<\/strong><\/strong><\/div><div class=\"wp-block-etoro-card-content\">\n<p>Chega de atualizar &#8211; obtenha pre\u00e7os ao vivo atualizados em tempo real<\/p>\n<\/div><\/div><\/div>\n<\/div>\n\n\n\n<div class=\"swiper-slide\">\n<div class=\"wp-block-etoro-card wp-block-etoro-card-modern\"><img decoding=\"async\" src=\"https:\/\/www.etoro.com\/wp-content\/uploads\/2023\/06\/Image-2-1.png\" alt=\"Conex\u00f5es ilimitadas\" class=\"wp-block-etoro-card-thumbnail\"\/><div class=\"wp-block-etoro-card-body\"><div class=\"wp-block-etoro-card-title\"><strong><strong>Conex\u00f5es ilimitadas<\/strong><\/strong><\/div><div class=\"wp-block-etoro-card-content\">\n<p>Usu\u00e1rios PRO t\u00eam conex\u00f5es ilimitadas com n\u00fameros de bolsas, carteiras e corretores<\/p>\n<\/div><\/div><\/div>\n<\/div>\n\n\n\n<div class=\"swiper-slide\">\n<div class=\"wp-block-etoro-card wp-block-etoro-card-modern\"><img decoding=\"async\" src=\"https:\/\/www.etoro.com\/wp-content\/uploads\/2023\/06\/Why-is-it-moving.png\" alt=\"Por que se move?\" class=\"wp-block-etoro-card-thumbnail\"\/><div class=\"wp-block-etoro-card-body\"><div class=\"wp-block-etoro-card-title\"><strong><strong>Por que se move?<\/strong><\/strong><\/div><div class=\"wp-block-etoro-card-content\">\n<p>Seja notificado com informa\u00e7\u00e3o sobre por que um ativo se est\u00e1 a mover agora<\/p>\n<\/div><\/div><\/div>\n<\/div>\n<\/div><\/div><div class=\"swiper-button-prev\"><\/div><div class=\"swiper-button-next\"><\/div><\/div>\n\n\n\n<div class=\"wp-block-columns are-vertically-aligned-top wp-block-columns-1 is-layout-flex wp-container-core-columns-is-layout-9 wp-block-columns-is-layout-flex\">\n<div class=\"wp-block-column wp-block-column-align-mobile-left is-layout-flow wp-block-column-is-layout-flow\">\n<div class=\"wp-block-buttons qr_delta-popup is-horizontal is-content-justification-center is-layout-flex wp-container-core-buttons-is-layout-3 wp-block-buttons-is-layout-flex\">\n<a class=\"e-cta e-cta-primary\" href=\"https:\/\/delta.onelink.me\/Bvvy\/innerpage\" rel=\"nofollow noopener noreferrer\" >Transfira Delta<\/a>\n<\/div>\n\n\n\n<p class=\"has-text-align-center is-style-disclaimer\">*<a href=\"https:\/\/delta.app\/en\/terms\" target=\"_blank\" rel=\"noreferrer noopener\">Termos e condi\u00e7\u00f5es <\/a>aplicam-se.<\/p>\n<\/div>\n<\/div>\n<\/div><\/section>\n","protected":false},"excerpt":{"rendered":"<p>Rastreamento inteligente com Delta O Delta Investment Tracker permite que tenha uma vis\u00e3o geral clara de todos os seus investimentos. Gira v\u00e1rios portf\u00f3lios e acompanhe o desempenho em tempo real com ferramentas poderosas. Obtenha acesso ao vivo dos movimentos de pre\u00e7os e gr\u00e1ficos de todas as principais a\u00e7\u00f5es, criptografia, fundos, forex, \u00edndices e commodities. Transpar\u00eancia&hellip;<\/p>\n","protected":false},"author":75,"featured_media":1048678,"parent":19768,"menu_order":0,"comment_status":"closed","ping_status":"closed","template":"","meta":{"_acf_changed":false,"inline_featured_image":false,"sticky_cta_settings":"","footnotes":""},"asset_type":[],"class_list":["post-849375","page","type-page","status-publish","has-post-thumbnail","hentry"],"acf":[],"yoast_head":"<title>Delta by eToro, a monitoriza\u00e7\u00e3o de investimentos n.\u00ba 1<\/title>\n<meta name=\"description\" content=\"O seu Superpoder Financeiro: Acompanhe todos os seus investimentos: a\u00e7\u00f5es, ETFs, mat\u00e9rias-primas, criptomoedas e forex - num \u00fanico local\" \/>\n<meta name=\"robots\" content=\"index, follow, max-snippet:-1, max-image-preview:large, max-video-preview:-1\" \/>\n<link rel=\"canonical\" href=\"https:\/\/www.etoro.com\/pt-pt\/wp-json\/wp\/v2\/pages\/849375\" \/>\n<meta property=\"og:locale\" content=\"pt_PT\" \/>\n<meta property=\"og:type\" content=\"article\" \/>\n<meta property=\"og:title\" content=\"Delta by eToro, a monitoriza\u00e7\u00e3o de investimentos n.\u00ba 1\" \/>\n<meta property=\"og:description\" content=\"O seu Superpoder Financeiro: Acompanhe todos os seus investimentos: a\u00e7\u00f5es, ETFs, mat\u00e9rias-primas, criptomoedas e forex - num \u00fanico local\" \/>\n<meta property=\"og:url\" content=\"https:\/\/www.etoro.com\/pt-pt\/wp-json\/wp\/v2\/pages\/849375\" \/>\n<meta property=\"og:site_name\" content=\"eToro\" \/>\n<meta property=\"article:publisher\" content=\"https:\/\/www.facebook.com\/eToro\/\" \/>\n<meta property=\"article:modified_time\" content=\"2026-03-24T12:05:40+00:00\" \/>\n<meta property=\"og:image\" content=\"https:\/\/www.etoro.com\/wp-content\/uploads\/2025\/04\/Delta-Featured-image-1200x630-1.png\" \/>\n\t<meta property=\"og:image:width\" content=\"1200\" \/>\n\t<meta property=\"og:image:height\" content=\"630\" \/>\n\t<meta property=\"og:image:type\" content=\"image\/png\" \/>\n<meta name=\"twitter:card\" content=\"summary_large_image\" \/>\n<meta name=\"twitter:site\" content=\"@eToro\" \/>\n<meta name=\"twitter:label1\" content=\"Est. reading time\" \/>\n\t<meta name=\"twitter:data1\" content=\"2 minutes\" \/>\n<script type=\"application\/ld+json\" class=\"yoast-schema-graph\">{\"@context\":\"https:\/\/schema.org\",\"@graph\":[{\"@type\":\"WebPage\",\"@id\":\"https:\/\/www.etoro.com\/pt-pt\/investing\/delta\/\",\"url\":\"https:\/\/www.etoro.com\/pt-pt\/investing\/delta\/\",\"name\":\"Delta by eToro, a monitoriza\u00e7\u00e3o de investimentos n.\u00ba 1\",\"isPartOf\":{\"@id\":\"https:\/\/www.etoro.com\/pt-pt\/#website\"},\"primaryImageOfPage\":{\"@id\":\"https:\/\/www.etoro.com\/pt-pt\/investing\/delta\/#primaryimage\"},\"image\":{\"@id\":\"https:\/\/www.etoro.com\/pt-pt\/investing\/delta\/#primaryimage\"},\"thumbnailUrl\":\"https:\/\/www.etoro.com\/wp-content\/uploads\/2025\/04\/Delta-Featured-image-1200x630-1.png\",\"datePublished\":\"2023-06-13T06:50:21+00:00\",\"dateModified\":\"2026-03-24T12:05:40+00:00\",\"description\":\"O seu Superpoder Financeiro: Acompanhe todos os seus investimentos: a\u00e7\u00f5es, ETFs, mat\u00e9rias-primas, criptomoedas e forex - num \u00fanico local\",\"breadcrumb\":{\"@id\":\"https:\/\/www.etoro.com\/pt-pt\/investing\/delta\/#breadcrumb\"},\"inLanguage\":\"pt\",\"potentialAction\":[{\"@type\":\"ReadAction\",\"target\":[\"https:\/\/www.etoro.com\/pt-pt\/investing\/delta\/\"]}]},{\"@type\":\"ImageObject\",\"inLanguage\":\"pt\",\"@id\":\"https:\/\/www.etoro.com\/pt-pt\/investing\/delta\/#primaryimage\",\"url\":\"https:\/\/www.etoro.com\/wp-content\/uploads\/2025\/04\/Delta-Featured-image-1200x630-1.png\",\"contentUrl\":\"https:\/\/www.etoro.com\/wp-content\/uploads\/2025\/04\/Delta-Featured-image-1200x630-1.png\",\"width\":1200,\"height\":630},{\"@type\":\"BreadcrumbList\",\"@id\":\"https:\/\/www.etoro.com\/pt-pt\/investing\/delta\/#breadcrumb\",\"itemListElement\":[{\"@type\":\"ListItem\",\"position\":1,\"name\":\"In\u00edcio\",\"item\":\"https:\/\/www.etoro.com\/pt-pt\/\"},{\"@type\":\"ListItem\",\"position\":2,\"name\":\"Investir\",\"item\":\"https:\/\/www.etoro.com\/pt-pt\/investing\/\"},{\"@type\":\"ListItem\",\"position\":3,\"name\":\"DELTA por eToro\"}]},{\"@type\":\"WebSite\",\"@id\":\"https:\/\/www.etoro.com\/pt-pt\/#website\",\"url\":\"https:\/\/www.etoro.com\/pt-pt\/\",\"name\":\"eToro\",\"description\":\"\",\"publisher\":{\"@id\":\"https:\/\/www.etoro.com\/pt-pt\/#organization\"},\"potentialAction\":[{\"@type\":\"SearchAction\",\"target\":{\"@type\":\"EntryPoint\",\"urlTemplate\":\"https:\/\/www.etoro.com\/pt-pt\/?s={search_term_string}\"},\"query-input\":{\"@type\":\"PropertyValueSpecification\",\"valueRequired\":true,\"valueName\":\"search_term_string\"}}],\"inLanguage\":\"pt\"},[]]}<\/script>","yoast_head_json":{"title":"Delta by eToro, a monitoriza\u00e7\u00e3o de investimentos n.\u00ba 1","description":"O seu Superpoder Financeiro: Acompanhe todos os seus investimentos: a\u00e7\u00f5es, ETFs, mat\u00e9rias-primas, criptomoedas e forex - num \u00fanico local","robots":{"index":"index","follow":"follow","max-snippet":"max-snippet:-1","max-image-preview":"max-image-preview:large","max-video-preview":"max-video-preview:-1"},"canonical":"https:\/\/www.etoro.com\/pt-pt\/wp-json\/wp\/v2\/pages\/849375","og_locale":"pt_PT","og_type":"article","og_title":"Delta by eToro, a monitoriza\u00e7\u00e3o de investimentos n.\u00ba 1","og_description":"O seu Superpoder Financeiro: Acompanhe todos os seus investimentos: a\u00e7\u00f5es, ETFs, mat\u00e9rias-primas, criptomoedas e forex - num \u00fanico local","og_url":"https:\/\/www.etoro.com\/pt-pt\/wp-json\/wp\/v2\/pages\/849375","og_site_name":"eToro","article_publisher":"https:\/\/www.facebook.com\/eToro\/","article_modified_time":"2026-03-24T12:05:40+00:00","og_image":[{"width":1200,"height":630,"url":"https:\/\/www.etoro.com\/wp-content\/uploads\/2025\/04\/Delta-Featured-image-1200x630-1.png","type":"image\/png"}],"twitter_card":"summary_large_image","twitter_site":"@eToro","twitter_misc":{"Est. reading time":"2 minutes"},"schema":{"@context":"https:\/\/schema.org","@graph":[{"@type":"WebPage","@id":"https:\/\/www.etoro.com\/pt-pt\/investing\/delta\/","url":"https:\/\/www.etoro.com\/pt-pt\/investing\/delta\/","name":"Delta by eToro, a monitoriza\u00e7\u00e3o de investimentos n.\u00ba 1","isPartOf":{"@id":"https:\/\/www.etoro.com\/pt-pt\/#website"},"primaryImageOfPage":{"@id":"https:\/\/www.etoro.com\/pt-pt\/investing\/delta\/#primaryimage"},"image":{"@id":"https:\/\/www.etoro.com\/pt-pt\/investing\/delta\/#primaryimage"},"thumbnailUrl":"https:\/\/www.etoro.com\/wp-content\/uploads\/2025\/04\/Delta-Featured-image-1200x630-1.png","datePublished":"2023-06-13T06:50:21+00:00","dateModified":"2026-03-24T12:05:40+00:00","description":"O seu Superpoder Financeiro: Acompanhe todos os seus investimentos: a\u00e7\u00f5es, ETFs, mat\u00e9rias-primas, criptomoedas e forex - num \u00fanico local","breadcrumb":{"@id":"https:\/\/www.etoro.com\/pt-pt\/investing\/delta\/#breadcrumb"},"inLanguage":"pt","potentialAction":[{"@type":"ReadAction","target":["https:\/\/www.etoro.com\/pt-pt\/investing\/delta\/"]}]},{"@type":"ImageObject","inLanguage":"pt","@id":"https:\/\/www.etoro.com\/pt-pt\/investing\/delta\/#primaryimage","url":"https:\/\/www.etoro.com\/wp-content\/uploads\/2025\/04\/Delta-Featured-image-1200x630-1.png","contentUrl":"https:\/\/www.etoro.com\/wp-content\/uploads\/2025\/04\/Delta-Featured-image-1200x630-1.png","width":1200,"height":630},{"@type":"BreadcrumbList","@id":"https:\/\/www.etoro.com\/pt-pt\/investing\/delta\/#breadcrumb","itemListElement":[{"@type":"ListItem","position":1,"name":"In\u00edcio","item":"https:\/\/www.etoro.com\/pt-pt\/"},{"@type":"ListItem","position":2,"name":"Investir","item":"https:\/\/www.etoro.com\/pt-pt\/investing\/"},{"@type":"ListItem","position":3,"name":"DELTA por eToro"}]},{"@type":"WebSite","@id":"https:\/\/www.etoro.com\/pt-pt\/#website","url":"https:\/\/www.etoro.com\/pt-pt\/","name":"eToro","description":"","publisher":{"@id":"https:\/\/www.etoro.com\/pt-pt\/#organization"},"potentialAction":[{"@type":"SearchAction","target":{"@type":"EntryPoint","urlTemplate":"https:\/\/www.etoro.com\/pt-pt\/?s={search_term_string}"},"query-input":{"@type":"PropertyValueSpecification","valueRequired":true,"valueName":"search_term_string"}}],"inLanguage":"pt"},[]]}},"_links":{"self":[{"href":"https:\/\/www.etoro.com\/pt-pt\/wp-json\/wp\/v2\/pages\/849375"}],"collection":[{"href":"https:\/\/www.etoro.com\/pt-pt\/wp-json\/wp\/v2\/pages"}],"about":[{"href":"https:\/\/www.etoro.com\/pt-pt\/wp-json\/wp\/v2\/types\/page"}],"author":[{"embeddable":true,"href":"https:\/\/www.etoro.com\/pt-pt\/wp-json\/wp\/v2\/users\/75"}],"replies":[{"embeddable":true,"href":"https:\/\/www.etoro.com\/pt-pt\/wp-json\/wp\/v2\/comments?post=849375"}],"version-history":[{"count":0,"href":"https:\/\/www.etoro.com\/pt-pt\/wp-json\/wp\/v2\/pages\/849375\/revisions"}],"up":[{"embeddable":true,"href":"https:\/\/www.etoro.com\/pt-pt\/wp-json\/wp\/v2\/pages\/19768"}],"wp:featuredmedia":[{"embeddable":true,"href":"https:\/\/www.etoro.com\/pt-pt\/wp-json\/wp\/v2\/media\/1048678"}],"wp:attachment":[{"href":"https:\/\/www.etoro.com\/pt-pt\/wp-json\/wp\/v2\/media?parent=849375"}],"wp:term":[{"taxonomy":"asset_type","embeddable":true,"href":"https:\/\/www.etoro.com\/pt-pt\/wp-json\/wp\/v2\/asset_type?post=849375"}],"curies":[{"name":"wp","href":"https:\/\/api.w.org\/{rel}","templated":true}]}}