{"id":867148,"date":"2024-01-05T14:43:27","date_gmt":"2024-01-05T12:43:27","guid":{"rendered":"https:\/\/www.etoro.com\/about\/club\/tax-partners\/"},"modified":"2024-04-11T12:33:32","modified_gmt":"2024-04-11T09:33:32","slug":"tax-partners","status":"publish","type":"page","link":"https:\/\/www.etoro.com\/pt-pt\/about\/club\/tax-partners\/","title":{"rendered":"Tax Partners"},"content":{"rendered":"\n<section class=\"wp-block-group wp-block-group-boxed wp-block-group-medium-bottom-padding has-white-background-color has-background\"><div class=\"wp-block-group-inner is-layout-flow wp-block-group-is-layout-flow\">\n<div class=\"wp-block-columns are-vertically-aligned-top wp-block-columns-1 wp-block-columns-size-14 is-layout-flex wp-container-core-columns-is-layout-1 wp-block-columns-is-layout-flex\">\n<div class=\"wp-block-column wp-block-column-align-desktop-center wp-block-column-align-mobile-left is-layout-flow wp-block-column-is-layout-flow\">\n<p class=\"has-text-align-center\">Como membro do eToro Club, tem direito a um desconto na sua declara\u00e7\u00e3o fiscal gerada por um dos nossos parceiros. Basta escolher na nossa lista de fornecedores especializados em impostos e eles far\u00e3o o trabalho para si.<\/p>\n<\/div>\n<\/div>\n<\/div><\/section>\n\n\n\n<section class=\"wp-block-group wp-block-group-boxed wp-block-group-medium-top-padding wp-block-group-medium-bottom-padding has-white-background-color has-background\"><div class=\"wp-block-group-inner is-layout-flow wp-block-group-is-layout-flow\">\n<div class=\"wp-block-columns are-vertically-aligned-top wp-block-columns-3 is-layout-flex wp-container-core-columns-is-layout-2 wp-block-columns-is-layout-flex\">\n<div class=\"wp-block-column is-layout-flow wp-block-column-is-layout-flow\">\n<div class=\"wp-block-etoro-card wp-block-etoro-card-size-small wp-block-etoro-card-thumbnail-position-above wp-block-etoro-card-default\"><img decoding=\"async\" src=\"https:\/\/www.etoro.com\/wp-content\/uploads\/2024\/01\/flag.svg\" alt=\"Escolha um parceiro fiscal\" class=\"wp-block-etoro-card-thumbnail\"\/><div class=\"wp-block-etoro-card-body\"><div class=\"wp-block-etoro-card-title\">Escolha um parceiro fiscal<\/div><div class=\"wp-block-etoro-card-content\">\n<p><strong><strong>Certifique-se de estar logado<\/strong><\/strong> e selecione o seu pa\u00eds de resid\u00eancia. Os parceiros fiscais dispon\u00edveis na sua regi\u00e3o est\u00e3o listados.<\/p>\n<\/div><\/div><\/div>\n<\/div>\n\n\n\n<div class=\"wp-block-column is-layout-flow wp-block-column-is-layout-flow\">\n<div class=\"wp-block-etoro-card wp-block-etoro-card-size-small wp-block-etoro-card-thumbnail-position-above wp-block-etoro-card-default\"><img decoding=\"async\" src=\"https:\/\/www.etoro.com\/wp-content\/uploads\/2024\/01\/featured.svg\" alt=\"Receba um disconto\" class=\"wp-block-etoro-card-thumbnail\"\/><div class=\"wp-block-etoro-card-body\"><div class=\"wp-block-etoro-card-title\">Receba um disconto<\/div><div class=\"wp-block-etoro-card-content\">\n<p>Os membros do Clube recebem estes servi\u00e7os com economias significativas. A taxa de desconto \u00e9 baseada no seu n\u00edvel do eToro Club.<\/p>\n<\/div><\/div><\/div>\n<\/div>\n\n\n\n<div class=\"wp-block-column is-layout-flow wp-block-column-is-layout-flow\">\n<div class=\"wp-block-etoro-card wp-block-etoro-card-size-small wp-block-etoro-card-thumbnail-position-above wp-block-etoro-card-default\"><img decoding=\"async\" src=\"https:\/\/www.etoro.com\/wp-content\/uploads\/2024\/01\/like.svg\" alt=\"Relaxe...\" class=\"wp-block-etoro-card-thumbnail\"\/><div class=\"wp-block-etoro-card-body\"><div class=\"wp-block-etoro-card-title\">Relaxe&#8230;<\/div><div class=\"wp-block-etoro-card-content\">\n<p>E deixe os profissionais fiscais trabalharem para tornar esta tarefa anual muito mais f\u00e1cil para si!<\/p>\n<\/div><\/div><\/div>\n<\/div>\n<\/div>\n<\/div><\/section>\n\n\n\n<section class=\"wp-block-group wp-block-group-boxed wp-block-group-medium-top-padding has-white-background-color has-background\"><div class=\"wp-block-group-inner is-layout-flow wp-block-group-is-layout-flow\">\n<div class=\"wp-block-columns are-vertically-aligned-top wp-block-columns-1 wp-block-columns-size-14 is-layout-flex wp-container-core-columns-is-layout-3 wp-block-columns-is-layout-flex\">\n<div class=\"wp-block-column wp-block-column-align-desktop-center wp-block-column-align-mobile-left is-layout-flow wp-block-column-is-layout-flow\">\n<p class=\"has-text-align-center\">Observe que a eToro partilhar\u00e1 com terceiros a qual n\u00edvel de Clube voc\u00ea pertence para que possa receber o seu desconto.<\/p>\n\n\n\n<p class=\"is-style-disclaimer\">A eToro n\u00e3o fornece aconselhamento fiscal e as informa\u00e7\u00f5es fornecidas n\u00e3o devem ser interpretadas como tal.<br>Os clientes devem procurar aconselhamento fiscal independente.<\/p>\n<\/div>\n<\/div>\n<\/div><\/section>\n\n\n\n<section class=\"wp-block-group wp-block-group-boxed\"><div class=\"wp-block-group-inner is-layout-flow wp-block-group-is-layout-flow\">\n<h2 class=\"wp-block-heading has-text-align-center is-style-heading-2\" id=\"choose-tax-partner\"><strong><strong>Escolha o seu parceiro fiscal <\/strong><\/strong>por regi\u00e3o<\/h2>\n\n\n\n<p class=\"has-text-align-center\">Escolha o pa\u00eds e o fornecedor da sua prefer\u00eancia no menu suspenso abaixo:<\/p>\n\n\n\n<div class=\"wp-block-etoro-tax-partners\"><div class=\"wp-block-etoro-tax-partners-select-wrapper\"><select class=\"wp-block-etoro-tax-partners-select\"><option value=\"\" disabled selected>Pa\u00eds<\/option><option value=\"7453\" data-id=\"12\">Austr\u00e1lia<\/option><option value=\"6907\" data-id=\"55\">Rep\u00fablica Checa<\/option><option value=\"7794\" data-id=\"79\">Alemanha<\/option><option value=\"7311\" data-id=\"102\">It\u00e1lia<\/option><option value=\"6913\" data-id=\"132\">M\u00e9xico<\/option><option value=\"6911\" data-id=\"164\">Pol\u00f3nia<\/option><option value=\"6914\" data-id=\"165\">Portugal<\/option><option value=\"6908\" data-id=\"168\">Rom\u00e9nia<\/option><option value=\"6912\" data-id=\"184\">Eslov\u00e1quia<\/option><option value=\"6909\" data-id=\"185\">Eslov\u00e9nia<\/option><option value=\"6910\" data-id=\"191\">Espanha<\/option><option value=\"6915\" data-id=\"196\">Su\u00e9cia<\/option><option value=\"6906\" data-id=\"218\">Reino Unido<\/option><\/select><\/div><div class=\"wp-block-etoro-tax-partners-wrapper\"><\/div><\/div>\n<\/div><\/section>\n\n\n\n<section class=\"wp-block-group wp-block-group-boxed has-dark-blue-background-color has-background\"><div class=\"wp-block-group-inner is-layout-flow wp-block-group-is-layout-flow\">\n<div class=\"wp-block-columns are-vertically-aligned-top wp-block-columns-1 wp-block-columns-size-14 is-layout-flex wp-container-core-columns-is-layout-4 wp-block-columns-is-layout-flex\">\n<div class=\"wp-block-column is-layout-flow wp-block-column-is-layout-flow\">\n<p class=\"has-text-align-center is-style-heading-2\">Qual desconto <strong>se aplica a mim?<\/strong><\/p>\n\n\n\n<p class=\"has-text-align-center\">A taxa de desconto \u00e9 baseada no seu n\u00edvel do eToro Club. N\u00e3o deixe de visitar o <a href=\"https:\/\/www.etoro.com\/pt-pt\/dashboard\/club\" target=\"_blank\" rel=\"noreferrer noopener\">Painel do Clube<\/a>, onde pode verificar o status atual do seu n\u00edvel para esta e outras ofertas.<\/p>\n<\/div>\n<\/div>\n<\/div><\/section>\n\n\n\n<section class=\"wp-block-group wp-block-group-boxed has-white-background-color has-background\"><div class=\"wp-block-group-inner is-layout-flow wp-block-group-is-layout-flow\">\n<h2 class=\"wp-block-heading has-text-align-center\">FAQ<\/h2>\n\n\n\n<dl class=\"wp-block-etoro-faq\">\n<div class=\"wp-block-etoro-faq-item\"><dt class=\"wp-block-etoro-faq-item-question\"><br>O que \u00e9 esta oferta?<\/dt><dd class=\"wp-block-etoro-faq-item-answer\">\n<p>Como membro do Clube, tem direito a um desconto na sua declara\u00e7\u00e3o de impostos gerada por um dos nossos parceiros. Escolha na nossa lista de provedores fiscais especializados e eles far\u00e3o o trabalho para si. A taxa de desconto \u00e9 baseada no seu N\u00edvel do eToro Club. N\u00e3o deixe de visitar o <a href=\"https:\/\/www.etoro.com\/pt-pt\/dashboard\/club\">Painel do Clube<\/a>, onde pode verificar o status atual do seu n\u00edvel e ofertas adicionais.<\/p>\n<\/dd><\/div>\n\n\n\n<div class=\"wp-block-etoro-faq-item\"><dt class=\"wp-block-etoro-faq-item-question\">Por que me est\u00e1 a pedir para fazer login?<\/dt><dd class=\"wp-block-etoro-faq-item-answer\">\n<p>Para reivindicar o desconto correto de acordo com o n\u00edvel do seu Clube, precisa de estar conectado \u00e0 sua conta eToro.<\/p>\n<\/dd><\/div>\n\n\n\n<div class=\"wp-block-etoro-faq-item\"><dt class=\"wp-block-etoro-faq-item-question\">E se eu n\u00e3o vir o meu pa\u00eds listado?<\/dt><dd class=\"wp-block-etoro-faq-item-answer\">\n<p>Fique atento! Adicionaremos mais em breve.<\/p>\n<\/dd><\/div>\n\n\n\n<div class=\"wp-block-etoro-faq-item\"><dt class=\"wp-block-etoro-faq-item-question\"><br>E se eu precisar de ajuda?<\/dt><dd class=\"wp-block-etoro-faq-item-answer\">\n<p>Se tiver mais d\u00favidas, entre em contacto com o seu ponto de contacto dedicado atrav\u00e9s do <a href=\"https:\/\/www.etoro.com\/pt-pt\/dashboard\/club\" target=\"_blank\" rel=\"noreferrer noopener\">Painel do Clube<\/a>.<\/p>\n<\/dd><\/div>\n\n\n\n<div class=\"wp-block-etoro-faq-item\"><dt class=\"wp-block-etoro-faq-item-question\">Como posso aceder a esta oferta?<\/dt><dd class=\"wp-block-etoro-faq-item-answer\">\n<p>Certifique-se de estar logado e selecione o seu pa\u00eds de resid\u00eancia. Os parceiros fiscais dispon\u00edveis na sua regi\u00e3o est\u00e3o listados.<\/p>\n<\/dd><\/div>\n\n\n\n<div class=\"wp-block-etoro-faq-item\"><dt class=\"wp-block-etoro-faq-item-question\">Quem tem direito a receber estes descontos?<\/dt><dd class=\"wp-block-etoro-faq-item-answer\">\n<p>As declara\u00e7\u00f5es fiscais com desconto s\u00e3o exclusivas para membros do eToro Club.<\/p>\n<\/dd><\/div>\n\n\n\n<div class=\"wp-block-etoro-faq-item\"><dt class=\"wp-block-etoro-faq-item-question\">Preciso apresentar um relat\u00f3rio fiscal?<\/dt><dd class=\"wp-block-etoro-faq-item-answer\">\n<p>Voc\u00ea \u00e9 respons\u00e1vel por calcular e pagar quaisquer impostos aplic\u00e1veis \u200b\u200bno seu pa\u00eds ou pa\u00edses de resid\u00eancia fiscal.<\/p>\n<\/dd><\/div>\n\n\n\n<div class=\"wp-block-etoro-faq-item\"><dt class=\"wp-block-etoro-faq-item-question\">Onde posso obter uma vis\u00e3o geral da minha atividade de investimento?<\/dt><dd class=\"wp-block-etoro-faq-item-answer\">\n<p>Voc\u00ea pode gerar um Extrato de Conta clicando em \u201cConfigura\u00e7\u00f5es\u201d e depois em \u201cConta\u201d (ou simplesmente acessando este <a href=\"https:\/\/www.etoro.com\/pt-pt\/documents\/accountstatement\" target=\"_blank\" rel=\"noreferrer noopener\">link<\/a>). Em Documentos, clique em \u201cVisualizar\u201d ao lado do Extrato da Conta. Escolha um per\u00edodo de tempo e clique em \u201cCriar\u201d para gerar o extrato da sua conta.<\/p>\n<\/dd><\/div>\n<\/dl>\n<\/div><\/section>\n\n\n\n<section class=\"wp-block-group wp-block-group-boxed\"><div class=\"wp-block-group-inner is-layout-flow wp-block-group-is-layout-flow\">\n<div class=\"wp-block-columns are-vertically-aligned-top wp-block-columns-1 is-layout-flex wp-container-core-columns-is-layout-5 wp-block-columns-is-layout-flex\">\n<div class=\"wp-block-column is-layout-flow wp-block-column-is-layout-flow\">\n<p class=\"has-text-align-center is-style-disclaimer\">Esta comunica\u00e7\u00e3o destina-se apenas a fins informativos e educacionais e n\u00e3o deve ser considerada um conselho de investimento ou recomenda\u00e7\u00e3o de investimento. N\u00e3o se destina estritamente a fornecer e n\u00e3o deve ser considerado como aconselhamento fiscal ou contabil\u00edstico; deve consultar os seus pr\u00f3prios consultores fiscais e contabilistas independentes.<\/p>\n<\/div>\n<\/div>\n<\/div><\/section>\n","protected":false},"excerpt":{"rendered":"<p>Como membro do eToro Club, tem direito a um desconto na sua declara\u00e7\u00e3o fiscal gerada por um dos nossos parceiros. Basta escolher na nossa lista de fornecedores especializados em impostos e eles far\u00e3o o trabalho para si. Observe que a eToro partilhar\u00e1 com terceiros a qual n\u00edvel de Clube voc\u00ea pertence para que possa receber&hellip;<\/p>\n","protected":false},"author":45,"featured_media":836457,"parent":547158,"menu_order":0,"comment_status":"closed","ping_status":"closed","template":"","meta":{"_acf_changed":false,"inline_featured_image":false,"sticky_cta_settings":"","footnotes":""},"asset_type":[],"class_list":["post-867148","page","type-page","status-publish","has-post-thumbnail","hentry"],"acf":[],"yoast_head":"<title>Declara\u00e7\u00e3o de impostos com desconto para membros eToro Club<\/title>\n<meta name=\"description\" content=\"Ganhe desconto na declara\u00e7\u00e3o de impostos feita por um dos nossos parceiros. Escolha na nossa lista de parceiros especializados e eles far\u00e3o o trabalho para si\" \/>\n<meta name=\"robots\" content=\"index, follow, max-snippet:-1, max-image-preview:large, max-video-preview:-1\" \/>\n<link rel=\"canonical\" href=\"https:\/\/www.etoro.com\/pt-pt\/wp-json\/wp\/v2\/pages\/867148\" \/>\n<meta property=\"og:locale\" content=\"pt_PT\" \/>\n<meta property=\"og:type\" content=\"article\" \/>\n<meta property=\"og:title\" content=\"Declara\u00e7\u00e3o de impostos com desconto para membros eToro Club\" \/>\n<meta property=\"og:description\" content=\"Ganhe desconto na declara\u00e7\u00e3o de impostos feita por um dos nossos parceiros. Escolha na nossa lista de parceiros especializados e eles far\u00e3o o trabalho para si\" \/>\n<meta property=\"og:url\" content=\"https:\/\/www.etoro.com\/pt-pt\/wp-json\/wp\/v2\/pages\/867148\" \/>\n<meta property=\"og:site_name\" content=\"eToro\" \/>\n<meta property=\"article:publisher\" content=\"https:\/\/www.facebook.com\/eToro\/\" \/>\n<meta property=\"article:modified_time\" content=\"2024-04-11T09:33:32+00:00\" \/>\n<meta property=\"og:image\" content=\"https:\/\/www.etoro.com\/wp-content\/uploads\/2024\/01\/Tax-services.jpg\" \/>\n\t<meta property=\"og:image:width\" content=\"1200\" \/>\n\t<meta property=\"og:image:height\" content=\"630\" \/>\n\t<meta property=\"og:image:type\" content=\"image\/jpeg\" \/>\n<meta name=\"twitter:card\" content=\"summary_large_image\" \/>\n<meta name=\"twitter:site\" content=\"@eToro\" \/>\n<meta name=\"twitter:label1\" content=\"Est. reading time\" \/>\n\t<meta name=\"twitter:data1\" content=\"3 minutes\" \/>\n<script type=\"application\/ld+json\" class=\"yoast-schema-graph\">{\"@context\":\"https:\/\/schema.org\",\"@graph\":[{\"@type\":\"WebPage\",\"@id\":\"https:\/\/www.etoro.com\/pt-pt\/about\/club\/tax-partners\/\",\"url\":\"https:\/\/www.etoro.com\/pt-pt\/about\/club\/tax-partners\/\",\"name\":\"Declara\u00e7\u00e3o de impostos com desconto para membros eToro Club\",\"isPartOf\":{\"@id\":\"https:\/\/www.etoro.com\/pt-pt\/#website\"},\"primaryImageOfPage\":{\"@id\":\"https:\/\/www.etoro.com\/pt-pt\/about\/club\/tax-partners\/#primaryimage\"},\"image\":{\"@id\":\"https:\/\/www.etoro.com\/pt-pt\/about\/club\/tax-partners\/#primaryimage\"},\"thumbnailUrl\":\"https:\/\/www.etoro.com\/wp-content\/uploads\/2024\/01\/Tax-services.jpg\",\"datePublished\":\"2024-01-05T12:43:27+00:00\",\"dateModified\":\"2024-04-11T09:33:32+00:00\",\"description\":\"Ganhe desconto na declara\u00e7\u00e3o de impostos feita por um dos nossos parceiros. Escolha na nossa lista de parceiros especializados e eles far\u00e3o o trabalho para si\",\"breadcrumb\":{\"@id\":\"https:\/\/www.etoro.com\/pt-pt\/about\/club\/tax-partners\/#breadcrumb\"},\"inLanguage\":\"pt\",\"potentialAction\":[{\"@type\":\"ReadAction\",\"target\":[\"https:\/\/www.etoro.com\/pt-pt\/about\/club\/tax-partners\/\"]}]},{\"@type\":\"ImageObject\",\"inLanguage\":\"pt\",\"@id\":\"https:\/\/www.etoro.com\/pt-pt\/about\/club\/tax-partners\/#primaryimage\",\"url\":\"https:\/\/www.etoro.com\/wp-content\/uploads\/2024\/01\/Tax-services.jpg\",\"contentUrl\":\"https:\/\/www.etoro.com\/wp-content\/uploads\/2024\/01\/Tax-services.jpg\",\"width\":1200,\"height\":630,\"caption\":\"Tax services\"},{\"@type\":\"BreadcrumbList\",\"@id\":\"https:\/\/www.etoro.com\/pt-pt\/about\/club\/tax-partners\/#breadcrumb\",\"itemListElement\":[{\"@type\":\"ListItem\",\"position\":1,\"name\":\"In\u00edcio\",\"item\":\"https:\/\/www.etoro.com\/pt-pt\/\"},{\"@type\":\"ListItem\",\"position\":2,\"name\":\"SOBRE\",\"item\":\"https:\/\/www.etoro.com\/pt-pt\/about\/\"},{\"@type\":\"ListItem\",\"position\":3,\"name\":\"eToro Club Desconto nas comiss\u00f5es de convers\u00e3o eToro Club\",\"item\":\"https:\/\/www.etoro.com\/pt-pt\/about\/club\/\"},{\"@type\":\"ListItem\",\"position\":4,\"name\":\"Tax Partners\"}]},{\"@type\":\"WebSite\",\"@id\":\"https:\/\/www.etoro.com\/pt-pt\/#website\",\"url\":\"https:\/\/www.etoro.com\/pt-pt\/\",\"name\":\"eToro\",\"description\":\"\",\"publisher\":{\"@id\":\"https:\/\/www.etoro.com\/pt-pt\/#organization\"},\"potentialAction\":[{\"@type\":\"SearchAction\",\"target\":{\"@type\":\"EntryPoint\",\"urlTemplate\":\"https:\/\/www.etoro.com\/pt-pt\/?s={search_term_string}\"},\"query-input\":{\"@type\":\"PropertyValueSpecification\",\"valueRequired\":true,\"valueName\":\"search_term_string\"}}],\"inLanguage\":\"pt\"},[]]}<\/script>","yoast_head_json":{"title":"Declara\u00e7\u00e3o de impostos com desconto para membros eToro Club","description":"Ganhe desconto na declara\u00e7\u00e3o de impostos feita por um dos nossos parceiros. Escolha na nossa lista de parceiros especializados e eles far\u00e3o o trabalho para si","robots":{"index":"index","follow":"follow","max-snippet":"max-snippet:-1","max-image-preview":"max-image-preview:large","max-video-preview":"max-video-preview:-1"},"canonical":"https:\/\/www.etoro.com\/pt-pt\/wp-json\/wp\/v2\/pages\/867148","og_locale":"pt_PT","og_type":"article","og_title":"Declara\u00e7\u00e3o de impostos com desconto para membros eToro Club","og_description":"Ganhe desconto na declara\u00e7\u00e3o de impostos feita por um dos nossos parceiros. Escolha na nossa lista de parceiros especializados e eles far\u00e3o o trabalho para si","og_url":"https:\/\/www.etoro.com\/pt-pt\/wp-json\/wp\/v2\/pages\/867148","og_site_name":"eToro","article_publisher":"https:\/\/www.facebook.com\/eToro\/","article_modified_time":"2024-04-11T09:33:32+00:00","og_image":[{"width":1200,"height":630,"url":"https:\/\/www.etoro.com\/wp-content\/uploads\/2024\/01\/Tax-services.jpg","type":"image\/jpeg"}],"twitter_card":"summary_large_image","twitter_site":"@eToro","twitter_misc":{"Est. reading time":"3 minutes"},"schema":{"@context":"https:\/\/schema.org","@graph":[{"@type":"WebPage","@id":"https:\/\/www.etoro.com\/pt-pt\/about\/club\/tax-partners\/","url":"https:\/\/www.etoro.com\/pt-pt\/about\/club\/tax-partners\/","name":"Declara\u00e7\u00e3o de impostos com desconto para membros eToro Club","isPartOf":{"@id":"https:\/\/www.etoro.com\/pt-pt\/#website"},"primaryImageOfPage":{"@id":"https:\/\/www.etoro.com\/pt-pt\/about\/club\/tax-partners\/#primaryimage"},"image":{"@id":"https:\/\/www.etoro.com\/pt-pt\/about\/club\/tax-partners\/#primaryimage"},"thumbnailUrl":"https:\/\/www.etoro.com\/wp-content\/uploads\/2024\/01\/Tax-services.jpg","datePublished":"2024-01-05T12:43:27+00:00","dateModified":"2024-04-11T09:33:32+00:00","description":"Ganhe desconto na declara\u00e7\u00e3o de impostos feita por um dos nossos parceiros. Escolha na nossa lista de parceiros especializados e eles far\u00e3o o trabalho para si","breadcrumb":{"@id":"https:\/\/www.etoro.com\/pt-pt\/about\/club\/tax-partners\/#breadcrumb"},"inLanguage":"pt","potentialAction":[{"@type":"ReadAction","target":["https:\/\/www.etoro.com\/pt-pt\/about\/club\/tax-partners\/"]}]},{"@type":"ImageObject","inLanguage":"pt","@id":"https:\/\/www.etoro.com\/pt-pt\/about\/club\/tax-partners\/#primaryimage","url":"https:\/\/www.etoro.com\/wp-content\/uploads\/2024\/01\/Tax-services.jpg","contentUrl":"https:\/\/www.etoro.com\/wp-content\/uploads\/2024\/01\/Tax-services.jpg","width":1200,"height":630,"caption":"Tax services"},{"@type":"BreadcrumbList","@id":"https:\/\/www.etoro.com\/pt-pt\/about\/club\/tax-partners\/#breadcrumb","itemListElement":[{"@type":"ListItem","position":1,"name":"In\u00edcio","item":"https:\/\/www.etoro.com\/pt-pt\/"},{"@type":"ListItem","position":2,"name":"SOBRE","item":"https:\/\/www.etoro.com\/pt-pt\/about\/"},{"@type":"ListItem","position":3,"name":"eToro Club Desconto nas comiss\u00f5es de convers\u00e3o eToro Club","item":"https:\/\/www.etoro.com\/pt-pt\/about\/club\/"},{"@type":"ListItem","position":4,"name":"Tax Partners"}]},{"@type":"WebSite","@id":"https:\/\/www.etoro.com\/pt-pt\/#website","url":"https:\/\/www.etoro.com\/pt-pt\/","name":"eToro","description":"","publisher":{"@id":"https:\/\/www.etoro.com\/pt-pt\/#organization"},"potentialAction":[{"@type":"SearchAction","target":{"@type":"EntryPoint","urlTemplate":"https:\/\/www.etoro.com\/pt-pt\/?s={search_term_string}"},"query-input":{"@type":"PropertyValueSpecification","valueRequired":true,"valueName":"search_term_string"}}],"inLanguage":"pt"},[]]}},"_links":{"self":[{"href":"https:\/\/www.etoro.com\/pt-pt\/wp-json\/wp\/v2\/pages\/867148"}],"collection":[{"href":"https:\/\/www.etoro.com\/pt-pt\/wp-json\/wp\/v2\/pages"}],"about":[{"href":"https:\/\/www.etoro.com\/pt-pt\/wp-json\/wp\/v2\/types\/page"}],"author":[{"embeddable":true,"href":"https:\/\/www.etoro.com\/pt-pt\/wp-json\/wp\/v2\/users\/45"}],"replies":[{"embeddable":true,"href":"https:\/\/www.etoro.com\/pt-pt\/wp-json\/wp\/v2\/comments?post=867148"}],"version-history":[{"count":0,"href":"https:\/\/www.etoro.com\/pt-pt\/wp-json\/wp\/v2\/pages\/867148\/revisions"}],"up":[{"embeddable":true,"href":"https:\/\/www.etoro.com\/pt-pt\/wp-json\/wp\/v2\/pages\/547158"}],"wp:featuredmedia":[{"embeddable":true,"href":"https:\/\/www.etoro.com\/pt-pt\/wp-json\/wp\/v2\/media\/836457"}],"wp:attachment":[{"href":"https:\/\/www.etoro.com\/pt-pt\/wp-json\/wp\/v2\/media?parent=867148"}],"wp:term":[{"taxonomy":"asset_type","embeddable":true,"href":"https:\/\/www.etoro.com\/pt-pt\/wp-json\/wp\/v2\/asset_type?post=867148"}],"curies":[{"name":"wp","href":"https:\/\/api.w.org\/{rel}","templated":true}]}}