{"id":1072231,"date":"2025-05-01T17:37:08","date_gmt":"2025-05-01T14:37:08","guid":{"rendered":"https:\/\/www.etoro.com\/investing\/saving-to-invest\/"},"modified":"2025-06-02T16:44:59","modified_gmt":"2025-06-02T13:44:59","slug":"saving-to-invest","status":"publish","type":"page","link":"https:\/\/www.etoro.com\/ro\/investing\/saving-to-invest\/","title":{"rendered":"Economii \u0219i investi\u021bii: ghid practic"},"content":{"rendered":"\n<p class=\"is-style-summary\">Acest ghid practic \u00ee\u021bi ofer\u0103 pa\u0219ii esen\u021biali \u0219i te preg\u0103te\u0219te s\u0103 economise\u0219ti eficient pentru a \u00eencepe s\u0103 investe\u0219ti, pas cu pas. Fie c\u0103 e\u0219ti la \u00eenceput sau vrei s\u0103-\u021bi cre\u0219ti portofoliul, aici vei g\u0103si informa\u021bii utile, clare \u0219i aplicabile pentru a face alegeri financiare mai informate.<\/p>\n\n\n\n<hr class=\"wp-block-separator wp-block-separator-color-dark-grey wp-block-separator-spaces-medium wp-block-separator-weight-1\"\/>\n\n\n\n<p>Economisirea \u0219i investi\u021biile sunt adesea confundate, deoarece merg m\u00e2n\u0103 \u00een m\u00e2n\u0103 \u00een gestionarea capitalului personal. Cu toate acestea, <strong>economisirea \u00een prealabil este esen\u021bial\u0103<\/strong> pentru a construi capital necesar investi\u021biilor.<\/p>\n\n\n\n<h2 class=\"wp-block-heading\">\u00cen\u021belegerea veniturilor \u0219i cheltuielilor tale<\/h2>\n\n\n\n<p>\u00cenainte de a putea economisi, <strong>primul pas const\u0103 \u00een consolidarea unei baze solide<\/strong>, care s\u0103 sus\u021bin\u0103 alte demersuri financiare. Este recomandat ca investitorii s\u0103-\u0219i identifice sursele de venit \u0219i s\u0103-\u0219i monitorizeze cu aten\u021bie cheltuielile pentru a realiza un buget realist \u0219i sustenabil.<\/p>\n\n\n\n<p>Cu excep\u021bia cazului \u00een care cei viza\u021bi dispun de o mo\u0219tenire semnificativ\u0103 sau de un cadou financiar important, este necesar\u0103 economisirea \u00eenainte de a putea \u00eencepe s\u0103 <a href=\"https:\/\/www.etoro.com\/ro\/academy\/investing\/\" &amp;sa=\"D&amp;source=editors&amp;ust=1748871823160302&amp;usg=AOvVaw0aURJZCvOQCopVCMElwywz&quot;\">investeasc\u0103<\/a>. Obiceiurile de economisire se dezvolt\u0103 treptat, prin <strong>aplicarea unor strategii eficiente<\/strong> care s\u0103 capitalizeze banii.<\/p>\n\n\n\n<figure class=\"wp-block-image\"><img decoding=\"async\" src=\"https:\/\/www.etoro.com\/wp-content\/uploads\/2025\/04\/Body-Image-1-Setting-Financial-Goals-for-Investment-Success.png\" alt=\"Image related to \u00cen\u021belegerea veniturilor \u0219i cheltuielilor tale\" class=\"wp-image-desktop\"\/><\/figure>\n\n\n\n<p>Prin ace\u0219i pa\u0219i, vei putea <strong>prioritiza economisirea \u00een fa\u021ba cheltuielilor discre\u021bionare<\/strong>. Spre exemplu, \u00een loc s\u0103 investe\u0219ti \u00een obiecte de lux sau s\u0103 mergi adesea la restaurant, po\u021bi implementa un sistem \u00een care reducerea costurilor devine o prioritate clar\u0103.<\/p>\n\n\n\n<h2 class=\"wp-block-heading\">Stabilirea obiectivelor financiare pentru succesul investi\u021biilor<\/h2>\n\n\n\n<p>Dup\u0103 ce ai stabilit bazele, po\u021bi planifica economiile \u0219i <a href=\"https:\/\/www.etoro.com\/ro\/investing\/why-should-i-start-investing\/\" &amp;sa=\"D&amp;source=editors&amp;ust=1748871823163868&amp;usg=AOvVaw3rycDjiRLwYmAOyKTw-13Q&quot;\">obiectivele de investi\u021bii<\/a>. De obicei, aceasta implic\u0103 <strong>determinarea scopurilor tale de investi\u021bii<\/strong> pe termen scurt \u0219i lung \u0219i crearea unui plan pentru a le atinge. Acestea trebuie s\u0103 se \u00eencadreze \u00een strategiile de economisire.<\/p>\n\n\n\n<p><mark>Termenul trebuie, de asemenea, s\u0103 fie realist, de obicei \u00eemp\u0103r\u021bit \u00een etape de investi\u021bii mai mici, pe care ar trebui s\u0103 le po\u021bi urm\u0103ri cu u\u0219urin\u021b\u0103.<\/mark><\/p>\n\n\n\n<p>De exemplu, imagineaz\u0103-\u021bi c\u0103 economise\u0219ti pentru obiective pe termen scurt, cum ar fi un fond de urgen\u021b\u0103 sau urmarea unui curs. Trebuie s\u0103 <strong>determini de c\u00e2t de mul\u021bi bani ai nevoie<\/strong> \u0219i perioada necesar\u0103. Informa\u021biile te vor ajuta s\u0103 creezi un buget de cheltuieli realist.<\/p>\n\n\n\n<figure class=\"wp-block-image\"><img decoding=\"async\" src=\"https:\/\/www.etoro.com\/wp-content\/uploads\/2025\/04\/Body-Image-2-The-Power-of-Long-Term-Consistent-Investing.png\" alt=\"Image related to Stabilirea obiectivelor financiare pentru succesul investi\u021biilor\" class=\"wp-image-desktop\"\/><\/figure>\n\n\n\n<h2 class=\"wp-block-heading\">Automatizarea economiilor \u0219i investi\u021biilor tale<\/h2>\n\n\n\n<p>Dup\u0103 ce au \u00een\u021beles c\u00e2t de mult trebuie s\u0103 pun\u0103 deoparte periodic pentru obiectivul lor de economisire, investitorii trebuie s\u0103 r\u0103m\u00e2n\u0103 pruden\u021bi. O abordare bun\u0103 este <strong>automatizarea transferurilor \u00een <\/strong><a href=\"https:\/\/www.expertulbanilor.ro\/ghid-depozite-banci\/ce-este-un-cont-de-economii\/\" &amp;sa=\"D&amp;source=editors&amp;ust=1748871823168611&amp;usg=AOvVaw3DlNcKNjjSNV4as32s9CRd&quot;\" rel=\"nofollow noopener noreferrer\" >conturile de economii<\/a>&nbsp;sau de investi\u021bii \u00een fiecare lun\u0103 (sau orice alt\u0103 perioad\u0103).<\/p>\n\n\n\n<div class=\"wp-block-etoro-tip wp-block-etoro-tip-border-yellow\"><span class=\"wp-block-etoro-tip-icon\"><\/span><div class=\"wp-block-etoro-tip-text\">\n<p><strong>Tip:<\/strong>&nbsp;Asigur\u0103-te c\u0103 orice cont de economii pe care \u00eel configurezi ofer\u0103 o rat\u0103 a dob\u00e2nzii mai mare dec\u00e2t media.<\/p>\n<\/div><\/div>\n\n\n\n<p>De exemplu, po\u021bi crea <strong>un ordin permanent \u00een contul t\u0103u de salariu<\/strong> pentru deduceri automate din ziua de plat\u0103 \u00een conturi de economii. Po\u021bi utiliza, de asemenea, instrumente financiare, cum ar fi aplica\u021biile cu planuri automate pentru economii mici f\u0103r\u0103 efort, care te ajut\u0103 s\u0103 r\u0103m\u00e2i disciplinat.<\/p>\n\n\n\n<h2 class=\"wp-block-heading\">Puterea investi\u021biilor constante pe termen lung<\/h2>\n\n\n\n<p><strong>Puterea real\u0103 a investi\u021biilor constante st\u0103 \u00een disciplin\u0103 \u0219i timp<\/strong>: contribu\u021biile regulate, chiar \u0219i modeste, pot duce la randamente semnificative datorit\u0103 dob\u00e2nzii compuse \u0219i reducerii impactului volatilit\u0103\u021bii. \u00centruc\u00e2t nu exist\u0103 garan\u021bii, pe termen lung pot aduce at\u00e2t rezultate, c\u00e2t \u0219i pierderi.<\/p>\n\n\n\n<p>De exemplu, dac\u0103 cumperi o ac\u021biune \u0219i compania care a listat-o d\u0103 faliment, capitalul t\u0103u poate sc\u0103dea la zero. De aceea, mul\u021bi investitori cu experien\u021b\u0103 ar <strong>recomanda construirea unui <\/strong><a href=\"https:\/\/www.etoro.com\/ro\/investing\/how-to-build-a-diversified-portfolio\/\" &amp;sa=\"D&amp;source=editors&amp;ust=1748871823172721&amp;usg=AOvVaw31J40ZGo_BBpDGrVrDDBdH&quot;\"><strong>portofoliu diversificat<\/strong><\/a><strong> <\/strong>cu ac\u021biuni, obliga\u021biuni \u0219i alte instrumente financiare.<\/p>\n\n\n\n<figure class=\"wp-block-image\"><img decoding=\"async\" src=\"https:\/\/www.etoro.com\/wp-content\/uploads\/2025\/04\/Body-Image-3-Final-thoughts-1.png\" alt=\"Image related to Puterea investi\u021biilor constante pe termen lung\" class=\"wp-image-desktop\"\/><\/figure>\n\n\n\n<p>De obicei, \u00eencep\u0103torii ar trebui s\u0103 se limiteze la investi\u021bii diversificate cu risc sc\u0103zut. O abordare implic\u0103 investi\u021bia \u00een <a href=\"https:\/\/www.etoro.com\/ro\/investing\/what-is-etf\/\" &amp;sa=\"D&amp;source=editors&amp;ust=1748871823175525&amp;usg=AOvVaw3JxMIWBJW6Z1kg-BALvsmO&quot;\">fonduri tranzac\u021bionate la burs\u0103<\/a> (ETF), care combin\u0103 ac\u021biuni \u0219i alte active de la diverse entit\u0103\u021bi care sunt de\u021binute \u00eentr-un singur co\u0219 de investi\u021bii.<\/p>\n\n\n\n<p>Nu e nevoie ca toate economiile s\u0103 fie investite dintr-o dat\u0103. \u00cencerc\u00e2nd s\u0103 cumperi la o sc\u0103dere, ri\u0219ti s\u0103 investe\u0219ti chiar la v\u00e2rf. O alternativ\u0103 este <strong>medierea costului \u00een dolari,<\/strong> o strategie care alimenteaz\u0103 treptat capitalul \u00een pia\u021b\u0103 \u0219i poate fi aplicat\u0103 indiferent de instrumentul ales.<\/p>\n\n\n\n<h2 class=\"wp-block-heading\">Concluzie<\/h2>\n\n\n\n<p>Economisirea pentru a investi este o cale spre <a href=\"https:\/\/www.etoro.com\/ro\/investing\/financial-independence\/\" &amp;sa=\"D&amp;source=editors&amp;ust=1748871823178052&amp;usg=AOvVaw1LY8IOpWJ1PTRFBZ4vB7n2&quot;\">libertatea financiar\u0103<\/a>. Pentru \u00eenceput, <strong>stabile\u0219te obiective clare, construie\u0219te obiceiuri de economisire<\/strong>, urmeaz\u0103 planul \u0219i alege o platform\u0103 de investi\u021bii de \u00eencredere ca s\u0103-\u021bi pui banii \u0219i s\u0103 a\u0219tep\u021bi rezultatele.<\/p>\n\n\n\n<p>Pentru a afla mai multe despre pie\u021bele financiare pentru \u00eencep\u0103tori, viziteaz\u0103 <a href=\"https:\/\/www.etoro.com\/ro\/academy\/\" &amp;sa=\"D&amp;source=editors&amp;ust=1748871823179500&amp;usg=AOvVaw0wzq-QhJrTmBKjahynbc-v&quot;\">Academia eToro<\/a>.<\/p>\n\n\n\n<h2 class=\"wp-block-heading\">\u00centreb\u0103ri frecvente<\/h2>\n\n\n\n<dl class=\"wp-block-etoro-faq\">\n<div class=\"wp-block-etoro-faq-item\"><dt class=\"wp-block-etoro-faq-item-question\">Prin ce se deosebe\u0219te economisirea de investi\u021bii?<\/dt><dd class=\"wp-block-etoro-faq-item-answer\">\n<p>Economisirea implic\u0103, de obicei, punerea deoparte a banilor pentru cheltuieli pe termen scurt, cum ar fi facturi \u0219i vacan\u021be. <a href=\"https:\/\/www.etoro.com\/ro\/investing\/fixed-income\/\" &amp;sa=\"D&amp;source=editors&amp;ust=1748871823181095&amp;usg=AOvVaw13zDuW_5c5tCfR3l1X8SXR&quot;\">Investi\u021biile<\/a>&nbsp;sunt pentru obiective pe termen lung, cum ar fi pensia \u0219i ramburs\u0103rile forfetare de credite ipotecare.<\/p>\n<\/dd><\/div>\n\n\n\n<div class=\"wp-block-etoro-faq-item\"><dt class=\"wp-block-etoro-faq-item-question\">Cum \u00eencep s\u0103 economisesc \u0219i s\u0103 investesc?<\/dt><dd class=\"wp-block-etoro-faq-item-answer\">\n<p>Aceasta depinde de obiectivele tale financiare \u0219i de veniturile tale. Cu toate acestea, un punct de plecare bun poate fi punerea deoparte a 20% din venit timp de c\u00e2teva luni.&nbsp;Construie\u0219te un obicei solid de economisire, capitalizeaz\u0103 suficiente economii de urgen\u021b\u0103 \u0219i investe\u0219te \u00een orice <a href=\"https:\/\/www.etoro.com\/ro\/investing\/how-to-choose-what-asset-class-to-invest-in\/\" &amp;sa=\"D&amp;source=editors&amp;ust=1748871823183017&amp;usg=AOvVaw0Dr2J7aLiGQRt-EdmZ_zAk&quot;\">activ financiar<\/a>&nbsp;la alegere.<\/p>\n<\/dd><\/div>\n\n\n\n<div class=\"wp-block-etoro-faq-item\"><dt class=\"wp-block-etoro-faq-item-question\">Ce este efectul de capitalizare?<\/dt><dd class=\"wp-block-etoro-faq-item-answer\">\n<p>Reinvestirea oric\u0103ror randamente intermediare pe care le ob\u021bii va cre\u0219te dimensiunea fondului t\u0103u general de investi\u021bii. Acest lucru are ca rezultat un efect de capitalizare \u0219i o posibil\u0103 cre\u0219tere reprezentativ\u0103. Astfel, se poate dezvolta un ciclu virtuos \u00een care cu c\u00e2t reinveste\u0219ti mai mult, cu at\u00e2t este mai mare posibilitatea unor randamente intermediare, cum ar fi <a href=\"https:\/\/www.etoro.com\/ro\/investing\/what-are-dividends\/\" &amp;sa=\"D&amp;source=editors&amp;ust=1748871823184871&amp;usg=AOvVaw3a97YLo4VyRIBKMdHofXMX&quot;\">dividendele<\/a>, ceea ce, \u00eentr-un final, poate cre\u0219te dimensiunea fondului de investi\u021bii.<\/p>\n<\/dd><\/div>\n<\/dl>\n\n\n\n\t\t<style>\n\t\t\t.rtl .etoro-block-shortcode-disclaimer {\n\t\t\t\ttext-align:right;\n\t\t\t}\n\t\t\t.etoro-block-shortcode-disclaimer {\n\t\t\t\tmargin-bottom:18px;\n\t\t\t\ttext-align:left;\n\t\t\t}\n\t\t\t.etoro-block-shortcode-disclaimer p{\n\t\t\t\tfont-size: 12px;\n\t\t\t\tline-height: 18px;\n\t\t\t}\n\t\t\t@media (min-width: 768px) {\n\t\t\t\t.etoro-block-shortcode-disclaimer {\n\t\t\t\t\tmax-width:1176px;\n\t\t\t\t\ttext-align:center;\n\t\t\t\t}\n\t\t\t\t.etoro-block-shortcode-disclaimer p {\n\t\t\t\t\tfont-size: 14px;\n\t\t\t\t\tline-height: 20px;\n\t\t\t\t}\n\t\t\t}\n\t\t<\/style>\n\t\t<div class='etoro-block-shortcode-disclaimer'><p>Informa\u021biile din acest ghid au exclusiv scop educativ \u0219i nu ar trebui considerate drept sfaturi pentru investi\u021bii sau recomand\u0103ri personale, nici oferte sau solicit\u0103ri de cump\u0103rare sau v\u00e2nzare a oric\u0103ror instrumente financiare.<\/p>\n<p>Acest material a fost preg\u0103tit f\u0103r\u0103 a lua \u00een considerare orice fel de obiective particulare de investi\u021bii sau situa\u021bii financiare \u0219i nu a fost creat \u00een conformitate cu cerin\u021bele legale \u0219i de reglementare a promov\u0103rii cercet\u0103rii independente.<\/p>\n<p><strong>Nu toate instrumentele \u0219i serviciile financiare men\u021bionate sunt oferite de eToro<\/strong> \u0219i orice referiri la performan\u021ba anterioar\u0103 a unui instrument financiar, index sau pachet de investi\u021bii, nu sunt \u0219i nu ar trebui considerare un indicator fiabil al rezultatelor viitoare. <strong>Disponibilitatea tuturor produselor \u0219i serviciilor men\u021bionate mai sus poate varia \u00een func\u021bie de jurisdic\u021bie \u0219i \u021bar\u0103.<\/strong><\/p>\n<p>eToro nu face nicio declara\u021bie \u0219i nu \u00ee\u0219i asum\u0103 nicio responsabilitate cu privire la acurate\u021bea sau caracterul complet al con\u021binutului acestui ghid. Asigur\u0103-te c\u0103 \u00een\u021belegi riscurile implicate \u00een tranzac\u021bionare \u00eenainte de a implica capital. Nu risca niciodat\u0103 mai mult dec\u00e2t e\u0219ti preg\u0103tit s\u0103 pierzi.<\/p>\n<\/div>\n","protected":false},"excerpt":{"rendered":"<p>Acest ghid practic \u00ee\u021bi ofer\u0103 pa\u0219ii esen\u021biali \u0219i te preg\u0103te\u0219te s\u0103 economise\u0219ti eficient pentru a \u00eencepe s\u0103 investe\u0219ti, pas cu pas. Fie c\u0103 e\u0219ti la \u00eenceput sau vrei s\u0103-\u021bi cre\u0219ti portofoliul, aici vei g\u0103si informa\u021bii utile, clare \u0219i aplicabile pentru a face alegeri financiare mai informate. Economisirea \u0219i investi\u021biile sunt adesea confundate, deoarece merg m\u00e2n\u0103&hellip;<\/p>\n","protected":false},"author":96,"featured_media":1072203,"parent":31829,"menu_order":0,"comment_status":"closed","ping_status":"closed","template":"","meta":{"_acf_changed":false,"inline_featured_image":false,"sticky_cta_settings":"","footnotes":""},"asset_type":[],"class_list":["post-1072231","page","type-page","status-publish","has-post-thumbnail","hentry"],"acf":[],"yoast_head":"<title>Cum s\u0103 economise\u0219ti bani pentru investi\u021bii: Ghid pas cu pas<\/title>\n<meta name=\"description\" content=\"\u00cenva\u021b\u0103 cum s\u0103 economise\u0219ti eficient ca s\u0103 \u00eencepi s\u0103 investe\u0219ti. Descoper\u0103 strategii practice de bugetare \u0219i automatizare a investi\u021biilor pe termen lung.\" \/>\n<meta name=\"robots\" content=\"index, follow, max-snippet:-1, max-image-preview:large, max-video-preview:-1\" \/>\n<link rel=\"canonical\" href=\"https:\/\/www.etoro.com\/ro\/wp-json\/wp\/v2\/pages\/1072231\" \/>\n<meta property=\"og:locale\" content=\"ro_RO\" \/>\n<meta property=\"og:type\" content=\"article\" \/>\n<meta property=\"og:title\" content=\"Cum s\u0103 economise\u0219ti bani pentru investi\u021bii: Ghid pas cu pas\" \/>\n<meta property=\"og:description\" content=\"\u00cenva\u021b\u0103 cum s\u0103 economise\u0219ti eficient ca s\u0103 \u00eencepi s\u0103 investe\u0219ti. Descoper\u0103 strategii practice de bugetare \u0219i automatizare a investi\u021biilor pe termen lung.\" \/>\n<meta property=\"og:url\" content=\"https:\/\/www.etoro.com\/ro\/wp-json\/wp\/v2\/pages\/1072231\" \/>\n<meta property=\"og:site_name\" content=\"eToro\" \/>\n<meta property=\"article:publisher\" content=\"https:\/\/www.facebook.com\/eToro\/\" \/>\n<meta property=\"article:modified_time\" content=\"2025-06-02T13:44:59+00:00\" \/>\n<meta property=\"og:image\" content=\"https:\/\/www.etoro.com\/wp-content\/uploads\/2025\/06\/RO-Saving-to-Invest_1200x630.png\" \/>\n\t<meta property=\"og:image:width\" content=\"1200\" \/>\n\t<meta property=\"og:image:height\" content=\"630\" \/>\n\t<meta property=\"og:image:type\" content=\"image\/png\" \/>\n<meta name=\"twitter:card\" content=\"summary_large_image\" \/>\n<meta name=\"twitter:site\" content=\"@eToro\" \/>\n<meta name=\"twitter:label1\" content=\"Est. reading time\" \/>\n\t<meta name=\"twitter:data1\" content=\"5 minutes\" \/>\n<script type=\"application\/ld+json\" class=\"yoast-schema-graph\">{\"@context\":\"https:\/\/schema.org\",\"@graph\":[{\"@type\":\"WebPage\",\"@id\":\"https:\/\/www.etoro.com\/ro\/investing\/saving-to-invest\/\",\"url\":\"https:\/\/www.etoro.com\/ro\/investing\/saving-to-invest\/\",\"name\":\"Cum s\u0103 economise\u0219ti bani pentru investi\u021bii: Ghid pas cu pas\",\"isPartOf\":{\"@id\":\"https:\/\/www.etoro.com\/ro\/#website\"},\"primaryImageOfPage\":{\"@id\":\"https:\/\/www.etoro.com\/ro\/investing\/saving-to-invest\/#primaryimage\"},\"image\":{\"@id\":\"https:\/\/www.etoro.com\/ro\/investing\/saving-to-invest\/#primaryimage\"},\"thumbnailUrl\":\"https:\/\/www.etoro.com\/wp-content\/uploads\/2025\/06\/RO-Saving-to-Invest_1200x630.png\",\"datePublished\":\"2025-05-01T14:37:08+00:00\",\"dateModified\":\"2025-06-02T13:44:59+00:00\",\"description\":\"\u00cenva\u021b\u0103 cum s\u0103 economise\u0219ti eficient ca s\u0103 \u00eencepi s\u0103 investe\u0219ti. Descoper\u0103 strategii practice de bugetare \u0219i automatizare a investi\u021biilor pe termen lung.\",\"breadcrumb\":{\"@id\":\"https:\/\/www.etoro.com\/ro\/investing\/saving-to-invest\/#breadcrumb\"},\"inLanguage\":\"ro\",\"potentialAction\":[{\"@type\":\"ReadAction\",\"target\":[\"https:\/\/www.etoro.com\/ro\/investing\/saving-to-invest\/\"]}]},{\"@type\":\"ImageObject\",\"inLanguage\":\"ro\",\"@id\":\"https:\/\/www.etoro.com\/ro\/investing\/saving-to-invest\/#primaryimage\",\"url\":\"https:\/\/www.etoro.com\/wp-content\/uploads\/2025\/06\/RO-Saving-to-Invest_1200x630.png\",\"contentUrl\":\"https:\/\/www.etoro.com\/wp-content\/uploads\/2025\/06\/RO-Saving-to-Invest_1200x630.png\",\"width\":1200,\"height\":630},{\"@type\":\"BreadcrumbList\",\"@id\":\"https:\/\/www.etoro.com\/ro\/investing\/saving-to-invest\/#breadcrumb\",\"itemListElement\":[{\"@type\":\"ListItem\",\"position\":1,\"name\":\"ACAS\u0102\",\"item\":\"https:\/\/www.etoro.com\/ro\/\"},{\"@type\":\"ListItem\",\"position\":2,\"name\":\"Investi\u021bii\",\"item\":\"https:\/\/www.etoro.com\/ro\/investing\/\"},{\"@type\":\"ListItem\",\"position\":3,\"name\":\"Economii \u0219i investi\u021bii: ghid practic\"}]},{\"@type\":\"WebSite\",\"@id\":\"https:\/\/www.etoro.com\/ro\/#website\",\"url\":\"https:\/\/www.etoro.com\/ro\/\",\"name\":\"eToro\",\"description\":\"\",\"publisher\":{\"@id\":\"https:\/\/www.etoro.com\/ro\/#organization\"},\"potentialAction\":[{\"@type\":\"SearchAction\",\"target\":{\"@type\":\"EntryPoint\",\"urlTemplate\":\"https:\/\/www.etoro.com\/ro\/?s={search_term_string}\"},\"query-input\":{\"@type\":\"PropertyValueSpecification\",\"valueRequired\":true,\"valueName\":\"search_term_string\"}}],\"inLanguage\":\"ro\"},[]]}<\/script>","yoast_head_json":{"title":"Cum s\u0103 economise\u0219ti bani pentru investi\u021bii: Ghid pas cu pas","description":"\u00cenva\u021b\u0103 cum s\u0103 economise\u0219ti eficient ca s\u0103 \u00eencepi s\u0103 investe\u0219ti. Descoper\u0103 strategii practice de bugetare \u0219i automatizare a investi\u021biilor pe termen lung.","robots":{"index":"index","follow":"follow","max-snippet":"max-snippet:-1","max-image-preview":"max-image-preview:large","max-video-preview":"max-video-preview:-1"},"canonical":"https:\/\/www.etoro.com\/ro\/wp-json\/wp\/v2\/pages\/1072231","og_locale":"ro_RO","og_type":"article","og_title":"Cum s\u0103 economise\u0219ti bani pentru investi\u021bii: Ghid pas cu pas","og_description":"\u00cenva\u021b\u0103 cum s\u0103 economise\u0219ti eficient ca s\u0103 \u00eencepi s\u0103 investe\u0219ti. Descoper\u0103 strategii practice de bugetare \u0219i automatizare a investi\u021biilor pe termen lung.","og_url":"https:\/\/www.etoro.com\/ro\/wp-json\/wp\/v2\/pages\/1072231","og_site_name":"eToro","article_publisher":"https:\/\/www.facebook.com\/eToro\/","article_modified_time":"2025-06-02T13:44:59+00:00","og_image":[{"width":1200,"height":630,"url":"https:\/\/www.etoro.com\/wp-content\/uploads\/2025\/06\/RO-Saving-to-Invest_1200x630.png","type":"image\/png"}],"twitter_card":"summary_large_image","twitter_site":"@eToro","twitter_misc":{"Est. reading time":"5 minutes"},"schema":{"@context":"https:\/\/schema.org","@graph":[{"@type":"WebPage","@id":"https:\/\/www.etoro.com\/ro\/investing\/saving-to-invest\/","url":"https:\/\/www.etoro.com\/ro\/investing\/saving-to-invest\/","name":"Cum s\u0103 economise\u0219ti bani pentru investi\u021bii: Ghid pas cu pas","isPartOf":{"@id":"https:\/\/www.etoro.com\/ro\/#website"},"primaryImageOfPage":{"@id":"https:\/\/www.etoro.com\/ro\/investing\/saving-to-invest\/#primaryimage"},"image":{"@id":"https:\/\/www.etoro.com\/ro\/investing\/saving-to-invest\/#primaryimage"},"thumbnailUrl":"https:\/\/www.etoro.com\/wp-content\/uploads\/2025\/06\/RO-Saving-to-Invest_1200x630.png","datePublished":"2025-05-01T14:37:08+00:00","dateModified":"2025-06-02T13:44:59+00:00","description":"\u00cenva\u021b\u0103 cum s\u0103 economise\u0219ti eficient ca s\u0103 \u00eencepi s\u0103 investe\u0219ti. Descoper\u0103 strategii practice de bugetare \u0219i automatizare a investi\u021biilor pe termen lung.","breadcrumb":{"@id":"https:\/\/www.etoro.com\/ro\/investing\/saving-to-invest\/#breadcrumb"},"inLanguage":"ro","potentialAction":[{"@type":"ReadAction","target":["https:\/\/www.etoro.com\/ro\/investing\/saving-to-invest\/"]}]},{"@type":"ImageObject","inLanguage":"ro","@id":"https:\/\/www.etoro.com\/ro\/investing\/saving-to-invest\/#primaryimage","url":"https:\/\/www.etoro.com\/wp-content\/uploads\/2025\/06\/RO-Saving-to-Invest_1200x630.png","contentUrl":"https:\/\/www.etoro.com\/wp-content\/uploads\/2025\/06\/RO-Saving-to-Invest_1200x630.png","width":1200,"height":630},{"@type":"BreadcrumbList","@id":"https:\/\/www.etoro.com\/ro\/investing\/saving-to-invest\/#breadcrumb","itemListElement":[{"@type":"ListItem","position":1,"name":"ACAS\u0102","item":"https:\/\/www.etoro.com\/ro\/"},{"@type":"ListItem","position":2,"name":"Investi\u021bii","item":"https:\/\/www.etoro.com\/ro\/investing\/"},{"@type":"ListItem","position":3,"name":"Economii \u0219i investi\u021bii: ghid practic"}]},{"@type":"WebSite","@id":"https:\/\/www.etoro.com\/ro\/#website","url":"https:\/\/www.etoro.com\/ro\/","name":"eToro","description":"","publisher":{"@id":"https:\/\/www.etoro.com\/ro\/#organization"},"potentialAction":[{"@type":"SearchAction","target":{"@type":"EntryPoint","urlTemplate":"https:\/\/www.etoro.com\/ro\/?s={search_term_string}"},"query-input":{"@type":"PropertyValueSpecification","valueRequired":true,"valueName":"search_term_string"}}],"inLanguage":"ro"},[]]}},"_links":{"self":[{"href":"https:\/\/www.etoro.com\/ro\/wp-json\/wp\/v2\/pages\/1072231"}],"collection":[{"href":"https:\/\/www.etoro.com\/ro\/wp-json\/wp\/v2\/pages"}],"about":[{"href":"https:\/\/www.etoro.com\/ro\/wp-json\/wp\/v2\/types\/page"}],"author":[{"embeddable":true,"href":"https:\/\/www.etoro.com\/ro\/wp-json\/wp\/v2\/users\/96"}],"replies":[{"embeddable":true,"href":"https:\/\/www.etoro.com\/ro\/wp-json\/wp\/v2\/comments?post=1072231"}],"version-history":[{"count":0,"href":"https:\/\/www.etoro.com\/ro\/wp-json\/wp\/v2\/pages\/1072231\/revisions"}],"up":[{"embeddable":true,"href":"https:\/\/www.etoro.com\/ro\/wp-json\/wp\/v2\/pages\/31829"}],"wp:featuredmedia":[{"embeddable":true,"href":"https:\/\/www.etoro.com\/ro\/wp-json\/wp\/v2\/media\/1072203"}],"wp:attachment":[{"href":"https:\/\/www.etoro.com\/ro\/wp-json\/wp\/v2\/media?parent=1072231"}],"wp:term":[{"taxonomy":"asset_type","embeddable":true,"href":"https:\/\/www.etoro.com\/ro\/wp-json\/wp\/v2\/asset_type?post=1072231"}],"curies":[{"name":"wp","href":"https:\/\/api.w.org\/{rel}","templated":true}]}}