{"id":1116316,"date":"2025-08-06T16:55:05","date_gmt":"2025-08-06T13:55:05","guid":{"rendered":"https:\/\/www.etoro.com\/trading\/platforms\/tori\/"},"modified":"2025-08-06T19:20:38","modified_gmt":"2025-08-06T16:20:38","slug":"tori","status":"publish","type":"page","link":"https:\/\/www.etoro.com\/ro\/trading\/platforms\/tori\/","title":{"rendered":"Tori"},"content":{"rendered":"\n<div class=\"wp-block-etoro-half-cover has-white-background-color\">\n<div class=\"wp-block-etoro-half-cover-left\"><p id=\"breadcrumbs\" class=\"gray-dark\"><span><span><a href=\"https:\/\/www.etoro.com\/ro\/\">ACAS\u0102<\/a><\/span><\/span><\/p>\n<h1 class=\"wp-block-heading is-style-banner-title\"><strong>TORI<\/strong>Partenerul t\u0103u pentru investi\u021bii \u00een AI<\/h1>\n\n\n\n<p>Decizii mai inteligente. R\u0103spunsuri mai rapide. Informa\u021bii personalizate.<\/p>\n\n\n\n<div class=\"wp-block-buttons is-layout-flex wp-block-buttons-is-layout-flex\">\n<a class=\"e-cta e-cta-primary\" href=\"http:\/\/etoro.com\/home?bscarousel=tori_intro_carousel\">\u00cencearc\u0103 Tori<\/a>\n<\/div>\n<\/div>\n\n\n\n<div class=\"wp-block-etoro-half-cover-right\">\n<img decoding=\"async\" src=\"https:\/\/www.etoro.com\/wp-content\/uploads\/2025\/08\/Tori_main_desktop.png\" alt=\"\" class=\"wp-block-etoro-half-cover-media\"\/><img decoding=\"async\" src=\"https:\/\/www.etoro.com\/wp-content\/uploads\/2025\/08\/Tori_Desktop-1.png\" alt=\"\" class=\"wp-block-etoro-half-cover-media-desktop\"\/><img decoding=\"async\" src=\"https:\/\/www.etoro.com\/wp-content\/uploads\/2025\/08\/Tori_tablet.png\" alt=\"\" class=\"wp-block-etoro-half-cover-media-tablet\"\/><img decoding=\"async\" src=\"https:\/\/www.etoro.com\/wp-content\/uploads\/2025\/08\/Tori_mobile.png\" alt=\"\" class=\"wp-block-etoro-half-cover-media-mobile\"\/>\n<\/div>\n<\/div>\n\n\n\n<section class=\"wp-block-group wp-block-group-boxed\"><div class=\"wp-block-group-inner is-layout-flow wp-block-group-is-layout-flow\">\n<h2 class=\"wp-block-heading has-text-align-center\"><b class=\"wp-etoro-format-colored-green\">Descoper\u0103,<\/b> <strong>\u00eenva\u021b\u0103<\/strong>, <b class=\"wp-etoro-format-colored-green\">analizeaz\u0103<\/b><\/h2>\n\n\n\n<p class=\"has-text-align-center\">Tori aduce date, informa\u021bii \u0219i analize \u00eentr-un singur chat simplu \u0219i interactiv.<\/p>\n<\/div><\/section>\n\n\n\n<section class=\"wp-block-group wp-block-group-boxed has-white-background-color has-background\"><div class=\"wp-block-group-inner is-layout-flow wp-block-group-is-layout-flow\">\n<div class=\"wp-block-columns are-vertically-aligned-center wp-block-columns-2 is-layout-flex wp-container-core-columns-is-layout-1 wp-block-columns-is-layout-flex\">\n<div class=\"wp-block-column is-layout-flow wp-block-column-is-layout-flow\">\n<figure class=\"wp-block-image size-full wp-block-image-has-mobile\"><img loading=\"lazy\" decoding=\"async\" width=\"1152\" height=\"800\" src=\"https:\/\/www.etoro.com\/wp-content\/uploads\/2025\/08\/Cube-desktop-X2-3-3.gif\" alt=\"\" class=\"wp-image-1116232 wp-image-desktop\"\/><img loading=\"lazy\" decoding=\"async\" width=\"1152\" height=\"800\" src=\"https:\/\/www.etoro.com\/wp-content\/uploads\/2025\/08\/Cube-mobile-X23-1.gif\" alt=\"\" class=\"wp-image-1116200 wp-image-mobile\"\/><\/figure>\n\n\n\n<p class=\"is-style-disclaimer\">doar \u00een scop ilustrativ<\/p>\n<\/div>\n\n\n\n<div class=\"wp-block-column is-text-column is-layout-flow wp-block-column-is-layout-flow\">\n<p class=\"is-style-heading-2\"><strong>Descoper\u0103 <b class=\"wp-etoro-format-colored-green\">noi oportunit\u0103\u021bi de investi\u021bii<\/b><\/strong><\/p>\n\n\n\n<p>Cu fiecare \u00eentrebare pe care o pui, Tori ofer\u0103 date \u0219i informa\u021bii clare, \u00een timp real, pentru a descoperi oportunit\u0103\u021bile de investi\u021bii.<\/p>\n\n\n\n<div class=\"wp-block-buttons is-layout-flex wp-block-buttons-is-layout-flex\">\n<a class=\"e-cta e-cta-primary\" href=\"http:\/\/etoro.com\/home?bscarousel=tori_intro_carousel\">\u00centrebi Tori<\/a>\n<\/div>\n<\/div>\n<\/div>\n<\/div><\/section>\n\n\n\n<section class=\"wp-block-group wp-block-group-boxed has-dark-blue-background-color has-background\"><div class=\"wp-block-group-inner is-layout-flow wp-block-group-is-layout-flow\">\n<div class=\"wp-block-columns are-vertically-aligned-center wp-block-columns-2 is-layout-flex wp-container-core-columns-is-layout-2 wp-block-columns-is-layout-flex\">\n<div class=\"wp-block-column is-text-column is-layout-flow wp-block-column-is-layout-flow\">\n<h2 class=\"wp-block-heading\"><strong><b class=\"wp-etoro-format-colored-green\">Ob\u021bine informa\u021bii despre pia\u021b\u0103<\/b> adaptate intereselor tale<\/strong><\/h2>\n\n\n\n<p>Tori \u00ee\u021bi transform\u0103 \u00eentreb\u0103rile \u00een informa\u021bii utile. Beneficiaz\u0103 de analize la cerere pentru a fi la curent, echilibrat \u0219i \u00een control.<\/p>\n\n\n\n<div class=\"wp-block-buttons is-layout-flex wp-block-buttons-is-layout-flex\">\n<a class=\"e-cta e-cta-primary\" href=\"http:\/\/etoro.com\/home?bscarousel=tori_intro_carousel\">Analizeaz\u0103 cu Tori<\/a>\n<\/div>\n<\/div>\n\n\n\n<div class=\"wp-block-column is-layout-flow wp-block-column-is-layout-flow\">\n<p class=\"is-style-disclaimer\"><\/p>\n\n\n\n<figure class=\"wp-block-video\"><video autoplay loop muted src=\"https:\/\/www.etoro.com\/wp-content\/uploads\/2025\/08\/Question-desktop-option-3-X2-1-1.mp4\" playsinline><\/video><\/figure>\n\n\n\n<p class=\"is-style-disclaimer\">doar \u00een scop ilustrativ<\/p>\n<\/div>\n<\/div>\n<\/div><\/section>\n\n\n\n<section class=\"wp-block-group wp-block-group-boxed has-white-background-color has-background\"><div class=\"wp-block-group-inner is-layout-flow wp-block-group-is-layout-flow\">\n<div class=\"wp-block-columns are-vertically-aligned-center wp-block-columns-2 is-layout-flex wp-container-core-columns-is-layout-3 wp-block-columns-is-layout-flex\">\n<div class=\"wp-block-column is-layout-flow wp-block-column-is-layout-flow\">\n<figure class=\"wp-block-image size-full\"><img loading=\"lazy\" decoding=\"async\" width=\"576\" height=\"400\" src=\"https:\/\/www.etoro.com\/wp-content\/uploads\/2025\/08\/Level-up-your-investing-knowledge.png\" alt=\"\" class=\"wp-image-1112883 wp-image-desktop\" srcset=\"https:\/\/www.etoro.com\/wp-content\/uploads\/2025\/08\/Level-up-your-investing-knowledge.png 576w, https:\/\/www.etoro.com\/wp-content\/uploads\/2025\/08\/Level-up-your-investing-knowledge-300x208.png 300w\" sizes=\"(max-width: 576px) 100vw, 576px\" \/><\/figure>\n<\/div>\n\n\n\n<div class=\"wp-block-column is-text-column is-layout-flow wp-block-column-is-layout-flow\">\n<h2 class=\"wp-block-heading\"><strong>\u00cembun\u0103t\u0103\u021be\u0219te-\u021bi <b class=\"wp-etoro-format-colored-green\">cuno\u0219tin\u021bele \u00een domeniul investi\u021biilor<\/b><\/strong><\/h2>\n\n\n\n<p>\u00centreab\u0103, iar Tori \u00ee\u021bi va oferi lec\u021bii, sfaturi \u0219i ghiduri personalizate de la <a href=\"https:\/\/www.etoro.com\/academy\/\">eToro Academy<\/a> pentru a te ajuta s\u0103-\u021bi dezvol\u021bi cuno\u0219tin\u021bele \u00een domeniul investi\u021biilor.<\/p>\n\n\n\n<div class=\"wp-block-buttons is-layout-flex wp-block-buttons-is-layout-flex\">\n<a class=\"e-cta e-cta-primary\" href=\"http:\/\/etoro.com\/home?bscarousel=tori_intro_carousel\">\u00cenva\u021b\u0103 cu Tori<\/a>\n<\/div>\n<\/div>\n<\/div>\n<\/div><\/section>\n\n\n\n<section class=\"wp-block-group wp-block-group-boxed has-dark-blue-background-color has-background\"><div class=\"wp-block-group-inner is-layout-flow wp-block-group-is-layout-flow\">\n<h2 class=\"wp-block-heading has-text-align-center\"><strong>Mai inteligent \u00een fiecare zi, <b class=\"wp-etoro-format-colored-green\">totu\u0219i uman \u00een suflet<\/b><\/strong><\/h2>\n\n\n\n<p class=\"has-text-align-center\">Tori este aici pentru a-\u021bi \u00eembun\u0103t\u0103\u021bi experien\u021ba de investi\u021bie, nu pentru a \u00eenlocui factorul uman. Vei avea \u00eentotdeauna op\u021biunea de a lua leg\u0103tura cu echipa noastr\u0103 de asisten\u021b\u0103 clien\u021bi ori de c\u00e2te ori ai nevoie de sprijin personal sau ajutor de la exper\u021bi.<\/p>\n\n\n\n<p class=\"has-text-align-center\">Ca \u00een cazul oric\u0103rui produs pe baz\u0103 de AI, Tori \u00eenva\u021b\u0103 \u0219i se perfec\u021bioneaz\u0103 continuu. Cu fiecare interac\u021biune \u0219i actualizare, ne str\u0103duim s\u0103-l facem pe Tori mai inteligent, mai precis \u0219i mai util, astfel \u00eenc\u00e2t experien\u021ba ta s\u0103 fie \u00eembun\u0103t\u0103\u021bit\u0103 \u00een timp.<\/p>\n\n\n\n<div class=\"wp-block-buttons is-content-justification-center is-layout-flex wp-container-core-buttons-is-layout-5 wp-block-buttons-is-layout-flex\">\n<a class=\"e-cta e-cta-primary\" href=\"http:\/\/etoro.com\/home?bscarousel=tori_intro_carousel\">\u00centreab\u0103-l pe Tori<\/a>\n<\/div>\n\n\n\n<p class=\"has-text-align-center is-style-disclaimer\">*Implementare treptat\u0103. Acum disponibil pentru anumi\u021bi utilizatori din anumite regiuni.<\/p>\n<\/div><\/section>\n\n\n\n<section class=\"wp-block-group wp-block-group-boxed has-white-background-color has-background\"><div class=\"wp-block-group-inner is-layout-flow wp-block-group-is-layout-flow\">\n<h2 class=\"wp-block-heading has-text-align-center\">FAQ<\/h2>\n\n\n\n<dl class=\"wp-block-etoro-faq\">\n<div class=\"wp-block-etoro-faq-item\"><dt class=\"wp-block-etoro-faq-item-question\">Ce este Tori?<\/dt><dd class=\"wp-block-etoro-faq-item-answer\">\n<p>Tori este partenerul eToro pentru investi\u021bii pe baz\u0103 de AI. Te ajut\u0103 s\u0103 explorezi pie\u021bele, s\u0103 \u00ee\u021bi analizezi portofoliul, s\u0103 \u00eenve\u021bi mai multe despre investi\u021bii \u0219i s\u0103 navighezi pe platform\u0103 \u2014 totul prin chat simplu \u0219i natural.<\/p>\n<\/dd><\/div>\n\n\n\n<div class=\"wp-block-etoro-faq-item\"><dt class=\"wp-block-etoro-faq-item-question\">Cum accesez Tori?<\/dt><dd class=\"wp-block-etoro-faq-item-answer\">\n<p>Vei g\u0103si pictograma Tori \u00een col\u021bul din dreapta sus al ecranelor cheie de pe platforma eToro \u2014 cum ar fi paginile Descoper\u0103, Portofoliu \u0219i Active. Trebuie doar s\u0103 ape\u0219i pentru a deschide un chat. \u00centreb\u0103rile sugerate de Tori se vor ajusta \u00een func\u021bie de locul \u00een care te afli, dar po\u021bi \u00eentreba orice, oric\u00e2nd.<\/p>\n<\/dd><\/div>\n\n\n\n<div class=\"wp-block-etoro-faq-item\"><dt class=\"wp-block-etoro-faq-item-question\">Ce pot s\u0103-l \u00eentreb pe Tori?<\/dt><dd class=\"wp-block-etoro-faq-item-answer\">\n<p>Aproape orice este legat de investi\u021bii! De exemplu:<\/p>\n\n\n\n<p>\u201eCompar\u0103 Tesla \u0219i Nvidia\u201d<\/p>\n\n\n\n<p>\u201eCe \u00eenseamn\u0103 analiz\u0103 tehnic\u0103?\u201d<\/p>\n\n\n\n<p>\u201eCare sunt ac\u021biunile de top \u00een tendin\u021be?\u201d<\/p>\n\n\n\n<p>\u201eUnde g\u0103sesc calendarul meu de c\u00e2\u0219tiguri?\u201d<\/p>\n\n\n\n<p>Tori va oferi r\u0103spunsuri clare, \u00een timp real, adaptate solicit\u0103rii tale<\/p>\n<\/dd><\/div>\n\n\n\n<div class=\"wp-block-etoro-faq-item\"><dt class=\"wp-block-etoro-faq-item-question\">Poate Tori s\u0103-mi analizeze portofoliul?<\/dt><dd class=\"wp-block-etoro-faq-item-answer\">\n<p>Da \u2014 dac\u0103 portofoliul t\u0103u este public. Tori poate oferi observa\u021bii generale despre alc\u0103tuirea portofoliului t\u0103u, cum ar fi concentrarea activelor \u0219i expunerea pe sector. Dac\u0103 portofoliul t\u0103u este privat, Tori nu va putea s\u0103-l acceseze.<\/p>\n<\/dd><\/div>\n\n\n\n<div class=\"wp-block-etoro-faq-item\"><dt class=\"wp-block-etoro-faq-item-question\">Este Tori cu adev\u0103rat AI?<\/dt><dd class=\"wp-block-etoro-faq-item-answer\">\n<p>Da. Tori folose\u0219te tehnologia avansat\u0103 AI dezvoltat\u0103 intern de eToro. \u00cen unele cazuri, acesta utilizeaz\u0103 \u0219i fluxuri predefinite sau logica chatbot pentru a \u00eembun\u0103t\u0103\u021bi fiabilitatea.<\/p>\n<\/dd><\/div>\n\n\n\n<div class=\"wp-block-etoro-faq-item\"><dt class=\"wp-block-etoro-faq-item-question\">Poate Tori s\u0103 dea sfaturi de investi\u021bii?<\/dt><dd class=\"wp-block-etoro-faq-item-answer\">\n<p>Nu. Tori nu ofer\u0103 sfaturi financiare sau de investi\u021bii. Ofer\u0103 informa\u021bii, educa\u021bie \u0219i \u00eendrumare pentru a te ajuta s\u0103 iei decizii mai informate \u2014 dar decizia final\u0103 \u00ee\u021bi apar\u021bine \u00eentotdeauna.<\/p>\n<\/dd><\/div>\n\n\n\n<div class=\"wp-block-etoro-faq-item\"><dt class=\"wp-block-etoro-faq-item-question\">Tori va \u00eenlocui serviciul de asisten\u021b\u0103 pentru clien\u021bi?<\/dt><dd class=\"wp-block-etoro-faq-item-answer\">\n<p>Nu. Tori completeaz\u0103 echipa noastr\u0103 de asisten\u021b\u0103. Dac\u0103 \u00eentrebarea ta necesit\u0103 asisten\u021b\u0103 personal\u0103, Tori te va conecta direct cu un agent serviciului clien\u021bi.<\/p>\n<\/dd><\/div>\n\n\n\n<div class=\"wp-block-etoro-faq-item\"><dt class=\"wp-block-etoro-faq-item-question\">Poate Tori s\u0103-mi vad\u0103 listele de urm\u0103rire?<\/dt><dd class=\"wp-block-etoro-faq-item-answer\">\n<p>Nu \u00eenc\u0103 \u2014 dar acesta se afl\u0103 \u00een planul nostru de parcurs pentru viitor<\/p>\n<\/dd><\/div>\n\n\n\n<div class=\"wp-block-etoro-faq-item\"><dt class=\"wp-block-etoro-faq-item-question\">\u00cemi acceseaz\u0103 Tori datele cu caracter personal?<\/dt><dd class=\"wp-block-etoro-faq-item-answer\">\n<p>Nu \u2014 dec\u00e2t dac\u0103 utilizezi versiunea agentului de asisten\u021b\u0103. \u00cen caz contrar, Tori folose\u0219te doar date publice de pe platform\u0103 (ex. date de pia\u021b\u0103, profiluri de active \u0219i portofolii publice)<\/p>\n<\/dd><\/div>\n\n\n\n<div class=\"wp-block-etoro-faq-item\"><dt class=\"wp-block-etoro-faq-item-question\">Pot vedea discu\u021biile anterioare cu Tori?<\/dt><dd class=\"wp-block-etoro-faq-item-answer\">\n<p>Da. Po\u021bi accesa discu\u021biile tale anterioare cu Tori din meniul \u2630 din fereastra de chat. Istoricul chat-ului este salvat timp de 30 de zile \u2014 \u0219i se reseteaz\u0103 dac\u0103 r\u0103spunzi la un mesaj mai vechi.<\/p>\n<\/dd><\/div>\n<\/dl>\n<\/div><\/section>\n\n\n\n<section class=\"wp-block-group wp-block-group-boxed\"><div class=\"wp-block-group-inner is-layout-flow wp-block-group-is-layout-flow\">\n<p class=\"is-style-disclaimer\">Aceast\u0103 comunicare are exclusiv scop informativ \u0219i educa\u021bional \u0219i nu trebuie considerat\u0103 un sfat de investi\u021bii, o recomandare personal\u0103 sau o ofert\u0103 sau o solicitare pentru cump\u0103rarea sau v\u00e2nzarea de instrumente financiare. Acest material a fost redactat f\u0103r\u0103 a lua \u00een considerare obiectivele de investi\u021bii ale anumitor destinatari sau situa\u021bia lor financiar\u0103 \u0219i nu a fost preg\u0103tit \u00een conformitate cu cerin\u021bele legale \u0219i de reglementare de promovare a cercet\u0103rii independente. Orice referire la performan\u021ba anterioar\u0103 sau viitoare a unui instrument financiar, a unui indice sau a unui pachet de produse de investi\u021bii nu este \u0219i nu trebuie considerat\u0103 ca un indicator fiabil al rezultatelor viitoare. eToro nu face nicio declara\u021bie \u0219i nu \u00ee\u0219i asum\u0103 nicio responsabilitate cu privire la acurate\u021bea sau caracterul complet al con\u021binutului acestei publica\u021bii.<\/p>\n\n\n\n<p class=\"is-style-disclaimer\">Acest anun\u021b nu a fost analizat de Autoritatea Monetar\u0103 din Singapore.<\/p>\n\n\n\n<p class=\"is-style-disclaimer\">Tori nu ofer\u0103 sfaturi pentru investi\u021bii.<\/p>\n\n\n\n<p class=\"is-style-disclaimer\">Tori este un instrument bazat pe AI, conceput pentru a oferi con\u021binut educa\u021bional, date \u0219i informa\u021bii generale despre pia\u021b\u0103. Aceasta nu ia \u00een considerare circumstan\u021bele tale personale \u0219i nu ar trebui s\u0103 fie bazat\u0103 pe deciziile de investi\u021bii. Capitalul t\u0103u este expus riscurilor. Performan\u021bele anterioare nu reprezint\u0103 un indicator al rezultatelor viitoare.<\/p>\n\n\n\n<p class=\"is-style-disclaimer\">eToro nu face nicio declara\u021bie \u0219i nu \u00ee\u0219i asum\u0103 nicio responsabilitate cu privire la acurate\u021bea sau caracterul complet al r\u0103spunsurilor generate.<\/p>\n<\/div><\/section>\n","protected":false},"excerpt":{"rendered":"<p>Descoper\u0103, \u00eenva\u021b\u0103, analizeaz\u0103 Tori aduce date, informa\u021bii \u0219i analize \u00eentr-un singur chat simplu \u0219i interactiv. doar \u00een scop ilustrativ Descoper\u0103 noi oportunit\u0103\u021bi de investi\u021bii Cu fiecare \u00eentrebare pe care o pui, Tori ofer\u0103 date \u0219i informa\u021bii clare, \u00een timp real, pentru a descoperi oportunit\u0103\u021bile de investi\u021bii. Ob\u021bine informa\u021bii despre pia\u021b\u0103 adaptate intereselor tale Tori \u00ee\u021bi&hellip;<\/p>\n","protected":false},"author":75,"featured_media":1112851,"parent":31253,"menu_order":0,"comment_status":"closed","ping_status":"closed","template":"","meta":{"_acf_changed":false,"inline_featured_image":false,"sticky_cta_settings":"","footnotes":""},"asset_type":[],"class_list":["post-1116316","page","type-page","status-publish","has-post-thumbnail","hentry"],"acf":[],"yoast_head":"<title>Tori \u2013 partenerul t\u0103u pentru investi\u021bii \u00een AI de la eToro<\/title>\n<meta name=\"description\" content=\"Descoper\u0103 cum Tori utilizeaz\u0103 AI pentru a-\u021bi stimula investi\u021biile: beneficiaz\u0103 de informa\u021bii, analize de portofoliu \u0219i sfaturi inteligente \u2014 toate \u00een eToro.\" \/>\n<meta name=\"robots\" content=\"index, follow, max-snippet:-1, max-image-preview:large, max-video-preview:-1\" \/>\n<link rel=\"canonical\" href=\"https:\/\/www.etoro.com\/ro\/wp-json\/wp\/v2\/pages\/1116316\" \/>\n<meta property=\"og:locale\" content=\"ro_RO\" \/>\n<meta property=\"og:type\" content=\"article\" \/>\n<meta property=\"og:title\" content=\"Tori \u2013 partenerul t\u0103u pentru investi\u021bii \u00een AI de la eToro\" \/>\n<meta property=\"og:description\" content=\"Descoper\u0103 cum Tori utilizeaz\u0103 AI pentru a-\u021bi stimula investi\u021biile: beneficiaz\u0103 de informa\u021bii, analize de portofoliu \u0219i sfaturi inteligente \u2014 toate \u00een eToro.\" \/>\n<meta property=\"og:url\" content=\"https:\/\/www.etoro.com\/ro\/wp-json\/wp\/v2\/pages\/1116316\" \/>\n<meta property=\"og:site_name\" content=\"eToro\" \/>\n<meta property=\"article:publisher\" content=\"https:\/\/www.facebook.com\/eToro\/\" \/>\n<meta property=\"article:modified_time\" content=\"2025-08-06T16:20:38+00:00\" \/>\n<meta property=\"og:image\" content=\"https:\/\/www.etoro.com\/wp-content\/uploads\/2025\/08\/Tori_Featured-image-1200x630-1.png\" \/>\n\t<meta property=\"og:image:width\" content=\"1200\" \/>\n\t<meta property=\"og:image:height\" content=\"630\" \/>\n\t<meta property=\"og:image:type\" content=\"image\/png\" \/>\n<meta name=\"twitter:card\" content=\"summary_large_image\" \/>\n<meta name=\"twitter:site\" content=\"@eToro\" \/>\n<meta name=\"twitter:label1\" content=\"Est. reading time\" \/>\n\t<meta name=\"twitter:data1\" content=\"5 minutes\" \/>\n<script type=\"application\/ld+json\" class=\"yoast-schema-graph\">{\"@context\":\"https:\/\/schema.org\",\"@graph\":[{\"@type\":\"WebPage\",\"@id\":\"https:\/\/www.etoro.com\/ro\/trading\/platforms\/tori\/\",\"url\":\"https:\/\/www.etoro.com\/ro\/trading\/platforms\/tori\/\",\"name\":\"Tori \u2013 partenerul t\u0103u pentru investi\u021bii \u00een AI de la eToro\",\"isPartOf\":{\"@id\":\"https:\/\/www.etoro.com\/ro\/#website\"},\"primaryImageOfPage\":{\"@id\":\"https:\/\/www.etoro.com\/ro\/trading\/platforms\/tori\/#primaryimage\"},\"image\":{\"@id\":\"https:\/\/www.etoro.com\/ro\/trading\/platforms\/tori\/#primaryimage\"},\"thumbnailUrl\":\"https:\/\/www.etoro.com\/wp-content\/uploads\/2025\/08\/Tori_Featured-image-1200x630-1.png\",\"datePublished\":\"2025-08-06T13:55:05+00:00\",\"dateModified\":\"2025-08-06T16:20:38+00:00\",\"description\":\"Descoper\u0103 cum Tori utilizeaz\u0103 AI pentru a-\u021bi stimula investi\u021biile: beneficiaz\u0103 de informa\u021bii, analize de portofoliu \u0219i sfaturi inteligente \u2014 toate \u00een eToro.\",\"breadcrumb\":{\"@id\":\"https:\/\/www.etoro.com\/ro\/trading\/platforms\/tori\/#breadcrumb\"},\"inLanguage\":\"ro\",\"potentialAction\":[{\"@type\":\"ReadAction\",\"target\":[\"https:\/\/www.etoro.com\/ro\/trading\/platforms\/tori\/\"]}]},{\"@type\":\"ImageObject\",\"inLanguage\":\"ro\",\"@id\":\"https:\/\/www.etoro.com\/ro\/trading\/platforms\/tori\/#primaryimage\",\"url\":\"https:\/\/www.etoro.com\/wp-content\/uploads\/2025\/08\/Tori_Featured-image-1200x630-1.png\",\"contentUrl\":\"https:\/\/www.etoro.com\/wp-content\/uploads\/2025\/08\/Tori_Featured-image-1200x630-1.png\",\"width\":1200,\"height\":630},{\"@type\":\"BreadcrumbList\",\"@id\":\"https:\/\/www.etoro.com\/ro\/trading\/platforms\/tori\/#breadcrumb\",\"itemListElement\":[{\"@type\":\"ListItem\",\"position\":1,\"name\":\"ACAS\u0102\",\"item\":\"https:\/\/www.etoro.com\/ro\/\"},{\"@type\":\"ListItem\",\"position\":2,\"name\":\"TRANZAC\u021aIONARE\",\"item\":\"https:\/\/www.etoro.com\/ro\/trading\/\"},{\"@type\":\"ListItem\",\"position\":3,\"name\":\"PLATFORME - Istoric\",\"item\":\"https:\/\/www.etoro.com\/ro\/trading\/platforms\/\"},{\"@type\":\"ListItem\",\"position\":4,\"name\":\"Tori\"}]},{\"@type\":\"WebSite\",\"@id\":\"https:\/\/www.etoro.com\/ro\/#website\",\"url\":\"https:\/\/www.etoro.com\/ro\/\",\"name\":\"eToro\",\"description\":\"\",\"publisher\":{\"@id\":\"https:\/\/www.etoro.com\/ro\/#organization\"},\"potentialAction\":[{\"@type\":\"SearchAction\",\"target\":{\"@type\":\"EntryPoint\",\"urlTemplate\":\"https:\/\/www.etoro.com\/ro\/?s={search_term_string}\"},\"query-input\":{\"@type\":\"PropertyValueSpecification\",\"valueRequired\":true,\"valueName\":\"search_term_string\"}}],\"inLanguage\":\"ro\"},[]]}<\/script>","yoast_head_json":{"title":"Tori \u2013 partenerul t\u0103u pentru investi\u021bii \u00een AI de la eToro","description":"Descoper\u0103 cum Tori utilizeaz\u0103 AI pentru a-\u021bi stimula investi\u021biile: beneficiaz\u0103 de informa\u021bii, analize de portofoliu \u0219i sfaturi inteligente \u2014 toate \u00een eToro.","robots":{"index":"index","follow":"follow","max-snippet":"max-snippet:-1","max-image-preview":"max-image-preview:large","max-video-preview":"max-video-preview:-1"},"canonical":"https:\/\/www.etoro.com\/ro\/wp-json\/wp\/v2\/pages\/1116316","og_locale":"ro_RO","og_type":"article","og_title":"Tori \u2013 partenerul t\u0103u pentru investi\u021bii \u00een AI de la eToro","og_description":"Descoper\u0103 cum Tori utilizeaz\u0103 AI pentru a-\u021bi stimula investi\u021biile: beneficiaz\u0103 de informa\u021bii, analize de portofoliu \u0219i sfaturi inteligente \u2014 toate \u00een eToro.","og_url":"https:\/\/www.etoro.com\/ro\/wp-json\/wp\/v2\/pages\/1116316","og_site_name":"eToro","article_publisher":"https:\/\/www.facebook.com\/eToro\/","article_modified_time":"2025-08-06T16:20:38+00:00","og_image":[{"width":1200,"height":630,"url":"https:\/\/www.etoro.com\/wp-content\/uploads\/2025\/08\/Tori_Featured-image-1200x630-1.png","type":"image\/png"}],"twitter_card":"summary_large_image","twitter_site":"@eToro","twitter_misc":{"Est. reading time":"5 minutes"},"schema":{"@context":"https:\/\/schema.org","@graph":[{"@type":"WebPage","@id":"https:\/\/www.etoro.com\/ro\/trading\/platforms\/tori\/","url":"https:\/\/www.etoro.com\/ro\/trading\/platforms\/tori\/","name":"Tori \u2013 partenerul t\u0103u pentru investi\u021bii \u00een AI de la eToro","isPartOf":{"@id":"https:\/\/www.etoro.com\/ro\/#website"},"primaryImageOfPage":{"@id":"https:\/\/www.etoro.com\/ro\/trading\/platforms\/tori\/#primaryimage"},"image":{"@id":"https:\/\/www.etoro.com\/ro\/trading\/platforms\/tori\/#primaryimage"},"thumbnailUrl":"https:\/\/www.etoro.com\/wp-content\/uploads\/2025\/08\/Tori_Featured-image-1200x630-1.png","datePublished":"2025-08-06T13:55:05+00:00","dateModified":"2025-08-06T16:20:38+00:00","description":"Descoper\u0103 cum Tori utilizeaz\u0103 AI pentru a-\u021bi stimula investi\u021biile: beneficiaz\u0103 de informa\u021bii, analize de portofoliu \u0219i sfaturi inteligente \u2014 toate \u00een eToro.","breadcrumb":{"@id":"https:\/\/www.etoro.com\/ro\/trading\/platforms\/tori\/#breadcrumb"},"inLanguage":"ro","potentialAction":[{"@type":"ReadAction","target":["https:\/\/www.etoro.com\/ro\/trading\/platforms\/tori\/"]}]},{"@type":"ImageObject","inLanguage":"ro","@id":"https:\/\/www.etoro.com\/ro\/trading\/platforms\/tori\/#primaryimage","url":"https:\/\/www.etoro.com\/wp-content\/uploads\/2025\/08\/Tori_Featured-image-1200x630-1.png","contentUrl":"https:\/\/www.etoro.com\/wp-content\/uploads\/2025\/08\/Tori_Featured-image-1200x630-1.png","width":1200,"height":630},{"@type":"BreadcrumbList","@id":"https:\/\/www.etoro.com\/ro\/trading\/platforms\/tori\/#breadcrumb","itemListElement":[{"@type":"ListItem","position":1,"name":"ACAS\u0102","item":"https:\/\/www.etoro.com\/ro\/"},{"@type":"ListItem","position":2,"name":"TRANZAC\u021aIONARE","item":"https:\/\/www.etoro.com\/ro\/trading\/"},{"@type":"ListItem","position":3,"name":"PLATFORME - Istoric","item":"https:\/\/www.etoro.com\/ro\/trading\/platforms\/"},{"@type":"ListItem","position":4,"name":"Tori"}]},{"@type":"WebSite","@id":"https:\/\/www.etoro.com\/ro\/#website","url":"https:\/\/www.etoro.com\/ro\/","name":"eToro","description":"","publisher":{"@id":"https:\/\/www.etoro.com\/ro\/#organization"},"potentialAction":[{"@type":"SearchAction","target":{"@type":"EntryPoint","urlTemplate":"https:\/\/www.etoro.com\/ro\/?s={search_term_string}"},"query-input":{"@type":"PropertyValueSpecification","valueRequired":true,"valueName":"search_term_string"}}],"inLanguage":"ro"},[]]}},"_links":{"self":[{"href":"https:\/\/www.etoro.com\/ro\/wp-json\/wp\/v2\/pages\/1116316"}],"collection":[{"href":"https:\/\/www.etoro.com\/ro\/wp-json\/wp\/v2\/pages"}],"about":[{"href":"https:\/\/www.etoro.com\/ro\/wp-json\/wp\/v2\/types\/page"}],"author":[{"embeddable":true,"href":"https:\/\/www.etoro.com\/ro\/wp-json\/wp\/v2\/users\/75"}],"replies":[{"embeddable":true,"href":"https:\/\/www.etoro.com\/ro\/wp-json\/wp\/v2\/comments?post=1116316"}],"version-history":[{"count":0,"href":"https:\/\/www.etoro.com\/ro\/wp-json\/wp\/v2\/pages\/1116316\/revisions"}],"up":[{"embeddable":true,"href":"https:\/\/www.etoro.com\/ro\/wp-json\/wp\/v2\/pages\/31253"}],"wp:featuredmedia":[{"embeddable":true,"href":"https:\/\/www.etoro.com\/ro\/wp-json\/wp\/v2\/media\/1112851"}],"wp:attachment":[{"href":"https:\/\/www.etoro.com\/ro\/wp-json\/wp\/v2\/media?parent=1116316"}],"wp:term":[{"taxonomy":"asset_type","embeddable":true,"href":"https:\/\/www.etoro.com\/ro\/wp-json\/wp\/v2\/asset_type?post=1116316"}],"curies":[{"name":"wp","href":"https:\/\/api.w.org\/{rel}","templated":true}]}}