{"id":1259337,"date":"2026-04-20T10:10:55","date_gmt":"2026-04-20T07:10:55","guid":{"rendered":"https:\/\/www.etoro.com\/copytrader\/risk-warnings\/"},"modified":"2026-04-30T09:11:15","modified_gmt":"2026-04-30T06:11:15","slug":"risk-warnings","status":"publish","type":"page","link":"https:\/\/www.etoro.com\/ro\/copytrader\/risk-warnings\/","title":{"rendered":"Risks Associated with Social Trading (Copy Trading)"},"content":{"rendered":"\n<section class=\"wp-block-group wp-block-group-boxed wp-block-group-small-bottom-padding\"><div class=\"wp-block-group-inner is-layout-flow wp-block-group-is-layout-flow\">\n<div class=\"wp-block-columns are-vertically-aligned-top wp-block-columns-1 is-layout-flex wp-container-core-columns-is-layout-1 wp-block-columns-is-layout-flex\">\n<div class=\"wp-block-column is-layout-flow wp-block-column-is-layout-flow\">\n<p>eToro Group Ltd. \u0219i afilia\u021bii s\u0103i ofer\u0103 func\u021bii de tranzac\u021bionare de socializare care \u00ee\u021bi permit s\u0103 interac\u021bionezi cu, s\u0103 urm\u0103re\u0219ti \u0219i s\u0103 copiezi al\u021bi traderi (\u201eFunc\u021bii de tranzac\u021bionare social\u0103\u201d), inclusiv Copy Trader\u2122, Smart Portfolios, clasamente \u0219i instrumente din comunitate.<\/p>\n\n\n\n<p>De\u0219i aceste func\u021bii te pot ajuta s\u0103 descoperi strategii de investi\u021bii, ele ar putea implica riscuri. Ar trebui s\u0103 iei \u00een considerare cu aten\u021bie urm\u0103toarele \u00eenainte de a le folosi:<\/p>\n<\/div>\n<\/div>\n\n\n\n<div class=\"wp-block-columns are-vertically-aligned-top wp-block-columns-1 is-layout-flex wp-container-core-columns-is-layout-2 wp-block-columns-is-layout-flex\">\n<div class=\"wp-block-column is-layout-flow wp-block-column-is-layout-flow\">\n<div class=\"wp-block-etoro-simple-collapsable-item-list\">\n<div class=\"wp-block-etoro-simple-collapsable-item\"><div class=\"wp-block-etoro-simple-collapsable-item-heading\">1. E\u0219ti responsabil \u00een totalitate pentru deciziile tale<\/div><div class=\"wp-block-etoro-simple-collapsable-item-content-wrapper\"><div class=\"wp-block-etoro-simple-collapsable-item-content\">\n<p>Copy Trading se bazeaz\u0103 pe alegerea ta de a urm\u0103ri sau copia al\u021bi traderi.<\/p>\n\n\n\n<ul class=\"wp-block-list wp-block-list wp-block-list-circle\">\n<li>Trebuie s\u0103 iei \u00een calcul situa\u021bia ta financiar\u0103, obiectivele de investi\u021bii \u0219i toleran\u021ba la risc.<\/li>\n\n\n\n<li>eToro nu ofer\u0103 sfaturi de investi\u021bii.<\/li>\n\n\n\n<li>Orice decizii pe care le iei pe baza informa\u021biilor din platform\u0103 sunt pe propriul risc.<\/li>\n<\/ul>\n\n\n\n<p>Ar trebui s\u0103 \u00ee\u021bi faci \u00eentotdeauna propriile cercet\u0103ri \u00eenainte de a investi.<\/p>\n<\/div><\/div><\/div>\n\n\n\n<div class=\"wp-block-etoro-simple-collapsable-item\"><div class=\"wp-block-etoro-simple-collapsable-item-heading\">2. Riscuri \u00een tranzac\u021bionarea automat\u0103<\/div><div class=\"wp-block-etoro-simple-collapsable-item-content-wrapper\"><div class=\"wp-block-etoro-simple-collapsable-item-content\">\n<p>C\u00e2nd copiezi un trader sau Smart Portfolio:<\/p>\n\n\n\n<ul class=\"wp-block-list wp-block-list wp-block-list-circle\">\n<li>Tranzac\u021biile sunt executate automat \u00een contul t\u0103u, f\u0103r\u0103 interven\u021bia ta.<\/li>\n\n\n\n<li>Pozi\u021biile sunt deschise, modificate \u0219i \u00eenchise \u00een timp real, pe baza ac\u021biunilor traderului copiat.<\/li>\n<\/ul>\n\n\n\n<p>Asta \u00eenseamn\u0103:<\/p>\n\n\n\n<ul class=\"wp-block-list wp-block-list wp-block-list-circle\">\n<li>Este posibil s\u0103 nu ai controlul asupra calendarului sau pre\u021bului.<\/li>\n\n\n\n<li>Condi\u021biile de pia\u021b\u0103 (de exemplu, volatilitate, slippage, lichiditate) pot duce la rezultate diferite de cele ale traderului sau de Smart Portfolio pe care \u00eel copiezi.<\/li>\n\n\n\n<li>Este posibil s\u0103 pierzi fondurile alocate copierii.<\/li>\n<\/ul>\n<\/div><\/div><\/div>\n\n\n\n<div class=\"wp-block-etoro-simple-collapsable-item\"><div class=\"wp-block-etoro-simple-collapsable-item-heading\">3. Expunerea la CFD-uri \u0219i criptoactive<\/div><div class=\"wp-block-etoro-simple-collapsable-item-content-wrapper\"><div class=\"wp-block-etoro-simple-collapsable-item-content\">\n<p>Atunci c\u00e2nd copiezi un trader sau un Smart Portfolio, s-ar putea s\u0103 fii expus la instrumente complexe \u0219i cu risc ridicat, cum ar fi:<\/p>\n\n\n\n<ul class=\"wp-block-list wp-block-list wp-block-list-circle\">\n<li><strong>CFD-uri (Contracte pe diferen\u021b\u0103)<\/strong>\n<ul class=\"wp-block-list wp-block-list wp-block-list-circle\">\n<li>Adesea, implic\u0103 un levier, care poate amplifica at\u00e2t c\u00e2\u0219tigurile, c\u00e2t \u0219i pierderile.<\/li>\n\n\n\n<li>Pre\u021burile se pot fluctua rapid, cresc\u00e2nd riscul pierderilor semnificative.<\/li>\n\n\n\n<li>Nu de\u021bii activul de baz\u0103.<\/li>\n<\/ul>\n<\/li>\n\n\n\n<li><strong>Criptoactive:<\/strong>\n<ul class=\"wp-block-list wp-block-list wp-block-list-circle\">\n<li>Foarte volatile \u0219i pot experimenta fluctua\u021bii extreme de pre\u021b.<\/li>\n\n\n\n<li>Pot fi supuse unei lichidit\u0103\u021bi sc\u0103zute, a unei manipul\u0103ri a pie\u021bei sau a unor incertitudini de reglementare.<\/li>\n<\/ul>\n<\/li>\n<\/ul>\n\n\n\n<p>Chiar dac\u0103 nu alegi \u00een mod activ aceste active, copierea unui trader sau a Smart Portfolio \u00eenseamn\u0103 c\u0103 e\u0219ti expus automat la instrumentele pe care le tranzac\u021bioneaz\u0103.<\/p>\n<\/div><\/div><\/div>\n\n\n\n<div class=\"wp-block-etoro-simple-collapsable-item\"><div class=\"wp-block-etoro-simple-collapsable-item-heading\">4. Diferen\u021bele de performan\u021b\u0103<\/div><div class=\"wp-block-etoro-simple-collapsable-item-content-wrapper\"><div class=\"wp-block-etoro-simple-collapsable-item-content\">\n<p>Rezultatele tale pot diferi de cele ale traderului sau Smart Portfolio pe care le copiezi din cauza unor factori precum:<\/p>\n\n\n\n<ul class=\"wp-block-list wp-block-list wp-block-list-circle\">\n<li>Depuneri sau retrageri din pozi\u021bia copiat\u0103.<\/li>\n\n\n\n<li>Condi\u021biile de pia\u021b\u0103 \u0219i diferen\u021bele de execu\u021bie.<\/li>\n<\/ul>\n<\/div><\/div><\/div>\n\n\n\n<div class=\"wp-block-etoro-simple-collapsable-item\"><div class=\"wp-block-etoro-simple-collapsable-item-heading\">5. Performan\u021bele anterioare nu sunt un indicator de \u00eencredere<\/div><div class=\"wp-block-etoro-simple-collapsable-item-content-wrapper\"><div class=\"wp-block-etoro-simple-collapsable-item-content\">\n<p>Statistici precum:<\/p>\n\n\n\n<ul class=\"wp-block-list wp-block-list wp-block-list-circle\">\n<li>Scoruri de risc.<\/li>\n\n\n\n<li>Performan\u021b\u0103 istoric\u0103.<\/li>\n\n\n\n<li>Datele din portofoliu nu reprezint\u0103 o garan\u021bie a rezultatelor viitoare.<\/li>\n<\/ul>\n\n\n\n<p>Rezultatele reale pot varia foarte mult din cauza condi\u021biilor de pia\u021b\u0103 \u00een schimbare \u0219i a comportamentului investitorilor.<\/p>\n<\/div><\/div><\/div>\n\n\n\n<div class=\"wp-block-etoro-simple-collapsable-item\"><div class=\"wp-block-etoro-simple-collapsable-item-heading\">6. Nu exist\u0103 garan\u021bii cu privire la execu\u021bie sau controalele riscurilor<\/div><div class=\"wp-block-etoro-simple-collapsable-item-content-wrapper\"><div class=\"wp-block-etoro-simple-collapsable-item-content\">\n<ul class=\"wp-block-list wp-block-list wp-block-list-circle\">\n<li>Mecanismul Stop Loss (inclusiv Copy Stop Loss) nu sunt garantate.<\/li>\n\n\n\n<li>Tranzac\u021biile pot s\u0103 nu fie executate la pre\u021bul a\u0219teptat.<\/li>\n\n\n\n<li>Pierderile pot dep\u0103\u0219i a\u0219tept\u0103rile din cauza decalajelor pie\u021bei sau volatilit\u0103\u021bii.<\/li>\n<\/ul>\n<\/div><\/div><\/div>\n\n\n\n<div class=\"wp-block-etoro-simple-collapsable-item\"><div class=\"wp-block-etoro-simple-collapsable-item-heading\">7. Traderii pe care \u00eei copiezi nu sunt consilieri<\/div><div class=\"wp-block-etoro-simple-collapsable-item-content-wrapper\"><div class=\"wp-block-etoro-simple-collapsable-item-content\">\n<ul class=\"wp-block-list wp-block-list wp-block-list-circle\">\n<li>Al\u021bi utilizatori pot \u00eemp\u0103rt\u0103\u0219i opinii sau strategii, dar nu sunt neap\u0103rat califica\u021bi sau impar\u021biali.<\/li>\n\n\n\n<li>Informa\u021biile partajate pe platform\u0103 nu ar trebui considerate sfaturi financiare profesionale.<\/li>\n<\/ul>\n\n\n\n<p>Trateaz\u0103 \u00eentotdeauna con\u021binutul de tranzac\u021bionare de socializare ca pe un punct de plecare \u2014 nu o recomandare.<\/p>\n<\/div><\/div><\/div>\n\n\n\n<div class=\"wp-block-etoro-simple-collapsable-item\"><div class=\"wp-block-etoro-simple-collapsable-item-heading\">8. Riscul legat de strategie \u0219i comportament<\/div><div class=\"wp-block-etoro-simple-collapsable-item-content-wrapper\"><div class=\"wp-block-etoro-simple-collapsable-item-content\">\n<p>Copy Trading depinde \u00een \u00eentregime de traderul sau Smart Portfolio pe care \u00eel urm\u0103re\u0219ti:<\/p>\n\n\n\n<ul class=\"wp-block-list wp-block-list wp-block-list-circle\">\n<li>Strategia acestora se poate schimba f\u0103r\u0103 notificare.<\/li>\n\n\n\n<li>Ace\u0219tia \u00ee\u0219i pot asuma un risc mai mare dec\u00e2t te-ai a\u0219tepta.<\/li>\n\n\n\n<li>Deciziile cu emo\u021bie sau inconsecvente pot afecta performan\u021ba.<\/li>\n<\/ul>\n\n\n\n<p>\u00cen plus:<\/p>\n\n\n\n<ul class=\"wp-block-list wp-block-list wp-block-list-circle\">\n<li>Concentrarea fondurilor pe un singur trader cre\u0219te riscul.<\/li>\n\n\n\n<li>Diversificarea nu elimin\u0103 pierderile.<\/li>\n<\/ul>\n<\/div><\/div><\/div>\n\n\n\n<div class=\"wp-block-etoro-simple-collapsable-item\"><div class=\"wp-block-etoro-simple-collapsable-item-heading\">9. Copy Trading nu este o investi\u021bie mai sigur\u0103<\/div><div class=\"wp-block-etoro-simple-collapsable-item-content-wrapper\"><div class=\"wp-block-etoro-simple-collapsable-item-content\">\n<p>Copy trading poate ajuta la diversificare \u0219i poate reduce nevoia de decizii de tranzac\u021bionare active, dar:<\/p>\n\n\n\n<ul class=\"wp-block-list wp-block-list wp-block-list-circle\">\n<li>Performan\u021ba ta depinde de traderii sau Smart Portfolio pe care \u00eei copiezi.<\/li>\n\n\n\n<li>R\u0103m\u00e2i responsabil \u00een totalitate pentru toate pierderile.<\/li>\n<\/ul>\n<\/div><\/div><\/div>\n\n\n\n<div class=\"wp-block-etoro-simple-collapsable-item\"><div class=\"wp-block-etoro-simple-collapsable-item-heading\">10. Efectueaz\u0103 propriile verific\u0103ri suplimentare<\/div><div class=\"wp-block-etoro-simple-collapsable-item-content-wrapper\"><div class=\"wp-block-etoro-simple-collapsable-item-content\">\n<p>\u00cenainte de a copia un trader sau Smart Portfolio, analizeaz\u0103:<\/p>\n\n\n\n<ul class=\"wp-block-list wp-block-list wp-block-list-circle\">\n<li>Scorul lor de risc.<\/li>\n\n\n\n<li>Istoricul \u0219i strategia de tranzac\u021bionare.<\/li>\n\n\n\n<li>Alc\u0103tuirea portofoliului.<\/li>\n\n\n\n<li>Activitate \u0219i comunicare (de exemplu, post\u0103ri, actualiz\u0103ri).<\/li>\n<\/ul>\n\n\n\n<p>Chiar \u0219i cu aceste informa\u021bii nu exist\u0103 garan\u021bii de succes.<\/p>\n<\/div><\/div><\/div>\n<\/div>\n\n\n\n<hr class=\"wp-block-separator wp-block-separator-color-dark-grey wp-block-separator-spaces-medium wp-block-separator-weight-1\"\/>\n<\/div>\n<\/div>\n<\/div><\/section>\n","protected":false},"excerpt":{"rendered":"<p>eToro Group Ltd. \u0219i afilia\u021bii s\u0103i ofer\u0103 func\u021bii de tranzac\u021bionare de socializare care \u00ee\u021bi permit s\u0103 interac\u021bionezi cu, s\u0103 urm\u0103re\u0219ti \u0219i s\u0103 copiezi al\u021bi traderi (\u201eFunc\u021bii de tranzac\u021bionare social\u0103\u201d), inclusiv Copy Trader\u2122, Smart Portfolios, clasamente \u0219i instrumente din comunitate. De\u0219i aceste func\u021bii te pot ajuta s\u0103 descoperi strategii de investi\u021bii, ele ar putea implica riscuri.&hellip;<\/p>\n","protected":false},"author":158,"featured_media":0,"parent":34709,"menu_order":0,"comment_status":"closed","ping_status":"closed","template":"","meta":{"_acf_changed":true,"inline_featured_image":false,"sticky_cta_settings":"","footnotes":""},"asset_type":[],"class_list":["post-1259337","page","type-page","status-publish","hentry"],"acf":[],"yoast_head":"<title>Riscurile asociate tranzac\u021bion\u0103rii sociale (Copy Trading)<\/title>\n<meta name=\"description\" content=\"Afl\u0103 mai multe despre riscurile asociate tranzac\u021bion\u0103rii sociale \u0219i copy trading, inclusiv CFD-uri, criptoactive, diferen\u021bele de performan\u021b\u0103 \u0219i procesul de verificare prealabil\u0103.\" \/>\n<meta name=\"robots\" content=\"index, follow, max-snippet:-1, max-image-preview:large, max-video-preview:-1\" \/>\n<link rel=\"canonical\" href=\"https:\/\/www.etoro.com\/ro\/wp-json\/wp\/v2\/pages\/1259337\" \/>\n<meta property=\"og:locale\" content=\"ro_RO\" \/>\n<meta property=\"og:type\" content=\"article\" \/>\n<meta property=\"og:title\" content=\"Riscurile asociate tranzac\u021bion\u0103rii sociale (Copy Trading)\" \/>\n<meta property=\"og:description\" content=\"Afl\u0103 mai multe despre riscurile asociate tranzac\u021bion\u0103rii sociale \u0219i copy trading, inclusiv CFD-uri, criptoactive, diferen\u021bele de performan\u021b\u0103 \u0219i procesul de verificare prealabil\u0103.\" \/>\n<meta property=\"og:url\" content=\"https:\/\/www.etoro.com\/ro\/wp-json\/wp\/v2\/pages\/1259337\" \/>\n<meta property=\"og:site_name\" content=\"eToro\" \/>\n<meta property=\"article:publisher\" content=\"https:\/\/www.facebook.com\/eToro\/\" \/>\n<meta property=\"article:modified_time\" content=\"2026-04-30T06:11:15+00:00\" \/>\n<meta property=\"og:image\" content=\"https:\/\/www.etoro.com\/wp-content\/uploads\/2019\/12\/etoro_logo_social_share1.png\" \/>\n\t<meta property=\"og:image:width\" content=\"240\" \/>\n\t<meta property=\"og:image:height\" content=\"240\" \/>\n\t<meta property=\"og:image:type\" content=\"image\/png\" \/>\n<meta name=\"twitter:card\" content=\"summary_large_image\" \/>\n<meta name=\"twitter:site\" content=\"@eToro\" \/>\n<meta name=\"twitter:label1\" content=\"Est. reading time\" \/>\n\t<meta name=\"twitter:data1\" content=\"4 minutes\" \/>\n<script type=\"application\/ld+json\" class=\"yoast-schema-graph\">{\"@context\":\"https:\/\/schema.org\",\"@graph\":[{\"@type\":\"WebPage\",\"@id\":\"https:\/\/www.etoro.com\/ro\/copytrader\/risk-warnings\/\",\"url\":\"https:\/\/www.etoro.com\/ro\/copytrader\/risk-warnings\/\",\"name\":\"Riscurile asociate tranzac\u021bion\u0103rii sociale (Copy Trading)\",\"isPartOf\":{\"@id\":\"https:\/\/www.etoro.com\/ro\/#website\"},\"datePublished\":\"2026-04-20T07:10:55+00:00\",\"dateModified\":\"2026-04-30T06:11:15+00:00\",\"description\":\"Afl\u0103 mai multe despre riscurile asociate tranzac\u021bion\u0103rii sociale \u0219i copy trading, inclusiv CFD-uri, criptoactive, diferen\u021bele de performan\u021b\u0103 \u0219i procesul de verificare prealabil\u0103.\",\"breadcrumb\":{\"@id\":\"https:\/\/www.etoro.com\/ro\/copytrader\/risk-warnings\/#breadcrumb\"},\"inLanguage\":\"ro\",\"potentialAction\":[{\"@type\":\"ReadAction\",\"target\":[\"https:\/\/www.etoro.com\/ro\/copytrader\/risk-warnings\/\"]}]},{\"@type\":\"BreadcrumbList\",\"@id\":\"https:\/\/www.etoro.com\/ro\/copytrader\/risk-warnings\/#breadcrumb\",\"itemListElement\":[{\"@type\":\"ListItem\",\"position\":1,\"name\":\"ACAS\u0102\",\"item\":\"https:\/\/www.etoro.com\/ro\/\"},{\"@type\":\"ListItem\",\"position\":2,\"name\":\"CopyTrader\",\"item\":\"https:\/\/www.etoro.com\/ro\/copytrader\/\"},{\"@type\":\"ListItem\",\"position\":3,\"name\":\"Risks Associated with Social Trading (Copy Trading)\"}]},{\"@type\":\"WebSite\",\"@id\":\"https:\/\/www.etoro.com\/ro\/#website\",\"url\":\"https:\/\/www.etoro.com\/ro\/\",\"name\":\"eToro\",\"description\":\"\",\"publisher\":{\"@id\":\"https:\/\/www.etoro.com\/ro\/#organization\"},\"potentialAction\":[{\"@type\":\"SearchAction\",\"target\":{\"@type\":\"EntryPoint\",\"urlTemplate\":\"https:\/\/www.etoro.com\/ro\/?s={search_term_string}\"},\"query-input\":{\"@type\":\"PropertyValueSpecification\",\"valueRequired\":true,\"valueName\":\"search_term_string\"}}],\"inLanguage\":\"ro\"},[]]}<\/script>","yoast_head_json":{"title":"Riscurile asociate tranzac\u021bion\u0103rii sociale (Copy Trading)","description":"Afl\u0103 mai multe despre riscurile asociate tranzac\u021bion\u0103rii sociale \u0219i copy trading, inclusiv CFD-uri, criptoactive, diferen\u021bele de performan\u021b\u0103 \u0219i procesul de verificare prealabil\u0103.","robots":{"index":"index","follow":"follow","max-snippet":"max-snippet:-1","max-image-preview":"max-image-preview:large","max-video-preview":"max-video-preview:-1"},"canonical":"https:\/\/www.etoro.com\/ro\/wp-json\/wp\/v2\/pages\/1259337","og_locale":"ro_RO","og_type":"article","og_title":"Riscurile asociate tranzac\u021bion\u0103rii sociale (Copy Trading)","og_description":"Afl\u0103 mai multe despre riscurile asociate tranzac\u021bion\u0103rii sociale \u0219i copy trading, inclusiv CFD-uri, criptoactive, diferen\u021bele de performan\u021b\u0103 \u0219i procesul de verificare prealabil\u0103.","og_url":"https:\/\/www.etoro.com\/ro\/wp-json\/wp\/v2\/pages\/1259337","og_site_name":"eToro","article_publisher":"https:\/\/www.facebook.com\/eToro\/","article_modified_time":"2026-04-30T06:11:15+00:00","og_image":[{"width":240,"height":240,"url":"https:\/\/www.etoro.com\/wp-content\/uploads\/2019\/12\/etoro_logo_social_share1.png","type":"image\/png"}],"twitter_card":"summary_large_image","twitter_site":"@eToro","twitter_misc":{"Est. reading time":"4 minutes"},"schema":{"@context":"https:\/\/schema.org","@graph":[{"@type":"WebPage","@id":"https:\/\/www.etoro.com\/ro\/copytrader\/risk-warnings\/","url":"https:\/\/www.etoro.com\/ro\/copytrader\/risk-warnings\/","name":"Riscurile asociate tranzac\u021bion\u0103rii sociale (Copy Trading)","isPartOf":{"@id":"https:\/\/www.etoro.com\/ro\/#website"},"datePublished":"2026-04-20T07:10:55+00:00","dateModified":"2026-04-30T06:11:15+00:00","description":"Afl\u0103 mai multe despre riscurile asociate tranzac\u021bion\u0103rii sociale \u0219i copy trading, inclusiv CFD-uri, criptoactive, diferen\u021bele de performan\u021b\u0103 \u0219i procesul de verificare prealabil\u0103.","breadcrumb":{"@id":"https:\/\/www.etoro.com\/ro\/copytrader\/risk-warnings\/#breadcrumb"},"inLanguage":"ro","potentialAction":[{"@type":"ReadAction","target":["https:\/\/www.etoro.com\/ro\/copytrader\/risk-warnings\/"]}]},{"@type":"BreadcrumbList","@id":"https:\/\/www.etoro.com\/ro\/copytrader\/risk-warnings\/#breadcrumb","itemListElement":[{"@type":"ListItem","position":1,"name":"ACAS\u0102","item":"https:\/\/www.etoro.com\/ro\/"},{"@type":"ListItem","position":2,"name":"CopyTrader","item":"https:\/\/www.etoro.com\/ro\/copytrader\/"},{"@type":"ListItem","position":3,"name":"Risks Associated with Social Trading (Copy Trading)"}]},{"@type":"WebSite","@id":"https:\/\/www.etoro.com\/ro\/#website","url":"https:\/\/www.etoro.com\/ro\/","name":"eToro","description":"","publisher":{"@id":"https:\/\/www.etoro.com\/ro\/#organization"},"potentialAction":[{"@type":"SearchAction","target":{"@type":"EntryPoint","urlTemplate":"https:\/\/www.etoro.com\/ro\/?s={search_term_string}"},"query-input":{"@type":"PropertyValueSpecification","valueRequired":true,"valueName":"search_term_string"}}],"inLanguage":"ro"},[]]}},"_links":{"self":[{"href":"https:\/\/www.etoro.com\/ro\/wp-json\/wp\/v2\/pages\/1259337"}],"collection":[{"href":"https:\/\/www.etoro.com\/ro\/wp-json\/wp\/v2\/pages"}],"about":[{"href":"https:\/\/www.etoro.com\/ro\/wp-json\/wp\/v2\/types\/page"}],"author":[{"embeddable":true,"href":"https:\/\/www.etoro.com\/ro\/wp-json\/wp\/v2\/users\/158"}],"replies":[{"embeddable":true,"href":"https:\/\/www.etoro.com\/ro\/wp-json\/wp\/v2\/comments?post=1259337"}],"version-history":[{"count":0,"href":"https:\/\/www.etoro.com\/ro\/wp-json\/wp\/v2\/pages\/1259337\/revisions"}],"up":[{"embeddable":true,"href":"https:\/\/www.etoro.com\/ro\/wp-json\/wp\/v2\/pages\/34709"}],"wp:attachment":[{"href":"https:\/\/www.etoro.com\/ro\/wp-json\/wp\/v2\/media?parent=1259337"}],"wp:term":[{"taxonomy":"asset_type","embeddable":true,"href":"https:\/\/www.etoro.com\/ro\/wp-json\/wp\/v2\/asset_type?post=1259337"}],"curies":[{"name":"wp","href":"https:\/\/api.w.org\/{rel}","templated":true}]}}