{"id":167961,"date":"2020-10-15T10:30:40","date_gmt":"2020-10-15T07:30:40","guid":{"rendered":"http:\/\/www.etoro.com\/investing\/insurance\/"},"modified":"2025-04-23T02:25:47","modified_gmt":"2025-04-22T23:25:47","slug":"insurance","status":"publish","type":"page","link":"https:\/\/www.etoro.com\/ro\/investing\/insurance\/","title":{"rendered":"Asigurare"},"content":{"rendered":"\n<section class=\"wp-block-group wp-block-group-boxed has-white-background-color has-background\"><div class=\"wp-block-group-inner is-layout-flow wp-block-group-is-layout-flow\">\n<div class=\"wp-block-columns are-vertically-aligned-top wp-block-columns-1 is-layout-flex wp-container-core-columns-is-layout-1 wp-block-columns-is-layout-flex\">\n<div class=\"wp-block-column is-layout-flow wp-block-column-is-layout-flow\">\n<h2 class=\"wp-block-heading\">Asigurare<\/h2>\n\n\n\n<p>Anumite entit\u0103\u021bi eToro ofer\u0103 clien\u021bilor eligibili o asigurare gratuit\u0103 achizi\u021bionat\u0103 de la Lloyd&#8217;s of London, unul dintre cei mai importan\u021bi furnizori din lume de asigur\u0103ri de specialitate, oferind acoperiri de p\u00e2n\u0103 la 1 milion EUR, AUD sau USD (\u00een func\u021bie de regiune).<\/p>\n\n\n\n<p><strong>Asigurarea gratuit\u0103 este disponibil\u0103 doar pentru membrii Platinum, Platinum + \u0219i Diamond Club, <a href=\"https:\/\/www.etoro.com\/ro\/about\/clubs\/\">clien\u021bii<\/a> eToro (Europe) Ltd., eToro AUS Capital Ltd., eToro (ME) Ltd. \u0219i eToro (Seychelles) Ltd.<\/strong><\/p>\n\n\n\n<ul class=\"wp-block-list wp-block-list wp-block-list-circle\">\n<li>Asigurarea acoper\u0103 revendic\u0103rile clien\u021bilor eligibili care sufer\u0103 pierderi din cauza evenimentului pu\u021bin probabil al insolven\u021bei eToro \u0219i \u00een cazul unui Eveniment de Conduit\u0103 Necorespunz\u0103toare (a\u0219a cum este definit \u00een&nbsp;<a href=\"https:\/\/www.etoro.com\/wp-content\/uploads\/2022\/11\/Insurance-Disclosure-to-Clients-2022-.docx.pdf\">politica aplicabil\u0103<\/a>).<\/li>\n\n\n\n<li>Asigurarea acoper\u0103: (i) p\u00e2n\u0103 la 1 milion EUR, AUD sau USD (\u00een func\u021bie de entitatea reglementat\u0103); (ii) p\u00e2n\u0103 la limita agregat\u0103 achizi\u021bionat\u0103 de eToro; \u0219i (iii) \u00een baza unei sume excedentare (a\u0219a cum este definit \u00een <a href=\"https:\/\/etoro.com\/wp-content\/uploads\/2023\/01\/Insurance-Disclosure-to-Clients-2022-.docx.pdf\" rel=\"nofollow noopener noreferrer\"  rel=\"nofollow noopener noreferrer\" >politica<\/a> aplicabil\u0103).<\/li>\n\n\n\n<li>Trebuie s\u0103 dep\u0103\u0219easc\u0103 o sum\u0103 ini\u021bial\u0103 de 20.000 EUR, AUD sau USD.<\/li>\n\n\n\n<li>Asigurarea acoper\u0103 numerar, toate pozi\u021biile CFD \u0219i valorile mobiliare. De re\u021binut c\u0103 pozi\u021biile REALE \u00een criptomonede nu sunt acoperite de asigurare, a\u0219a cum este stabilit \u00een&nbsp;<a href=\"https:\/\/etoro.com\/wp-content\/uploads\/2023\/01\/Insurance-Disclosure-to-Clients-2022-.docx.pdf\" rel=\"nofollow noopener noreferrer\"  rel=\"nofollow noopener noreferrer\" >politica<\/a>&nbsp;aplicabil\u0103.<\/li>\n<\/ul>\n<\/div>\n<\/div>\n<\/div><\/section>\n\n\n\n<section class=\"wp-block-group wp-block-group-boxed has-dark-blue-background-color has-background\"><div class=\"wp-block-group-inner is-layout-flow wp-block-group-is-layout-flow\">\n<div class=\"wp-block-columns are-vertically-aligned-center wp-block-columns-2 is-layout-flex wp-container-core-columns-is-layout-2 wp-block-columns-is-layout-flex\">\n<div class=\"wp-block-column is-layout-flow wp-block-column-is-layout-flow\">\n<figure class=\"wp-block-image size-full\"><img loading=\"lazy\" decoding=\"async\" width=\"577\" height=\"375\" src=\"https:\/\/www.etoro.com\/wp-content\/uploads\/2025\/04\/Three-layer-protection.png\" alt=\"\" class=\"wp-image-1048942 wp-image-desktop\" srcset=\"https:\/\/www.etoro.com\/wp-content\/uploads\/2025\/04\/Three-layer-protection.png 577w, https:\/\/www.etoro.com\/wp-content\/uploads\/2025\/04\/Three-layer-protection-300x195.png 300w\" sizes=\"(max-width: 577px) 100vw, 577px\" \/><\/figure>\n<\/div>\n\n\n\n<div class=\"wp-block-column is-text-column is-layout-flow wp-block-column-is-layout-flow\">\n<h2 class=\"wp-block-heading\"><strong>Trei straturi de protec\u021bie<\/strong><\/h2>\n\n\n\n<p>\u00cen cazul pu\u021bin probabil a unei insolven\u021be eToro, clien\u021bii eligibili* ai eToro (Europe) Ltd., eToro AUS Capital Ltd., eToro (ME) Ltd. \u0219i eToro (Seychelles) Ltd. au trei niveluri de protec\u021bie.<\/p>\n\n\n\n<ul class=\"wp-block-list wp-block-list wp-block-list-circle\">\n<li>\u00cen caz de insolven\u021b\u0103, lichidatorul desemnat va gestiona activele eToro \u0219i distribuirea banilor \u00eentre clien\u021bii s\u0103i, dac\u0103 este cazul.<\/li>\n\n\n\n<li>Protec\u021bie reglementar\u0103: pentru clien\u021bii eToro (Europe) Ltd. (reglementat de CySEC), se aplic\u0103 anumite scheme de reglementare (ICF), care compenseaz\u0103 clien\u021bii \u00een caz de insolven\u021b\u0103 \u0219i deficit al fondurilor clien\u021bilor de p\u00e2n\u0103 la 20.000 USD.<\/li>\n\n\n\n<li>Asigurare privat\u0103: oferit\u0103 de Lloyd&#8217;s of London, aceast\u0103 politic\u0103 de asigurare pentru investi\u021bii acoper\u0103 pierderile suferite din insolven\u021b\u0103, cu condi\u021bia unui exces \u0219i p\u00e2n\u0103 la 1 milion EUR\/AUD\/USD per client*, a\u0219a cum este descris mai sus.<\/li>\n<\/ul>\n\n\n\n<p class=\"is-style-disclaimer\">*Asigurarea gratuit\u0103 este disponibil\u0103 doar pentru membrii Platinum, Platinum + \u0219i Diamond Club, <a href=\"https:\/\/www.etoro.com\/ro\/about\/clubs\/\">clien\u021bii<\/a> eToro (Europe) Ltd., eToro AUS Capital Ltd., eToro (ME) Ltd. \u0219i eToro (Seychelles) Ltd.<\/p>\n<\/div>\n<\/div>\n<\/div><\/section>\n\n\n\n<section class=\"wp-block-group wp-block-group-boxed\"><div class=\"wp-block-group-inner is-layout-flow wp-block-group-is-layout-flow\">\n<div class=\"wp-block-columns are-vertically-aligned-top wp-block-columns-1 is-layout-flex wp-container-core-columns-is-layout-3 wp-block-columns-is-layout-flex\">\n<div class=\"wp-block-column is-layout-flow wp-block-column-is-layout-flow\">\n<h2 class=\"wp-block-heading has-text-align-center\"><strong>eToro ofer\u0103 servicii suplimentare, cum ar fi:<\/strong><\/h2>\n<\/div>\n<\/div>\n<\/div><\/section>\n\n\n\n<section class=\"wp-block-group wp-block-group-boxed has-white-background-color has-background\"><div class=\"wp-block-group-inner is-layout-flow wp-block-group-is-layout-flow\">\n<div class=\"wp-block-columns are-vertically-aligned-center wp-block-columns-2 is-swapped-on-mobile is-layout-flex wp-container-core-columns-is-layout-4 wp-block-columns-is-layout-flex\">\n<div class=\"wp-block-column is-layout-flow wp-block-column-is-layout-flow\">\n<h2 class=\"wp-block-heading\">Fondurile tale sunt p\u0103strate \u00eentr-un cont separat<\/h2>\n\n\n\n<p>Principala prioritate a eToro este aceea de a-\u0219i p\u0103stra clien\u021bii \u0219i fondurile \u00een condi\u021bii de maxim\u0103 siguran\u021b\u0103. Din acest motiv, fiecare b\u0103nu\u021b depus de un client este de\u021binut \u00eentr-un cont separat, distinct. Acest lucru \u00eenseamn\u0103 c\u0103, \u0219i \u00een eventualitatea foarte improbabil\u0103 a insolven\u021bei eToro, fondurile tale vor fi \u00een siguran\u021b\u0103.<\/p>\n<\/div>\n\n\n\n<div class=\"wp-block-column is-layout-flow wp-block-column-is-layout-flow\">\n<figure class=\"wp-block-image size-full\"><img loading=\"lazy\" decoding=\"async\" width=\"578\" height=\"375\" src=\"https:\/\/www.etoro.com\/wp-content\/uploads\/2025\/04\/Segregated-Account.png\" alt=\"\" class=\"wp-image-1048971 wp-image-desktop\" srcset=\"https:\/\/www.etoro.com\/wp-content\/uploads\/2025\/04\/Segregated-Account.png 578w, https:\/\/www.etoro.com\/wp-content\/uploads\/2025\/04\/Segregated-Account-300x195.png 300w\" sizes=\"(max-width: 578px) 100vw, 578px\" \/><\/figure>\n<\/div>\n<\/div>\n<\/div><\/section>\n\n\n\n<section class=\"wp-block-group wp-block-group-boxed has-white-background-color has-background\"><div class=\"wp-block-group-inner is-layout-flow wp-block-group-is-layout-flow\">\n<div class=\"wp-block-columns are-vertically-aligned-center wp-block-columns-2 is-layout-flex wp-container-core-columns-is-layout-5 wp-block-columns-is-layout-flex\">\n<div class=\"wp-block-column is-layout-flow wp-block-column-is-layout-flow\">\n<figure class=\"wp-block-image size-full\"><img loading=\"lazy\" decoding=\"async\" width=\"576\" height=\"394\" src=\"https:\/\/www.etoro.com\/wp-content\/uploads\/2025\/04\/100-K-Demo-account.png\" alt=\"\" class=\"wp-image-1049040 wp-image-desktop\" srcset=\"https:\/\/www.etoro.com\/wp-content\/uploads\/2025\/04\/100-K-Demo-account.png 576w, https:\/\/www.etoro.com\/wp-content\/uploads\/2025\/04\/100-K-Demo-account-300x205.png 300w\" sizes=\"(max-width: 576px) 100vw, 576px\" \/><\/figure>\n<\/div>\n\n\n\n<div class=\"wp-block-column is-layout-flow wp-block-column-is-layout-flow\">\n<h2 class=\"wp-block-heading\">Cont demo GRATUIT de 100.000 USD<\/h2>\n\n\n\n<p>Exploreaz\u0103 simplitatea \u0219i u\u0219urin\u021ba de utilizare a platformei eToro, cu un cont demonstrativ, GRATUIT, cu 100.000 USD. Deschide \u0219i \u00eenchide tranzac\u021bii, creeaz\u0103-\u021bi portofoliul virtual cu&nbsp;<a href=\"https:\/\/etoro.com\/ro\/stocks\/\" rel=\"nofollow noopener noreferrer\" >ac\u021biuni<\/a>,&nbsp;<a href=\"https:\/\/www.etoro.com\/ro\/crypto\/\">criptomonede<\/a>&nbsp;\u0219i alte clase de active \u0219i perfec\u021bioneaz\u0103-\u021bi abilit\u0103\u021bile de tranzac\u021bionare \u0219i investi\u021bii.<\/p>\n<\/div>\n<\/div>\n<\/div><\/section>\n\n\n\n<section class=\"wp-block-group wp-block-group-boxed has-white-background-color has-background\"><div class=\"wp-block-group-inner is-layout-flow wp-block-group-is-layout-flow\">\n<div class=\"wp-block-columns are-vertically-aligned-top wp-block-columns-1 is-layout-flex wp-container-core-columns-is-layout-6 wp-block-columns-is-layout-flex\">\n<div class=\"wp-block-column is-layout-flow wp-block-column-is-layout-flow\">\n<p class=\"has-text-align-center\">Se aplic\u0103 Termenii \u0219i condi\u021biile. Pentru mai multe informa\u021bii, consult\u0103\u00a0<a href=\"https:\/\/www.etoro.com\/wp-content\/uploads\/2025\/02\/Insurance-Disclosure-to-Clients-2025.pdf\" target=\"_blank\" rel=\"noreferrer noopener\">Termenii \u0219i condi\u021biile<\/a>\u00a0eToro privind asigurarea.<\/p>\n\n\n\n<div class=\"wp-block-buttons is-content-justification-center is-layout-flex wp-container-core-buttons-is-layout-1 wp-block-buttons-is-layout-flex\">\n<a class=\"e-cta e-cta-primary\" href=\"https:\/\/www.etoro.com\/ro\/accounts\/sign-up\">\u00cencepe acum<\/a>\n<\/div>\n<\/div>\n<\/div>\n<\/div><\/section>\n\n\n\n<section class=\"wp-block-group wp-block-group-boxed has-white-background-color has-background\"><div class=\"wp-block-group-inner is-layout-flow wp-block-group-is-layout-flow\">\n<div class=\"wp-block-columns are-vertically-aligned-top wp-block-columns-1 is-layout-flex wp-container-core-columns-is-layout-7 wp-block-columns-is-layout-flex\">\n<div class=\"wp-block-column is-layout-flow wp-block-column-is-layout-flow\">\n<h2 class=\"wp-block-heading has-text-align-center\">eToro Asigur\u0103ri \u2014 \u00centreb\u0103ri frecvente<\/h2>\n\n\n\n<dl class=\"wp-block-etoro-faq\">\n<div class=\"wp-block-etoro-faq-item\"><dt class=\"wp-block-etoro-faq-item-question\">Ce produse sunt acoperite de poli\u021ba de asigurare?<\/dt><dd class=\"wp-block-etoro-faq-item-answer\">\n<p>Asigurarea acoper\u0103 numerar, toate pozi\u021biile CFD \u0219i valorile mobiliare. De re\u021binut c\u0103 pozi\u021biile REALE \u00een criptomonede (non-CFD) nu sunt acoperite de asigurarea de investi\u021bii.<\/p>\n<\/dd><\/div>\n\n\n\n<div class=\"wp-block-etoro-faq-item\"><dt class=\"wp-block-etoro-faq-item-question\">Pe cine acoper\u0103 asigurarea?<\/dt><dd class=\"wp-block-etoro-faq-item-answer\">\n<p>Asigurarea este disponibil\u0103 doar pentru membrii Platinum, Platinum + \u0219i Diamond Club, <a href=\"https:\/\/etoro.com\/ro\/about\/club\/\" rel=\"nofollow noopener noreferrer\" >clien\u021bii<\/a> eToro (Europe) Ltd., eToro AUS Capital Ltd., eToro (ME) Ltd. \u0219i eToro (Seychelles) Ltd.<\/p>\n<\/dd><\/div>\n\n\n\n<div class=\"wp-block-etoro-faq-item\"><dt class=\"wp-block-etoro-faq-item-question\">Are dat\u0103 de expirare?<\/dt><dd class=\"wp-block-etoro-faq-item-answer\">\n<p>Nu. Cu toate acestea, asigurarea poate fi retras\u0103 la discre\u021bia eToro \u00een orice moment \u00een viitor. Nu este necesar\u0103 notificarea prealabil\u0103.<\/p>\n<\/dd><\/div>\n\n\n\n<div class=\"wp-block-etoro-faq-item\"><dt class=\"wp-block-etoro-faq-item-question\">C\u00e2nd intr\u0103 \u00een vigoare asigurarea?<\/dt><dd class=\"wp-block-etoro-faq-item-answer\">\n<p>Asigurarea poate fi declan\u0219at\u0103 \u00een cazul improbabil al insolven\u021bei eToro.<\/p>\n<\/dd><\/div>\n\n\n\n<div class=\"wp-block-etoro-faq-item\"><dt class=\"wp-block-etoro-faq-item-question\">Cum \u00eemi p\u0103streaz\u0103 eToro banii?<\/dt><dd class=\"wp-block-etoro-faq-item-answer\">\n<p>Pentru a-\u021bi proteja fondurile, eToro le p\u0103streaz\u0103 \u00eentr-un cont complet separat la o banc\u0103 de top sau \u00eentr-un fond recunoscut de pia\u021ba monetar\u0103.<\/p>\n<\/dd><\/div>\n<\/dl>\n<\/div>\n<\/div>\n<\/div><\/section>\n","protected":false},"excerpt":{"rendered":"<p>Asigurare Anumite entit\u0103\u021bi eToro ofer\u0103 clien\u021bilor eligibili o asigurare gratuit\u0103 achizi\u021bionat\u0103 de la Lloyd&#8217;s of London, unul dintre cei mai importan\u021bi furnizori din lume de asigur\u0103ri de specialitate, oferind acoperiri de p\u00e2n\u0103 la 1 milion EUR, AUD sau USD (\u00een func\u021bie de regiune). Asigurarea gratuit\u0103 este disponibil\u0103 doar pentru membrii Platinum, Platinum + \u0219i Diamond&hellip;<\/p>\n","protected":false},"author":39,"featured_media":0,"parent":31829,"menu_order":499,"comment_status":"closed","ping_status":"closed","template":"","meta":{"_acf_changed":true,"inline_featured_image":false,"sticky_cta_settings":"","footnotes":""},"asset_type":[],"class_list":["post-167961","page","type-page","status-publish","hentry"],"acf":[],"yoast_head":"<title>Asigurare de investi\u021bii GRATUIT\u0102 pentru clien\u021bii eToro<\/title>\n<meta name=\"description\" content=\"Beneficiaz\u0103 de un nivel suplimentar de protec\u021bie: eToro ofer\u0103 o asigurare GRATUIT\u0102, de p\u00e2n\u0103 la 1 milion de Euro\/GBP\/AUD, \u00een func\u021bie de reglement\u0103ri.\" \/>\n<meta name=\"robots\" content=\"noindex, follow\" \/>\n<meta property=\"og:locale\" content=\"ro_RO\" \/>\n<meta property=\"og:type\" content=\"article\" \/>\n<meta property=\"og:title\" content=\"Asigurare de investi\u021bii GRATUIT\u0102 pentru clien\u021bii eToro\" \/>\n<meta property=\"og:description\" content=\"Beneficiaz\u0103 de un nivel suplimentar de protec\u021bie: eToro ofer\u0103 o asigurare GRATUIT\u0102, de p\u00e2n\u0103 la 1 milion de Euro\/GBP\/AUD, \u00een func\u021bie de reglement\u0103ri.\" \/>\n<meta property=\"og:url\" content=\"https:\/\/www.etoro.com\/ro\/wp-json\/wp\/v2\/pages\/167961\" \/>\n<meta property=\"og:site_name\" content=\"eToro\" \/>\n<meta property=\"article:publisher\" content=\"https:\/\/www.facebook.com\/eToro\/\" \/>\n<meta property=\"article:modified_time\" content=\"2025-04-22T23:25:47+00:00\" \/>\n<meta property=\"og:image\" content=\"https:\/\/www.etoro.com\/wp-content\/uploads\/2025\/04\/Three-layer-protection.png\" \/>\n\t<meta property=\"og:image:width\" content=\"577\" \/>\n\t<meta property=\"og:image:height\" content=\"375\" \/>\n\t<meta property=\"og:image:type\" content=\"image\/png\" \/>\n<meta name=\"twitter:card\" content=\"summary_large_image\" \/>\n<meta name=\"twitter:site\" content=\"@eToro\" \/>\n<meta name=\"twitter:label1\" content=\"Est. reading time\" \/>\n\t<meta name=\"twitter:data1\" content=\"3 minutes\" \/>\n<script type=\"application\/ld+json\" class=\"yoast-schema-graph\">{\"@context\":\"https:\/\/schema.org\",\"@graph\":[{\"@type\":\"WebPage\",\"@id\":\"https:\/\/www.etoro.com\/ro\/investing\/insurance\/\",\"url\":\"https:\/\/www.etoro.com\/ro\/investing\/insurance\/\",\"name\":\"Asigurare de investi\u021bii GRATUIT\u0102 pentru clien\u021bii eToro\",\"isPartOf\":{\"@id\":\"https:\/\/www.etoro.com\/ro\/#website\"},\"primaryImageOfPage\":{\"@id\":\"https:\/\/www.etoro.com\/ro\/investing\/insurance\/#primaryimage\"},\"image\":{\"@id\":\"https:\/\/www.etoro.com\/ro\/investing\/insurance\/#primaryimage\"},\"thumbnailUrl\":\"https:\/\/www.etoro.com\/wp-content\/uploads\/2025\/04\/Three-layer-protection.png\",\"datePublished\":\"2020-10-15T07:30:40+00:00\",\"dateModified\":\"2025-04-22T23:25:47+00:00\",\"description\":\"Beneficiaz\u0103 de un nivel suplimentar de protec\u021bie: eToro ofer\u0103 o asigurare GRATUIT\u0102, de p\u00e2n\u0103 la 1 milion de Euro\/GBP\/AUD, \u00een func\u021bie de reglement\u0103ri.\",\"breadcrumb\":{\"@id\":\"https:\/\/www.etoro.com\/ro\/investing\/insurance\/#breadcrumb\"},\"inLanguage\":\"ro\",\"potentialAction\":[{\"@type\":\"ReadAction\",\"target\":[\"https:\/\/www.etoro.com\/ro\/investing\/insurance\/\"]}]},{\"@type\":\"ImageObject\",\"inLanguage\":\"ro\",\"@id\":\"https:\/\/www.etoro.com\/ro\/investing\/insurance\/#primaryimage\",\"url\":\"https:\/\/www.etoro.com\/wp-content\/uploads\/2025\/04\/Three-layer-protection.png\",\"contentUrl\":\"https:\/\/www.etoro.com\/wp-content\/uploads\/2025\/04\/Three-layer-protection.png\"},{\"@type\":\"BreadcrumbList\",\"@id\":\"https:\/\/www.etoro.com\/ro\/investing\/insurance\/#breadcrumb\",\"itemListElement\":[{\"@type\":\"ListItem\",\"position\":1,\"name\":\"ACAS\u0102\",\"item\":\"https:\/\/www.etoro.com\/ro\/\"},{\"@type\":\"ListItem\",\"position\":2,\"name\":\"Investi\u021bii\",\"item\":\"https:\/\/www.etoro.com\/ro\/investing\/\"},{\"@type\":\"ListItem\",\"position\":3,\"name\":\"Asigurare\"}]},{\"@type\":\"WebSite\",\"@id\":\"https:\/\/www.etoro.com\/ro\/#website\",\"url\":\"https:\/\/www.etoro.com\/ro\/\",\"name\":\"eToro\",\"description\":\"\",\"publisher\":{\"@id\":\"https:\/\/www.etoro.com\/ro\/#organization\"},\"potentialAction\":[{\"@type\":\"SearchAction\",\"target\":{\"@type\":\"EntryPoint\",\"urlTemplate\":\"https:\/\/www.etoro.com\/ro\/?s={search_term_string}\"},\"query-input\":{\"@type\":\"PropertyValueSpecification\",\"valueRequired\":true,\"valueName\":\"search_term_string\"}}],\"inLanguage\":\"ro\"},[]]}<\/script>","yoast_head_json":{"title":"Asigurare de investi\u021bii GRATUIT\u0102 pentru clien\u021bii eToro","description":"Beneficiaz\u0103 de un nivel suplimentar de protec\u021bie: eToro ofer\u0103 o asigurare GRATUIT\u0102, de p\u00e2n\u0103 la 1 milion de Euro\/GBP\/AUD, \u00een func\u021bie de reglement\u0103ri.","robots":{"index":"noindex","follow":"follow"},"og_locale":"ro_RO","og_type":"article","og_title":"Asigurare de investi\u021bii GRATUIT\u0102 pentru clien\u021bii eToro","og_description":"Beneficiaz\u0103 de un nivel suplimentar de protec\u021bie: eToro ofer\u0103 o asigurare GRATUIT\u0102, de p\u00e2n\u0103 la 1 milion de Euro\/GBP\/AUD, \u00een func\u021bie de reglement\u0103ri.","og_url":"https:\/\/www.etoro.com\/ro\/wp-json\/wp\/v2\/pages\/167961","og_site_name":"eToro","article_publisher":"https:\/\/www.facebook.com\/eToro\/","article_modified_time":"2025-04-22T23:25:47+00:00","og_image":[{"width":577,"height":375,"url":"https:\/\/www.etoro.com\/wp-content\/uploads\/2025\/04\/Three-layer-protection.png","type":"image\/png"}],"twitter_card":"summary_large_image","twitter_site":"@eToro","twitter_misc":{"Est. reading time":"3 minutes"},"schema":{"@context":"https:\/\/schema.org","@graph":[{"@type":"WebPage","@id":"https:\/\/www.etoro.com\/ro\/investing\/insurance\/","url":"https:\/\/www.etoro.com\/ro\/investing\/insurance\/","name":"Asigurare de investi\u021bii GRATUIT\u0102 pentru clien\u021bii eToro","isPartOf":{"@id":"https:\/\/www.etoro.com\/ro\/#website"},"primaryImageOfPage":{"@id":"https:\/\/www.etoro.com\/ro\/investing\/insurance\/#primaryimage"},"image":{"@id":"https:\/\/www.etoro.com\/ro\/investing\/insurance\/#primaryimage"},"thumbnailUrl":"https:\/\/www.etoro.com\/wp-content\/uploads\/2025\/04\/Three-layer-protection.png","datePublished":"2020-10-15T07:30:40+00:00","dateModified":"2025-04-22T23:25:47+00:00","description":"Beneficiaz\u0103 de un nivel suplimentar de protec\u021bie: eToro ofer\u0103 o asigurare GRATUIT\u0102, de p\u00e2n\u0103 la 1 milion de Euro\/GBP\/AUD, \u00een func\u021bie de reglement\u0103ri.","breadcrumb":{"@id":"https:\/\/www.etoro.com\/ro\/investing\/insurance\/#breadcrumb"},"inLanguage":"ro","potentialAction":[{"@type":"ReadAction","target":["https:\/\/www.etoro.com\/ro\/investing\/insurance\/"]}]},{"@type":"ImageObject","inLanguage":"ro","@id":"https:\/\/www.etoro.com\/ro\/investing\/insurance\/#primaryimage","url":"https:\/\/www.etoro.com\/wp-content\/uploads\/2025\/04\/Three-layer-protection.png","contentUrl":"https:\/\/www.etoro.com\/wp-content\/uploads\/2025\/04\/Three-layer-protection.png"},{"@type":"BreadcrumbList","@id":"https:\/\/www.etoro.com\/ro\/investing\/insurance\/#breadcrumb","itemListElement":[{"@type":"ListItem","position":1,"name":"ACAS\u0102","item":"https:\/\/www.etoro.com\/ro\/"},{"@type":"ListItem","position":2,"name":"Investi\u021bii","item":"https:\/\/www.etoro.com\/ro\/investing\/"},{"@type":"ListItem","position":3,"name":"Asigurare"}]},{"@type":"WebSite","@id":"https:\/\/www.etoro.com\/ro\/#website","url":"https:\/\/www.etoro.com\/ro\/","name":"eToro","description":"","publisher":{"@id":"https:\/\/www.etoro.com\/ro\/#organization"},"potentialAction":[{"@type":"SearchAction","target":{"@type":"EntryPoint","urlTemplate":"https:\/\/www.etoro.com\/ro\/?s={search_term_string}"},"query-input":{"@type":"PropertyValueSpecification","valueRequired":true,"valueName":"search_term_string"}}],"inLanguage":"ro"},[]]}},"_links":{"self":[{"href":"https:\/\/www.etoro.com\/ro\/wp-json\/wp\/v2\/pages\/167961"}],"collection":[{"href":"https:\/\/www.etoro.com\/ro\/wp-json\/wp\/v2\/pages"}],"about":[{"href":"https:\/\/www.etoro.com\/ro\/wp-json\/wp\/v2\/types\/page"}],"author":[{"embeddable":true,"href":"https:\/\/www.etoro.com\/ro\/wp-json\/wp\/v2\/users\/39"}],"replies":[{"embeddable":true,"href":"https:\/\/www.etoro.com\/ro\/wp-json\/wp\/v2\/comments?post=167961"}],"version-history":[{"count":0,"href":"https:\/\/www.etoro.com\/ro\/wp-json\/wp\/v2\/pages\/167961\/revisions"}],"up":[{"embeddable":true,"href":"https:\/\/www.etoro.com\/ro\/wp-json\/wp\/v2\/pages\/31829"}],"wp:attachment":[{"href":"https:\/\/www.etoro.com\/ro\/wp-json\/wp\/v2\/media?parent=167961"}],"wp:term":[{"taxonomy":"asset_type","embeddable":true,"href":"https:\/\/www.etoro.com\/ro\/wp-json\/wp\/v2\/asset_type?post=167961"}],"curies":[{"name":"wp","href":"https:\/\/api.w.org\/{rel}","templated":true}]}}