{"id":262253,"date":"2021-07-22T23:25:47","date_gmt":"2021-07-22T20:25:47","guid":{"rendered":"https:\/\/www.etoro.com\/stocks\/dividend-calendar\/"},"modified":"2025-02-11T12:31:20","modified_gmt":"2025-02-11T10:31:20","slug":"dividend-calendar","status":"publish","type":"page","link":"https:\/\/www.etoro.com\/ro\/investing\/dividend-calendar\/","title":{"rendered":"Dividend Calendar"},"content":{"rendered":"","protected":false},"excerpt":{"rendered":"","protected":false},"author":45,"featured_media":502151,"parent":31829,"menu_order":70,"comment_status":"closed","ping_status":"closed","template":"dividend-calendar.php","meta":{"_acf_changed":false,"inline_featured_image":false,"sticky_cta_settings":"","footnotes":""},"asset_type":[],"class_list":["post-262253","page","type-page","status-publish","has-post-thumbnail","hentry"],"acf":[],"yoast_head":"<title>Calendar dividende \u2014 pl\u0103\u021bile viitoarelor dividende | eToro<\/title>\n<meta name=\"description\" content=\"Fii la curent cu lista companiilor care pl\u0103tesc dividende c\u0103tre ac\u021bionari. Afl\u0103 c\u00e2t pl\u0103tesc acestea pe participa\u021bie \u0219i c\u00e2nd sunt programate pl\u0103\u021bile.\" \/>\n<meta name=\"robots\" content=\"index, follow, max-snippet:-1, max-image-preview:large, max-video-preview:-1\" \/>\n<link rel=\"canonical\" href=\"https:\/\/www.etoro.com\/ro\/wp-json\/wp\/v2\/pages\/262253\" \/>\n<meta property=\"og:locale\" content=\"ro_RO\" \/>\n<meta property=\"og:type\" content=\"article\" \/>\n<meta property=\"og:title\" content=\"Calendar dividende \u2014 pl\u0103\u021bile viitoarelor dividende | eToro\" \/>\n<meta property=\"og:description\" content=\"Fii la curent cu lista companiilor care pl\u0103tesc dividende c\u0103tre ac\u021bionari. Afl\u0103 c\u00e2t pl\u0103tesc acestea pe participa\u021bie \u0219i c\u00e2nd sunt programate pl\u0103\u021bile.\" \/>\n<meta property=\"og:url\" content=\"https:\/\/www.etoro.com\/ro\/wp-json\/wp\/v2\/pages\/262253\" \/>\n<meta property=\"og:site_name\" content=\"eToro\" \/>\n<meta property=\"article:publisher\" content=\"https:\/\/www.facebook.com\/eToro\/\" \/>\n<meta property=\"article:modified_time\" content=\"2025-02-11T10:31:20+00:00\" \/>\n<meta property=\"og:image\" content=\"https:\/\/www.etoro.com\/wp-content\/uploads\/2022\/10\/Dividend-Calendar_Conversion-page_Romanian-ro_Social.png\" \/>\n\t<meta property=\"og:image:width\" content=\"1200\" \/>\n\t<meta property=\"og:image:height\" content=\"630\" \/>\n\t<meta property=\"og:image:type\" content=\"image\/png\" \/>\n<meta name=\"twitter:card\" content=\"summary_large_image\" \/>\n<meta name=\"twitter:site\" content=\"@eToro\" \/>\n<script type=\"application\/ld+json\" class=\"yoast-schema-graph\">{\"@context\":\"https:\/\/schema.org\",\"@graph\":[{\"@type\":\"WebPage\",\"@id\":\"https:\/\/www.etoro.com\/ro\/investing\/dividend-calendar\/\",\"url\":\"https:\/\/www.etoro.com\/ro\/investing\/dividend-calendar\/\",\"name\":\"Calendar dividende \u2014 pl\u0103\u021bile viitoarelor dividende | eToro\",\"isPartOf\":{\"@id\":\"https:\/\/www.etoro.com\/ro\/#website\"},\"primaryImageOfPage\":{\"@id\":\"https:\/\/www.etoro.com\/ro\/investing\/dividend-calendar\/#primaryimage\"},\"image\":{\"@id\":\"https:\/\/www.etoro.com\/ro\/investing\/dividend-calendar\/#primaryimage\"},\"thumbnailUrl\":\"https:\/\/www.etoro.com\/wp-content\/uploads\/2022\/10\/Dividend-Calendar_Conversion-page_Romanian-ro_Social.png\",\"datePublished\":\"2021-07-22T20:25:47+00:00\",\"dateModified\":\"2025-02-11T10:31:20+00:00\",\"description\":\"Fii la curent cu lista companiilor care pl\u0103tesc dividende c\u0103tre ac\u021bionari. Afl\u0103 c\u00e2t pl\u0103tesc acestea pe participa\u021bie \u0219i c\u00e2nd sunt programate pl\u0103\u021bile.\",\"breadcrumb\":{\"@id\":\"https:\/\/www.etoro.com\/ro\/investing\/dividend-calendar\/#breadcrumb\"},\"inLanguage\":\"ro\",\"potentialAction\":[{\"@type\":\"ReadAction\",\"target\":[\"https:\/\/www.etoro.com\/ro\/investing\/dividend-calendar\/\"]}]},{\"@type\":\"ImageObject\",\"inLanguage\":\"ro\",\"@id\":\"https:\/\/www.etoro.com\/ro\/investing\/dividend-calendar\/#primaryimage\",\"url\":\"https:\/\/www.etoro.com\/wp-content\/uploads\/2022\/10\/Dividend-Calendar_Conversion-page_Romanian-ro_Social.png\",\"contentUrl\":\"https:\/\/www.etoro.com\/wp-content\/uploads\/2022\/10\/Dividend-Calendar_Conversion-page_Romanian-ro_Social.png\",\"width\":1200,\"height\":630},{\"@type\":\"BreadcrumbList\",\"@id\":\"https:\/\/www.etoro.com\/ro\/investing\/dividend-calendar\/#breadcrumb\",\"itemListElement\":[{\"@type\":\"ListItem\",\"position\":1,\"name\":\"ACAS\u0102\",\"item\":\"https:\/\/www.etoro.com\/ro\/\"},{\"@type\":\"ListItem\",\"position\":2,\"name\":\"Investi\u021bii\",\"item\":\"https:\/\/www.etoro.com\/ro\/investing\/\"},{\"@type\":\"ListItem\",\"position\":3,\"name\":\"Calendar dividende\"}]},{\"@type\":\"WebSite\",\"@id\":\"https:\/\/www.etoro.com\/ro\/#website\",\"url\":\"https:\/\/www.etoro.com\/ro\/\",\"name\":\"eToro\",\"description\":\"\",\"publisher\":{\"@id\":\"https:\/\/www.etoro.com\/ro\/#organization\"},\"potentialAction\":[{\"@type\":\"SearchAction\",\"target\":{\"@type\":\"EntryPoint\",\"urlTemplate\":\"https:\/\/www.etoro.com\/ro\/?s={search_term_string}\"},\"query-input\":{\"@type\":\"PropertyValueSpecification\",\"valueRequired\":true,\"valueName\":\"search_term_string\"}}],\"inLanguage\":\"ro\"},[]]}<\/script>","yoast_head_json":{"title":"Calendar dividende \u2014 pl\u0103\u021bile viitoarelor dividende | eToro","description":"Fii la curent cu lista companiilor care pl\u0103tesc dividende c\u0103tre ac\u021bionari. Afl\u0103 c\u00e2t pl\u0103tesc acestea pe participa\u021bie \u0219i c\u00e2nd sunt programate pl\u0103\u021bile.","robots":{"index":"index","follow":"follow","max-snippet":"max-snippet:-1","max-image-preview":"max-image-preview:large","max-video-preview":"max-video-preview:-1"},"canonical":"https:\/\/www.etoro.com\/ro\/wp-json\/wp\/v2\/pages\/262253","og_locale":"ro_RO","og_type":"article","og_title":"Calendar dividende \u2014 pl\u0103\u021bile viitoarelor dividende | eToro","og_description":"Fii la curent cu lista companiilor care pl\u0103tesc dividende c\u0103tre ac\u021bionari. Afl\u0103 c\u00e2t pl\u0103tesc acestea pe participa\u021bie \u0219i c\u00e2nd sunt programate pl\u0103\u021bile.","og_url":"https:\/\/www.etoro.com\/ro\/wp-json\/wp\/v2\/pages\/262253","og_site_name":"eToro","article_publisher":"https:\/\/www.facebook.com\/eToro\/","article_modified_time":"2025-02-11T10:31:20+00:00","og_image":[{"width":1200,"height":630,"url":"https:\/\/www.etoro.com\/wp-content\/uploads\/2022\/10\/Dividend-Calendar_Conversion-page_Romanian-ro_Social.png","type":"image\/png"}],"twitter_card":"summary_large_image","twitter_site":"@eToro","schema":{"@context":"https:\/\/schema.org","@graph":[{"@type":"WebPage","@id":"https:\/\/www.etoro.com\/ro\/investing\/dividend-calendar\/","url":"https:\/\/www.etoro.com\/ro\/investing\/dividend-calendar\/","name":"Calendar dividende \u2014 pl\u0103\u021bile viitoarelor dividende | eToro","isPartOf":{"@id":"https:\/\/www.etoro.com\/ro\/#website"},"primaryImageOfPage":{"@id":"https:\/\/www.etoro.com\/ro\/investing\/dividend-calendar\/#primaryimage"},"image":{"@id":"https:\/\/www.etoro.com\/ro\/investing\/dividend-calendar\/#primaryimage"},"thumbnailUrl":"https:\/\/www.etoro.com\/wp-content\/uploads\/2022\/10\/Dividend-Calendar_Conversion-page_Romanian-ro_Social.png","datePublished":"2021-07-22T20:25:47+00:00","dateModified":"2025-02-11T10:31:20+00:00","description":"Fii la curent cu lista companiilor care pl\u0103tesc dividende c\u0103tre ac\u021bionari. Afl\u0103 c\u00e2t pl\u0103tesc acestea pe participa\u021bie \u0219i c\u00e2nd sunt programate pl\u0103\u021bile.","breadcrumb":{"@id":"https:\/\/www.etoro.com\/ro\/investing\/dividend-calendar\/#breadcrumb"},"inLanguage":"ro","potentialAction":[{"@type":"ReadAction","target":["https:\/\/www.etoro.com\/ro\/investing\/dividend-calendar\/"]}]},{"@type":"ImageObject","inLanguage":"ro","@id":"https:\/\/www.etoro.com\/ro\/investing\/dividend-calendar\/#primaryimage","url":"https:\/\/www.etoro.com\/wp-content\/uploads\/2022\/10\/Dividend-Calendar_Conversion-page_Romanian-ro_Social.png","contentUrl":"https:\/\/www.etoro.com\/wp-content\/uploads\/2022\/10\/Dividend-Calendar_Conversion-page_Romanian-ro_Social.png","width":1200,"height":630},{"@type":"BreadcrumbList","@id":"https:\/\/www.etoro.com\/ro\/investing\/dividend-calendar\/#breadcrumb","itemListElement":[{"@type":"ListItem","position":1,"name":"ACAS\u0102","item":"https:\/\/www.etoro.com\/ro\/"},{"@type":"ListItem","position":2,"name":"Investi\u021bii","item":"https:\/\/www.etoro.com\/ro\/investing\/"},{"@type":"ListItem","position":3,"name":"Calendar dividende"}]},{"@type":"WebSite","@id":"https:\/\/www.etoro.com\/ro\/#website","url":"https:\/\/www.etoro.com\/ro\/","name":"eToro","description":"","publisher":{"@id":"https:\/\/www.etoro.com\/ro\/#organization"},"potentialAction":[{"@type":"SearchAction","target":{"@type":"EntryPoint","urlTemplate":"https:\/\/www.etoro.com\/ro\/?s={search_term_string}"},"query-input":{"@type":"PropertyValueSpecification","valueRequired":true,"valueName":"search_term_string"}}],"inLanguage":"ro"},[]]}},"_links":{"self":[{"href":"https:\/\/www.etoro.com\/ro\/wp-json\/wp\/v2\/pages\/262253"}],"collection":[{"href":"https:\/\/www.etoro.com\/ro\/wp-json\/wp\/v2\/pages"}],"about":[{"href":"https:\/\/www.etoro.com\/ro\/wp-json\/wp\/v2\/types\/page"}],"author":[{"embeddable":true,"href":"https:\/\/www.etoro.com\/ro\/wp-json\/wp\/v2\/users\/45"}],"replies":[{"embeddable":true,"href":"https:\/\/www.etoro.com\/ro\/wp-json\/wp\/v2\/comments?post=262253"}],"version-history":[{"count":0,"href":"https:\/\/www.etoro.com\/ro\/wp-json\/wp\/v2\/pages\/262253\/revisions"}],"up":[{"embeddable":true,"href":"https:\/\/www.etoro.com\/ro\/wp-json\/wp\/v2\/pages\/31829"}],"wp:featuredmedia":[{"embeddable":true,"href":"https:\/\/www.etoro.com\/ro\/wp-json\/wp\/v2\/media\/502151"}],"wp:attachment":[{"href":"https:\/\/www.etoro.com\/ro\/wp-json\/wp\/v2\/media?parent=262253"}],"wp:term":[{"taxonomy":"asset_type","embeddable":true,"href":"https:\/\/www.etoro.com\/ro\/wp-json\/wp\/v2\/asset_type?post=262253"}],"curies":[{"name":"wp","href":"https:\/\/api.w.org\/{rel}","templated":true}]}}