{"id":280635,"date":"2021-10-17T15:58:27","date_gmt":"2021-10-17T12:58:27","guid":{"rendered":"https:\/\/www.etoro.com\/trading\/buy-sell-and-close-position\/"},"modified":"2025-12-10T16:58:24","modified_gmt":"2025-12-10T14:58:24","slug":"buy-sell-and-close-position","status":"publish","type":"page","link":"https:\/\/www.etoro.com\/ro\/trading\/buy-sell-and-close-position\/","title":{"rendered":"Diferen\u021ba \u00eentre v\u00e2nzare \u0219i \u00eenchidere"},"content":{"rendered":"\n<p class=\"is-style-summary\">V\u00e2nzarea se refer\u0103 la tranzac\u021bionarea activului \u00eentr-o pozi\u021bie deschis\u0103 pentru a-l vinde la pre\u021bul curent. \u00cenchiderea, pe de alt\u0103 parte, \u00eenseamn\u0103 \u00eencheierea unei tranzac\u021bii deschise anterior, fie c\u0103 este vorba de cump\u0103rare sau v\u00e2nzare, pentru a realiza rezultatul acelei tranzac\u021bii.<\/p>\n\n\n\n<hr class=\"wp-block-separator wp-block-separator-color-dark-grey wp-block-separator-spaces-medium wp-block-separator-weight-1 has-alpha-channel-opacity\"\/>\n\n\n\n<p>V\u00e2nzarea unui activ \u0219i \u00eenchiderea unei tranzac\u021bii sunt <strong>dou\u0103 ac\u021biuni fundamentale \u00een procesul de tranzac\u021bionare<\/strong>. \u00cen\u021belegerea acestora este esen\u021bial\u0103 \u0219i \u00eei ajut\u0103 pe investitori s\u0103 le aplice corect \u0219i eficient, s\u0103 reduc\u0103 <a href=\"https:\/\/financialmarket.ro\/terms\/risk-profile\/\" rel=\"nofollow noopener noreferrer\" >riscul<\/a> \u0219i s\u0103-\u0219i \u00eembun\u0103t\u0103\u021beasc\u0103 rezultatele financiare. <\/p>\n\n\n\n<figure class=\"wp-block-image size-full\"><img loading=\"lazy\" decoding=\"async\" width=\"756\" height=\"400\" src=\"https:\/\/www.etoro.com\/wp-content\/uploads\/2025\/01\/Selling-and-closing-a-position_What-is-the-difference_Body-Image-1_-Closing-a-trade.png\" alt=\"\" class=\"wp-image-978643 wp-image-desktop\" srcset=\"https:\/\/www.etoro.com\/wp-content\/uploads\/2025\/01\/Selling-and-closing-a-position_What-is-the-difference_Body-Image-1_-Closing-a-trade.png 756w, https:\/\/www.etoro.com\/wp-content\/uploads\/2025\/01\/Selling-and-closing-a-position_What-is-the-difference_Body-Image-1_-Closing-a-trade-300x159.png 300w\" sizes=\"(max-width: 756px) 100vw, 756px\" \/><\/figure>\n\n\n\n<h2 class=\"wp-block-heading\">\u00cenchiderea unei tranzac\u021bii<\/h2>\n\n\n\n<p>\u00cenchiderea unei tranzac\u021bii este <strong>ac\u021biunea prin care finalizezi o pozi\u021bie activ\u0103 din portofoliu<\/strong>, fie c\u0103 este una de cump\u0103rare sau v\u00e2nzare. Acesta este pasul final al procesului de tranzac\u021bionare, prin care se stabile\u0219te rezultatul tranzac\u021biei \u2013 sub form\u0103 de profit sau pierdere. <\/p>\n\n\n\n<p>A\u0219adar, dac\u0103 ai cump\u0103rat un activ, <strong>\u00eenchiderea tranzac\u021biei ar implica v\u00e2nzarea acestuia la pre\u021bul de pia\u021b\u0103<\/strong>. Dac\u0103 valoarea curent\u0103 este mai mare dec\u00e2t pre\u021bul de achizi\u021bie, vei \u00eenchide tranzac\u021bia cu un rezultat pozitiv, \u00een caz contrar, tranzac\u021bia s-a soldat cu pierdere.<\/p>\n\n\n\n<p>De exemplu, dac\u0103 un investitor de\u021bine o ac\u021biune Tesla pe care a cump\u0103rat-o cu 390 USD \u0219i <strong>\u00eenchide tranzac\u021bia<\/strong>, iar valoarea curent\u0103 a ac\u021biunii este de 490 USD, va \u00eenregistra un randament de 100 USD. Dac\u0103 \u00een schimb, valoarea ac\u021biunii la \u00eenchidere este de 300 USD, va pierde 90 USD.<\/p>\n\n\n\n<div class=\"wp-block-etoro-tip wp-block-etoro-tip-border-yellow\"><span class=\"wp-block-etoro-tip-icon\"><\/span><div class=\"wp-block-etoro-tip-text\">\n<p><strong>Sfat:<\/strong> \u00cenchiderea unei tranzac\u021bii poate fi realizat\u0103 \u0219i automat \u2013 nu doar manual \u2013 prin setarea unor ordine precum <a href=\"https:\/\/www.etoro.com\/ro\/trading\/how-to-set-stop-loss-and-take-profit-targets\/\">stop-loss sau take profit<\/a>.<\/p>\n<\/div><\/div>\n\n\n\n<p><strong>\u00cenchiderea unei tranzac\u021bii nu se aplic\u0103 doar investi\u021biilor \u00een ac\u021biuni<\/strong>, ci tuturor tipurilor de active financiare disponibile pe platforma eToro. Aceasta este adesea asociat\u0103 cu sintagma \u201ea vinde ac\u021biuni\u201d. Totu\u0219i, pe eToro, v\u00e2nzarea unui activ are o semnifica\u021bie distinct\u0103.<\/p>\n\n\n\n<figure class=\"wp-block-image size-full\"><img loading=\"lazy\" decoding=\"async\" width=\"756\" height=\"400\" src=\"https:\/\/www.etoro.com\/wp-content\/uploads\/2025\/04\/body-image-2.png\" alt=\"\" class=\"wp-image-1040708 wp-image-desktop\" srcset=\"https:\/\/www.etoro.com\/wp-content\/uploads\/2025\/04\/body-image-2.png 756w, https:\/\/www.etoro.com\/wp-content\/uploads\/2025\/04\/body-image-2-300x159.png 300w\" sizes=\"(max-width: 756px) 100vw, 756px\" \/><\/figure>\n\n\n\n<h2 class=\"wp-block-heading\">V\u00e2nzarea unui activ (short selling)<\/h2>\n\n\n\n<p>Pe eToro, v\u00e2nzarea unui activ este asociat\u0103 cu <a href=\"https:\/\/www.etoro.com\/ro\/trading\/short-selling\/\">short selling<\/a>. Aceasta este o strategie prin care un investitor \u00eemprumut\u0103 un activ \u0219i \u00eel vinde pe pia\u021b\u0103, anticip\u00e2nd o sc\u0103dere a pre\u021bului. Ulterior, el r\u0103scump\u0103r\u0103 activul la un pre\u021b mai mic.<\/p>\n\n\n\n<p>A\u0219adar, c\u00e2nd inten\u021bionezi s\u0103 tranzac\u021bionezi un activ pe eToro, de exemplu Amazon, vei vedea <strong>op\u021biunile \u201eCump\u0103r\u0103\u201d sau \u201eShort<\/strong>\u201d \u00een fereastra care va ap\u0103rea pe platform\u0103 dup\u0103 ce ape\u0219i butonul \u201eTranzac\u021bioneaz\u0103\u201d.<\/p>\n\n\n\n<figure class=\"wp-block-image size-full\"><img loading=\"lazy\" decoding=\"async\" width=\"492\" height=\"482\" src=\"https:\/\/www.etoro.com\/wp-content\/uploads\/2025\/04\/ro-close-position-1.png\" alt=\"\" class=\"wp-image-1040730 wp-image-desktop\" srcset=\"https:\/\/www.etoro.com\/wp-content\/uploads\/2025\/04\/ro-close-position-1.png 492w, https:\/\/www.etoro.com\/wp-content\/uploads\/2025\/04\/ro-close-position-1-300x294.png 300w\" sizes=\"(max-width: 492px) 100vw, 492px\" \/><\/figure>\n\n\n\n<p>\u00cen cazul \u00een care alegi Short, adic\u0103 <strong>optezi pentru short selling<\/strong>, nu vinzi efectiv ac\u021biuni pe care le de\u021bii, ci \u00eenchei un <strong><e-tip data-tooltip=\"Un instrument financiar care \u00ee\u021bi permite s\u0103 profi\u021bi de mi\u0219c\u0103rile pre\u021burilor f\u0103r\u0103 a de\u021bine titlul de baz\u0103.\">contract pentru diferen\u021b\u0103 (CFD)<\/e-tip><\/strong> cu eToro. Investitorul va observa men\u021biunea CFD l\u00e2ng\u0103 denumirea ac\u021biunii. Aceast\u0103 op\u021biune \u00ee\u021bi permite s\u0103 tranzac\u021bionezi, f\u0103r\u0103 a de\u021bine efectiv activul.<\/p>\n\n\n\n<figure class=\"wp-block-image size-full\"><img loading=\"lazy\" decoding=\"async\" width=\"498\" height=\"477\" src=\"https:\/\/www.etoro.com\/wp-content\/uploads\/2025\/04\/ro-close-position-2.png\" alt=\"\" class=\"wp-image-1040751 wp-image-desktop\" srcset=\"https:\/\/www.etoro.com\/wp-content\/uploads\/2025\/04\/ro-close-position-2.png 498w, https:\/\/www.etoro.com\/wp-content\/uploads\/2025\/04\/ro-close-position-2-300x287.png 300w\" sizes=\"(max-width: 498px) 100vw, 498px\" \/><\/figure>\n\n\n\n<p><strong>Principiul de func\u021bionare al v\u00e2nz\u0103rilor short este speculativ<\/strong>: dac\u0103 pre\u021bul activului scade, se poate realiza o sum\u0103 propor\u021bional\u0103 cu diferen\u021ba de valoare, \u00een schimb, dac\u0103 pre\u021bul cre\u0219te, pierzi. <e-tip data-tooltip=\"Un instrument financiar care \u00ee\u021bi permite s\u0103 profi\u021bi de mi\u0219c\u0103rile pre\u021burilor f\u0103r\u0103 a de\u021bine titlul de baz\u0103.\">CFD-uri<\/e-tip>le permit tranzac\u021bionarea cu efect de levier, ceea ce poate genera randament sau pierderi semnificative, \u00een func\u021bie de investi\u021bia ini\u021bial\u0103.<\/p>\n\n\n\n<h2 class=\"wp-block-heading\">Cump\u0103r\u0103 un activ<\/h2>\n\n\n\n<p>Un investitor poate fie s\u0103 cumpere un activ (deschid\u0103 o pozi\u021bie long), fie s\u0103-l v\u00e2nd\u0103 (deschid\u0103 o pozi\u021bie short). Pe eToro, <strong>op\u021biunea \u201eCump\u0103r\u0103\u201d marcheaz\u0103 deschiderea unei pozi\u021bii long<\/strong>. De exemplu, atunci c\u00e2nd cumperi ac\u021biuni Amazon, po\u021bi folosi sintagma: \u201eDeschid o pozi\u021bie LONG pentru Amazon\u201d.<\/p>\n\n\n\n<figure class=\"wp-block-image size-full\"><img loading=\"lazy\" decoding=\"async\" width=\"756\" height=\"400\" src=\"https:\/\/www.etoro.com\/wp-content\/uploads\/2025\/04\/Selling-and-closing-a-position_What-is-the-difference_Body-Image-3_-BUY-an-asset.png\" alt=\"\" class=\"wp-image-1040772 wp-image-desktop\" srcset=\"https:\/\/www.etoro.com\/wp-content\/uploads\/2025\/04\/Selling-and-closing-a-position_What-is-the-difference_Body-Image-3_-BUY-an-asset.png 756w, https:\/\/www.etoro.com\/wp-content\/uploads\/2025\/04\/Selling-and-closing-a-position_What-is-the-difference_Body-Image-3_-BUY-an-asset-300x159.png 300w\" sizes=\"(max-width: 756px) 100vw, 756px\" \/><\/figure>\n\n\n\n<p><strong>Prin deschiderea unei pozi\u021bii \u201elong\u201d, un investitor achizi\u021bioneaz\u0103 un activ financiar<\/strong> \u00een speran\u021ba c\u0103 pre\u021bul acestuia va cre\u0219te \u00een timp. Indiferent dac\u0103 este vorba de ac\u021biuni, <a href=\"https:\/\/www.etoro.com\/ro\/trading\/a-beginners-guide-to-commodity-trading\/\">m\u0103rfuri<\/a>, ETF-uri sau alte instrumente financiare, c\u00e2nd deschizi o pozi\u021bie long, de\u021bii efectiv acel activ. <\/p>\n\n\n\n<p><strong>O pozi\u021bie long implic\u0103 o <e-tip data-tooltip=\"Nivelul de risc pe care un investitor \u00eel va accepta ca parte a planului s\u0103u de tranzac\u021bionare.\">toleran\u021b\u0103 la risc<\/e-tip>  mai sc\u0103zut\u0103 comparativ cu pozi\u021bia short (v\u00e2nzare)<\/strong>, deoarece pierderea maxim\u0103 este limitat\u0103 la suma investit\u0103. \u00cen cadrul unui portofoliu, un investitor poate combina pozi\u021biile long \u0219i short pentru a crea strategii avansate de tranzac\u021bionare \u0219i de <strong><e-tip data-tooltip=\"Strategie de limitare a riscurilor financiare prin instrumente de pia\u021b\u0103.\">hedging<\/e-tip><\/strong>.<\/p>\n\n\n\n<h2 class=\"wp-block-heading\">Concluzie<\/h2>\n\n\n\n<p><strong>V\u00e2nzarea unui activ \u0219i \u00eenchiderea unei tranzac\u021bii<\/strong> ar putea p\u0103rea similare, dar care au implica\u021bii diferite. Prin \u00eenchidere, un investitor finalizeaz\u0103 o pozi\u021bie existent\u0103 \u00een portofoliu \u00een timp ce prin short selling urm\u0103re\u0219te s\u0103 ob\u021bin\u0103 un rezultat pozitiv specul\u00e2nd sc\u0103derea pre\u021bului.<\/p>\n\n\n\n<p>Rezultatele investi\u021bionale depind, de multe ori, de <strong>momentele \u00een care un investitor alege s\u0103 v\u00e2nd\u0103 un activ sau s\u0103 \u00eenchid\u0103 o tranzac\u021bie<\/strong>. A\u0219adar, \u00een\u021belegerea acestora este esen\u021bial\u0103 \u00een gestionarea unui portofoliu, ajut\u00e2ndu-i pe investitori s\u0103 aleag\u0103 momentele potrivite pentru a le aplica \u00een favoarea lor.<\/p>\n\n\n\n<p>\u00cenregistreaz\u0103-te pe <a href=\"https:\/\/www.etoro.com\/ro\/academy\/\">Academia eToro<\/a> \u0219i \u00eenva\u021b\u0103 cum s\u0103 faci short selling.<\/p>\n\n\n\n<h2 class=\"wp-block-heading\">\u00centreb\u0103ri frecvente<\/h2>\n\n\n\n<dl class=\"wp-block-etoro-faq\">\n<div class=\"wp-block-etoro-faq-item\"><dt class=\"wp-block-etoro-faq-item-question\">Ce este \u0219i cum func\u021bioneaz\u0103 levierul \u00een tranzac\u021bii?<\/dt><dd class=\"wp-block-etoro-faq-item-answer\">\n<p>Levierul permite investitorilor s\u0103 tranzac\u021bioneze sume mai mari dec\u00e2t capitalul propriu, utiliz\u00e2nd fonduri \u00eemprumutate de la broker. Levierul este un instrument puternic, dar \u0219i riscant, necesit\u00e2nd o gestionare atent\u0103 a capitalului \u0219i a <a href=\"https:\/\/www.etoro.com\/ro\/investing\/risk-management\/\">riscului<\/a>.<\/p>\n<\/dd><\/div>\n\n\n\n<div class=\"wp-block-etoro-faq-item\"><dt class=\"wp-block-etoro-faq-item-question\">Pot \u00eenchide o tranzac\u021bie par\u021bial?<\/dt><dd class=\"wp-block-etoro-faq-item-answer\">\n<p>Platforma eToro permite \u00eenchiderea par\u021bial\u0103 a unei tranzac\u021bii. \u00cen acest fel po\u021bi vinde o parte dintr-o pozi\u021bie existent\u0103 \u00een portofoliu, p\u0103str\u00e2nd restul investi\u021biei. Este o strategie util\u0103 pentru a <a href=\"https:\/\/www.etoro.com\/ro\/news-and-analysis\/stocks\/handling-financial-loss-and-recovery-in-the-share-market\/\">limita pierderile<\/a>, f\u0103r\u0103 a \u00eenchide complet tranzac\u021bia<\/p>\n<\/dd><\/div>\n\n\n\n<div class=\"wp-block-etoro-faq-item\"><dt class=\"wp-block-etoro-faq-item-question\">Este \u00eenchiderea automat\u0103 mai sigur\u0103?<\/dt><dd class=\"wp-block-etoro-faq-item-answer\">\n<p>\u00cenchiderea automat\u0103 poate fi mai sigur\u0103, deoarece ajut\u0103 la limitarea pierderilor \u0219i la protejarea capitalului  f\u0103r\u0103 a necesita monitorizarea constant\u0103 a pie\u021bei. Setarea unui stop-loss sau take-profit reduce riscul deciziilor impulsive \u0219i asigur\u0103 executarea <a href=\"https:\/\/www.etoro.com\/ro\/investing\/investment-strategies\/\">strategiei<\/a> planificate. <\/p>\n<\/dd><\/div>\n<\/dl>\n\n\n\n\t\t<style>\n\t\t\t.rtl .etoro-block-shortcode-disclaimer {\n\t\t\t\ttext-align:right;\n\t\t\t}\n\t\t\t.etoro-block-shortcode-disclaimer {\n\t\t\t\tmargin-bottom:18px;\n\t\t\t\ttext-align:left;\n\t\t\t}\n\t\t\t.etoro-block-shortcode-disclaimer p{\n\t\t\t\tfont-size: 12px;\n\t\t\t\tline-height: 18px;\n\t\t\t}\n\t\t\t@media (min-width: 768px) {\n\t\t\t\t.etoro-block-shortcode-disclaimer {\n\t\t\t\t\tmax-width:1176px;\n\t\t\t\t\ttext-align:center;\n\t\t\t\t}\n\t\t\t\t.etoro-block-shortcode-disclaimer p {\n\t\t\t\t\tfont-size: 14px;\n\t\t\t\t\tline-height: 20px;\n\t\t\t\t}\n\t\t\t}\n\t\t<\/style>\n\t\t<div class='etoro-block-shortcode-disclaimer'><p>Informa\u021biile din acest ghid au exclusiv scop educativ \u0219i nu ar trebui considerate drept sfaturi pentru investi\u021bii sau recomand\u0103ri personale, nici oferte sau solicit\u0103ri de cump\u0103rare sau v\u00e2nzare a oric\u0103ror instrumente financiare.<\/p>\n<p>Acest material a fost preg\u0103tit f\u0103r\u0103 a lua \u00een considerare orice fel de obiective particulare de investi\u021bii sau situa\u021bii financiare \u0219i nu a fost creat \u00een conformitate cu cerin\u021bele legale \u0219i de reglementare a promov\u0103rii cercet\u0103rii independente.<\/p>\n<p><strong>Nu toate instrumentele \u0219i serviciile financiare men\u021bionate sunt oferite de eToro<\/strong> \u0219i orice referiri la performan\u021ba anterioar\u0103 a unui instrument financiar, index sau pachet de investi\u021bii, nu sunt \u0219i nu ar trebui considerare un indicator fiabil al rezultatelor viitoare. <strong>Disponibilitatea tuturor produselor \u0219i serviciilor men\u021bionate mai sus poate varia \u00een func\u021bie de jurisdic\u021bie \u0219i \u021bar\u0103.<\/strong><\/p>\n<p>eToro nu face nicio declara\u021bie \u0219i nu \u00ee\u0219i asum\u0103 nicio responsabilitate cu privire la acurate\u021bea sau caracterul complet al con\u021binutului acestui ghid. Asigur\u0103-te c\u0103 \u00een\u021belegi riscurile implicate \u00een tranzac\u021bionare \u00eenainte de a implica capital. Nu risca niciodat\u0103 mai mult dec\u00e2t e\u0219ti preg\u0103tit s\u0103 pierzi.<\/p>\n<\/div>\n","protected":false},"excerpt":{"rendered":"<p>V\u00e2nzarea se refer\u0103 la tranzac\u021bionarea activului \u00eentr-o pozi\u021bie deschis\u0103 pentru a-l vinde la pre\u021bul curent. \u00cenchiderea, pe de alt\u0103 parte, \u00eenseamn\u0103 \u00eencheierea unei tranzac\u021bii deschise anterior, fie c\u0103 este vorba de cump\u0103rare sau v\u00e2nzare, pentru a realiza rezultatul acelei tranzac\u021bii. V\u00e2nzarea unui activ \u0219i \u00eenchiderea unei tranzac\u021bii sunt dou\u0103 ac\u021biuni fundamentale \u00een procesul de tranzac\u021bionare.&hellip;<\/p>\n","protected":false},"author":95,"featured_media":1190480,"parent":31826,"menu_order":0,"comment_status":"closed","ping_status":"closed","template":"","meta":{"_acf_changed":true,"inline_featured_image":false,"sticky_cta_settings":"","footnotes":""},"asset_type":[],"class_list":["post-280635","page","type-page","status-publish","has-post-thumbnail","hentry"],"acf":[],"yoast_head":"<title>V\u00e2nzare (short selling) vs \u00eenchiderea tranzac\u021biei | eToro<\/title>\n<meta name=\"description\" content=\"\u00cen trading, v\u00e2nzarea \u0219i \u00eenchiderea tranzac\u021biei par similare, dar au semnifica\u021bii distincte. \u00cen\u021belegerea lor contribuie la gestionarea eficient\u0103 a investi\u021biilor.\" \/>\n<meta name=\"robots\" content=\"index, follow, max-snippet:-1, max-image-preview:large, max-video-preview:-1\" \/>\n<link rel=\"canonical\" href=\"https:\/\/www.etoro.com\/ro\/wp-json\/wp\/v2\/pages\/280635\" \/>\n<meta property=\"og:locale\" content=\"ro_RO\" \/>\n<meta property=\"og:type\" content=\"article\" \/>\n<meta property=\"og:title\" content=\"V\u00e2nzare (short selling) vs \u00eenchiderea tranzac\u021biei | eToro\" \/>\n<meta property=\"og:description\" content=\"\u00cen trading, v\u00e2nzarea \u0219i \u00eenchiderea tranzac\u021biei par similare, dar au semnifica\u021bii distincte. \u00cen\u021belegerea lor contribuie la gestionarea eficient\u0103 a investi\u021biilor.\" \/>\n<meta property=\"og:url\" content=\"https:\/\/www.etoro.com\/ro\/wp-json\/wp\/v2\/pages\/280635\" \/>\n<meta property=\"og:site_name\" content=\"eToro\" \/>\n<meta property=\"article:publisher\" content=\"https:\/\/www.facebook.com\/eToro\/\" \/>\n<meta property=\"article:modified_time\" content=\"2025-12-10T14:58:24+00:00\" \/>\n<meta property=\"og:image\" content=\"https:\/\/www.etoro.com\/wp-content\/uploads\/2025\/12\/RO-Selling-and-closing-a-position-What-is-the-difference_1200x630.png\" \/>\n\t<meta property=\"og:image:width\" content=\"1200\" \/>\n\t<meta property=\"og:image:height\" content=\"630\" \/>\n\t<meta property=\"og:image:type\" content=\"image\/png\" \/>\n<meta name=\"twitter:card\" content=\"summary_large_image\" \/>\n<meta name=\"twitter:site\" content=\"@eToro\" \/>\n<meta name=\"twitter:label1\" content=\"Est. reading time\" \/>\n\t<meta name=\"twitter:data1\" content=\"3 minutes\" \/>\n<script type=\"application\/ld+json\" class=\"yoast-schema-graph\">{\"@context\":\"https:\/\/schema.org\",\"@graph\":[{\"@type\":\"WebPage\",\"@id\":\"https:\/\/www.etoro.com\/ro\/trading\/buy-sell-and-close-position\/\",\"url\":\"https:\/\/www.etoro.com\/ro\/trading\/buy-sell-and-close-position\/\",\"name\":\"V\u00e2nzare (short selling) vs \u00eenchiderea tranzac\u021biei | eToro\",\"isPartOf\":{\"@id\":\"https:\/\/www.etoro.com\/ro\/#website\"},\"primaryImageOfPage\":{\"@id\":\"https:\/\/www.etoro.com\/ro\/trading\/buy-sell-and-close-position\/#primaryimage\"},\"image\":{\"@id\":\"https:\/\/www.etoro.com\/ro\/trading\/buy-sell-and-close-position\/#primaryimage\"},\"thumbnailUrl\":\"https:\/\/www.etoro.com\/wp-content\/uploads\/2025\/12\/RO-Selling-and-closing-a-position-What-is-the-difference_1200x630.png\",\"datePublished\":\"2021-10-17T12:58:27+00:00\",\"dateModified\":\"2025-12-10T14:58:24+00:00\",\"description\":\"\u00cen trading, v\u00e2nzarea \u0219i \u00eenchiderea tranzac\u021biei par similare, dar au semnifica\u021bii distincte. \u00cen\u021belegerea lor contribuie la gestionarea eficient\u0103 a investi\u021biilor.\",\"breadcrumb\":{\"@id\":\"https:\/\/www.etoro.com\/ro\/trading\/buy-sell-and-close-position\/#breadcrumb\"},\"inLanguage\":\"ro\",\"potentialAction\":[{\"@type\":\"ReadAction\",\"target\":[\"https:\/\/www.etoro.com\/ro\/trading\/buy-sell-and-close-position\/\"]}]},{\"@type\":\"ImageObject\",\"inLanguage\":\"ro\",\"@id\":\"https:\/\/www.etoro.com\/ro\/trading\/buy-sell-and-close-position\/#primaryimage\",\"url\":\"https:\/\/www.etoro.com\/wp-content\/uploads\/2025\/12\/RO-Selling-and-closing-a-position-What-is-the-difference_1200x630.png\",\"contentUrl\":\"https:\/\/www.etoro.com\/wp-content\/uploads\/2025\/12\/RO-Selling-and-closing-a-position-What-is-the-difference_1200x630.png\",\"width\":1200,\"height\":630},{\"@type\":\"BreadcrumbList\",\"@id\":\"https:\/\/www.etoro.com\/ro\/trading\/buy-sell-and-close-position\/#breadcrumb\",\"itemListElement\":[{\"@type\":\"ListItem\",\"position\":1,\"name\":\"ACAS\u0102\",\"item\":\"https:\/\/www.etoro.com\/ro\/\"},{\"@type\":\"ListItem\",\"position\":2,\"name\":\"TRANZAC\u021aIONARE\",\"item\":\"https:\/\/www.etoro.com\/ro\/trading\/\"},{\"@type\":\"ListItem\",\"position\":3,\"name\":\"Diferen\u021ba \u00eentre v\u00e2nzare \u0219i \u00eenchidere\"}]},{\"@type\":\"WebSite\",\"@id\":\"https:\/\/www.etoro.com\/ro\/#website\",\"url\":\"https:\/\/www.etoro.com\/ro\/\",\"name\":\"eToro\",\"description\":\"\",\"publisher\":{\"@id\":\"https:\/\/www.etoro.com\/ro\/#organization\"},\"potentialAction\":[{\"@type\":\"SearchAction\",\"target\":{\"@type\":\"EntryPoint\",\"urlTemplate\":\"https:\/\/www.etoro.com\/ro\/?s={search_term_string}\"},\"query-input\":{\"@type\":\"PropertyValueSpecification\",\"valueRequired\":true,\"valueName\":\"search_term_string\"}}],\"inLanguage\":\"ro\"},[]]}<\/script>","yoast_head_json":{"title":"V\u00e2nzare (short selling) vs \u00eenchiderea tranzac\u021biei | eToro","description":"\u00cen trading, v\u00e2nzarea \u0219i \u00eenchiderea tranzac\u021biei par similare, dar au semnifica\u021bii distincte. \u00cen\u021belegerea lor contribuie la gestionarea eficient\u0103 a investi\u021biilor.","robots":{"index":"index","follow":"follow","max-snippet":"max-snippet:-1","max-image-preview":"max-image-preview:large","max-video-preview":"max-video-preview:-1"},"canonical":"https:\/\/www.etoro.com\/ro\/wp-json\/wp\/v2\/pages\/280635","og_locale":"ro_RO","og_type":"article","og_title":"V\u00e2nzare (short selling) vs \u00eenchiderea tranzac\u021biei | eToro","og_description":"\u00cen trading, v\u00e2nzarea \u0219i \u00eenchiderea tranzac\u021biei par similare, dar au semnifica\u021bii distincte. \u00cen\u021belegerea lor contribuie la gestionarea eficient\u0103 a investi\u021biilor.","og_url":"https:\/\/www.etoro.com\/ro\/wp-json\/wp\/v2\/pages\/280635","og_site_name":"eToro","article_publisher":"https:\/\/www.facebook.com\/eToro\/","article_modified_time":"2025-12-10T14:58:24+00:00","og_image":[{"width":1200,"height":630,"url":"https:\/\/www.etoro.com\/wp-content\/uploads\/2025\/12\/RO-Selling-and-closing-a-position-What-is-the-difference_1200x630.png","type":"image\/png"}],"twitter_card":"summary_large_image","twitter_site":"@eToro","twitter_misc":{"Est. reading time":"3 minutes"},"schema":{"@context":"https:\/\/schema.org","@graph":[{"@type":"WebPage","@id":"https:\/\/www.etoro.com\/ro\/trading\/buy-sell-and-close-position\/","url":"https:\/\/www.etoro.com\/ro\/trading\/buy-sell-and-close-position\/","name":"V\u00e2nzare (short selling) vs \u00eenchiderea tranzac\u021biei | eToro","isPartOf":{"@id":"https:\/\/www.etoro.com\/ro\/#website"},"primaryImageOfPage":{"@id":"https:\/\/www.etoro.com\/ro\/trading\/buy-sell-and-close-position\/#primaryimage"},"image":{"@id":"https:\/\/www.etoro.com\/ro\/trading\/buy-sell-and-close-position\/#primaryimage"},"thumbnailUrl":"https:\/\/www.etoro.com\/wp-content\/uploads\/2025\/12\/RO-Selling-and-closing-a-position-What-is-the-difference_1200x630.png","datePublished":"2021-10-17T12:58:27+00:00","dateModified":"2025-12-10T14:58:24+00:00","description":"\u00cen trading, v\u00e2nzarea \u0219i \u00eenchiderea tranzac\u021biei par similare, dar au semnifica\u021bii distincte. \u00cen\u021belegerea lor contribuie la gestionarea eficient\u0103 a investi\u021biilor.","breadcrumb":{"@id":"https:\/\/www.etoro.com\/ro\/trading\/buy-sell-and-close-position\/#breadcrumb"},"inLanguage":"ro","potentialAction":[{"@type":"ReadAction","target":["https:\/\/www.etoro.com\/ro\/trading\/buy-sell-and-close-position\/"]}]},{"@type":"ImageObject","inLanguage":"ro","@id":"https:\/\/www.etoro.com\/ro\/trading\/buy-sell-and-close-position\/#primaryimage","url":"https:\/\/www.etoro.com\/wp-content\/uploads\/2025\/12\/RO-Selling-and-closing-a-position-What-is-the-difference_1200x630.png","contentUrl":"https:\/\/www.etoro.com\/wp-content\/uploads\/2025\/12\/RO-Selling-and-closing-a-position-What-is-the-difference_1200x630.png","width":1200,"height":630},{"@type":"BreadcrumbList","@id":"https:\/\/www.etoro.com\/ro\/trading\/buy-sell-and-close-position\/#breadcrumb","itemListElement":[{"@type":"ListItem","position":1,"name":"ACAS\u0102","item":"https:\/\/www.etoro.com\/ro\/"},{"@type":"ListItem","position":2,"name":"TRANZAC\u021aIONARE","item":"https:\/\/www.etoro.com\/ro\/trading\/"},{"@type":"ListItem","position":3,"name":"Diferen\u021ba \u00eentre v\u00e2nzare \u0219i \u00eenchidere"}]},{"@type":"WebSite","@id":"https:\/\/www.etoro.com\/ro\/#website","url":"https:\/\/www.etoro.com\/ro\/","name":"eToro","description":"","publisher":{"@id":"https:\/\/www.etoro.com\/ro\/#organization"},"potentialAction":[{"@type":"SearchAction","target":{"@type":"EntryPoint","urlTemplate":"https:\/\/www.etoro.com\/ro\/?s={search_term_string}"},"query-input":{"@type":"PropertyValueSpecification","valueRequired":true,"valueName":"search_term_string"}}],"inLanguage":"ro"},[]]}},"_links":{"self":[{"href":"https:\/\/www.etoro.com\/ro\/wp-json\/wp\/v2\/pages\/280635"}],"collection":[{"href":"https:\/\/www.etoro.com\/ro\/wp-json\/wp\/v2\/pages"}],"about":[{"href":"https:\/\/www.etoro.com\/ro\/wp-json\/wp\/v2\/types\/page"}],"author":[{"embeddable":true,"href":"https:\/\/www.etoro.com\/ro\/wp-json\/wp\/v2\/users\/95"}],"replies":[{"embeddable":true,"href":"https:\/\/www.etoro.com\/ro\/wp-json\/wp\/v2\/comments?post=280635"}],"version-history":[{"count":0,"href":"https:\/\/www.etoro.com\/ro\/wp-json\/wp\/v2\/pages\/280635\/revisions"}],"up":[{"embeddable":true,"href":"https:\/\/www.etoro.com\/ro\/wp-json\/wp\/v2\/pages\/31826"}],"wp:featuredmedia":[{"embeddable":true,"href":"https:\/\/www.etoro.com\/ro\/wp-json\/wp\/v2\/media\/1190480"}],"wp:attachment":[{"href":"https:\/\/www.etoro.com\/ro\/wp-json\/wp\/v2\/media?parent=280635"}],"wp:term":[{"taxonomy":"asset_type","embeddable":true,"href":"https:\/\/www.etoro.com\/ro\/wp-json\/wp\/v2\/asset_type?post=280635"}],"curies":[{"name":"wp","href":"https:\/\/api.w.org\/{rel}","templated":true}]}}