{"id":30096,"date":"2017-08-30T15:15:26","date_gmt":"2017-08-30T12:15:26","guid":{"rendered":"http:\/\/www.etoro.com\/customer-service\/"},"modified":"2018-11-26T16:26:07","modified_gmt":"2018-11-26T14:26:07","slug":"customer-service","status":"publish","type":"page","link":"https:\/\/www.etoro.com\/ro\/customer-service\/","title":{"rendered":"Asisten\u021b\u0103 Clien\u021bi"},"content":{"rendered":"<h1>Centrul de asisten\u021b\u0103 pentru clien\u021bi<\/h1>\n<p>Bine ai venit la Centrul de asisten\u021b\u0103 pentru clien\u021bi, punctul central unde po\u021bi s\u0103-\u021bi urm\u0103re\u0219ti solicit\u0103rile, s\u0103 g\u0103se\u0219ti \u00eenregistr\u0103ri ale problemelor rezolvate, s\u0103 cau\u021bi r\u0103spunsuri \u00een baza de cuno\u0219tin\u021be \u0219i s\u0103 trimi\u021bi \u00eentreb\u0103ri \u0219i feedback direct echipei noastre<\/p>\n","protected":false},"excerpt":{"rendered":"<p>Centrul de asisten\u021b\u0103 pentru clien\u021bi Bine ai venit la Centrul de asisten\u021b\u0103 pentru clien\u021bi, punctul central unde po\u021bi s\u0103-\u021bi urm\u0103re\u0219ti solicit\u0103rile, s\u0103 g\u0103se\u0219ti \u00eenregistr\u0103ri ale problemelor rezolvate, s\u0103 cau\u021bi r\u0103spunsuri \u00een baza de cuno\u0219tin\u021be \u0219i s\u0103 trimi\u021bi \u00eentreb\u0103ri \u0219i feedback direct echipei noastre<\/p>\n","protected":false},"author":1,"featured_media":0,"parent":0,"menu_order":1761,"comment_status":"closed","ping_status":"closed","template":"template-support.php","meta":{"_acf_changed":false,"inline_featured_image":false,"sticky_cta_settings":"","footnotes":""},"asset_type":[],"class_list":["post-30096","page","type-page","status-publish","hentry"],"acf":[],"yoast_head":"<title>Asisten\u021b\u0103 Clien\u021bi | eToro<\/title>\n<meta name=\"description\" content=\"Ai o \u00eentrebare sau ai nevoie de asisten\u021b\u0103 cu platforma eToro? Pe aceast\u0103 pagin\u0103 vei g\u0103si modalit\u0103\u021bi de a contacta Serviciul de asisten\u021b\u0103 pentru clien\u021bi, care te va ajuta cu pl\u0103cere.\" \/>\n<meta name=\"robots\" content=\"index, follow, max-snippet:-1, max-image-preview:large, max-video-preview:-1\" \/>\n<link rel=\"canonical\" href=\"https:\/\/www.etoro.com\/ro\/wp-json\/wp\/v2\/pages\/30096\" \/>\n<meta property=\"og:locale\" content=\"ro_RO\" \/>\n<meta property=\"og:type\" content=\"article\" \/>\n<meta property=\"og:title\" content=\"Asisten\u021b\u0103 Clien\u021bi | eToro\" \/>\n<meta property=\"og:description\" content=\"Ai o \u00eentrebare sau ai nevoie de asisten\u021b\u0103 cu platforma eToro? Pe aceast\u0103 pagin\u0103 vei g\u0103si modalit\u0103\u021bi de a contacta Serviciul de asisten\u021b\u0103 pentru clien\u021bi, care te va ajuta cu pl\u0103cere.\" \/>\n<meta property=\"og:url\" content=\"https:\/\/www.etoro.com\/ro\/wp-json\/wp\/v2\/pages\/30096\" \/>\n<meta property=\"og:site_name\" content=\"eToro\" \/>\n<meta property=\"article:publisher\" content=\"https:\/\/www.facebook.com\/eToro\/\" \/>\n<meta property=\"article:modified_time\" content=\"2018-11-26T14:26:07+00:00\" \/>\n<meta property=\"og:image\" content=\"https:\/\/www.etoro.com\/wp-content\/uploads\/2019\/12\/etoro_logo_social_share1.png\" \/>\n\t<meta property=\"og:image:width\" content=\"240\" \/>\n\t<meta property=\"og:image:height\" content=\"240\" \/>\n\t<meta property=\"og:image:type\" content=\"image\/png\" \/>\n<meta name=\"twitter:card\" content=\"summary_large_image\" \/>\n<meta name=\"twitter:site\" content=\"@eToro\" \/>\n<script type=\"application\/ld+json\" class=\"yoast-schema-graph\">{\"@context\":\"https:\/\/schema.org\",\"@graph\":[{\"@type\":\"WebPage\",\"@id\":\"https:\/\/www.etoro.com\/ro\/customer-service\/\",\"url\":\"https:\/\/www.etoro.com\/ro\/customer-service\/\",\"name\":\"Asisten\u021b\u0103 Clien\u021bi | eToro\",\"isPartOf\":{\"@id\":\"https:\/\/www.etoro.com\/ro\/#website\"},\"datePublished\":\"2017-08-30T12:15:26+00:00\",\"dateModified\":\"2018-11-26T14:26:07+00:00\",\"description\":\"Ai o \u00eentrebare sau ai nevoie de asisten\u021b\u0103 cu platforma eToro? Pe aceast\u0103 pagin\u0103 vei g\u0103si modalit\u0103\u021bi de a contacta Serviciul de asisten\u021b\u0103 pentru clien\u021bi, care te va ajuta cu pl\u0103cere.\",\"breadcrumb\":{\"@id\":\"https:\/\/www.etoro.com\/ro\/customer-service\/#breadcrumb\"},\"inLanguage\":\"ro\",\"potentialAction\":[{\"@type\":\"ReadAction\",\"target\":[\"https:\/\/www.etoro.com\/ro\/customer-service\/\"]}]},{\"@type\":\"BreadcrumbList\",\"@id\":\"https:\/\/www.etoro.com\/ro\/customer-service\/#breadcrumb\",\"itemListElement\":[{\"@type\":\"ListItem\",\"position\":1,\"name\":\"ACAS\u0102\",\"item\":\"https:\/\/www.etoro.com\/ro\/\"},{\"@type\":\"ListItem\",\"position\":2,\"name\":\"ASISTEN\u021a\u0102 CLIEN\u021aI\"}]},{\"@type\":\"WebSite\",\"@id\":\"https:\/\/www.etoro.com\/ro\/#website\",\"url\":\"https:\/\/www.etoro.com\/ro\/\",\"name\":\"eToro\",\"description\":\"\",\"publisher\":{\"@id\":\"https:\/\/www.etoro.com\/ro\/#organization\"},\"potentialAction\":[{\"@type\":\"SearchAction\",\"target\":{\"@type\":\"EntryPoint\",\"urlTemplate\":\"https:\/\/www.etoro.com\/ro\/?s={search_term_string}\"},\"query-input\":{\"@type\":\"PropertyValueSpecification\",\"valueRequired\":true,\"valueName\":\"search_term_string\"}}],\"inLanguage\":\"ro\"},[]]}<\/script>","yoast_head_json":{"title":"Asisten\u021b\u0103 Clien\u021bi | eToro","description":"Ai o \u00eentrebare sau ai nevoie de asisten\u021b\u0103 cu platforma eToro? Pe aceast\u0103 pagin\u0103 vei g\u0103si modalit\u0103\u021bi de a contacta Serviciul de asisten\u021b\u0103 pentru clien\u021bi, care te va ajuta cu pl\u0103cere.","robots":{"index":"index","follow":"follow","max-snippet":"max-snippet:-1","max-image-preview":"max-image-preview:large","max-video-preview":"max-video-preview:-1"},"canonical":"https:\/\/www.etoro.com\/ro\/wp-json\/wp\/v2\/pages\/30096","og_locale":"ro_RO","og_type":"article","og_title":"Asisten\u021b\u0103 Clien\u021bi | eToro","og_description":"Ai o \u00eentrebare sau ai nevoie de asisten\u021b\u0103 cu platforma eToro? Pe aceast\u0103 pagin\u0103 vei g\u0103si modalit\u0103\u021bi de a contacta Serviciul de asisten\u021b\u0103 pentru clien\u021bi, care te va ajuta cu pl\u0103cere.","og_url":"https:\/\/www.etoro.com\/ro\/wp-json\/wp\/v2\/pages\/30096","og_site_name":"eToro","article_publisher":"https:\/\/www.facebook.com\/eToro\/","article_modified_time":"2018-11-26T14:26:07+00:00","og_image":[{"width":240,"height":240,"url":"https:\/\/www.etoro.com\/wp-content\/uploads\/2019\/12\/etoro_logo_social_share1.png","type":"image\/png"}],"twitter_card":"summary_large_image","twitter_site":"@eToro","schema":{"@context":"https:\/\/schema.org","@graph":[{"@type":"WebPage","@id":"https:\/\/www.etoro.com\/ro\/customer-service\/","url":"https:\/\/www.etoro.com\/ro\/customer-service\/","name":"Asisten\u021b\u0103 Clien\u021bi | eToro","isPartOf":{"@id":"https:\/\/www.etoro.com\/ro\/#website"},"datePublished":"2017-08-30T12:15:26+00:00","dateModified":"2018-11-26T14:26:07+00:00","description":"Ai o \u00eentrebare sau ai nevoie de asisten\u021b\u0103 cu platforma eToro? Pe aceast\u0103 pagin\u0103 vei g\u0103si modalit\u0103\u021bi de a contacta Serviciul de asisten\u021b\u0103 pentru clien\u021bi, care te va ajuta cu pl\u0103cere.","breadcrumb":{"@id":"https:\/\/www.etoro.com\/ro\/customer-service\/#breadcrumb"},"inLanguage":"ro","potentialAction":[{"@type":"ReadAction","target":["https:\/\/www.etoro.com\/ro\/customer-service\/"]}]},{"@type":"BreadcrumbList","@id":"https:\/\/www.etoro.com\/ro\/customer-service\/#breadcrumb","itemListElement":[{"@type":"ListItem","position":1,"name":"ACAS\u0102","item":"https:\/\/www.etoro.com\/ro\/"},{"@type":"ListItem","position":2,"name":"ASISTEN\u021a\u0102 CLIEN\u021aI"}]},{"@type":"WebSite","@id":"https:\/\/www.etoro.com\/ro\/#website","url":"https:\/\/www.etoro.com\/ro\/","name":"eToro","description":"","publisher":{"@id":"https:\/\/www.etoro.com\/ro\/#organization"},"potentialAction":[{"@type":"SearchAction","target":{"@type":"EntryPoint","urlTemplate":"https:\/\/www.etoro.com\/ro\/?s={search_term_string}"},"query-input":{"@type":"PropertyValueSpecification","valueRequired":true,"valueName":"search_term_string"}}],"inLanguage":"ro"},[]]}},"_links":{"self":[{"href":"https:\/\/www.etoro.com\/ro\/wp-json\/wp\/v2\/pages\/30096"}],"collection":[{"href":"https:\/\/www.etoro.com\/ro\/wp-json\/wp\/v2\/pages"}],"about":[{"href":"https:\/\/www.etoro.com\/ro\/wp-json\/wp\/v2\/types\/page"}],"author":[{"embeddable":true,"href":"https:\/\/www.etoro.com\/ro\/wp-json\/wp\/v2\/users\/1"}],"replies":[{"embeddable":true,"href":"https:\/\/www.etoro.com\/ro\/wp-json\/wp\/v2\/comments?post=30096"}],"version-history":[{"count":0,"href":"https:\/\/www.etoro.com\/ro\/wp-json\/wp\/v2\/pages\/30096\/revisions"}],"wp:attachment":[{"href":"https:\/\/www.etoro.com\/ro\/wp-json\/wp\/v2\/media?parent=30096"}],"wp:term":[{"taxonomy":"asset_type","embeddable":true,"href":"https:\/\/www.etoro.com\/ro\/wp-json\/wp\/v2\/asset_type?post=30096"}],"curies":[{"name":"wp","href":"https:\/\/api.w.org\/{rel}","templated":true}]}}