{"id":30441,"date":"2017-09-11T09:47:51","date_gmt":"2017-09-11T06:47:51","guid":{"rendered":"http:\/\/www.etoro.com\/economic-calendar\/"},"modified":"2024-01-10T15:52:24","modified_gmt":"2024-01-10T13:52:24","slug":"economic-calendar","status":"publish","type":"page","link":"https:\/\/www.etoro.com\/ro\/trading\/economic-calendar\/","title":{"rendered":"Calendarul economic eToro"},"content":{"rendered":"<p>Multe active devin volatile cu ocazia sau \u00een timpul anumitor evenimente financiare. De exemplu, raportul de salarizare non-agricol\u0103 are deseori impact asupra dolarului SUA. Pentru a profita de oportunit\u0103\u021bile relevante atunci c\u00e2nd pia\u021ba este \u00een mi\u0219care, este important s\u0103 fii la curent cu evenimentele recente \u0219i viitoare de pe pie\u021bele globale. Calendarul Economic pus la dispozi\u021bie de eToro include toate evenimentele \u0219i detaliile relevante cu privire la valutele pe care le afecteaz\u0103 \u0219i nivelul lor de importan\u021b\u0103.<\/p>\n<h2>Cum se folose\u0219te calendarul economic:<\/h2>\n<ol>\n<li>Alege fusul orar \u0219i datele relevante pentru tranzac\u021biile tale (implicit: fusul t\u0103u orar curent \u0219i s\u0103pt\u0103m\u00e2na \u00een curs)<\/li>\n<li>Studiaz\u0103 ce eveniment are impact asupra activelor pe care le tranzac\u021bionezi<\/li>\n<li>Analizeaz\u0103 impactul fiec\u0103rui eveniment<\/li>\n<li>Planific\u0103-\u021bi strategia corespunz\u0103toare<\/li>\n<\/ol>\n<p style=\"text-align: left;\"><iframe loading=\"lazy\" src=\"https:\/\/sslecal2.forexprostools.com?columns=exc_flags,exc_currency,exc_importance,exc_actual,exc_forecast,exc_previous&amp;category=_employment,_economicActivity,_inflation,_credit,_centralBanks,_confidenceIndex,_balance,_Bonds&amp;importance=1,2,3&amp;features=datepicker,timezone&amp;countries=25,32,6,37,72,22,17,39,14,48,10,35,7,43,60,36,110,11,26,12,4,5&amp;calType=week&amp;\" width=\"100%\" height=\"950px\"><\/iframe><\/p>\n","protected":false},"excerpt":{"rendered":"<p>Multe active devin volatile cu ocazia sau \u00een timpul anumitor evenimente financiare. De exemplu, raportul de salarizare non-agricol\u0103 are deseori impact asupra dolarului SUA. Pentru a profita de oportunit\u0103\u021bile relevante atunci c\u00e2nd pia\u021ba este \u00een mi\u0219care, este important s\u0103 fii la curent cu evenimentele recente \u0219i viitoare de pe pie\u021bele globale. Calendarul Economic pus la&hellip;<\/p>\n","protected":false},"author":45,"featured_media":0,"parent":31826,"menu_order":1696,"comment_status":"closed","ping_status":"closed","template":"","meta":{"_acf_changed":false,"inline_featured_image":false,"sticky_cta_settings":"","footnotes":""},"asset_type":[],"class_list":["post-30441","page","type-page","status-publish","hentry"],"acf":[],"yoast_head":"<title>Calendarul economic eToro - eToro<\/title>\n<meta name=\"description\" content=\"Toate evenimentele financiare relevante, actualizate \u00een timp real \u0219i detalii despre valuta afectat\u0103.\" \/>\n<meta name=\"robots\" content=\"index, follow, max-snippet:-1, max-image-preview:large, max-video-preview:-1\" \/>\n<link rel=\"canonical\" href=\"https:\/\/www.etoro.com\/ro\/wp-json\/wp\/v2\/pages\/30441\" \/>\n<meta property=\"og:locale\" content=\"ro_RO\" \/>\n<meta property=\"og:type\" content=\"article\" \/>\n<meta property=\"og:title\" content=\"Calendarul economic eToro - eToro\" \/>\n<meta property=\"og:description\" content=\"Toate evenimentele financiare relevante, actualizate \u00een timp real \u0219i detalii despre valuta afectat\u0103.\" \/>\n<meta property=\"og:url\" content=\"https:\/\/www.etoro.com\/ro\/wp-json\/wp\/v2\/pages\/30441\" \/>\n<meta property=\"og:site_name\" content=\"eToro\" \/>\n<meta property=\"article:publisher\" content=\"https:\/\/www.facebook.com\/eToro\/\" \/>\n<meta property=\"article:modified_time\" content=\"2024-01-10T13:52:24+00:00\" \/>\n<meta property=\"og:image\" content=\"https:\/\/www.etoro.com\/wp-content\/uploads\/2019\/12\/etoro_logo_social_share1.png\" \/>\n\t<meta property=\"og:image:width\" content=\"240\" \/>\n\t<meta property=\"og:image:height\" content=\"240\" \/>\n\t<meta property=\"og:image:type\" content=\"image\/png\" \/>\n<meta name=\"twitter:card\" content=\"summary_large_image\" \/>\n<meta name=\"twitter:site\" content=\"@eToro\" \/>\n<meta name=\"twitter:label1\" content=\"Est. reading time\" \/>\n\t<meta name=\"twitter:data1\" content=\"1 minute\" \/>\n<script type=\"application\/ld+json\" class=\"yoast-schema-graph\">{\"@context\":\"https:\/\/schema.org\",\"@graph\":[{\"@type\":\"WebPage\",\"@id\":\"https:\/\/www.etoro.com\/ro\/trading\/economic-calendar\/\",\"url\":\"https:\/\/www.etoro.com\/ro\/trading\/economic-calendar\/\",\"name\":\"Calendarul economic eToro - eToro\",\"isPartOf\":{\"@id\":\"https:\/\/www.etoro.com\/ro\/#website\"},\"datePublished\":\"2017-09-11T06:47:51+00:00\",\"dateModified\":\"2024-01-10T13:52:24+00:00\",\"description\":\"Toate evenimentele financiare relevante, actualizate \u00een timp real \u0219i detalii despre valuta afectat\u0103.\",\"breadcrumb\":{\"@id\":\"https:\/\/www.etoro.com\/ro\/trading\/economic-calendar\/#breadcrumb\"},\"inLanguage\":\"ro\",\"potentialAction\":[{\"@type\":\"ReadAction\",\"target\":[\"https:\/\/www.etoro.com\/ro\/trading\/economic-calendar\/\"]}]},{\"@type\":\"BreadcrumbList\",\"@id\":\"https:\/\/www.etoro.com\/ro\/trading\/economic-calendar\/#breadcrumb\",\"itemListElement\":[{\"@type\":\"ListItem\",\"position\":1,\"name\":\"ACAS\u0102\",\"item\":\"https:\/\/www.etoro.com\/ro\/\"},{\"@type\":\"ListItem\",\"position\":2,\"name\":\"TRANZAC\u021aIONARE\",\"item\":\"https:\/\/www.etoro.com\/ro\/trading\/\"},{\"@type\":\"ListItem\",\"position\":3,\"name\":\"CALENDAR ECONOMIC\"}]},{\"@type\":\"WebSite\",\"@id\":\"https:\/\/www.etoro.com\/ro\/#website\",\"url\":\"https:\/\/www.etoro.com\/ro\/\",\"name\":\"eToro\",\"description\":\"\",\"publisher\":{\"@id\":\"https:\/\/www.etoro.com\/ro\/#organization\"},\"potentialAction\":[{\"@type\":\"SearchAction\",\"target\":{\"@type\":\"EntryPoint\",\"urlTemplate\":\"https:\/\/www.etoro.com\/ro\/?s={search_term_string}\"},\"query-input\":{\"@type\":\"PropertyValueSpecification\",\"valueRequired\":true,\"valueName\":\"search_term_string\"}}],\"inLanguage\":\"ro\"},[]]}<\/script>","yoast_head_json":{"title":"Calendarul economic eToro - eToro","description":"Toate evenimentele financiare relevante, actualizate \u00een timp real \u0219i detalii despre valuta afectat\u0103.","robots":{"index":"index","follow":"follow","max-snippet":"max-snippet:-1","max-image-preview":"max-image-preview:large","max-video-preview":"max-video-preview:-1"},"canonical":"https:\/\/www.etoro.com\/ro\/wp-json\/wp\/v2\/pages\/30441","og_locale":"ro_RO","og_type":"article","og_title":"Calendarul economic eToro - eToro","og_description":"Toate evenimentele financiare relevante, actualizate \u00een timp real \u0219i detalii despre valuta afectat\u0103.","og_url":"https:\/\/www.etoro.com\/ro\/wp-json\/wp\/v2\/pages\/30441","og_site_name":"eToro","article_publisher":"https:\/\/www.facebook.com\/eToro\/","article_modified_time":"2024-01-10T13:52:24+00:00","og_image":[{"width":240,"height":240,"url":"https:\/\/www.etoro.com\/wp-content\/uploads\/2019\/12\/etoro_logo_social_share1.png","type":"image\/png"}],"twitter_card":"summary_large_image","twitter_site":"@eToro","twitter_misc":{"Est. reading time":"1 minute"},"schema":{"@context":"https:\/\/schema.org","@graph":[{"@type":"WebPage","@id":"https:\/\/www.etoro.com\/ro\/trading\/economic-calendar\/","url":"https:\/\/www.etoro.com\/ro\/trading\/economic-calendar\/","name":"Calendarul economic eToro - eToro","isPartOf":{"@id":"https:\/\/www.etoro.com\/ro\/#website"},"datePublished":"2017-09-11T06:47:51+00:00","dateModified":"2024-01-10T13:52:24+00:00","description":"Toate evenimentele financiare relevante, actualizate \u00een timp real \u0219i detalii despre valuta afectat\u0103.","breadcrumb":{"@id":"https:\/\/www.etoro.com\/ro\/trading\/economic-calendar\/#breadcrumb"},"inLanguage":"ro","potentialAction":[{"@type":"ReadAction","target":["https:\/\/www.etoro.com\/ro\/trading\/economic-calendar\/"]}]},{"@type":"BreadcrumbList","@id":"https:\/\/www.etoro.com\/ro\/trading\/economic-calendar\/#breadcrumb","itemListElement":[{"@type":"ListItem","position":1,"name":"ACAS\u0102","item":"https:\/\/www.etoro.com\/ro\/"},{"@type":"ListItem","position":2,"name":"TRANZAC\u021aIONARE","item":"https:\/\/www.etoro.com\/ro\/trading\/"},{"@type":"ListItem","position":3,"name":"CALENDAR ECONOMIC"}]},{"@type":"WebSite","@id":"https:\/\/www.etoro.com\/ro\/#website","url":"https:\/\/www.etoro.com\/ro\/","name":"eToro","description":"","publisher":{"@id":"https:\/\/www.etoro.com\/ro\/#organization"},"potentialAction":[{"@type":"SearchAction","target":{"@type":"EntryPoint","urlTemplate":"https:\/\/www.etoro.com\/ro\/?s={search_term_string}"},"query-input":{"@type":"PropertyValueSpecification","valueRequired":true,"valueName":"search_term_string"}}],"inLanguage":"ro"},[]]}},"_links":{"self":[{"href":"https:\/\/www.etoro.com\/ro\/wp-json\/wp\/v2\/pages\/30441"}],"collection":[{"href":"https:\/\/www.etoro.com\/ro\/wp-json\/wp\/v2\/pages"}],"about":[{"href":"https:\/\/www.etoro.com\/ro\/wp-json\/wp\/v2\/types\/page"}],"author":[{"embeddable":true,"href":"https:\/\/www.etoro.com\/ro\/wp-json\/wp\/v2\/users\/45"}],"replies":[{"embeddable":true,"href":"https:\/\/www.etoro.com\/ro\/wp-json\/wp\/v2\/comments?post=30441"}],"version-history":[{"count":0,"href":"https:\/\/www.etoro.com\/ro\/wp-json\/wp\/v2\/pages\/30441\/revisions"}],"up":[{"embeddable":true,"href":"https:\/\/www.etoro.com\/ro\/wp-json\/wp\/v2\/pages\/31826"}],"wp:attachment":[{"href":"https:\/\/www.etoro.com\/ro\/wp-json\/wp\/v2\/media?parent=30441"}],"wp:term":[{"taxonomy":"asset_type","embeddable":true,"href":"https:\/\/www.etoro.com\/ro\/wp-json\/wp\/v2\/asset_type?post=30441"}],"curies":[{"name":"wp","href":"https:\/\/api.w.org\/{rel}","templated":true}]}}