{"id":30740,"date":"2017-10-24T10:23:14","date_gmt":"2017-10-24T07:23:14","guid":{"rendered":"http:\/\/www.etoro.com\/tips\/"},"modified":"2022-12-28T11:15:52","modified_gmt":"2022-12-28T09:15:52","slug":"tips","status":"publish","type":"page","link":"https:\/\/www.etoro.com\/ro\/trading\/tips\/","title":{"rendered":"Sfaturi pentru tranzac\u021bionare \u0219i investi\u021bii"},"content":{"rendered":"<h2>De ce ai nevoie de aceste sfaturi privind tranzac\u021bionarea?<\/h2>\n<p>Primii pa\u0219i pe care \u00eei faci pe platforma eToro sunt foarte importan\u021bi. Am str\u00e2ns la un loc cele mai bune sfaturi privind tranzac\u021bionarea \u0219i investi\u021biile pentru a te ajuta s\u0103 te familiarizezi cu diversele instrumente \u0219i func\u021bii pe care le ai la dispozi\u021bie. Aici vei g\u0103si principii solide de utilizare a tuturor func\u021biilor de tranzac\u021bionare \u0219i de tranzac\u021bionare social\u0103 disponibile pe eToro.<\/p>\n<h2>Sfaturi privind tranzac\u021bionarea pe eToro<\/h2>\n<ul>\n<li>Alege-\u021bi activele: E\u0219ti interesat de ac\u021biuni? Valute? Poate Bitcoin? Fiecare clas\u0103 de active are avantajele \u0219i provoc\u0103rile ei. Familiarizeaz\u0103-te cu fiecare dintre ele.<\/li>\n<li>Folose\u0219te diversitatea: Orice trader \u00ee\u021bi va spune c\u0103 elementul-cheie al unui portofoliu cu scor de risc sc\u0103zut este diversitatea. Distribuie-\u021bi fondurile cu \u00een\u021belepciune \u00een mai multe active \u0219i \u00een mai multe clase de active.<\/li>\n<li>Informeaz\u0103-te: Fii \u00een permanen\u021b\u0103 la curent cu cele mai noi \u0219tiri \u0219i cu evenimentele financiare din viitorul apropiat. Pentru asta, po\u021bi s\u0103 folose\u0219ti\u00a0<a href=\"https:\/\/www.etoro.com\/ro\/trading\/economic-calendar\/\">Calendarul eToro<\/a>\u00a0\u0219i po\u021bi s\u0103 te abonezi pentru a primi analizele nostre zilnice de pia\u021b\u0103 prin e-mail.<\/li>\n<li>Alege-\u021bi un stil: Felul \u00een care tranzac\u021bionezi poate fi diferit \u00een func\u021bie de capitalul de care dispui, de nivelul de implicare \u0219i de alte preferin\u021be. Po\u021bi s\u0103 optezi pentru o abordare tehnic\u0103, baz\u00e2ndu-te pe grafice \u0219i pe g\u0103sirea de modele, sau pentru abordarea fundamental\u0103, care implic\u0103 mai mult a \u00eencerca s\u0103 \u00een\u021belegi cum va reac\u021biona un anumit activ la un anumit eveniment sau \u00eentr-un anumit moment din an.<\/li>\n<li>Exerseaz\u0103: C\u00e2nd te \u00eenregistrezi pe eToro, prime\u0219ti un cont demonstrativ alimentat cu 100.000 USD, fonduri virtuale. Folose\u0219te acest cont pentru a te familiariza cu activitatea de tranzac\u021bionare, \u00eenainte de a-\u021bi risca proprii bani. Po\u021bi s\u0103 folose\u0219ti acest cont at\u00e2t pentru tranzac\u021bionare tradi\u021bional\u0103, c\u00e2t \u0219i pentru tranzac\u021bionare prin copiere.<\/li>\n<\/ul>\n<h2>Sfaturi privind tranzac\u021bionarea social\u0103 pe eToro<\/h2>\n<ul>\n<li>G\u0103se\u0219te persoanele potrivite pe care s\u0103 le copiezi: Folose\u0219te instrumentul Descoper\u0103 persoane pentru a g\u0103si cei mai buni traderi pe care s\u0103 \u00eei urm\u0103re\u0219ti \u0219i s\u0103 \u00eei copiezi. Filtreaz\u0103 rezultatele \u00een func\u021bie de scorul de risc, c\u00e2\u0219tig, \u021bar\u0103 sau origine \u0219i multe alte criterii.<\/li>\n<li>Copiaz\u0103 traderi de top: Sistemul CopyTrader\u2122 e un mod foarte bun de a-\u021bi automatiza obiceiurile de tranzac\u021bionare. Dac\u0103 nu e\u0219ti tipul de trader care vrea s\u0103 fie mereu \u201e\u00een mijlocul ac\u021biunii\u201d sau, pur \u0219i simplu, nu ai destul timp liber, copierea unui trader cu experien\u021b\u0103, execut\u00e2nd astfel \u00een mod automat, \u00een timp real, toate ac\u021biunile sale, e o op\u021biune foarte bun\u0103.<\/li>\n<li>\u00cenva\u021b\u0103 despre utilizatorii Popular Investor: Traderii de succes, care au o baz\u0103 solid\u0103 de urm\u0103ritori, pot fi admi\u0219i \u00een programul Popular Investor creat de eToro. Prin acest program, li se ofer\u0103 acestor traderi beneficii extraordinare, care \u00eei \u00eencurajeaz\u0103 s\u0103-\u0219i distribuie cuno\u0219tin\u021bele \u0219i s\u0103 tranzac\u021bioneze \u00een mod responsabil. Dac\u0103 e\u0219ti un trader cu rezultate bune, care are profit bun \u0219i scor de risc redus, po\u021bi fi eligibil pentru acest program.<\/li>\n<li>Sincronizarea e totul: C\u00e2nd copiezi un trader nou, studiaz\u0103-i profilul \u0219i familiarizeaz\u0103-te cu strategia lui. Unii traderi au strategii pe termen lung, care pot include pierderi la anumite momente, cu scopul de a realiza profit mai t\u00e2rziu \u2013 asigur\u0103-te c\u0103 \u0219tii care e ciclul de investire al unui anumit trader.<\/li>\n<\/ul>\n<h2>Sfaturi pentru investirea \u00een Smart Portfolios<\/h2>\n<ul>\n<li>Adaug\u0103 investi\u021biile tematice la portofoliul t\u0103u: Investi\u021biile tematice reprezint\u0103 un mod foarte bun de a investi pe termen lung \u0219i de a-\u021bi reduce riscul. Afl\u0103 mai multe despre acest subiect pe <u><a href=\"http:\/\/www.etoro.com\/ro\/blog\">blogul eToro<\/a><\/u>.<\/li>\n<li>Ce sunt instrumentele Smart Portfolios: Un instrument financiar nou, dezvoltat de eToro. Fiecare instrument de strategie investi\u021bional\u0103 Smart Portfolio con\u021bine diverse active sau diver\u0219i traderi \u0219i este permanent optimizat de un algoritm programat s\u0103 reduc\u0103 riscul \u0219i creasc\u0103 profitul.<\/li>\n<li>Cunoa\u0219te instrumentele Smart Portfolio: Exist\u0103 trei tipuri de instrumente Smart Portfolio:\n<ol>\n<li>Top Trader Smart Portfolios, care \u00eei grupeaz\u0103 pe cei mai de succes traderi de pe eToro;<\/li>\n<li>Market Smart Portfolios, care grupeaz\u0103 diverse active conform unei strategii de pia\u021b\u0103 specifice; \u0219i<\/li>\n<li>Partner Smart Portfolios, care au \u00een componen\u021b\u0103 unele dintre cele mai inovatoare companii de servicii financiare din lume.<\/li>\n<\/ol>\n<\/li>\n<li>G\u00e2nde\u0219te pe termen lung: Riscurile mai mici \u00eenseamn\u0103 de obicei c\u00e2\u0219tiguri mai mici. Ca atare, dac\u0103 investe\u0219ti \u00een instrumentele Smart Portfolios, nu uita c\u0103 acestea nu ofer\u0103 c\u00e2\u0219tiguri rapide \u0219i c\u0103 sunt concepute s\u0103 ofere profit \u00een timp.<\/li>\n<\/ul>\n<h2>Sfaturi pentru Investi\u021bii<\/h2>\n<p><strong>Obiective:<\/strong> C\u00e2nd \u00eencepi s\u0103 investe\u0219ti, trebuie s\u0103 te decizi asupra unui set de obiective. Cau\u021bi s\u0103 c\u00e2\u0219tigi bani rapid? Cau\u021bi investi\u021bii pe termen lung? A avea un set clar de obiective este ca o busol\u0103. Te va ghida pe m\u0103sur\u0103 ce te confrun\u021bi cu diverse obstacole \u0219i op\u021biuni pe parcurs.<\/p>\n<p><strong>Plan:\u00a0<\/strong>Dac\u0103 te-ai hot\u0103r\u00e2t asupra unui obiectiv, ai nevoie de un plan pentru a ajunge acolo. Care sunt pa\u0219ii pe care \u00eei vei urma pentru a atinge acel obiectiv sau set de obiective?<\/p>\n<p><strong>Active de investi\u021bii:<\/strong> C\u00e2nd \u00eencepi s\u0103 construie\u0219ti un plan, familiarizeaz\u0103-te cu toate clasele de active din universul investi\u021biilor. Fiecare are setul s\u0103u unic de riscuri \u0219i recompense \u0219i este important s\u0103 \u0219tii cum interac\u021bioneaz\u0103 \u00eentre ele.<\/p>\n<p><strong>Strategii de investi\u021bii:<\/strong> Exist\u0103 o varietate de <a class=\"waffle-rich-text-link\" href=\"https:\/\/www.etoro.com\/ro\/news-and-analysis\/copytrader\/6-investment-strategies-gaspersopi\/\">strategii de investi\u021bii<\/a> pe care le po\u021bi folosi pentru a-\u021bi atinge obiectivele. Unii folosesc instrumente de analiz\u0103 tehnic\u0103, al\u021bii analiz\u0103 fundamental\u0103. \u00cen ultimul secol, au existat o mul\u021bime de investitori de succes care au scris despre strategiile pe care le-au folosit pentru a-\u0219i construi averea.<\/p>\n<p><strong>Exist\u0103 riscuri:<\/strong> Oricum ai alege s\u0103 investe\u0219ti, \u021bine cont c\u0103 <a class=\"waffle-rich-text-link\" href=\"https:\/\/www.etoro.com\/ro\/stocks\/risk-management\/\">implic\u0103 riscuri.<\/a> Ai putea s\u0103 c\u00e2\u0219tigi mul\u021bi bani, dar ai putea \u0219i pierde o sum\u0103 semnificativ\u0103. Este important s\u0103 re\u021bii acest lucru atunci c\u00e2nd decizi c\u00e2\u021bi bani s\u0103 investe\u0219ti. Asigur\u0103-te c\u0103 investe\u0219ti o sum\u0103 pe care \u00ee\u021bi permi\u021bi s\u0103 o pierzi.<\/p>\n<p><strong>Educ\u0103-te:<\/strong> \u00cenva\u021b\u0103 c\u00e2t mai multe despre lumea investi\u021biilor \u00eenainte de a-\u021bi investi banii. \u00cen ziua de azi exist\u0103 o multitudine de materiale gratuite pe internet la dispozi\u021bia ta. <a class=\"waffle-rich-text-link\" href=\"https:\/\/www.etoro.com\/roacademy\/\">eToro are propria sa<\/a> Academie cu numeroase videoclipuri educa\u021bionale, explica\u021bii, webinarii, cursuri, prelegeri, interviuri \u0219i multe altele, toate acestea te pot ajuta s\u0103 abordezi lumea investi\u021biilor cu c\u00e2t mai multe cuno\u0219tin\u021be posibil.<\/p>\n","protected":false},"excerpt":{"rendered":"<p>De ce ai nevoie de aceste sfaturi privind tranzac\u021bionarea? Primii pa\u0219i pe care \u00eei faci pe platforma eToro sunt foarte importan\u021bi. Am str\u00e2ns la un loc cele mai bune sfaturi privind tranzac\u021bionarea \u0219i investi\u021biile pentru a te ajuta s\u0103 te familiarizezi cu diversele instrumente \u0219i func\u021bii pe care le ai la dispozi\u021bie. Aici vei g\u0103si&hellip;<\/p>\n","protected":false},"author":1,"featured_media":0,"parent":31826,"menu_order":1468,"comment_status":"closed","ping_status":"closed","template":"","meta":{"_acf_changed":false,"inline_featured_image":false,"sticky_cta_settings":"","footnotes":""},"asset_type":[],"class_list":["post-30740","page","type-page","status-publish","hentry"],"acf":[],"yoast_head":"<title>Sfaturi pentru tranzac\u021bionare \u0219i investi\u021bii - eToro<\/title>\n<meta name=\"robots\" content=\"index, follow, max-snippet:-1, max-image-preview:large, max-video-preview:-1\" \/>\n<link rel=\"canonical\" href=\"https:\/\/www.etoro.com\/ro\/wp-json\/wp\/v2\/pages\/30740\" \/>\n<meta property=\"og:locale\" content=\"ro_RO\" \/>\n<meta property=\"og:type\" content=\"article\" \/>\n<meta property=\"og:title\" content=\"Sfaturi pentru tranzac\u021bionare \u0219i investi\u021bii - eToro\" \/>\n<meta property=\"og:description\" content=\"De ce ai nevoie de aceste sfaturi privind tranzac\u021bionarea? Primii pa\u0219i pe care \u00eei faci pe platforma eToro sunt foarte importan\u021bi. Am str\u00e2ns la un loc cele mai bune sfaturi privind tranzac\u021bionarea \u0219i investi\u021biile pentru a te ajuta s\u0103 te familiarizezi cu diversele instrumente \u0219i func\u021bii pe care le ai la dispozi\u021bie. Aici vei g\u0103si&hellip;\" \/>\n<meta property=\"og:url\" content=\"https:\/\/www.etoro.com\/ro\/wp-json\/wp\/v2\/pages\/30740\" \/>\n<meta property=\"og:site_name\" content=\"eToro\" \/>\n<meta property=\"article:publisher\" content=\"https:\/\/www.facebook.com\/eToro\/\" \/>\n<meta property=\"article:modified_time\" content=\"2022-12-28T09:15:52+00:00\" \/>\n<meta property=\"og:image\" content=\"https:\/\/www.etoro.com\/wp-content\/uploads\/2019\/12\/etoro_logo_social_share1.png\" \/>\n\t<meta property=\"og:image:width\" content=\"240\" \/>\n\t<meta property=\"og:image:height\" content=\"240\" \/>\n\t<meta property=\"og:image:type\" content=\"image\/png\" \/>\n<meta name=\"twitter:card\" content=\"summary_large_image\" \/>\n<meta name=\"twitter:site\" content=\"@eToro\" \/>\n<meta name=\"twitter:label1\" content=\"Est. reading time\" \/>\n\t<meta name=\"twitter:data1\" content=\"4 minutes\" \/>\n<script type=\"application\/ld+json\" class=\"yoast-schema-graph\">{\"@context\":\"https:\/\/schema.org\",\"@graph\":[{\"@type\":\"WebPage\",\"@id\":\"https:\/\/www.etoro.com\/ro\/trading\/tips\/\",\"url\":\"https:\/\/www.etoro.com\/ro\/trading\/tips\/\",\"name\":\"Sfaturi pentru tranzac\u021bionare \u0219i investi\u021bii - eToro\",\"isPartOf\":{\"@id\":\"https:\/\/www.etoro.com\/ro\/#website\"},\"datePublished\":\"2017-10-24T07:23:14+00:00\",\"dateModified\":\"2022-12-28T09:15:52+00:00\",\"breadcrumb\":{\"@id\":\"https:\/\/www.etoro.com\/ro\/trading\/tips\/#breadcrumb\"},\"inLanguage\":\"ro\",\"potentialAction\":[{\"@type\":\"ReadAction\",\"target\":[\"https:\/\/www.etoro.com\/ro\/trading\/tips\/\"]}]},{\"@type\":\"BreadcrumbList\",\"@id\":\"https:\/\/www.etoro.com\/ro\/trading\/tips\/#breadcrumb\",\"itemListElement\":[{\"@type\":\"ListItem\",\"position\":1,\"name\":\"ACAS\u0102\",\"item\":\"https:\/\/www.etoro.com\/ro\/\"},{\"@type\":\"ListItem\",\"position\":2,\"name\":\"TRANZAC\u021aIONARE\",\"item\":\"https:\/\/www.etoro.com\/ro\/trading\/\"},{\"@type\":\"ListItem\",\"position\":3,\"name\":\"SFATURI\"}]},{\"@type\":\"WebSite\",\"@id\":\"https:\/\/www.etoro.com\/ro\/#website\",\"url\":\"https:\/\/www.etoro.com\/ro\/\",\"name\":\"eToro\",\"description\":\"\",\"publisher\":{\"@id\":\"https:\/\/www.etoro.com\/ro\/#organization\"},\"potentialAction\":[{\"@type\":\"SearchAction\",\"target\":{\"@type\":\"EntryPoint\",\"urlTemplate\":\"https:\/\/www.etoro.com\/ro\/?s={search_term_string}\"},\"query-input\":{\"@type\":\"PropertyValueSpecification\",\"valueRequired\":true,\"valueName\":\"search_term_string\"}}],\"inLanguage\":\"ro\"},[]]}<\/script>","yoast_head_json":{"title":"Sfaturi pentru tranzac\u021bionare \u0219i investi\u021bii - eToro","robots":{"index":"index","follow":"follow","max-snippet":"max-snippet:-1","max-image-preview":"max-image-preview:large","max-video-preview":"max-video-preview:-1"},"canonical":"https:\/\/www.etoro.com\/ro\/wp-json\/wp\/v2\/pages\/30740","og_locale":"ro_RO","og_type":"article","og_title":"Sfaturi pentru tranzac\u021bionare \u0219i investi\u021bii - eToro","og_description":"De ce ai nevoie de aceste sfaturi privind tranzac\u021bionarea? Primii pa\u0219i pe care \u00eei faci pe platforma eToro sunt foarte importan\u021bi. Am str\u00e2ns la un loc cele mai bune sfaturi privind tranzac\u021bionarea \u0219i investi\u021biile pentru a te ajuta s\u0103 te familiarizezi cu diversele instrumente \u0219i func\u021bii pe care le ai la dispozi\u021bie. Aici vei g\u0103si&hellip;","og_url":"https:\/\/www.etoro.com\/ro\/wp-json\/wp\/v2\/pages\/30740","og_site_name":"eToro","article_publisher":"https:\/\/www.facebook.com\/eToro\/","article_modified_time":"2022-12-28T09:15:52+00:00","og_image":[{"width":240,"height":240,"url":"https:\/\/www.etoro.com\/wp-content\/uploads\/2019\/12\/etoro_logo_social_share1.png","type":"image\/png"}],"twitter_card":"summary_large_image","twitter_site":"@eToro","twitter_misc":{"Est. reading time":"4 minutes"},"schema":{"@context":"https:\/\/schema.org","@graph":[{"@type":"WebPage","@id":"https:\/\/www.etoro.com\/ro\/trading\/tips\/","url":"https:\/\/www.etoro.com\/ro\/trading\/tips\/","name":"Sfaturi pentru tranzac\u021bionare \u0219i investi\u021bii - eToro","isPartOf":{"@id":"https:\/\/www.etoro.com\/ro\/#website"},"datePublished":"2017-10-24T07:23:14+00:00","dateModified":"2022-12-28T09:15:52+00:00","breadcrumb":{"@id":"https:\/\/www.etoro.com\/ro\/trading\/tips\/#breadcrumb"},"inLanguage":"ro","potentialAction":[{"@type":"ReadAction","target":["https:\/\/www.etoro.com\/ro\/trading\/tips\/"]}]},{"@type":"BreadcrumbList","@id":"https:\/\/www.etoro.com\/ro\/trading\/tips\/#breadcrumb","itemListElement":[{"@type":"ListItem","position":1,"name":"ACAS\u0102","item":"https:\/\/www.etoro.com\/ro\/"},{"@type":"ListItem","position":2,"name":"TRANZAC\u021aIONARE","item":"https:\/\/www.etoro.com\/ro\/trading\/"},{"@type":"ListItem","position":3,"name":"SFATURI"}]},{"@type":"WebSite","@id":"https:\/\/www.etoro.com\/ro\/#website","url":"https:\/\/www.etoro.com\/ro\/","name":"eToro","description":"","publisher":{"@id":"https:\/\/www.etoro.com\/ro\/#organization"},"potentialAction":[{"@type":"SearchAction","target":{"@type":"EntryPoint","urlTemplate":"https:\/\/www.etoro.com\/ro\/?s={search_term_string}"},"query-input":{"@type":"PropertyValueSpecification","valueRequired":true,"valueName":"search_term_string"}}],"inLanguage":"ro"},[]]}},"_links":{"self":[{"href":"https:\/\/www.etoro.com\/ro\/wp-json\/wp\/v2\/pages\/30740"}],"collection":[{"href":"https:\/\/www.etoro.com\/ro\/wp-json\/wp\/v2\/pages"}],"about":[{"href":"https:\/\/www.etoro.com\/ro\/wp-json\/wp\/v2\/types\/page"}],"author":[{"embeddable":true,"href":"https:\/\/www.etoro.com\/ro\/wp-json\/wp\/v2\/users\/1"}],"replies":[{"embeddable":true,"href":"https:\/\/www.etoro.com\/ro\/wp-json\/wp\/v2\/comments?post=30740"}],"version-history":[{"count":0,"href":"https:\/\/www.etoro.com\/ro\/wp-json\/wp\/v2\/pages\/30740\/revisions"}],"up":[{"embeddable":true,"href":"https:\/\/www.etoro.com\/ro\/wp-json\/wp\/v2\/pages\/31826"}],"wp:attachment":[{"href":"https:\/\/www.etoro.com\/ro\/wp-json\/wp\/v2\/media?parent=30740"}],"wp:term":[{"taxonomy":"asset_type","embeddable":true,"href":"https:\/\/www.etoro.com\/ro\/wp-json\/wp\/v2\/asset_type?post=30740"}],"curies":[{"name":"wp","href":"https:\/\/api.w.org\/{rel}","templated":true}]}}