{"id":314696,"date":"2021-05-24T17:15:17","date_gmt":"2021-05-24T14:15:17","guid":{"rendered":"https:\/\/www.etoro.com\/academy\/guides\/"},"modified":"2024-10-31T11:36:45","modified_gmt":"2024-10-31T09:36:45","slug":"guides","status":"publish","type":"page","link":"https:\/\/www.etoro.com\/ro\/academy\/guides\/","title":{"rendered":"Guides"},"content":{"rendered":"\n<section class=\"wp-block-group wp-block-group-boxed has-white-background-color has-background\"><div class=\"wp-block-group-inner is-layout-flow wp-block-group-is-layout-flow\">\n<div class=\"wp-block-columns are-vertically-aligned-center wp-block-columns-2 wp-block-columns-1 is-layout-flex wp-container-core-columns-is-layout-1 wp-block-columns-is-layout-flex\">\n<div class=\"wp-block-column is-layout-flow wp-block-column-is-layout-flow\">\n<h2 class=\"wp-block-heading\"><strong><strong>\u00cenregistreaz\u0103-te pe eToro!<\/strong><\/strong><\/h2>\n\n\n\n<p>Deschide-\u021bi contul de investi\u021bii ast\u0103zi \u0219i \u00eencepe s\u0103-\u021bi pui \u00een practic\u0103 noile cuno\u0219tin\u021be. \u00cenregistrarea este gratuit\u0103!<\/p>\n\n\n\n<div class=\"wp-block-buttons is-layout-flex wp-block-buttons-is-layout-flex\">\n<a class=\"e-cta e-cta-primary\" href=\"\/ro\/accounts\/sign-up\">Al\u0103tur\u0103-te eToro<\/a>\n<\/div>\n<\/div>\n\n\n\n<div class=\"wp-block-column is-layout-flow wp-block-column-is-layout-flow\">\n<figure class=\"wp-block-image size-full\"><img loading=\"lazy\" decoding=\"async\" width=\"576\" height=\"555\" src=\"https:\/\/www.etoro.com\/wp-content\/uploads\/2023\/05\/Image-18.png\" alt=\"\" class=\"wp-image-602055 wp-image-desktop\" srcset=\"https:\/\/www.etoro.com\/wp-content\/uploads\/2023\/05\/Image-18.png 576w, https:\/\/www.etoro.com\/wp-content\/uploads\/2023\/05\/Image-18-300x289.png 300w\" sizes=\"(max-width: 576px) 100vw, 576px\" \/><\/figure>\n<\/div>\n<\/div>\n<\/div><\/section>\n","protected":false},"excerpt":{"rendered":"<p>\u00cenregistreaz\u0103-te pe eToro! Deschide-\u021bi contul de investi\u021bii ast\u0103zi \u0219i \u00eencepe s\u0103-\u021bi pui \u00een practic\u0103 noile cuno\u0219tin\u021be. \u00cenregistrarea este gratuit\u0103!<\/p>\n","protected":false},"author":45,"featured_media":605467,"parent":306858,"menu_order":197,"comment_status":"closed","ping_status":"closed","template":"templates\/academy-taxonomy-page.php","meta":{"_acf_changed":true,"inline_featured_image":false,"sticky_cta_settings":"","footnotes":""},"asset_type":[],"class_list":["post-314696","page","type-page","status-publish","has-post-thumbnail","hentry"],"acf":[],"yoast_head":"<title>Ghiduri de investi\u021bii pentru \u00eencep\u0103tori \u0219i avansa\u021bi<\/title>\n<meta name=\"description\" content=\"Indiferent dac\u0103 e\u0219ti un investitor \u00eencep\u0103tor sau avansat, ghidurile noastre te vor ajuta s\u0103-\u021bi \u00eembog\u0103\u021be\u0219ti cuno\u0219tin\u021bele \u0219i s\u0103 investe\u0219ti mai bine\" \/>\n<meta name=\"robots\" content=\"index, follow, max-snippet:-1, max-image-preview:large, max-video-preview:-1\" \/>\n<link rel=\"canonical\" href=\"https:\/\/www.etoro.com\/ro\/wp-json\/wp\/v2\/pages\/314696\" \/>\n<meta property=\"og:locale\" content=\"ro_RO\" \/>\n<meta property=\"og:type\" content=\"article\" \/>\n<meta property=\"og:title\" content=\"Ghiduri de investi\u021bii pentru \u00eencep\u0103tori \u0219i avansa\u021bi\" \/>\n<meta property=\"og:description\" content=\"Indiferent dac\u0103 e\u0219ti un investitor \u00eencep\u0103tor sau avansat, ghidurile noastre te vor ajuta s\u0103-\u021bi \u00eembog\u0103\u021be\u0219ti cuno\u0219tin\u021bele \u0219i s\u0103 investe\u0219ti mai bine\" \/>\n<meta property=\"og:url\" content=\"https:\/\/www.etoro.com\/ro\/wp-json\/wp\/v2\/pages\/314696\" \/>\n<meta property=\"og:site_name\" content=\"eToro\" \/>\n<meta property=\"article:publisher\" content=\"https:\/\/www.facebook.com\/eToro\/\" \/>\n<meta property=\"article:modified_time\" content=\"2024-10-31T09:36:45+00:00\" \/>\n<meta property=\"og:image\" content=\"https:\/\/www.etoro.com\/wp-content\/uploads\/2023\/05\/Romanian-ro_Guides_Featured-image-1200x630-1.jpg\" \/>\n\t<meta property=\"og:image:width\" content=\"1200\" \/>\n\t<meta property=\"og:image:height\" content=\"630\" \/>\n\t<meta property=\"og:image:type\" content=\"image\/jpeg\" \/>\n<meta name=\"twitter:card\" content=\"summary_large_image\" \/>\n<meta name=\"twitter:site\" content=\"@eToro\" \/>\n<script type=\"application\/ld+json\" class=\"yoast-schema-graph\">{\"@context\":\"https:\/\/schema.org\",\"@graph\":[{\"@type\":\"WebPage\",\"@id\":\"https:\/\/www.etoro.com\/ro\/academy\/guides\/\",\"url\":\"https:\/\/www.etoro.com\/ro\/academy\/guides\/\",\"name\":\"Ghiduri de investi\u021bii pentru \u00eencep\u0103tori \u0219i avansa\u021bi\",\"isPartOf\":{\"@id\":\"https:\/\/www.etoro.com\/ro\/#website\"},\"primaryImageOfPage\":{\"@id\":\"https:\/\/www.etoro.com\/ro\/academy\/guides\/#primaryimage\"},\"image\":{\"@id\":\"https:\/\/www.etoro.com\/ro\/academy\/guides\/#primaryimage\"},\"thumbnailUrl\":\"https:\/\/www.etoro.com\/wp-content\/uploads\/2023\/05\/Romanian-ro_Guides_Featured-image-1200x630-1.jpg\",\"datePublished\":\"2021-05-24T14:15:17+00:00\",\"dateModified\":\"2024-10-31T09:36:45+00:00\",\"description\":\"Indiferent dac\u0103 e\u0219ti un investitor \u00eencep\u0103tor sau avansat, ghidurile noastre te vor ajuta s\u0103-\u021bi \u00eembog\u0103\u021be\u0219ti cuno\u0219tin\u021bele \u0219i s\u0103 investe\u0219ti mai bine\",\"breadcrumb\":{\"@id\":\"https:\/\/www.etoro.com\/ro\/academy\/guides\/#breadcrumb\"},\"inLanguage\":\"ro\",\"potentialAction\":[{\"@type\":\"ReadAction\",\"target\":[\"https:\/\/www.etoro.com\/ro\/academy\/guides\/\"]}]},{\"@type\":\"ImageObject\",\"inLanguage\":\"ro\",\"@id\":\"https:\/\/www.etoro.com\/ro\/academy\/guides\/#primaryimage\",\"url\":\"https:\/\/www.etoro.com\/wp-content\/uploads\/2023\/05\/Romanian-ro_Guides_Featured-image-1200x630-1.jpg\",\"contentUrl\":\"https:\/\/www.etoro.com\/wp-content\/uploads\/2023\/05\/Romanian-ro_Guides_Featured-image-1200x630-1.jpg\",\"width\":1200,\"height\":630,\"caption\":\"Ghiduri experte de investi\u021bii\"},{\"@type\":\"BreadcrumbList\",\"@id\":\"https:\/\/www.etoro.com\/ro\/academy\/guides\/#breadcrumb\",\"itemListElement\":[{\"@type\":\"ListItem\",\"position\":1,\"name\":\"ACAS\u0102\",\"item\":\"https:\/\/www.etoro.com\/ro\/\"},{\"@type\":\"ListItem\",\"position\":2,\"name\":\"eToro Academy\",\"item\":\"https:\/\/www.etoro.com\/ro\/academy\/\"},{\"@type\":\"ListItem\",\"position\":3,\"name\":\"Guides\"}]},{\"@type\":\"WebSite\",\"@id\":\"https:\/\/www.etoro.com\/ro\/#website\",\"url\":\"https:\/\/www.etoro.com\/ro\/\",\"name\":\"eToro\",\"description\":\"\",\"publisher\":{\"@id\":\"https:\/\/www.etoro.com\/ro\/#organization\"},\"potentialAction\":[{\"@type\":\"SearchAction\",\"target\":{\"@type\":\"EntryPoint\",\"urlTemplate\":\"https:\/\/www.etoro.com\/ro\/?s={search_term_string}\"},\"query-input\":{\"@type\":\"PropertyValueSpecification\",\"valueRequired\":true,\"valueName\":\"search_term_string\"}}],\"inLanguage\":\"ro\"},[]]}<\/script>","yoast_head_json":{"title":"Ghiduri de investi\u021bii pentru \u00eencep\u0103tori \u0219i avansa\u021bi","description":"Indiferent dac\u0103 e\u0219ti un investitor \u00eencep\u0103tor sau avansat, ghidurile noastre te vor ajuta s\u0103-\u021bi \u00eembog\u0103\u021be\u0219ti cuno\u0219tin\u021bele \u0219i s\u0103 investe\u0219ti mai bine","robots":{"index":"index","follow":"follow","max-snippet":"max-snippet:-1","max-image-preview":"max-image-preview:large","max-video-preview":"max-video-preview:-1"},"canonical":"https:\/\/www.etoro.com\/ro\/wp-json\/wp\/v2\/pages\/314696","og_locale":"ro_RO","og_type":"article","og_title":"Ghiduri de investi\u021bii pentru \u00eencep\u0103tori \u0219i avansa\u021bi","og_description":"Indiferent dac\u0103 e\u0219ti un investitor \u00eencep\u0103tor sau avansat, ghidurile noastre te vor ajuta s\u0103-\u021bi \u00eembog\u0103\u021be\u0219ti cuno\u0219tin\u021bele \u0219i s\u0103 investe\u0219ti mai bine","og_url":"https:\/\/www.etoro.com\/ro\/wp-json\/wp\/v2\/pages\/314696","og_site_name":"eToro","article_publisher":"https:\/\/www.facebook.com\/eToro\/","article_modified_time":"2024-10-31T09:36:45+00:00","og_image":[{"width":1200,"height":630,"url":"https:\/\/www.etoro.com\/wp-content\/uploads\/2023\/05\/Romanian-ro_Guides_Featured-image-1200x630-1.jpg","type":"image\/jpeg"}],"twitter_card":"summary_large_image","twitter_site":"@eToro","schema":{"@context":"https:\/\/schema.org","@graph":[{"@type":"WebPage","@id":"https:\/\/www.etoro.com\/ro\/academy\/guides\/","url":"https:\/\/www.etoro.com\/ro\/academy\/guides\/","name":"Ghiduri de investi\u021bii pentru \u00eencep\u0103tori \u0219i avansa\u021bi","isPartOf":{"@id":"https:\/\/www.etoro.com\/ro\/#website"},"primaryImageOfPage":{"@id":"https:\/\/www.etoro.com\/ro\/academy\/guides\/#primaryimage"},"image":{"@id":"https:\/\/www.etoro.com\/ro\/academy\/guides\/#primaryimage"},"thumbnailUrl":"https:\/\/www.etoro.com\/wp-content\/uploads\/2023\/05\/Romanian-ro_Guides_Featured-image-1200x630-1.jpg","datePublished":"2021-05-24T14:15:17+00:00","dateModified":"2024-10-31T09:36:45+00:00","description":"Indiferent dac\u0103 e\u0219ti un investitor \u00eencep\u0103tor sau avansat, ghidurile noastre te vor ajuta s\u0103-\u021bi \u00eembog\u0103\u021be\u0219ti cuno\u0219tin\u021bele \u0219i s\u0103 investe\u0219ti mai bine","breadcrumb":{"@id":"https:\/\/www.etoro.com\/ro\/academy\/guides\/#breadcrumb"},"inLanguage":"ro","potentialAction":[{"@type":"ReadAction","target":["https:\/\/www.etoro.com\/ro\/academy\/guides\/"]}]},{"@type":"ImageObject","inLanguage":"ro","@id":"https:\/\/www.etoro.com\/ro\/academy\/guides\/#primaryimage","url":"https:\/\/www.etoro.com\/wp-content\/uploads\/2023\/05\/Romanian-ro_Guides_Featured-image-1200x630-1.jpg","contentUrl":"https:\/\/www.etoro.com\/wp-content\/uploads\/2023\/05\/Romanian-ro_Guides_Featured-image-1200x630-1.jpg","width":1200,"height":630,"caption":"Ghiduri experte de investi\u021bii"},{"@type":"BreadcrumbList","@id":"https:\/\/www.etoro.com\/ro\/academy\/guides\/#breadcrumb","itemListElement":[{"@type":"ListItem","position":1,"name":"ACAS\u0102","item":"https:\/\/www.etoro.com\/ro\/"},{"@type":"ListItem","position":2,"name":"eToro Academy","item":"https:\/\/www.etoro.com\/ro\/academy\/"},{"@type":"ListItem","position":3,"name":"Guides"}]},{"@type":"WebSite","@id":"https:\/\/www.etoro.com\/ro\/#website","url":"https:\/\/www.etoro.com\/ro\/","name":"eToro","description":"","publisher":{"@id":"https:\/\/www.etoro.com\/ro\/#organization"},"potentialAction":[{"@type":"SearchAction","target":{"@type":"EntryPoint","urlTemplate":"https:\/\/www.etoro.com\/ro\/?s={search_term_string}"},"query-input":{"@type":"PropertyValueSpecification","valueRequired":true,"valueName":"search_term_string"}}],"inLanguage":"ro"},[]]}},"_links":{"self":[{"href":"https:\/\/www.etoro.com\/ro\/wp-json\/wp\/v2\/pages\/314696"}],"collection":[{"href":"https:\/\/www.etoro.com\/ro\/wp-json\/wp\/v2\/pages"}],"about":[{"href":"https:\/\/www.etoro.com\/ro\/wp-json\/wp\/v2\/types\/page"}],"author":[{"embeddable":true,"href":"https:\/\/www.etoro.com\/ro\/wp-json\/wp\/v2\/users\/45"}],"replies":[{"embeddable":true,"href":"https:\/\/www.etoro.com\/ro\/wp-json\/wp\/v2\/comments?post=314696"}],"version-history":[{"count":0,"href":"https:\/\/www.etoro.com\/ro\/wp-json\/wp\/v2\/pages\/314696\/revisions"}],"up":[{"embeddable":true,"href":"https:\/\/www.etoro.com\/ro\/wp-json\/wp\/v2\/pages\/306858"}],"wp:featuredmedia":[{"embeddable":true,"href":"https:\/\/www.etoro.com\/ro\/wp-json\/wp\/v2\/media\/605467"}],"wp:attachment":[{"href":"https:\/\/www.etoro.com\/ro\/wp-json\/wp\/v2\/media?parent=314696"}],"wp:term":[{"taxonomy":"asset_type","embeddable":true,"href":"https:\/\/www.etoro.com\/ro\/wp-json\/wp\/v2\/asset_type?post=314696"}],"curies":[{"name":"wp","href":"https:\/\/api.w.org\/{rel}","templated":true}]}}