{"id":31899,"date":"2017-10-02T16:44:09","date_gmt":"2017-10-02T13:44:09","guid":{"rendered":"http:\/\/www.etoro.com\/copy-mirror\/"},"modified":"2021-10-04T11:26:35","modified_gmt":"2021-10-04T08:26:35","slug":"copy-vs-mirror","status":"publish","type":"page","link":"https:\/\/www.etoro.com\/ro\/copytrader\/copy-vs-mirror\/","title":{"rendered":"Copy Trading revolu\u021bioneaz\u0103 conceptul de tranzac\u021bionare \u00een oglind\u0103 (mirror trading)"},"content":{"rendered":"<p>Te-ai decis s\u0103 \u00eencepi s\u0103 tranzac\u021bionezi online. Ai citit despre c\u00e2teva platforme \u0219i \u0219tii c\u0103 po\u021bi s\u0103 tranzac\u021bionezi \u00een oglind\u0103. Ce zici \u00eens\u0103 de Copy Trading \u2013 una dintre cele mai simple metode de tranzac\u021bionare online. Te-ai g\u00e2ndit s\u0103 \u00eencerci?<\/p>\n<p>Aceast\u0103 pagin\u0103 \u00ee\u021bi va prezenta diferen\u021bele dintre aceste dou\u0103 concepte: tranzac\u021bionarea \u00een oglind\u0103 \u0219i CopyTrading-ul oferit de eToro.<\/p>\n<h2>Ce \u00eenseamn\u0103 tranzac\u021bionarea \u00een oglind\u0103?<\/h2>\n<p>Tranzac\u021bionarea \u00een oglind\u0103 este utilizat\u0103 pe pie\u021bele valutare \u00eenc\u0103 de la \u00eenceputul anilor 2000. \u00cen esen\u021b\u0103, reprezint\u0103 conceptul de a copia tranzac\u021biile unei alte persoane \u0219i a devenit o practic\u0103 din ce \u00een ce mai popular\u0103 \u00een r\u00e2ndul companiilor mai mici din ecosistemul tranzac\u021biilor valutare online. Ce ar putea fi mai simplu dec\u00e2t s\u0103 \u00eei la\u0219i pe cei mai buni traderi din lume s\u0103 se ocupe de tranzac\u021biile tale, automatiz\u00e2nd complet experien\u021ba ta de tranzac\u021bionare? Nicio interven\u021bie nu este necesar\u0103 din partea clientului, deoarece platforma controleaz\u0103 toat\u0103 activitatea contului. Tot ce trebuie s\u0103 faci este s\u0103 te conectezi o dat\u0103 pe s\u0103pt\u0103m\u00e2n\u0103 pentru a vedea soldul contului t\u0103u.<\/p>\n<p>O parte din platformele care ofer\u0103 tranzac\u021bionare \u00een oglind\u0103 fac acest lucru str\u00e2ng\u00e2nd un num\u0103r de traderi experimenta\u021bi din toate col\u021burile lumii. Aceste platforme le ofer\u0103 acestor traderi conturi gratuite de tranzac\u021bionare, reu\u0219ind astfel s\u0103 beneficieze de un istoric impresionant de performan\u021b\u0103 atunci c\u00e2nd sunt testate sau auditate. \u00cen paralel, aceste companii de trading \u00een oglind\u0103 afi\u0219eaz\u0103 \u00een mod continuu istoricul de performan\u021b\u0103 al acestor traderi \u0219i \u00eel actualizeaz\u0103 mereu pe site-urile proprii.<\/p>\n<p>Ca parte din programele lor, aceste companii au acorduri active cu mai mul\u021bi brokeri. Companiile configureaz\u0103 mai multe conturi ale brokerilor \u00eentr-un unic \u201econt master\u201d controlat de companie. Conturile individuale sunt de\u021binute de brokeri, iar contul \u201emaster\u201d de c\u0103tre companie. Compania acord\u0103 contul master brokerilor cei mai performan\u021bi \u0219i acesta este oglindit \u00een alte conturi conectate.<\/p>\n<p>Odat\u0103 ce clientul alege un trader pentru a-i opera contul, este sf\u0103tuit s\u0103 deschid\u0103 un cont cu brokerul recomandat pentru acest cont master. Dup\u0103 ce contul este deschis, acesta este auto-configurat dup\u0103 contul master al traderului selectat. Din acel moment, indiferent ce va face traderul \u00een contul s\u0103u, totul va fi reprodus\/oglindit automat \u00een contul clientului. Clientul este liber s\u0103-\u0219i selecteze proprii parametrii de gestionare a riscului, astfel \u00eenc\u00e2t ocazionalele mi\u0219c\u0103ri agresive sau erori de tranzac\u021bionare nu vor fi neap\u0103rat reflectate \u0219i \u00een contul s\u0103u.<\/p>\n<p>\u021ain\u00e2nd cont de ceea ce tocmai ai citit, hai s\u0103 vedem cum a revolu\u021bionat eToro conceptul de tranzac\u021bionare \u00een oglind\u0103, cum l-a transformat \u00eentr-o re\u021bea social\u0103 de tranzac\u021bionare \u0219i cum, f\u0103c\u00e2nd acest lucru, l-a simplificat.<\/p>\n<h2>Ce \u00eenseamn\u0103 Copy Trading?<\/h2>\n<p>eToro este pionierul conceptului de Copy Trading, care \u00ee\u021bi permite s\u0103 copiezi \u00een mod automat traderii ale\u0219i de tine, copiind ac\u021biunile lor \u00een propriul t\u0103u cont. \u00cen termeni simpli, asta \u00eenseamn\u0103 c\u0103 tranzac\u021bionezi pe pie\u021bele financiare, l\u0103s\u00e2ndu-i pe al\u021bi utilizatori din \u00eentreaga lume s\u0103 execute tranzac\u021biile \u00een locul t\u0103u.<\/p>\n<p>Acum, hai s\u0103 ne uit\u0103m la func\u021bionalit\u0103\u021bile de natur\u0103 social\u0103 care au revolu\u021bionat tranzac\u021bionarea online. \u00cen fluxul de \u0219tiri de trading de pe platforma eToro po\u021bi vizualiza componentele de baz\u0103 care formeaz\u0103 re\u021beaua social\u0103 de tranzac\u021bionare, printre care: po\u021bi vedea ce fac al\u021bi traderi \u00een timp real, po\u021bi urm\u0103ri traderii cei mai performan\u021bi \u0219i po\u021bi copia orice trader dore\u0219ti.<\/p>\n<p>Atunci c\u00e2nd te conectezi la eToro, po\u021bi vedea imediat c\u0103 aceast\u0103 <a href=\"https:\/\/www.etoro.com\/ro\/trading\/platforms\/\" target=\"_blank\" rel=\"noopener noreferrer\">platform\u0103 de tranzac\u021bionare<\/a> nu seam\u0103n\u0103 cu nicio alta din domeniul actual al tranzac\u021bion\u0103rii online. Graficele complicate sunt prezentate \u00eentr-o manier\u0103 u\u0219or de \u00een\u021beles \u0219i unele sec\u021biuni din platform\u0103 arat\u0103 mai degrab\u0103 ca o re\u021bea social\u0103 dec\u00e2t ca o platform\u0103 de tranzac\u021bionare. Doar pe eToro po\u021bi s\u0103 urm\u0103re\u0219ti al\u021bi traderi \u0219i s\u0103 le vezi activitatea recent\u0103 \u00een lista ta de urm\u0103rire \u2013 un flux de \u0219tiri \u00een direct privind tranzac\u021biile persoanelor \u0219i activelor pe care tu alegi s\u0103 le urm\u0103re\u0219ti.<\/p>\n<p>O alt\u0103 func\u021bionalitate util\u0103 este copy trading (bazat\u0103 pe tehnologia patentat\u0103 CopyTrader\u2122 a eToro). Acest instrument \u00ee\u021bi permite s\u0103 copiezi automat traderi de succes \u0219i s\u0103 deschizi acelea\u0219i pozi\u021bii ca ei. De fapt, \u00ee\u021bi construie\u0219ti propriul portofoliu de utilizatori. Aceast\u0103 func\u021bionalitate reprezint\u0103 o solu\u021bie perfect\u0103 pentru cei care doresc s\u0103 fie parte din industria de trading online, \u00eens\u0103 pur \u0219i simplu nu au timpul sau devotamentul necesar pentru a \u00eencepe s\u0103 \u00eenve\u021be despre pia\u021ba financiar\u0103. Po\u021bi pur \u0219i simplu s\u0103-i copiezi pe traderii t\u0103i favori\u021bi \u0219i s\u0103 beneficiezi de cuno\u0219tin\u021bele \u0219i experien\u021ba acestora.<\/p>\n<h2>Cum s\u0103 \u00eencepi cu Copy Trading<\/h2>\n<p>\u00cen primul r\u00e2nd, \u00ee\u021bi recomand\u0103m s\u0103 te ui\u021bi la lista Popular Investors din sec\u021biunea Alegerea editorului. Traderii afi\u0219a\u021bi aici sunt cei care men\u021bin un nivel sc\u0103zut de risc \u0219i au \u00eenregistrat c\u00e2\u0219tiguri \u00een ultimele luni. Po\u021bi folosi de asemenea \u0219i instrumentul de descoperire de utilizatori pentru a g\u0103si mai mul\u021bi traderi pe care s\u0103-i copiezi.<\/p>\n<p>Rezultatele c\u0103ut\u0103rii pot fi filtrate \u00een func\u021bie de c\u00e2\u0219tiguri, scorul de risc, \u021bara de origine \u0219i al\u021bi factori. Dac\u0103 g\u0103se\u0219ti un utilizator pe care ai dori s\u0103-l copiezi, f\u0103 clic pe profilul s\u0103u \u0219i \u00eei vei vedea cele mai recente statistici, biografia, strategia de tranzac\u021bionare \u0219i alte informa\u021bii utile. Dac\u0103 decizi c\u0103 acesta este un trader pe care dore\u0219ti s\u0103 \u00eel copiezi, tot ce trebuie s\u0103 faci este s\u0103 faci clic pe \u201eCopiaz\u0103\u201d \u0219i s\u0103 decizi suma pe care dore\u0219ti s\u0103 o aloci din totalul capitalului din contul t\u0103u. Toate ac\u021biunile sunt executate \u00een mod propor\u021bional, \u00eensemn\u00e2nd c\u0103 dac\u0103 vei aloca 1.000 USD pentru a copia un trader care are un cont de tranzac\u021bionare de 10.000 USD, atunci c\u00e2nd ei vor deschide o pozi\u021bie de 1.000 USD, o pozi\u021bie copiat\u0103 de 100 USD va fi creat\u0103 \u00een contul t\u0103u. Acest lucru nu doar c\u0103 \u00ee\u021bi permite s\u0103 copiezi direct pozi\u021bia, dar \u0219i strategia de investi\u021bie aplicat\u0103 a acelui trader. Re\u021bine, unul dintre cele mai importante lucruri pe care trebuie s\u0103-l \u0219tii este s\u0103-\u021bi diversifici investi\u021biile \u0219i riscurile inteligent, \u00eentr-o gam\u0103 variat\u0103 de tranzac\u021bii. Cu copy trading, investi\u021biile tale au automat un nivel de risc diversificat, at\u00e2ta timp c\u00e2t traderul copiat \u00ee\u0219i administreaz\u0103 riscul \u00een acela\u0219i mod. Ne \u00eencuraj\u0103m clien\u021bii s\u0103-\u0219i administreze riscurile conform\u00a0Politicii noastre de\u00a0<a href=\"https:\/\/www.etoro.com\/ro\/customer-service\/responsible-trading\/\">tranzac\u021bionare responsabil\u0103.\u00a0<\/a><\/p>\n<p>Pe parcursul anilor, am observat modul \u00een care CopyTrader \u0219i Copy Trading au revolu\u021bionat felul \u00een care tranzac\u021bioneaz\u0103 \u0219i investesc utilizatorii. Dac\u0103 nu ai un cont eToro po\u021bi \u00eencerca GRATUIT Copy Trading utiliz\u00e2nd un cont virtual de tranzac\u021bionare de 100.000 USD.<\/p>\n","protected":false},"excerpt":{"rendered":"<p>Te-ai decis s\u0103 \u00eencepi s\u0103 tranzac\u021bionezi online. Ai citit despre c\u00e2teva platforme \u0219i \u0219tii c\u0103 po\u021bi s\u0103 tranzac\u021bionezi \u00een oglind\u0103. Ce zici \u00eens\u0103 de Copy Trading \u2013 una dintre cele mai simple metode de tranzac\u021bionare online. Te-ai g\u00e2ndit s\u0103 \u00eencerci? Aceast\u0103 pagin\u0103 \u00ee\u021bi va prezenta diferen\u021bele dintre aceste dou\u0103 concepte: tranzac\u021bionarea \u00een oglind\u0103 \u0219i CopyTrading-ul&hellip;<\/p>\n","protected":false},"author":1,"featured_media":0,"parent":34709,"menu_order":1633,"comment_status":"closed","ping_status":"closed","template":"","meta":{"_acf_changed":false,"inline_featured_image":false,"sticky_cta_settings":"","footnotes":""},"asset_type":[],"class_list":["post-31899","page","type-page","status-publish","hentry"],"acf":[],"yoast_head":"<title>Copy Trading revolu\u021bioneaz\u0103 conceptul de tranzac\u021bionare \u00een oglind\u0103 (mirror trading) - eToro<\/title>\n<meta name=\"robots\" content=\"index, follow, max-snippet:-1, max-image-preview:large, max-video-preview:-1\" \/>\n<link rel=\"canonical\" href=\"https:\/\/www.etoro.com\/ro\/wp-json\/wp\/v2\/pages\/31899\" \/>\n<meta property=\"og:locale\" content=\"ro_RO\" \/>\n<meta property=\"og:type\" content=\"article\" \/>\n<meta property=\"og:title\" content=\"Copy Trading revolu\u021bioneaz\u0103 conceptul de tranzac\u021bionare \u00een oglind\u0103 (mirror trading) - eToro\" \/>\n<meta property=\"og:description\" content=\"Te-ai decis s\u0103 \u00eencepi s\u0103 tranzac\u021bionezi online. Ai citit despre c\u00e2teva platforme \u0219i \u0219tii c\u0103 po\u021bi s\u0103 tranzac\u021bionezi \u00een oglind\u0103. Ce zici \u00eens\u0103 de Copy Trading \u2013 una dintre cele mai simple metode de tranzac\u021bionare online. Te-ai g\u00e2ndit s\u0103 \u00eencerci? Aceast\u0103 pagin\u0103 \u00ee\u021bi va prezenta diferen\u021bele dintre aceste dou\u0103 concepte: tranzac\u021bionarea \u00een oglind\u0103 \u0219i CopyTrading-ul&hellip;\" \/>\n<meta property=\"og:url\" content=\"https:\/\/www.etoro.com\/ro\/wp-json\/wp\/v2\/pages\/31899\" \/>\n<meta property=\"og:site_name\" content=\"eToro\" \/>\n<meta property=\"article:publisher\" content=\"https:\/\/www.facebook.com\/eToro\/\" \/>\n<meta property=\"article:modified_time\" content=\"2021-10-04T08:26:35+00:00\" \/>\n<meta property=\"og:image\" content=\"https:\/\/www.etoro.com\/wp-content\/uploads\/2019\/12\/etoro_logo_social_share1.png\" \/>\n\t<meta property=\"og:image:width\" content=\"240\" \/>\n\t<meta property=\"og:image:height\" content=\"240\" \/>\n\t<meta property=\"og:image:type\" content=\"image\/png\" \/>\n<meta name=\"twitter:card\" content=\"summary_large_image\" \/>\n<meta name=\"twitter:site\" content=\"@eToro\" \/>\n<meta name=\"twitter:label1\" content=\"Est. reading time\" \/>\n\t<meta name=\"twitter:data1\" content=\"6 minutes\" \/>\n<script type=\"application\/ld+json\" class=\"yoast-schema-graph\">{\"@context\":\"https:\/\/schema.org\",\"@graph\":[{\"@type\":\"WebPage\",\"@id\":\"https:\/\/www.etoro.com\/ro\/copytrader\/copy-vs-mirror\/\",\"url\":\"https:\/\/www.etoro.com\/ro\/copytrader\/copy-vs-mirror\/\",\"name\":\"Copy Trading revolu\u021bioneaz\u0103 conceptul de tranzac\u021bionare \u00een oglind\u0103 (mirror trading) - eToro\",\"isPartOf\":{\"@id\":\"https:\/\/www.etoro.com\/ro\/#website\"},\"datePublished\":\"2017-10-02T13:44:09+00:00\",\"dateModified\":\"2021-10-04T08:26:35+00:00\",\"breadcrumb\":{\"@id\":\"https:\/\/www.etoro.com\/ro\/copytrader\/copy-vs-mirror\/#breadcrumb\"},\"inLanguage\":\"ro\",\"potentialAction\":[{\"@type\":\"ReadAction\",\"target\":[\"https:\/\/www.etoro.com\/ro\/copytrader\/copy-vs-mirror\/\"]}]},{\"@type\":\"BreadcrumbList\",\"@id\":\"https:\/\/www.etoro.com\/ro\/copytrader\/copy-vs-mirror\/#breadcrumb\",\"itemListElement\":[{\"@type\":\"ListItem\",\"position\":1,\"name\":\"ACAS\u0102\",\"item\":\"https:\/\/www.etoro.com\/ro\/\"},{\"@type\":\"ListItem\",\"position\":2,\"name\":\"CopyTrader\",\"item\":\"https:\/\/www.etoro.com\/ro\/copytrader\/\"},{\"@type\":\"ListItem\",\"position\":3,\"name\":\"COPIERE\"}]},{\"@type\":\"WebSite\",\"@id\":\"https:\/\/www.etoro.com\/ro\/#website\",\"url\":\"https:\/\/www.etoro.com\/ro\/\",\"name\":\"eToro\",\"description\":\"\",\"publisher\":{\"@id\":\"https:\/\/www.etoro.com\/ro\/#organization\"},\"potentialAction\":[{\"@type\":\"SearchAction\",\"target\":{\"@type\":\"EntryPoint\",\"urlTemplate\":\"https:\/\/www.etoro.com\/ro\/?s={search_term_string}\"},\"query-input\":{\"@type\":\"PropertyValueSpecification\",\"valueRequired\":true,\"valueName\":\"search_term_string\"}}],\"inLanguage\":\"ro\"},[]]}<\/script>","yoast_head_json":{"title":"Copy Trading revolu\u021bioneaz\u0103 conceptul de tranzac\u021bionare \u00een oglind\u0103 (mirror trading) - eToro","robots":{"index":"index","follow":"follow","max-snippet":"max-snippet:-1","max-image-preview":"max-image-preview:large","max-video-preview":"max-video-preview:-1"},"canonical":"https:\/\/www.etoro.com\/ro\/wp-json\/wp\/v2\/pages\/31899","og_locale":"ro_RO","og_type":"article","og_title":"Copy Trading revolu\u021bioneaz\u0103 conceptul de tranzac\u021bionare \u00een oglind\u0103 (mirror trading) - eToro","og_description":"Te-ai decis s\u0103 \u00eencepi s\u0103 tranzac\u021bionezi online. Ai citit despre c\u00e2teva platforme \u0219i \u0219tii c\u0103 po\u021bi s\u0103 tranzac\u021bionezi \u00een oglind\u0103. Ce zici \u00eens\u0103 de Copy Trading \u2013 una dintre cele mai simple metode de tranzac\u021bionare online. Te-ai g\u00e2ndit s\u0103 \u00eencerci? Aceast\u0103 pagin\u0103 \u00ee\u021bi va prezenta diferen\u021bele dintre aceste dou\u0103 concepte: tranzac\u021bionarea \u00een oglind\u0103 \u0219i CopyTrading-ul&hellip;","og_url":"https:\/\/www.etoro.com\/ro\/wp-json\/wp\/v2\/pages\/31899","og_site_name":"eToro","article_publisher":"https:\/\/www.facebook.com\/eToro\/","article_modified_time":"2021-10-04T08:26:35+00:00","og_image":[{"width":240,"height":240,"url":"https:\/\/www.etoro.com\/wp-content\/uploads\/2019\/12\/etoro_logo_social_share1.png","type":"image\/png"}],"twitter_card":"summary_large_image","twitter_site":"@eToro","twitter_misc":{"Est. reading time":"6 minutes"},"schema":{"@context":"https:\/\/schema.org","@graph":[{"@type":"WebPage","@id":"https:\/\/www.etoro.com\/ro\/copytrader\/copy-vs-mirror\/","url":"https:\/\/www.etoro.com\/ro\/copytrader\/copy-vs-mirror\/","name":"Copy Trading revolu\u021bioneaz\u0103 conceptul de tranzac\u021bionare \u00een oglind\u0103 (mirror trading) - eToro","isPartOf":{"@id":"https:\/\/www.etoro.com\/ro\/#website"},"datePublished":"2017-10-02T13:44:09+00:00","dateModified":"2021-10-04T08:26:35+00:00","breadcrumb":{"@id":"https:\/\/www.etoro.com\/ro\/copytrader\/copy-vs-mirror\/#breadcrumb"},"inLanguage":"ro","potentialAction":[{"@type":"ReadAction","target":["https:\/\/www.etoro.com\/ro\/copytrader\/copy-vs-mirror\/"]}]},{"@type":"BreadcrumbList","@id":"https:\/\/www.etoro.com\/ro\/copytrader\/copy-vs-mirror\/#breadcrumb","itemListElement":[{"@type":"ListItem","position":1,"name":"ACAS\u0102","item":"https:\/\/www.etoro.com\/ro\/"},{"@type":"ListItem","position":2,"name":"CopyTrader","item":"https:\/\/www.etoro.com\/ro\/copytrader\/"},{"@type":"ListItem","position":3,"name":"COPIERE"}]},{"@type":"WebSite","@id":"https:\/\/www.etoro.com\/ro\/#website","url":"https:\/\/www.etoro.com\/ro\/","name":"eToro","description":"","publisher":{"@id":"https:\/\/www.etoro.com\/ro\/#organization"},"potentialAction":[{"@type":"SearchAction","target":{"@type":"EntryPoint","urlTemplate":"https:\/\/www.etoro.com\/ro\/?s={search_term_string}"},"query-input":{"@type":"PropertyValueSpecification","valueRequired":true,"valueName":"search_term_string"}}],"inLanguage":"ro"},[]]}},"_links":{"self":[{"href":"https:\/\/www.etoro.com\/ro\/wp-json\/wp\/v2\/pages\/31899"}],"collection":[{"href":"https:\/\/www.etoro.com\/ro\/wp-json\/wp\/v2\/pages"}],"about":[{"href":"https:\/\/www.etoro.com\/ro\/wp-json\/wp\/v2\/types\/page"}],"author":[{"embeddable":true,"href":"https:\/\/www.etoro.com\/ro\/wp-json\/wp\/v2\/users\/1"}],"replies":[{"embeddable":true,"href":"https:\/\/www.etoro.com\/ro\/wp-json\/wp\/v2\/comments?post=31899"}],"version-history":[{"count":0,"href":"https:\/\/www.etoro.com\/ro\/wp-json\/wp\/v2\/pages\/31899\/revisions"}],"up":[{"embeddable":true,"href":"https:\/\/www.etoro.com\/ro\/wp-json\/wp\/v2\/pages\/34709"}],"wp:attachment":[{"href":"https:\/\/www.etoro.com\/ro\/wp-json\/wp\/v2\/media?parent=31899"}],"wp:term":[{"taxonomy":"asset_type","embeddable":true,"href":"https:\/\/www.etoro.com\/ro\/wp-json\/wp\/v2\/asset_type?post=31899"}],"curies":[{"name":"wp","href":"https:\/\/api.w.org\/{rel}","templated":true}]}}