{"id":31904,"date":"2018-02-28T17:45:54","date_gmt":"2018-02-28T15:45:54","guid":{"rendered":"http:\/\/www.etoro.com\/customer-service\/account-verification\/"},"modified":"2025-05-12T15:02:49","modified_gmt":"2025-05-12T12:02:49","slug":"account-verification","status":"publish","type":"page","link":"https:\/\/www.etoro.com\/ro\/customer-service\/account-verification\/","title":{"rendered":"Cum \u00ee\u021bi verifici contul eToro"},"content":{"rendered":"\n<section class=\"wp-block-group wp-block-group-boxed\"><div class=\"wp-block-group-inner is-layout-flow wp-block-group-is-layout-flow\">\n<div class=\"wp-block-columns are-vertically-aligned-top wp-block-columns-1 is-layout-flex wp-container-core-columns-is-layout-1 wp-block-columns-is-layout-flex\">\n<div class=\"wp-block-column is-layout-flow wp-block-column-is-layout-flow\"><\/div>\n<\/div>\n\n\n\n<p><strong>Verificarea este un pas obligatoriu \u00een procesul de \u00eenregistrare pe platforma eToro. Reglement\u0103rile \u00een vigoare ne oblig\u0103 s\u0103 verific\u0103m fiecare cont nou creat pe eToro. \u00cen acest fel, platforma noastr\u0103 r\u0103m\u00e2ne sigur\u0103 \u0219i prevenim activit\u0103\u021bile necorespunz\u0103toare.<\/strong><\/p>\n\n\n\n<p>Dup\u0103 verificarea contului t\u0103u, vei putea s\u0103 te bucuri de toate beneficiile platformei eToro. Pentru a-\u021bi verifica contul, trebuie s\u0103 \u00eencarci o dovad\u0103 a identit\u0103\u021bii \u0219i o dovad\u0103 a adresei. Procesul de verificare va \u00eencepe numai dup\u0103 ce ne furnizezi ambele documente. Po\u021bi s\u0103 folose\u0219ti aplica\u021bia eToro pentru a scana documentele direct pe platform\u0103.<\/p>\n\n\n<figure class=\"wp-block-embed is-type-video is-provider-youtube wp-block-embed-youtube wp-embed-aspect-16-9 wp-has-aspect-ratio\"><a href=\"https:\/\/www.youtube.com\/watch?v=aMbvkxcpjTw\" data-fancybox class=\"wp-block-embed-link\" rel=\"nofollow noopener noreferrer\" >\n\t\t\t\t<img decoding=\"async\" src=\"https:\/\/img.youtube.com\/vi\/aMbvkxcpjTw\/maxresdefault.jpg\" alt=\"\" class=\"wp-block-embed-preview\">\n\t\t\t<\/a><\/figure><\/div><\/section>\n\n\n\n<section class=\"wp-block-group wp-block-group-boxed wp-block-group-medium-top-padding has-white-background-color has-background\"><div class=\"wp-block-group-inner is-layout-flow wp-block-group-is-layout-flow\">\n<div class=\"wp-block-columns are-vertically-aligned-top wp-block-columns-1 is-layout-flex wp-container-core-columns-is-layout-2 wp-block-columns-is-layout-flex\">\n<div class=\"wp-block-column is-layout-flow wp-block-column-is-layout-flow\">\n<h2 class=\"wp-block-heading\"><span>Dovada identit\u0103\u021bii<\/span><\/h2>\n<\/div>\n<\/div>\n\n\n\n<hr class=\"wp-block-separator wp-block-separator-color-dark-grey wp-block-separator-spaces-small wp-block-separator-weight-1\"\/>\n\n\n\n<p>Dovada identit\u0103\u021bii trebuie s\u0103 con\u021bin\u0103 numele t\u0103u, data na\u0219terii, o fotografie clar\u0103, data emiterii \u0219i, dac\u0103 documentul are o dat\u0103 de expirare, \u0219i aceasta trebuie s\u0103 fie vizibil\u0103. Documentul preferat ca dovad\u0103 a identit\u0103\u021bii este pa\u0219aportul, acesta fiind \u0219i documentul care este procesat cel mai rapid de c\u0103tre echipa eToro. Ca alternativ\u0103, po\u021bi s\u0103 folose\u0219ti un permis de conducere sau orice alt document de identitate emis de autorit\u0103\u021bi. Dac\u0103 documentul este tip\u0103rit fa\u021b\u0103-verso \u0219i dac\u0103 exist\u0103 informa\u021bii relevante pe verso, asigur\u0103-te c\u0103 \u00eencarci \u0219i aceste informa\u021bii.<\/p>\n\n\n\n<p><strong>Toate informa\u021biile care apar pe dovada identit\u0103\u021bii trebuie s\u0103 fie vizibile<\/strong><\/p>\n\n\n\n<hr class=\"wp-block-separator wp-block-separator-color-dark-grey wp-block-separator-spaces-small wp-block-separator-weight-1\"\/>\n\n\n\n<figure class=\"wp-block-image size-large wp-block-image-has-mobile\"><img loading=\"lazy\" decoding=\"async\" width=\"1024\" height=\"247\" src=\"https:\/\/www.etoro.com\/wp-content\/uploads\/2025\/01\/image-1-2-1024x247.png\" alt=\"\" class=\"wp-image-979317 wp-image-desktop\" srcset=\"https:\/\/www.etoro.com\/wp-content\/uploads\/2025\/01\/image-1-2-1024x247.png 1024w, https:\/\/www.etoro.com\/wp-content\/uploads\/2025\/01\/image-1-2-300x72.png 300w, https:\/\/www.etoro.com\/wp-content\/uploads\/2025\/01\/image-1-2-768x185.png 768w, https:\/\/www.etoro.com\/wp-content\/uploads\/2025\/01\/image-1-2.png 1060w\" sizes=\"(max-width: 1024px) 100vw, 1024px\" \/><img loading=\"lazy\" decoding=\"async\" width=\"343\" height=\"103\" src=\"https:\/\/www.etoro.com\/wp-content\/uploads\/2025\/01\/Frame-20413297-1.png\" alt=\"\" class=\"wp-image-979367 wp-image-mobile\" srcset=\"https:\/\/www.etoro.com\/wp-content\/uploads\/2025\/01\/Frame-20413297-1.png 343w, https:\/\/www.etoro.com\/wp-content\/uploads\/2025\/01\/Frame-20413297-1-300x90.png 300w\" sizes=\"(max-width: 343px) 100vw, 343px\" \/><\/figure>\n\n\n\n<p><strong>\u00cencarc\u0103 documentul complet, f\u0103r\u0103 decupare \u0219i focalizat.<\/strong><\/p>\n\n\n\n<hr class=\"wp-block-separator wp-block-separator-color-dark-grey wp-block-separator-spaces-small wp-block-separator-weight-1\"\/>\n\n\n\n<figure class=\"wp-block-image size-large wp-block-image-has-mobile\"><img loading=\"lazy\" decoding=\"async\" width=\"1024\" height=\"286\" src=\"https:\/\/www.etoro.com\/wp-content\/uploads\/2025\/01\/Frame-20413298-1-1024x286.png\" alt=\"\" class=\"wp-image-979341 wp-image-desktop\" srcset=\"https:\/\/www.etoro.com\/wp-content\/uploads\/2025\/01\/Frame-20413298-1-1024x286.png 1024w, https:\/\/www.etoro.com\/wp-content\/uploads\/2025\/01\/Frame-20413298-1-300x84.png 300w, https:\/\/www.etoro.com\/wp-content\/uploads\/2025\/01\/Frame-20413298-1-768x214.png 768w, https:\/\/www.etoro.com\/wp-content\/uploads\/2025\/01\/Frame-20413298-1.png 1060w\" sizes=\"(max-width: 1024px) 100vw, 1024px\" \/><img loading=\"lazy\" decoding=\"async\" width=\"343\" height=\"84\" src=\"https:\/\/www.etoro.com\/wp-content\/uploads\/2025\/01\/image-2-1.png\" alt=\"\" class=\"wp-image-979391 wp-image-mobile\" srcset=\"https:\/\/www.etoro.com\/wp-content\/uploads\/2025\/01\/image-2-1.png 343w, https:\/\/www.etoro.com\/wp-content\/uploads\/2025\/01\/image-2-1-300x73.png 300w\" sizes=\"(max-width: 343px) 100vw, 343px\" \/><\/figure>\n\n\n\n<p><strong>Pentru a-\u021bi \u00eenc\u0103rca dovada identit\u0103\u021bii acum,&nbsp;<a href=\"https:\/\/www.etoro.com\/settings\/account?action=autokyc&amp;deepLink=uploadID\">f\u0103 clic aici<\/a>.<\/strong><\/p>\n<\/div><\/section>\n\n\n\n<section class=\"wp-block-group wp-block-group-boxed\"><div class=\"wp-block-group-inner is-layout-flow wp-block-group-is-layout-flow\">\n<div class=\"wp-block-columns are-vertically-aligned-top wp-block-columns-1 is-layout-flex wp-container-core-columns-is-layout-3 wp-block-columns-is-layout-flex\">\n<div class=\"wp-block-column is-layout-flow wp-block-column-is-layout-flow\">\n<h2 class=\"wp-block-heading\"><span>Dovada adresei<\/span><\/h2>\n<\/div>\n<\/div>\n\n\n\n<hr class=\"wp-block-separator wp-block-separator-color-dark-grey wp-block-separator-spaces-small wp-block-separator-weight-1\"\/>\n\n\n\n<p>Dovada adresei trebuie s\u0103 con\u021bin\u0103 numele t\u0103u complet, adresa \u0219i data de emitere, care nu trebuie s\u0103 fie mai veche de 3 luni. Numele sau logoul emitentului trebuie s\u0103 fie vizibil. Asigur\u0103-te c\u0103 scanezi documentul pe un fundal de culoare diferit\u0103, astfel \u00eenc\u00e2t toate cele patru col\u021buri s\u0103 fie vizibile.<\/p>\n\n\n\n<p class=\"is-style-heading-4\">Dovada adresei poate fi oricare dintre documentele urm\u0103toare:<\/p>\n\n\n\n<div class=\"wp-block-columns are-vertically-aligned-top wp-block-columns-3 is-layout-flex wp-container-core-columns-is-layout-4 wp-block-columns-is-layout-flex\">\n<div class=\"wp-block-column is-layout-flow wp-block-column-is-layout-flow\">\n<ul class=\"wp-block-list wp-block-list wp-block-list-circle\">\n<li>Extras de cont bancar<\/li>\n\n\n\n<li>Extras de cont card de credit<\/li>\n\n\n\n<li>Factur\u0103 de electricitate, ap\u0103 sau gaze<\/li>\n<\/ul>\n<\/div>\n\n\n\n<div class=\"wp-block-column is-layout-flow wp-block-column-is-layout-flow\">\n<ul class=\"wp-block-list wp-block-list wp-block-list-circle\">\n<li>Decizie de impunere pentru impozite locale<\/li>\n\n\n\n<li>Decizie de impunere pentru impozit pe venit<\/li>\n\n\n\n<li>Contract oficial de \u00eenchiriere de case \u2013 emis de guvern<\/li>\n<\/ul>\n<\/div>\n\n\n\n<div class=\"wp-block-column is-layout-flow wp-block-column-is-layout-flow\">\n<ul class=\"wp-block-list wp-block-list wp-block-list-circle\">\n<li>Scrisoare de la autorit\u0103\u021bile locale<\/li>\n\n\n\n<li>Factur\u0103 de internet&nbsp;<\/li>\n<\/ul>\n<\/div>\n<\/div>\n<\/div><\/section>\n\n\n\n<section class=\"wp-block-group wp-block-group-boxed has-white-background-color has-background\"><div class=\"wp-block-group-inner is-layout-flow wp-block-group-is-layout-flow\">\n<div class=\"wp-block-columns are-vertically-aligned-top wp-block-columns-1 is-layout-flex wp-container-core-columns-is-layout-5 wp-block-columns-is-layout-flex\">\n<div class=\"wp-block-column is-layout-flow wp-block-column-is-layout-flow\">\n<p><strong>Documentul trebuie s\u0103 fie scanat \u00eentins<\/strong><\/p>\n<\/div>\n<\/div>\n\n\n\n<hr class=\"wp-block-separator wp-block-separator-color-dark-grey wp-block-separator-spaces-small wp-block-separator-weight-1\"\/>\n\n\n\n<figure class=\"wp-block-image size-large wp-block-image-has-mobile\"><img loading=\"lazy\" decoding=\"async\" width=\"1024\" height=\"247\" src=\"https:\/\/www.etoro.com\/wp-content\/uploads\/2025\/01\/image-1-1-1024x247.png\" alt=\"\" class=\"wp-image-979254 wp-image-desktop\" srcset=\"https:\/\/www.etoro.com\/wp-content\/uploads\/2025\/01\/image-1-1-1024x247.png 1024w, https:\/\/www.etoro.com\/wp-content\/uploads\/2025\/01\/image-1-1-300x72.png 300w, https:\/\/www.etoro.com\/wp-content\/uploads\/2025\/01\/image-1-1-768x185.png 768w, https:\/\/www.etoro.com\/wp-content\/uploads\/2025\/01\/image-1-1.png 1060w\" sizes=\"(max-width: 1024px) 100vw, 1024px\" \/><img loading=\"lazy\" decoding=\"async\" width=\"343\" height=\"84\" src=\"https:\/\/www.etoro.com\/wp-content\/uploads\/2025\/01\/image-2-2.png\" alt=\"\" class=\"wp-image-979416 wp-image-mobile\" srcset=\"https:\/\/www.etoro.com\/wp-content\/uploads\/2025\/01\/image-2-2.png 343w, https:\/\/www.etoro.com\/wp-content\/uploads\/2025\/01\/image-2-2-300x73.png 300w\" sizes=\"(max-width: 343px) 100vw, 343px\" \/><\/figure>\n\n\n\n<p><strong>Nu trebuie s\u0103 existe decup\u0103ri \u0219i toate cele patru col\u021buri trebuie s\u0103 fie vizibile.<\/strong><\/p>\n\n\n\n<hr class=\"wp-block-separator wp-block-separator-color-dark-grey wp-block-separator-spaces-small wp-block-separator-weight-1\"\/>\n\n\n\n<figure class=\"wp-block-image size-large wp-block-image-has-mobile\"><img loading=\"lazy\" decoding=\"async\" width=\"1024\" height=\"247\" src=\"https:\/\/www.etoro.com\/wp-content\/uploads\/2025\/01\/image-2-1024x247.png\" alt=\"\" class=\"wp-image-979279 wp-image-desktop\" srcset=\"https:\/\/www.etoro.com\/wp-content\/uploads\/2025\/01\/image-2-1024x247.png 1024w, https:\/\/www.etoro.com\/wp-content\/uploads\/2025\/01\/image-2-300x72.png 300w, https:\/\/www.etoro.com\/wp-content\/uploads\/2025\/01\/image-2-768x185.png 768w, https:\/\/www.etoro.com\/wp-content\/uploads\/2025\/01\/image-2.png 1060w\" sizes=\"(max-width: 1024px) 100vw, 1024px\" \/><img loading=\"lazy\" decoding=\"async\" width=\"343\" height=\"84\" src=\"https:\/\/www.etoro.com\/wp-content\/uploads\/2025\/01\/image-2-3.png\" alt=\"\" class=\"wp-image-979440 wp-image-mobile\" srcset=\"https:\/\/www.etoro.com\/wp-content\/uploads\/2025\/01\/image-2-3.png 343w, https:\/\/www.etoro.com\/wp-content\/uploads\/2025\/01\/image-2-3-300x73.png 300w\" sizes=\"(max-width: 343px) 100vw, 343px\" \/><\/figure>\n\n\n\n<p><strong>*Te rug\u0103m s\u0103 re\u021bii c\u0103 accept\u0103m capturi de ecran (screenshot) \u00een cazul \u00een care dovada adresei se bazeaz\u0103 pe un document digital.<\/strong><\/p>\n\n\n\n<p><strong>Pentru a-\u021bi \u00eenc\u0103rca dovada adresei acum,&nbsp;<a href=\"https:\/\/www.etoro.com\/settings\/account?action=autokyc&amp;deepLink=uploadutilitybill\">f\u0103 clic aici<\/a>.<\/strong><\/p>\n\n\n\n<p>Procesul de verificare poate s\u0103 dureze c\u00e2teva zile. Vei primi o notificare dup\u0103 finalizarea verific\u0103rii contului t\u0103u. De asemenea, po\u021bi s\u0103 urm\u0103re\u0219ti starea procesului de verificare pe platforma eToro. Conturile verificate sunt semnalizate prin activarea simbolului \u201everificat\u201d de culoare verde al\u0103turi de numele utilizatorului \u00een pagina profilului acestuia.<\/p>\n\n\n\n<p>Echipa noastr\u0103 \u00ee\u021bi va analiza documentele \u0219i va actualiza starea verific\u0103rii tale, deci&nbsp;<strong>nu este nevoie s\u0103 transmi\u021bi o solicitare la serviciul de asisten\u021b\u0103 pentru clien\u021bi pentru a cere informa\u021bii despre procesul de verificare.<\/strong>&nbsp;\u00cen cazul \u00een care documentele tale sunt respinse, \u00ee\u021bi vom trimite prin e-mail explica\u021bii clare \u00een leg\u0103tur\u0103 cu informa\u021biile pe care trebuie s\u0103 ni le furnizezi. Pentru a evita pierderea din vedere a acestui e-mail, te rug\u0103m s\u0103 adaugi eToro la lista ta de contacte sigure, \u00een set\u0103rile contului t\u0103u de e-mail.<\/p>\n<\/div><\/section>\n\n\n\n<p><\/p>\n","protected":false},"excerpt":{"rendered":"<p>Verificarea este un pas obligatoriu \u00een procesul de \u00eenregistrare pe platforma eToro. Reglement\u0103rile \u00een vigoare ne oblig\u0103 s\u0103 verific\u0103m fiecare cont nou creat pe eToro. \u00cen acest fel, platforma noastr\u0103 r\u0103m\u00e2ne sigur\u0103 \u0219i prevenim activit\u0103\u021bile necorespunz\u0103toare. Dup\u0103 verificarea contului t\u0103u, vei putea s\u0103 te bucuri de toate beneficiile platformei eToro. Pentru a-\u021bi verifica contul, trebuie&hellip;<\/p>\n","protected":false},"author":45,"featured_media":817892,"parent":30096,"menu_order":1074,"comment_status":"closed","ping_status":"closed","template":"","meta":{"_acf_changed":true,"inline_featured_image":false,"sticky_cta_settings":"","footnotes":""},"asset_type":[],"class_list":["post-31904","page","type-page","status-publish","has-post-thumbnail","hentry"],"acf":[],"yoast_head":"<title>Cum \u00ee\u021bi verifici contul eToro - eToro<\/title>\n<meta name=\"description\" content=\"Verific\u0103-\u021bi contul eToro \u00een c\u00e2\u021biva pa\u0219i. Verificarea este o parte obligatorie a procesului de \u00eenregistrare, necesar\u0103 pentru a elimina restric\u021biile de depunere.\" \/>\n<meta name=\"robots\" content=\"index, follow, max-snippet:-1, max-image-preview:large, max-video-preview:-1\" \/>\n<link rel=\"canonical\" href=\"https:\/\/www.etoro.com\/ro\/wp-json\/wp\/v2\/pages\/31904\" \/>\n<meta property=\"og:locale\" content=\"ro_RO\" \/>\n<meta property=\"og:type\" content=\"article\" \/>\n<meta property=\"og:title\" content=\"Cum \u00ee\u021bi verifici contul eToro - eToro\" \/>\n<meta property=\"og:description\" content=\"Verific\u0103-\u021bi contul eToro \u00een c\u00e2\u021biva pa\u0219i. Verificarea este o parte obligatorie a procesului de \u00eenregistrare, necesar\u0103 pentru a elimina restric\u021biile de depunere.\" \/>\n<meta property=\"og:url\" content=\"https:\/\/www.etoro.com\/ro\/wp-json\/wp\/v2\/pages\/31904\" \/>\n<meta property=\"og:site_name\" content=\"eToro\" \/>\n<meta property=\"article:publisher\" content=\"https:\/\/www.facebook.com\/eToro\/\" \/>\n<meta property=\"article:modified_time\" content=\"2025-05-12T12:02:49+00:00\" \/>\n<meta property=\"og:image\" content=\"https:\/\/www.etoro.com\/wp-content\/uploads\/2024\/01\/How-to-verify-your-eToro-account_Featured-image-1200x630_Romanian-ro.png\" \/>\n\t<meta property=\"og:image:width\" content=\"1200\" \/>\n\t<meta property=\"og:image:height\" content=\"630\" \/>\n\t<meta property=\"og:image:type\" content=\"image\/png\" \/>\n<meta name=\"twitter:card\" content=\"summary_large_image\" \/>\n<meta name=\"twitter:site\" content=\"@eToro\" \/>\n<meta name=\"twitter:label1\" content=\"Est. reading time\" \/>\n\t<meta name=\"twitter:data1\" content=\"3 minutes\" \/>\n<script type=\"application\/ld+json\" class=\"yoast-schema-graph\">{\"@context\":\"https:\/\/schema.org\",\"@graph\":[{\"@type\":\"WebPage\",\"@id\":\"https:\/\/www.etoro.com\/ro\/customer-service\/account-verification\/\",\"url\":\"https:\/\/www.etoro.com\/ro\/customer-service\/account-verification\/\",\"name\":\"Cum \u00ee\u021bi verifici contul eToro - eToro\",\"isPartOf\":{\"@id\":\"https:\/\/www.etoro.com\/ro\/#website\"},\"primaryImageOfPage\":{\"@id\":\"https:\/\/www.etoro.com\/ro\/customer-service\/account-verification\/#primaryimage\"},\"image\":{\"@id\":\"https:\/\/www.etoro.com\/ro\/customer-service\/account-verification\/#primaryimage\"},\"thumbnailUrl\":\"https:\/\/www.etoro.com\/wp-content\/uploads\/2024\/01\/How-to-verify-your-eToro-account_Featured-image-1200x630_Romanian-ro.png\",\"datePublished\":\"2018-02-28T15:45:54+00:00\",\"dateModified\":\"2025-05-12T12:02:49+00:00\",\"description\":\"Verific\u0103-\u021bi contul eToro \u00een c\u00e2\u021biva pa\u0219i. Verificarea este o parte obligatorie a procesului de \u00eenregistrare, necesar\u0103 pentru a elimina restric\u021biile de depunere.\",\"breadcrumb\":{\"@id\":\"https:\/\/www.etoro.com\/ro\/customer-service\/account-verification\/#breadcrumb\"},\"inLanguage\":\"ro\",\"potentialAction\":[{\"@type\":\"ReadAction\",\"target\":[\"https:\/\/www.etoro.com\/ro\/customer-service\/account-verification\/\"]}]},{\"@type\":\"ImageObject\",\"inLanguage\":\"ro\",\"@id\":\"https:\/\/www.etoro.com\/ro\/customer-service\/account-verification\/#primaryimage\",\"url\":\"https:\/\/www.etoro.com\/wp-content\/uploads\/2024\/01\/How-to-verify-your-eToro-account_Featured-image-1200x630_Romanian-ro.png\",\"contentUrl\":\"https:\/\/www.etoro.com\/wp-content\/uploads\/2024\/01\/How-to-verify-your-eToro-account_Featured-image-1200x630_Romanian-ro.png\",\"width\":1200,\"height\":630},{\"@type\":\"BreadcrumbList\",\"@id\":\"https:\/\/www.etoro.com\/ro\/customer-service\/account-verification\/#breadcrumb\",\"itemListElement\":[{\"@type\":\"ListItem\",\"position\":1,\"name\":\"ACAS\u0102\",\"item\":\"https:\/\/www.etoro.com\/ro\/\"},{\"@type\":\"ListItem\",\"position\":2,\"name\":\"ASISTEN\u021a\u0102 CLIEN\u021aI\",\"item\":\"https:\/\/www.etoro.com\/ro\/customer-service\/\"},{\"@type\":\"ListItem\",\"position\":3,\"name\":\"VERIFICAREA CONTULUI\"}]},{\"@type\":\"WebSite\",\"@id\":\"https:\/\/www.etoro.com\/ro\/#website\",\"url\":\"https:\/\/www.etoro.com\/ro\/\",\"name\":\"eToro\",\"description\":\"\",\"publisher\":{\"@id\":\"https:\/\/www.etoro.com\/ro\/#organization\"},\"potentialAction\":[{\"@type\":\"SearchAction\",\"target\":{\"@type\":\"EntryPoint\",\"urlTemplate\":\"https:\/\/www.etoro.com\/ro\/?s={search_term_string}\"},\"query-input\":{\"@type\":\"PropertyValueSpecification\",\"valueRequired\":true,\"valueName\":\"search_term_string\"}}],\"inLanguage\":\"ro\"},[]]}<\/script>","yoast_head_json":{"title":"Cum \u00ee\u021bi verifici contul eToro - eToro","description":"Verific\u0103-\u021bi contul eToro \u00een c\u00e2\u021biva pa\u0219i. Verificarea este o parte obligatorie a procesului de \u00eenregistrare, necesar\u0103 pentru a elimina restric\u021biile de depunere.","robots":{"index":"index","follow":"follow","max-snippet":"max-snippet:-1","max-image-preview":"max-image-preview:large","max-video-preview":"max-video-preview:-1"},"canonical":"https:\/\/www.etoro.com\/ro\/wp-json\/wp\/v2\/pages\/31904","og_locale":"ro_RO","og_type":"article","og_title":"Cum \u00ee\u021bi verifici contul eToro - eToro","og_description":"Verific\u0103-\u021bi contul eToro \u00een c\u00e2\u021biva pa\u0219i. Verificarea este o parte obligatorie a procesului de \u00eenregistrare, necesar\u0103 pentru a elimina restric\u021biile de depunere.","og_url":"https:\/\/www.etoro.com\/ro\/wp-json\/wp\/v2\/pages\/31904","og_site_name":"eToro","article_publisher":"https:\/\/www.facebook.com\/eToro\/","article_modified_time":"2025-05-12T12:02:49+00:00","og_image":[{"width":1200,"height":630,"url":"https:\/\/www.etoro.com\/wp-content\/uploads\/2024\/01\/How-to-verify-your-eToro-account_Featured-image-1200x630_Romanian-ro.png","type":"image\/png"}],"twitter_card":"summary_large_image","twitter_site":"@eToro","twitter_misc":{"Est. reading time":"3 minutes"},"schema":{"@context":"https:\/\/schema.org","@graph":[{"@type":"WebPage","@id":"https:\/\/www.etoro.com\/ro\/customer-service\/account-verification\/","url":"https:\/\/www.etoro.com\/ro\/customer-service\/account-verification\/","name":"Cum \u00ee\u021bi verifici contul eToro - eToro","isPartOf":{"@id":"https:\/\/www.etoro.com\/ro\/#website"},"primaryImageOfPage":{"@id":"https:\/\/www.etoro.com\/ro\/customer-service\/account-verification\/#primaryimage"},"image":{"@id":"https:\/\/www.etoro.com\/ro\/customer-service\/account-verification\/#primaryimage"},"thumbnailUrl":"https:\/\/www.etoro.com\/wp-content\/uploads\/2024\/01\/How-to-verify-your-eToro-account_Featured-image-1200x630_Romanian-ro.png","datePublished":"2018-02-28T15:45:54+00:00","dateModified":"2025-05-12T12:02:49+00:00","description":"Verific\u0103-\u021bi contul eToro \u00een c\u00e2\u021biva pa\u0219i. Verificarea este o parte obligatorie a procesului de \u00eenregistrare, necesar\u0103 pentru a elimina restric\u021biile de depunere.","breadcrumb":{"@id":"https:\/\/www.etoro.com\/ro\/customer-service\/account-verification\/#breadcrumb"},"inLanguage":"ro","potentialAction":[{"@type":"ReadAction","target":["https:\/\/www.etoro.com\/ro\/customer-service\/account-verification\/"]}]},{"@type":"ImageObject","inLanguage":"ro","@id":"https:\/\/www.etoro.com\/ro\/customer-service\/account-verification\/#primaryimage","url":"https:\/\/www.etoro.com\/wp-content\/uploads\/2024\/01\/How-to-verify-your-eToro-account_Featured-image-1200x630_Romanian-ro.png","contentUrl":"https:\/\/www.etoro.com\/wp-content\/uploads\/2024\/01\/How-to-verify-your-eToro-account_Featured-image-1200x630_Romanian-ro.png","width":1200,"height":630},{"@type":"BreadcrumbList","@id":"https:\/\/www.etoro.com\/ro\/customer-service\/account-verification\/#breadcrumb","itemListElement":[{"@type":"ListItem","position":1,"name":"ACAS\u0102","item":"https:\/\/www.etoro.com\/ro\/"},{"@type":"ListItem","position":2,"name":"ASISTEN\u021a\u0102 CLIEN\u021aI","item":"https:\/\/www.etoro.com\/ro\/customer-service\/"},{"@type":"ListItem","position":3,"name":"VERIFICAREA CONTULUI"}]},{"@type":"WebSite","@id":"https:\/\/www.etoro.com\/ro\/#website","url":"https:\/\/www.etoro.com\/ro\/","name":"eToro","description":"","publisher":{"@id":"https:\/\/www.etoro.com\/ro\/#organization"},"potentialAction":[{"@type":"SearchAction","target":{"@type":"EntryPoint","urlTemplate":"https:\/\/www.etoro.com\/ro\/?s={search_term_string}"},"query-input":{"@type":"PropertyValueSpecification","valueRequired":true,"valueName":"search_term_string"}}],"inLanguage":"ro"},[]]}},"_links":{"self":[{"href":"https:\/\/www.etoro.com\/ro\/wp-json\/wp\/v2\/pages\/31904"}],"collection":[{"href":"https:\/\/www.etoro.com\/ro\/wp-json\/wp\/v2\/pages"}],"about":[{"href":"https:\/\/www.etoro.com\/ro\/wp-json\/wp\/v2\/types\/page"}],"author":[{"embeddable":true,"href":"https:\/\/www.etoro.com\/ro\/wp-json\/wp\/v2\/users\/45"}],"replies":[{"embeddable":true,"href":"https:\/\/www.etoro.com\/ro\/wp-json\/wp\/v2\/comments?post=31904"}],"version-history":[{"count":0,"href":"https:\/\/www.etoro.com\/ro\/wp-json\/wp\/v2\/pages\/31904\/revisions"}],"up":[{"embeddable":true,"href":"https:\/\/www.etoro.com\/ro\/wp-json\/wp\/v2\/pages\/30096"}],"wp:featuredmedia":[{"embeddable":true,"href":"https:\/\/www.etoro.com\/ro\/wp-json\/wp\/v2\/media\/817892"}],"wp:attachment":[{"href":"https:\/\/www.etoro.com\/ro\/wp-json\/wp\/v2\/media?parent=31904"}],"wp:term":[{"taxonomy":"asset_type","embeddable":true,"href":"https:\/\/www.etoro.com\/ro\/wp-json\/wp\/v2\/asset_type?post=31904"}],"curies":[{"name":"wp","href":"https:\/\/api.w.org\/{rel}","templated":true}]}}