{"id":320514,"date":"2022-01-25T10:03:47","date_gmt":"2022-01-25T08:03:47","guid":{"rendered":"https:\/\/www.etoro.com\/customer-service\/vulnerability-program\/"},"modified":"2024-06-13T11:23:49","modified_gmt":"2024-06-13T08:23:49","slug":"vulnerability-program","status":"publish","type":"page","link":"https:\/\/www.etoro.com\/ro\/customer-service\/vulnerability-program\/","title":{"rendered":"Clien\u021bi vulnerabili"},"content":{"rendered":"\n<section class=\"wp-block-group wp-block-group-boxed has-white-background-color has-background\"><div class=\"wp-block-group-inner is-layout-flow wp-block-group-is-layout-flow\">\n<div class=\"wp-block-columns are-vertically-aligned-top wp-block-columns-1 is-layout-flex wp-container-core-columns-is-layout-1 wp-block-columns-is-layout-flex\">\n<div class=\"wp-block-column is-layout-flow wp-block-column-is-layout-flow\">\n<h2 class=\"wp-block-heading\">Clien\u021bi vulnerabili<\/h2>\n\n\n\n<dl class=\"wp-block-etoro-faq\">\n<div class=\"wp-block-etoro-faq-item\"><dt class=\"wp-block-etoro-faq-item-question\">Ce este un client vulnerabil?<\/dt><dd class=\"wp-block-etoro-faq-item-answer\">\n<p>Un client vulnerabil este o persoan\u0103 pentru care abilitatea decizional\u0103 \u0219i implicarea \u00een serviciile financiare ar putea fi afectate negativ ca urmare a circumstan\u021belor personale. Clien\u021bii vulnerabili sunt mai expu\u0219i la rezultate negative, care, dac\u0103 se materializeaz\u0103, vor fi probabil mai mari dec\u00e2t pentru al\u021bi clien\u021bi (nevulnerabili).<\/p>\n<\/dd><\/div>\n\n\n\n<div class=\"wp-block-etoro-faq-item\"><dt class=\"wp-block-etoro-faq-item-question\">Ce factori pot contribui la vulnerabilitatea clien\u021bilor?<\/dt><dd class=\"wp-block-etoro-faq-item-answer\">\n<p>Exist\u0103 multe motive pentru care o persoan\u0103 s-ar putea sim\u021bi vulnerabil\u0103 \u00een timpul vie\u021bii. Unele dintre caracteristicile care ar putea contribui la vulnerabilitatea unui client sunt urm\u0103toarele:<\/p>\n\n\n\n<p>S\u0103n\u0103tate \u2013 dizabilit\u0103\u021bi sau boli fizice sau mintale care afecteaz\u0103 capacitatea de a \u00eendeplini sarcinile zilnice;<\/p>\n\n\n\n<p>Evenimente de via\u021b\u0103 \u2013 evenimente majore de via\u021b\u0103, cum ar fi decesul unei persoane apropiate, pierderea locului de munc\u0103 sau ruperea unei rela\u021bii;<\/p>\n\n\n\n<p>Rezilien\u021b\u0103 \u2013 capacitate sc\u0103zut\u0103 de a rezista la \u0219ocurile financiare sau emo\u021bionale;<\/p>\n\n\n\n<p>Capacitate \u2013 nu cunoa\u0219te \u00eendeajuns serviciile financiare sau nu are \u00eencredere \u00een gestionarea banilor (capacitate financiar\u0103) \u0219i are o capacitate sc\u0103zut\u0103 \u00een alte domenii relevante, cum ar fi alfabetizarea sau abilit\u0103\u021bile digitale.<\/p>\n<\/dd><\/div>\n\n\n\n<div class=\"wp-block-etoro-faq-item\"><dt class=\"wp-block-etoro-faq-item-question\">Cum poate afecta vulnerabilitatea clien\u021bii?<\/dt><dd class=\"wp-block-etoro-faq-item-answer\">\n<p>Caracteristicile de vulnerabilitate pot avea o serie de impacturi negative asupra unui client eToro.&nbsp; C\u00e2teva exemple sunt enumerate mai jos:<\/p>\n\n\n\n<ol class=\"wp-block-list\">\n<li>Lipsa capacit\u0103\u021bii tehnologice \u0219i a experien\u021bei din cauza v\u00e2rstei \u00eenaintate, ceea ce duce la o capacitate redus\u0103 de a opera platforma de investi\u021bii eToro;<\/li>\n\n\n\n<li>Lipsa capacit\u0103\u021bii mintale care duce la decizii de tranzac\u021bionare eronate, \u00een special \u00een ceea ce prive\u0219te produsele cu risc mai ridicat;<\/li>\n\n\n\n<li>Anumite caracteristici sau evenimente care pot duce la decizii de investi\u021bii imprudente sau motivate emo\u021bional, cum ar fi:<\/li>\n<\/ol>\n\n\n\n<ul class=\"wp-block-list wp-block-list-circle\">\n<li>Un diagnostic brusc de boal\u0103 grav\u0103 fie pentru client, fie pentru un membru apropiat al familiei;<\/li>\n\n\n\n<li>Dificult\u0103\u021bi financiare;<\/li>\n\n\n\n<li>Afec\u021biuni de s\u0103n\u0103tate asociate cu dependen\u021ba, cum ar fi dependen\u021ba de jocuri de noroc sau comportamente compulsive; sau<\/li>\n\n\n\n<li>Tulbur\u0103ri de s\u0103n\u0103tate mintal\u0103 cum ar fi depresia, nivelurile crescute de anxietate \u0219i g\u00e2ndurile suicidare.<\/li>\n<\/ul>\n<\/dd><\/div>\n\n\n\n<div class=\"wp-block-etoro-faq-item\"><dt class=\"wp-block-etoro-faq-item-question\">Cum sprijin\u0103 eToro clien\u021bii vulnerabili?<\/dt><dd class=\"wp-block-etoro-faq-item-answer\">\n<p>\u00cen cazul \u00een care crede\u021bi c\u0103 sunte\u021bi afectat de orice caracteristic\u0103 de vulnerabilitate, este important s\u0103 ne anun\u021ba\u021bi c\u00e2t mai cur\u00e2nd posibil.\u00a0 De multe ori vulnerabilitatea nu este u\u0219or de identificat \u0219i de aceea ne baz\u0103m pe clien\u021bii no\u0219tri s\u0103 fie deschi\u0219i \u0219i s\u0103 ne sesizeze astfel de situa\u021bii.\u00a0 Dac\u0103 dori\u021bi s\u0103 ne anun\u021ba\u021bi despre situa\u021bia dvs. sau dac\u0103 sim\u021bi\u021bi c\u0103 sunte\u021bi un client vulnerabil, v\u0103 rug\u0103m s\u0103 ne informa\u021bi deschiz\u00e2nd un bilet prin intermediul<a href=\"https:\/\/www.etoro.com\/ro\/customer-service\/\">\u00a0Centrului de servicii pentru clien\u021bi<\/a>. Dup\u0103 ce a\u021bi deschis o solicitare la Serviciul Clien\u021bi, v\u0103 rug\u0103m s\u0103 a\u0219tepta\u021bi p\u00e2n\u0103 c\u00e2nd acestea este procesat\u0103 \u0219i s\u0103 evita\u021bi deschiderea mai multor bilete pentru aceea\u0219i problem\u0103. Deschiz\u00e2nd mai multe bilete pentru aceea\u0219i solicitare \u00eent\u00e2rzie timpul de r\u0103spuns al echipei noastre.<\/p>\n<\/dd><\/div>\n\n\n\n<div class=\"wp-block-etoro-faq-item\"><dt class=\"wp-block-etoro-faq-item-question\">Pa\u0219i pe care \u00eei putem face ca r\u0103spuns la vulnerabilitatea clien\u021bilor.<\/dt><dd class=\"wp-block-etoro-faq-item-answer\">\n<p>eToro are politici \u0219i proceduri bine definite pentru abordarea vulnerabilit\u0103\u021bii clien\u021bilor.&nbsp; Nu exist\u0103 dou\u0103 cazuri de vulnerabilitate identice, iar eToro adopt\u0103 o abordare personalizat\u0103, bazat\u0103 pe caracteristicile individuale ale fiec\u0103rui caz de vulnerabilitate.&nbsp; \u00cen general, eToro func\u021bioneaz\u0103 \u00een conformitate cu urm\u0103toarele principii:<\/p>\n\n\n\n<ol class=\"wp-block-list\">\n<li>eToro va lua m\u0103surile adecvate pentru a analiza circumstan\u021bele oric\u0103rei persoane care este \u00een mod particular vulnerabil\u0103 sau susceptibil\u0103 la prejudiciu \u0219i, prin urmare, va fi nevoie s\u0103 ajusteze modul \u00een care firma comunic\u0103 cu ace\u0219ti clien\u021bi \u0219i \u00eei sprijin\u0103.<\/li>\n\n\n\n<li>eToro recunoa\u0219te c\u0103 vulnerabilitatea este o stare, nu o tr\u0103s\u0103tur\u0103, c\u0103 exist\u0103 o scar\u0103 variabil\u0103 a vulnerabilit\u0103\u021bii \u0219i c\u0103 oamenii sunt diferi\u021bi, ceea ce \u00eenseamn\u0103 c\u0103 unii clien\u021bi vor deveni vulnerabili \u00een anumite circumstan\u021be \u00een care alte persoane nu vor \u00eent\u00e2mpina astfel de dificult\u0103\u021bi.<\/li>\n\n\n\n<li>eToro consider\u0103 c\u0103 bun\u0103starea oric\u0103rei persoane vulnerabile este extrem de important\u0103; cei care sunt vulnerabili, f\u0103r\u0103 excep\u021bie, au dreptul la protec\u021bie \u00eempotriva abuzului, indiferent de gen, etnie, dizabilit\u0103\u021bi, sexualitate sau convingeri religioase.<\/li>\n\n\n\n<li>eToro func\u021bioneaz\u0103 \u00een baza principiului c\u0103 fiecare individ este diferit \u0219i este supus unor circumstan\u021be diferite. Acest lucru \u00eenseamn\u0103 c\u0103, at\u00e2t c\u00e2t este posibil, firma va trata indivizii \u00eentr-un mod adecvat nevoilor acestora, adapt\u00e2ndu-\u0219i abordarea acolo unde este posibil.<\/li>\n<\/ol>\n\n\n\n<p>Atunci c\u00e2nd r\u0103spunde la vulnerabilit\u0103\u021bi, eToro va lua \u00een considerare diferitele aspecte ale situa\u021biei unui client \u0219i poate lua m\u0103suri pentru a monitoriza \u0219i a sprijini utilizatorii, astfel \u00eenc\u00e2t s\u0103 poat\u0103 evalua ce nivel de prejudiciu prezint\u0103 vulnerabilitatea acestora \u00een viitoarea experien\u021b\u0103 pe eToro.<\/p>\n\n\n\n<p>\u00cen cele din urm\u0103, dac\u0103 nu putem asigura un tratament echitabil al clien\u021bilor considera\u021bi vulnerabili, este posibil s\u0103 nu intr\u0103m \u00eentr-o rela\u021bie cu dvs. \u00cen plus, \u00een cazul \u00een care vulnerabilitatea unui client nu este imediat aparent\u0103\/vizibil\u0103, informa\u021biile care sunt ulterior dezv\u0103luite de c\u0103tre un client pot duce la \u00eencetarea unei rela\u021bii. Este important s\u0103 subliniem c\u0103 unele vulnerabilit\u0103\u021bi sunt mai vizibile pentru noi dec\u00e2t altele (v\u00e2rsta, de exemplu) \u0219i nu suntem obliga\u021bi s\u0103 c\u0103ut\u0103m \u0219i s\u0103 analiz\u0103m \u00een mod proactiv vulnerabilit\u0103\u021bile care sunt mai pu\u021bin vizibile.<\/p>\n<\/dd><\/div>\n\n\n\n<div class=\"wp-block-etoro-faq-item\"><dt class=\"wp-block-etoro-faq-item-question\">Unde pot solicita ajutor din alte surse?<\/dt><dd class=\"wp-block-etoro-faq-item-answer\">\n<p>Clien\u021bii vulnerabili pot solicita sprijin extern de la urm\u0103toarele organiza\u021bii:<\/p>\n\n\n\n<ul class=\"wp-block-list wp-block-list-circle\">\n<li>Clien\u021bii vulnerabili care au st\u0103ri suicidare sau care se afl\u0103 \u00eentr-o stare de depresie sau anxietate crescut\u0103 trebuie s\u0103 contacteze organiza\u021bia<a href=\"https:\/\/www.samaritans.org\/\" target=\"_blank\" rel=\"noreferrer noopener\">&nbsp;Samaritans<\/a><\/li>\n\n\n\n<li><a href=\"https:\/\/www.moneyhelper.org.uk\/en?source=mas\" target=\"_blank\" rel=\"noreferrer noopener\">MoneyHelper<\/a>&nbsp;(cunoscut anterior ca Money Advice Service);<\/li>\n\n\n\n<li><a href=\"https:\/\/www.citizensadvice.org.uk\/\" target=\"_blank\" rel=\"noreferrer noopener\">Citizens Advice Service<\/a><\/li>\n\n\n\n<li><a href=\"https:\/\/www.mentalhealth.org.uk\/\" target=\"_blank\" rel=\"noreferrer noopener\">Mental Health Foundation<\/a><\/li>\n\n\n\n<li><a href=\"https:\/\/www.mind.org.uk\/\" target=\"_blank\" rel=\"noreferrer noopener\">MIND<\/a><\/li>\n\n\n\n<li><a href=\"https:\/\/nationaldebtline.org\/\" target=\"_blank\" rel=\"noreferrer noopener\">National Debt Helpline<\/a><\/li>\n\n\n\n<li><a href=\"https:\/\/www.stepchange.org\/\" target=\"_blank\" rel=\"noreferrer noopener\">Step Change<\/a><\/li>\n\n\n\n<li><a href=\"https:\/\/www.alzheimers.org.uk\/\" target=\"_blank\" rel=\"noreferrer noopener\">Alzheimer\u2019s Society<\/a><\/li>\n\n\n\n<li><a href=\"https:\/\/www.rnib.org.uk\/\" target=\"_blank\" rel=\"noreferrer noopener\">The Royal National Institute of Blind People (RNIB)<\/a><\/li>\n\n\n\n<li><a href=\"https:\/\/rnid.org.uk\/\" target=\"_blank\" rel=\"noreferrer noopener\">Action on Hearing Loss (RNID)<\/a><\/li>\n<\/ul>\n<\/dd><\/div>\n<\/dl>\n<\/div>\n<\/div>\n<\/div><\/section>\n","protected":false},"excerpt":{"rendered":"<p>Clien\u021bi vulnerabili<\/p>\n","protected":false},"author":75,"featured_media":0,"parent":30096,"menu_order":0,"comment_status":"closed","ping_status":"closed","template":"","meta":{"_acf_changed":false,"inline_featured_image":false,"sticky_cta_settings":"","footnotes":""},"asset_type":[],"class_list":["post-320514","page","type-page","status-publish","hentry"],"acf":[],"yoast_head":"<title>Vulnerabilitatea clien\u021bilor - \u00eentreb\u0103ri frecvente | eToro<\/title>\n<meta name=\"description\" content=\"Afl\u0103 mai multe despre vulnerabilitatea clien\u021bilor, politicile eToro pentru sus\u021binerea clien\u021bilor vulnerabili \u0219i alte resurse externe de ajutor\" \/>\n<meta name=\"robots\" content=\"index, follow, max-snippet:-1, max-image-preview:large, max-video-preview:-1\" \/>\n<link rel=\"canonical\" href=\"https:\/\/www.etoro.com\/ro\/wp-json\/wp\/v2\/pages\/320514\" \/>\n<meta property=\"og:locale\" content=\"ro_RO\" \/>\n<meta property=\"og:type\" content=\"article\" \/>\n<meta property=\"og:title\" content=\"Vulnerabilitatea clien\u021bilor - \u00eentreb\u0103ri frecvente | eToro\" \/>\n<meta property=\"og:description\" content=\"Afl\u0103 mai multe despre vulnerabilitatea clien\u021bilor, politicile eToro pentru sus\u021binerea clien\u021bilor vulnerabili \u0219i alte resurse externe de ajutor\" \/>\n<meta property=\"og:url\" content=\"https:\/\/www.etoro.com\/ro\/wp-json\/wp\/v2\/pages\/320514\" \/>\n<meta property=\"og:site_name\" content=\"eToro\" \/>\n<meta property=\"article:publisher\" content=\"https:\/\/www.facebook.com\/eToro\/\" \/>\n<meta property=\"article:modified_time\" content=\"2024-06-13T08:23:49+00:00\" \/>\n<meta property=\"og:image\" content=\"https:\/\/www.etoro.com\/wp-content\/uploads\/2019\/12\/etoro_logo_social_share1.png\" \/>\n\t<meta property=\"og:image:width\" content=\"240\" \/>\n\t<meta property=\"og:image:height\" content=\"240\" \/>\n\t<meta property=\"og:image:type\" content=\"image\/png\" \/>\n<meta name=\"twitter:card\" content=\"summary_large_image\" \/>\n<meta name=\"twitter:site\" content=\"@eToro\" \/>\n<meta name=\"twitter:label1\" content=\"Est. reading time\" \/>\n\t<meta name=\"twitter:data1\" content=\"1 minute\" \/>\n<script type=\"application\/ld+json\" class=\"yoast-schema-graph\">{\"@context\":\"https:\/\/schema.org\",\"@graph\":[{\"@type\":\"WebPage\",\"@id\":\"https:\/\/www.etoro.com\/ro\/customer-service\/vulnerability-program\/\",\"url\":\"https:\/\/www.etoro.com\/ro\/customer-service\/vulnerability-program\/\",\"name\":\"Vulnerabilitatea clien\u021bilor - \u00eentreb\u0103ri frecvente | eToro\",\"isPartOf\":{\"@id\":\"https:\/\/www.etoro.com\/ro\/#website\"},\"datePublished\":\"2022-01-25T08:03:47+00:00\",\"dateModified\":\"2024-06-13T08:23:49+00:00\",\"description\":\"Afl\u0103 mai multe despre vulnerabilitatea clien\u021bilor, politicile eToro pentru sus\u021binerea clien\u021bilor vulnerabili \u0219i alte resurse externe de ajutor\",\"breadcrumb\":{\"@id\":\"https:\/\/www.etoro.com\/ro\/customer-service\/vulnerability-program\/#breadcrumb\"},\"inLanguage\":\"ro\",\"potentialAction\":[{\"@type\":\"ReadAction\",\"target\":[\"https:\/\/www.etoro.com\/ro\/customer-service\/vulnerability-program\/\"]}]},{\"@type\":\"BreadcrumbList\",\"@id\":\"https:\/\/www.etoro.com\/ro\/customer-service\/vulnerability-program\/#breadcrumb\",\"itemListElement\":[{\"@type\":\"ListItem\",\"position\":1,\"name\":\"ACAS\u0102\",\"item\":\"https:\/\/www.etoro.com\/ro\/\"},{\"@type\":\"ListItem\",\"position\":2,\"name\":\"ASISTEN\u021a\u0102 CLIEN\u021aI\",\"item\":\"https:\/\/www.etoro.com\/ro\/customer-service\/\"},{\"@type\":\"ListItem\",\"position\":3,\"name\":\"Clien\u021bi vulnerabili\"}]},{\"@type\":\"WebSite\",\"@id\":\"https:\/\/www.etoro.com\/ro\/#website\",\"url\":\"https:\/\/www.etoro.com\/ro\/\",\"name\":\"eToro\",\"description\":\"\",\"publisher\":{\"@id\":\"https:\/\/www.etoro.com\/ro\/#organization\"},\"potentialAction\":[{\"@type\":\"SearchAction\",\"target\":{\"@type\":\"EntryPoint\",\"urlTemplate\":\"https:\/\/www.etoro.com\/ro\/?s={search_term_string}\"},\"query-input\":{\"@type\":\"PropertyValueSpecification\",\"valueRequired\":true,\"valueName\":\"search_term_string\"}}],\"inLanguage\":\"ro\"},[]]}<\/script>","yoast_head_json":{"title":"Vulnerabilitatea clien\u021bilor - \u00eentreb\u0103ri frecvente | eToro","description":"Afl\u0103 mai multe despre vulnerabilitatea clien\u021bilor, politicile eToro pentru sus\u021binerea clien\u021bilor vulnerabili \u0219i alte resurse externe de ajutor","robots":{"index":"index","follow":"follow","max-snippet":"max-snippet:-1","max-image-preview":"max-image-preview:large","max-video-preview":"max-video-preview:-1"},"canonical":"https:\/\/www.etoro.com\/ro\/wp-json\/wp\/v2\/pages\/320514","og_locale":"ro_RO","og_type":"article","og_title":"Vulnerabilitatea clien\u021bilor - \u00eentreb\u0103ri frecvente | eToro","og_description":"Afl\u0103 mai multe despre vulnerabilitatea clien\u021bilor, politicile eToro pentru sus\u021binerea clien\u021bilor vulnerabili \u0219i alte resurse externe de ajutor","og_url":"https:\/\/www.etoro.com\/ro\/wp-json\/wp\/v2\/pages\/320514","og_site_name":"eToro","article_publisher":"https:\/\/www.facebook.com\/eToro\/","article_modified_time":"2024-06-13T08:23:49+00:00","og_image":[{"width":240,"height":240,"url":"https:\/\/www.etoro.com\/wp-content\/uploads\/2019\/12\/etoro_logo_social_share1.png","type":"image\/png"}],"twitter_card":"summary_large_image","twitter_site":"@eToro","twitter_misc":{"Est. reading time":"1 minute"},"schema":{"@context":"https:\/\/schema.org","@graph":[{"@type":"WebPage","@id":"https:\/\/www.etoro.com\/ro\/customer-service\/vulnerability-program\/","url":"https:\/\/www.etoro.com\/ro\/customer-service\/vulnerability-program\/","name":"Vulnerabilitatea clien\u021bilor - \u00eentreb\u0103ri frecvente | eToro","isPartOf":{"@id":"https:\/\/www.etoro.com\/ro\/#website"},"datePublished":"2022-01-25T08:03:47+00:00","dateModified":"2024-06-13T08:23:49+00:00","description":"Afl\u0103 mai multe despre vulnerabilitatea clien\u021bilor, politicile eToro pentru sus\u021binerea clien\u021bilor vulnerabili \u0219i alte resurse externe de ajutor","breadcrumb":{"@id":"https:\/\/www.etoro.com\/ro\/customer-service\/vulnerability-program\/#breadcrumb"},"inLanguage":"ro","potentialAction":[{"@type":"ReadAction","target":["https:\/\/www.etoro.com\/ro\/customer-service\/vulnerability-program\/"]}]},{"@type":"BreadcrumbList","@id":"https:\/\/www.etoro.com\/ro\/customer-service\/vulnerability-program\/#breadcrumb","itemListElement":[{"@type":"ListItem","position":1,"name":"ACAS\u0102","item":"https:\/\/www.etoro.com\/ro\/"},{"@type":"ListItem","position":2,"name":"ASISTEN\u021a\u0102 CLIEN\u021aI","item":"https:\/\/www.etoro.com\/ro\/customer-service\/"},{"@type":"ListItem","position":3,"name":"Clien\u021bi vulnerabili"}]},{"@type":"WebSite","@id":"https:\/\/www.etoro.com\/ro\/#website","url":"https:\/\/www.etoro.com\/ro\/","name":"eToro","description":"","publisher":{"@id":"https:\/\/www.etoro.com\/ro\/#organization"},"potentialAction":[{"@type":"SearchAction","target":{"@type":"EntryPoint","urlTemplate":"https:\/\/www.etoro.com\/ro\/?s={search_term_string}"},"query-input":{"@type":"PropertyValueSpecification","valueRequired":true,"valueName":"search_term_string"}}],"inLanguage":"ro"},[]]}},"_links":{"self":[{"href":"https:\/\/www.etoro.com\/ro\/wp-json\/wp\/v2\/pages\/320514"}],"collection":[{"href":"https:\/\/www.etoro.com\/ro\/wp-json\/wp\/v2\/pages"}],"about":[{"href":"https:\/\/www.etoro.com\/ro\/wp-json\/wp\/v2\/types\/page"}],"author":[{"embeddable":true,"href":"https:\/\/www.etoro.com\/ro\/wp-json\/wp\/v2\/users\/75"}],"replies":[{"embeddable":true,"href":"https:\/\/www.etoro.com\/ro\/wp-json\/wp\/v2\/comments?post=320514"}],"version-history":[{"count":0,"href":"https:\/\/www.etoro.com\/ro\/wp-json\/wp\/v2\/pages\/320514\/revisions"}],"up":[{"embeddable":true,"href":"https:\/\/www.etoro.com\/ro\/wp-json\/wp\/v2\/pages\/30096"}],"wp:attachment":[{"href":"https:\/\/www.etoro.com\/ro\/wp-json\/wp\/v2\/media?parent=320514"}],"wp:term":[{"taxonomy":"asset_type","embeddable":true,"href":"https:\/\/www.etoro.com\/ro\/wp-json\/wp\/v2\/asset_type?post=320514"}],"curies":[{"name":"wp","href":"https:\/\/api.w.org\/{rel}","templated":true}]}}