{"id":427108,"date":"2022-04-21T14:25:38","date_gmt":"2022-04-21T11:25:38","guid":{"rendered":"https:\/\/www.etoro.com\/?page_id=427108"},"modified":"2025-08-20T16:59:54","modified_gmt":"2025-08-20T13:59:54","slug":"reviews","status":"publish","type":"page","link":"https:\/\/www.etoro.com\/ro\/about\/reviews\/","title":{"rendered":"eToro Reviews"},"content":{"rendered":"\n<div class=\"wp-block-etoro-half-cover has-white-background-color\">\n<div class=\"wp-block-etoro-half-cover-left\"><p id=\"breadcrumbs\" class=\"gray-dark\"><span><span><a href=\"https:\/\/www.etoro.com\/ro\/\">ACAS\u0102<\/a><\/span><\/span><\/p>\n<h1 class=\"wp-block-heading is-style-banner-title\">eToro <strong style=\"display: inline !important;\">Recenzii<\/strong><\/h1>\n\n\n\n<p>Cite\u0219te mii de recenzii eToro de la utilizatori reali<\/p>\n<\/div>\n\n\n\n<div class=\"wp-block-etoro-half-cover-right\">\n<img decoding=\"async\" src=\"https:\/\/www.etoro.com\/wp-content\/uploads\/2025\/08\/eToro-Reviews_main.png\" alt=\"\" class=\"wp-block-etoro-half-cover-media\"\/><img decoding=\"async\" src=\"https:\/\/www.etoro.com\/wp-content\/uploads\/2025\/08\/eToro-Reviews_desktop.png\" alt=\"\" class=\"wp-block-etoro-half-cover-media-desktop\"\/><img decoding=\"async\" src=\"https:\/\/www.etoro.com\/wp-content\/uploads\/2025\/08\/eToro-Reviews_tablet.png\" alt=\"\" class=\"wp-block-etoro-half-cover-media-tablet\"\/><img decoding=\"async\" src=\"https:\/\/www.etoro.com\/wp-content\/uploads\/2025\/08\/eToro-Reviews_mobile.png\" alt=\"\" class=\"wp-block-etoro-half-cover-media-mobile\"\/>\n<\/div>\n<\/div>\n\n\n\n<section class=\"wp-block-group wp-block-group-boxed\"><div class=\"wp-block-group-inner is-layout-flow wp-block-group-is-layout-flow\">\n<div class=\"wp-block-columns are-vertically-aligned-top wp-block-columns-1 wp-block-columns-size-14 is-layout-flex wp-container-core-columns-is-layout-1 wp-block-columns-is-layout-flex\">\n<div class=\"wp-block-column is-layout-flow wp-block-column-is-layout-flow\">\n<p class=\"has-text-align-center\">eToro este cea mai mare comunitate social\u0103 de investi\u021bii din lume \u0219i o solu\u021bie de investi\u021bii popular\u0103 \u0219i de \u00eencredere pentru milioane de oameni din \u00eentreaga lume.<\/p>\n\n\n\n<p class=\"has-text-align-center\">Comunitatea este una dintre valorile de baz\u0103 ale eToro. Datorit\u0103 func\u021biilor de investi\u021bii sociale, interfe\u021bei intuitive \u0219i sigure, instrumentelor avansate bazate pe \u00een\u021belepciunea mul\u021bimii, numeroaselor op\u021biuni de tranzac\u021bionare \u0219i investi\u021bii \u0219i conversa\u021biilor continue pe Fluxul de \u0218tiri eToro, utilizatorii no\u0219tri sunt bucuro\u0219i s\u0103 ne ofere recenzii excelente \u0219i s\u0103 ne recomande.<\/p>\n<\/div>\n<\/div>\n<\/div><\/section>\n\n\n\n<section class=\"wp-block-group wp-block-group-boxed has-white-background-color has-background\"><div class=\"wp-block-group-inner is-layout-flow wp-block-group-is-layout-flow\">\n<div class=\"wp-block-columns are-vertically-aligned-top wp-block-columns-2 is-layout-flex wp-container-core-columns-is-layout-2 wp-block-columns-is-layout-flex\">\n<div class=\"wp-block-column is-layout-flow wp-block-column-is-layout-flow\">\n<figure class=\"wp-block-image size-full\"><img loading=\"lazy\" decoding=\"async\" width=\"619\" height=\"464\" src=\"https:\/\/www.etoro.com\/wp-content\/uploads\/2025\/08\/How-do-we-maintain-our-reputation.png\" alt=\"How do we maintain our reputation\" class=\"wp-image-1122092 wp-image-desktop\" srcset=\"https:\/\/www.etoro.com\/wp-content\/uploads\/2025\/08\/How-do-we-maintain-our-reputation.png 619w, https:\/\/www.etoro.com\/wp-content\/uploads\/2025\/08\/How-do-we-maintain-our-reputation-300x225.png 300w\" sizes=\"(max-width: 619px) 100vw, 619px\" \/><\/figure>\n<\/div>\n\n\n\n<div class=\"wp-block-column is-layout-flow wp-block-column-is-layout-flow\">\n<h2 class=\"wp-block-heading\"><strong>Cum ne men\u021binem\u00a0<b class=\"wp-etoro-format-colored-green\">reputa\u021bia?<\/b><\/strong><\/h2>\n\n\n\n<p>eToro \u00ee\u0219i men\u021bine reputa\u021bia excelent\u0103 pun\u00e2nd un accent deosebit pe transparen\u021b\u0103, securitate, reglementare \u0219i comunicarea continu\u0103 cu clien\u021bii. Po\u021bi afla mai multe despre motivele pentru a tranzac\u021biona \u0219i investi cu eToro pe pagina\u00a0<a href=\"https:\/\/www.etoro.com\/ro\/about\/why-choose-us\/\">De ce s\u0103 alegi eToro<\/a>\u00a0\u0219i despre istoria companiei \u0219i opera\u021biunile curente pe pagina\u00a0<a href=\"https:\/\/www.etoro.com\/ro\/about\/\">Despre eToro<\/a>.<\/p>\n\n\n\n<div class=\"wp-block-buttons is-layout-flex wp-block-buttons-is-layout-flex\">\n<a class=\"e-cta e-cta-primary\" href=\"https:\/\/www.etoro.com\/ro\/accounts\/sign-up\">\u00cenregistreaz\u0103-te pe eToro<\/a>\n<\/div>\n<\/div>\n<\/div>\n<\/div><\/section>\n\n\n\n<section class=\"wp-block-group wp-block-group-boxed\"><div class=\"wp-block-group-inner is-layout-flow wp-block-group-is-layout-flow\">\n<h2 class=\"wp-block-heading has-text-align-center\"><strong><b class=\"wp-etoro-format-colored-green\">Recenziile <\/b>utilizatorilor eToro<\/strong><\/h2>\n\n\n\n\t<!-- TrustBox widget - Grid -->\n\t<div class=\"trustpilot-widget\"\n\t     data-locale=\"ro\"\n\t     data-template-id=\"539adbd6dec7e10e686debee\"\n\t     data-businessunit-id=\"4aa6d5d3000064000504b834\"\n\t     data-style-width=\"100%\"\n\t     data-style-height=\"500px\"\n\t     data-theme=\"light\"\n\t     data-stars=\"3,4,5\"\n\t     data-review-languages=\"ro\">\n\t\t<a href=\"https:\/\/uk.trustpilot.com\/review\/www.etoro.com\" target=\"_blank\" rel=\"noopener\">Trustpilot<\/a>\n\t<\/div>\n\t<!-- End TrustBox widget -->\n\n\t\n<\/div><\/section>\n\n\n\n<section class=\"wp-block-group wp-block-group-boxed has-white-background-color has-background\"><div class=\"wp-block-group-inner is-layout-flow wp-block-group-is-layout-flow\">\n<p class=\"has-text-align-center\">Experien\u021ba eToro este disponibil\u0103 pe mai multe dispozitive.<br>Vezi ce au de spus utilizatorii no\u0219tri Android \u0219i iOS despre aplica\u021biile noastre mobile.<\/p>\n\n\n\n<div class=\"wp-block-columns are-vertically-aligned-top wp-block-columns-1 is-layout-flex wp-container-core-columns-is-layout-3 wp-block-columns-is-layout-flex\">\n\n<div class=\"wp-block-column is-layout-flow wp-block-column-is-layout-flow\"><\/div>\n\n<\/div>\n<script src=\"https:\/\/apps.elfsight.com\/p\/platform.js\" defer><\/script>\n<div class=\"elfsight-app-4f377533-ded5-4386-8568-246a3b72ec96\"><\/div>\n<\/div><\/section>\n\n\n\n<section class=\"wp-block-group wp-block-group-boxed\"><div class=\"wp-block-group-inner is-layout-flow wp-block-group-is-layout-flow\">\n<h2 class=\"wp-block-heading has-text-align-center\"><strong>Gestioneaz\u0103-\u021bi investi\u021biile cu u\u0219urin\u021b\u0103 folosind<b class=\"wp-etoro-format-colored-green\"> aplica\u021bia eToro<\/b><\/strong><\/h2>\n\n\n\n<p class=\"has-text-align-center hide-on-mobile hide-on-tablet\">Scaneaz\u0103 codul<\/p>\n\n\n\n<figure class=\"wp-block-image aligncenter size-full hide-on-mobile hide-on-tablet\"><img loading=\"lazy\" decoding=\"async\" width=\"634\" height=\"457\" src=\"https:\/\/www.etoro.com\/wp-content\/uploads\/2025\/08\/using-the-eToro-app.png\" alt=\"\" class=\"wp-image-1122149 wp-image-desktop\" srcset=\"https:\/\/www.etoro.com\/wp-content\/uploads\/2025\/08\/using-the-eToro-app.png 634w, https:\/\/www.etoro.com\/wp-content\/uploads\/2025\/08\/using-the-eToro-app-300x216.png 300w\" sizes=\"(max-width: 634px) 100vw, 634px\" \/><\/figure>\n\n\n\n<p class=\"has-text-align-center hide-on-desktop\">Descarc\u0103 aplica\u021bia acum:<\/p>\n\n\n\n<div class=\"wp-block-columns are-vertically-aligned-top wp-block-columns-2 is-layout-flex wp-container-core-columns-is-layout-4 wp-block-columns-is-layout-flex\">\n<div class=\"wp-block-column is-layout-flow wp-block-column-is-layout-flow\">\n<figure class=\"wp-block-image aligncenter size-full hide-on-desktop\"><a href=\"https:\/\/etoro.onelink.me\/2615279504?af_js_web=true&amp;af_ss_ver=2_9_3&amp;pid=utm_medium&amp;af_ss_ui=true&amp;af_click_lookback=60d\" rel=\"nofollow noopener noreferrer\" ><img loading=\"lazy\" decoding=\"async\" width=\"153\" height=\"45\" src=\"https:\/\/www.etoro.com\/wp-content\/uploads\/2025\/08\/App-Store-eng.png\" alt=\"\" class=\"wp-image-1122177 wp-image-desktop\" srcset=\"https:\/\/www.etoro.com\/wp-content\/uploads\/2025\/08\/App-Store-eng.png 153w, https:\/\/www.etoro.com\/wp-content\/uploads\/2025\/08\/App-Store-eng-150x45.png 150w\" sizes=\"(max-width: 153px) 100vw, 153px\" \/><\/a><\/figure>\n<\/div>\n\n\n\n<div class=\"wp-block-column is-layout-flow wp-block-column-is-layout-flow\">\n<figure class=\"wp-block-image aligncenter size-full hide-on-desktop\"><img loading=\"lazy\" decoding=\"async\" width=\"153\" height=\"45\" src=\"https:\/\/www.etoro.com\/wp-content\/uploads\/2025\/08\/Google-Play-eng.png\" alt=\"\" class=\"wp-image-1122203 wp-image-desktop\" srcset=\"https:\/\/www.etoro.com\/wp-content\/uploads\/2025\/08\/Google-Play-eng.png 153w, https:\/\/www.etoro.com\/wp-content\/uploads\/2025\/08\/Google-Play-eng-150x45.png 150w\" sizes=\"(max-width: 153px) 100vw, 153px\" \/><\/figure>\n<\/div>\n<\/div>\n<\/div><\/section>\n","protected":false},"excerpt":{"rendered":"<p>eToro este cea mai mare comunitate social\u0103 de investi\u021bii din lume \u0219i o solu\u021bie de investi\u021bii popular\u0103 \u0219i de \u00eencredere pentru milioane de oameni din \u00eentreaga lume. Comunitatea este una dintre valorile de baz\u0103 ale eToro. Datorit\u0103 func\u021biilor de investi\u021bii sociale, interfe\u021bei intuitive \u0219i sigure, instrumentelor avansate bazate pe \u00een\u021belepciunea mul\u021bimii, numeroaselor op\u021biuni de tranzac\u021bionare&hellip;<\/p>\n","protected":false},"author":95,"featured_media":1122140,"parent":30308,"menu_order":0,"comment_status":"closed","ping_status":"closed","template":"","meta":{"_acf_changed":true,"inline_featured_image":false,"sticky_cta_settings":"","footnotes":""},"asset_type":[],"class_list":["post-427108","page","type-page","status-publish","has-post-thumbnail","hentry"],"acf":[],"yoast_head":"<title>Recenzii despre tranzac\u021bionare de la utilizatori reali eToro<\/title>\n<meta name=\"description\" content=\"Platforma social\u0103 de tranzac\u021bionare eToro g\u0103zduie\u0219te milioane de traderi. Cite\u0219te recenziile lor, vezi de ce ne-au ales \u0219i ce au de spus despre noi.\" \/>\n<meta name=\"robots\" content=\"index, follow, max-snippet:-1, max-image-preview:large, max-video-preview:-1\" \/>\n<link rel=\"canonical\" href=\"https:\/\/www.etoro.com\/ro\/wp-json\/wp\/v2\/pages\/427108\" \/>\n<meta property=\"og:locale\" content=\"ro_RO\" \/>\n<meta property=\"og:type\" content=\"article\" \/>\n<meta property=\"og:title\" content=\"Recenzii despre tranzac\u021bionare de la utilizatori reali eToro\" \/>\n<meta property=\"og:description\" content=\"Platforma social\u0103 de tranzac\u021bionare eToro g\u0103zduie\u0219te milioane de traderi. Cite\u0219te recenziile lor, vezi de ce ne-au ales \u0219i ce au de spus despre noi.\" \/>\n<meta property=\"og:url\" content=\"https:\/\/www.etoro.com\/ro\/wp-json\/wp\/v2\/pages\/427108\" \/>\n<meta property=\"og:site_name\" content=\"eToro\" \/>\n<meta property=\"article:publisher\" content=\"https:\/\/www.facebook.com\/eToro\/\" \/>\n<meta property=\"article:modified_time\" content=\"2025-08-20T13:59:54+00:00\" \/>\n<meta property=\"og:image\" content=\"https:\/\/www.etoro.com\/wp-content\/uploads\/2022\/03\/eToro-Reviews-mobile-Hero.jpg\" \/>\n\t<meta property=\"og:image:width\" content=\"374\" \/>\n\t<meta property=\"og:image:height\" content=\"490\" \/>\n\t<meta property=\"og:image:type\" content=\"image\/jpeg\" \/>\n<meta name=\"twitter:card\" content=\"summary_large_image\" \/>\n<meta name=\"twitter:image\" content=\"https:\/\/www.etoro.com\/wp-content\/uploads\/2022\/03\/eToro-Reviews-mobile-Hero.jpg\" \/>\n<meta name=\"twitter:site\" content=\"@eToro\" \/>\n<script type=\"application\/ld+json\" class=\"yoast-schema-graph\">{\"@context\":\"https:\/\/schema.org\",\"@graph\":[{\"@type\":\"WebPage\",\"@id\":\"https:\/\/www.etoro.com\/ro\/about\/reviews\/\",\"url\":\"https:\/\/www.etoro.com\/ro\/about\/reviews\/\",\"name\":\"Recenzii despre tranzac\u021bionare de la utilizatori reali eToro\",\"isPartOf\":{\"@id\":\"https:\/\/www.etoro.com\/ro\/#website\"},\"primaryImageOfPage\":{\"@id\":\"https:\/\/www.etoro.com\/ro\/about\/reviews\/#primaryimage\"},\"image\":{\"@id\":\"https:\/\/www.etoro.com\/ro\/about\/reviews\/#primaryimage\"},\"thumbnailUrl\":\"https:\/\/www.etoro.com\/wp-content\/uploads\/2025\/08\/Featured-image-1200x630_eToro-Reviews.png\",\"datePublished\":\"2022-04-21T11:25:38+00:00\",\"dateModified\":\"2025-08-20T13:59:54+00:00\",\"description\":\"Platforma social\u0103 de tranzac\u021bionare eToro g\u0103zduie\u0219te milioane de traderi. Cite\u0219te recenziile lor, vezi de ce ne-au ales \u0219i ce au de spus despre noi.\",\"breadcrumb\":{\"@id\":\"https:\/\/www.etoro.com\/ro\/about\/reviews\/#breadcrumb\"},\"inLanguage\":\"ro\",\"potentialAction\":[{\"@type\":\"ReadAction\",\"target\":[\"https:\/\/www.etoro.com\/ro\/about\/reviews\/\"]}]},{\"@type\":\"ImageObject\",\"inLanguage\":\"ro\",\"@id\":\"https:\/\/www.etoro.com\/ro\/about\/reviews\/#primaryimage\",\"url\":\"https:\/\/www.etoro.com\/wp-content\/uploads\/2025\/08\/Featured-image-1200x630_eToro-Reviews.png\",\"contentUrl\":\"https:\/\/www.etoro.com\/wp-content\/uploads\/2025\/08\/Featured-image-1200x630_eToro-Reviews.png\",\"width\":1200,\"height\":630,\"caption\":\"eToro Reviews\"},{\"@type\":\"BreadcrumbList\",\"@id\":\"https:\/\/www.etoro.com\/ro\/about\/reviews\/#breadcrumb\",\"itemListElement\":[{\"@type\":\"ListItem\",\"position\":1,\"name\":\"ACAS\u0102\",\"item\":\"https:\/\/www.etoro.com\/ro\/\"},{\"@type\":\"ListItem\",\"position\":2,\"name\":\"DESPRE\",\"item\":\"https:\/\/www.etoro.com\/ro\/about\/\"},{\"@type\":\"ListItem\",\"position\":3,\"name\":\"reviews\"}]},{\"@type\":\"WebSite\",\"@id\":\"https:\/\/www.etoro.com\/ro\/#website\",\"url\":\"https:\/\/www.etoro.com\/ro\/\",\"name\":\"eToro\",\"description\":\"\",\"publisher\":{\"@id\":\"https:\/\/www.etoro.com\/ro\/#organization\"},\"potentialAction\":[{\"@type\":\"SearchAction\",\"target\":{\"@type\":\"EntryPoint\",\"urlTemplate\":\"https:\/\/www.etoro.com\/ro\/?s={search_term_string}\"},\"query-input\":{\"@type\":\"PropertyValueSpecification\",\"valueRequired\":true,\"valueName\":\"search_term_string\"}}],\"inLanguage\":\"ro\"},[]]}<\/script>","yoast_head_json":{"title":"Recenzii despre tranzac\u021bionare de la utilizatori reali eToro","description":"Platforma social\u0103 de tranzac\u021bionare eToro g\u0103zduie\u0219te milioane de traderi. Cite\u0219te recenziile lor, vezi de ce ne-au ales \u0219i ce au de spus despre noi.","robots":{"index":"index","follow":"follow","max-snippet":"max-snippet:-1","max-image-preview":"max-image-preview:large","max-video-preview":"max-video-preview:-1"},"canonical":"https:\/\/www.etoro.com\/ro\/wp-json\/wp\/v2\/pages\/427108","og_locale":"ro_RO","og_type":"article","og_title":"Recenzii despre tranzac\u021bionare de la utilizatori reali eToro","og_description":"Platforma social\u0103 de tranzac\u021bionare eToro g\u0103zduie\u0219te milioane de traderi. Cite\u0219te recenziile lor, vezi de ce ne-au ales \u0219i ce au de spus despre noi.","og_url":"https:\/\/www.etoro.com\/ro\/wp-json\/wp\/v2\/pages\/427108","og_site_name":"eToro","article_publisher":"https:\/\/www.facebook.com\/eToro\/","article_modified_time":"2025-08-20T13:59:54+00:00","og_image":[{"width":374,"height":490,"url":"https:\/\/www.etoro.com\/wp-content\/uploads\/2022\/03\/eToro-Reviews-mobile-Hero.jpg","type":"image\/jpeg"}],"twitter_card":"summary_large_image","twitter_image":"https:\/\/www.etoro.com\/wp-content\/uploads\/2022\/03\/eToro-Reviews-mobile-Hero.jpg","twitter_site":"@eToro","schema":{"@context":"https:\/\/schema.org","@graph":[{"@type":"WebPage","@id":"https:\/\/www.etoro.com\/ro\/about\/reviews\/","url":"https:\/\/www.etoro.com\/ro\/about\/reviews\/","name":"Recenzii despre tranzac\u021bionare de la utilizatori reali eToro","isPartOf":{"@id":"https:\/\/www.etoro.com\/ro\/#website"},"primaryImageOfPage":{"@id":"https:\/\/www.etoro.com\/ro\/about\/reviews\/#primaryimage"},"image":{"@id":"https:\/\/www.etoro.com\/ro\/about\/reviews\/#primaryimage"},"thumbnailUrl":"https:\/\/www.etoro.com\/wp-content\/uploads\/2025\/08\/Featured-image-1200x630_eToro-Reviews.png","datePublished":"2022-04-21T11:25:38+00:00","dateModified":"2025-08-20T13:59:54+00:00","description":"Platforma social\u0103 de tranzac\u021bionare eToro g\u0103zduie\u0219te milioane de traderi. Cite\u0219te recenziile lor, vezi de ce ne-au ales \u0219i ce au de spus despre noi.","breadcrumb":{"@id":"https:\/\/www.etoro.com\/ro\/about\/reviews\/#breadcrumb"},"inLanguage":"ro","potentialAction":[{"@type":"ReadAction","target":["https:\/\/www.etoro.com\/ro\/about\/reviews\/"]}]},{"@type":"ImageObject","inLanguage":"ro","@id":"https:\/\/www.etoro.com\/ro\/about\/reviews\/#primaryimage","url":"https:\/\/www.etoro.com\/wp-content\/uploads\/2025\/08\/Featured-image-1200x630_eToro-Reviews.png","contentUrl":"https:\/\/www.etoro.com\/wp-content\/uploads\/2025\/08\/Featured-image-1200x630_eToro-Reviews.png","width":1200,"height":630,"caption":"eToro Reviews"},{"@type":"BreadcrumbList","@id":"https:\/\/www.etoro.com\/ro\/about\/reviews\/#breadcrumb","itemListElement":[{"@type":"ListItem","position":1,"name":"ACAS\u0102","item":"https:\/\/www.etoro.com\/ro\/"},{"@type":"ListItem","position":2,"name":"DESPRE","item":"https:\/\/www.etoro.com\/ro\/about\/"},{"@type":"ListItem","position":3,"name":"reviews"}]},{"@type":"WebSite","@id":"https:\/\/www.etoro.com\/ro\/#website","url":"https:\/\/www.etoro.com\/ro\/","name":"eToro","description":"","publisher":{"@id":"https:\/\/www.etoro.com\/ro\/#organization"},"potentialAction":[{"@type":"SearchAction","target":{"@type":"EntryPoint","urlTemplate":"https:\/\/www.etoro.com\/ro\/?s={search_term_string}"},"query-input":{"@type":"PropertyValueSpecification","valueRequired":true,"valueName":"search_term_string"}}],"inLanguage":"ro"},[]]}},"_links":{"self":[{"href":"https:\/\/www.etoro.com\/ro\/wp-json\/wp\/v2\/pages\/427108"}],"collection":[{"href":"https:\/\/www.etoro.com\/ro\/wp-json\/wp\/v2\/pages"}],"about":[{"href":"https:\/\/www.etoro.com\/ro\/wp-json\/wp\/v2\/types\/page"}],"author":[{"embeddable":true,"href":"https:\/\/www.etoro.com\/ro\/wp-json\/wp\/v2\/users\/95"}],"replies":[{"embeddable":true,"href":"https:\/\/www.etoro.com\/ro\/wp-json\/wp\/v2\/comments?post=427108"}],"version-history":[{"count":0,"href":"https:\/\/www.etoro.com\/ro\/wp-json\/wp\/v2\/pages\/427108\/revisions"}],"up":[{"embeddable":true,"href":"https:\/\/www.etoro.com\/ro\/wp-json\/wp\/v2\/pages\/30308"}],"wp:featuredmedia":[{"embeddable":true,"href":"https:\/\/www.etoro.com\/ro\/wp-json\/wp\/v2\/media\/1122140"}],"wp:attachment":[{"href":"https:\/\/www.etoro.com\/ro\/wp-json\/wp\/v2\/media?parent=427108"}],"wp:term":[{"taxonomy":"asset_type","embeddable":true,"href":"https:\/\/www.etoro.com\/ro\/wp-json\/wp\/v2\/asset_type?post=427108"}],"curies":[{"name":"wp","href":"https:\/\/api.w.org\/{rel}","templated":true}]}}