{"id":539844,"date":"2022-09-12T10:17:40","date_gmt":"2022-09-12T07:17:40","guid":{"rendered":"https:\/\/www.etoro.com\/?page_id=539844"},"modified":"2023-01-09T10:09:11","modified_gmt":"2023-01-09T08:09:11","slug":"safe-and-secure","status":"publish","type":"page","link":"https:\/\/www.etoro.com\/ro\/money\/safe-and-secure\/","title":{"rendered":"ETM Safe &#038; Secure"},"content":{"rendered":"","protected":false},"excerpt":{"rendered":"","protected":false},"author":95,"featured_media":481063,"parent":421560,"menu_order":0,"comment_status":"closed","ping_status":"closed","template":"flexible-template.php","meta":{"_acf_changed":false,"inline_featured_image":false,"sticky_cta_settings":"","footnotes":""},"asset_type":[],"class_list":["post-539844","page","type-page","status-publish","has-post-thumbnail","hentry"],"acf":[],"yoast_head":"<title>Cum are grij\u0103 eToro Money de fondurile tale<\/title>\n<meta name=\"description\" content=\"Siguran\u021ba \u0219i securitatea banilor t\u0103i sunt prioritatea noastr\u0103 principal\u0103 la eToro Money. Ne asigur\u0103m c\u0103 banii, aplica\u021bia \u0219i contul t\u0103u sunt \u00een siguran\u021b\u0103\" \/>\n<meta name=\"robots\" content=\"index, follow, max-snippet:-1, max-image-preview:large, max-video-preview:-1\" \/>\n<link rel=\"canonical\" href=\"https:\/\/www.etoro.com\/ro\/wp-json\/wp\/v2\/pages\/539844\" \/>\n<meta property=\"og:locale\" content=\"ro_RO\" \/>\n<meta property=\"og:type\" content=\"article\" \/>\n<meta property=\"og:title\" content=\"Cum are grij\u0103 eToro Money de fondurile tale\" \/>\n<meta property=\"og:description\" content=\"Siguran\u021ba \u0219i securitatea banilor t\u0103i sunt prioritatea noastr\u0103 principal\u0103 la eToro Money. Ne asigur\u0103m c\u0103 banii, aplica\u021bia \u0219i contul t\u0103u sunt \u00een siguran\u021b\u0103\" \/>\n<meta property=\"og:url\" content=\"https:\/\/www.etoro.com\/ro\/wp-json\/wp\/v2\/pages\/539844\" \/>\n<meta property=\"og:site_name\" content=\"eToro\" \/>\n<meta property=\"article:publisher\" content=\"https:\/\/www.facebook.com\/eToro\/\" \/>\n<meta property=\"article:modified_time\" content=\"2023-01-09T08:09:11+00:00\" \/>\n<meta property=\"og:image\" content=\"https:\/\/www.etoro.com\/wp-content\/uploads\/2022\/09\/Featured-image-1200x630-1.jpg\" \/>\n\t<meta property=\"og:image:width\" content=\"1200\" \/>\n\t<meta property=\"og:image:height\" content=\"630\" \/>\n\t<meta property=\"og:image:type\" content=\"image\/jpeg\" \/>\n<meta name=\"twitter:card\" content=\"summary_large_image\" \/>\n<meta name=\"twitter:image\" content=\"https:\/\/www.etoro.com\/wp-content\/uploads\/2022\/09\/Featured-image-1200x630-1.jpg\" \/>\n<meta name=\"twitter:site\" content=\"@eToro\" \/>\n<script type=\"application\/ld+json\" class=\"yoast-schema-graph\">{\"@context\":\"https:\/\/schema.org\",\"@graph\":[{\"@type\":\"WebPage\",\"@id\":\"https:\/\/www.etoro.com\/ro\/money\/safe-and-secure\/\",\"url\":\"https:\/\/www.etoro.com\/ro\/money\/safe-and-secure\/\",\"name\":\"Cum are grij\u0103 eToro Money de fondurile tale\",\"isPartOf\":{\"@id\":\"https:\/\/www.etoro.com\/ro\/#website\"},\"primaryImageOfPage\":{\"@id\":\"https:\/\/www.etoro.com\/ro\/money\/safe-and-secure\/#primaryimage\"},\"image\":{\"@id\":\"https:\/\/www.etoro.com\/ro\/money\/safe-and-secure\/#primaryimage\"},\"thumbnailUrl\":\"https:\/\/www.etoro.com\/wp-content\/uploads\/2022\/09\/Featured-image-1200x630-1.jpg\",\"datePublished\":\"2022-09-12T07:17:40+00:00\",\"dateModified\":\"2023-01-09T08:09:11+00:00\",\"description\":\"Siguran\u021ba \u0219i securitatea banilor t\u0103i sunt prioritatea noastr\u0103 principal\u0103 la eToro Money. Ne asigur\u0103m c\u0103 banii, aplica\u021bia \u0219i contul t\u0103u sunt \u00een siguran\u021b\u0103\",\"breadcrumb\":{\"@id\":\"https:\/\/www.etoro.com\/ro\/money\/safe-and-secure\/#breadcrumb\"},\"inLanguage\":\"ro\",\"potentialAction\":[{\"@type\":\"ReadAction\",\"target\":[\"https:\/\/www.etoro.com\/ro\/money\/safe-and-secure\/\"]}]},{\"@type\":\"ImageObject\",\"inLanguage\":\"ro\",\"@id\":\"https:\/\/www.etoro.com\/ro\/money\/safe-and-secure\/#primaryimage\",\"url\":\"https:\/\/www.etoro.com\/wp-content\/uploads\/2022\/09\/Featured-image-1200x630-1.jpg\",\"contentUrl\":\"https:\/\/www.etoro.com\/wp-content\/uploads\/2022\/09\/Featured-image-1200x630-1.jpg\",\"width\":1200,\"height\":630},{\"@type\":\"BreadcrumbList\",\"@id\":\"https:\/\/www.etoro.com\/ro\/money\/safe-and-secure\/#breadcrumb\",\"itemListElement\":[{\"@type\":\"ListItem\",\"position\":1,\"name\":\"ACAS\u0102\",\"item\":\"https:\/\/www.etoro.com\/ro\/\"},{\"@type\":\"ListItem\",\"position\":2,\"name\":\"Money EU\",\"item\":\"https:\/\/www.etoro.com\/ro\/money\/\"},{\"@type\":\"ListItem\",\"position\":3,\"name\":\"Safe & Secure\"}]},{\"@type\":\"WebSite\",\"@id\":\"https:\/\/www.etoro.com\/ro\/#website\",\"url\":\"https:\/\/www.etoro.com\/ro\/\",\"name\":\"eToro\",\"description\":\"\",\"publisher\":{\"@id\":\"https:\/\/www.etoro.com\/ro\/#organization\"},\"potentialAction\":[{\"@type\":\"SearchAction\",\"target\":{\"@type\":\"EntryPoint\",\"urlTemplate\":\"https:\/\/www.etoro.com\/ro\/?s={search_term_string}\"},\"query-input\":{\"@type\":\"PropertyValueSpecification\",\"valueRequired\":true,\"valueName\":\"search_term_string\"}}],\"inLanguage\":\"ro\"},[]]}<\/script>","yoast_head_json":{"title":"Cum are grij\u0103 eToro Money de fondurile tale","description":"Siguran\u021ba \u0219i securitatea banilor t\u0103i sunt prioritatea noastr\u0103 principal\u0103 la eToro Money. Ne asigur\u0103m c\u0103 banii, aplica\u021bia \u0219i contul t\u0103u sunt \u00een siguran\u021b\u0103","robots":{"index":"index","follow":"follow","max-snippet":"max-snippet:-1","max-image-preview":"max-image-preview:large","max-video-preview":"max-video-preview:-1"},"canonical":"https:\/\/www.etoro.com\/ro\/wp-json\/wp\/v2\/pages\/539844","og_locale":"ro_RO","og_type":"article","og_title":"Cum are grij\u0103 eToro Money de fondurile tale","og_description":"Siguran\u021ba \u0219i securitatea banilor t\u0103i sunt prioritatea noastr\u0103 principal\u0103 la eToro Money. Ne asigur\u0103m c\u0103 banii, aplica\u021bia \u0219i contul t\u0103u sunt \u00een siguran\u021b\u0103","og_url":"https:\/\/www.etoro.com\/ro\/wp-json\/wp\/v2\/pages\/539844","og_site_name":"eToro","article_publisher":"https:\/\/www.facebook.com\/eToro\/","article_modified_time":"2023-01-09T08:09:11+00:00","og_image":[{"width":1200,"height":630,"url":"https:\/\/www.etoro.com\/wp-content\/uploads\/2022\/09\/Featured-image-1200x630-1.jpg","type":"image\/jpeg"}],"twitter_card":"summary_large_image","twitter_image":"https:\/\/www.etoro.com\/wp-content\/uploads\/2022\/09\/Featured-image-1200x630-1.jpg","twitter_site":"@eToro","schema":{"@context":"https:\/\/schema.org","@graph":[{"@type":"WebPage","@id":"https:\/\/www.etoro.com\/ro\/money\/safe-and-secure\/","url":"https:\/\/www.etoro.com\/ro\/money\/safe-and-secure\/","name":"Cum are grij\u0103 eToro Money de fondurile tale","isPartOf":{"@id":"https:\/\/www.etoro.com\/ro\/#website"},"primaryImageOfPage":{"@id":"https:\/\/www.etoro.com\/ro\/money\/safe-and-secure\/#primaryimage"},"image":{"@id":"https:\/\/www.etoro.com\/ro\/money\/safe-and-secure\/#primaryimage"},"thumbnailUrl":"https:\/\/www.etoro.com\/wp-content\/uploads\/2022\/09\/Featured-image-1200x630-1.jpg","datePublished":"2022-09-12T07:17:40+00:00","dateModified":"2023-01-09T08:09:11+00:00","description":"Siguran\u021ba \u0219i securitatea banilor t\u0103i sunt prioritatea noastr\u0103 principal\u0103 la eToro Money. Ne asigur\u0103m c\u0103 banii, aplica\u021bia \u0219i contul t\u0103u sunt \u00een siguran\u021b\u0103","breadcrumb":{"@id":"https:\/\/www.etoro.com\/ro\/money\/safe-and-secure\/#breadcrumb"},"inLanguage":"ro","potentialAction":[{"@type":"ReadAction","target":["https:\/\/www.etoro.com\/ro\/money\/safe-and-secure\/"]}]},{"@type":"ImageObject","inLanguage":"ro","@id":"https:\/\/www.etoro.com\/ro\/money\/safe-and-secure\/#primaryimage","url":"https:\/\/www.etoro.com\/wp-content\/uploads\/2022\/09\/Featured-image-1200x630-1.jpg","contentUrl":"https:\/\/www.etoro.com\/wp-content\/uploads\/2022\/09\/Featured-image-1200x630-1.jpg","width":1200,"height":630},{"@type":"BreadcrumbList","@id":"https:\/\/www.etoro.com\/ro\/money\/safe-and-secure\/#breadcrumb","itemListElement":[{"@type":"ListItem","position":1,"name":"ACAS\u0102","item":"https:\/\/www.etoro.com\/ro\/"},{"@type":"ListItem","position":2,"name":"Money EU","item":"https:\/\/www.etoro.com\/ro\/money\/"},{"@type":"ListItem","position":3,"name":"Safe & Secure"}]},{"@type":"WebSite","@id":"https:\/\/www.etoro.com\/ro\/#website","url":"https:\/\/www.etoro.com\/ro\/","name":"eToro","description":"","publisher":{"@id":"https:\/\/www.etoro.com\/ro\/#organization"},"potentialAction":[{"@type":"SearchAction","target":{"@type":"EntryPoint","urlTemplate":"https:\/\/www.etoro.com\/ro\/?s={search_term_string}"},"query-input":{"@type":"PropertyValueSpecification","valueRequired":true,"valueName":"search_term_string"}}],"inLanguage":"ro"},[]]}},"_links":{"self":[{"href":"https:\/\/www.etoro.com\/ro\/wp-json\/wp\/v2\/pages\/539844"}],"collection":[{"href":"https:\/\/www.etoro.com\/ro\/wp-json\/wp\/v2\/pages"}],"about":[{"href":"https:\/\/www.etoro.com\/ro\/wp-json\/wp\/v2\/types\/page"}],"author":[{"embeddable":true,"href":"https:\/\/www.etoro.com\/ro\/wp-json\/wp\/v2\/users\/95"}],"replies":[{"embeddable":true,"href":"https:\/\/www.etoro.com\/ro\/wp-json\/wp\/v2\/comments?post=539844"}],"version-history":[{"count":0,"href":"https:\/\/www.etoro.com\/ro\/wp-json\/wp\/v2\/pages\/539844\/revisions"}],"up":[{"embeddable":true,"href":"https:\/\/www.etoro.com\/ro\/wp-json\/wp\/v2\/pages\/421560"}],"wp:featuredmedia":[{"embeddable":true,"href":"https:\/\/www.etoro.com\/ro\/wp-json\/wp\/v2\/media\/481063"}],"wp:attachment":[{"href":"https:\/\/www.etoro.com\/ro\/wp-json\/wp\/v2\/media?parent=539844"}],"wp:term":[{"taxonomy":"asset_type","embeddable":true,"href":"https:\/\/www.etoro.com\/ro\/wp-json\/wp\/v2\/asset_type?post=539844"}],"curies":[{"name":"wp","href":"https:\/\/api.w.org\/{rel}","templated":true}]}}