{"id":620153,"date":"2023-05-03T12:05:06","date_gmt":"2023-05-03T09:05:06","guid":{"rendered":"https:\/\/www.etoro.com\/trading\/trading-systems\/"},"modified":"2025-10-30T14:15:08","modified_gmt":"2025-10-30T12:15:08","slug":"trading-systems","status":"publish","type":"page","link":"https:\/\/www.etoro.com\/ro\/trading\/trading-systems\/","title":{"rendered":"Structura unui sistem de tranzac\u021bionare"},"content":{"rendered":"\n<p class=\"is-style-summary\">Un sistem de tranzac\u021bionare reprezint\u0103 un ansamblu de reguli \u0219i strategii care ghideaz\u0103 procesul decizional al investitorilor. Acesta \u00eencurajeaz\u0103 disciplina, ajut\u0103 \u00een luarea deciziilor informate \u0219i \u00eembun\u0103t\u0103\u021be\u0219te capacitatea de adaptare a condi\u021biilor de pia\u021b\u0103, men\u021bin\u00e2nd o abordare consecvent\u0103.<\/p>\n\n\n\n\n\n\n<hr class=\"wp-block-separator wp-block-separator-color-dark-grey wp-block-separator-spaces-medium wp-block-separator-weight-1 has-alpha-channel-opacity\"\/>\n\n\n\n<p>Un sistem de tranzac\u021bionare automat elimin\u0103 emo\u021biile, <strong>permi\u021b\u00e2nd o strategie coerent\u0103<\/strong>. Acesta trebuie s\u0103 includ\u0103 selec\u021bia pie\u021belor, momentul optim pentru intrare \u0219i ie\u0219ire, volumul tranzac\u021biilor, gestionarea riscurilor \u0219i utilizarea ordinelor take-profit pentru a maximiza eficien\u021ba investi\u021biilor.<\/p>\n\n\n\n<h2 class=\"wp-block-heading\">Pe ce pie\u021be s\u0103 tranzac\u021bionezi<\/h2>\n\n\n\n<p>Selectarea pie\u021belor potrivite precum ac\u021biuni, forex, m\u0103rfuri, criptomonede \u0219i indici este esen\u021bial\u0103 pentru o strategie de succes. Evalueaz\u0103 caracteristicile \u0219i oportunit\u0103\u021bile fiec\u0103rei pie\u021be pentru a identifica op\u021biunea ce se <strong>aliniaz\u0103 cel mai bine cu strategia ta de tranzac\u021bionare<\/strong>.<\/p>\n\n\n\n<p>Pentru a men\u021bine integritatea sistemului t\u0103u de tranzac\u021bionare, este important s\u0103 fii consecvent \u00een aplicarea regulilor dup\u0103 care te ghidezi. De asemenea, f\u0103 o analiz\u0103<strong> a poten\u021bialelor op\u021biuni \u00een func\u021bie de factori precum lichiditatea<\/strong>, <strong>volatilitatea<\/strong>, accesibilitatea, cuno\u0219tin\u021bele \u0219i interesul pe care le ai pentru pentru pie\u021bele respective.<\/p>\n\n\n\n<h2 class=\"wp-block-heading\">C\u00e2nd s\u0103 intri pe pia\u021b\u0103<\/h2>\n\n\n\n<p>Pentru a identifica momentul optim de intrare pe pia\u021b\u0103, investitorii folosesc <a href=\"https:\/\/rankia.ro\/indicatori-tehnici\/\" target=\"_blank\" rel=\"noreferrer noopener\"><strong>indicatori tehnici<\/strong><\/a><strong> precum medii mobile, RSI sau MACD<\/strong>. Ace\u0219tia ajut\u0103 la analizarea modelelor de pre\u021b, tendin\u021belor \u0219i psihologiei pie\u021bei, oferind informa\u021bii esen\u021biale pentru luarea deciziilor de tranzac\u021bionare.<\/p>\n\n\n\n<div class=\"wp-block-etoro-tip wp-block-etoro-tip-border-yellow\"><span class=\"wp-block-etoro-tip-icon\"><\/span><div class=\"wp-block-etoro-tip-text\">\n<p><strong>Sfat: <\/strong>Mediile mobile indic\u0103 direc\u021bia tendin\u021bei, \u00een timp ce indicatorii precum RSI sau MACD eviden\u021biaz\u0103 condi\u021biile de supracump\u0103rare sau suprav\u00e2nzare.<\/p>\n<\/div><\/div>\n\n\n\n<p>Combinarea mai multor indicatori tehnici relevan\u021bi poate ajuta la <strong>identificarea oportunit\u0103\u021bilor de intrare pe pia\u021b\u0103<\/strong>. Analizarea atent\u0103 a semnalelor acestora ofer\u0103 o perspectiv\u0103 mai clar\u0103 asupra tendin\u021belor \u0219i mi\u0219c\u0103rilor pre\u021burilor.<\/p>\n\n\n\n<figure class=\"wp-block-image size-full\"><img loading=\"lazy\" decoding=\"async\" width=\"756\" height=\"400\" src=\"https:\/\/www.etoro.com\/wp-content\/uploads\/2023\/06\/Anatomy-of-a-Trading-System_Body-Image-1_-When-to-Enter-the-Market_.png\" alt=\"\" class=\"wp-image-620221 wp-image-desktop\" title=\"C\u00e2nd s\u0103 intri pe pia\u021b\u0103\" srcset=\"https:\/\/www.etoro.com\/wp-content\/uploads\/2023\/06\/Anatomy-of-a-Trading-System_Body-Image-1_-When-to-Enter-the-Market_.png 756w, https:\/\/www.etoro.com\/wp-content\/uploads\/2023\/06\/Anatomy-of-a-Trading-System_Body-Image-1_-When-to-Enter-the-Market_-300x159.png 300w\" sizes=\"(max-width: 756px) 100vw, 756px\" \/><\/figure>\n\n\n\n<h3 class=\"wp-block-heading\">Filtrul de tranzac\u021bionare<\/h3>\n\n\n\n<p>Un filtru de tranzac\u021bionare este un instrument prin care se poate verifica dac\u0103<strong> anumite criterii specifice se aliniaz\u0103 cu un semnal de tranzac\u021bionare<\/strong>. Acestea pot include niveluri specifice de pre\u021b, modele, sau raportul risc\/randament optim.<\/p>\n\n\n\n<div class=\"wp-block-etoro-tip wp-block-etoro-tip-border-yellow\"><span class=\"wp-block-etoro-tip-icon\"><\/span><div class=\"wp-block-etoro-tip-text\">\n<p><strong>Sfat:<\/strong> Un investitor nord-american care nu dore\u0219te s\u0103 tranzac\u021bioneze ac\u021biuni str\u0103ine poate selecta doar acele companii care sunt listate la bursele americane sau canadiene.<\/p>\n<\/div><\/div>\n\n\n\n<p>Pentru orice <a href=\"https:\/\/www.etoro.com\/ro\/investing\/what-type-of-investor-are-you\/\">investitor<\/a>, procesul de filtrare \u00eencepe, de obicei, cu un set general de parametri, folosit pentru a <strong>exclude companiile care nu se potrivesc cu obiectivele sale<\/strong>. De\u0219i filtrele de tranzac\u021bionare pot \u00eembun\u0103t\u0103\u021bi selec\u021bia tranzac\u021biilor, nu garanteaz\u0103 succesul acestora.<\/p>\n\n\n\n<p>Investitorii aleg filtrele \u00een func\u021bie de strategia lor de investi\u021bii. Un <strong>filtru de tranzac\u021bionare utilizat frecvent este <\/strong><a href=\"https:\/\/profitpoint.ro\/moving-average\/\" target=\"_blank\" rel=\"noreferrer noopener\"><strong>media mobil\u0103<\/strong><\/a>, un indicator lagging care se bazeaz\u0103 pe pre\u021burile din trecut. Traderii folosesc adesea mediile mobile pentru a identifica tendin\u021bele \u0219i a confirma validitatea semnalelor de tranzac\u021bionare.<\/p>\n\n\n\n<h2 class=\"wp-block-heading\">Managementul riscului<\/h2>\n\n\n\n<p>Managementul riscului reprezint\u0103 un <a href=\"https:\/\/www.etoro.com\/ro\/investing\/investment-strategies\/\"><strong>set de strategii<\/strong><\/a><strong> menite s\u0103 limiteze pierderile \u00een tranzac\u021bionare<\/strong>. Deoarece unele semnale tehnice pot fi false, utilizarea unor tehnici solide, precum stop-loss sau dimensionarea corect\u0103 a pozi\u021biilor, ajut\u0103 investitorii s\u0103 reduc\u0103 impactul fluctua\u021biilor pie\u021bei.<\/p>\n\n\n\n<p>O idee fundamental\u0103 \u00een managementul riscului este rela\u021bia dintre risc \u0219i rentabilitate. Strategiile de tranzac\u021bionare implic\u0103 niveluri diferite de risc, iar investitorii trebuie <strong>s\u0103 evalueze cu aten\u021bie poten\u021bialele oportunit\u0103\u021bi \u0219i riscuri <\/strong>pentru a lua decizii informate.<\/p>\n\n\n\n<div class=\"wp-block-etoro-tip wp-block-etoro-tip-border-yellow\"><span class=\"wp-block-etoro-tip-icon\"><\/span><div class=\"wp-block-etoro-tip-text\">\n<p><strong>Sfat: <\/strong>\u00cen tranzac\u021bionare, este important\u0103 dezvoltarea unui semnal de intrare care s\u0103 se bazeze pe un set de reguli, \u0219i nu pe alegerea subiectiv\u0103 a ac\u021biunilor.<\/p>\n<\/div><\/div>\n\n\n\n<h2 class=\"wp-block-heading\">C\u00e2t s\u0103 tranzac\u021bionezi<\/h2>\n\n\n\n<p>Un aspect important al managementului riscului este <strong>planificarea atent\u0103 a capitalului alocat fiec\u0103rei pozi\u021bii din portofoliu<\/strong>. De asemenea, este esen\u021bial s\u0103 adop\u021bi o abordare consecvent\u0103 \u0219i s\u0103 limitezi pierderile prin strategii bine definite.<\/p>\n\n\n\n<figure class=\"wp-block-image size-full\"><img loading=\"lazy\" decoding=\"async\" width=\"756\" height=\"400\" src=\"https:\/\/www.etoro.com\/wp-content\/uploads\/2023\/06\/Anatomy-of-a-Trading-System_Body-Image-2_-How-Much-to-Trade_.png\" alt=\"\" class=\"wp-image-620200 wp-image-desktop\" title=\"C\u00e2t s\u0103 tranzac\u021bionezi\" srcset=\"https:\/\/www.etoro.com\/wp-content\/uploads\/2023\/06\/Anatomy-of-a-Trading-System_Body-Image-2_-How-Much-to-Trade_.png 756w, https:\/\/www.etoro.com\/wp-content\/uploads\/2023\/06\/Anatomy-of-a-Trading-System_Body-Image-2_-How-Much-to-Trade_-300x159.png 300w\" sizes=\"(max-width: 756px) 100vw, 756px\" \/><\/figure>\n\n\n\n<p>\u00cen acest sens, investitorii pot lua \u00een calcul un proces de <strong>analizare a datelor istorice. <\/strong>Acesta le-ar putea oferi informa\u021bii cu privire la performan\u021ba \u0219i volatilitatea unor active sau pie\u021be specifice, ajut\u00e2ndu-i s\u0103 ia decizii informate cu privire la alocarea pozi\u021biilor&nbsp;din cadrul portofoliului.<\/p>\n\n\n\n<p>Indicatorii economici, \u0219tirile de pe pia\u021b\u0103 \u0219i evenimentele geopolitice sunt o parte din factorii de pia\u021b\u0103 care pot afecta volatilitatea \u0219i nivelurile de risc. <strong>Con\u0219tientizarea acestora \u0219i \u00een\u021belegerea dinamicii pie\u021bei<\/strong> te pot ajuta s\u0103-\u021bi dimensionezi tranzac\u021biile, pentru a atenua poten\u021bialele riscuri.<\/p>\n\n\n\n<div class=\"wp-block-etoro-tip wp-block-etoro-tip-border-yellow\"><span class=\"wp-block-etoro-tip-icon\"><\/span><div class=\"wp-block-etoro-tip-text\">\n<p><strong>Sfat: <\/strong>Identificarea dimensiunii corecte a tranzac\u021biilor implic\u0103 o combina\u021bie \u00eentre o analiz\u0103 atent\u0103, o evaluare a riscurilor \u0219i o \u00eensu\u0219ire a informa\u021biilor legate de condi\u021biile de pe pia\u021b\u0103.<\/p>\n<\/div><\/div>\n\n\n\n<h2 class=\"wp-block-heading\">Strategia de ie\u0219ire<\/h2>\n\n\n\n<p>O strategie de ie\u0219ire stabile\u0219te <strong>momentul optim pentru \u00eenchiderea unei tranzac\u021bii<\/strong>. Dac\u0103 o tranzac\u021bie evolueaz\u0103 favorabil, investitorii pot folosi un ordin take-profit. Dac\u0103 nu, un <a href=\"https:\/\/www.etoro.com\/ro\/trading\/how-to-set-stop-loss-and-take-profit-targets\/\">ordin stop-loss<\/a> poate ajuta la limitarea pierderilor \u0219i la men\u021binerea unui management eficient al riscului.<\/p>\n\n\n\n<figure class=\"wp-block-image size-full\"><img loading=\"lazy\" decoding=\"async\" width=\"756\" height=\"400\" src=\"https:\/\/www.etoro.com\/wp-content\/uploads\/2023\/06\/Anatomy-of-a-Trading-System_Body-Image-3_-Exit-strategy.png\" alt=\"\" class=\"wp-image-620179 wp-image-desktop\" title=\"Strategia de ie\u0219ire\" srcset=\"https:\/\/www.etoro.com\/wp-content\/uploads\/2023\/06\/Anatomy-of-a-Trading-System_Body-Image-3_-Exit-strategy.png 756w, https:\/\/www.etoro.com\/wp-content\/uploads\/2023\/06\/Anatomy-of-a-Trading-System_Body-Image-3_-Exit-strategy-300x159.png 300w\" sizes=\"(max-width: 756px) 100vw, 756px\" \/><\/figure>\n\n\n\n<p><strong>Unele sisteme folosesc ie\u0219iri bazate pe timp<\/strong>, iar \u00een acest caz, tranzac\u021bia se \u00eenchide pur \u0219i simplu dup\u0103 ce a trecut o anumit\u0103 perioad\u0103 de timp. Alte sisteme de urm\u0103rire a tendin\u021belor \u00eenchid o tranzac\u021bie c\u00e2\u0219tig\u0103toare, numai dup\u0103 ce restituie un anumit procent din profit. <\/p>\n\n\n\n<div class=\"wp-block-etoro-tip wp-block-etoro-tip-border-yellow\"><span class=\"wp-block-etoro-tip-icon\"><\/span><div class=\"wp-block-etoro-tip-text\">\n<p><strong>Sfat:<\/strong> Alegerea strategiei de ie\u0219ire te poate ajuta s\u0103 reduci pierderile de capital c\u00e2nd tranzac\u021biile nu au o performan\u021b\u0103 bun\u0103 \u0219i s\u0103 cre\u0219ti eventualele c\u00e2\u0219tiguri atunci c\u00e2nd acestea au o evolu\u021bie favorabil\u0103.<\/p>\n<\/div><\/div>\n\n\n\n<h2 class=\"wp-block-heading\">Concluzie<\/h2>\n\n\n\n<p>Adoptarea unui sistem bazat pe reguli obiective \u0219i analizarea unor elemente esen\u021biale \u00een procesul de tranzac\u021bionare <strong>pot ajuta investitorii s\u0103 men\u021bin\u0103 disciplina<\/strong>. Astfel, ace\u0219tia \u00ee\u0219i pot ghida ac\u021biunile dup\u0103 reguli bine definite, evit\u00e2nd deciziile influen\u021bate de instinct sau impulsuri emo\u021bionale.<\/p>\n\n\n\n<p>Intr\u0103 pe <a href=\"https:\/\/www.etoro.com\/ro\/academy\/\">Academia eToro<\/a> pentru a afla mai multe despre cum s\u0103-\u021bi construie\u0219ti un sistem de tranzac\u021bionare. &nbsp;&nbsp;&nbsp;<\/p>\n\n\n\n<h2 class=\"wp-block-heading\">Testeaz\u0103-\u021bi cuno\u0219tin\u021bele<\/h2>\n\n\n\n<div class=\"wp-block-etoro-quizzes\">\n<div class=\"wp-block-etoro-quiz\" data-answer=\"1\"><div class=\"wp-block-etoro-quiz-body\"><div class=\"wp-block-etoro-quiz-question\">Alege dou\u0103 dintre urm\u0103toarele r\u0103spunsuri care sunt adev\u0103rate pentru o medie mobil\u0103:<\/div>\n<div class=\"wp-block-etoro-quiz-item\">Este un indicator avansat<\/div>\n\n\n\n<div class=\"wp-block-etoro-quiz-item\">Este un indicator \u00eent\u00e2rziat<\/div>\n\n\n\n<div class=\"wp-block-etoro-quiz-item\">Poate fi folosit pentru a netezi datele<\/div>\n\n\n\n<div class=\"wp-block-etoro-quiz-item\">Este o m\u0103sur\u0103 a volatilit\u0103\u021bii<\/div>\n<\/div><div class=\"wp-block-etoro-quiz-result\">\u00a0<\/div><\/div>\n<\/div>\n\n\n\n<h2 class=\"wp-block-heading\">\u00centreb\u0103ri frecvente<\/h2>\n\n\n\n<dl class=\"wp-block-etoro-faq\">\n<div class=\"wp-block-etoro-faq-item\"><dt class=\"wp-block-etoro-faq-item-question\">Am un indicator tehnic care ofer\u0103 semnale de cump\u0103rare \u0219i v\u00e2nzare. Acesta este un sistem de tranzac\u021bionare?<\/dt><dd class=\"wp-block-etoro-faq-item-answer\">\n<p>Nu. Un sistem de tranzac\u021bionare include un set mai complet de reguli, care acoper\u0103 \u0219i dimensionarea pozi\u021biilor \u0219i <a href=\"https:\/\/www.etoro.com\/ro\/trading\/buy-sell-and-close-position\/\">ie\u0219irea din tranzac\u021bii<\/a>.<\/p>\n\n\n\n<p>M\u0103 g\u00e2ndesc la o regul\u0103 de tranzac\u021bionare care \u00eemi permite s\u0103 urmez un semnal de intrare doar \u00een timpul orelor de pia\u021b\u0103.<\/p>\n<\/dd><\/div>\n\n\n\n<div class=\"wp-block-etoro-faq-item\"><dt class=\"wp-block-etoro-faq-item-question\">Este acesta un filtru de tranzac\u021bionare?<\/dt><dd class=\"wp-block-etoro-faq-item-answer\">\n<p>Da. Orice regul\u0103 care impune un criteriu asupra momentului \u00een care ac\u021bionezi pe baza unui semnal, inclusiv interpretarea \u0219i <a href=\"https:\/\/www.etoro.com\/ro\/news-and-analysis\/copytrader\/basics-of-technical-analysis\/\">analiza datelor de pia\u021b\u0103<\/a>, este un filtru de tranzac\u021bionare.<\/p>\n<\/dd><\/div>\n\n\n\n<div class=\"wp-block-etoro-faq-item\"><dt class=\"wp-block-etoro-faq-item-question\">Ce este backtesting-ul?<\/dt><dd class=\"wp-block-etoro-faq-item-answer\">\n<p>Backtesting-ul este o metod\u0103 de testare a unei strategii de <a href=\"https:\/\/www.etoro.com\/ro\/stocks\/trading-and-investing-in-stocks\/\">tranzac\u021bionare<\/a> folosind date istorice de pia\u021b\u0103. Metoda permite traderilor s\u0103 evalueze c\u00e2t de bine ar fi func\u021bionat o strategie sau un anumit sistem \u00een trecut.&nbsp;<\/p>\n\n\n\n<p>Aceasta presupune aplicarea regulilor \u0219i indicatorilor strategiei asupra datelor istorice pentru a genera semnale de cump\u0103rare \u0219i v\u00e2nzare, simul\u00e2nd astfel procesul de tranzac\u021bionare din trecut.<\/p>\n<\/dd><\/div>\n<\/dl>\n\n\n\n\t\t<style>\n\t\t\t.rtl .etoro-block-shortcode-disclaimer {\n\t\t\t\ttext-align:right;\n\t\t\t}\n\t\t\t.etoro-block-shortcode-disclaimer {\n\t\t\t\tmargin-bottom:18px;\n\t\t\t\ttext-align:left;\n\t\t\t}\n\t\t\t.etoro-block-shortcode-disclaimer p{\n\t\t\t\tfont-size: 12px;\n\t\t\t\tline-height: 18px;\n\t\t\t}\n\t\t\t@media (min-width: 768px) {\n\t\t\t\t.etoro-block-shortcode-disclaimer {\n\t\t\t\t\tmax-width:1176px;\n\t\t\t\t\ttext-align:center;\n\t\t\t\t}\n\t\t\t\t.etoro-block-shortcode-disclaimer p {\n\t\t\t\t\tfont-size: 14px;\n\t\t\t\t\tline-height: 20px;\n\t\t\t\t}\n\t\t\t}\n\t\t<\/style>\n\t\t<div class='etoro-block-shortcode-disclaimer'><p>Informa\u021biile din acest ghid au exclusiv scop educativ \u0219i nu ar trebui considerate drept sfaturi pentru investi\u021bii sau recomand\u0103ri personale, nici oferte sau solicit\u0103ri de cump\u0103rare sau v\u00e2nzare a oric\u0103ror instrumente financiare.<\/p>\n<p>Acest material a fost preg\u0103tit f\u0103r\u0103 a lua \u00een considerare orice fel de obiective particulare de investi\u021bii sau situa\u021bii financiare \u0219i nu a fost creat \u00een conformitate cu cerin\u021bele legale \u0219i de reglementare a promov\u0103rii cercet\u0103rii independente.<\/p>\n<p><strong>Nu toate instrumentele \u0219i serviciile financiare men\u021bionate sunt oferite de eToro<\/strong> \u0219i orice referiri la performan\u021ba anterioar\u0103 a unui instrument financiar, index sau pachet de investi\u021bii, nu sunt \u0219i nu ar trebui considerare un indicator fiabil al rezultatelor viitoare. <strong>Disponibilitatea tuturor produselor \u0219i serviciilor men\u021bionate mai sus poate varia \u00een func\u021bie de jurisdic\u021bie \u0219i \u021bar\u0103.<\/strong><\/p>\n<p>eToro nu face nicio declara\u021bie \u0219i nu \u00ee\u0219i asum\u0103 nicio responsabilitate cu privire la acurate\u021bea sau caracterul complet al con\u021binutului acestui ghid. Asigur\u0103-te c\u0103 \u00een\u021belegi riscurile implicate \u00een tranzac\u021bionare \u00eenainte de a implica capital. Nu risca niciodat\u0103 mai mult dec\u00e2t e\u0219ti preg\u0103tit s\u0103 pierzi.<\/p>\n<\/div>\n","protected":false},"excerpt":{"rendered":"<p>Un sistem de tranzac\u021bionare reprezint\u0103 un ansamblu de reguli \u0219i strategii care ghideaz\u0103 procesul decizional al investitorilor. Acesta \u00eencurajeaz\u0103 disciplina, ajut\u0103 \u00een luarea deciziilor informate \u0219i \u00eembun\u0103t\u0103\u021be\u0219te capacitatea de adaptare a condi\u021biilor de pia\u021b\u0103, men\u021bin\u00e2nd o abordare consecvent\u0103. Un sistem de tranzac\u021bionare automat elimin\u0103 emo\u021biile, permi\u021b\u00e2nd o strategie coerent\u0103. Acesta trebuie s\u0103 includ\u0103 selec\u021bia pie\u021belor,&hellip;<\/p>\n","protected":false},"author":107,"featured_media":621298,"parent":31826,"menu_order":0,"comment_status":"closed","ping_status":"closed","template":"","meta":{"_acf_changed":true,"inline_featured_image":false,"sticky_cta_settings":"","footnotes":""},"asset_type":[6601],"class_list":["post-620153","page","type-page","status-publish","has-post-thumbnail","hentry","asset_type-is-cfd"],"acf":[],"yoast_head":"<title>Construirea unui sistem complet de tranzac\u021bionare | eToro<\/title>\n<meta name=\"description\" content=\"Un sistem de tranzac\u021bionare automat implementeaz\u0103 strategia aleas\u0103 de tine. Afl\u0103 elementele de baz\u0103 pe care trebuie s\u0103 le aib\u0103 un sistem pentru a fi complet.\" \/>\n<meta name=\"robots\" content=\"index, follow, max-snippet:-1, max-image-preview:large, max-video-preview:-1\" \/>\n<link rel=\"canonical\" href=\"https:\/\/www.etoro.com\/ro\/wp-json\/wp\/v2\/pages\/620153\" \/>\n<meta property=\"og:locale\" content=\"ro_RO\" \/>\n<meta property=\"og:type\" content=\"article\" \/>\n<meta property=\"og:title\" content=\"Construirea unui sistem complet de tranzac\u021bionare | eToro\" \/>\n<meta property=\"og:description\" content=\"Un sistem de tranzac\u021bionare automat implementeaz\u0103 strategia aleas\u0103 de tine. Afl\u0103 elementele de baz\u0103 pe care trebuie s\u0103 le aib\u0103 un sistem pentru a fi complet.\" \/>\n<meta property=\"og:url\" content=\"https:\/\/www.etoro.com\/ro\/wp-json\/wp\/v2\/pages\/620153\" \/>\n<meta property=\"og:site_name\" content=\"eToro\" \/>\n<meta property=\"article:publisher\" content=\"https:\/\/www.facebook.com\/eToro\/\" \/>\n<meta property=\"article:modified_time\" content=\"2025-10-30T12:15:08+00:00\" \/>\n<meta property=\"og:image\" content=\"https:\/\/www.etoro.com\/wp-content\/uploads\/2023\/06\/Socials-RO.png\" \/>\n\t<meta property=\"og:image:width\" content=\"1200\" \/>\n\t<meta property=\"og:image:height\" content=\"630\" \/>\n\t<meta property=\"og:image:type\" content=\"image\/png\" \/>\n<meta name=\"twitter:card\" content=\"summary_large_image\" \/>\n<meta name=\"twitter:site\" content=\"@eToro\" \/>\n<meta name=\"twitter:label1\" content=\"Est. reading time\" \/>\n\t<meta name=\"twitter:data1\" content=\"6 minutes\" \/>\n<script type=\"application\/ld+json\" class=\"yoast-schema-graph\">{\"@context\":\"https:\/\/schema.org\",\"@graph\":[{\"@type\":\"WebPage\",\"@id\":\"https:\/\/www.etoro.com\/ro\/trading\/trading-systems\/\",\"url\":\"https:\/\/www.etoro.com\/ro\/trading\/trading-systems\/\",\"name\":\"Construirea unui sistem complet de tranzac\u021bionare | eToro\",\"isPartOf\":{\"@id\":\"https:\/\/www.etoro.com\/ro\/#website\"},\"primaryImageOfPage\":{\"@id\":\"https:\/\/www.etoro.com\/ro\/trading\/trading-systems\/#primaryimage\"},\"image\":{\"@id\":\"https:\/\/www.etoro.com\/ro\/trading\/trading-systems\/#primaryimage\"},\"thumbnailUrl\":\"https:\/\/www.etoro.com\/wp-content\/uploads\/2023\/06\/Socials-RO.png\",\"datePublished\":\"2023-05-03T09:05:06+00:00\",\"dateModified\":\"2025-10-30T12:15:08+00:00\",\"description\":\"Un sistem de tranzac\u021bionare automat implementeaz\u0103 strategia aleas\u0103 de tine. Afl\u0103 elementele de baz\u0103 pe care trebuie s\u0103 le aib\u0103 un sistem pentru a fi complet.\",\"breadcrumb\":{\"@id\":\"https:\/\/www.etoro.com\/ro\/trading\/trading-systems\/#breadcrumb\"},\"inLanguage\":\"ro\",\"potentialAction\":[{\"@type\":\"ReadAction\",\"target\":[\"https:\/\/www.etoro.com\/ro\/trading\/trading-systems\/\"]}]},{\"@type\":\"ImageObject\",\"inLanguage\":\"ro\",\"@id\":\"https:\/\/www.etoro.com\/ro\/trading\/trading-systems\/#primaryimage\",\"url\":\"https:\/\/www.etoro.com\/wp-content\/uploads\/2023\/06\/Socials-RO.png\",\"contentUrl\":\"https:\/\/www.etoro.com\/wp-content\/uploads\/2023\/06\/Socials-RO.png\",\"width\":1200,\"height\":630},{\"@type\":\"BreadcrumbList\",\"@id\":\"https:\/\/www.etoro.com\/ro\/trading\/trading-systems\/#breadcrumb\",\"itemListElement\":[{\"@type\":\"ListItem\",\"position\":1,\"name\":\"ACAS\u0102\",\"item\":\"https:\/\/www.etoro.com\/ro\/\"},{\"@type\":\"ListItem\",\"position\":2,\"name\":\"TRANZAC\u021aIONARE\",\"item\":\"https:\/\/www.etoro.com\/ro\/trading\/\"},{\"@type\":\"ListItem\",\"position\":3,\"name\":\"Structura unui sistem de tranzac\u021bionare\"}]},{\"@type\":\"WebSite\",\"@id\":\"https:\/\/www.etoro.com\/ro\/#website\",\"url\":\"https:\/\/www.etoro.com\/ro\/\",\"name\":\"eToro\",\"description\":\"\",\"publisher\":{\"@id\":\"https:\/\/www.etoro.com\/ro\/#organization\"},\"potentialAction\":[{\"@type\":\"SearchAction\",\"target\":{\"@type\":\"EntryPoint\",\"urlTemplate\":\"https:\/\/www.etoro.com\/ro\/?s={search_term_string}\"},\"query-input\":{\"@type\":\"PropertyValueSpecification\",\"valueRequired\":true,\"valueName\":\"search_term_string\"}}],\"inLanguage\":\"ro\"},[]]}<\/script>","yoast_head_json":{"title":"Construirea unui sistem complet de tranzac\u021bionare | eToro","description":"Un sistem de tranzac\u021bionare automat implementeaz\u0103 strategia aleas\u0103 de tine. Afl\u0103 elementele de baz\u0103 pe care trebuie s\u0103 le aib\u0103 un sistem pentru a fi complet.","robots":{"index":"index","follow":"follow","max-snippet":"max-snippet:-1","max-image-preview":"max-image-preview:large","max-video-preview":"max-video-preview:-1"},"canonical":"https:\/\/www.etoro.com\/ro\/wp-json\/wp\/v2\/pages\/620153","og_locale":"ro_RO","og_type":"article","og_title":"Construirea unui sistem complet de tranzac\u021bionare | eToro","og_description":"Un sistem de tranzac\u021bionare automat implementeaz\u0103 strategia aleas\u0103 de tine. Afl\u0103 elementele de baz\u0103 pe care trebuie s\u0103 le aib\u0103 un sistem pentru a fi complet.","og_url":"https:\/\/www.etoro.com\/ro\/wp-json\/wp\/v2\/pages\/620153","og_site_name":"eToro","article_publisher":"https:\/\/www.facebook.com\/eToro\/","article_modified_time":"2025-10-30T12:15:08+00:00","og_image":[{"width":1200,"height":630,"url":"https:\/\/www.etoro.com\/wp-content\/uploads\/2023\/06\/Socials-RO.png","type":"image\/png"}],"twitter_card":"summary_large_image","twitter_site":"@eToro","twitter_misc":{"Est. reading time":"6 minutes"},"schema":{"@context":"https:\/\/schema.org","@graph":[{"@type":"WebPage","@id":"https:\/\/www.etoro.com\/ro\/trading\/trading-systems\/","url":"https:\/\/www.etoro.com\/ro\/trading\/trading-systems\/","name":"Construirea unui sistem complet de tranzac\u021bionare | eToro","isPartOf":{"@id":"https:\/\/www.etoro.com\/ro\/#website"},"primaryImageOfPage":{"@id":"https:\/\/www.etoro.com\/ro\/trading\/trading-systems\/#primaryimage"},"image":{"@id":"https:\/\/www.etoro.com\/ro\/trading\/trading-systems\/#primaryimage"},"thumbnailUrl":"https:\/\/www.etoro.com\/wp-content\/uploads\/2023\/06\/Socials-RO.png","datePublished":"2023-05-03T09:05:06+00:00","dateModified":"2025-10-30T12:15:08+00:00","description":"Un sistem de tranzac\u021bionare automat implementeaz\u0103 strategia aleas\u0103 de tine. Afl\u0103 elementele de baz\u0103 pe care trebuie s\u0103 le aib\u0103 un sistem pentru a fi complet.","breadcrumb":{"@id":"https:\/\/www.etoro.com\/ro\/trading\/trading-systems\/#breadcrumb"},"inLanguage":"ro","potentialAction":[{"@type":"ReadAction","target":["https:\/\/www.etoro.com\/ro\/trading\/trading-systems\/"]}]},{"@type":"ImageObject","inLanguage":"ro","@id":"https:\/\/www.etoro.com\/ro\/trading\/trading-systems\/#primaryimage","url":"https:\/\/www.etoro.com\/wp-content\/uploads\/2023\/06\/Socials-RO.png","contentUrl":"https:\/\/www.etoro.com\/wp-content\/uploads\/2023\/06\/Socials-RO.png","width":1200,"height":630},{"@type":"BreadcrumbList","@id":"https:\/\/www.etoro.com\/ro\/trading\/trading-systems\/#breadcrumb","itemListElement":[{"@type":"ListItem","position":1,"name":"ACAS\u0102","item":"https:\/\/www.etoro.com\/ro\/"},{"@type":"ListItem","position":2,"name":"TRANZAC\u021aIONARE","item":"https:\/\/www.etoro.com\/ro\/trading\/"},{"@type":"ListItem","position":3,"name":"Structura unui sistem de tranzac\u021bionare"}]},{"@type":"WebSite","@id":"https:\/\/www.etoro.com\/ro\/#website","url":"https:\/\/www.etoro.com\/ro\/","name":"eToro","description":"","publisher":{"@id":"https:\/\/www.etoro.com\/ro\/#organization"},"potentialAction":[{"@type":"SearchAction","target":{"@type":"EntryPoint","urlTemplate":"https:\/\/www.etoro.com\/ro\/?s={search_term_string}"},"query-input":{"@type":"PropertyValueSpecification","valueRequired":true,"valueName":"search_term_string"}}],"inLanguage":"ro"},[]]}},"_links":{"self":[{"href":"https:\/\/www.etoro.com\/ro\/wp-json\/wp\/v2\/pages\/620153"}],"collection":[{"href":"https:\/\/www.etoro.com\/ro\/wp-json\/wp\/v2\/pages"}],"about":[{"href":"https:\/\/www.etoro.com\/ro\/wp-json\/wp\/v2\/types\/page"}],"author":[{"embeddable":true,"href":"https:\/\/www.etoro.com\/ro\/wp-json\/wp\/v2\/users\/107"}],"replies":[{"embeddable":true,"href":"https:\/\/www.etoro.com\/ro\/wp-json\/wp\/v2\/comments?post=620153"}],"version-history":[{"count":0,"href":"https:\/\/www.etoro.com\/ro\/wp-json\/wp\/v2\/pages\/620153\/revisions"}],"up":[{"embeddable":true,"href":"https:\/\/www.etoro.com\/ro\/wp-json\/wp\/v2\/pages\/31826"}],"wp:featuredmedia":[{"embeddable":true,"href":"https:\/\/www.etoro.com\/ro\/wp-json\/wp\/v2\/media\/621298"}],"wp:attachment":[{"href":"https:\/\/www.etoro.com\/ro\/wp-json\/wp\/v2\/media?parent=620153"}],"wp:term":[{"taxonomy":"asset_type","embeddable":true,"href":"https:\/\/www.etoro.com\/ro\/wp-json\/wp\/v2\/asset_type?post=620153"}],"curies":[{"name":"wp","href":"https:\/\/api.w.org\/{rel}","templated":true}]}}