{"id":648972,"date":"2023-06-14T10:45:54","date_gmt":"2023-06-14T07:45:54","guid":{"rendered":"https:\/\/www.etoro.com\/crypto\/wallet-fees\/"},"modified":"2026-04-06T11:42:20","modified_gmt":"2026-04-06T08:42:20","slug":"fees","status":"publish","type":"page","link":"https:\/\/www.etoro.com\/ro\/crypto\/wallet\/fees\/","title":{"rendered":"Wallet fees"},"content":{"rendered":"\n<section class=\"wp-block-group wp-block-group-boxed\"><div class=\"wp-block-group-inner is-layout-flow wp-block-group-is-layout-flow\">\n<div class=\"wp-block-columns are-vertically-aligned-top wp-block-columns-1 is-layout-flex wp-container-core-columns-is-layout-1 wp-block-columns-is-layout-flex\">\n<div class=\"wp-block-column is-layout-flow wp-block-column-is-layout-flow\">\n<h3 class=\"wp-block-heading\"><strong>Trimite\u021bi\/Primi\u021bi taxe de tranzac\u021bie<\/strong><\/h3>\n\n\n\n<p>Se aplic\u0103 un comision atunci c\u00e2nd \u00ee\u021bi transferi criptoactivele \u00een portofelul de criptoactive eToro.<\/p>\n\n\n\n<ul class=\"wp-block-list wp-block-list wp-block-list-circle\">\n<li>Dac\u0103 transferi criptoactive de pe platforma eToro se aplic\u0103 un comision de 2%.<\/li>\n\n\n\n<li>Dac\u0103 transferi criptoactive din sau c\u0103tre o surs\u0103 extern\u0103, eToro nu percepe taxe. Singurul comision aplicat este comisionul blockchain. <\/li>\n<\/ul>\n\n\n\n<p>Not\u0103: comisionul are un plafon minim\/maxim, detalii <a href=\"https:\/\/www.etoro.com\/ro\/crypto\/coin-transfer\/\" target=\"_blank\" rel=\"noreferrer noopener\">aici<\/a>.<\/p>\n\n\n\n<h3 class=\"wp-block-heading\"><strong>Trimite\u021bi limite de tranzac\u021bie<\/strong><\/h3>\n\n\n\n<p>Tranzac\u021biile pentru toate criptoactivele acceptate permit un maxim de 50.000 USD per tranzac\u021bie, \u0219i o limit\u0103 maxim\u0103 zilnic\u0103 total\u0103 de 200.000 USD.<\/p>\n\n\n\n<h3 class=\"wp-block-heading\"><strong>V\u00e2nzarea criptoactielor pentru GBP\/EUR\/AUD<\/strong><\/h3>\n\n\n\n<p>Se aplic\u0103 un comision atunci c\u00e2nd vinzi cripto pentru GBP, EUR, AUD sau USD \u00een portofelul de criptoactive eToro.<\/p>\n\n\n\n<p>\u021ai se va afi\u0219a un comision estimat \u00eenainte de a finaliza v\u00e2nzarea.<\/p>\n\n\n\n<p>Reducere de Club:<\/p>\n\n\n\n<figure class=\"wp-block-table\"><div class=\"wp-block-table-content\"><div class=\"wp-block-table-content-nav wp-block-table-content-nav-left\"><div class=\"wp-block-table-content-nav-arrow wp-block-table-content-nav-arrow-left\"><\/div><\/div><div class=\"wp-block-table-content-nav wp-block-table-content-nav-right\"><div class=\"wp-block-table-content-nav-arrow wp-block-table-content-nav-arrow-right\"><\/div><\/div><div class=\"wp-block-table-content-table\"><table class=\"has-fixed-layout\"><thead><tr><th class=\"has-text-align-center\" data-align=\"center\"><strong>Silver<\/strong><\/th><th class=\"has-text-align-center\" data-align=\"center\"><strong>Gold &amp; Platinum<\/strong><\/th><th class=\"has-text-align-center\" data-align=\"center\"><strong>Platinum+ &amp; Diamond<\/strong><\/th><\/tr><\/thead><tbody><tr><td class=\"has-text-align-center\" data-align=\"center\">1%<\/td><td class=\"has-text-align-center\" data-align=\"center\">20% reducere (0.8%)<\/td><td class=\"has-text-align-center\" data-align=\"center\">40% reducere  (0.6%)<\/td><\/tr><\/tbody><\/table><\/div><\/div><\/figure>\n\n\n\n<p><a href=\"https:\/\/www.etoro.com\/ro\/trading\/fees\/\">Pagina de comisioane eToro<\/a><\/p>\n\n\n\n<h3 class=\"wp-block-heading\"><strong>Tranzac\u021bii Ethereum \u0219i ERC20<\/strong><\/h3>\n\n\n\n<p>Pentru a te asigura c\u0103 activele tale sunt securizate, portofelul criptoactive eToro se bazeaz\u0103 pe o solu\u021bie multi-sig care utilizeaz\u0103 contracte inteligente pentru a facilita tranzac\u021biile \u00een re\u021beaua Ethereum. Din p\u0103cate, nu to\u021bi furnizorii de portofel sau schimburi valutare accept\u0103 trimiterea \u0219i primirea prin contracte inteligente. Te rug\u0103m s\u0103 te asiguri c\u0103 furnizorul de adrese din partea destinatarului accept\u0103 tranzac\u021biile ETH \u0219i ERC20 trimise de la adrese cu mai multe semn\u0103turi. Dac\u0103 se \u00eent\u00e2lnesc probleme, trebuie contactat furnizorul p\u0103r\u021bii destinatare.<\/p>\n\n\n\n<h3 class=\"wp-block-heading\"><strong>Crearea portofelului XRP<\/strong><\/h3>\n\n\n\n<p>\u00cen prezent, deschiderea unui portofel XRP este activat\u0103 ca parte a procesului de transfer de monede \u0219i nu va avea taxe de creare a portofelului XRP.<\/p>\n\n\n\n<h3 class=\"wp-block-heading\"><strong>Crearea portofelului XLM<\/strong><\/h3>\n\n\n\n<p>Stellar blockchain necesit\u0103 un depozit minim necheltuibil, \u00een valoare de 2,5 XLM pentru activarea portofelului XLM. Odat\u0103 realizat acest depozit, portofelul este activat, \u0219i pute\u021bi vedea portofelul pe blockchain-ul Stellar.<\/p>\n\n\n\n<h3 class=\"wp-block-heading\"><strong>Crearea portofelului ETH<\/strong><\/h3>\n\n\n\n<p>\u00cen prezent, deschiderea unui portofel ETH este activat\u0103 ca parte a procesului de transfer de monede. De asemenea, aceasta nu va avea taxe de creare a portofelului ETH. Tokenurile ERC20 sunt acceptate pentru utilizatorii care au deja astfel de portofele.<\/p>\n\n\n\n<p>Noile portofele ERC20 nu sunt disponibile momentan.<\/p>\n\n\n\n<p>Vezi Termenii \u0219i condi\u021biile portofelului <a class=\"link\" href=\"https:\/\/www.etoro.com\/customer-service\/terms-conditions\/#etoro-money:~:text=eToro%20Money%20crypto%20wallet\">aici<\/a>.<\/p>\n\n\n\n<p>Portofelul este oferit de eToroX Limited (\u201eeToroX\u201d), o companie cu r\u0103spundere limitat\u0103 \u00eenregistrat\u0103 \u00een Gibraltar cu num\u0103rul de companie 116348 \u0219i cu sediul social la 57\/63 Line Wall Road, Gibraltar. eToroX este un furnizor DLT reglementat, licen\u021biat de Comisia pentru Servicii Financiare din Gibraltar \u00een temeiul Legii privind investi\u021biile \u0219i serviciile financiare fiduciare, cu num\u0103rul de licen\u021b\u0103 FSC1333B.<\/p>\n<\/div>\n<\/div>\n<\/div><\/section>\n","protected":false},"excerpt":{"rendered":"<p>Trimite\u021bi\/Primi\u021bi taxe de tranzac\u021bie Se aplic\u0103 un comision atunci c\u00e2nd \u00ee\u021bi transferi criptoactivele \u00een portofelul de criptoactive eToro. Not\u0103: comisionul are un plafon minim\/maxim, detalii aici. Trimite\u021bi limite de tranzac\u021bie Tranzac\u021biile pentru toate criptoactivele acceptate permit un maxim de 50.000 USD per tranzac\u021bie, \u0219i o limit\u0103 maxim\u0103 zilnic\u0103 total\u0103 de 200.000 USD. V\u00e2nzarea criptoactielor pentru&hellip;<\/p>\n","protected":false},"author":75,"featured_media":623887,"parent":128916,"menu_order":0,"comment_status":"closed","ping_status":"closed","template":"","meta":{"_acf_changed":false,"inline_featured_image":false,"sticky_cta_settings":"","footnotes":""},"asset_type":[],"class_list":["post-648972","page","type-page","status-publish","has-post-thumbnail","hentry"],"acf":[],"yoast_head":"<title>Taxe portofel Crypto eToro<\/title>\n<meta name=\"description\" content=\"O explica\u021bie detaliat\u0103 a taxelor pentru portofelul cripto eToro, precum conversia, limitele tranzac\u021biilor, dar \u0219i crearea portofelului general\/specific.\" \/>\n<meta name=\"robots\" content=\"index, follow, max-snippet:-1, max-image-preview:large, max-video-preview:-1\" \/>\n<link rel=\"canonical\" href=\"https:\/\/www.etoro.com\/ro\/wp-json\/wp\/v2\/pages\/648972\" \/>\n<meta property=\"og:locale\" content=\"ro_RO\" \/>\n<meta property=\"og:type\" content=\"article\" \/>\n<meta property=\"og:title\" content=\"Taxe portofel Crypto eToro\" \/>\n<meta property=\"og:description\" content=\"O explica\u021bie detaliat\u0103 a taxelor pentru portofelul cripto eToro, precum conversia, limitele tranzac\u021biilor, dar \u0219i crearea portofelului general\/specific.\" \/>\n<meta property=\"og:url\" content=\"https:\/\/www.etoro.com\/ro\/wp-json\/wp\/v2\/pages\/648972\" \/>\n<meta property=\"og:site_name\" content=\"eToro\" \/>\n<meta property=\"article:publisher\" content=\"https:\/\/www.facebook.com\/eToro\/\" \/>\n<meta property=\"article:modified_time\" content=\"2026-04-06T08:42:20+00:00\" \/>\n<meta property=\"og:image\" content=\"https:\/\/www.etoro.com\/wp-content\/uploads\/2023\/06\/Wallet-fees.jpg\" \/>\n\t<meta property=\"og:image:width\" content=\"1200\" \/>\n\t<meta property=\"og:image:height\" content=\"630\" \/>\n\t<meta property=\"og:image:type\" content=\"image\/jpeg\" \/>\n<meta name=\"twitter:card\" content=\"summary_large_image\" \/>\n<meta name=\"twitter:site\" content=\"@eToro\" \/>\n<meta name=\"twitter:label1\" content=\"Est. reading time\" \/>\n\t<meta name=\"twitter:data1\" content=\"2 minutes\" \/>\n<script type=\"application\/ld+json\" class=\"yoast-schema-graph\">{\"@context\":\"https:\/\/schema.org\",\"@graph\":[{\"@type\":\"WebPage\",\"@id\":\"https:\/\/www.etoro.com\/ro\/crypto\/wallet\/fees\/\",\"url\":\"https:\/\/www.etoro.com\/ro\/crypto\/wallet\/fees\/\",\"name\":\"Taxe portofel Crypto eToro\",\"isPartOf\":{\"@id\":\"https:\/\/www.etoro.com\/ro\/#website\"},\"primaryImageOfPage\":{\"@id\":\"https:\/\/www.etoro.com\/ro\/crypto\/wallet\/fees\/#primaryimage\"},\"image\":{\"@id\":\"https:\/\/www.etoro.com\/ro\/crypto\/wallet\/fees\/#primaryimage\"},\"thumbnailUrl\":\"https:\/\/www.etoro.com\/wp-content\/uploads\/2023\/06\/Wallet-fees.jpg\",\"datePublished\":\"2023-06-14T07:45:54+00:00\",\"dateModified\":\"2026-04-06T08:42:20+00:00\",\"description\":\"O explica\u021bie detaliat\u0103 a taxelor pentru portofelul cripto eToro, precum conversia, limitele tranzac\u021biilor, dar \u0219i crearea portofelului general\/specific.\",\"breadcrumb\":{\"@id\":\"https:\/\/www.etoro.com\/ro\/crypto\/wallet\/fees\/#breadcrumb\"},\"inLanguage\":\"ro\",\"potentialAction\":[{\"@type\":\"ReadAction\",\"target\":[\"https:\/\/www.etoro.com\/ro\/crypto\/wallet\/fees\/\"]}]},{\"@type\":\"ImageObject\",\"inLanguage\":\"ro\",\"@id\":\"https:\/\/www.etoro.com\/ro\/crypto\/wallet\/fees\/#primaryimage\",\"url\":\"https:\/\/www.etoro.com\/wp-content\/uploads\/2023\/06\/Wallet-fees.jpg\",\"contentUrl\":\"https:\/\/www.etoro.com\/wp-content\/uploads\/2023\/06\/Wallet-fees.jpg\",\"width\":1200,\"height\":630,\"caption\":\"Wallet Fees\"},{\"@type\":\"BreadcrumbList\",\"@id\":\"https:\/\/www.etoro.com\/ro\/crypto\/wallet\/fees\/#breadcrumb\",\"itemListElement\":[{\"@type\":\"ListItem\",\"position\":1,\"name\":\"ACAS\u0102\",\"item\":\"https:\/\/www.etoro.com\/ro\/\"},{\"@type\":\"ListItem\",\"position\":2,\"name\":\"One-stop crypto\",\"item\":\"https:\/\/www.etoro.com\/ro\/crypto\/\"},{\"@type\":\"ListItem\",\"position\":3,\"name\":\"Wallet\",\"item\":\"https:\/\/www.etoro.com\/ro\/crypto\/wallet\/\"},{\"@type\":\"ListItem\",\"position\":4,\"name\":\"Wallet fees\"}]},{\"@type\":\"WebSite\",\"@id\":\"https:\/\/www.etoro.com\/ro\/#website\",\"url\":\"https:\/\/www.etoro.com\/ro\/\",\"name\":\"eToro\",\"description\":\"\",\"publisher\":{\"@id\":\"https:\/\/www.etoro.com\/ro\/#organization\"},\"potentialAction\":[{\"@type\":\"SearchAction\",\"target\":{\"@type\":\"EntryPoint\",\"urlTemplate\":\"https:\/\/www.etoro.com\/ro\/?s={search_term_string}\"},\"query-input\":{\"@type\":\"PropertyValueSpecification\",\"valueRequired\":true,\"valueName\":\"search_term_string\"}}],\"inLanguage\":\"ro\"},[]]}<\/script>","yoast_head_json":{"title":"Taxe portofel Crypto eToro","description":"O explica\u021bie detaliat\u0103 a taxelor pentru portofelul cripto eToro, precum conversia, limitele tranzac\u021biilor, dar \u0219i crearea portofelului general\/specific.","robots":{"index":"index","follow":"follow","max-snippet":"max-snippet:-1","max-image-preview":"max-image-preview:large","max-video-preview":"max-video-preview:-1"},"canonical":"https:\/\/www.etoro.com\/ro\/wp-json\/wp\/v2\/pages\/648972","og_locale":"ro_RO","og_type":"article","og_title":"Taxe portofel Crypto eToro","og_description":"O explica\u021bie detaliat\u0103 a taxelor pentru portofelul cripto eToro, precum conversia, limitele tranzac\u021biilor, dar \u0219i crearea portofelului general\/specific.","og_url":"https:\/\/www.etoro.com\/ro\/wp-json\/wp\/v2\/pages\/648972","og_site_name":"eToro","article_publisher":"https:\/\/www.facebook.com\/eToro\/","article_modified_time":"2026-04-06T08:42:20+00:00","og_image":[{"width":1200,"height":630,"url":"https:\/\/www.etoro.com\/wp-content\/uploads\/2023\/06\/Wallet-fees.jpg","type":"image\/jpeg"}],"twitter_card":"summary_large_image","twitter_site":"@eToro","twitter_misc":{"Est. reading time":"2 minutes"},"schema":{"@context":"https:\/\/schema.org","@graph":[{"@type":"WebPage","@id":"https:\/\/www.etoro.com\/ro\/crypto\/wallet\/fees\/","url":"https:\/\/www.etoro.com\/ro\/crypto\/wallet\/fees\/","name":"Taxe portofel Crypto eToro","isPartOf":{"@id":"https:\/\/www.etoro.com\/ro\/#website"},"primaryImageOfPage":{"@id":"https:\/\/www.etoro.com\/ro\/crypto\/wallet\/fees\/#primaryimage"},"image":{"@id":"https:\/\/www.etoro.com\/ro\/crypto\/wallet\/fees\/#primaryimage"},"thumbnailUrl":"https:\/\/www.etoro.com\/wp-content\/uploads\/2023\/06\/Wallet-fees.jpg","datePublished":"2023-06-14T07:45:54+00:00","dateModified":"2026-04-06T08:42:20+00:00","description":"O explica\u021bie detaliat\u0103 a taxelor pentru portofelul cripto eToro, precum conversia, limitele tranzac\u021biilor, dar \u0219i crearea portofelului general\/specific.","breadcrumb":{"@id":"https:\/\/www.etoro.com\/ro\/crypto\/wallet\/fees\/#breadcrumb"},"inLanguage":"ro","potentialAction":[{"@type":"ReadAction","target":["https:\/\/www.etoro.com\/ro\/crypto\/wallet\/fees\/"]}]},{"@type":"ImageObject","inLanguage":"ro","@id":"https:\/\/www.etoro.com\/ro\/crypto\/wallet\/fees\/#primaryimage","url":"https:\/\/www.etoro.com\/wp-content\/uploads\/2023\/06\/Wallet-fees.jpg","contentUrl":"https:\/\/www.etoro.com\/wp-content\/uploads\/2023\/06\/Wallet-fees.jpg","width":1200,"height":630,"caption":"Wallet Fees"},{"@type":"BreadcrumbList","@id":"https:\/\/www.etoro.com\/ro\/crypto\/wallet\/fees\/#breadcrumb","itemListElement":[{"@type":"ListItem","position":1,"name":"ACAS\u0102","item":"https:\/\/www.etoro.com\/ro\/"},{"@type":"ListItem","position":2,"name":"One-stop crypto","item":"https:\/\/www.etoro.com\/ro\/crypto\/"},{"@type":"ListItem","position":3,"name":"Wallet","item":"https:\/\/www.etoro.com\/ro\/crypto\/wallet\/"},{"@type":"ListItem","position":4,"name":"Wallet fees"}]},{"@type":"WebSite","@id":"https:\/\/www.etoro.com\/ro\/#website","url":"https:\/\/www.etoro.com\/ro\/","name":"eToro","description":"","publisher":{"@id":"https:\/\/www.etoro.com\/ro\/#organization"},"potentialAction":[{"@type":"SearchAction","target":{"@type":"EntryPoint","urlTemplate":"https:\/\/www.etoro.com\/ro\/?s={search_term_string}"},"query-input":{"@type":"PropertyValueSpecification","valueRequired":true,"valueName":"search_term_string"}}],"inLanguage":"ro"},[]]}},"_links":{"self":[{"href":"https:\/\/www.etoro.com\/ro\/wp-json\/wp\/v2\/pages\/648972"}],"collection":[{"href":"https:\/\/www.etoro.com\/ro\/wp-json\/wp\/v2\/pages"}],"about":[{"href":"https:\/\/www.etoro.com\/ro\/wp-json\/wp\/v2\/types\/page"}],"author":[{"embeddable":true,"href":"https:\/\/www.etoro.com\/ro\/wp-json\/wp\/v2\/users\/75"}],"replies":[{"embeddable":true,"href":"https:\/\/www.etoro.com\/ro\/wp-json\/wp\/v2\/comments?post=648972"}],"version-history":[{"count":0,"href":"https:\/\/www.etoro.com\/ro\/wp-json\/wp\/v2\/pages\/648972\/revisions"}],"up":[{"embeddable":true,"href":"https:\/\/www.etoro.com\/ro\/wp-json\/wp\/v2\/pages\/128916"}],"wp:featuredmedia":[{"embeddable":true,"href":"https:\/\/www.etoro.com\/ro\/wp-json\/wp\/v2\/media\/623887"}],"wp:attachment":[{"href":"https:\/\/www.etoro.com\/ro\/wp-json\/wp\/v2\/media?parent=648972"}],"wp:term":[{"taxonomy":"asset_type","embeddable":true,"href":"https:\/\/www.etoro.com\/ro\/wp-json\/wp\/v2\/asset_type?post=648972"}],"curies":[{"name":"wp","href":"https:\/\/api.w.org\/{rel}","templated":true}]}}