{"id":674733,"date":"2023-07-26T16:17:58","date_gmt":"2023-07-26T13:17:58","guid":{"rendered":"https:\/\/www.etoro.com\/customer-service\/terms-conditions\/trading-restriction\/"},"modified":"2023-10-19T18:06:49","modified_gmt":"2023-10-19T15:06:49","slug":"trading-restriction","status":"publish","type":"page","link":"https:\/\/www.etoro.com\/ro\/customer-service\/terms-conditions\/trading-restriction\/","title":{"rendered":"Actualizare tranzac\u021bionare"},"content":{"rendered":"\n<section class=\"wp-block-group wp-block-group-boxed has-white-background-color has-background\"><div class=\"wp-block-group-inner is-layout-flow wp-block-group-is-layout-flow\">\n<div class=\"wp-block-columns are-vertically-aligned-top wp-block-columns-1 wp-block-columns-size-14 is-layout-flex wp-container-core-columns-is-layout-1 wp-block-columns-is-layout-flex\">\n<div class=\"wp-block-column wp-block-column-align-desktop-center wp-block-column-align-mobile-left is-layout-flow wp-block-column-is-layout-flow\">\n<h2 class=\"wp-block-heading has-text-align-center\">Restric\u021bie de tranzac\u021bionare cripto<\/h2>\n\n\n\n<p class=\"has-text-align-center\">Datorit\u0103 posibilit\u0103\u021bii de a fi implicate pierderi, Autoritatea de Conduit\u0103 Financiar\u0103 (FCA) consider\u0103 c\u0103 aceast\u0103 investi\u021bie este un risc ridicat.<\/p>\n<\/div>\n<\/div>\n<\/div><\/section>\n\n\n\n<section class=\"wp-block-group wp-block-group-boxed\"><div class=\"wp-block-group-inner is-layout-flow wp-block-group-is-layout-flow\">\n<div class=\"wp-block-columns are-vertically-aligned-top wp-block-columns-1 wp-block-columns-size-14 is-layout-flex wp-container-core-columns-is-layout-2 wp-block-columns-is-layout-flex\">\n<div class=\"wp-block-column is-layout-flow wp-block-column-is-layout-flow\">\n<h2 class=\"wp-block-heading\">Care sunt <strong>riscurile principale<\/strong>?<\/h2>\n\n\n\n<h3 class=\"wp-block-heading\">1. Ai putea pierde suma pe care o investe\u0219ti<\/h3>\n\n\n\n<ul class=\"wp-block-list wp-block-list-circle\">\n<li>Performan\u021ba majorit\u0103\u021bii activelor cripto poate fi foarte volatil\u0103, valoarea lor sc\u0103z\u00e2nd pe at\u00e2t de repede pe c\u00e2t poate cre\u0219te. Ar trebui luat\u0103 \u00een considerare \u0219i posibilitatea de a pierde to\u021bi banii investi\u021bi \u00een activele cripto.<\/li>\n\n\n\n<li>Pia\u021ba cripto este, \u00een mare parte, nereglementat\u0103. Astfel, exist\u0103 riscul de a pierde bani sau orice active cripto achizi\u021bionate, din cauza unor riscuri precum atacurile cibernetice, criminalitatea financiar\u0103 sau e\u0219ecul firmei.<\/li>\n<\/ul>\n<\/div>\n<\/div>\n<\/div><\/section>\n\n\n\n<section class=\"wp-block-group wp-block-group-boxed has-white-background-color has-background\"><div class=\"wp-block-group-inner is-layout-flow wp-block-group-is-layout-flow\">\n<div class=\"wp-block-columns are-vertically-aligned-top wp-block-columns-1 wp-block-columns-size-14 is-layout-flex wp-container-core-columns-is-layout-3 wp-block-columns-is-layout-flex\">\n<div class=\"wp-block-column is-layout-flow wp-block-column-is-layout-flow\">\n<h3 class=\"wp-block-heading\">2. Nu \u00ee\u021bi crea a\u0219tept\u0103ri c\u0103 vei fi protejat, chiar \u0219i \u00een cazul \u00een care ceva nu merge bine<\/h3>\n\n\n\n<ul class=\"wp-block-list wp-block-list-circle\">\n<li>Schema de compensare a serviciilor financiare (FSCS) nu protejeaz\u0103 acest tip de investi\u021bie, deoarece nu este o \u201einvesti\u021bie specificat\u0103\u201d \u00een cadrul regimului de reglementare din Regatul Unit \u2013 cu alte cuvinte, acest tip de investi\u021bie nu este recunoscut ca un mod de investi\u021bie pe care FSCS \u00eel poate proteja. Afl\u0103 mai multe folosind verificatorul de protec\u021bie a investi\u021biilor FSCS aici. [<a href=\"https:\/\/www.fscs.org.uk\/check\/investment-protection-checker\" rel=\"nofollow noopener noreferrer\" >https:\/\/www.fscs.org.uk\/check\/investment-protection-checker<\/a>].<\/li>\n\n\n\n<li>Serviciul Ombudsman financiar (FOS) nu va putea lua \u00een considerare pl\u00e2ngerile legate de aceast\u0103 firm\u0103 sau Protec\u021bia din partea Serviciului Ombudsman financiar (FOS) nu acoper\u0103 performan\u021ba slab\u0103 a investi\u021biilor. Dac\u0103 dore\u0219ti s\u0103 depui o pl\u00e2ngere \u00eempotriva unei firme reglementate de FCA, FOS ar putea s\u0103 o ia \u00een considerare. Afl\u0103 mai multe \u00een ceea ce prive\u0219te protec\u021bia FOS aici. [<a href=\"https:\/\/www.financial-ombudsman.org.uk\/consumers\" rel=\"nofollow noopener noreferrer\" >https:\/\/www.financial-ombudsman.org.uk\/consumers<\/a>].<\/li>\n<\/ul>\n<\/div>\n<\/div>\n<\/div><\/section>\n\n\n\n<section class=\"wp-block-group wp-block-group-boxed\"><div class=\"wp-block-group-inner is-layout-flow wp-block-group-is-layout-flow\">\n<div class=\"wp-block-columns are-vertically-aligned-top wp-block-columns-1 wp-block-columns-size-14 is-layout-flex wp-container-core-columns-is-layout-4 wp-block-columns-is-layout-flex\">\n<div class=\"wp-block-column is-layout-flow wp-block-column-is-layout-flow\">\n<h3 class=\"wp-block-heading\">3. Exist\u0103 posibilitatea de a nu-\u021bi putea vinde investi\u021bia atunci c\u00e2nd dore\u0219ti.<\/h3>\n\n\n\n<ul class=\"wp-block-list wp-block-list-circle\">\n<li>Nu exist\u0103 nicio garan\u021bie c\u0103 investi\u021biile \u00een criptoactive pot fi v\u00e2ndute cu u\u0219urin\u021b\u0103. Capacitatea de a vinde un activ depinde de diver\u0219i factori, inclusiv de oferta \u0219i cererea de pe pia\u021b\u0103 de la momentul respectiv.<\/li>\n\n\n\n<li>E\u0219ecurile opera\u021bionale, cum ar fi \u00eentreruperile tehnologice, atacurile cibernetice sau combinarea de fonduri, ar putea cauza \u00eent\u00e2rzieri nedorite, exist\u00e2nd posibilitatea de a nu v\u0103 putea vinde activele criptografice la momentul dorit.<\/li>\n<\/ul>\n<\/div>\n<\/div>\n<\/div><\/section>\n\n\n\n<section class=\"wp-block-group wp-block-group-boxed has-white-background-color has-background\"><div class=\"wp-block-group-inner is-layout-flow wp-block-group-is-layout-flow\">\n<div class=\"wp-block-columns are-vertically-aligned-top wp-block-columns-1 wp-block-columns-size-14 is-layout-flex wp-container-core-columns-is-layout-5 wp-block-columns-is-layout-flex\">\n<div class=\"wp-block-column is-layout-flow wp-block-column-is-layout-flow\">\n<h3 class=\"wp-block-heading\">4. Investi\u021biile \u00een criptoactive pot fi complexe<\/h3>\n\n\n\n<ul class=\"wp-block-list wp-block-list-circle\">\n<li>Investi\u021biile \u00een criptoactive pot fi complexe, aspect ce face dificil\u0103 \u00een\u021belegerea riscurilor asociate investi\u021biei.<\/li>\n\n\n\n<li>Ar trebui \u00ee\u021bi realizezi propriile cercet\u0103ri, \u00eenainte de a investi. Dac\u0103 exist\u0103 ceva ce sun\u0103 prea frumos pentru a fi adev\u0103rat, probabil c\u0103 este.<\/li>\n<\/ul>\n<\/div>\n<\/div>\n<\/div><\/section>\n\n\n\n<section class=\"wp-block-group wp-block-group-boxed\"><div class=\"wp-block-group-inner is-layout-flow wp-block-group-is-layout-flow\">\n<div class=\"wp-block-columns are-vertically-aligned-top wp-block-columns-1 wp-block-columns-size-14 is-layout-flex wp-container-core-columns-is-layout-6 wp-block-columns-is-layout-flex\">\n<div class=\"wp-block-column is-layout-flow wp-block-column-is-layout-flow\">\n<h3 class=\"wp-block-heading\">5. Nu pune niciodat\u0103 toate ou\u0103le \u00eentr-un singur co\u0219<\/h3>\n\n\n\n<ul class=\"wp-block-list wp-block-list-circle\">\n<li>S\u0103-\u021bi pui to\u021bi banii \u00eentr-un singur tip de investi\u021bie este riscant. Dstribuirea banilor \u00een diferite investi\u021bii te face s\u0103 fii mai pu\u021bin dependent, av\u00e2nd mai multe \u0219anse de a face lucrurile bine.<\/li>\n\n\n\n<li>O regul\u0103 de baz\u0103, considerat\u0103 a fi una dintre cele mai bune, este s\u0103 nu investe\u0219ti mai mult de 10% din banii t\u0103i, \u00een investi\u021bii ce prezint\u0103 un risc ridicat. [<a href=\"https:\/\/www.fca.org.uk\/investsmart\/5-questions-ask-you-invest\" rel=\"nofollow noopener noreferrer\" >https:\/\/www.fca.org.uk\/investsmart\/5-questions-ask-you-invest<\/a>]<\/li>\n<\/ul>\n\n\n\n<p class=\"is-style-default\">Dac\u0103 e\u0219ti interesat s\u0103 afli mai multe despre cum te po\u021bi proteja, consult\u0103 site-ul FCA. [<a href=\"https:\/\/www.fca.org.uk\/investsmart\" rel=\"nofollow noopener noreferrer\" >https:\/\/www.fca.org.uk\/investsmart<\/a>]<\/p>\n\n\n\n<p class=\"is-style-default\">Pentru mai multe informa\u021bii cu privire la activele cripto, acceseaz\u0103 site-ul FCA. [<a href=\"https:\/\/www.fca.org.uk\/investsmart\/crypto-basics\" rel=\"nofollow noopener noreferrer\" >https:\/\/www.fca.org.uk\/investsmart\/crypto-basics<\/a>]<\/p>\n<\/div>\n<\/div>\n<\/div><\/section>\n","protected":false},"excerpt":{"rendered":"<p>Restric\u021bie de tranzac\u021bionare cripto Datorit\u0103 posibilit\u0103\u021bii de a fi implicate pierderi, Autoritatea de Conduit\u0103 Financiar\u0103 (FCA) consider\u0103 c\u0103 aceast\u0103 investi\u021bie este un risc ridicat. Care sunt riscurile principale? 1. Ai putea pierde suma pe care o investe\u0219ti 2. Nu \u00ee\u021bi crea a\u0219tept\u0103ri c\u0103 vei fi protejat, chiar \u0219i \u00een cazul \u00een care ceva nu merge&hellip;<\/p>\n","protected":false},"author":119,"featured_media":673685,"parent":30139,"menu_order":0,"comment_status":"closed","ping_status":"closed","template":"","meta":{"_acf_changed":false,"inline_featured_image":false,"sticky_cta_settings":"","footnotes":""},"asset_type":[],"class_list":["post-674733","page","type-page","status-publish","has-post-thumbnail","hentry"],"acf":[],"yoast_head":"<title>Actualizare tranzac\u021bionare - eToro<\/title>\n<meta name=\"robots\" content=\"noindex, nofollow\" \/>\n<meta property=\"og:locale\" content=\"ro_RO\" \/>\n<meta property=\"og:type\" content=\"article\" \/>\n<meta property=\"og:title\" content=\"Actualizare tranzac\u021bionare - eToro\" \/>\n<meta property=\"og:description\" content=\"Restric\u021bie de tranzac\u021bionare cripto Datorit\u0103 posibilit\u0103\u021bii de a fi implicate pierderi, Autoritatea de Conduit\u0103 Financiar\u0103 (FCA) consider\u0103 c\u0103 aceast\u0103 investi\u021bie este un risc ridicat. Care sunt riscurile principale? 1. Ai putea pierde suma pe care o investe\u0219ti 2. Nu \u00ee\u021bi crea a\u0219tept\u0103ri c\u0103 vei fi protejat, chiar \u0219i \u00een cazul \u00een care ceva nu merge&hellip;\" \/>\n<meta property=\"og:url\" content=\"https:\/\/www.etoro.com\/ro\/wp-json\/wp\/v2\/pages\/674733\" \/>\n<meta property=\"og:site_name\" content=\"eToro\" \/>\n<meta property=\"article:publisher\" content=\"https:\/\/www.facebook.com\/eToro\/\" \/>\n<meta property=\"article:modified_time\" content=\"2023-10-19T15:06:49+00:00\" \/>\n<meta property=\"og:image\" content=\"https:\/\/www.etoro.com\/wp-content\/uploads\/2023\/08\/Featured-image-1200x630-1.png\" \/>\n\t<meta property=\"og:image:width\" content=\"1200\" \/>\n\t<meta property=\"og:image:height\" content=\"630\" \/>\n\t<meta property=\"og:image:type\" content=\"image\/png\" \/>\n<meta name=\"twitter:card\" content=\"summary_large_image\" \/>\n<meta name=\"twitter:site\" content=\"@eToro\" \/>\n<meta name=\"twitter:label1\" content=\"Est. reading time\" \/>\n\t<meta name=\"twitter:data1\" content=\"3 minutes\" \/>\n<script type=\"application\/ld+json\" class=\"yoast-schema-graph\">{\"@context\":\"https:\/\/schema.org\",\"@graph\":[{\"@type\":\"WebPage\",\"@id\":\"https:\/\/www.etoro.com\/ro\/customer-service\/terms-conditions\/trading-restriction\/\",\"url\":\"https:\/\/www.etoro.com\/ro\/customer-service\/terms-conditions\/trading-restriction\/\",\"name\":\"Actualizare tranzac\u021bionare - eToro\",\"isPartOf\":{\"@id\":\"https:\/\/www.etoro.com\/ro\/#website\"},\"primaryImageOfPage\":{\"@id\":\"https:\/\/www.etoro.com\/ro\/customer-service\/terms-conditions\/trading-restriction\/#primaryimage\"},\"image\":{\"@id\":\"https:\/\/www.etoro.com\/ro\/customer-service\/terms-conditions\/trading-restriction\/#primaryimage\"},\"thumbnailUrl\":\"https:\/\/www.etoro.com\/wp-content\/uploads\/2023\/08\/Featured-image-1200x630-1.png\",\"datePublished\":\"2023-07-26T13:17:58+00:00\",\"dateModified\":\"2023-10-19T15:06:49+00:00\",\"breadcrumb\":{\"@id\":\"https:\/\/www.etoro.com\/ro\/customer-service\/terms-conditions\/trading-restriction\/#breadcrumb\"},\"inLanguage\":\"ro\",\"potentialAction\":[{\"@type\":\"ReadAction\",\"target\":[\"https:\/\/www.etoro.com\/ro\/customer-service\/terms-conditions\/trading-restriction\/\"]}]},{\"@type\":\"ImageObject\",\"inLanguage\":\"ro\",\"@id\":\"https:\/\/www.etoro.com\/ro\/customer-service\/terms-conditions\/trading-restriction\/#primaryimage\",\"url\":\"https:\/\/www.etoro.com\/wp-content\/uploads\/2023\/08\/Featured-image-1200x630-1.png\",\"contentUrl\":\"https:\/\/www.etoro.com\/wp-content\/uploads\/2023\/08\/Featured-image-1200x630-1.png\",\"width\":1200,\"height\":630,\"caption\":\"Trading Update\"},{\"@type\":\"BreadcrumbList\",\"@id\":\"https:\/\/www.etoro.com\/ro\/customer-service\/terms-conditions\/trading-restriction\/#breadcrumb\",\"itemListElement\":[{\"@type\":\"ListItem\",\"position\":1,\"name\":\"ACAS\u0102\",\"item\":\"https:\/\/www.etoro.com\/ro\/\"},{\"@type\":\"ListItem\",\"position\":2,\"name\":\"ASISTEN\u021a\u0102 CLIEN\u021aI\",\"item\":\"https:\/\/www.etoro.com\/ro\/customer-service\/\"},{\"@type\":\"ListItem\",\"position\":3,\"name\":\"TERMENI \u0218I CONDI\u021aII\",\"item\":\"https:\/\/www.etoro.com\/ro\/customer-service\/terms-conditions\/\"},{\"@type\":\"ListItem\",\"position\":4,\"name\":\"Actualizare tranzac\u021bionare\"}]},{\"@type\":\"WebSite\",\"@id\":\"https:\/\/www.etoro.com\/ro\/#website\",\"url\":\"https:\/\/www.etoro.com\/ro\/\",\"name\":\"eToro\",\"description\":\"\",\"publisher\":{\"@id\":\"https:\/\/www.etoro.com\/ro\/#organization\"},\"potentialAction\":[{\"@type\":\"SearchAction\",\"target\":{\"@type\":\"EntryPoint\",\"urlTemplate\":\"https:\/\/www.etoro.com\/ro\/?s={search_term_string}\"},\"query-input\":{\"@type\":\"PropertyValueSpecification\",\"valueRequired\":true,\"valueName\":\"search_term_string\"}}],\"inLanguage\":\"ro\"},[]]}<\/script>","yoast_head_json":{"title":"Actualizare tranzac\u021bionare - eToro","robots":{"index":"noindex","follow":"nofollow"},"og_locale":"ro_RO","og_type":"article","og_title":"Actualizare tranzac\u021bionare - eToro","og_description":"Restric\u021bie de tranzac\u021bionare cripto Datorit\u0103 posibilit\u0103\u021bii de a fi implicate pierderi, Autoritatea de Conduit\u0103 Financiar\u0103 (FCA) consider\u0103 c\u0103 aceast\u0103 investi\u021bie este un risc ridicat. Care sunt riscurile principale? 1. Ai putea pierde suma pe care o investe\u0219ti 2. Nu \u00ee\u021bi crea a\u0219tept\u0103ri c\u0103 vei fi protejat, chiar \u0219i \u00een cazul \u00een care ceva nu merge&hellip;","og_url":"https:\/\/www.etoro.com\/ro\/wp-json\/wp\/v2\/pages\/674733","og_site_name":"eToro","article_publisher":"https:\/\/www.facebook.com\/eToro\/","article_modified_time":"2023-10-19T15:06:49+00:00","og_image":[{"width":1200,"height":630,"url":"https:\/\/www.etoro.com\/wp-content\/uploads\/2023\/08\/Featured-image-1200x630-1.png","type":"image\/png"}],"twitter_card":"summary_large_image","twitter_site":"@eToro","twitter_misc":{"Est. reading time":"3 minutes"},"schema":{"@context":"https:\/\/schema.org","@graph":[{"@type":"WebPage","@id":"https:\/\/www.etoro.com\/ro\/customer-service\/terms-conditions\/trading-restriction\/","url":"https:\/\/www.etoro.com\/ro\/customer-service\/terms-conditions\/trading-restriction\/","name":"Actualizare tranzac\u021bionare - eToro","isPartOf":{"@id":"https:\/\/www.etoro.com\/ro\/#website"},"primaryImageOfPage":{"@id":"https:\/\/www.etoro.com\/ro\/customer-service\/terms-conditions\/trading-restriction\/#primaryimage"},"image":{"@id":"https:\/\/www.etoro.com\/ro\/customer-service\/terms-conditions\/trading-restriction\/#primaryimage"},"thumbnailUrl":"https:\/\/www.etoro.com\/wp-content\/uploads\/2023\/08\/Featured-image-1200x630-1.png","datePublished":"2023-07-26T13:17:58+00:00","dateModified":"2023-10-19T15:06:49+00:00","breadcrumb":{"@id":"https:\/\/www.etoro.com\/ro\/customer-service\/terms-conditions\/trading-restriction\/#breadcrumb"},"inLanguage":"ro","potentialAction":[{"@type":"ReadAction","target":["https:\/\/www.etoro.com\/ro\/customer-service\/terms-conditions\/trading-restriction\/"]}]},{"@type":"ImageObject","inLanguage":"ro","@id":"https:\/\/www.etoro.com\/ro\/customer-service\/terms-conditions\/trading-restriction\/#primaryimage","url":"https:\/\/www.etoro.com\/wp-content\/uploads\/2023\/08\/Featured-image-1200x630-1.png","contentUrl":"https:\/\/www.etoro.com\/wp-content\/uploads\/2023\/08\/Featured-image-1200x630-1.png","width":1200,"height":630,"caption":"Trading Update"},{"@type":"BreadcrumbList","@id":"https:\/\/www.etoro.com\/ro\/customer-service\/terms-conditions\/trading-restriction\/#breadcrumb","itemListElement":[{"@type":"ListItem","position":1,"name":"ACAS\u0102","item":"https:\/\/www.etoro.com\/ro\/"},{"@type":"ListItem","position":2,"name":"ASISTEN\u021a\u0102 CLIEN\u021aI","item":"https:\/\/www.etoro.com\/ro\/customer-service\/"},{"@type":"ListItem","position":3,"name":"TERMENI \u0218I CONDI\u021aII","item":"https:\/\/www.etoro.com\/ro\/customer-service\/terms-conditions\/"},{"@type":"ListItem","position":4,"name":"Actualizare tranzac\u021bionare"}]},{"@type":"WebSite","@id":"https:\/\/www.etoro.com\/ro\/#website","url":"https:\/\/www.etoro.com\/ro\/","name":"eToro","description":"","publisher":{"@id":"https:\/\/www.etoro.com\/ro\/#organization"},"potentialAction":[{"@type":"SearchAction","target":{"@type":"EntryPoint","urlTemplate":"https:\/\/www.etoro.com\/ro\/?s={search_term_string}"},"query-input":{"@type":"PropertyValueSpecification","valueRequired":true,"valueName":"search_term_string"}}],"inLanguage":"ro"},[]]}},"_links":{"self":[{"href":"https:\/\/www.etoro.com\/ro\/wp-json\/wp\/v2\/pages\/674733"}],"collection":[{"href":"https:\/\/www.etoro.com\/ro\/wp-json\/wp\/v2\/pages"}],"about":[{"href":"https:\/\/www.etoro.com\/ro\/wp-json\/wp\/v2\/types\/page"}],"author":[{"embeddable":true,"href":"https:\/\/www.etoro.com\/ro\/wp-json\/wp\/v2\/users\/119"}],"replies":[{"embeddable":true,"href":"https:\/\/www.etoro.com\/ro\/wp-json\/wp\/v2\/comments?post=674733"}],"version-history":[{"count":0,"href":"https:\/\/www.etoro.com\/ro\/wp-json\/wp\/v2\/pages\/674733\/revisions"}],"up":[{"embeddable":true,"href":"https:\/\/www.etoro.com\/ro\/wp-json\/wp\/v2\/pages\/30139"}],"wp:featuredmedia":[{"embeddable":true,"href":"https:\/\/www.etoro.com\/ro\/wp-json\/wp\/v2\/media\/673685"}],"wp:attachment":[{"href":"https:\/\/www.etoro.com\/ro\/wp-json\/wp\/v2\/media?parent=674733"}],"wp:term":[{"taxonomy":"asset_type","embeddable":true,"href":"https:\/\/www.etoro.com\/ro\/wp-json\/wp\/v2\/asset_type?post=674733"}],"curies":[{"name":"wp","href":"https:\/\/api.w.org\/{rel}","templated":true}]}}