{"id":704222,"date":"2023-05-15T11:31:46","date_gmt":"2023-05-15T08:31:46","guid":{"rendered":"https:\/\/www.etoro.com\/academy\/courses\/"},"modified":"2026-03-23T15:00:21","modified_gmt":"2026-03-23T13:00:21","slug":"courses","status":"publish","type":"page","link":"https:\/\/www.etoro.com\/ro\/academy\/courses\/","title":{"rendered":"Courses"},"content":{"rendered":"","protected":false},"excerpt":{"rendered":"","protected":false},"author":75,"featured_media":883996,"parent":306858,"menu_order":0,"comment_status":"closed","ping_status":"closed","template":"templates\/academy-courses-page.php","meta":{"_acf_changed":true,"inline_featured_image":false,"sticky_cta_settings":"","footnotes":""},"asset_type":[],"class_list":["post-704222","page","type-page","status-publish","has-post-thumbnail","hentry"],"acf":[],"yoast_head":"<title>Cursuri gratuite de investi\u021bii pentru toate nivelurile<\/title>\n<meta name=\"description\" content=\"De la no\u021biuni de baz\u0103 pentru \u00eencep\u0103tori la tehnici avansate, \u00eenva\u021b\u0103 cum s\u0103 investe\u0219ti cu ajutorul cursurilor noastre gratuite, inclusiv videoclipuri, ghiduri \u0219i multe altele\" \/>\n<meta name=\"robots\" content=\"index, follow, max-snippet:-1, max-image-preview:large, max-video-preview:-1\" \/>\n<link rel=\"canonical\" href=\"https:\/\/www.etoro.com\/ro\/wp-json\/wp\/v2\/pages\/704222\" \/>\n<meta property=\"og:locale\" content=\"ro_RO\" \/>\n<meta property=\"og:type\" content=\"article\" \/>\n<meta property=\"og:title\" content=\"Cursuri gratuite de investi\u021bii pentru toate nivelurile\" \/>\n<meta property=\"og:description\" content=\"De la no\u021biuni de baz\u0103 pentru \u00eencep\u0103tori la tehnici avansate, \u00eenva\u021b\u0103 cum s\u0103 investe\u0219ti cu ajutorul cursurilor noastre gratuite, inclusiv videoclipuri, ghiduri \u0219i multe altele\" \/>\n<meta property=\"og:url\" content=\"https:\/\/www.etoro.com\/ro\/wp-json\/wp\/v2\/pages\/704222\" \/>\n<meta property=\"og:site_name\" content=\"eToro\" \/>\n<meta property=\"article:publisher\" content=\"https:\/\/www.facebook.com\/eToro\/\" \/>\n<meta property=\"article:modified_time\" content=\"2026-03-23T13:00:21+00:00\" \/>\n<meta property=\"og:image\" content=\"https:\/\/www.etoro.com\/wp-content\/uploads\/2024\/05\/Romanian-ro_Courses_Featured-image-1200x630-1.jpg\" \/>\n\t<meta property=\"og:image:width\" content=\"1200\" \/>\n\t<meta property=\"og:image:height\" content=\"630\" \/>\n\t<meta property=\"og:image:type\" content=\"image\/jpeg\" \/>\n<meta name=\"twitter:card\" content=\"summary_large_image\" \/>\n<meta name=\"twitter:site\" content=\"@eToro\" \/>\n<script type=\"application\/ld+json\" class=\"yoast-schema-graph\">{\"@context\":\"https:\/\/schema.org\",\"@graph\":[{\"@type\":\"WebPage\",\"@id\":\"https:\/\/www.etoro.com\/ro\/academy\/courses\/\",\"url\":\"https:\/\/www.etoro.com\/ro\/academy\/courses\/\",\"name\":\"Cursuri gratuite de investi\u021bii pentru toate nivelurile\",\"isPartOf\":{\"@id\":\"https:\/\/www.etoro.com\/ro\/#website\"},\"primaryImageOfPage\":{\"@id\":\"https:\/\/www.etoro.com\/ro\/academy\/courses\/#primaryimage\"},\"image\":{\"@id\":\"https:\/\/www.etoro.com\/ro\/academy\/courses\/#primaryimage\"},\"thumbnailUrl\":\"https:\/\/www.etoro.com\/wp-content\/uploads\/2024\/05\/Romanian-ro_Courses_Featured-image-1200x630-1.jpg\",\"datePublished\":\"2023-05-15T08:31:46+00:00\",\"dateModified\":\"2026-03-23T13:00:21+00:00\",\"description\":\"De la no\u021biuni de baz\u0103 pentru \u00eencep\u0103tori la tehnici avansate, \u00eenva\u021b\u0103 cum s\u0103 investe\u0219ti cu ajutorul cursurilor noastre gratuite, inclusiv videoclipuri, ghiduri \u0219i multe altele\",\"breadcrumb\":{\"@id\":\"https:\/\/www.etoro.com\/ro\/academy\/courses\/#breadcrumb\"},\"inLanguage\":\"ro\",\"potentialAction\":[{\"@type\":\"ReadAction\",\"target\":[\"https:\/\/www.etoro.com\/ro\/academy\/courses\/\"]}]},{\"@type\":\"ImageObject\",\"inLanguage\":\"ro\",\"@id\":\"https:\/\/www.etoro.com\/ro\/academy\/courses\/#primaryimage\",\"url\":\"https:\/\/www.etoro.com\/wp-content\/uploads\/2024\/05\/Romanian-ro_Courses_Featured-image-1200x630-1.jpg\",\"contentUrl\":\"https:\/\/www.etoro.com\/wp-content\/uploads\/2024\/05\/Romanian-ro_Courses_Featured-image-1200x630-1.jpg\",\"width\":1200,\"height\":630},{\"@type\":\"BreadcrumbList\",\"@id\":\"https:\/\/www.etoro.com\/ro\/academy\/courses\/#breadcrumb\",\"itemListElement\":[{\"@type\":\"ListItem\",\"position\":1,\"name\":\"ACAS\u0102\",\"item\":\"https:\/\/www.etoro.com\/ro\/\"},{\"@type\":\"ListItem\",\"position\":2,\"name\":\"eToro Academy\",\"item\":\"https:\/\/www.etoro.com\/ro\/academy\/\"},{\"@type\":\"ListItem\",\"position\":3,\"name\":\"Courses\"}]},{\"@type\":\"WebSite\",\"@id\":\"https:\/\/www.etoro.com\/ro\/#website\",\"url\":\"https:\/\/www.etoro.com\/ro\/\",\"name\":\"eToro\",\"description\":\"\",\"publisher\":{\"@id\":\"https:\/\/www.etoro.com\/ro\/#organization\"},\"potentialAction\":[{\"@type\":\"SearchAction\",\"target\":{\"@type\":\"EntryPoint\",\"urlTemplate\":\"https:\/\/www.etoro.com\/ro\/?s={search_term_string}\"},\"query-input\":{\"@type\":\"PropertyValueSpecification\",\"valueRequired\":true,\"valueName\":\"search_term_string\"}}],\"inLanguage\":\"ro\"},[]]}<\/script>","yoast_head_json":{"title":"Cursuri gratuite de investi\u021bii pentru toate nivelurile","description":"De la no\u021biuni de baz\u0103 pentru \u00eencep\u0103tori la tehnici avansate, \u00eenva\u021b\u0103 cum s\u0103 investe\u0219ti cu ajutorul cursurilor noastre gratuite, inclusiv videoclipuri, ghiduri \u0219i multe altele","robots":{"index":"index","follow":"follow","max-snippet":"max-snippet:-1","max-image-preview":"max-image-preview:large","max-video-preview":"max-video-preview:-1"},"canonical":"https:\/\/www.etoro.com\/ro\/wp-json\/wp\/v2\/pages\/704222","og_locale":"ro_RO","og_type":"article","og_title":"Cursuri gratuite de investi\u021bii pentru toate nivelurile","og_description":"De la no\u021biuni de baz\u0103 pentru \u00eencep\u0103tori la tehnici avansate, \u00eenva\u021b\u0103 cum s\u0103 investe\u0219ti cu ajutorul cursurilor noastre gratuite, inclusiv videoclipuri, ghiduri \u0219i multe altele","og_url":"https:\/\/www.etoro.com\/ro\/wp-json\/wp\/v2\/pages\/704222","og_site_name":"eToro","article_publisher":"https:\/\/www.facebook.com\/eToro\/","article_modified_time":"2026-03-23T13:00:21+00:00","og_image":[{"width":1200,"height":630,"url":"https:\/\/www.etoro.com\/wp-content\/uploads\/2024\/05\/Romanian-ro_Courses_Featured-image-1200x630-1.jpg","type":"image\/jpeg"}],"twitter_card":"summary_large_image","twitter_site":"@eToro","schema":{"@context":"https:\/\/schema.org","@graph":[{"@type":"WebPage","@id":"https:\/\/www.etoro.com\/ro\/academy\/courses\/","url":"https:\/\/www.etoro.com\/ro\/academy\/courses\/","name":"Cursuri gratuite de investi\u021bii pentru toate nivelurile","isPartOf":{"@id":"https:\/\/www.etoro.com\/ro\/#website"},"primaryImageOfPage":{"@id":"https:\/\/www.etoro.com\/ro\/academy\/courses\/#primaryimage"},"image":{"@id":"https:\/\/www.etoro.com\/ro\/academy\/courses\/#primaryimage"},"thumbnailUrl":"https:\/\/www.etoro.com\/wp-content\/uploads\/2024\/05\/Romanian-ro_Courses_Featured-image-1200x630-1.jpg","datePublished":"2023-05-15T08:31:46+00:00","dateModified":"2026-03-23T13:00:21+00:00","description":"De la no\u021biuni de baz\u0103 pentru \u00eencep\u0103tori la tehnici avansate, \u00eenva\u021b\u0103 cum s\u0103 investe\u0219ti cu ajutorul cursurilor noastre gratuite, inclusiv videoclipuri, ghiduri \u0219i multe altele","breadcrumb":{"@id":"https:\/\/www.etoro.com\/ro\/academy\/courses\/#breadcrumb"},"inLanguage":"ro","potentialAction":[{"@type":"ReadAction","target":["https:\/\/www.etoro.com\/ro\/academy\/courses\/"]}]},{"@type":"ImageObject","inLanguage":"ro","@id":"https:\/\/www.etoro.com\/ro\/academy\/courses\/#primaryimage","url":"https:\/\/www.etoro.com\/wp-content\/uploads\/2024\/05\/Romanian-ro_Courses_Featured-image-1200x630-1.jpg","contentUrl":"https:\/\/www.etoro.com\/wp-content\/uploads\/2024\/05\/Romanian-ro_Courses_Featured-image-1200x630-1.jpg","width":1200,"height":630},{"@type":"BreadcrumbList","@id":"https:\/\/www.etoro.com\/ro\/academy\/courses\/#breadcrumb","itemListElement":[{"@type":"ListItem","position":1,"name":"ACAS\u0102","item":"https:\/\/www.etoro.com\/ro\/"},{"@type":"ListItem","position":2,"name":"eToro Academy","item":"https:\/\/www.etoro.com\/ro\/academy\/"},{"@type":"ListItem","position":3,"name":"Courses"}]},{"@type":"WebSite","@id":"https:\/\/www.etoro.com\/ro\/#website","url":"https:\/\/www.etoro.com\/ro\/","name":"eToro","description":"","publisher":{"@id":"https:\/\/www.etoro.com\/ro\/#organization"},"potentialAction":[{"@type":"SearchAction","target":{"@type":"EntryPoint","urlTemplate":"https:\/\/www.etoro.com\/ro\/?s={search_term_string}"},"query-input":{"@type":"PropertyValueSpecification","valueRequired":true,"valueName":"search_term_string"}}],"inLanguage":"ro"},[]]}},"_links":{"self":[{"href":"https:\/\/www.etoro.com\/ro\/wp-json\/wp\/v2\/pages\/704222"}],"collection":[{"href":"https:\/\/www.etoro.com\/ro\/wp-json\/wp\/v2\/pages"}],"about":[{"href":"https:\/\/www.etoro.com\/ro\/wp-json\/wp\/v2\/types\/page"}],"author":[{"embeddable":true,"href":"https:\/\/www.etoro.com\/ro\/wp-json\/wp\/v2\/users\/75"}],"replies":[{"embeddable":true,"href":"https:\/\/www.etoro.com\/ro\/wp-json\/wp\/v2\/comments?post=704222"}],"version-history":[{"count":0,"href":"https:\/\/www.etoro.com\/ro\/wp-json\/wp\/v2\/pages\/704222\/revisions"}],"up":[{"embeddable":true,"href":"https:\/\/www.etoro.com\/ro\/wp-json\/wp\/v2\/pages\/306858"}],"wp:featuredmedia":[{"embeddable":true,"href":"https:\/\/www.etoro.com\/ro\/wp-json\/wp\/v2\/media\/883996"}],"wp:attachment":[{"href":"https:\/\/www.etoro.com\/ro\/wp-json\/wp\/v2\/media?parent=704222"}],"wp:term":[{"taxonomy":"asset_type","embeddable":true,"href":"https:\/\/www.etoro.com\/ro\/wp-json\/wp\/v2\/asset_type?post=704222"}],"curies":[{"name":"wp","href":"https:\/\/api.w.org\/{rel}","templated":true}]}}