{"id":861626,"date":"2024-03-20T15:52:22","date_gmt":"2024-03-20T13:52:22","guid":{"rendered":"https:\/\/www.etoro.com\/investing\/sp-500-investing-strategies\/"},"modified":"2025-04-15T14:20:52","modified_gmt":"2025-04-15T11:20:52","slug":"sp-500-investing-strategies","status":"publish","type":"page","link":"https:\/\/www.etoro.com\/ro\/investing\/sp-500-investing-strategies\/","title":{"rendered":"Investi\u021bii S&amp;P 500 pe termen lung"},"content":{"rendered":"\n<p class=\"is-style-summary\">Investi\u021biile pe termen lung \u00een S&amp;P 500 ofer\u0103 oportunit\u0103\u021bi semnificative de diversificare \u0219i \u00eembun\u0103t\u0103\u021bire a performan\u021belor portofoliilor. Prin implementarea unor strategii personalizate, acest indice poate contribui eficient la atingerea obiectivelor financiare \u0219i la cre\u0219terea valorii pe termen lung.<\/p>\n\n\n\n<hr class=\"wp-block-separator wp-block-separator-color-dark-grey wp-block-separator-spaces-medium wp-block-separator-weight-1\"\/>\n\n\n\n<p>Performan\u021ba istoric\u0103 a indicelui S&amp;P 500 demonstreaz\u0103 <strong>puterea investi\u021biilor pe termen lung<\/strong> \u0219i impactul acestora asupra poten\u021bialelor rezultate. Acest indice ofer\u0103 investitorilor multiple posibilit\u0103\u021bi de diversificare \u0219i strategii prin care \u00ee\u0219i pot \u00eembun\u0103t\u0103\u021bi randamentele \u0219i gestiona riscurile.<\/p>\n\n\n\n<h2 class=\"wp-block-heading\">Puterea investi\u021biilor pe termen lung \u00een S&amp;P 500<\/h2>\n\n\n\n<p>Prin de\u021binerea investi\u021biilor \u00een <a href=\"https:\/\/www.etoro.com\/ro\/markets\/spx500\">S&amp;P 500<\/a> pe perioade extinse, investitorii \u00ee\u0219i pot cre\u0219te <strong>\u0219ansele de a beneficia de cre\u0219tere constant\u0103 <\/strong>\u0219i de efectul dob\u00e2nzii compuse. A\u0219a cum arat\u0103 graficul, indicele a avut un randament anual mediu de 10,13%, reflect\u00e2nd poten\u021bialul economiei \u0219i stabilitatea pie\u021bei.<\/p>\n\n\n\n<figure class=\"wp-block-image size-full\"><a href=\"https:\/\/www.bloomberg.com\/quote\/SPX:IND\" rel=\"nofollow noopener noreferrer\"  rel=\"nofollow noopener noreferrer\" ><img loading=\"lazy\" decoding=\"async\" width=\"756\" height=\"400\" src=\"https:\/\/www.etoro.com\/wp-content\/uploads\/2024\/03\/Graph-2.png\" alt=\"\" class=\"wp-image-861373 wp-image-desktop\" srcset=\"https:\/\/www.etoro.com\/wp-content\/uploads\/2024\/03\/Graph-2.png 756w, https:\/\/www.etoro.com\/wp-content\/uploads\/2024\/03\/Graph-2-300x159.png 300w\" sizes=\"(max-width: 756px) 100vw, 756px\" \/><\/a><\/figure>\n\n\n\n<p>Sursa: <a href=\"https:\/\/www.bloomberg.com\/quote\/SPX:IND\" rel=\"nofollow noopener noreferrer\"  rel=\"nofollow noopener noreferrer\" >Bloomberg<\/a><\/p>\n\n\n\n<h2 class=\"wp-block-heading\">Sfaturi pentru investi\u021biile pe termen lung \u00een S&amp;P 500<\/h2>\n\n\n\n<p>Investi\u021biile pe termen lung \u00een S&amp;P 500 sunt o alegere popular\u0103 pentru mul\u021bi <a href=\"https:\/\/www.etoro.com\/ro\/investing\/what-type-of-investor-are-you\/\">investitori<\/a> datorit\u0103 poten\u021bialului de cre\u0219tere \u0219i diversificare pe care le ofer\u0103. \u00cenainte de a investi, este important s\u0103 \u00een\u021belegi strategiile corecte \u0219i s\u0103 ai o <strong>viziune clar\u0103 asupra obiectivelor financiare <\/strong>pe termen lung:<\/p>\n\n\n\n<ol class=\"wp-block-list wp-block-list\">\n<li><strong>R\u0103bdarea poate fi benefic\u0103:<\/strong> Investi\u021bia pe termen lung necesit\u0103 r\u0103bdare. Istoria S&amp;P 500 arat\u0103 c\u0103, \u00een ciuda fluctua\u021biilor pe termen scurt, men\u021binerea investi\u021biilor pe termen lung duce, de obicei, la randamente favorabile.<\/li>\n\n\n\n<li><strong>Consisten\u021ba e important\u0103:<\/strong> Contribu\u021biile regulate la investi\u021biile \u00een S&amp;P 500 pot duce la poten\u021biale randamente \u00een timp datorit\u0103 medierii costului pe dolar.<\/li>\n\n\n\n<li><strong>Diversificarea \u00een cadrul indicelui:<\/strong> De\u0219i S&amp;P 500 ofer\u0103 diversificare. Ia \u00een considerare active variate \u00een cadrul indicelui pentru a atenua riscurile specifice sectorului, de exemplu, investind \u00een diferite fonduri S&amp;P 500 axate pe sectoare, cum ar fi tehnologia, <a href=\"https:\/\/www.etoro.com\/ro\/discover\/markets\/stocks\/industry\/healthcare\">s\u0103n\u0103tatea<\/a> \u0219i finan\u021bele.<\/li>\n<\/ol>\n\n\n\n<figure class=\"wp-block-image size-full\"><a href=\"https:\/\/www.financehq.net\/warren-buffetts-investment-strategies-key-insights-for-success\/\" target=\"_blank\" rel=\"noreferrer noopener\"><img loading=\"lazy\" decoding=\"async\" width=\"756\" height=\"400\" src=\"https:\/\/www.etoro.com\/wp-content\/uploads\/2024\/03\/Body-Image-Warren-Buffett.png\" alt=\"\" class=\"wp-image-862166 wp-image-desktop\" srcset=\"https:\/\/www.etoro.com\/wp-content\/uploads\/2024\/03\/Body-Image-Warren-Buffett.png 756w, https:\/\/www.etoro.com\/wp-content\/uploads\/2024\/03\/Body-Image-Warren-Buffett-300x159.png 300w\" sizes=\"(max-width: 756px) 100vw, 756px\" \/><\/a><\/figure>\n\n\n\n<h2 class=\"wp-block-heading\">Perspectiva Warren Buffett<\/h2>\n\n\n\n<p>Perspectiva lui Warren Buffett asupra investi\u021biilor pe termen lung \u00een indici <strong>r\u0103m\u00e2ne un ghid valoros<\/strong>. Conform filozofiei sale, <a href=\"https:\/\/www.etoro.com\/ro\/trading\/guide-to-trading-indices\/\">investi\u021biile \u00een indici<\/a> precum S&amp;P 500 sunt esen\u021biale pentru ob\u021binerea unui randament pe termen lung, prin strategii de cump\u0103rare \u0219i p\u0103strare a activelor.<\/p>\n\n\n\n<blockquote class=\"wp-block-quote wp-block-quote-scheme-green is-layout-flow wp-block-quote-is-layout-flow\">\n<p>\u201ePerioada noastr\u0103 favorit\u0103 de de\u021binere este pentru totdeauna.&#8221;<\/p>\n<cite><a href=\"https:\/\/www.wall-street.ro\/tag\/warren-buffett.html\" target=\"_blank\" rel=\"noreferrer noopener\">Warren Buffett<\/a><\/cite><\/blockquote>\n\n\n\n<h2 class=\"wp-block-heading\">\u00cen\u021belegerea orizontului pe termen lung<\/h2>\n\n\n\n<p>Investi\u021biile pe termen lung \u00een S&amp;P 500 nu sunt doar despre <strong>a dep\u0103\u0219i sui\u0219urile \u0219i cobor\u00e2\u0219urile<\/strong>, ci despre \u00een\u021belegerea \u0219i valorificarea <a href=\"https:\/\/tavex.ro\/anatomia-crizelor-si-ciclul-economic\/\" target=\"_blank\" rel=\"noreferrer noopener\">naturii ciclice a pie\u021belor<\/a> pentru rezultate durabile. Aceast\u0103 abordare se aliniaz\u0103 cu designul indicelui de a reflecta \u0219i capitaliza tendin\u021bele largi ale pie\u021bei.<\/p>\n\n\n\n<h2 class=\"wp-block-heading\">Rolul S&amp;P 500 \u00eentr-un portofoliu diversificat<\/h2>\n\n\n\n<p>Incorporarea S&amp;P 500 \u00eentr-un portofoliu diversificat ofer\u0103 <strong>poten\u021bial pentru cre\u0219terea pe termen lung<\/strong>. Este esen\u021bial ca acesta s\u0103 fie \u00eenso\u021bit de alte tipuri de investi\u021bii pentru a se mula <a href=\"https:\/\/www.etoro.com\/ro\/investing\/risk-management\/\">preferin\u021belor de risc<\/a> \u0219i obiectivelor financiare, asigur\u00e2nd astfel o strategie complex\u0103 de investi\u021bii.<\/p>\n\n\n\n<h2 class=\"wp-block-heading\">Concluzie<\/h2>\n\n\n\n<p>S&amp;P 500 merit\u0103 luat \u00een considerare pentru investitorii pe termen lung, oferind un amestec de stabilitate, diversitate \u0219i poten\u021bial de cre\u0219tere. Istoricul s\u0103u subliniaz\u0103 beneficiile unei <a href=\"https:\/\/www.etoro.com\/ro\/investing\/investment-strategies\/\">strategii de investi\u021bii<\/a> consistente. S&amp;P 500 este mai mult dec\u00e2t un indice, este <strong>o cale c\u0103tre obiective stabile<\/strong>.<\/p>\n\n\n\n<p>Viziteaz\u0103 <a href=\"https:\/\/www.etoro.com\/ro\/academy\/\">Academia eToro<\/a> pentru a \u00eenv\u0103\u021ba mai multe despre fondurile de indici \u0219i alte instrumente financiare.<\/p>\n\n\n\n<h2 class=\"wp-block-heading\">\u00centreb\u0103ri frecvente<\/h2>\n\n\n\n<dl class=\"wp-block-etoro-faq\">\n<div class=\"wp-block-etoro-faq-item\"><dt class=\"wp-block-etoro-faq-item-question\">Cum afecteaz\u0103 diferitele cicluri economice performan\u021ba S&amp;P 500 pe termen lung?<\/dt><dd class=\"wp-block-etoro-faq-item-answer\">\n<p><a href=\"https:\/\/tavex.ro\/anatomia-crizelor-si-ciclul-economic\/\" target=\"_blank\" rel=\"noreferrer noopener\">Ciclurile economice<\/a>, inclusiv perioadele de expansiune \u0219i recesiune, \u00eempreun\u0103 cu ratele dob\u00e2nzii pot influen\u021ba semnificativ S&amp;P 500. De-a lungul timpului, indicele a demonstrat rezilien\u021b\u0103, recuper\u00e2ndu-se dup\u0103 perioadele de sc\u0103dere \u0219i ob\u021bin\u00e2nd cre\u0219tere pe termen lung, acest lucru reflect\u00e2nd for\u021ba general\u0103 a companiilor diversificate din cadrul s\u0103u.<\/p>\n<\/dd><\/div>\n\n\n\n<div class=\"wp-block-etoro-faq-item\"><dt class=\"wp-block-etoro-faq-item-question\">Cum influen\u021beaz\u0103 infla\u021bia \u0219i schimb\u0103rile ratelor dob\u00e2nzii investi\u021biile pe termen lung \u00een S&amp;P 500?<\/dt><dd class=\"wp-block-etoro-faq-item-answer\">\n<p>De obicei, infla\u021bia mare sau cre\u0219terea ratelor dob\u00e2nzii pot duce la sc\u0103deri pe termen scurt \u00een indicele S&amp;P 500. Cu toate acestea, pe termen lung, indicele a demonstrat capacitatea de a se ajusta \u0219i de a continua traiectoria sa de <a href=\"https:\/\/www.etoro.com\/ro\/investing\/value-vs-growth-stocks\/\">cre\u0219tere<\/a>.<\/p>\n<\/dd><\/div>\n\n\n\n<div class=\"wp-block-etoro-faq-item\"><dt class=\"wp-block-etoro-faq-item-question\">Exist\u0103 un moment optim sau o condi\u021bie de pia\u021b\u0103 pentru a intra \u00eentr-o investi\u021bie pe termen lung \u00een S&amp;P 500?<\/dt><dd class=\"wp-block-etoro-faq-item-answer\">\n<p>De\u0219i sincronizarea cu pia\u021ba este provocatoare, <a href=\"https:\/\/www.etoro.com\/ro\/trading\/tips\/\">investi\u021bia<\/a> pe termen lung este mai pu\u021bin despre g\u0103sirea momentului perfect de intrare \u0219i mai mult despre participarea constant\u0103. \u00cenceperea investi\u021biilor \u0219i continuarea lor \u00een mod regulat, indiferent de condi\u021biile pie\u021bei, produc adesea cele mai bune rezultate pe termen lung.<\/p>\n<\/dd><\/div>\n<\/dl>\n\n\n\n\t\t<style>\n\t\t\t.rtl .etoro-block-shortcode-disclaimer {\n\t\t\t\ttext-align:right;\n\t\t\t}\n\t\t\t.etoro-block-shortcode-disclaimer {\n\t\t\t\tmargin-bottom:18px;\n\t\t\t\ttext-align:left;\n\t\t\t}\n\t\t\t.etoro-block-shortcode-disclaimer p{\n\t\t\t\tfont-size: 12px;\n\t\t\t\tline-height: 18px;\n\t\t\t}\n\t\t\t@media (min-width: 768px) {\n\t\t\t\t.etoro-block-shortcode-disclaimer {\n\t\t\t\t\tmax-width:1176px;\n\t\t\t\t\ttext-align:center;\n\t\t\t\t}\n\t\t\t\t.etoro-block-shortcode-disclaimer p {\n\t\t\t\t\tfont-size: 14px;\n\t\t\t\t\tline-height: 20px;\n\t\t\t\t}\n\t\t\t}\n\t\t<\/style>\n\t\t<div class='etoro-block-shortcode-disclaimer'><p>Informa\u021biile din acest ghid au exclusiv scop educativ \u0219i nu ar trebui considerate drept sfaturi pentru investi\u021bii sau recomand\u0103ri personale, nici oferte sau solicit\u0103ri de cump\u0103rare sau v\u00e2nzare a oric\u0103ror instrumente financiare.<\/p>\n<p>Acest material a fost preg\u0103tit f\u0103r\u0103 a lua \u00een considerare orice fel de obiective particulare de investi\u021bii sau situa\u021bii financiare \u0219i nu a fost creat \u00een conformitate cu cerin\u021bele legale \u0219i de reglementare a promov\u0103rii cercet\u0103rii independente.<\/p>\n<p><strong>Nu toate instrumentele \u0219i serviciile financiare men\u021bionate sunt oferite de eToro<\/strong> \u0219i orice referiri la performan\u021ba anterioar\u0103 a unui instrument financiar, index sau pachet de investi\u021bii, nu sunt \u0219i nu ar trebui considerare un indicator fiabil al rezultatelor viitoare. <strong>Disponibilitatea tuturor produselor \u0219i serviciilor men\u021bionate mai sus poate varia \u00een func\u021bie de jurisdic\u021bie \u0219i \u021bar\u0103.<\/strong><\/p>\n<p>eToro nu face nicio declara\u021bie \u0219i nu \u00ee\u0219i asum\u0103 nicio responsabilitate cu privire la acurate\u021bea sau caracterul complet al con\u021binutului acestui ghid. Asigur\u0103-te c\u0103 \u00een\u021belegi riscurile implicate \u00een tranzac\u021bionare \u00eenainte de a implica capital. Nu risca niciodat\u0103 mai mult dec\u00e2t e\u0219ti preg\u0103tit s\u0103 pierzi.<\/p>\n<\/div>\n","protected":false},"excerpt":{"rendered":"<p>Investi\u021biile pe termen lung \u00een S&amp;P 500 ofer\u0103 oportunit\u0103\u021bi semnificative de diversificare \u0219i \u00eembun\u0103t\u0103\u021bire a performan\u021belor portofoliilor. Prin implementarea unor strategii personalizate, acest indice poate contribui eficient la atingerea obiectivelor financiare \u0219i la cre\u0219terea valorii pe termen lung. Performan\u021ba istoric\u0103 a indicelui S&amp;P 500 demonstreaz\u0103 puterea investi\u021biilor pe termen lung \u0219i impactul acestora asupra poten\u021bialelor&hellip;<\/p>\n","protected":false},"author":96,"featured_media":1043719,"parent":31829,"menu_order":0,"comment_status":"closed","ping_status":"closed","template":"","meta":{"_acf_changed":true,"inline_featured_image":false,"sticky_cta_settings":"","footnotes":""},"asset_type":[6601],"class_list":["post-861626","page","type-page","status-publish","has-post-thumbnail","hentry","asset_type-is-cfd"],"acf":[],"yoast_head":"<title>Strategii de investi\u021bii S&amp;P 500 pe termen lung | eToro<\/title>\n<meta name=\"description\" content=\"Descoper\u0103 beneficiile investi\u021biilor pe termen lung \u00een S&amp;P 500 cu eToro. Afl\u0103 strategii cheie pentru rezultate de durat\u0103 pe pia\u021ba de capital.\" \/>\n<meta name=\"robots\" content=\"index, follow, max-snippet:-1, max-image-preview:large, max-video-preview:-1\" \/>\n<link rel=\"canonical\" href=\"https:\/\/www.etoro.com\/ro\/wp-json\/wp\/v2\/pages\/861626\" \/>\n<meta property=\"og:locale\" content=\"ro_RO\" \/>\n<meta property=\"og:type\" content=\"article\" \/>\n<meta property=\"og:title\" content=\"Strategii de investi\u021bii S&amp;P 500 pe termen lung | eToro\" \/>\n<meta property=\"og:description\" content=\"Descoper\u0103 beneficiile investi\u021biilor pe termen lung \u00een S&amp;P 500 cu eToro. Afl\u0103 strategii cheie pentru rezultate de durat\u0103 pe pia\u021ba de capital.\" \/>\n<meta property=\"og:url\" content=\"https:\/\/www.etoro.com\/ro\/wp-json\/wp\/v2\/pages\/861626\" \/>\n<meta property=\"og:site_name\" content=\"eToro\" \/>\n<meta property=\"article:publisher\" content=\"https:\/\/www.facebook.com\/eToro\/\" \/>\n<meta property=\"article:modified_time\" content=\"2025-04-15T11:20:52+00:00\" \/>\n<meta property=\"og:image\" content=\"https:\/\/www.etoro.com\/wp-content\/uploads\/2025\/04\/RO-SP-500-Article-2_Featured-image-1.png\" \/>\n\t<meta property=\"og:image:width\" content=\"1200\" \/>\n\t<meta property=\"og:image:height\" content=\"630\" \/>\n\t<meta property=\"og:image:type\" content=\"image\/png\" \/>\n<meta name=\"twitter:card\" content=\"summary_large_image\" \/>\n<meta name=\"twitter:site\" content=\"@eToro\" \/>\n<meta name=\"twitter:label1\" content=\"Est. reading time\" \/>\n\t<meta name=\"twitter:data1\" content=\"4 minutes\" \/>\n<script type=\"application\/ld+json\" class=\"yoast-schema-graph\">{\"@context\":\"https:\/\/schema.org\",\"@graph\":[{\"@type\":\"WebPage\",\"@id\":\"https:\/\/www.etoro.com\/ro\/investing\/sp-500-investing-strategies\/\",\"url\":\"https:\/\/www.etoro.com\/ro\/investing\/sp-500-investing-strategies\/\",\"name\":\"Strategii de investi\u021bii S&P 500 pe termen lung | eToro\",\"isPartOf\":{\"@id\":\"https:\/\/www.etoro.com\/ro\/#website\"},\"primaryImageOfPage\":{\"@id\":\"https:\/\/www.etoro.com\/ro\/investing\/sp-500-investing-strategies\/#primaryimage\"},\"image\":{\"@id\":\"https:\/\/www.etoro.com\/ro\/investing\/sp-500-investing-strategies\/#primaryimage\"},\"thumbnailUrl\":\"https:\/\/www.etoro.com\/wp-content\/uploads\/2025\/04\/RO-SP-500-Article-2_Featured-image-1.png\",\"datePublished\":\"2024-03-20T13:52:22+00:00\",\"dateModified\":\"2025-04-15T11:20:52+00:00\",\"description\":\"Descoper\u0103 beneficiile investi\u021biilor pe termen lung \u00een S&P 500 cu eToro. Afl\u0103 strategii cheie pentru rezultate de durat\u0103 pe pia\u021ba de capital.\",\"breadcrumb\":{\"@id\":\"https:\/\/www.etoro.com\/ro\/investing\/sp-500-investing-strategies\/#breadcrumb\"},\"inLanguage\":\"ro\",\"potentialAction\":[{\"@type\":\"ReadAction\",\"target\":[\"https:\/\/www.etoro.com\/ro\/investing\/sp-500-investing-strategies\/\"]}]},{\"@type\":\"ImageObject\",\"inLanguage\":\"ro\",\"@id\":\"https:\/\/www.etoro.com\/ro\/investing\/sp-500-investing-strategies\/#primaryimage\",\"url\":\"https:\/\/www.etoro.com\/wp-content\/uploads\/2025\/04\/RO-SP-500-Article-2_Featured-image-1.png\",\"contentUrl\":\"https:\/\/www.etoro.com\/wp-content\/uploads\/2025\/04\/RO-SP-500-Article-2_Featured-image-1.png\",\"width\":1200,\"height\":630},{\"@type\":\"BreadcrumbList\",\"@id\":\"https:\/\/www.etoro.com\/ro\/investing\/sp-500-investing-strategies\/#breadcrumb\",\"itemListElement\":[{\"@type\":\"ListItem\",\"position\":1,\"name\":\"ACAS\u0102\",\"item\":\"https:\/\/www.etoro.com\/ro\/\"},{\"@type\":\"ListItem\",\"position\":2,\"name\":\"Investi\u021bii\",\"item\":\"https:\/\/www.etoro.com\/ro\/investing\/\"},{\"@type\":\"ListItem\",\"position\":3,\"name\":\"Investi\u021bii S&amp;P 500 pe termen lung\"}]},{\"@type\":\"WebSite\",\"@id\":\"https:\/\/www.etoro.com\/ro\/#website\",\"url\":\"https:\/\/www.etoro.com\/ro\/\",\"name\":\"eToro\",\"description\":\"\",\"publisher\":{\"@id\":\"https:\/\/www.etoro.com\/ro\/#organization\"},\"potentialAction\":[{\"@type\":\"SearchAction\",\"target\":{\"@type\":\"EntryPoint\",\"urlTemplate\":\"https:\/\/www.etoro.com\/ro\/?s={search_term_string}\"},\"query-input\":{\"@type\":\"PropertyValueSpecification\",\"valueRequired\":true,\"valueName\":\"search_term_string\"}}],\"inLanguage\":\"ro\"},[]]}<\/script>","yoast_head_json":{"title":"Strategii de investi\u021bii S&P 500 pe termen lung | eToro","description":"Descoper\u0103 beneficiile investi\u021biilor pe termen lung \u00een S&P 500 cu eToro. Afl\u0103 strategii cheie pentru rezultate de durat\u0103 pe pia\u021ba de capital.","robots":{"index":"index","follow":"follow","max-snippet":"max-snippet:-1","max-image-preview":"max-image-preview:large","max-video-preview":"max-video-preview:-1"},"canonical":"https:\/\/www.etoro.com\/ro\/wp-json\/wp\/v2\/pages\/861626","og_locale":"ro_RO","og_type":"article","og_title":"Strategii de investi\u021bii S&P 500 pe termen lung | eToro","og_description":"Descoper\u0103 beneficiile investi\u021biilor pe termen lung \u00een S&P 500 cu eToro. Afl\u0103 strategii cheie pentru rezultate de durat\u0103 pe pia\u021ba de capital.","og_url":"https:\/\/www.etoro.com\/ro\/wp-json\/wp\/v2\/pages\/861626","og_site_name":"eToro","article_publisher":"https:\/\/www.facebook.com\/eToro\/","article_modified_time":"2025-04-15T11:20:52+00:00","og_image":[{"width":1200,"height":630,"url":"https:\/\/www.etoro.com\/wp-content\/uploads\/2025\/04\/RO-SP-500-Article-2_Featured-image-1.png","type":"image\/png"}],"twitter_card":"summary_large_image","twitter_site":"@eToro","twitter_misc":{"Est. reading time":"4 minutes"},"schema":{"@context":"https:\/\/schema.org","@graph":[{"@type":"WebPage","@id":"https:\/\/www.etoro.com\/ro\/investing\/sp-500-investing-strategies\/","url":"https:\/\/www.etoro.com\/ro\/investing\/sp-500-investing-strategies\/","name":"Strategii de investi\u021bii S&P 500 pe termen lung | eToro","isPartOf":{"@id":"https:\/\/www.etoro.com\/ro\/#website"},"primaryImageOfPage":{"@id":"https:\/\/www.etoro.com\/ro\/investing\/sp-500-investing-strategies\/#primaryimage"},"image":{"@id":"https:\/\/www.etoro.com\/ro\/investing\/sp-500-investing-strategies\/#primaryimage"},"thumbnailUrl":"https:\/\/www.etoro.com\/wp-content\/uploads\/2025\/04\/RO-SP-500-Article-2_Featured-image-1.png","datePublished":"2024-03-20T13:52:22+00:00","dateModified":"2025-04-15T11:20:52+00:00","description":"Descoper\u0103 beneficiile investi\u021biilor pe termen lung \u00een S&P 500 cu eToro. Afl\u0103 strategii cheie pentru rezultate de durat\u0103 pe pia\u021ba de capital.","breadcrumb":{"@id":"https:\/\/www.etoro.com\/ro\/investing\/sp-500-investing-strategies\/#breadcrumb"},"inLanguage":"ro","potentialAction":[{"@type":"ReadAction","target":["https:\/\/www.etoro.com\/ro\/investing\/sp-500-investing-strategies\/"]}]},{"@type":"ImageObject","inLanguage":"ro","@id":"https:\/\/www.etoro.com\/ro\/investing\/sp-500-investing-strategies\/#primaryimage","url":"https:\/\/www.etoro.com\/wp-content\/uploads\/2025\/04\/RO-SP-500-Article-2_Featured-image-1.png","contentUrl":"https:\/\/www.etoro.com\/wp-content\/uploads\/2025\/04\/RO-SP-500-Article-2_Featured-image-1.png","width":1200,"height":630},{"@type":"BreadcrumbList","@id":"https:\/\/www.etoro.com\/ro\/investing\/sp-500-investing-strategies\/#breadcrumb","itemListElement":[{"@type":"ListItem","position":1,"name":"ACAS\u0102","item":"https:\/\/www.etoro.com\/ro\/"},{"@type":"ListItem","position":2,"name":"Investi\u021bii","item":"https:\/\/www.etoro.com\/ro\/investing\/"},{"@type":"ListItem","position":3,"name":"Investi\u021bii S&amp;P 500 pe termen lung"}]},{"@type":"WebSite","@id":"https:\/\/www.etoro.com\/ro\/#website","url":"https:\/\/www.etoro.com\/ro\/","name":"eToro","description":"","publisher":{"@id":"https:\/\/www.etoro.com\/ro\/#organization"},"potentialAction":[{"@type":"SearchAction","target":{"@type":"EntryPoint","urlTemplate":"https:\/\/www.etoro.com\/ro\/?s={search_term_string}"},"query-input":{"@type":"PropertyValueSpecification","valueRequired":true,"valueName":"search_term_string"}}],"inLanguage":"ro"},[]]}},"_links":{"self":[{"href":"https:\/\/www.etoro.com\/ro\/wp-json\/wp\/v2\/pages\/861626"}],"collection":[{"href":"https:\/\/www.etoro.com\/ro\/wp-json\/wp\/v2\/pages"}],"about":[{"href":"https:\/\/www.etoro.com\/ro\/wp-json\/wp\/v2\/types\/page"}],"author":[{"embeddable":true,"href":"https:\/\/www.etoro.com\/ro\/wp-json\/wp\/v2\/users\/96"}],"replies":[{"embeddable":true,"href":"https:\/\/www.etoro.com\/ro\/wp-json\/wp\/v2\/comments?post=861626"}],"version-history":[{"count":0,"href":"https:\/\/www.etoro.com\/ro\/wp-json\/wp\/v2\/pages\/861626\/revisions"}],"up":[{"embeddable":true,"href":"https:\/\/www.etoro.com\/ro\/wp-json\/wp\/v2\/pages\/31829"}],"wp:featuredmedia":[{"embeddable":true,"href":"https:\/\/www.etoro.com\/ro\/wp-json\/wp\/v2\/media\/1043719"}],"wp:attachment":[{"href":"https:\/\/www.etoro.com\/ro\/wp-json\/wp\/v2\/media?parent=861626"}],"wp:term":[{"taxonomy":"asset_type","embeddable":true,"href":"https:\/\/www.etoro.com\/ro\/wp-json\/wp\/v2\/asset_type?post=861626"}],"curies":[{"name":"wp","href":"https:\/\/api.w.org\/{rel}","templated":true}]}}