{"id":867149,"date":"2024-01-05T14:43:27","date_gmt":"2024-01-05T12:43:27","guid":{"rendered":"https:\/\/www.etoro.com\/about\/club\/tax-partners\/"},"modified":"2024-04-11T14:13:54","modified_gmt":"2024-04-11T11:13:54","slug":"tax-partners","status":"publish","type":"page","link":"https:\/\/www.etoro.com\/ro\/about\/club\/tax-partners\/","title":{"rendered":"Tax Partners"},"content":{"rendered":"\n<section class=\"wp-block-group wp-block-group-boxed wp-block-group-medium-bottom-padding has-white-background-color has-background\"><div class=\"wp-block-group-inner is-layout-flow wp-block-group-is-layout-flow\">\n<div class=\"wp-block-columns are-vertically-aligned-top wp-block-columns-1 wp-block-columns-size-14 is-layout-flex wp-container-core-columns-is-layout-1 wp-block-columns-is-layout-flex\">\n<div class=\"wp-block-column wp-block-column-align-desktop-center wp-block-column-align-mobile-left is-layout-flow wp-block-column-is-layout-flow\">\n<p class=\"has-text-align-center\">\u00cen calitate de membru al eToro Club, e\u0219ti eligibil pentru o reducere la declara\u021bia de impozit generat\u0103 de unul dintre partenerii no\u0219tri. Pur \u0219i simplu alege din lista noastr\u0103 de furnizori exper\u021bi de taxe \u0219i ei vor face treaba pentru tine.<\/p>\n<\/div>\n<\/div>\n<\/div><\/section>\n\n\n\n<section class=\"wp-block-group wp-block-group-boxed wp-block-group-medium-top-padding wp-block-group-medium-bottom-padding has-white-background-color has-background\"><div class=\"wp-block-group-inner is-layout-flow wp-block-group-is-layout-flow\">\n<div class=\"wp-block-columns are-vertically-aligned-top wp-block-columns-3 is-layout-flex wp-container-core-columns-is-layout-2 wp-block-columns-is-layout-flex\">\n<div class=\"wp-block-column is-layout-flow wp-block-column-is-layout-flow\">\n<div class=\"wp-block-etoro-card wp-block-etoro-card-size-small wp-block-etoro-card-thumbnail-position-above wp-block-etoro-card-default\"><img decoding=\"async\" src=\"https:\/\/www.etoro.com\/wp-content\/uploads\/2024\/01\/flag.svg\" alt=\"Alege partenerul t\u0103u fiscal\" class=\"wp-block-etoro-card-thumbnail\"\/><div class=\"wp-block-etoro-card-body\"><div class=\"wp-block-etoro-card-title\">Alege partenerul t\u0103u fiscal<\/div><div class=\"wp-block-etoro-card-content\">\n<p><strong><strong>Asigur\u0103-te c\u0103 e\u0219ti autentificat<\/strong><\/strong> \u0219i apoi selecteaz\u0103 \u021bara de re\u0219edin\u021b\u0103. Vor fi lista\u021bi partenerii fiscali disponibili \u00een regiunea ta.<\/p>\n<\/div><\/div><\/div>\n<\/div>\n\n\n\n<div class=\"wp-block-column is-layout-flow wp-block-column-is-layout-flow\">\n<div class=\"wp-block-etoro-card wp-block-etoro-card-size-small wp-block-etoro-card-thumbnail-position-above wp-block-etoro-card-default\"><img decoding=\"async\" src=\"https:\/\/www.etoro.com\/wp-content\/uploads\/2024\/01\/featured.svg\" alt=\"Prime\u0219te o reducere\" class=\"wp-block-etoro-card-thumbnail\"\/><div class=\"wp-block-etoro-card-body\"><div class=\"wp-block-etoro-card-title\">Prime\u0219te o reducere<\/div><div class=\"wp-block-etoro-card-content\">\n<p>Membrii clubului primesc aceste servicii cu reduceri semnificative. Rata de reducere se bazeaz\u0103 pe nivelul t\u0103u eToro Club.<\/p>\n<\/div><\/div><\/div>\n<\/div>\n\n\n\n<div class=\"wp-block-column is-layout-flow wp-block-column-is-layout-flow\">\n<div class=\"wp-block-etoro-card wp-block-etoro-card-size-small wp-block-etoro-card-thumbnail-position-above wp-block-etoro-card-default\"><img decoding=\"async\" src=\"https:\/\/www.etoro.com\/wp-content\/uploads\/2024\/01\/like.svg\" alt=\"Relaxeaz\u0103-te...\" class=\"wp-block-etoro-card-thumbnail\"\/><div class=\"wp-block-etoro-card-body\"><div class=\"wp-block-etoro-card-title\">Relaxeaz\u0103-te&#8230;<\/div><div class=\"wp-block-etoro-card-content\">\n<p>\u0218i las\u0103-i pe profesioni\u0219ti s\u0103 fac\u0103 aceast\u0103 sarcin\u0103 anual\u0103 mult mai u\u0219oar\u0103 pentru tine!<\/p>\n<\/div><\/div><\/div>\n<\/div>\n<\/div>\n<\/div><\/section>\n\n\n\n<section class=\"wp-block-group wp-block-group-boxed wp-block-group-medium-top-padding has-white-background-color has-background\"><div class=\"wp-block-group-inner is-layout-flow wp-block-group-is-layout-flow\">\n<div class=\"wp-block-columns are-vertically-aligned-top wp-block-columns-1 wp-block-columns-size-14 is-layout-flex wp-container-core-columns-is-layout-3 wp-block-columns-is-layout-flex\">\n<div class=\"wp-block-column wp-block-column-align-desktop-center wp-block-column-align-mobile-left is-layout-flow wp-block-column-is-layout-flow\">\n<p class=\"has-text-align-center\">Te rug\u0103m s\u0103 re\u021bii c\u0103 eToro va \u00eemp\u0103rt\u0103\u0219i cu o ter\u021b\u0103 parte nivelul de Club din care faci parte, astfel \u00eenc\u00e2t s\u0103 po\u021bi primi reducerea.<\/p>\n\n\n\n<p class=\"is-style-disclaimer\">eToro nu ofer\u0103 consultan\u021b\u0103 fiscal\u0103 \u0219i informa\u021biile furnizate nu trebuie interpretate ca atare.<br>Clien\u021bii ar trebui s\u0103 solicite consiliere fiscal\u0103 independent\u0103.<\/p>\n<\/div>\n<\/div>\n<\/div><\/section>\n\n\n\n<section class=\"wp-block-group wp-block-group-boxed\"><div class=\"wp-block-group-inner is-layout-flow wp-block-group-is-layout-flow\">\n<h2 class=\"wp-block-heading has-text-align-center is-style-heading-2\" id=\"choose-tax-partner\"><strong><strong>Alege partenerul t\u0103u fiscal <\/strong><\/strong>\u00een func\u021bie de regiune<\/h2>\n\n\n\n<p class=\"has-text-align-center\">Te rug\u0103m s\u0103 alegi \u021bara \u0219i furnizorul preferat din meniul derulant de mai jos:<\/p>\n\n\n\n<div class=\"wp-block-etoro-tax-partners\"><div class=\"wp-block-etoro-tax-partners-select-wrapper\"><select class=\"wp-block-etoro-tax-partners-select\"><option value=\"\" disabled selected>\u021aara<\/option><option value=\"7453\" data-id=\"12\">Australia<\/option><option value=\"6907\" data-id=\"55\">Republica Ceh\u0103<\/option><option value=\"7794\" data-id=\"79\">Germania<\/option><option value=\"7311\" data-id=\"102\">Italia<\/option><option value=\"6913\" data-id=\"132\">Mexic<\/option><option value=\"6911\" data-id=\"164\">Polonia<\/option><option value=\"6914\" data-id=\"165\">Portugalia<\/option><option value=\"6908\" data-id=\"168\">Rom\u00e2nia<\/option><option value=\"6912\" data-id=\"184\">Slovacia<\/option><option value=\"6909\" data-id=\"185\">Slovenia<\/option><option value=\"6910\" data-id=\"191\">Spania<\/option><option value=\"6915\" data-id=\"196\">Suedia<\/option><option value=\"6906\" data-id=\"218\">Marea Britanie<\/option><\/select><\/div><div class=\"wp-block-etoro-tax-partners-wrapper\"><\/div><\/div>\n<\/div><\/section>\n\n\n\n<section class=\"wp-block-group wp-block-group-boxed has-dark-blue-background-color has-background\"><div class=\"wp-block-group-inner is-layout-flow wp-block-group-is-layout-flow\">\n<div class=\"wp-block-columns are-vertically-aligned-top wp-block-columns-1 wp-block-columns-size-14 is-layout-flex wp-container-core-columns-is-layout-4 wp-block-columns-is-layout-flex\">\n<div class=\"wp-block-column is-layout-flow wp-block-column-is-layout-flow\">\n<h2 class=\"wp-block-heading has-text-align-center is-style-heading-2\"><span>Ce reducere <strong>mi se aplic\u0103?<\/strong><\/span><\/h2>\n\n\n\n<p class=\"has-text-align-center\">Rata de reducere se bazeaz\u0103 pe nivelul t\u0103u eToro Club. Asigur\u0103-te c\u0103 vizitezi <a href=\"https:\/\/www.etoro.com\/ro\/dashboard\/club\" target=\"_blank\" rel=\"noreferrer noopener\">Tabloul de bord al Clubului<\/a>, unde po\u021bi verifica starea actual\u0103 a nivelului \u0219i oferte suplimentare.<\/p>\n<\/div>\n<\/div>\n<\/div><\/section>\n\n\n\n<section class=\"wp-block-group wp-block-group-boxed has-white-background-color has-background\"><div class=\"wp-block-group-inner is-layout-flow wp-block-group-is-layout-flow\">\n<h2 class=\"wp-block-heading has-text-align-center\">FAQ<\/h2>\n\n\n\n<dl class=\"wp-block-etoro-faq\">\n<div class=\"wp-block-etoro-faq-item\"><dt class=\"wp-block-etoro-faq-item-question\">Ce este aceast\u0103 ofert\u0103?<\/dt><dd class=\"wp-block-etoro-faq-item-answer\">\n<p>\u00cen calitate de membru al Clubului, e\u0219ti eligibil pentru o reducere la declara\u021bia de impozit generat\u0103 de unul dintre partenerii no\u0219tri. Pur \u0219i simplu alege din lista noastr\u0103 de furnizori exper\u021bi de taxe \u0219i ei vor face treaba pentru tine. Rata de reducere se bazeaz\u0103 pe nivelul t\u0103u eToro Club. Asigur\u0103-te c\u0103 vizitezi <a href=\"https:\/\/www.etoro.com\/ro\/dashboard\/club\">Tabloul de bord al Clubului<\/a>, unde po\u021bi verifica starea actual\u0103 a nivelului \u0219i oferte suplimentare.<\/p>\n<\/dd><\/div>\n\n\n\n<div class=\"wp-block-etoro-faq-item\"><dt class=\"wp-block-etoro-faq-item-question\">De ce \u00eemi cere s\u0103 fiu autentificat?<\/dt><dd class=\"wp-block-etoro-faq-item-answer\">\n<p>Pentru a solicita reducerea corect\u0103 \u00een func\u021bie de nivelul Clubului, trebuie s\u0103 fii conectat la contul t\u0103u eToro.<\/p>\n<\/dd><\/div>\n\n\n\n<div class=\"wp-block-etoro-faq-item\"><dt class=\"wp-block-etoro-faq-item-question\">Ce se \u00eent\u00e2mpl\u0103 dac\u0103 nu \u00eemi g\u0103sesc \u021bara \u00een list\u0103?<\/dt><dd class=\"wp-block-etoro-faq-item-answer\">\n<p>R\u0103m\u00e2i la curent! Vom ad\u0103uga mai multe \u021b\u0103ri \u00een cur\u00e2nd.<\/p>\n<\/dd><\/div>\n\n\n\n<div class=\"wp-block-etoro-faq-item\"><dt class=\"wp-block-etoro-faq-item-question\">Ce fac dac\u0103 am nevoie de ajutor?<\/dt><dd class=\"wp-block-etoro-faq-item-answer\">\n<p>Dac\u0103 ai \u00eentreb\u0103ri suplimentare, te rug\u0103m s\u0103 te adresezi punctului t\u0103u dedicat de contact prin <a href=\"https:\/\/www.etoro.com\/ro\/dashboard\/club\" target=\"_blank\" rel=\"noreferrer noopener\">Tabloul de bord al Clubului<\/a>.<\/p>\n<\/dd><\/div>\n\n\n\n<div class=\"wp-block-etoro-faq-item\"><dt class=\"wp-block-etoro-faq-item-question\">Cum pot accesa aceast\u0103 ofert\u0103?<\/dt><dd class=\"wp-block-etoro-faq-item-answer\">\n<p>Asigur\u0103-te c\u0103 e\u0219ti autentificat \u0219i apoi selecteaz\u0103 \u021bara de re\u0219edin\u021b\u0103. Vor fi lista\u021bi partenerii fiscali disponibili \u00een regiunea ta.<\/p>\n<\/dd><\/div>\n\n\n\n<div class=\"wp-block-etoro-faq-item\"><dt class=\"wp-block-etoro-faq-item-question\">Cine are dreptul s\u0103 primeasc\u0103 aceste reduceri?<\/dt><dd class=\"wp-block-etoro-faq-item-answer\">\n<p>Declara\u021biile fiscale cu reducere sunt exclusiv pentru membrii Clubului eToro.<\/p>\n<\/dd><\/div>\n\n\n\n<div class=\"wp-block-etoro-faq-item\"><dt class=\"wp-block-etoro-faq-item-question\">Trebuie s\u0103 completez vreun raport fiscal?<\/dt><dd class=\"wp-block-etoro-faq-item-answer\">\n<p>E\u0219ti responsabil pentru calcularea \u0219i plata oric\u0103ror taxe aplicabile \u00een \u021bara sau \u021b\u0103rile tale de re\u0219edin\u021b\u0103 fiscal\u0103.<\/p>\n<\/dd><\/div>\n\n\n\n<div class=\"wp-block-etoro-faq-item\"><dt class=\"wp-block-etoro-faq-item-question\">Unde pot ob\u021bine o imagine de ansamblu asupra activit\u0103\u021bii mele de investi\u021bii?<\/dt><dd class=\"wp-block-etoro-faq-item-answer\">\n<p>Po\u021bi genera un extras de cont f\u0103c\u00e2nd clic pe \u201eSet\u0103ri\u201d, apoi pe \u201eCont\u201d (sau acceseaz\u0103 acest <a href=\"https:\/\/www.etoro.com\/ro\/documents\/accountstatement\" target=\"_blank\" rel=\"noreferrer noopener\">link<\/a>). Sub Documente, f\u0103 clic pe \u201eVizualizare\u201d l\u00e2ng\u0103 Extrasul de cont. Alege un interval de timp \u0219i f\u0103 clic pe \u201eCreeaz\u0103\u201d pentru a genera extrasul de cont.<\/p>\n<\/dd><\/div>\n<\/dl>\n<\/div><\/section>\n\n\n\n<section class=\"wp-block-group wp-block-group-boxed\"><div class=\"wp-block-group-inner is-layout-flow wp-block-group-is-layout-flow\">\n<div class=\"wp-block-columns are-vertically-aligned-top wp-block-columns-1 is-layout-flex wp-container-core-columns-is-layout-5 wp-block-columns-is-layout-flex\">\n<div class=\"wp-block-column is-layout-flow wp-block-column-is-layout-flow\">\n<p class=\"has-text-align-center is-style-disclaimer\">Aceast\u0103 comunicare are un scop pur informativ \u0219i educa\u021bional \u0219i nu ar trebui interpretat\u0103 ca sfat sau recomandare de investi\u021bii. Nu este menit\u0103 s\u0103 ofere consultan\u021b\u0103 fiscal\u0103 sau contabil\u0103 \u0219i nu ar trebui s\u0103 te bazezi pe ea \u00een acest sens. Pentru orice aspecte fiscale sau contabile, este recomandat s\u0103 consul\u021bi proprii t\u0103i consilieri fiscali \u0219i contabili independen\u021bi.<\/p>\n<\/div>\n<\/div>\n<\/div><\/section>\n","protected":false},"excerpt":{"rendered":"<p>\u00cen calitate de membru al eToro Club, e\u0219ti eligibil pentru o reducere la declara\u021bia de impozit generat\u0103 de unul dintre partenerii no\u0219tri. Pur \u0219i simplu alege din lista noastr\u0103 de furnizori exper\u021bi de taxe \u0219i ei vor face treaba pentru tine. Te rug\u0103m s\u0103 re\u021bii c\u0103 eToro va \u00eemp\u0103rt\u0103\u0219i cu o ter\u021b\u0103 parte nivelul de&hellip;<\/p>\n","protected":false},"author":45,"featured_media":836458,"parent":547159,"menu_order":0,"comment_status":"closed","ping_status":"closed","template":"","meta":{"_acf_changed":false,"inline_featured_image":false,"sticky_cta_settings":"","footnotes":""},"asset_type":[],"class_list":["post-867149","page","type-page","status-publish","has-post-thumbnail","hentry"],"acf":[],"yoast_head":"<title>Declara\u021bie fiscal\u0103 cu reducere pentru membrii Clubului eToro<\/title>\n<meta name=\"description\" content=\"Ob\u021bine o reducere la declara\u021bia de impozit generat\u0103 de unul dintre partenerii no\u0219tri. Alege din lista de furnizori exper\u021bi \u0219i ei vor face treaba pentru tine.\" \/>\n<meta name=\"robots\" content=\"index, follow, max-snippet:-1, max-image-preview:large, max-video-preview:-1\" \/>\n<link rel=\"canonical\" href=\"https:\/\/www.etoro.com\/ro\/wp-json\/wp\/v2\/pages\/867149\" \/>\n<meta property=\"og:locale\" content=\"ro_RO\" \/>\n<meta property=\"og:type\" content=\"article\" \/>\n<meta property=\"og:title\" content=\"Declara\u021bie fiscal\u0103 cu reducere pentru membrii Clubului eToro\" \/>\n<meta property=\"og:description\" content=\"Ob\u021bine o reducere la declara\u021bia de impozit generat\u0103 de unul dintre partenerii no\u0219tri. Alege din lista de furnizori exper\u021bi \u0219i ei vor face treaba pentru tine.\" \/>\n<meta property=\"og:url\" content=\"https:\/\/www.etoro.com\/ro\/wp-json\/wp\/v2\/pages\/867149\" \/>\n<meta property=\"og:site_name\" content=\"eToro\" \/>\n<meta property=\"article:publisher\" content=\"https:\/\/www.facebook.com\/eToro\/\" \/>\n<meta property=\"article:modified_time\" content=\"2024-04-11T11:13:54+00:00\" \/>\n<meta property=\"og:image\" content=\"https:\/\/www.etoro.com\/wp-content\/uploads\/2024\/01\/Tax-services.jpg\" \/>\n\t<meta property=\"og:image:width\" content=\"1200\" \/>\n\t<meta property=\"og:image:height\" content=\"630\" \/>\n\t<meta property=\"og:image:type\" content=\"image\/jpeg\" \/>\n<meta name=\"twitter:card\" content=\"summary_large_image\" \/>\n<meta name=\"twitter:site\" content=\"@eToro\" \/>\n<meta name=\"twitter:label1\" content=\"Est. reading time\" \/>\n\t<meta name=\"twitter:data1\" content=\"3 minutes\" \/>\n<script type=\"application\/ld+json\" class=\"yoast-schema-graph\">{\"@context\":\"https:\/\/schema.org\",\"@graph\":[{\"@type\":\"WebPage\",\"@id\":\"https:\/\/www.etoro.com\/ro\/about\/club\/tax-partners\/\",\"url\":\"https:\/\/www.etoro.com\/ro\/about\/club\/tax-partners\/\",\"name\":\"Declara\u021bie fiscal\u0103 cu reducere pentru membrii Clubului eToro\",\"isPartOf\":{\"@id\":\"https:\/\/www.etoro.com\/ro\/#website\"},\"primaryImageOfPage\":{\"@id\":\"https:\/\/www.etoro.com\/ro\/about\/club\/tax-partners\/#primaryimage\"},\"image\":{\"@id\":\"https:\/\/www.etoro.com\/ro\/about\/club\/tax-partners\/#primaryimage\"},\"thumbnailUrl\":\"https:\/\/www.etoro.com\/wp-content\/uploads\/2024\/01\/Tax-services.jpg\",\"datePublished\":\"2024-01-05T12:43:27+00:00\",\"dateModified\":\"2024-04-11T11:13:54+00:00\",\"description\":\"Ob\u021bine o reducere la declara\u021bia de impozit generat\u0103 de unul dintre partenerii no\u0219tri. Alege din lista de furnizori exper\u021bi \u0219i ei vor face treaba pentru tine.\",\"breadcrumb\":{\"@id\":\"https:\/\/www.etoro.com\/ro\/about\/club\/tax-partners\/#breadcrumb\"},\"inLanguage\":\"ro\",\"potentialAction\":[{\"@type\":\"ReadAction\",\"target\":[\"https:\/\/www.etoro.com\/ro\/about\/club\/tax-partners\/\"]}]},{\"@type\":\"ImageObject\",\"inLanguage\":\"ro\",\"@id\":\"https:\/\/www.etoro.com\/ro\/about\/club\/tax-partners\/#primaryimage\",\"url\":\"https:\/\/www.etoro.com\/wp-content\/uploads\/2024\/01\/Tax-services.jpg\",\"contentUrl\":\"https:\/\/www.etoro.com\/wp-content\/uploads\/2024\/01\/Tax-services.jpg\",\"width\":1200,\"height\":630,\"caption\":\"Tax services\"},{\"@type\":\"BreadcrumbList\",\"@id\":\"https:\/\/www.etoro.com\/ro\/about\/club\/tax-partners\/#breadcrumb\",\"itemListElement\":[{\"@type\":\"ListItem\",\"position\":1,\"name\":\"ACAS\u0102\",\"item\":\"https:\/\/www.etoro.com\/ro\/\"},{\"@type\":\"ListItem\",\"position\":2,\"name\":\"DESPRE\",\"item\":\"https:\/\/www.etoro.com\/ro\/about\/\"},{\"@type\":\"ListItem\",\"position\":3,\"name\":\"eToro Club\",\"item\":\"https:\/\/www.etoro.com\/ro\/about\/club\/\"},{\"@type\":\"ListItem\",\"position\":4,\"name\":\"Tax Partners\"}]},{\"@type\":\"WebSite\",\"@id\":\"https:\/\/www.etoro.com\/ro\/#website\",\"url\":\"https:\/\/www.etoro.com\/ro\/\",\"name\":\"eToro\",\"description\":\"\",\"publisher\":{\"@id\":\"https:\/\/www.etoro.com\/ro\/#organization\"},\"potentialAction\":[{\"@type\":\"SearchAction\",\"target\":{\"@type\":\"EntryPoint\",\"urlTemplate\":\"https:\/\/www.etoro.com\/ro\/?s={search_term_string}\"},\"query-input\":{\"@type\":\"PropertyValueSpecification\",\"valueRequired\":true,\"valueName\":\"search_term_string\"}}],\"inLanguage\":\"ro\"},[]]}<\/script>","yoast_head_json":{"title":"Declara\u021bie fiscal\u0103 cu reducere pentru membrii Clubului eToro","description":"Ob\u021bine o reducere la declara\u021bia de impozit generat\u0103 de unul dintre partenerii no\u0219tri. Alege din lista de furnizori exper\u021bi \u0219i ei vor face treaba pentru tine.","robots":{"index":"index","follow":"follow","max-snippet":"max-snippet:-1","max-image-preview":"max-image-preview:large","max-video-preview":"max-video-preview:-1"},"canonical":"https:\/\/www.etoro.com\/ro\/wp-json\/wp\/v2\/pages\/867149","og_locale":"ro_RO","og_type":"article","og_title":"Declara\u021bie fiscal\u0103 cu reducere pentru membrii Clubului eToro","og_description":"Ob\u021bine o reducere la declara\u021bia de impozit generat\u0103 de unul dintre partenerii no\u0219tri. Alege din lista de furnizori exper\u021bi \u0219i ei vor face treaba pentru tine.","og_url":"https:\/\/www.etoro.com\/ro\/wp-json\/wp\/v2\/pages\/867149","og_site_name":"eToro","article_publisher":"https:\/\/www.facebook.com\/eToro\/","article_modified_time":"2024-04-11T11:13:54+00:00","og_image":[{"width":1200,"height":630,"url":"https:\/\/www.etoro.com\/wp-content\/uploads\/2024\/01\/Tax-services.jpg","type":"image\/jpeg"}],"twitter_card":"summary_large_image","twitter_site":"@eToro","twitter_misc":{"Est. reading time":"3 minutes"},"schema":{"@context":"https:\/\/schema.org","@graph":[{"@type":"WebPage","@id":"https:\/\/www.etoro.com\/ro\/about\/club\/tax-partners\/","url":"https:\/\/www.etoro.com\/ro\/about\/club\/tax-partners\/","name":"Declara\u021bie fiscal\u0103 cu reducere pentru membrii Clubului eToro","isPartOf":{"@id":"https:\/\/www.etoro.com\/ro\/#website"},"primaryImageOfPage":{"@id":"https:\/\/www.etoro.com\/ro\/about\/club\/tax-partners\/#primaryimage"},"image":{"@id":"https:\/\/www.etoro.com\/ro\/about\/club\/tax-partners\/#primaryimage"},"thumbnailUrl":"https:\/\/www.etoro.com\/wp-content\/uploads\/2024\/01\/Tax-services.jpg","datePublished":"2024-01-05T12:43:27+00:00","dateModified":"2024-04-11T11:13:54+00:00","description":"Ob\u021bine o reducere la declara\u021bia de impozit generat\u0103 de unul dintre partenerii no\u0219tri. Alege din lista de furnizori exper\u021bi \u0219i ei vor face treaba pentru tine.","breadcrumb":{"@id":"https:\/\/www.etoro.com\/ro\/about\/club\/tax-partners\/#breadcrumb"},"inLanguage":"ro","potentialAction":[{"@type":"ReadAction","target":["https:\/\/www.etoro.com\/ro\/about\/club\/tax-partners\/"]}]},{"@type":"ImageObject","inLanguage":"ro","@id":"https:\/\/www.etoro.com\/ro\/about\/club\/tax-partners\/#primaryimage","url":"https:\/\/www.etoro.com\/wp-content\/uploads\/2024\/01\/Tax-services.jpg","contentUrl":"https:\/\/www.etoro.com\/wp-content\/uploads\/2024\/01\/Tax-services.jpg","width":1200,"height":630,"caption":"Tax services"},{"@type":"BreadcrumbList","@id":"https:\/\/www.etoro.com\/ro\/about\/club\/tax-partners\/#breadcrumb","itemListElement":[{"@type":"ListItem","position":1,"name":"ACAS\u0102","item":"https:\/\/www.etoro.com\/ro\/"},{"@type":"ListItem","position":2,"name":"DESPRE","item":"https:\/\/www.etoro.com\/ro\/about\/"},{"@type":"ListItem","position":3,"name":"eToro Club","item":"https:\/\/www.etoro.com\/ro\/about\/club\/"},{"@type":"ListItem","position":4,"name":"Tax Partners"}]},{"@type":"WebSite","@id":"https:\/\/www.etoro.com\/ro\/#website","url":"https:\/\/www.etoro.com\/ro\/","name":"eToro","description":"","publisher":{"@id":"https:\/\/www.etoro.com\/ro\/#organization"},"potentialAction":[{"@type":"SearchAction","target":{"@type":"EntryPoint","urlTemplate":"https:\/\/www.etoro.com\/ro\/?s={search_term_string}"},"query-input":{"@type":"PropertyValueSpecification","valueRequired":true,"valueName":"search_term_string"}}],"inLanguage":"ro"},[]]}},"_links":{"self":[{"href":"https:\/\/www.etoro.com\/ro\/wp-json\/wp\/v2\/pages\/867149"}],"collection":[{"href":"https:\/\/www.etoro.com\/ro\/wp-json\/wp\/v2\/pages"}],"about":[{"href":"https:\/\/www.etoro.com\/ro\/wp-json\/wp\/v2\/types\/page"}],"author":[{"embeddable":true,"href":"https:\/\/www.etoro.com\/ro\/wp-json\/wp\/v2\/users\/45"}],"replies":[{"embeddable":true,"href":"https:\/\/www.etoro.com\/ro\/wp-json\/wp\/v2\/comments?post=867149"}],"version-history":[{"count":0,"href":"https:\/\/www.etoro.com\/ro\/wp-json\/wp\/v2\/pages\/867149\/revisions"}],"up":[{"embeddable":true,"href":"https:\/\/www.etoro.com\/ro\/wp-json\/wp\/v2\/pages\/547159"}],"wp:featuredmedia":[{"embeddable":true,"href":"https:\/\/www.etoro.com\/ro\/wp-json\/wp\/v2\/media\/836458"}],"wp:attachment":[{"href":"https:\/\/www.etoro.com\/ro\/wp-json\/wp\/v2\/media?parent=867149"}],"wp:term":[{"taxonomy":"asset_type","embeddable":true,"href":"https:\/\/www.etoro.com\/ro\/wp-json\/wp\/v2\/asset_type?post=867149"}],"curies":[{"name":"wp","href":"https:\/\/api.w.org\/{rel}","templated":true}]}}