{"id":942938,"date":"2025-03-20T13:41:52","date_gmt":"2025-03-20T11:41:52","guid":{"rendered":"https:\/\/www.etoro.com\/?page_id=942938"},"modified":"2026-01-19T10:37:03","modified_gmt":"2026-01-19T08:37:03","slug":"policy","status":"publish","type":"page","link":"https:\/\/www.etoro.com\/ro\/editorial\/policy\/","title":{"rendered":"Academy Editorial Policies"},"content":{"rendered":"\n<h2 class=\"wp-block-heading\">Introducere<\/h2>\n\n\n\n<p>Scopul acestei politici editoriale este de a contura principiile care stau la baza cre\u0103rii \u0219i difuz\u0103rii con\u021binutului \u00een <a href=\"https:\/\/www.etoro.com\/ro\/academy\/\" target=\"_blank\" rel=\"noreferrer noopener\">Academia eToro<\/a>. Aceast\u0103 politic\u0103 \u00ee\u0219i propune s\u0103 serveasc\u0103 drept model pentru a sus\u021bine integritatea, fiabilitatea \u0219i calitatea general\u0103 a informa\u021biilor furnizate utilizatorilor no\u0219tri.<\/p>\n\n\n\n<figure class=\"wp-block-image size-full\"><img loading=\"lazy\" decoding=\"async\" width=\"756\" height=\"400\" src=\"https:\/\/www.etoro.com\/wp-content\/uploads\/2024\/09\/Academy-Editorial-Policy_Intro-Illustration.png\" alt=\"\" class=\"wp-image-934548 wp-image-desktop\" srcset=\"https:\/\/www.etoro.com\/wp-content\/uploads\/2024\/09\/Academy-Editorial-Policy_Intro-Illustration.png 756w, https:\/\/www.etoro.com\/wp-content\/uploads\/2024\/09\/Academy-Editorial-Policy_Intro-Illustration-300x159.png 300w\" sizes=\"(max-width: 756px) 100vw, 756px\" \/><\/figure>\n\n\n\n<h2 class=\"wp-block-heading\">Misiunea politicii editoriale<\/h2>\n\n\n\n<p>De\u0219i internetul este plin de informa\u021bii, navigarea sa poate fi cople\u0219itoare \u0219i confuz\u0103. De aceea, am creat Academia cu o abordare structurat\u0103, pentru a ne asigura c\u0103 investitorii ob\u021bin informa\u021bii \u0219i dezvolt\u0103 cuno\u0219tin\u021be \u0219i \u00een\u021belegere reale.<\/p>\n\n\n\n<p>Scopul nostru este s\u0103 oferim audien\u021bei con\u021binut precis, fiabil, stimulant \u0219i educa\u021bional. Aceast\u0103 politic\u0103 ne ghideaz\u0103 procesul de creare a con\u021binutului pentru a aprofunda \u00een\u021belegerea cititorilor no\u0219tri \u0219i pentru a cultiva un spa\u021biu de \u00eenv\u0103\u021bare \u0219i \u00eencredere.<\/p>\n\n\n\n<h2 class=\"wp-block-heading\">Domeniu (tipuri de con\u021binut acoperit)<\/h2>\n\n\n\n<p>Aceast\u0103 politic\u0103 se refer\u0103 la diferite forme de con\u021binut, inclusiv cursuri, articole, tutoriale, webinarii, podcasturi \u0219i alte materiale educa\u021bionale publicate de Academia eToro, asigur\u00e2ndu-se c\u0103 fiecare articol se aliniaz\u0103 cu standardele noastre de excelen\u021b\u0103.<\/p>\n\n\n\n<figure class=\"wp-block-image size-full\"><img loading=\"lazy\" decoding=\"async\" width=\"756\" height=\"400\" src=\"https:\/\/www.etoro.com\/wp-content\/uploads\/2024\/09\/Academy-Editorial-Policy_Style-Illustration.png\" alt=\"\" class=\"wp-image-934572 wp-image-desktop\" srcset=\"https:\/\/www.etoro.com\/wp-content\/uploads\/2024\/09\/Academy-Editorial-Policy_Style-Illustration.png 756w, https:\/\/www.etoro.com\/wp-content\/uploads\/2024\/09\/Academy-Editorial-Policy_Style-Illustration-300x159.png 300w\" sizes=\"(max-width: 756px) 100vw, 756px\" \/><\/figure>\n\n\n\n<h2 class=\"wp-block-heading\">Standarde de con\u021binut<\/h2>\n\n\n\n<h3 class=\"wp-block-heading\">Acurate\u021be \u0219i fiabilitate<\/h3>\n\n\n\n<p>Ne angaj\u0103m s\u0103 furniz\u0103m con\u021binut care este exact \u0219i verificabil. Avem procese riguroase de verificare a faptelor care verific\u0103 informa\u021biile \u00eenainte de publicare, asigur\u00e2nd fiabilitatea con\u021binutului nostru.<\/p>\n\n\n\n<h3 class=\"wp-block-heading\">Surse \u0219i cit\u0103ri<\/h3>\n\n\n\n<p>Transparen\u021ba surselor este fundamental\u0103 pentru integritatea noastr\u0103 editorial\u0103. Tot con\u021binutul va include cit\u0103ri adecvate \u0219i trimiteri la sursele originale, permi\u021b\u00e2nd cititorilor explorarea \u0219i verificarea ulterioar\u0103.<\/p>\n\n\n\n<h3 class=\"wp-block-heading\">Obiectivitate \u0219i impar\u021bialitate<\/h3>\n\n\n\n<p>Con\u021binutul nostru \u00ee\u0219i propune s\u0103 ofere informa\u021bii echilibrate \u0219i impar\u021biale, f\u0103r\u0103 influen\u021be externe sau opinii personale, asigur\u00e2nd c\u0103 cititorii no\u0219tri primesc perspective obiective pentru informarea propriei decizii.<\/p>\n\n\n\n<h3 class=\"wp-block-heading\">Etic\u0103<\/h3>\n\n\n\n<p>Respect\u0103m cele mai \u00eenalte standarde etice, asigur\u00e2ndu-ne c\u0103 con\u021binutul nostru nu \u00eencalc\u0103 confiden\u021bialitatea, drepturile de autor sau orice alte standarde legale. Considera\u021biile etice ne ghideaz\u0103 \u0219i interac\u021biunile cu furnizorii \u0219i sursele de con\u021binut de ter\u021b\u0103 parte.<\/p>\n\n\n\n<h3 class=\"wp-block-heading\">Con\u021binut ter\u021b\u0103 parte<\/h3>\n\n\n\n<p>Con\u021binutul creat de furnizori ter\u021bi este etichetat \u00een mod clar cu sursa acestuia, precum \u0219i revizuit cu aten\u021bie de eToro pentru a se asigura c\u0103 se aliniaz\u0103 cu politicile \u0219i standardele noastre.<\/p>\n\n\n\n<h2 class=\"wp-block-heading\">Stil \u0219i reguli de scriere<\/h2>\n\n\n\n<h3 class=\"wp-block-heading\">Claritate \u0219i lizibilitate<\/h3>\n\n\n\n<p>Lizibilitatea con\u021binutului nostru este primordial\u0103. Scopul nostru este de a avea claritate \u0219i simplitate \u00een textele noastre pentru a ne asigura c\u0103 materialele educa\u021bionale sunt accesibile unui public larg de toate nivelurile.<\/p>\n\n\n\n<h3 class=\"wp-block-heading\">Tonul vocii Academiei eToro<\/h3>\n\n\n\n<p>Tonul nostru este unul profesional dar accesibil, reflect\u00e2nd valorile eToro. Este esen\u021bial ca con\u021binutul nostru s\u0103 vorbeasc\u0103 direct cu publicul, implic\u00e2ndu-l \u00eentr-o manier\u0103 respectuoas\u0103.<\/p>\n\n\n\n<h3 class=\"wp-block-heading is-style-default\">Angajament fa\u021b\u0103 de accesibilitate \u0219i incluziune<\/h3>\n\n\n\n<p>Suntem dedica\u021bi s\u0103 oferim con\u021binut accesibil \u0219i incluziv, valor\u00e2nd diverse perspective \u0219i asigur\u00e2ndu-ne c\u0103 toat\u0103 lumea poate interac\u021biona cu materialele noastre prin audio, video \u0219i text, oric\u00e2nd \u0219i oriunde.<\/p>\n\n\n\n<h3 class=\"wp-block-heading\">Conflicte de interese<\/h3>\n\n\n\n<p>Transparen\u021ba cu privire la eventualele conflicte de interese este esen\u021bial\u0103 pentru a men\u021bine \u00eencrederea cititorilor no\u0219tri. Orice astfel de conflicte vor fi dezv\u0103luite \u00een mod clar pentru a p\u0103stra integritatea con\u021binutului nostru.<\/p>\n\n\n\n<h2 class=\"wp-block-heading\">Cunoa\u0219te echipa noastr\u0103 editorial\u0103<\/h2>\n\n\n\n<p>\u00cen spatele con\u021binutului perspicace \u0219i informativ din Academia eToro se afl\u0103 o echip\u0103 de editori experimenta\u021bi \u0219i exper\u021bi \u00een domeniu. Fiecare membru aduce un set unic de abilit\u0103\u021bi \u0219i o pasiune pentru educa\u021bie, asigur\u00e2ndu-ne c\u0103 con\u021binutul nostru nu este doar exact, ci \u0219i captivant.<\/p>\n\n\n\n<p>Expertiza lor cuprinde finan\u021be, tehnologie \u0219i pedagogie, reflect\u00e2nd angajamentul nostru fa\u021b\u0103 de calitate \u0219i diversitate \u00een materialele noastre educa\u021bionale. Pentru a cunoa\u0219te \u00een detaliu persoanele care organizeaz\u0103 experien\u021ba de \u00eenv\u0103\u021bare, viziteaz\u0103 prezentarea detaliat\u0103 a echipei noastre.<\/p>\n\n\n\n<figure class=\"wp-block-image size-full\"><img loading=\"lazy\" decoding=\"async\" width=\"756\" height=\"308\" src=\"https:\/\/www.etoro.com\/wp-content\/uploads\/2026\/01\/image-1.png\" alt=\"\" class=\"wp-image-1209091 wp-image-desktop\" srcset=\"https:\/\/www.etoro.com\/wp-content\/uploads\/2026\/01\/image-1.png 756w, https:\/\/www.etoro.com\/wp-content\/uploads\/2026\/01\/image-1-300x122.png 300w\" sizes=\"(max-width: 756px) 100vw, 756px\" \/><\/figure>\n\n\n\n<h2 class=\"wp-block-heading\">Actualiz\u0103ri \u0219i revizuiri<\/h2>\n\n\n\n<p>Exist\u0103 un proces structurat de actualiz\u0103ri \u0219i revizuiri pentru a men\u021bine relevan\u021ba \u0219i acurate\u021bea con\u021binutului nostru. Acest lucru asigur\u0103 c\u0103 materialele noastre r\u0103m\u00e2n actuale \u0219i reflect\u0103 cele mai recente standarde \u0219i practici din industrie.<\/p>\n\n\n\n<p>\u00cen concluzie, aceast\u0103 politic\u0103 editorial\u0103 este conceput\u0103 pentru a asigura c\u0103 con\u021binutul produs \u0219i distribuit prin Academia eToro respect\u0103 cele mai \u00eenalte standarde de calitate, integritate \u0219i transparen\u021b\u0103. Prin implementarea acestor reguli, ne propunem s\u0103 promov\u0103m un mediu de \u00eenv\u0103\u021bare fiabil \u0219i informativ pentru comunitatea noastr\u0103.<\/p>\n\n\n\n<p class=\"is-style-heading-3\">Divulgarea responsibilit\u0103\u021bii \u0219i garan\u021bie<\/p>\n\n\n\n<p>Toate comentariile, opiniile \u0219i analizele exprimate \u00een con\u021binutul eToro au doar scop informativ \u0219i nu trebuie considerate sfaturi de investi\u021bii. <\/p>\n\n\n\n<p>eToro nu face recomand\u0103ri de a investi \u00eentr-un anumit activ sau de a adopta vreo strategie de investi\u021bii. Opiniile \u0219i strategiile descrise \u00een con\u021binutul nostru pot s\u0103 nu fie potrivite pentru to\u021bi investitorii. Deoarece condi\u021biile de pia\u021b\u0103 \u0219i economice sunt supuse unor schimb\u0103ri rapide, toate comentariile, opiniile \u0219i analizele con\u021binute \u00een con\u021binutul nostru sunt redate de la data post\u0103rii \u0219i se pot modifica f\u0103r\u0103 notificare. <\/p>\n\n\n\n<p>De\u0219i facem tot posibilul pentru a oferi informa\u021bii fiabile, nu garant\u0103m acurate\u021bea acestora. Materialul nu este conceput ca o analiz\u0103 complet\u0103 a fiec\u0103rui fapt important referitor la orice \u021bar\u0103, regiune, pia\u021b\u0103, industrie, investi\u021bie sau strategie.<\/p>\n","protected":false},"excerpt":{"rendered":"<p>Introducere Scopul acestei politici editoriale este de a contura principiile care stau la baza cre\u0103rii \u0219i difuz\u0103rii con\u021binutului \u00een Academia eToro. Aceast\u0103 politic\u0103 \u00ee\u0219i propune s\u0103 serveasc\u0103 drept model pentru a sus\u021bine integritatea, fiabilitatea \u0219i calitatea general\u0103 a informa\u021biilor furnizate utilizatorilor no\u0219tri. Misiunea politicii editoriale De\u0219i internetul este plin de informa\u021bii, navigarea sa poate fi&hellip;<\/p>\n","protected":false},"author":127,"featured_media":1129340,"parent":944086,"menu_order":0,"comment_status":"closed","ping_status":"closed","template":"","meta":{"_acf_changed":true,"inline_featured_image":false,"sticky_cta_settings":"","footnotes":""},"asset_type":[],"class_list":["post-942938","page","type-page","status-publish","has-post-thumbnail","hentry"],"acf":[],"yoast_head":"<title>Politica editorial\u0103 eToro Academy<\/title>\n<meta name=\"description\" content=\"Resursele de educa\u021bie investi\u021bional\u0103 ale eToro respect\u0103 cele mai \u00eenalte standarde. Aceste ghiduri contribuie la p\u0103strarea unui mediu de \u00eenv\u0103\u021bare de \u00eencredere pentru comunitatea noastr\u0103.\" \/>\n<meta name=\"robots\" content=\"index, follow, max-snippet:-1, max-image-preview:large, max-video-preview:-1\" \/>\n<link rel=\"canonical\" href=\"https:\/\/www.etoro.com\/ro\/wp-json\/wp\/v2\/pages\/942938\" \/>\n<meta property=\"og:locale\" content=\"ro_RO\" \/>\n<meta property=\"og:type\" content=\"article\" \/>\n<meta property=\"og:title\" content=\"Politica editorial\u0103 eToro Academy\" \/>\n<meta property=\"og:description\" content=\"Resursele de educa\u021bie investi\u021bional\u0103 ale eToro respect\u0103 cele mai \u00eenalte standarde. Aceste ghiduri contribuie la p\u0103strarea unui mediu de \u00eenv\u0103\u021bare de \u00eencredere pentru comunitatea noastr\u0103.\" \/>\n<meta property=\"og:url\" content=\"https:\/\/www.etoro.com\/ro\/wp-json\/wp\/v2\/pages\/942938\" \/>\n<meta property=\"og:site_name\" content=\"eToro\" \/>\n<meta property=\"article:publisher\" content=\"https:\/\/www.facebook.com\/eToro\/\" \/>\n<meta property=\"article:modified_time\" content=\"2026-01-19T08:37:03+00:00\" \/>\n<meta property=\"og:image\" content=\"https:\/\/www.etoro.com\/wp-content\/uploads\/2025\/09\/RO-Editorial-576x385-1.png\" \/>\n\t<meta property=\"og:image:width\" content=\"576\" \/>\n\t<meta property=\"og:image:height\" content=\"385\" \/>\n\t<meta property=\"og:image:type\" content=\"image\/png\" \/>\n<meta name=\"twitter:card\" content=\"summary_large_image\" \/>\n<meta name=\"twitter:site\" content=\"@eToro\" \/>\n<meta name=\"twitter:label1\" content=\"Est. reading time\" \/>\n\t<meta name=\"twitter:data1\" content=\"4 minutes\" \/>\n<script type=\"application\/ld+json\" class=\"yoast-schema-graph\">{\"@context\":\"https:\/\/schema.org\",\"@graph\":[{\"@type\":\"WebPage\",\"@id\":\"https:\/\/www.etoro.com\/ro\/editorial\/policy\/\",\"url\":\"https:\/\/www.etoro.com\/ro\/editorial\/policy\/\",\"name\":\"Politica editorial\u0103 eToro Academy\",\"isPartOf\":{\"@id\":\"https:\/\/www.etoro.com\/ro\/#website\"},\"primaryImageOfPage\":{\"@id\":\"https:\/\/www.etoro.com\/ro\/editorial\/policy\/#primaryimage\"},\"image\":{\"@id\":\"https:\/\/www.etoro.com\/ro\/editorial\/policy\/#primaryimage\"},\"thumbnailUrl\":\"https:\/\/www.etoro.com\/wp-content\/uploads\/2025\/09\/RO-Editorial-576x385-1.png\",\"datePublished\":\"2025-03-20T11:41:52+00:00\",\"dateModified\":\"2026-01-19T08:37:03+00:00\",\"description\":\"Resursele de educa\u021bie investi\u021bional\u0103 ale eToro respect\u0103 cele mai \u00eenalte standarde. Aceste ghiduri contribuie la p\u0103strarea unui mediu de \u00eenv\u0103\u021bare de \u00eencredere pentru comunitatea noastr\u0103.\",\"breadcrumb\":{\"@id\":\"https:\/\/www.etoro.com\/ro\/editorial\/policy\/#breadcrumb\"},\"inLanguage\":\"ro\",\"potentialAction\":[{\"@type\":\"ReadAction\",\"target\":[\"https:\/\/www.etoro.com\/ro\/editorial\/policy\/\"]}]},{\"@type\":\"ImageObject\",\"inLanguage\":\"ro\",\"@id\":\"https:\/\/www.etoro.com\/ro\/editorial\/policy\/#primaryimage\",\"url\":\"https:\/\/www.etoro.com\/wp-content\/uploads\/2025\/09\/RO-Editorial-576x385-1.png\",\"contentUrl\":\"https:\/\/www.etoro.com\/wp-content\/uploads\/2025\/09\/RO-Editorial-576x385-1.png\",\"width\":576,\"height\":385},{\"@type\":\"BreadcrumbList\",\"@id\":\"https:\/\/www.etoro.com\/ro\/editorial\/policy\/#breadcrumb\",\"itemListElement\":[{\"@type\":\"ListItem\",\"position\":1,\"name\":\"ACAS\u0102\",\"item\":\"https:\/\/www.etoro.com\/ro\/\"},{\"@type\":\"ListItem\",\"position\":2,\"name\":\"Resurse editoriale esen\u021biale\",\"item\":\"https:\/\/www.etoro.com\/ro\/editorial\/\"},{\"@type\":\"ListItem\",\"position\":3,\"name\":\"Academy Editorial Policies\"}]},{\"@type\":\"WebSite\",\"@id\":\"https:\/\/www.etoro.com\/ro\/#website\",\"url\":\"https:\/\/www.etoro.com\/ro\/\",\"name\":\"eToro\",\"description\":\"\",\"publisher\":{\"@id\":\"https:\/\/www.etoro.com\/ro\/#organization\"},\"potentialAction\":[{\"@type\":\"SearchAction\",\"target\":{\"@type\":\"EntryPoint\",\"urlTemplate\":\"https:\/\/www.etoro.com\/ro\/?s={search_term_string}\"},\"query-input\":{\"@type\":\"PropertyValueSpecification\",\"valueRequired\":true,\"valueName\":\"search_term_string\"}}],\"inLanguage\":\"ro\"},[]]}<\/script>","yoast_head_json":{"title":"Politica editorial\u0103 eToro Academy","description":"Resursele de educa\u021bie investi\u021bional\u0103 ale eToro respect\u0103 cele mai \u00eenalte standarde. Aceste ghiduri contribuie la p\u0103strarea unui mediu de \u00eenv\u0103\u021bare de \u00eencredere pentru comunitatea noastr\u0103.","robots":{"index":"index","follow":"follow","max-snippet":"max-snippet:-1","max-image-preview":"max-image-preview:large","max-video-preview":"max-video-preview:-1"},"canonical":"https:\/\/www.etoro.com\/ro\/wp-json\/wp\/v2\/pages\/942938","og_locale":"ro_RO","og_type":"article","og_title":"Politica editorial\u0103 eToro Academy","og_description":"Resursele de educa\u021bie investi\u021bional\u0103 ale eToro respect\u0103 cele mai \u00eenalte standarde. Aceste ghiduri contribuie la p\u0103strarea unui mediu de \u00eenv\u0103\u021bare de \u00eencredere pentru comunitatea noastr\u0103.","og_url":"https:\/\/www.etoro.com\/ro\/wp-json\/wp\/v2\/pages\/942938","og_site_name":"eToro","article_publisher":"https:\/\/www.facebook.com\/eToro\/","article_modified_time":"2026-01-19T08:37:03+00:00","og_image":[{"width":576,"height":385,"url":"https:\/\/www.etoro.com\/wp-content\/uploads\/2025\/09\/RO-Editorial-576x385-1.png","type":"image\/png"}],"twitter_card":"summary_large_image","twitter_site":"@eToro","twitter_misc":{"Est. reading time":"4 minutes"},"schema":{"@context":"https:\/\/schema.org","@graph":[{"@type":"WebPage","@id":"https:\/\/www.etoro.com\/ro\/editorial\/policy\/","url":"https:\/\/www.etoro.com\/ro\/editorial\/policy\/","name":"Politica editorial\u0103 eToro Academy","isPartOf":{"@id":"https:\/\/www.etoro.com\/ro\/#website"},"primaryImageOfPage":{"@id":"https:\/\/www.etoro.com\/ro\/editorial\/policy\/#primaryimage"},"image":{"@id":"https:\/\/www.etoro.com\/ro\/editorial\/policy\/#primaryimage"},"thumbnailUrl":"https:\/\/www.etoro.com\/wp-content\/uploads\/2025\/09\/RO-Editorial-576x385-1.png","datePublished":"2025-03-20T11:41:52+00:00","dateModified":"2026-01-19T08:37:03+00:00","description":"Resursele de educa\u021bie investi\u021bional\u0103 ale eToro respect\u0103 cele mai \u00eenalte standarde. Aceste ghiduri contribuie la p\u0103strarea unui mediu de \u00eenv\u0103\u021bare de \u00eencredere pentru comunitatea noastr\u0103.","breadcrumb":{"@id":"https:\/\/www.etoro.com\/ro\/editorial\/policy\/#breadcrumb"},"inLanguage":"ro","potentialAction":[{"@type":"ReadAction","target":["https:\/\/www.etoro.com\/ro\/editorial\/policy\/"]}]},{"@type":"ImageObject","inLanguage":"ro","@id":"https:\/\/www.etoro.com\/ro\/editorial\/policy\/#primaryimage","url":"https:\/\/www.etoro.com\/wp-content\/uploads\/2025\/09\/RO-Editorial-576x385-1.png","contentUrl":"https:\/\/www.etoro.com\/wp-content\/uploads\/2025\/09\/RO-Editorial-576x385-1.png","width":576,"height":385},{"@type":"BreadcrumbList","@id":"https:\/\/www.etoro.com\/ro\/editorial\/policy\/#breadcrumb","itemListElement":[{"@type":"ListItem","position":1,"name":"ACAS\u0102","item":"https:\/\/www.etoro.com\/ro\/"},{"@type":"ListItem","position":2,"name":"Resurse editoriale esen\u021biale","item":"https:\/\/www.etoro.com\/ro\/editorial\/"},{"@type":"ListItem","position":3,"name":"Academy Editorial Policies"}]},{"@type":"WebSite","@id":"https:\/\/www.etoro.com\/ro\/#website","url":"https:\/\/www.etoro.com\/ro\/","name":"eToro","description":"","publisher":{"@id":"https:\/\/www.etoro.com\/ro\/#organization"},"potentialAction":[{"@type":"SearchAction","target":{"@type":"EntryPoint","urlTemplate":"https:\/\/www.etoro.com\/ro\/?s={search_term_string}"},"query-input":{"@type":"PropertyValueSpecification","valueRequired":true,"valueName":"search_term_string"}}],"inLanguage":"ro"},[]]}},"_links":{"self":[{"href":"https:\/\/www.etoro.com\/ro\/wp-json\/wp\/v2\/pages\/942938"}],"collection":[{"href":"https:\/\/www.etoro.com\/ro\/wp-json\/wp\/v2\/pages"}],"about":[{"href":"https:\/\/www.etoro.com\/ro\/wp-json\/wp\/v2\/types\/page"}],"author":[{"embeddable":true,"href":"https:\/\/www.etoro.com\/ro\/wp-json\/wp\/v2\/users\/127"}],"replies":[{"embeddable":true,"href":"https:\/\/www.etoro.com\/ro\/wp-json\/wp\/v2\/comments?post=942938"}],"version-history":[{"count":0,"href":"https:\/\/www.etoro.com\/ro\/wp-json\/wp\/v2\/pages\/942938\/revisions"}],"up":[{"embeddable":true,"href":"https:\/\/www.etoro.com\/ro\/wp-json\/wp\/v2\/pages\/944086"}],"wp:featuredmedia":[{"embeddable":true,"href":"https:\/\/www.etoro.com\/ro\/wp-json\/wp\/v2\/media\/1129340"}],"wp:attachment":[{"href":"https:\/\/www.etoro.com\/ro\/wp-json\/wp\/v2\/media?parent=942938"}],"wp:term":[{"taxonomy":"asset_type","embeddable":true,"href":"https:\/\/www.etoro.com\/ro\/wp-json\/wp\/v2\/asset_type?post=942938"}],"curies":[{"name":"wp","href":"https:\/\/api.w.org\/{rel}","templated":true}]}}