{"id":944086,"date":"2024-09-24T14:44:06","date_gmt":"2024-09-24T11:44:06","guid":{"rendered":"https:\/\/www.etoro.com\/editorial\/"},"modified":"2025-09-12T12:10:21","modified_gmt":"2025-09-12T09:10:21","slug":"editorial","status":"publish","type":"page","link":"https:\/\/www.etoro.com\/ro\/editorial\/","title":{"rendered":"Resurse editoriale esen\u021biale"},"content":{"rendered":"\n<div class=\"wp-block-etoro-hero has-dark-blue-background-color wp-block-etoro-hero-height-480\"><div class=\"wp-block-etoro-hero-image\"><img decoding=\"async\" src=\"https:\/\/www.etoro.com\/wp-content\/uploads\/2025\/08\/Frame-6-2.png\" alt=\"\" class=\"wp-block-etoro-hero-thumbnail\"\/><\/div><div class=\"wp-block-etoro-hero-body\">\n<h2 class=\"wp-block-heading is-style-banner-title\">Resurse <strong>editoriale esen\u021biale<\/strong><\/h2>\n<\/div><\/div>\n\n\n\n<section class=\"wp-block-group wp-block-group-boxed has-white-background-color has-background\"><div class=\"wp-block-group-inner is-layout-flow wp-block-group-is-layout-flow\">\n<div class=\"wp-block-columns are-vertically-aligned-top wp-block-columns-1 is-layout-flex wp-container-core-columns-is-layout-1 wp-block-columns-is-layout-flex\">\n<div class=\"wp-block-column is-layout-flow wp-block-column-is-layout-flow\">\n<p>Hub-ul editorial eToro reune\u0219te \u00eentr-un singur loc tot con\u021binutul nostru \u0219i toate ghidurile noastre editoriale. Dac\u0103 e\u0219ti curios \u00een leg\u0103tur\u0103 cu politica noastr\u0103 editorial\u0103, dore\u0219ti s\u0103 explorezi resursele noastre educa\u021bionale, s\u0103 faci cuno\u0219tin\u021b\u0103 cu Consiliul nostru de revizuire financiar\u0103 sau s\u0103 ne ascul\u021bi podcasturile, prin intermediul acestui hub vei putea fi conectat la toate acestea. Fiecare sec\u021biune include link-uri c\u0103tre paginile relevante, ceea ce te va ajuta s\u0103 g\u0103se\u0219ti cu u\u0219urin\u021b\u0103 ceea ce ai nevoie.<\/p>\n<\/div>\n<\/div>\n<\/div><\/section>\n\n\n\n<section class=\"wp-block-group wp-block-group-boxed\"><div class=\"wp-block-group-inner is-layout-flow wp-block-group-is-layout-flow\">\n<p class=\"is-style-heading-2\">Resurse editoriale<\/p>\n\n\n\n<div class=\"wp-block-columns are-vertically-aligned-top wp-block-columns-1 is-layout-flex wp-container-core-columns-is-layout-2 wp-block-columns-is-layout-flex\">\n<div class=\"wp-block-column is-layout-flow wp-block-column-is-layout-flow\">\n<div id=\"swiper1323431514\" class=\"wp-block-etoro-cards wp-block-etoro-cards-column-on-mobile wp-block-etoro-card-grid-columns-2\"><div class=\"swiper-wrapper\">\n<div class=\"wp-block-etoro-card wp-block-etoro-card-has-button wp-block-etoro-card-half-image\"><img decoding=\"async\" src=\"https:\/\/www.etoro.com\/wp-content\/uploads\/2025\/08\/Frame-52960-1.png\" alt=\"Politica editorial\u0103\" class=\"wp-block-etoro-card-thumbnail wp-block-etoro-card-thumbnail-mobile\"\/><div class=\"wp-block-etoro-card-thumbnail\" style=\"background-image:url(https:\/\/www.etoro.com\/wp-content\/uploads\/2025\/08\/Frame-427319707-1.png);\"><\/div><div class=\"wp-block-etoro-card-body\"><div class=\"wp-block-etoro-card-title\">Politica editorial\u0103<\/div><div class=\"wp-block-etoro-card-content\">\n<p>Principiile \u0219i instruc\u021biunile dup\u0103 care ne ghid\u0103m, pentru a garanta c\u0103 materialul nostru este exact, impar\u021bial \u0219i de \u00eencredere.<\/p>\n<\/div><div class=\"wp-block-etoro-card-button\"><a href=\"https:\/\/www.etoro.com\/ro\/editorial\/policy\/\" class=\"e-cta\">Politica noastr\u0103 editorial\u0103<\/a><\/div><\/div><\/div>\n\n\n\n<div class=\"wp-block-etoro-card wp-block-etoro-card-has-button wp-block-etoro-card-half-image\"><img decoding=\"async\" src=\"https:\/\/www.etoro.com\/wp-content\/uploads\/2025\/08\/Frame-529642.png\" alt=\"Consiliul de revizuire financiar\u0103\" class=\"wp-block-etoro-card-thumbnail wp-block-etoro-card-thumbnail-mobile\"\/><div class=\"wp-block-etoro-card-thumbnail\" style=\"background-image:url(https:\/\/www.etoro.com\/wp-content\/uploads\/2025\/08\/Frame-52962.png);\"><\/div><div class=\"wp-block-etoro-card-body\"><div class=\"wp-block-etoro-card-title\">Consiliul de revizuire financiar\u0103<\/div><div class=\"wp-block-etoro-card-content\">\n<p>F\u0103 cuno\u0219tin\u021b\u0103 cu Consiliul nostru de revizuire financiar\u0103, o echip\u0103 de exper\u021bi ale\u0219i cu aten\u021bie, responsabili de stabilirea standardelor pentru materialele noastre financiare.<\/p>\n<\/div><div class=\"wp-block-etoro-card-button\"><a href=\"https:\/\/www.etoro.com\/ro\/editorial\/financial-review-board\/\" class=\"e-cta\">Consiliul nostru de revizuire financiar\u0103<\/a><\/div><\/div><\/div>\n\n\n\n<div class=\"wp-block-etoro-card wp-block-etoro-card-has-button wp-block-etoro-card-half-image\"><img decoding=\"async\" src=\"https:\/\/www.etoro.com\/wp-content\/uploads\/2025\/08\/Frame-529643.png\" alt=\"Anali\u0219ti\" class=\"wp-block-etoro-card-thumbnail wp-block-etoro-card-thumbnail-mobile\"\/><div class=\"wp-block-etoro-card-thumbnail\" style=\"background-image:url(https:\/\/www.etoro.com\/wp-content\/uploads\/2025\/08\/Frame-427319712-2.png);\"><\/div><div class=\"wp-block-etoro-card-body\"><div class=\"wp-block-etoro-card-title\">Anali\u0219ti<\/div><div class=\"wp-block-etoro-card-content\">\n<p>F\u0103 cuno\u0219tin\u021b\u0103 cu anali\u0219tii no\u0219tri, exper\u021bi \u00een domeniile financiare, care ofer\u0103 perspective \u0219i analize.<\/p>\n<\/div><div class=\"wp-block-etoro-card-button\"><a href=\"https:\/\/www.etoro.com\/ro\/editorial\/analysts\/\" class=\"e-cta\">Anali\u0219tii no\u0219tri<\/a><\/div><\/div><\/div>\n\n\n\n<div class=\"wp-block-etoro-card wp-block-etoro-card-has-button wp-block-etoro-card-half-image\"><img decoding=\"async\" src=\"https:\/\/www.etoro.com\/wp-content\/uploads\/2025\/08\/Frame-529624.png\" alt=\"Contribuitori\" class=\"wp-block-etoro-card-thumbnail wp-block-etoro-card-thumbnail-mobile\"\/><div class=\"wp-block-etoro-card-thumbnail\" style=\"background-image:url(https:\/\/www.etoro.com\/wp-content\/uploads\/2025\/08\/Frame-427319713-2.png);\"><\/div><div class=\"wp-block-etoro-card-body\"><div class=\"wp-block-etoro-card-title\">Contribuitori<\/div><div class=\"wp-block-etoro-card-content\">\n<p>Afl\u0103 mai multe despre colaboratorii no\u0219tri, traderi \u0219i investitori cu experien\u021b\u0103 care \u00eemp\u0103rt\u0103\u0219esc experien\u021be reale.<\/p>\n<\/div><div class=\"wp-block-etoro-card-button\"><a href=\"https:\/\/www.etoro.com\/ro\/editorial\/contributors\/\" class=\"e-cta\">Contribuitorii no\u0219tri<\/a><\/div><\/div><\/div>\n<\/div><\/div>\n<\/div>\n<\/div>\n<\/div><\/section>\n\n\n\n<section class=\"wp-block-group wp-block-group-boxed has-white-background-color has-background\"><div class=\"wp-block-group-inner is-layout-flow wp-block-group-is-layout-flow\">\n<div class=\"wp-block-columns are-vertically-aligned-top wp-block-columns-1 is-layout-flex wp-container-core-columns-is-layout-3 wp-block-columns-is-layout-flex\">\n<div class=\"wp-block-column is-layout-flow wp-block-column-is-layout-flow\">\n<h2 class=\"wp-block-heading\">Resurse educa\u021bionale<\/h2>\n\n\n\n<div class=\"wp-block-etoro-resource-item\"><img decoding=\"async\" src=\"https:\/\/www.etoro.com\/wp-content\/uploads\/2025\/09\/RO-eToro-Academy-1920x400-1.png\" alt=\"<strong&gt;Academia eToro<\/strong&gt; desktop image\" class=\"wp-block-etoro-resource-item-desktop-image\"\/><div class=\"wp-block-etoro-resource-item-content\"><img decoding=\"async\" src=\"https:\/\/www.etoro.com\/wp-content\/uploads\/2025\/08\/Background.svg\" alt=\"<strong&gt;Academia eToro<\/strong&gt; icon\" class=\"wp-block-etoro-resource-item-icon\"\/><div class=\"wp-block-etoro-resource-item-text-button-wrapper\"><div class=\"wp-block-etoro-resource-item-text-wrapper\"><h2 class=\"wp-block-etoro-resource-item-title\"><strong>Academia eToro<\/strong><\/h2><p class=\"wp-block-etoro-resource-item-description\">Cursuri \u0219i materiale care te ajut\u0103 s\u0103 st\u0103p\u00e2ne\u0219ti cu \u00eencredere pie\u021bele.<\/p><\/div>\n<a class=\"e-cta e-cta-alternative\" href=\"https:\/\/www.etoro.com\/ro\/academy\/\">Academia eToro<\/a>\n<\/div><\/div><\/div>\n\n\n\n<div class=\"wp-block-etoro-resource-item\"><img decoding=\"async\" src=\"https:\/\/www.etoro.com\/wp-content\/uploads\/2025\/08\/Banner-1-1.png\" alt=\"<strong&gt;Digest &amp; Invest<\/strong&gt; desktop image\" class=\"wp-block-etoro-resource-item-desktop-image\"\/><div class=\"wp-block-etoro-resource-item-content\"><img decoding=\"async\" src=\"https:\/\/www.etoro.com\/wp-content\/uploads\/2025\/08\/Background-1.svg\" alt=\"<strong&gt;Digest &amp; Invest<\/strong&gt; icon\" class=\"wp-block-etoro-resource-item-icon\"\/><div class=\"wp-block-etoro-resource-item-text-button-wrapper\"><div class=\"wp-block-etoro-resource-item-text-wrapper\"><h2 class=\"wp-block-etoro-resource-item-title\"><strong>Digest &amp; Invest<\/strong><\/h2><p class=\"wp-block-etoro-resource-item-description\">Aici vei g\u0103si podcasturi care te pot ajuta s\u0103 \u00ee\u021bi \u00eembun\u0103t\u0103\u021be\u0219ti cuno\u0219tin\u021bele financiare.<\/p><\/div>\n<a class=\"e-cta e-cta-alternative\" href=\"https:\/\/www.etoro.com\/digest-and-invest\/\">Digest &amp; Invest<\/a>\n<\/div><\/div><\/div>\n\n\n\n<div class=\"wp-block-etoro-resource-item\"><img decoding=\"async\" src=\"https:\/\/www.etoro.com\/wp-content\/uploads\/2025\/09\/RO-Analyst-Weekly-1920x400-1.png\" alt=\"<strong&gt;\u0218tiri \u0219i analize<\/strong&gt; desktop image\" class=\"wp-block-etoro-resource-item-desktop-image\"\/><div class=\"wp-block-etoro-resource-item-content\"><img decoding=\"async\" src=\"https:\/\/www.etoro.com\/wp-content\/uploads\/2025\/08\/Background-2.svg\" alt=\"<strong&gt;\u0218tiri \u0219i analize<\/strong&gt; icon\" class=\"wp-block-etoro-resource-item-icon\"\/><div class=\"wp-block-etoro-resource-item-text-button-wrapper\"><div class=\"wp-block-etoro-resource-item-text-wrapper\"><h2 class=\"wp-block-etoro-resource-item-title\"><strong>\u0218tiri \u0219i analize<\/strong><\/h2><p class=\"wp-block-etoro-resource-item-description\">Ultimele \u0219tiri \u0219i analize de pia\u021b\u0103 de la echipa noastr\u0103 de anali\u0219ti globali.<\/p><\/div>\n<a class=\"e-cta e-cta-alternative\" href=\"https:\/\/www.etoro.com\/ro\/news-and-analysis\/\">\u0218tiri \u0219i analize<\/a>\n<\/div><\/div><\/div>\n<\/div>\n<\/div>\n<\/div><\/section>\n\n\n\n<section class=\"wp-block-group wp-block-group-boxed\"><div class=\"wp-block-group-inner is-layout-flow wp-block-group-is-layout-flow\">\n<div class=\"wp-block-columns are-vertically-aligned-top wp-block-columns-1 is-layout-flex wp-container-core-columns-is-layout-4 wp-block-columns-is-layout-flex\">\n<div class=\"wp-block-column is-layout-flow wp-block-column-is-layout-flow\">\n<h2 class=\"wp-block-heading has-text-align-center\"><strong>Gata s\u0103 te al\u0103turi eToro?<\/strong><\/h2>\n\n\n\n<p class=\"has-text-align-center\">Dac\u0103 nu \u021bi-ai deschis \u00eenc\u0103 un cont eToro, descoper\u0103 c\u00e2t de simplu este cu <a href=\"https:\/\/www.youtube.com\/watch?v=3T6FYSdsWmM\" target=\"_blank\" rel=\"noreferrer noopener\">tutorialul<\/a> nostru pas cu pas.<\/p>\n\n\n\n<div class=\"wp-block-buttons is-content-justification-center is-layout-flex wp-container-core-buttons-is-layout-1 wp-block-buttons-is-layout-flex\">\n<a class=\"e-cta e-cta-primary\" href=\"https:\/\/www.etoro.com\/ro\/accounts\/sign-up\">\u00cenregistreaz\u0103-te acum<\/a>\n<\/div>\n<\/div>\n<\/div>\n<\/div><\/section>\n","protected":false},"excerpt":{"rendered":"<p>Hub-ul editorial eToro reune\u0219te \u00eentr-un singur loc tot con\u021binutul nostru \u0219i toate ghidurile noastre editoriale. Dac\u0103 e\u0219ti curios \u00een leg\u0103tur\u0103 cu politica noastr\u0103 editorial\u0103, dore\u0219ti s\u0103 explorezi resursele noastre educa\u021bionale, s\u0103 faci cuno\u0219tin\u021b\u0103 cu Consiliul nostru de revizuire financiar\u0103 sau s\u0103 ne ascul\u021bi podcasturile, prin intermediul acestui hub vei putea fi conectat la toate acestea.&hellip;<\/p>\n","protected":false},"author":39,"featured_media":0,"parent":0,"menu_order":0,"comment_status":"closed","ping_status":"closed","template":"","meta":{"_acf_changed":false,"inline_featured_image":false,"sticky_cta_settings":"","footnotes":""},"asset_type":[],"class_list":["post-944086","page","type-page","status-publish","hentry"],"acf":[],"yoast_head":"<title>Hub-ul Editorial eToro<\/title>\n<meta name=\"description\" content=\"Resursa principal\u0103 pentru \u00een\u021belegerea politicilor eToro \u0219i rolul Consiliului de Revizuire Financiar\u0103, al anali\u0219tilor \u0219i colaboratorilor \u00een con\u021binutul editorial.\" \/>\n<meta name=\"robots\" content=\"index, follow, max-snippet:-1, max-image-preview:large, max-video-preview:-1\" \/>\n<link rel=\"canonical\" href=\"https:\/\/www.etoro.com\/ro\/wp-json\/wp\/v2\/pages\/944086\" \/>\n<meta property=\"og:locale\" content=\"ro_RO\" \/>\n<meta property=\"og:type\" content=\"article\" \/>\n<meta property=\"og:title\" content=\"Hub-ul Editorial eToro\" \/>\n<meta property=\"og:description\" content=\"Resursa principal\u0103 pentru \u00een\u021belegerea politicilor eToro \u0219i rolul Consiliului de Revizuire Financiar\u0103, al anali\u0219tilor \u0219i colaboratorilor \u00een con\u021binutul editorial.\" \/>\n<meta property=\"og:url\" content=\"https:\/\/www.etoro.com\/ro\/wp-json\/wp\/v2\/pages\/944086\" \/>\n<meta property=\"og:site_name\" content=\"eToro\" \/>\n<meta property=\"article:publisher\" content=\"https:\/\/www.facebook.com\/eToro\/\" \/>\n<meta property=\"article:modified_time\" content=\"2025-09-12T09:10:21+00:00\" \/>\n<meta property=\"og:image\" content=\"https:\/\/www.etoro.com\/wp-content\/uploads\/2025\/08\/Frame-6-2.png\" \/>\n<meta name=\"twitter:card\" content=\"summary_large_image\" \/>\n<meta name=\"twitter:site\" content=\"@eToro\" \/>\n<meta name=\"twitter:label1\" content=\"Est. reading time\" \/>\n\t<meta name=\"twitter:data1\" content=\"1 minute\" \/>\n<script type=\"application\/ld+json\" class=\"yoast-schema-graph\">{\"@context\":\"https:\/\/schema.org\",\"@graph\":[{\"@type\":\"WebPage\",\"@id\":\"https:\/\/www.etoro.com\/ro\/editorial\/\",\"url\":\"https:\/\/www.etoro.com\/ro\/editorial\/\",\"name\":\"Hub-ul Editorial eToro\",\"isPartOf\":{\"@id\":\"https:\/\/www.etoro.com\/ro\/#website\"},\"primaryImageOfPage\":{\"@id\":\"https:\/\/www.etoro.com\/ro\/editorial\/#primaryimage\"},\"image\":{\"@id\":\"https:\/\/www.etoro.com\/ro\/editorial\/#primaryimage\"},\"thumbnailUrl\":\"https:\/\/www.etoro.com\/wp-content\/uploads\/2025\/08\/Frame-6-2.png\",\"datePublished\":\"2024-09-24T11:44:06+00:00\",\"dateModified\":\"2025-09-12T09:10:21+00:00\",\"description\":\"Resursa principal\u0103 pentru \u00een\u021belegerea politicilor eToro \u0219i rolul Consiliului de Revizuire Financiar\u0103, al anali\u0219tilor \u0219i colaboratorilor \u00een con\u021binutul editorial.\",\"breadcrumb\":{\"@id\":\"https:\/\/www.etoro.com\/ro\/editorial\/#breadcrumb\"},\"inLanguage\":\"ro\",\"potentialAction\":[{\"@type\":\"ReadAction\",\"target\":[\"https:\/\/www.etoro.com\/ro\/editorial\/\"]}]},{\"@type\":\"ImageObject\",\"inLanguage\":\"ro\",\"@id\":\"https:\/\/www.etoro.com\/ro\/editorial\/#primaryimage\",\"url\":\"https:\/\/www.etoro.com\/wp-content\/uploads\/2025\/08\/Frame-6-2.png\",\"contentUrl\":\"https:\/\/www.etoro.com\/wp-content\/uploads\/2025\/08\/Frame-6-2.png\"},{\"@type\":\"BreadcrumbList\",\"@id\":\"https:\/\/www.etoro.com\/ro\/editorial\/#breadcrumb\",\"itemListElement\":[{\"@type\":\"ListItem\",\"position\":1,\"name\":\"ACAS\u0102\",\"item\":\"https:\/\/www.etoro.com\/ro\/\"},{\"@type\":\"ListItem\",\"position\":2,\"name\":\"Resurse editoriale esen\u021biale\"}]},{\"@type\":\"WebSite\",\"@id\":\"https:\/\/www.etoro.com\/ro\/#website\",\"url\":\"https:\/\/www.etoro.com\/ro\/\",\"name\":\"eToro\",\"description\":\"\",\"publisher\":{\"@id\":\"https:\/\/www.etoro.com\/ro\/#organization\"},\"potentialAction\":[{\"@type\":\"SearchAction\",\"target\":{\"@type\":\"EntryPoint\",\"urlTemplate\":\"https:\/\/www.etoro.com\/ro\/?s={search_term_string}\"},\"query-input\":{\"@type\":\"PropertyValueSpecification\",\"valueRequired\":true,\"valueName\":\"search_term_string\"}}],\"inLanguage\":\"ro\"},[]]}<\/script>","yoast_head_json":{"title":"Hub-ul Editorial eToro","description":"Resursa principal\u0103 pentru \u00een\u021belegerea politicilor eToro \u0219i rolul Consiliului de Revizuire Financiar\u0103, al anali\u0219tilor \u0219i colaboratorilor \u00een con\u021binutul editorial.","robots":{"index":"index","follow":"follow","max-snippet":"max-snippet:-1","max-image-preview":"max-image-preview:large","max-video-preview":"max-video-preview:-1"},"canonical":"https:\/\/www.etoro.com\/ro\/wp-json\/wp\/v2\/pages\/944086","og_locale":"ro_RO","og_type":"article","og_title":"Hub-ul Editorial eToro","og_description":"Resursa principal\u0103 pentru \u00een\u021belegerea politicilor eToro \u0219i rolul Consiliului de Revizuire Financiar\u0103, al anali\u0219tilor \u0219i colaboratorilor \u00een con\u021binutul editorial.","og_url":"https:\/\/www.etoro.com\/ro\/wp-json\/wp\/v2\/pages\/944086","og_site_name":"eToro","article_publisher":"https:\/\/www.facebook.com\/eToro\/","article_modified_time":"2025-09-12T09:10:21+00:00","og_image":[{"url":"https:\/\/www.etoro.com\/wp-content\/uploads\/2025\/08\/Frame-6-2.png","type":"","width":"","height":""}],"twitter_card":"summary_large_image","twitter_site":"@eToro","twitter_misc":{"Est. reading time":"1 minute"},"schema":{"@context":"https:\/\/schema.org","@graph":[{"@type":"WebPage","@id":"https:\/\/www.etoro.com\/ro\/editorial\/","url":"https:\/\/www.etoro.com\/ro\/editorial\/","name":"Hub-ul Editorial eToro","isPartOf":{"@id":"https:\/\/www.etoro.com\/ro\/#website"},"primaryImageOfPage":{"@id":"https:\/\/www.etoro.com\/ro\/editorial\/#primaryimage"},"image":{"@id":"https:\/\/www.etoro.com\/ro\/editorial\/#primaryimage"},"thumbnailUrl":"https:\/\/www.etoro.com\/wp-content\/uploads\/2025\/08\/Frame-6-2.png","datePublished":"2024-09-24T11:44:06+00:00","dateModified":"2025-09-12T09:10:21+00:00","description":"Resursa principal\u0103 pentru \u00een\u021belegerea politicilor eToro \u0219i rolul Consiliului de Revizuire Financiar\u0103, al anali\u0219tilor \u0219i colaboratorilor \u00een con\u021binutul editorial.","breadcrumb":{"@id":"https:\/\/www.etoro.com\/ro\/editorial\/#breadcrumb"},"inLanguage":"ro","potentialAction":[{"@type":"ReadAction","target":["https:\/\/www.etoro.com\/ro\/editorial\/"]}]},{"@type":"ImageObject","inLanguage":"ro","@id":"https:\/\/www.etoro.com\/ro\/editorial\/#primaryimage","url":"https:\/\/www.etoro.com\/wp-content\/uploads\/2025\/08\/Frame-6-2.png","contentUrl":"https:\/\/www.etoro.com\/wp-content\/uploads\/2025\/08\/Frame-6-2.png"},{"@type":"BreadcrumbList","@id":"https:\/\/www.etoro.com\/ro\/editorial\/#breadcrumb","itemListElement":[{"@type":"ListItem","position":1,"name":"ACAS\u0102","item":"https:\/\/www.etoro.com\/ro\/"},{"@type":"ListItem","position":2,"name":"Resurse editoriale esen\u021biale"}]},{"@type":"WebSite","@id":"https:\/\/www.etoro.com\/ro\/#website","url":"https:\/\/www.etoro.com\/ro\/","name":"eToro","description":"","publisher":{"@id":"https:\/\/www.etoro.com\/ro\/#organization"},"potentialAction":[{"@type":"SearchAction","target":{"@type":"EntryPoint","urlTemplate":"https:\/\/www.etoro.com\/ro\/?s={search_term_string}"},"query-input":{"@type":"PropertyValueSpecification","valueRequired":true,"valueName":"search_term_string"}}],"inLanguage":"ro"},[]]}},"_links":{"self":[{"href":"https:\/\/www.etoro.com\/ro\/wp-json\/wp\/v2\/pages\/944086"}],"collection":[{"href":"https:\/\/www.etoro.com\/ro\/wp-json\/wp\/v2\/pages"}],"about":[{"href":"https:\/\/www.etoro.com\/ro\/wp-json\/wp\/v2\/types\/page"}],"author":[{"embeddable":true,"href":"https:\/\/www.etoro.com\/ro\/wp-json\/wp\/v2\/users\/39"}],"replies":[{"embeddable":true,"href":"https:\/\/www.etoro.com\/ro\/wp-json\/wp\/v2\/comments?post=944086"}],"version-history":[{"count":0,"href":"https:\/\/www.etoro.com\/ro\/wp-json\/wp\/v2\/pages\/944086\/revisions"}],"wp:attachment":[{"href":"https:\/\/www.etoro.com\/ro\/wp-json\/wp\/v2\/media?parent=944086"}],"wp:term":[{"taxonomy":"asset_type","embeddable":true,"href":"https:\/\/www.etoro.com\/ro\/wp-json\/wp\/v2\/asset_type?post=944086"}],"curies":[{"name":"wp","href":"https:\/\/api.w.org\/{rel}","templated":true}]}}