{"id":10579,"date":"2017-10-24T08:45:44","date_gmt":"2017-10-24T05:45:44","guid":{"rendered":"\/etoro\/community-guidelines\/"},"modified":"2025-07-10T16:11:56","modified_gmt":"2025-07-10T13:11:56","slug":"community-guidelines","status":"publish","type":"page","link":"https:\/\/www.etoro.com\/sv\/customer-service\/community-guidelines\/","title":{"rendered":"Riktlinjer f\u00f6r eToros community"},"content":{"rendered":"\n<section class=\"wp-block-group wp-block-group-boxed\"><div class=\"wp-block-group-inner is-layout-flow wp-block-group-is-layout-flow\">\n<div class=\"wp-block-columns are-vertically-aligned-top wp-block-columns-1 is-layout-flex wp-container-core-columns-is-layout-1 wp-block-columns-is-layout-flex\">\n<div class=\"wp-block-column is-layout-flow wp-block-column-is-layout-flow\">\n<h2 class=\"wp-block-heading\">Hur m\u00e4nniskor anv\u00e4nder eToro<\/h2>\n\n\n\n<p>eToro \u00e4r en digital investeringsplattform. P\u00e5 eToro finns miljontals anv\u00e4ndare fr\u00e5n hela v\u00e4rlden, som anv\u00e4nder plattformen f\u00f6r att f\u00f6rvalta sin ekonomi och investera. Men eToro \u00e4r ocks\u00e5 ett socialt n\u00e4tverk d\u00e4r anv\u00e4ndare kan utbyta tankar, id\u00e9er, strategier med mera. Liksom m\u00e5nga andra sociala n\u00e4tverk \u00e4r eToro ofta en plattform f\u00f6r debatt, d\u00e4r det f\u00f6r det mesta h\u00e5lls en lugn och artig ton.<\/p>\n\n\n\n<p>F\u00f6r kunder hos eToro AUS Capital Limited, v\u00e4nligen l\u00e4s och bekr\u00e4fta <a href=\"https:\/\/www.etoro.com\/wp-content\/uploads\/2021\/02\/eToro-ASIC-disclosure-wording-final.pdf\">Social Network Disclosure and Warning \u2013 eToro AUS Capital Pty Ltd<\/a> g\u00e4llande att g\u00f6ra inl\u00e4gg p\u00e5 eToros sociala n\u00e4tverk, framtaget i enlighet med ASIC Regulatory Guide 162 for Internet Discussion Sites, och g\u00e4ller i till\u00e4gg till eToro Community Guidelines ovan.<\/p>\n\n\n\n<h2 class=\"wp-block-heading\">D\u00e4rf\u00f6r har vi riktlinjer f\u00f6r v\u00e5r community<\/h2>\n\n\n\n<p>eToro \u00e4r f\u00f6rst och fr\u00e4mst en community f\u00f6r de som \u00e4lskar finans. eToro finns i dussintals l\u00e4nder runt om i v\u00e4rlden, st\u00f6der mer \u00e4n 20 spr\u00e5k och \u00e4r verkligen m\u00e5ngsidigt. Naturligtvis missbrukar vissa anv\u00e4ndare de sociala aspekterna av plattformen ibland. Vissa har skadliga avsikter, men oftast sker det f\u00f6r att anv\u00e4ndarna inte \u00e4r medvetna om att communityn har riktlinjer. Av denna anledning har vi skapat den h\u00e4r detaljerade guiden f\u00f6r att g\u00f6ra det m\u00f6jligt f\u00f6r eToro-anv\u00e4ndare att vara del av en sund och trevlig community.<\/p>\n\n\n\n<h2 class=\"wp-block-heading\">M\u00e5let med riktlinjerna<\/h2>\n\n\n\n<ul class=\"wp-block-list wp-block-list wp-block-list-circle\">\n<li><b>S\u00e4kerhet:<\/b> Vi str\u00e4var efter att garantera s\u00e4kerheten och v\u00e4lbefinnandet f\u00f6r alla eToro-anv\u00e4ndare. Att f\u00f6lja dessa riktlinjer s\u00e4kerst\u00e4ller detta.<\/li>\n\n\n\n<li><b>V\u00e4rdighet: <\/b>eToro \u00e4r en plats f\u00f6r m\u00e4nniskor, och alla m\u00e4nniskor f\u00f6rtj\u00e4nar att beh\u00e5lla sin v\u00e4rdighet. Genom att f\u00f6lja riktlinjerna kan vi se till att v\u00e5ra anv\u00e4ndares v\u00e4rdighet inte skadas.<\/li>\n<\/ul>\n\n\n\n<p><em><strong>Ansvarsfriskrivning<\/strong>: Observera att den engelska versionen av normerna f\u00f6r communityn \u00e5terspeglar den mest uppdaterade upplagan av riktlinjerna och b\u00f6r anv\u00e4ndas som huvuddokument.<\/em><\/p>\n\n\n\n<h2 class=\"wp-block-heading\">V\u00e5ld och uppvigling<\/h2>\n\n\n\n<p>eToro-anv\u00e4ndare ska aldrig agera v\u00e5ldsamt eller uppmuntra till v\u00e5ldsamt beteende, direkt eller indirekt. Detta inkluderar, men \u00e4r inte begr\u00e4nsat till: anv\u00e4ndning av kraftuttryck, svordomar, trollning, missbruk, bedr\u00e4geri eller uppvigling.<\/p>\n\n\n\n<h2 class=\"wp-block-heading\">Trollning<\/h2>\n\n\n\n<p>eToro-anv\u00e4ndare b\u00f6r aldrig avsiktligt uppmana till konflikt, provocera eller medvetet uppr\u00f6ra andra anv\u00e4ndare. Alla diskussioner b\u00f6r f\u00f6rbli artiga och sakliga.<\/p>\n\n\n\n<h2 class=\"wp-block-heading\">Bedr\u00e4geri och utge sig f\u00f6r att vara n\u00e5gon annan<\/h2>\n\n\n\n<p>Utge dig inte f\u00f6r att vara n\u00e5gon annan genom att anv\u00e4nda eToros logotyp eller andra varum\u00e4rken i din avatar eller dina inl\u00e4gg.<\/p>\n\n\n\n<h2 class=\"wp-block-heading\">Annonsering<\/h2>\n\n\n\n<p>Observera att anv\u00e4ndare \u00e4r ansvariga f\u00f6r all tredjepartsreklam i allt inneh\u00e5ll de delar. Till exempel f\u00e5r du inte publicera, dela eller visa n\u00e5got videoinneh\u00e5ll p\u00e5 v\u00e5r plattform som inkluderar reklam fr\u00e5n tredje part, s\u00e5som reklamfilmer eller sponsrad grafik, utan v\u00e5rt f\u00f6reg\u00e5ende samtycke.<\/p>\n\n\n\n<h2 class=\"wp-block-heading\">Taktik f\u00f6r otillb\u00f6rlig marknadsp\u00e5verkan<\/h2>\n\n\n\n<ul class=\"wp-block-list wp-block-list wp-block-list-circle\">\n<li>Falsk information: Publicera aldrig vilseledande information om ditt konto och\/eller dina handelskunskaper.<\/li>\n\n\n\n<li>Investeringsr\u00e5d: Erbjud aldrig n\u00e5gon direkt investeringsr\u00e5dgivning eller n\u00e5got som kan tolkas som investeringsr\u00e5dgivning. Uppmana aldrig till direkta \u00e5tg\u00e4rder (s\u00e5som \u201dinvestera i\u201d).<\/li>\n\n\n\n<li>Otillb\u00f6rlig marknadsp\u00e5verkan: Ge inte falska l\u00f6ften eller locka andra att handla\/investera och f\u00f6rs\u00f6k inte att skapa volatila marknadssituationer.<\/li>\n\n\n\n<li>Organisera inte eller utf\u00f6r samordnade strategier f\u00f6r att handla eller placera order vid vissa villkor och tider f\u00f6r att \u00e4ndra en aktiekurs eftersom detta r\u00e4knas som otillb\u00f6rlig marknadsp\u00e5verkan<\/li>\n\n\n\n<li>Anv\u00e4ndarmanipulation: Ge inte instruktioner om specifika aff\u00e4rer eller om hur man handlar.<\/li>\n\n\n\n<li>Falska nyheter: Dela\/sprid inte desinformation, information som inte g\u00e5r att kontrollera eller rykten.<\/li>\n\n\n\n<li>Spamma: Anv\u00e4nd inte metoder f\u00f6r att samverka och manipulera, undvik att \u00f6verf\u00f6ra desinformation f\u00f6r att st\u00f6ra finansmarknaderna och publicera inte samma information flera g\u00e5nger i olika inl\u00e4gg.<\/li>\n<\/ul>\n\n\n\n<h2 class=\"wp-block-heading\">Kontakta eToros kundtj\u00e4nst<\/h2>\n\n\n\n<p>Posta inte tekniska eller kontorelaterade fr\u00e5gor eller information i fl\u00f6det. Du kan n\u00e4r som helst kontakta kundtj\u00e4nst om du har n\u00e5gra fr\u00e5gor eller beh\u00f6ver hj\u00e4lp via chatt eller genom att <a href=\"https:\/\/www.etoro.com\/sv\/customer-service\/\">\u00f6ppna ett \u00e4rende<\/a>. Du kan ocks\u00e5 bes\u00f6ka <a href=\"https:\/\/help.etoro.com\/s\/?language=sv\">eToros hj\u00e4lpcenter<\/a>.<\/p>\n\n\n\n<h2 class=\"wp-block-heading\">Privata uppgifter<\/h2>\n\n\n\n<p>Dela aldrig din privata information i eToros nyhetsfl\u00f6de och uppmuntra aldrig andra att g\u00f6ra det.<\/p>\n\n\n\n<h2 class=\"wp-block-heading\">\u00c4mnen att undvika<\/h2>\n\n\n\n<p>Du b\u00f6r aldrig diskutera, n\u00e4mna eller dela n\u00e5got inneh\u00e5ll som r\u00f6r f\u00f6ljande:<\/p>\n\n\n\n<ul class=\"wp-block-list wp-block-list wp-block-list-circle\">\n<li>Sj\u00e4lvmord och sj\u00e4lvskadebeteende<\/li>\n\n\n\n<li>Sexuell exploatering av barn, \u00f6vergrepp och nakenhet<\/li>\n\n\n\n<li>Mobbning och trakasserier<\/li>\n\n\n\n<li>Plattformsmanipulation (anv\u00e4nda eToros plattform f\u00f6r att artificiellt f\u00f6rst\u00e4rka eller undertrycka information)<\/li>\n\n\n\n<li>Syntetisk och manipulerad media (bedr\u00e4gligt dela syntetiska eller manipulerade medier som sannolikt kan orsaka skada)<\/li>\n<\/ul>\n\n\n\n<h2 class=\"wp-block-heading\">Inte f\u00f6lja riktlinjerna f\u00f6r communityn<\/h2>\n\n\n\n<p>Inl\u00e4gg, kommentarer, avatarer och profiler som inte f\u00f6ljer ovan angivna riktlinjer kan redigeras eller raderas av eToro. \u00c5terkommande \u00f6vertr\u00e4delser av dessa riktlinjer leder till att din \u00e5tkomst begr\u00e4nsas eller blockeras. Om en medlem i eToro-teamet eller forumet uppt\u00e4cker att en specifik medlem g\u00f6r n\u00e5got av ovanst\u00e5ende, och vi finner att beteendet forts\u00e4tter, kommer detta ocks\u00e5 att vara sk\u00e4l f\u00f6r att ta bort inneh\u00e5ll eller begr\u00e4nsa \u00e5tkomst f\u00f6r den anv\u00e4ndaren. Om din \u00e5tkomst har begr\u00e4nsats och du \u00e4r os\u00e4ker p\u00e5 varf\u00f6r detta har h\u00e4nt, \u00e4r du v\u00e4lkommen att kontakta v\u00e5r <a href=\"https:\/\/www.etoro.com\/sv\/customer-service\/\">kundtj\u00e4nst<\/a>.<\/p>\n\n\n\n<h2 class=\"wp-block-heading\">Vad du \u00e4r v\u00e4lkommen att g\u00f6ra:<\/h2>\n\n\n\n<h3 class=\"wp-block-heading\">Var konstruktiv<\/h3>\n\n\n\n<p>Hos oss finns m\u00e5nga investerare fr\u00e5n olika \u00e5ldersgrupper, kulturer, livsstilar och med olika \u00e5sikter, men vi delar alla det gemensamma intresset att investera p\u00e5 marknaden. Var v\u00e4nlig och respektera andras id\u00e9er, kommentarer eller investeringar \u2013 \u00e4ven om de inte \u00f6verensst\u00e4mmer med dina egna \u00e5sikter. Du f\u00e5r g\u00e4rna dela dina tankar och komma med synpunkter, men var respektfull och trakassera inte andra.<\/p>\n\n\n\n<h3 class=\"wp-block-heading\">Uppmuntra diskussion<\/h3>\n\n\n\n<p>Vi uppmuntrar dig att diskutera och utmana id\u00e9er, strategier och marknadsh\u00e4ndelser n\u00e4r de intr\u00e4ffar.<\/p>\n\n\n\n<h3 class=\"wp-block-heading\">H\u00e5ll dig till \u00e4mnet<\/h3>\n\n\n\n<p>St\u00e4ll fr\u00e5gor om du \u00e4r os\u00e4ker p\u00e5 n\u00e5got, men h\u00e5ll diskussionerna p\u00e5 r\u00e4tt sp\u00e5r och se till att du publicerar information p\u00e5 r\u00e4tt plats. St\u00f6r inte andras konversationer och anv\u00e4nd inte marknadsfl\u00f6den f\u00f6r personliga eller irrelevanta inl\u00e4gg. Detta inkluderar att tagga marknadsfl\u00f6den i dina investeringsh\u00e4ndelser, anv\u00e4nda dem f\u00f6r att marknadsf\u00f6ra dina egna resultat (se Spamma) eller st\u00e4lla allm\u00e4nna fr\u00e5gor i diskussioner om andra \u00e4mnen.<\/p>\n\n\n\n<h3 class=\"wp-block-heading\">Var inte blyg om du precis b\u00f6rjat<\/h3>\n\n\n\n<p>St\u00e4ll fr\u00e5gor och h\u00f6r dig f\u00f6r om h\u00e4ndelser om du inte \u00e4r s\u00e4ker p\u00e5 vad de betyder eller vilket f\u00f6rv\u00e4ntat resultat alla f\u00f6ruts\u00e4ger och varf\u00f6r.<\/p>\n\n\n\n<h3 class=\"wp-block-heading\">\u00d6ka din portf\u00f6ljs exponering p\u00e5 communityn<\/h3>\n\n\n\n<p>Om du vill ha egna f\u00f6ljare p\u00e5 eToro f\u00e5r du g\u00e4rna anv\u00e4nda dessa tips:<\/p>\n\n\n\n<ul class=\"wp-block-list wp-block-list wp-block-list-circle\">\n<li>Ladda upp ett foto av dig sj\u00e4lv och g\u00f6r ditt namn synligt.<\/li>\n\n\n\n<li>eToro uppmuntrar ansvarsfull investering. Presentera dig sj\u00e4lv som en ansvarsfull investerare f\u00f6r dem som bes\u00f6ker din profil. Dela hur du t\u00e4nker och f\u00f6rklara dina aff\u00e4rer i ditt nyhetsfl\u00f6de. Detta bygger upp ditt rykte och ger v\u00e4rdefull information till potentiella kopierare.<\/li>\n\n\n\n<li>Delta i konversationer och hj\u00e4lp andra med deras fr\u00e5gor.<\/li>\n\n\n\n<li>Dela dina investeringar och inl\u00e4gg p\u00e5 Facebook och Twitter f\u00f6r att locka nya kopierare. Kontrollera vilka kampanjer som \u00e4r tillg\u00e4ngliga f\u00f6r olika regioner och dela dem med dina v\u00e4nner.<\/li>\n<\/ul>\n<\/div>\n<\/div>\n<\/div><\/section>\n","protected":false},"excerpt":{"rendered":"<p>Hur m\u00e4nniskor anv\u00e4nder eToro eToro \u00e4r en digital investeringsplattform. P\u00e5 eToro finns miljontals anv\u00e4ndare fr\u00e5n hela v\u00e4rlden, som anv\u00e4nder plattformen f\u00f6r att f\u00f6rvalta sin ekonomi och investera. Men eToro \u00e4r ocks\u00e5 ett socialt n\u00e4tverk d\u00e4r anv\u00e4ndare kan utbyta tankar, id\u00e9er, strategier med mera. Liksom m\u00e5nga andra sociala n\u00e4tverk \u00e4r eToro ofta en plattform f\u00f6r debatt,&hellip;<\/p>\n","protected":false},"author":1,"featured_media":813527,"parent":10612,"menu_order":1547,"comment_status":"closed","ping_status":"closed","template":"","meta":{"_acf_changed":false,"inline_featured_image":false,"sticky_cta_settings":"","footnotes":""},"asset_type":[],"class_list":["post-10579","page","type-page","status-publish","has-post-thumbnail","hentry"],"acf":[],"yoast_head":"<title>Riktlinjer f\u00f6r eToros sociala investeringscommunity<\/title>\n<meta name=\"description\" content=\"eToro bygger p\u00e5 ett n\u00e4tverk med \u00f6ver sex miljoner investerare. Riktlinjerna har skapats f\u00f6r att fr\u00e4mja av en god ton inom den sociala investeringscommunityn.\" \/>\n<meta name=\"robots\" content=\"index, follow, max-snippet:-1, max-image-preview:large, max-video-preview:-1\" \/>\n<link rel=\"canonical\" href=\"https:\/\/www.etoro.com\/sv\/wp-json\/wp\/v2\/pages\/10579\" \/>\n<meta property=\"og:locale\" content=\"sv_SE\" \/>\n<meta property=\"og:type\" content=\"article\" \/>\n<meta property=\"og:title\" content=\"Riktlinjer f\u00f6r eToros sociala investeringscommunity\" \/>\n<meta property=\"og:description\" content=\"eToro bygger p\u00e5 ett n\u00e4tverk med \u00f6ver sex miljoner investerare. Riktlinjerna har skapats f\u00f6r att fr\u00e4mja av en god ton inom den sociala investeringscommunityn.\" \/>\n<meta property=\"og:url\" content=\"https:\/\/www.etoro.com\/sv\/wp-json\/wp\/v2\/pages\/10579\" \/>\n<meta property=\"og:site_name\" content=\"eToro\" \/>\n<meta property=\"article:publisher\" content=\"https:\/\/www.facebook.com\/eToro\/\" \/>\n<meta property=\"article:modified_time\" content=\"2025-07-10T13:11:56+00:00\" \/>\n<meta property=\"og:image\" content=\"https:\/\/www.etoro.com\/wp-content\/uploads\/2023\/12\/eToro-Community-Guidelines_Featured-image-1200x630_Swedish-sv.png\" \/>\n\t<meta property=\"og:image:width\" content=\"1200\" \/>\n\t<meta property=\"og:image:height\" content=\"630\" \/>\n\t<meta property=\"og:image:type\" content=\"image\/png\" \/>\n<meta name=\"twitter:card\" content=\"summary_large_image\" \/>\n<meta name=\"twitter:site\" content=\"@eToro\" \/>\n<meta name=\"twitter:label1\" content=\"Est. reading time\" \/>\n\t<meta name=\"twitter:data1\" content=\"5 minutes\" \/>\n<script type=\"application\/ld+json\" class=\"yoast-schema-graph\">{\"@context\":\"https:\/\/schema.org\",\"@graph\":[{\"@type\":\"WebPage\",\"@id\":\"https:\/\/www.etoro.com\/sv\/customer-service\/community-guidelines\/\",\"url\":\"https:\/\/www.etoro.com\/sv\/customer-service\/community-guidelines\/\",\"name\":\"Riktlinjer f\u00f6r eToros sociala investeringscommunity\",\"isPartOf\":{\"@id\":\"https:\/\/www.etoro.com\/sv\/#website\"},\"primaryImageOfPage\":{\"@id\":\"https:\/\/www.etoro.com\/sv\/customer-service\/community-guidelines\/#primaryimage\"},\"image\":{\"@id\":\"https:\/\/www.etoro.com\/sv\/customer-service\/community-guidelines\/#primaryimage\"},\"thumbnailUrl\":\"https:\/\/www.etoro.com\/wp-content\/uploads\/2023\/12\/eToro-Community-Guidelines_Featured-image-1200x630_Swedish-sv.png\",\"datePublished\":\"2017-10-24T05:45:44+00:00\",\"dateModified\":\"2025-07-10T13:11:56+00:00\",\"description\":\"eToro bygger p\u00e5 ett n\u00e4tverk med \u00f6ver sex miljoner investerare. Riktlinjerna har skapats f\u00f6r att fr\u00e4mja av en god ton inom den sociala investeringscommunityn.\",\"breadcrumb\":{\"@id\":\"https:\/\/www.etoro.com\/sv\/customer-service\/community-guidelines\/#breadcrumb\"},\"inLanguage\":\"sv\",\"potentialAction\":[{\"@type\":\"ReadAction\",\"target\":[\"https:\/\/www.etoro.com\/sv\/customer-service\/community-guidelines\/\"]}]},{\"@type\":\"ImageObject\",\"inLanguage\":\"sv\",\"@id\":\"https:\/\/www.etoro.com\/sv\/customer-service\/community-guidelines\/#primaryimage\",\"url\":\"https:\/\/www.etoro.com\/wp-content\/uploads\/2023\/12\/eToro-Community-Guidelines_Featured-image-1200x630_Swedish-sv.png\",\"contentUrl\":\"https:\/\/www.etoro.com\/wp-content\/uploads\/2023\/12\/eToro-Community-Guidelines_Featured-image-1200x630_Swedish-sv.png\",\"width\":1200,\"height\":630,\"caption\":\"eToro Community Guidelines\"},{\"@type\":\"BreadcrumbList\",\"@id\":\"https:\/\/www.etoro.com\/sv\/customer-service\/community-guidelines\/#breadcrumb\",\"itemListElement\":[{\"@type\":\"ListItem\",\"position\":1,\"name\":\"Hem\",\"item\":\"https:\/\/www.etoro.com\/sv\/\"},{\"@type\":\"ListItem\",\"position\":2,\"name\":\"KUNDTJ\u00c4NST\",\"item\":\"https:\/\/www.etoro.com\/sv\/customer-service\/\"},{\"@type\":\"ListItem\",\"position\":3,\"name\":\"RIKTLINJER F\u00d6R V\u00c5R COMMUNITY\"}]},{\"@type\":\"WebSite\",\"@id\":\"https:\/\/www.etoro.com\/sv\/#website\",\"url\":\"https:\/\/www.etoro.com\/sv\/\",\"name\":\"eToro\",\"description\":\"\",\"publisher\":{\"@id\":\"https:\/\/www.etoro.com\/sv\/#organization\"},\"potentialAction\":[{\"@type\":\"SearchAction\",\"target\":{\"@type\":\"EntryPoint\",\"urlTemplate\":\"https:\/\/www.etoro.com\/sv\/?s={search_term_string}\"},\"query-input\":{\"@type\":\"PropertyValueSpecification\",\"valueRequired\":true,\"valueName\":\"search_term_string\"}}],\"inLanguage\":\"sv\"},[]]}<\/script>","yoast_head_json":{"title":"Riktlinjer f\u00f6r eToros sociala investeringscommunity","description":"eToro bygger p\u00e5 ett n\u00e4tverk med \u00f6ver sex miljoner investerare. Riktlinjerna har skapats f\u00f6r att fr\u00e4mja av en god ton inom den sociala investeringscommunityn.","robots":{"index":"index","follow":"follow","max-snippet":"max-snippet:-1","max-image-preview":"max-image-preview:large","max-video-preview":"max-video-preview:-1"},"canonical":"https:\/\/www.etoro.com\/sv\/wp-json\/wp\/v2\/pages\/10579","og_locale":"sv_SE","og_type":"article","og_title":"Riktlinjer f\u00f6r eToros sociala investeringscommunity","og_description":"eToro bygger p\u00e5 ett n\u00e4tverk med \u00f6ver sex miljoner investerare. Riktlinjerna har skapats f\u00f6r att fr\u00e4mja av en god ton inom den sociala investeringscommunityn.","og_url":"https:\/\/www.etoro.com\/sv\/wp-json\/wp\/v2\/pages\/10579","og_site_name":"eToro","article_publisher":"https:\/\/www.facebook.com\/eToro\/","article_modified_time":"2025-07-10T13:11:56+00:00","og_image":[{"width":1200,"height":630,"url":"https:\/\/www.etoro.com\/wp-content\/uploads\/2023\/12\/eToro-Community-Guidelines_Featured-image-1200x630_Swedish-sv.png","type":"image\/png"}],"twitter_card":"summary_large_image","twitter_site":"@eToro","twitter_misc":{"Est. reading time":"5 minutes"},"schema":{"@context":"https:\/\/schema.org","@graph":[{"@type":"WebPage","@id":"https:\/\/www.etoro.com\/sv\/customer-service\/community-guidelines\/","url":"https:\/\/www.etoro.com\/sv\/customer-service\/community-guidelines\/","name":"Riktlinjer f\u00f6r eToros sociala investeringscommunity","isPartOf":{"@id":"https:\/\/www.etoro.com\/sv\/#website"},"primaryImageOfPage":{"@id":"https:\/\/www.etoro.com\/sv\/customer-service\/community-guidelines\/#primaryimage"},"image":{"@id":"https:\/\/www.etoro.com\/sv\/customer-service\/community-guidelines\/#primaryimage"},"thumbnailUrl":"https:\/\/www.etoro.com\/wp-content\/uploads\/2023\/12\/eToro-Community-Guidelines_Featured-image-1200x630_Swedish-sv.png","datePublished":"2017-10-24T05:45:44+00:00","dateModified":"2025-07-10T13:11:56+00:00","description":"eToro bygger p\u00e5 ett n\u00e4tverk med \u00f6ver sex miljoner investerare. Riktlinjerna har skapats f\u00f6r att fr\u00e4mja av en god ton inom den sociala investeringscommunityn.","breadcrumb":{"@id":"https:\/\/www.etoro.com\/sv\/customer-service\/community-guidelines\/#breadcrumb"},"inLanguage":"sv","potentialAction":[{"@type":"ReadAction","target":["https:\/\/www.etoro.com\/sv\/customer-service\/community-guidelines\/"]}]},{"@type":"ImageObject","inLanguage":"sv","@id":"https:\/\/www.etoro.com\/sv\/customer-service\/community-guidelines\/#primaryimage","url":"https:\/\/www.etoro.com\/wp-content\/uploads\/2023\/12\/eToro-Community-Guidelines_Featured-image-1200x630_Swedish-sv.png","contentUrl":"https:\/\/www.etoro.com\/wp-content\/uploads\/2023\/12\/eToro-Community-Guidelines_Featured-image-1200x630_Swedish-sv.png","width":1200,"height":630,"caption":"eToro Community Guidelines"},{"@type":"BreadcrumbList","@id":"https:\/\/www.etoro.com\/sv\/customer-service\/community-guidelines\/#breadcrumb","itemListElement":[{"@type":"ListItem","position":1,"name":"Hem","item":"https:\/\/www.etoro.com\/sv\/"},{"@type":"ListItem","position":2,"name":"KUNDTJ\u00c4NST","item":"https:\/\/www.etoro.com\/sv\/customer-service\/"},{"@type":"ListItem","position":3,"name":"RIKTLINJER F\u00d6R V\u00c5R COMMUNITY"}]},{"@type":"WebSite","@id":"https:\/\/www.etoro.com\/sv\/#website","url":"https:\/\/www.etoro.com\/sv\/","name":"eToro","description":"","publisher":{"@id":"https:\/\/www.etoro.com\/sv\/#organization"},"potentialAction":[{"@type":"SearchAction","target":{"@type":"EntryPoint","urlTemplate":"https:\/\/www.etoro.com\/sv\/?s={search_term_string}"},"query-input":{"@type":"PropertyValueSpecification","valueRequired":true,"valueName":"search_term_string"}}],"inLanguage":"sv"},[]]}},"_links":{"self":[{"href":"https:\/\/www.etoro.com\/sv\/wp-json\/wp\/v2\/pages\/10579"}],"collection":[{"href":"https:\/\/www.etoro.com\/sv\/wp-json\/wp\/v2\/pages"}],"about":[{"href":"https:\/\/www.etoro.com\/sv\/wp-json\/wp\/v2\/types\/page"}],"author":[{"embeddable":true,"href":"https:\/\/www.etoro.com\/sv\/wp-json\/wp\/v2\/users\/1"}],"replies":[{"embeddable":true,"href":"https:\/\/www.etoro.com\/sv\/wp-json\/wp\/v2\/comments?post=10579"}],"version-history":[{"count":0,"href":"https:\/\/www.etoro.com\/sv\/wp-json\/wp\/v2\/pages\/10579\/revisions"}],"up":[{"embeddable":true,"href":"https:\/\/www.etoro.com\/sv\/wp-json\/wp\/v2\/pages\/10612"}],"wp:featuredmedia":[{"embeddable":true,"href":"https:\/\/www.etoro.com\/sv\/wp-json\/wp\/v2\/media\/813527"}],"wp:attachment":[{"href":"https:\/\/www.etoro.com\/sv\/wp-json\/wp\/v2\/media?parent=10579"}],"wp:term":[{"taxonomy":"asset_type","embeddable":true,"href":"https:\/\/www.etoro.com\/sv\/wp-json\/wp\/v2\/asset_type?post=10579"}],"curies":[{"name":"wp","href":"https:\/\/api.w.org\/{rel}","templated":true}]}}