{"id":10599,"date":"2017-10-02T16:44:09","date_gmt":"2017-10-02T13:44:09","guid":{"rendered":"\/etoro\/copy-mirror\/"},"modified":"2021-10-04T11:28:48","modified_gmt":"2021-10-04T08:28:48","slug":"copy-vs-mirror","status":"publish","type":"page","link":"https:\/\/www.etoro.com\/sv\/copytrader\/copy-vs-mirror\/","title":{"rendered":"Copy Trading revolutionerar konceptet Mirror Trading"},"content":{"rendered":"<p>Du har best\u00e4mt dig f\u00f6r att b\u00f6rja handla online. Du l\u00e4ser om flera plattformar och vet att du kan spegla aff\u00e4rer. Men vad s\u00e4gs om Copy Trading \u2013 en av de enklaste metoderna f\u00f6r onlinehandel. Har du funderat p\u00e5 att testa det?<\/p>\n<p>Den h\u00e4r sidan presenterar skillnaderna mellan dessa tv\u00e5 begrepp: Mirror Trading och eToros CopyTrading.<\/p>\n<h2>Vad \u00e4r Mirror Trading?<\/h2>\n<p>Mirror Trading har anv\u00e4nts p\u00e5 valutamarknaden sedan b\u00f6rjan av 2000-talet. Konceptet g\u00e5r i huvudsak ut p\u00e5 att kopiera n\u00e5gon annans aff\u00e4rer och det har blivit alltmer popul\u00e4rt bland mindre f\u00f6retag inom valutahandeln. Vad kan vara enklare \u00e4n att l\u00e5ta v\u00e4rldens b\u00e4sta handlare sk\u00f6ta dina aff\u00e4rer och helt automatisera din handelsupplevelse? Kunden beh\u00f6ver inte g\u00f6ra n\u00e5got eftersom plattformen styr all kontoaktivitet. Allt du beh\u00f6ver g\u00f6ra \u00e4r att logga in en g\u00e5ng i veckan f\u00f6r att se ditt kontosaldo.<\/p>\n<p>Vissa plattformar som erbjuder Mirror Trading uppn\u00e5r det genom att samla erfarna handlare fr\u00e5n olika delar av v\u00e4rlden. De ger dessa handlare gratis handelskonton, vilket g\u00f6r det m\u00f6jligt f\u00f6r plattformarna att visa imponerande resultat n\u00e4r de granskas eller testas. Parallellt forts\u00e4tter dessa spegelhandelsf\u00f6retag att visa upp dessa handlares resultat och uppdaterar dem regelbundet p\u00e5 webbplatserna.<\/p>\n<p>Dessa f\u00f6retag har avtal med flera m\u00e4klare inbyggda i sina program. F\u00f6retagen konfigurerar m\u00e5nga av m\u00e4klarnas konton till ett enda \u201dhuvudkonto\u201d som kontrolleras av f\u00f6retaget. De individuella kontona innehas av m\u00e4klaren och \u201dhuvudkontot\u201d hos f\u00f6retaget. F\u00f6retaget tilldelar huvudkontot till de handlarna som presterar b\u00e4st, vilket speglas i andra anslutna konton.<\/p>\n<p>N\u00e4r kunden v\u00e4ljer en handlare f\u00f6r att sk\u00f6ta kontot, uppmanas de att \u00f6ppna ett konto med den rekommenderade m\u00e4klaren f\u00f6r huvudkontot. N\u00e4r kontot har \u00f6ppnats konfigureras det automatiskt till den valda handlarens huvudkonto. Fr\u00e5n det \u00f6gonblicket kopieras\/speglas allt som handlaren g\u00f6r p\u00e5 sitt eget konto automatiskt p\u00e5 kundens konto. Kunden kan v\u00e4lja egna riskhanteringsparametrar, s\u00e5 enstaka motg\u00e5ngar eller handelsmisstag reflekteras inte n\u00f6dv\u00e4ndigtvis p\u00e5 kundens konto.<\/p>\n<p>Med tanke p\u00e5 vad du just har l\u00e4st ska vi se hur eToro har revolutionerat detta Mirror Trading-koncept och f\u00f6rvandlat det till social handel och d\u00e4rigenom f\u00f6renklat Mirror Trading.<\/p>\n<h2>Vad \u00e4r Copy Trading?<\/h2>\n<p>eToro har banat v\u00e4g f\u00f6r konceptet Copy Trading, vilket g\u00f6r det m\u00f6jligt f\u00f6r dig att automatiskt kopiera handlare som du v\u00e4ljer och kopiera vad de g\u00f6r p\u00e5 dina egna konton. Enkelt uttryckt \u00e4r det att handla p\u00e5 finansmarknaderna genom att l\u00e5ta andra m\u00e4nniskor runt om i v\u00e4rlden g\u00f6ra aff\u00e4rerna \u00e5t dig.<\/p>\n<p>L\u00e5t oss nu ta en titt p\u00e5 eToros sociala funktioner som har revolutionerat onlinehandeln. I fl\u00f6det p\u00e5 eToros <a href=\"https:\/\/www.etoro.com\/sv\/trading\/platforms\/\" target=\"_blank\" rel=\"noopener noreferrer\">handelsplattform<\/a> kan du se de grundl\u00e4ggande komponenterna som utg\u00f6r social handel, bland annat: Se vad andra handlare g\u00f6r i realtid, f\u00f6lja de som presterar b\u00e4st och kopiera de handlare du vill.<\/p>\n<p>N\u00e4r du loggar in p\u00e5 eToro m\u00e4rker du omedelbart att handelsplattformen inte ser ut som n\u00e5gon annan i branschen idag. Komplicerade diagram presenteras p\u00e5 ett anv\u00e4ndarv\u00e4nligt s\u00e4tt och delar av plattformen ser mer ut som ett socialt n\u00e4tverk \u00e4n en handelsplattform. Endast p\u00e5 eToro kan du f\u00f6lja andra handlare och se deras senaste aktivitet p\u00e5 din bevakningslista \u2013 ett handelsfl\u00f6de i realtid med de personer och tillg\u00e5ngar du v\u00e4ljer att f\u00f6lja.<\/p>\n<p>En annan anv\u00e4ndbar funktion \u00e4r copy trading (baserat p\u00e5 eToros patenterade CopyTrader\u2122-teknik). Med det h\u00e4r verktyget kan du automatiskt kopiera framg\u00e5ngsrika handlare och \u00f6ppna samma positioner som de g\u00f6r. Du bygger din egen personbaserade portf\u00f6lj. Denna funktion \u00e4r en bra l\u00f6sning f\u00f6r personer som vill handla, men har helt enkelt inte tid eller h\u00e4ngivenhet att b\u00f6rja studera ekonomi. Du kan bara kopiera dina favorithandlare och dra nytta av deras kunskaper och erfarenhet.<\/p>\n<h2>S\u00e5 h\u00e4r b\u00f6rjar du med Copy Trading<\/h2>\n<p>Vi rekommenderar att du f\u00f6rst tar en titt p\u00e5 Popular Investors i avsnittet Editor\u2019s Choice. De handlare som visas d\u00e4r \u00e4r de som har bibeh\u00e5llit en l\u00e5g riskpo\u00e4ng och uppvisat vinster under de senaste m\u00e5naderna. Du kan ocks\u00e5 anv\u00e4nda verktyget People Discovery f\u00f6r att hitta fler handlare att kopiera.<\/p>\n<p>S\u00f6kresultat kan filtreras efter vinst, riskpo\u00e4ng, ursprungsland och andra faktorer. Om du ser n\u00e5gon du vill kopiera klickar du p\u00e5 handlarens profil och kan omedelbart se personens senaste statistik, biografi, handelsstrategi och annan anv\u00e4ndbar statistik. Om du best\u00e4mmer att det h\u00e4r \u00e4r den handlare som du vill kopiera klickar du p\u00e5 \u201dKopiera\u201d och best\u00e4mmer hur mycket av det totala kapitalet p\u00e5 ditt konto som du vill tilldela. Alla utf\u00f6randen g\u00f6rs proportionellt, vilket inneb\u00e4r att om du tilldelar 1 000 dollar f\u00f6r att kopiera en handlare som har ett handelskonto med 10 000 dollar och den handlaren \u00f6ppnar en position p\u00e5 1 000 dollar, s\u00e5 skapas en kopierad position p\u00e5 100 dollar p\u00e5 ditt konto. Detta g\u00f6r att du kan kopiera b\u00e5de positionens riktning och den investeringsstrategi som handlaren anv\u00e4nder. Kom ih\u00e5g att en av de viktigaste sakerna du beh\u00f6ver veta \u00e4r att p\u00e5 ett klokt s\u00e4tt diversifiera dina investeringar och risker \u00f6ver ett brett spektrum. Med copy trading \u00e4r dina investeringar i sig riskdiversifierade, s\u00e5 l\u00e4nge som den kopierade handlaren hanterar sin risk p\u00e5 samma s\u00e4tt. Vi uppmuntrar v\u00e5ra kunder att hantera sina risker som en del av v\u00e5r policy f\u00f6r <a href=\"https:\/\/www.etoro.com\/sv\/customer-service\/responsible-trading\/\">ansvarsfull handel<\/a>.<\/p>\n<p>Under \u00e5ren har vi sett hur CopyTrader och Copy Trading revolutionerat hur m\u00e4nniskor handlar och investerar. Om du inte har ett eToro-konto kan du prova Copy Trading gratis med ett virtuellt handelskonto med 100 000 dollar.<\/p>\n","protected":false},"excerpt":{"rendered":"<p>Du har best\u00e4mt dig f\u00f6r att b\u00f6rja handla online. Du l\u00e4ser om flera plattformar och vet att du kan spegla aff\u00e4rer. Men vad s\u00e4gs om Copy Trading \u2013 en av de enklaste metoderna f\u00f6r onlinehandel. Har du funderat p\u00e5 att testa det? Den h\u00e4r sidan presenterar skillnaderna mellan dessa tv\u00e5 begrepp: Mirror Trading och eToros&hellip;<\/p>\n","protected":false},"author":1,"featured_media":0,"parent":34710,"menu_order":1626,"comment_status":"closed","ping_status":"closed","template":"","meta":{"_acf_changed":false,"inline_featured_image":false,"sticky_cta_settings":"","footnotes":""},"asset_type":[],"class_list":["post-10599","page","type-page","status-publish","hentry"],"acf":[],"yoast_head":"<title>eToros CopyTrading \u00e5teruppfinner spegelhandel<\/title>\n<meta name=\"description\" content=\"CopyTrading f\u00f6rb\u00e4ttrar konceptet med spegelhandel och l\u00e5ter dig kopiera n\u00e4stan vem som helst p\u00e5 plattformen.\" \/>\n<meta name=\"robots\" content=\"index, follow, max-snippet:-1, max-image-preview:large, max-video-preview:-1\" \/>\n<link rel=\"canonical\" href=\"https:\/\/www.etoro.com\/sv\/wp-json\/wp\/v2\/pages\/10599\" \/>\n<meta property=\"og:locale\" content=\"sv_SE\" \/>\n<meta property=\"og:type\" content=\"article\" \/>\n<meta property=\"og:title\" content=\"eToros CopyTrading \u00e5teruppfinner spegelhandel\" \/>\n<meta property=\"og:description\" content=\"CopyTrading f\u00f6rb\u00e4ttrar konceptet med spegelhandel och l\u00e5ter dig kopiera n\u00e4stan vem som helst p\u00e5 plattformen.\" \/>\n<meta property=\"og:url\" content=\"https:\/\/www.etoro.com\/sv\/wp-json\/wp\/v2\/pages\/10599\" \/>\n<meta property=\"og:site_name\" content=\"eToro\" \/>\n<meta property=\"article:publisher\" content=\"https:\/\/www.facebook.com\/eToro\/\" \/>\n<meta property=\"article:modified_time\" content=\"2021-10-04T08:28:48+00:00\" \/>\n<meta property=\"og:image\" content=\"https:\/\/www.etoro.com\/wp-content\/uploads\/2019\/12\/etoro_logo_social_share1.png\" \/>\n\t<meta property=\"og:image:width\" content=\"240\" \/>\n\t<meta property=\"og:image:height\" content=\"240\" \/>\n\t<meta property=\"og:image:type\" content=\"image\/png\" \/>\n<meta name=\"twitter:card\" content=\"summary_large_image\" \/>\n<meta name=\"twitter:site\" content=\"@eToro\" \/>\n<meta name=\"twitter:label1\" content=\"Est. reading time\" \/>\n\t<meta name=\"twitter:data1\" content=\"5 minutes\" \/>\n<script type=\"application\/ld+json\" class=\"yoast-schema-graph\">{\"@context\":\"https:\/\/schema.org\",\"@graph\":[{\"@type\":\"WebPage\",\"@id\":\"https:\/\/www.etoro.com\/sv\/copytrader\/copy-vs-mirror\/\",\"url\":\"https:\/\/www.etoro.com\/sv\/copytrader\/copy-vs-mirror\/\",\"name\":\"eToros CopyTrading \u00e5teruppfinner spegelhandel\",\"isPartOf\":{\"@id\":\"https:\/\/www.etoro.com\/sv\/#website\"},\"datePublished\":\"2017-10-02T13:44:09+00:00\",\"dateModified\":\"2021-10-04T08:28:48+00:00\",\"description\":\"CopyTrading f\u00f6rb\u00e4ttrar konceptet med spegelhandel och l\u00e5ter dig kopiera n\u00e4stan vem som helst p\u00e5 plattformen.\",\"breadcrumb\":{\"@id\":\"https:\/\/www.etoro.com\/sv\/copytrader\/copy-vs-mirror\/#breadcrumb\"},\"inLanguage\":\"sv\",\"potentialAction\":[{\"@type\":\"ReadAction\",\"target\":[\"https:\/\/www.etoro.com\/sv\/copytrader\/copy-vs-mirror\/\"]}]},{\"@type\":\"BreadcrumbList\",\"@id\":\"https:\/\/www.etoro.com\/sv\/copytrader\/copy-vs-mirror\/#breadcrumb\",\"itemListElement\":[{\"@type\":\"ListItem\",\"position\":1,\"name\":\"Hem\",\"item\":\"https:\/\/www.etoro.com\/sv\/\"},{\"@type\":\"ListItem\",\"position\":2,\"name\":\"CopyTrader\",\"item\":\"https:\/\/www.etoro.com\/sv\/copytrader\/\"},{\"@type\":\"ListItem\",\"position\":3,\"name\":\"KOPIERING OCH SPEGLING\"}]},{\"@type\":\"WebSite\",\"@id\":\"https:\/\/www.etoro.com\/sv\/#website\",\"url\":\"https:\/\/www.etoro.com\/sv\/\",\"name\":\"eToro\",\"description\":\"\",\"publisher\":{\"@id\":\"https:\/\/www.etoro.com\/sv\/#organization\"},\"potentialAction\":[{\"@type\":\"SearchAction\",\"target\":{\"@type\":\"EntryPoint\",\"urlTemplate\":\"https:\/\/www.etoro.com\/sv\/?s={search_term_string}\"},\"query-input\":{\"@type\":\"PropertyValueSpecification\",\"valueRequired\":true,\"valueName\":\"search_term_string\"}}],\"inLanguage\":\"sv\"},[]]}<\/script>","yoast_head_json":{"title":"eToros CopyTrading \u00e5teruppfinner spegelhandel","description":"CopyTrading f\u00f6rb\u00e4ttrar konceptet med spegelhandel och l\u00e5ter dig kopiera n\u00e4stan vem som helst p\u00e5 plattformen.","robots":{"index":"index","follow":"follow","max-snippet":"max-snippet:-1","max-image-preview":"max-image-preview:large","max-video-preview":"max-video-preview:-1"},"canonical":"https:\/\/www.etoro.com\/sv\/wp-json\/wp\/v2\/pages\/10599","og_locale":"sv_SE","og_type":"article","og_title":"eToros CopyTrading \u00e5teruppfinner spegelhandel","og_description":"CopyTrading f\u00f6rb\u00e4ttrar konceptet med spegelhandel och l\u00e5ter dig kopiera n\u00e4stan vem som helst p\u00e5 plattformen.","og_url":"https:\/\/www.etoro.com\/sv\/wp-json\/wp\/v2\/pages\/10599","og_site_name":"eToro","article_publisher":"https:\/\/www.facebook.com\/eToro\/","article_modified_time":"2021-10-04T08:28:48+00:00","og_image":[{"width":240,"height":240,"url":"https:\/\/www.etoro.com\/wp-content\/uploads\/2019\/12\/etoro_logo_social_share1.png","type":"image\/png"}],"twitter_card":"summary_large_image","twitter_site":"@eToro","twitter_misc":{"Est. reading time":"5 minutes"},"schema":{"@context":"https:\/\/schema.org","@graph":[{"@type":"WebPage","@id":"https:\/\/www.etoro.com\/sv\/copytrader\/copy-vs-mirror\/","url":"https:\/\/www.etoro.com\/sv\/copytrader\/copy-vs-mirror\/","name":"eToros CopyTrading \u00e5teruppfinner spegelhandel","isPartOf":{"@id":"https:\/\/www.etoro.com\/sv\/#website"},"datePublished":"2017-10-02T13:44:09+00:00","dateModified":"2021-10-04T08:28:48+00:00","description":"CopyTrading f\u00f6rb\u00e4ttrar konceptet med spegelhandel och l\u00e5ter dig kopiera n\u00e4stan vem som helst p\u00e5 plattformen.","breadcrumb":{"@id":"https:\/\/www.etoro.com\/sv\/copytrader\/copy-vs-mirror\/#breadcrumb"},"inLanguage":"sv","potentialAction":[{"@type":"ReadAction","target":["https:\/\/www.etoro.com\/sv\/copytrader\/copy-vs-mirror\/"]}]},{"@type":"BreadcrumbList","@id":"https:\/\/www.etoro.com\/sv\/copytrader\/copy-vs-mirror\/#breadcrumb","itemListElement":[{"@type":"ListItem","position":1,"name":"Hem","item":"https:\/\/www.etoro.com\/sv\/"},{"@type":"ListItem","position":2,"name":"CopyTrader","item":"https:\/\/www.etoro.com\/sv\/copytrader\/"},{"@type":"ListItem","position":3,"name":"KOPIERING OCH SPEGLING"}]},{"@type":"WebSite","@id":"https:\/\/www.etoro.com\/sv\/#website","url":"https:\/\/www.etoro.com\/sv\/","name":"eToro","description":"","publisher":{"@id":"https:\/\/www.etoro.com\/sv\/#organization"},"potentialAction":[{"@type":"SearchAction","target":{"@type":"EntryPoint","urlTemplate":"https:\/\/www.etoro.com\/sv\/?s={search_term_string}"},"query-input":{"@type":"PropertyValueSpecification","valueRequired":true,"valueName":"search_term_string"}}],"inLanguage":"sv"},[]]}},"_links":{"self":[{"href":"https:\/\/www.etoro.com\/sv\/wp-json\/wp\/v2\/pages\/10599"}],"collection":[{"href":"https:\/\/www.etoro.com\/sv\/wp-json\/wp\/v2\/pages"}],"about":[{"href":"https:\/\/www.etoro.com\/sv\/wp-json\/wp\/v2\/types\/page"}],"author":[{"embeddable":true,"href":"https:\/\/www.etoro.com\/sv\/wp-json\/wp\/v2\/users\/1"}],"replies":[{"embeddable":true,"href":"https:\/\/www.etoro.com\/sv\/wp-json\/wp\/v2\/comments?post=10599"}],"version-history":[{"count":0,"href":"https:\/\/www.etoro.com\/sv\/wp-json\/wp\/v2\/pages\/10599\/revisions"}],"up":[{"embeddable":true,"href":"https:\/\/www.etoro.com\/sv\/wp-json\/wp\/v2\/pages\/34710"}],"wp:attachment":[{"href":"https:\/\/www.etoro.com\/sv\/wp-json\/wp\/v2\/media?parent=10599"}],"wp:term":[{"taxonomy":"asset_type","embeddable":true,"href":"https:\/\/www.etoro.com\/sv\/wp-json\/wp\/v2\/asset_type?post=10599"}],"curies":[{"name":"wp","href":"https:\/\/api.w.org\/{rel}","templated":true}]}}