{"id":10612,"date":"2017-08-30T15:15:26","date_gmt":"2017-08-30T12:15:26","guid":{"rendered":"\/etoro\/customer-service\/"},"modified":"2018-11-26T16:28:37","modified_gmt":"2018-11-26T14:28:37","slug":"customer-service","status":"publish","type":"page","link":"https:\/\/www.etoro.com\/sv\/customer-service\/","title":{"rendered":"Kundtj\u00e4nst"},"content":{"rendered":"<h1>Kundtj\u00e4nstcenter<\/h1>\n<p>V\u00e4lkommen till v\u00e5rt kundtj\u00e4nstcenter d\u00e4r du kan f\u00f6lja utvecklingen av dina \u00f6ppna \u00e4renden, h\u00e5lla register \u00f6ver avslutade \u00e4renden, s\u00f6ka efter svar p\u00e5 dina fr\u00e5gor i kunskapsbasen och skicka fr\u00e5gor och feedback direkt till v\u00e5rt team.<\/p>\n","protected":false},"excerpt":{"rendered":"<p>Kundtj\u00e4nstcenter V\u00e4lkommen till v\u00e5rt kundtj\u00e4nstcenter d\u00e4r du kan f\u00f6lja utvecklingen av dina \u00f6ppna \u00e4renden, h\u00e5lla register \u00f6ver avslutade \u00e4renden, s\u00f6ka efter svar p\u00e5 dina fr\u00e5gor i kunskapsbasen och skicka fr\u00e5gor och feedback direkt till v\u00e5rt team.<\/p>\n","protected":false},"author":1,"featured_media":0,"parent":0,"menu_order":1754,"comment_status":"closed","ping_status":"closed","template":"template-support.php","meta":{"_acf_changed":false,"inline_featured_image":false,"sticky_cta_settings":"","footnotes":""},"asset_type":[],"class_list":["post-10612","page","type-page","status-publish","hentry"],"acf":[],"yoast_head":"<title>Kundtj\u00e4nst | eToro<\/title>\n<meta name=\"description\" content=\"Har du en fr\u00e5ga eller beh\u00f6ver hj\u00e4lp med eToro-plattformen? P\u00e5 den h\u00e4r sidan hittar du s\u00e4tt att kontakta kundtj\u00e4nst, som g\u00e4rna hj\u00e4lper dig.\" \/>\n<meta name=\"robots\" content=\"index, follow, max-snippet:-1, max-image-preview:large, max-video-preview:-1\" \/>\n<link rel=\"canonical\" href=\"https:\/\/www.etoro.com\/sv\/wp-json\/wp\/v2\/pages\/10612\" \/>\n<meta property=\"og:locale\" content=\"sv_SE\" \/>\n<meta property=\"og:type\" content=\"article\" \/>\n<meta property=\"og:title\" content=\"Kundtj\u00e4nst | eToro\" \/>\n<meta property=\"og:description\" content=\"Har du en fr\u00e5ga eller beh\u00f6ver hj\u00e4lp med eToro-plattformen? P\u00e5 den h\u00e4r sidan hittar du s\u00e4tt att kontakta kundtj\u00e4nst, som g\u00e4rna hj\u00e4lper dig.\" \/>\n<meta property=\"og:url\" content=\"https:\/\/www.etoro.com\/sv\/wp-json\/wp\/v2\/pages\/10612\" \/>\n<meta property=\"og:site_name\" content=\"eToro\" \/>\n<meta property=\"article:publisher\" content=\"https:\/\/www.facebook.com\/eToro\/\" \/>\n<meta property=\"article:modified_time\" content=\"2018-11-26T14:28:37+00:00\" \/>\n<meta property=\"og:image\" content=\"https:\/\/www.etoro.com\/wp-content\/uploads\/2019\/12\/etoro_logo_social_share1.png\" \/>\n\t<meta property=\"og:image:width\" content=\"240\" \/>\n\t<meta property=\"og:image:height\" content=\"240\" \/>\n\t<meta property=\"og:image:type\" content=\"image\/png\" \/>\n<meta name=\"twitter:card\" content=\"summary_large_image\" \/>\n<meta name=\"twitter:site\" content=\"@eToro\" \/>\n<script type=\"application\/ld+json\" class=\"yoast-schema-graph\">{\"@context\":\"https:\/\/schema.org\",\"@graph\":[{\"@type\":\"WebPage\",\"@id\":\"https:\/\/www.etoro.com\/sv\/customer-service\/\",\"url\":\"https:\/\/www.etoro.com\/sv\/customer-service\/\",\"name\":\"Kundtj\u00e4nst | eToro\",\"isPartOf\":{\"@id\":\"https:\/\/www.etoro.com\/sv\/#website\"},\"datePublished\":\"2017-08-30T12:15:26+00:00\",\"dateModified\":\"2018-11-26T14:28:37+00:00\",\"description\":\"Har du en fr\u00e5ga eller beh\u00f6ver hj\u00e4lp med eToro-plattformen? P\u00e5 den h\u00e4r sidan hittar du s\u00e4tt att kontakta kundtj\u00e4nst, som g\u00e4rna hj\u00e4lper dig.\",\"breadcrumb\":{\"@id\":\"https:\/\/www.etoro.com\/sv\/customer-service\/#breadcrumb\"},\"inLanguage\":\"sv\",\"potentialAction\":[{\"@type\":\"ReadAction\",\"target\":[\"https:\/\/www.etoro.com\/sv\/customer-service\/\"]}]},{\"@type\":\"BreadcrumbList\",\"@id\":\"https:\/\/www.etoro.com\/sv\/customer-service\/#breadcrumb\",\"itemListElement\":[{\"@type\":\"ListItem\",\"position\":1,\"name\":\"Hem\",\"item\":\"https:\/\/www.etoro.com\/sv\/\"},{\"@type\":\"ListItem\",\"position\":2,\"name\":\"KUNDTJ\u00c4NST\"}]},{\"@type\":\"WebSite\",\"@id\":\"https:\/\/www.etoro.com\/sv\/#website\",\"url\":\"https:\/\/www.etoro.com\/sv\/\",\"name\":\"eToro\",\"description\":\"\",\"publisher\":{\"@id\":\"https:\/\/www.etoro.com\/sv\/#organization\"},\"potentialAction\":[{\"@type\":\"SearchAction\",\"target\":{\"@type\":\"EntryPoint\",\"urlTemplate\":\"https:\/\/www.etoro.com\/sv\/?s={search_term_string}\"},\"query-input\":{\"@type\":\"PropertyValueSpecification\",\"valueRequired\":true,\"valueName\":\"search_term_string\"}}],\"inLanguage\":\"sv\"},[]]}<\/script>","yoast_head_json":{"title":"Kundtj\u00e4nst | eToro","description":"Har du en fr\u00e5ga eller beh\u00f6ver hj\u00e4lp med eToro-plattformen? P\u00e5 den h\u00e4r sidan hittar du s\u00e4tt att kontakta kundtj\u00e4nst, som g\u00e4rna hj\u00e4lper dig.","robots":{"index":"index","follow":"follow","max-snippet":"max-snippet:-1","max-image-preview":"max-image-preview:large","max-video-preview":"max-video-preview:-1"},"canonical":"https:\/\/www.etoro.com\/sv\/wp-json\/wp\/v2\/pages\/10612","og_locale":"sv_SE","og_type":"article","og_title":"Kundtj\u00e4nst | eToro","og_description":"Har du en fr\u00e5ga eller beh\u00f6ver hj\u00e4lp med eToro-plattformen? P\u00e5 den h\u00e4r sidan hittar du s\u00e4tt att kontakta kundtj\u00e4nst, som g\u00e4rna hj\u00e4lper dig.","og_url":"https:\/\/www.etoro.com\/sv\/wp-json\/wp\/v2\/pages\/10612","og_site_name":"eToro","article_publisher":"https:\/\/www.facebook.com\/eToro\/","article_modified_time":"2018-11-26T14:28:37+00:00","og_image":[{"width":240,"height":240,"url":"https:\/\/www.etoro.com\/wp-content\/uploads\/2019\/12\/etoro_logo_social_share1.png","type":"image\/png"}],"twitter_card":"summary_large_image","twitter_site":"@eToro","schema":{"@context":"https:\/\/schema.org","@graph":[{"@type":"WebPage","@id":"https:\/\/www.etoro.com\/sv\/customer-service\/","url":"https:\/\/www.etoro.com\/sv\/customer-service\/","name":"Kundtj\u00e4nst | eToro","isPartOf":{"@id":"https:\/\/www.etoro.com\/sv\/#website"},"datePublished":"2017-08-30T12:15:26+00:00","dateModified":"2018-11-26T14:28:37+00:00","description":"Har du en fr\u00e5ga eller beh\u00f6ver hj\u00e4lp med eToro-plattformen? P\u00e5 den h\u00e4r sidan hittar du s\u00e4tt att kontakta kundtj\u00e4nst, som g\u00e4rna hj\u00e4lper dig.","breadcrumb":{"@id":"https:\/\/www.etoro.com\/sv\/customer-service\/#breadcrumb"},"inLanguage":"sv","potentialAction":[{"@type":"ReadAction","target":["https:\/\/www.etoro.com\/sv\/customer-service\/"]}]},{"@type":"BreadcrumbList","@id":"https:\/\/www.etoro.com\/sv\/customer-service\/#breadcrumb","itemListElement":[{"@type":"ListItem","position":1,"name":"Hem","item":"https:\/\/www.etoro.com\/sv\/"},{"@type":"ListItem","position":2,"name":"KUNDTJ\u00c4NST"}]},{"@type":"WebSite","@id":"https:\/\/www.etoro.com\/sv\/#website","url":"https:\/\/www.etoro.com\/sv\/","name":"eToro","description":"","publisher":{"@id":"https:\/\/www.etoro.com\/sv\/#organization"},"potentialAction":[{"@type":"SearchAction","target":{"@type":"EntryPoint","urlTemplate":"https:\/\/www.etoro.com\/sv\/?s={search_term_string}"},"query-input":{"@type":"PropertyValueSpecification","valueRequired":true,"valueName":"search_term_string"}}],"inLanguage":"sv"},[]]}},"_links":{"self":[{"href":"https:\/\/www.etoro.com\/sv\/wp-json\/wp\/v2\/pages\/10612"}],"collection":[{"href":"https:\/\/www.etoro.com\/sv\/wp-json\/wp\/v2\/pages"}],"about":[{"href":"https:\/\/www.etoro.com\/sv\/wp-json\/wp\/v2\/types\/page"}],"author":[{"embeddable":true,"href":"https:\/\/www.etoro.com\/sv\/wp-json\/wp\/v2\/users\/1"}],"replies":[{"embeddable":true,"href":"https:\/\/www.etoro.com\/sv\/wp-json\/wp\/v2\/comments?post=10612"}],"version-history":[{"count":0,"href":"https:\/\/www.etoro.com\/sv\/wp-json\/wp\/v2\/pages\/10612\/revisions"}],"wp:attachment":[{"href":"https:\/\/www.etoro.com\/sv\/wp-json\/wp\/v2\/media?parent=10612"}],"wp:term":[{"taxonomy":"asset_type","embeddable":true,"href":"https:\/\/www.etoro.com\/sv\/wp-json\/wp\/v2\/asset_type?post=10612"}],"curies":[{"name":"wp","href":"https:\/\/api.w.org\/{rel}","templated":true}]}}