{"id":10626,"date":"2017-11-14T09:35:22","date_gmt":"2017-11-14T07:35:22","guid":{"rendered":"\/etoro\/how-it-works\/"},"modified":"2025-12-01T16:45:04","modified_gmt":"2025-12-01T14:45:04","slug":"how-it-works","status":"publish","type":"page","link":"https:\/\/www.etoro.com\/sv\/copytrader\/how-it-works\/","title":{"rendered":"Information om eToros kopieringssystem"},"content":{"rendered":"\n<section class=\"wp-block-group wp-block-group-boxed has-white-background-color has-background\"><div class=\"wp-block-group-inner is-layout-flow wp-block-group-is-layout-flow\">\n<div class=\"wp-block-columns are-vertically-aligned-top wp-block-columns-1 is-layout-flex wp-container-core-columns-is-layout-2 wp-block-columns-is-layout-flex\">\n<div class=\"wp-block-column is-layout-flow wp-block-column-is-layout-flow\">\n<p>eToro-plattformen utm\u00e4rker sig f\u00f6r sina sociala handelsfunktioner och erbjuder innovativa s\u00e4tt att investera genom att l\u00e4ra av andra. Uppt\u00e4ck hur <strong>CopyTrader\u2122<\/strong> kan hj\u00e4lpa dig att utforska nya strategier och ut\u00f6ka din handelspotential.<\/p>\n\n\n\n<h2 class=\"wp-block-heading\">Grunderna om Copy Trading<\/h2>\n\n\n\n<p>Konceptet \u00e4r enkelt: v\u00e4lj en handlare och ditt \u00f6nskade investeringsbelopp och tryck p\u00e5 &#8220;Kopiera&#8221;. P\u00e5 den h\u00e4r sidan f\u00f6rklaras d\u00e4remot systemet mer i detalj.&nbsp;<\/p>\n\n\n\n<p><strong>Viktiga begrepp att k\u00e4nna till:<\/strong><\/p>\n\n\n\n<ul class=\"wp-block-list wp-block-list wp-block-list-circle\">\n<li><strong>Kopiera<\/strong>: \u00e5tg\u00e4rden att kopiera en annan investerare p\u00e5 eToro<\/li>\n\n\n\n<li><strong>Kopierare<\/strong>: Anv\u00e4ndaren som kopierar en annan\u00a0<\/li>\n<\/ul>\n\n\n\n<p><strong>Kopierad handlare<\/strong>: Anv\u00e4ndaren som kopieras, \u00e4ven k\u00e4nd som en Popular Investor. <strong>Endast Popular Investors kan kopieras.<\/strong><\/p>\n\n\n\n<div class=\"wp-block-columns are-vertically-aligned-top wp-block-columns-4 is-layout-flex wp-container-core-columns-is-layout-1 wp-block-columns-is-layout-flex\">\n<div class=\"wp-block-column wp-block-column-align-desktop-center wp-block-column-align-mobile-center is-layout-flow wp-block-column-is-layout-flow\">\n<p><strong>200 USD<\/strong><\/p>\n\n\n\n<p>Minsta investering per kopierad handlare<\/p>\n<\/div>\n\n\n\n<div class=\"wp-block-column wp-block-column-align-desktop-center wp-block-column-align-mobile-center is-layout-flow wp-block-column-is-layout-flow\">\n<p><strong>1 USD<\/strong><\/p>\n\n\n\n<p>Minsta belopp per kopierad position<\/p>\n<\/div>\n\n\n\n<div class=\"wp-block-column wp-block-column-align-desktop-center wp-block-column-align-mobile-center is-layout-flow wp-block-column-is-layout-flow\">\n<p><strong>2 000 000 USD<\/strong><\/p>\n\n\n\n<p>H\u00f6gsta investering per kopierad handlare<\/p>\n<\/div>\n\n\n\n<div class=\"wp-block-column wp-block-column-align-desktop-center wp-block-column-align-mobile-center is-layout-flow wp-block-column-is-layout-flow\">\n<p><strong>100<\/strong><\/p>\n\n\n\n<p>Maximalt antal handlare du kan kopiera<\/p>\n<\/div>\n<\/div>\n\n\n\n<h2 class=\"wp-block-heading\">Starta en ny kopiering<\/h2>\n\n\n\n<p>N\u00e4r du startar en ny kopiering kommer din position att matcha den aktuella allokeringen i den kopierade handlarens portf\u00f6lj, vilket s\u00e4kerst\u00e4ller att de b\u00e5da f\u00f6ljs \u00e5t. Kopierade portf\u00f6ljer replikerar en exakt procentuell allokering av den kopierade investerarens hela eget kapital, inklusive tillg\u00e5ngsinnehav, icke-allokerat saldo samt orealiserade vinster och f\u00f6rluster.<\/p>\n\n\n\n<ul class=\"wp-block-list wp-block-list wp-block-list-circle\">\n<li>Fr\u00e5n det \u00f6gonblick d\u00e5 du b\u00f6rjar att kopiera, kommer din kopieringsinvestering att spegla den kopierade handlarens nuvarande positioner och alla framtida \u00e5tg\u00e4rder \u2013 inklusive \u00e4ndringar av Stop Loss (SL) och Take Profit (TP) samt n\u00e4r aff\u00e4rer st\u00e4ngs. Om den kopierade handlaren f\u00f6rl\u00e4nger ett SL genom att l\u00e4gga till pengar till en position, kommer din SL ocks\u00e5 att uppdateras, men ditt investerade belopp f\u00f6rblir of\u00f6r\u00e4ndrat.<\/li>\n\n\n\n<li>F\u00f6r att se varje aff\u00e4r som kopierats fr\u00e5n en enskild handlare, g\u00e5r du till din portf\u00f6lj och klickar p\u00e5 namnet p\u00e5 relevant Popular Investor.\u00a0<\/li>\n\n\n\n<li>Du kan st\u00e4nga en specifik kopierad aff\u00e4r utan att st\u00e4nga hela kopieringspositionen.<\/li>\n\n\n\n<li>Om den kopierade handlaren \u00f6ppnar en position medan marknaden \u00e4r st\u00e4ngd (till exempel under en handelspaus), kommer en marknadsorder att l\u00e4ggas f\u00f6r dig som kommer att verkst\u00e4llas till den f\u00f6rsta tillg\u00e4ngliga marknadskursen n\u00e4r marknaden \u00f6ppnar igen.<\/li>\n\n\n\n<li>Du kan v\u00e4lja att avsluta en kopiering n\u00e4r som helst<\/li>\n<\/ul>\n\n\n\n<p>Observera: Alla aff\u00e4rer som ing\u00e5r i kopieringen \u00f6ppnas p\u00e5 ditt konto samtidigt. Det kan till en b\u00f6rjan se ut som att du gjort en liten f\u00f6rlust, vilket \u00e5terspeglar spreaden mellan k\u00f6p- och s\u00e4ljkurser. Detta visar dig i realtid vilket belopp du skulle erh\u00e5lla om du st\u00e4ngde aff\u00e4ren omedelbart.&nbsp;<\/p>\n\n\n\n<p>Nya aff\u00e4rer \u00f6ppnas baserat p\u00e5 realiserat eget kapital (ditt saldo plus investerade medel). Till exempel, om den kopierade handlaren \u00f6ppnar en aff\u00e4r med 10 % av sitt realiserade eget kapital, kommer din kopiering att \u00f6ppna samma aff\u00e4r med 10 % av ditt realiserade eget kapital.<\/p>\n\n\n\n<h2 class=\"wp-block-heading\">H\u00e5ll dig synkroniserad, automatiskt<\/h2>\n\n\n\n<p>Automatisk ombalansering hj\u00e4lper till att tillse att din investering hela tiden f\u00f6ljer portf\u00f6ljen f\u00f6r handlaren som du kopierar. N\u00e4r den Popular Investor du kopierar g\u00f6r n\u00e5gra \u00e4ndringar, uppdateras din kopieringsposition f\u00f6r att s\u00e4kerst\u00e4lla att din portf\u00f6lj \u00e5terspeglar den kopierade handlarens aktuella positioner och strategi.<\/p>\n\n\n\n<p>En ombalansering utl\u00f6ses i f\u00f6ljande fall:<\/p>\n\n\n\n<ul class=\"wp-block-list wp-block-list wp-block-list-circle\">\n<li><strong>Pengar l\u00e4ggs till<\/strong><\/li>\n\n\n\n<li><strong>Pengar tas bort<\/strong><\/li>\n\n\n\n<li><strong>En pausad kopiering \u00e5terupptas<\/strong><\/li>\n\n\n\n<li><strong>Den kopierade handlaren g\u00f6r uttag<\/strong><\/li>\n\n\n\n<li><strong>Den kopierade handlaren g\u00f6r ins\u00e4ttningar.<\/strong> Observera att denna ombalansering sker med en f\u00f6rdr\u00f6jning p\u00e5 48 timmar, vilket ger dig tid att ocks\u00e5 s\u00e4tta in ytterligare pengar om du vill.<\/li>\n\n\n\n<li><strong>Marknadsr\u00f6relser <\/strong>\u00a0som p\u00e5verkar den kopierade handlarens portf\u00f6ljallokering kommer ocks\u00e5 att \u00e5terspeglas i kopieringen.<br><\/li>\n<\/ul>\n\n\n\n<p>Observera att befintliga positioner kan \u00f6ppnas eller st\u00e4ngas automatiskt f\u00f6r att matcha de korrekta tillg\u00e5ngsvikterna samt att vinster eller f\u00f6rluster kan realiseras som ett resultat av dessa automatiska justeringar.<br>&nbsp;<\/p>\n\n\n\n<p>Medan ombalanseringen p\u00e5g\u00e5r kommer du inte att kunna l\u00e4gga till eller ta bort pengar, st\u00e4nga enskilda positioner eller pausa kopieringen. Detta g\u00f6r det m\u00f6jligt f\u00f6r systemet att helt matcha den kopierade handlarens uppdaterade portf\u00f6lj.<\/p>\n\n\n\n<p>Du f\u00e5r en avisering i appen n\u00e4r ombalanseringen \u00e4r klar. Processen slutf\u00f6rs inom <strong>upp till 7 arbetsdagar<\/strong>, varefter du kan \u00e5teruppta hanteringen av din kopiering som vanligt.<\/p>\n\n\n\n<h2 class=\"wp-block-heading\">Kontrollera risk med en Stop Loss f\u00f6r kopieringen<\/h2>\n\n\n\n<p>En Stop Loss f\u00f6r kopieringen (&#8220;CSL&#8221; fr\u00e5n engelska &#8220;Copy Stop Loss&#8221;) \u00e4r en inbyggd riskhanteringsfunktion som l\u00e5ter dig st\u00e4lla in en Stop Loss-procent f\u00f6r hela kopieringspositionen i syfte att skydda din investering och som \u00e4r baserad p\u00e5 vinster och f\u00f6rlust i realtid. Om v\u00e4rdet p\u00e5 din kopiering sjunker under det angivna beloppet kommer systemet automatiskt att st\u00e4nga hela kopieringen och \u00e5terf\u00f6ra de \u00e5terst\u00e5ende pengarna till ditt saldo.<\/p>\n\n\n\n<ul class=\"wp-block-list wp-block-list wp-block-list-circle\">\n<li>Som standard \u00e4r en CSL inst\u00e4lld p\u00e5 40 % av ditt investerade belopp.\u00a0<\/li>\n\n\n\n<li>Du kan manuellt justera din CSL till ett v\u00e4rde mellan 5 % och 95 % av ditt investerade belopp.<\/li>\n<\/ul>\n\n\n\n<p>Exempel: Du kopierar handlare A med 1 000 USD. Du st\u00e4ller in CSL p\u00e5 60 %, vilket motsvarar 600 USD. Om det totala egna kapitalet (inklusive orealiserad V\/F) sjunker till 600 USD kommer alla positioner att st\u00e4ngas automatiskt och 600 USD kommer att \u00e5terf\u00f6ras till ditt saldo.<\/p>\n\n\n\n<p>Observera att systemet inte kommer att till\u00e5ta dig att minska din CSL till ett v\u00e4rde som \u00e4r s\u00e5 litet att det kan utl\u00f6sa en omedelbar st\u00e4ngning av kopieringsaff\u00e4ren. Om du l\u00e4gger till eller tar bort pengar fr\u00e5n den kopierade handlaren, kommer en omber\u00e4kning av CSL-v\u00e4rdet att g\u00f6ras med en procentsats av det nya kopierade beloppet.<\/p>\n\n\n\n<p><strong>Vad h\u00e4nder n\u00e4r en CSL utl\u00f6ses?<\/strong><\/p>\n\n\n\n<p>N\u00e4r din kopiering n\u00e5r CSL-gr\u00e4nsen p\u00e5 grund av orealiserade f\u00f6rluster kommer alla positioner i den ifr\u00e5gavarande kopieringen att st\u00e4ngas. Under Historik-fliken kommer st\u00e4ngda aff\u00e4rer att m\u00e4rkas med &#8220;CSL.&#8221; i &#8220;St\u00e4ngd&#8221;-kolumnen.<\/p>\n\n\n\n<figure class=\"wp-block-image aligncenter\"><img loading=\"lazy\" decoding=\"async\" width=\"1057\" height=\"321\" src=\"\/wp-content\/uploads\/2017\/12\/copysystemexplain-image1.png\" alt=\"\" class=\"wp-image-19348 wp-image-desktop\" srcset=\"https:\/\/www.etoro.com\/wp-content\/uploads\/2017\/12\/copysystemexplain-image1.png 1057w, https:\/\/www.etoro.com\/wp-content\/uploads\/2017\/12\/copysystemexplain-image1-300x91.png 300w, https:\/\/www.etoro.com\/wp-content\/uploads\/2017\/12\/copysystemexplain-image1-768x233.png 768w, https:\/\/www.etoro.com\/wp-content\/uploads\/2017\/12\/copysystemexplain-image1-1024x311.png 1024w\" sizes=\"(max-width: 1057px) 100vw, 1057px\" \/><\/figure>\n\n\n\n<p><br><strong>Hur Stop Loss f\u00f6r kopiering \u00e4r unikt<\/strong><\/p>\n\n\n\n<p>CSL \u00e4r utformat f\u00f6r att begr\u00e4nsa din sammanlagda exponering mot en enskild handlare. Eftersom dina kopierade aff\u00e4rer \u00e4r skyddade av CSL:en kan vi ge mer flexibilitet n\u00e4r det g\u00e4ller deras vanliga Stop Loss (SL).<\/p>\n\n\n\n<p>Med vanliga aff\u00e4rer inneb\u00e4r en \u00f6kning av en SL ut\u00f6ver den l\u00e4gsta niv\u00e5 som kr\u00e4vs, att ytterligare pengar dras fr\u00e5n ditt saldo f\u00f6r att st\u00f6dja aff\u00e4ren. Med kopierade aff\u00e4rer dras inga ytterligare medel fr\u00e5n ditt kopieringsbelopp n\u00e4r den kopierade handlaren f\u00f6rl\u00e4nger sin SL. Detta inneb\u00e4r att:<\/p>\n\n\n\n<ul class=\"wp-block-list wp-block-list wp-block-list-circle\">\n<li>En enskild aff\u00e4r kan g\u00e5 till med f\u00f6rlust p\u00e5 200 %, eller till och med 300 %, utan att stoppas, vilket ger en b\u00e4ttre chans till \u00e5terh\u00e4mtning.<\/li>\n\n\n\n<li>Ditt kopieringssaldo beh\u00e5ller tillr\u00e4ckligt med pengar f\u00f6r att st\u00f6dja ytterligare aff\u00e4r.<\/li>\n<\/ul>\n\n\n\n<p>Men, om den totala orealiserade f\u00f6rlusten i den ifr\u00e5gavarande kopieringen n\u00e5r din angivna CSL, kommer alla positioner att st\u00e4ngas och den ifr\u00e5gavarande kopieringen kommer att upph\u00f6ra. Den kopierade aff\u00e4rens vinst\/f\u00f6rlust ber\u00e4knas enligt det ursprungliga beloppet som investerats i aff\u00e4ren.<\/p>\n\n\n\n<h2 class=\"wp-block-heading\">Anpassa din investering n\u00e4r som helst<\/h2>\n\n\n\n<p>Du kan n\u00e4r som helst \u00f6ka din kopieringsinvestering genom att <strong>l\u00e4gga till pengar<\/strong>, som kommer att f\u00f6rdelas ut proportionellt inom din portf\u00f6lj. P\u00e5 samma s\u00e4tt har du m\u00f6jlighet att <strong>ta bort pengar <\/strong>fr\u00e5n kopieringen (med bibeh\u00e5llet l\u00e4gsta belopp f\u00f6r kopieringsinvesteringen), som kommer att flyttas tillbaka till ditt tillg\u00e4ngliga saldo. (Som n\u00e4mnts ovan, utl\u00f6ses en automatisk ombalansering om du l\u00e4gger till eller tar bort pengar fr\u00e5n en kopieringsposition.)<\/p>\n\n\n\n<h2 class=\"wp-block-heading\">Sluta kopiera \u2013 eller tryck bara p\u00e5 paus<\/h2>\n\n\n\n<p>Du har alltid kontroll \u00f6ver dina investeringar och du kan n\u00e4r som helst stoppa en kopiering.&nbsp;<\/p>\n\n\n\n<p>T\u00e4nk p\u00e5 att du kan <strong>st\u00e4nga enskilda aff\u00e4rer inom en kopieringsposition<\/strong> utan att st\u00e4nga hela kopieringen. Pengarna fr\u00e5n den h\u00e4r positionen kommer att krediteras tillbaka till ditt kopieringssaldo.<\/p>\n\n\n\n<p>Om du vill <strong>sluta kopiera en handlare<\/strong> helt v\u00e4ljer du \u201dSluta kopiera\u201d fr\u00e5n menyn f\u00f6r kopieringsinst\u00e4llningar. Du har d\u00e5 tv\u00e5 val:<\/p>\n\n\n\n<ul class=\"wp-block-list wp-block-list wp-block-list-circle\">\n<li><strong>S\u00e4lj allt<\/strong> st\u00e4nger kopieringen helt.<\/li>\n\n\n\n<li><strong>Beh\u00e5ll allt<\/strong> \u00f6verf\u00f6r alla kopierade positioner till din egen portf\u00f6lj, d\u00e4r de sedan kan hanteras oberoende av varandra.<\/li>\n<\/ul>\n\n\n\n<p><strong>Pausa kopiering<\/strong> \u00e4r en funktion som l\u00e5ter dig sluta kopiera en handlare utan att st\u00e4nga alla f\u00f6r n\u00e4rvarande \u00f6ppnade positioner.&nbsp;<\/p>\n\n\n\n<p>N\u00e4r en kopiering \u00e4r pausad kommer inga nya aff\u00e4rer \u00f6ppnas inom ramen f\u00f6r kopieringen, men alla redan \u00f6ppna aff\u00e4rer kommer fortfarande att kopiera SL\/TP-\u00e5tg\u00e4rder och om den kopierade handlaren st\u00e4nger positioner. En paus av kopieringen kan aktiveras fr\u00e5n portf\u00f6ljsidan p\u00e5 eToro genom att klicka p\u00e5 inst\u00e4llningsknappen och &#8220;Pausa kopiering&#8221;.<\/p>\n\n\n\n<p>Du kan n\u00e4r som helst <strong>\u00e5teruppta kopieringen<\/strong> genom att g\u00e5 till portf\u00f6ljsidan och klicka p\u00e5 &#8220;\u00c5teruppta kopiering&#8221;.<\/p>\n\n\n\n<h2 class=\"wp-block-heading\">Kopiera smartare med expertutvalda portf\u00f6ljer<\/h2>\n\n\n\n<p><a href=\"https:\/\/www.etoro.com\/sv\/investing\/portfolios\/\"><strong>Smart Portfolios<\/strong><\/a> \u00e4r innovativa, l\u00e5ngsiktiga investeringsportf\u00f6ljer byggda p\u00e5 samma CopyTrader-teknik, vilket inneb\u00e4r att din investering automatiskt speglar portf\u00f6ljens allokering och strategi. Varje s\u00e5dan portf\u00f6lj f\u00f6ljer ett unikt tema som erbjuder ett bekv\u00e4mt och diversifierat s\u00e4tt att investera i de fr\u00e4msta marknadstrenderna som formar v\u00e4rlden idag \u2013 allt utan sedvanliga f\u00f6rvaltningsavgifter.<\/p>\n\n\n\n<ul class=\"wp-block-list wp-block-list wp-block-list-circle\">\n<li>Det minsta investeringsbeloppet \u00e4r s\u00e5 l\u00e5gt som 500 USD.<\/li>\n\n\n\n<li>Som standard \u00e4r Stop Loss f\u00f6r en Smart Portfolio inst\u00e4lld p\u00e5 10 %.<\/li>\n\n\n\n<li>Viktallokeringen f\u00f6r varje Smart Portfolio kan \u00e4ndras \u00f6ver tiden, eftersom varje Smart Portfolio ombalanseras regelbundet.<\/li>\n<\/ul>\n\n\n\n<p>Det finns flera olika typer av Smart Portfolios:<\/p>\n\n\n\n<p><strong>Market Smart Portfolios<\/strong> paketerar flera tillg\u00e5ngar i en enda investeringsprodukt, som var och en f\u00f6ljer en definierad marknadsstrategi eller riktar in sig p\u00e5 en specifik sektor. Till exempel inkluderar <a href=\"https:\/\/www.etoro.com\/sv\/smartportfolios\/bigtech\">BigTech Smart Portfolio<\/a> ledande teknikf\u00f6retag, som erbjuder ett bekv\u00e4mt, men \u00e4nd\u00e5 diversifierat, s\u00e4tt att investera i hela sektorn genom en tillg\u00e5ng.<\/p>\n\n\n\n<p><strong>Top Trader Smart Portfolios<\/strong> grupperar h\u00f6gpresterande handlare, utvalda av eToros investeringskommitt\u00e9 med hj\u00e4lp av en sofistikerad algoritm, i en enda investering. Till exempel inneh\u00e5ller <a href=\"https:\/\/www.etoro.com\/sv\/smartportfolios\/gainersqtr\">GainersQtr Smart Portfolio<\/a> handlare med konsekvent avkastning och stark kortsiktig potential, som uppdateras regelbundet f\u00f6r att hantera risk och optimera resultatet.<\/p>\n\n\n\n<p><strong>Partner Smart Portfolios<\/strong> skapas i samarbete med n\u00e5gra av de mest innovativa investeringsbolagen, kapitalf\u00f6rvaltare och dataforskningsf\u00f6retagen i v\u00e4rlden. Till exempel skapades <a href=\"https:\/\/www.etoro.com\/news-and-analysis\/copytrader\/time-you-invest-in-your-future\/\">Target Model Smart Portfolios<\/a> i partnerskap med Franklin Templeton f\u00f6r att inf\u00f6rliva investeringsstrategier f\u00f6r m\u00e5l\u00e5r som justeras automatiskt \u00f6ver tiden, p\u00e5 liknande s\u00e4tt som generationsfonder.&nbsp;<\/p>\n\n\n\n<p>*Alla allm\u00e4nna villkor f\u00f6r CopyTrader kan \u00e4ndras n\u00e4r som helst efter eToros gottfinnande.<\/p>\n<\/div>\n<\/div>\n<\/div><\/section>\n","protected":false},"excerpt":{"rendered":"<p>eToro-plattformen utm\u00e4rker sig f\u00f6r sina sociala handelsfunktioner och erbjuder innovativa s\u00e4tt att investera genom att l\u00e4ra av andra. Uppt\u00e4ck hur CopyTrader\u2122 kan hj\u00e4lpa dig att utforska nya strategier och ut\u00f6ka din handelspotential. Grunderna om Copy Trading Konceptet \u00e4r enkelt: v\u00e4lj en handlare och ditt \u00f6nskade investeringsbelopp och tryck p\u00e5 &#8220;Kopiera&#8221;. P\u00e5 den h\u00e4r sidan f\u00f6rklaras&hellip;<\/p>\n","protected":false},"author":45,"featured_media":519797,"parent":34710,"menu_order":1354,"comment_status":"closed","ping_status":"closed","template":"","meta":{"_acf_changed":false,"inline_featured_image":false,"sticky_cta_settings":"","footnotes":""},"asset_type":[],"class_list":["post-10626","page","type-page","status-publish","has-post-thumbnail","hentry"],"acf":[],"yoast_head":"<title>F\u00f6rklaring till kopieringssystem | eToro<\/title>\n<meta name=\"description\" content=\"En f\u00f6rklaring av eToros kopieringssystem av framg\u00e5ngsrika handlare, CopyTrader, och ett tematiskt, kollektivt baserat investeringsinstrument, CopyFunds.\" \/>\n<meta name=\"robots\" content=\"index, follow, max-snippet:-1, max-image-preview:large, max-video-preview:-1\" \/>\n<link rel=\"canonical\" href=\"https:\/\/www.etoro.com\/sv\/wp-json\/wp\/v2\/pages\/10626\" \/>\n<meta property=\"og:locale\" content=\"sv_SE\" \/>\n<meta property=\"og:type\" content=\"article\" \/>\n<meta property=\"og:title\" content=\"F\u00f6rklaring till kopieringssystem | eToro\" \/>\n<meta property=\"og:description\" content=\"En f\u00f6rklaring av eToros kopieringssystem av framg\u00e5ngsrika handlare, CopyTrader, och ett tematiskt, kollektivt baserat investeringsinstrument, CopyFunds.\" \/>\n<meta property=\"og:url\" content=\"https:\/\/www.etoro.com\/sv\/wp-json\/wp\/v2\/pages\/10626\" \/>\n<meta property=\"og:site_name\" content=\"eToro\" \/>\n<meta property=\"article:publisher\" content=\"https:\/\/www.facebook.com\/eToro\/\" \/>\n<meta property=\"article:modified_time\" content=\"2025-12-01T14:45:04+00:00\" \/>\n<meta property=\"og:image\" content=\"https:\/\/www.etoro.com\/wp-content\/uploads\/2022\/11\/Social_systems-explained_Swedish-sv.jpg\" \/>\n\t<meta property=\"og:image:width\" content=\"1200\" \/>\n\t<meta property=\"og:image:height\" content=\"630\" \/>\n\t<meta property=\"og:image:type\" content=\"image\/jpeg\" \/>\n<meta name=\"twitter:card\" content=\"summary_large_image\" \/>\n<meta name=\"twitter:site\" content=\"@eToro\" \/>\n<meta name=\"twitter:label1\" content=\"Est. reading time\" \/>\n\t<meta name=\"twitter:data1\" content=\"9 minutes\" \/>\n<script type=\"application\/ld+json\" class=\"yoast-schema-graph\">{\"@context\":\"https:\/\/schema.org\",\"@graph\":[{\"@type\":\"WebPage\",\"@id\":\"https:\/\/www.etoro.com\/sv\/copytrader\/how-it-works\/\",\"url\":\"https:\/\/www.etoro.com\/sv\/copytrader\/how-it-works\/\",\"name\":\"F\u00f6rklaring till kopieringssystem | eToro\",\"isPartOf\":{\"@id\":\"https:\/\/www.etoro.com\/sv\/#website\"},\"primaryImageOfPage\":{\"@id\":\"https:\/\/www.etoro.com\/sv\/copytrader\/how-it-works\/#primaryimage\"},\"image\":{\"@id\":\"https:\/\/www.etoro.com\/sv\/copytrader\/how-it-works\/#primaryimage\"},\"thumbnailUrl\":\"https:\/\/www.etoro.com\/wp-content\/uploads\/2022\/11\/Social_systems-explained_Swedish-sv.jpg\",\"datePublished\":\"2017-11-14T07:35:22+00:00\",\"dateModified\":\"2025-12-01T14:45:04+00:00\",\"description\":\"En f\u00f6rklaring av eToros kopieringssystem av framg\u00e5ngsrika handlare, CopyTrader, och ett tematiskt, kollektivt baserat investeringsinstrument, CopyFunds.\",\"breadcrumb\":{\"@id\":\"https:\/\/www.etoro.com\/sv\/copytrader\/how-it-works\/#breadcrumb\"},\"inLanguage\":\"sv\",\"potentialAction\":[{\"@type\":\"ReadAction\",\"target\":[\"https:\/\/www.etoro.com\/sv\/copytrader\/how-it-works\/\"]}]},{\"@type\":\"ImageObject\",\"inLanguage\":\"sv\",\"@id\":\"https:\/\/www.etoro.com\/sv\/copytrader\/how-it-works\/#primaryimage\",\"url\":\"https:\/\/www.etoro.com\/wp-content\/uploads\/2022\/11\/Social_systems-explained_Swedish-sv.jpg\",\"contentUrl\":\"https:\/\/www.etoro.com\/wp-content\/uploads\/2022\/11\/Social_systems-explained_Swedish-sv.jpg\",\"width\":1200,\"height\":630,\"caption\":\"COPYTRADER F\u00d6RKLARAT\"},{\"@type\":\"BreadcrumbList\",\"@id\":\"https:\/\/www.etoro.com\/sv\/copytrader\/how-it-works\/#breadcrumb\",\"itemListElement\":[{\"@type\":\"ListItem\",\"position\":1,\"name\":\"Hem\",\"item\":\"https:\/\/www.etoro.com\/sv\/\"},{\"@type\":\"ListItem\",\"position\":2,\"name\":\"CopyTrader\",\"item\":\"https:\/\/www.etoro.com\/sv\/copytrader\/\"},{\"@type\":\"ListItem\",\"position\":3,\"name\":\"HUR DET FUNGERAR\"}]},{\"@type\":\"WebSite\",\"@id\":\"https:\/\/www.etoro.com\/sv\/#website\",\"url\":\"https:\/\/www.etoro.com\/sv\/\",\"name\":\"eToro\",\"description\":\"\",\"publisher\":{\"@id\":\"https:\/\/www.etoro.com\/sv\/#organization\"},\"potentialAction\":[{\"@type\":\"SearchAction\",\"target\":{\"@type\":\"EntryPoint\",\"urlTemplate\":\"https:\/\/www.etoro.com\/sv\/?s={search_term_string}\"},\"query-input\":{\"@type\":\"PropertyValueSpecification\",\"valueRequired\":true,\"valueName\":\"search_term_string\"}}],\"inLanguage\":\"sv\"},[]]}<\/script>","yoast_head_json":{"title":"F\u00f6rklaring till kopieringssystem | eToro","description":"En f\u00f6rklaring av eToros kopieringssystem av framg\u00e5ngsrika handlare, CopyTrader, och ett tematiskt, kollektivt baserat investeringsinstrument, CopyFunds.","robots":{"index":"index","follow":"follow","max-snippet":"max-snippet:-1","max-image-preview":"max-image-preview:large","max-video-preview":"max-video-preview:-1"},"canonical":"https:\/\/www.etoro.com\/sv\/wp-json\/wp\/v2\/pages\/10626","og_locale":"sv_SE","og_type":"article","og_title":"F\u00f6rklaring till kopieringssystem | eToro","og_description":"En f\u00f6rklaring av eToros kopieringssystem av framg\u00e5ngsrika handlare, CopyTrader, och ett tematiskt, kollektivt baserat investeringsinstrument, CopyFunds.","og_url":"https:\/\/www.etoro.com\/sv\/wp-json\/wp\/v2\/pages\/10626","og_site_name":"eToro","article_publisher":"https:\/\/www.facebook.com\/eToro\/","article_modified_time":"2025-12-01T14:45:04+00:00","og_image":[{"width":1200,"height":630,"url":"https:\/\/www.etoro.com\/wp-content\/uploads\/2022\/11\/Social_systems-explained_Swedish-sv.jpg","type":"image\/jpeg"}],"twitter_card":"summary_large_image","twitter_site":"@eToro","twitter_misc":{"Est. reading time":"9 minutes"},"schema":{"@context":"https:\/\/schema.org","@graph":[{"@type":"WebPage","@id":"https:\/\/www.etoro.com\/sv\/copytrader\/how-it-works\/","url":"https:\/\/www.etoro.com\/sv\/copytrader\/how-it-works\/","name":"F\u00f6rklaring till kopieringssystem | eToro","isPartOf":{"@id":"https:\/\/www.etoro.com\/sv\/#website"},"primaryImageOfPage":{"@id":"https:\/\/www.etoro.com\/sv\/copytrader\/how-it-works\/#primaryimage"},"image":{"@id":"https:\/\/www.etoro.com\/sv\/copytrader\/how-it-works\/#primaryimage"},"thumbnailUrl":"https:\/\/www.etoro.com\/wp-content\/uploads\/2022\/11\/Social_systems-explained_Swedish-sv.jpg","datePublished":"2017-11-14T07:35:22+00:00","dateModified":"2025-12-01T14:45:04+00:00","description":"En f\u00f6rklaring av eToros kopieringssystem av framg\u00e5ngsrika handlare, CopyTrader, och ett tematiskt, kollektivt baserat investeringsinstrument, CopyFunds.","breadcrumb":{"@id":"https:\/\/www.etoro.com\/sv\/copytrader\/how-it-works\/#breadcrumb"},"inLanguage":"sv","potentialAction":[{"@type":"ReadAction","target":["https:\/\/www.etoro.com\/sv\/copytrader\/how-it-works\/"]}]},{"@type":"ImageObject","inLanguage":"sv","@id":"https:\/\/www.etoro.com\/sv\/copytrader\/how-it-works\/#primaryimage","url":"https:\/\/www.etoro.com\/wp-content\/uploads\/2022\/11\/Social_systems-explained_Swedish-sv.jpg","contentUrl":"https:\/\/www.etoro.com\/wp-content\/uploads\/2022\/11\/Social_systems-explained_Swedish-sv.jpg","width":1200,"height":630,"caption":"COPYTRADER F\u00d6RKLARAT"},{"@type":"BreadcrumbList","@id":"https:\/\/www.etoro.com\/sv\/copytrader\/how-it-works\/#breadcrumb","itemListElement":[{"@type":"ListItem","position":1,"name":"Hem","item":"https:\/\/www.etoro.com\/sv\/"},{"@type":"ListItem","position":2,"name":"CopyTrader","item":"https:\/\/www.etoro.com\/sv\/copytrader\/"},{"@type":"ListItem","position":3,"name":"HUR DET FUNGERAR"}]},{"@type":"WebSite","@id":"https:\/\/www.etoro.com\/sv\/#website","url":"https:\/\/www.etoro.com\/sv\/","name":"eToro","description":"","publisher":{"@id":"https:\/\/www.etoro.com\/sv\/#organization"},"potentialAction":[{"@type":"SearchAction","target":{"@type":"EntryPoint","urlTemplate":"https:\/\/www.etoro.com\/sv\/?s={search_term_string}"},"query-input":{"@type":"PropertyValueSpecification","valueRequired":true,"valueName":"search_term_string"}}],"inLanguage":"sv"},[]]}},"_links":{"self":[{"href":"https:\/\/www.etoro.com\/sv\/wp-json\/wp\/v2\/pages\/10626"}],"collection":[{"href":"https:\/\/www.etoro.com\/sv\/wp-json\/wp\/v2\/pages"}],"about":[{"href":"https:\/\/www.etoro.com\/sv\/wp-json\/wp\/v2\/types\/page"}],"author":[{"embeddable":true,"href":"https:\/\/www.etoro.com\/sv\/wp-json\/wp\/v2\/users\/45"}],"replies":[{"embeddable":true,"href":"https:\/\/www.etoro.com\/sv\/wp-json\/wp\/v2\/comments?post=10626"}],"version-history":[{"count":0,"href":"https:\/\/www.etoro.com\/sv\/wp-json\/wp\/v2\/pages\/10626\/revisions"}],"up":[{"embeddable":true,"href":"https:\/\/www.etoro.com\/sv\/wp-json\/wp\/v2\/pages\/34710"}],"wp:featuredmedia":[{"embeddable":true,"href":"https:\/\/www.etoro.com\/sv\/wp-json\/wp\/v2\/media\/519797"}],"wp:attachment":[{"href":"https:\/\/www.etoro.com\/sv\/wp-json\/wp\/v2\/media?parent=10626"}],"wp:term":[{"taxonomy":"asset_type","embeddable":true,"href":"https:\/\/www.etoro.com\/sv\/wp-json\/wp\/v2\/asset_type?post=10626"}],"curies":[{"name":"wp","href":"https:\/\/api.w.org\/{rel}","templated":true}]}}