{"id":10668,"date":"2017-10-26T08:21:46","date_gmt":"2017-10-26T05:21:46","guid":{"rendered":"\/etoro\/customer-service\/withdraw-faq\/"},"modified":"2026-01-08T12:17:34","modified_gmt":"2026-01-08T10:17:34","slug":"withdraw-faq","status":"publish","type":"page","link":"https:\/\/www.etoro.com\/sv\/customer-service\/withdraw-faq\/","title":{"rendered":"Hur du tar ut pengar fr\u00e5n ditt eToro-konto \u2013 Vanliga fr\u00e5gor och svar"},"content":{"rendered":"\n<section class=\"wp-block-group wp-block-group-boxed has-white-background-color has-background\"><div class=\"wp-block-group-inner is-layout-flow wp-block-group-is-layout-flow\">\n<div class=\"wp-block-columns are-vertically-aligned-top wp-block-columns-1 is-layout-flex wp-container-core-columns-is-layout-1 wp-block-columns-is-layout-flex\">\n<div class=\"wp-block-column is-layout-flow wp-block-column-is-layout-flow\">\n<h2 class=\"wp-block-heading\">Hur du tar ut pengar fr\u00e5n ditt eToro-konto \u2013 Vanliga fr\u00e5gor och svar<\/h2>\n\n\n\n<dl class=\"wp-block-etoro-faq\">\n<div class=\"wp-block-etoro-faq-item\"><dt class=\"wp-block-etoro-faq-item-question\">Hur tar jag ut pengar?<\/dt><dd class=\"wp-block-etoro-faq-item-answer\">\n<p>Det finns tv\u00e5 platser p\u00e5 eToro d\u00e4r du kan ta ut pengar.<\/p>\n\n\n\n<ul class=\"wp-block-list wp-block-list wp-block-list-circle\">\n<li>Ditt eToro USD-investeringskonto<\/li>\n\n\n\n<li><a href=\"https:\/\/help.etoro.com\/s\/article\/how-do-i-withdraw-funds-from-my-account?language=sv#b\">Ditt konto i lokal valuta<br><\/a><\/li>\n<\/ul>\n\n\n\n<p><a href=\"https:\/\/www.etoro.com\/sv\/money\/availability\/\">*Klicka h\u00e4r<\/a> f\u00f6r att se om du \u00e4r ber\u00e4ttigad till ditt konto i lokal valuta.<\/p>\n\n\n\n<p>Nedan kan du se hur du g\u00f6r p\u00e5 b\u00e5da.<\/p>\n\n\n\n<p><strong>Ta ut pengar fr\u00e5n ditt eToro USD-investeringskonto<\/strong><\/p>\n\n\n\n<p>N\u00e4r du <a href=\"https:\/\/help.etoro.com\/s\/article\/what-is-the-minimum-withdrawal-amount?language=sv\">har kontrollerat att du har det belopp<\/a> som du vill ta ut i ditt tillg\u00e4ngliga saldo, kan du g\u00f6ra en uttagsbeg\u00e4ran genom att f\u00f6lja dessa steg:<\/p>\n\n\n\n<ol class=\"wp-block-list wp-block-list\">\n<li>Klicka p\u00e5 knappen <strong>Ta ut pengar <\/strong>i menyn till v\u00e4nster.<\/li>\n<\/ol>\n\n\n\n<figure class=\"wp-block-image size-full\"><img loading=\"lazy\" decoding=\"async\" width=\"377\" height=\"131\" src=\"https:\/\/www.etoro.com\/wp-content\/uploads\/2026\/01\/Q-1-withdrawl-1.jpg\" alt=\"\" class=\"wp-image-1208823 wp-image-desktop\" srcset=\"https:\/\/www.etoro.com\/wp-content\/uploads\/2026\/01\/Q-1-withdrawl-1.jpg 377w, https:\/\/www.etoro.com\/wp-content\/uploads\/2026\/01\/Q-1-withdrawl-1-300x104.jpg 300w\" sizes=\"(max-width: 377px) 100vw, 377px\" \/><\/figure>\n\n\n\n<p>2. P\u00e5 sk\u00e4rmen Uttag anger du det belopp du vill ta ut och v\u00e4ljer <strong>N\u00e4sta<\/strong>.<\/p>\n\n\n\n<figure class=\"wp-block-image size-full\"><img loading=\"lazy\" decoding=\"async\" width=\"512\" height=\"424\" src=\"https:\/\/www.etoro.com\/wp-content\/uploads\/2025\/07\/Withdrawl-q-2-1.png\" alt=\"\" class=\"wp-image-1085728 wp-image-desktop\" srcset=\"https:\/\/www.etoro.com\/wp-content\/uploads\/2025\/07\/Withdrawl-q-2-1.png 512w, https:\/\/www.etoro.com\/wp-content\/uploads\/2025\/07\/Withdrawl-q-2-1-300x248.png 300w\" sizes=\"(max-width: 512px) 100vw, 512px\" \/><\/figure>\n\n\n\n<p>3. Du kommer att se dina uttagsuppgifter med din standardbetalningsmetod f\u00f6rvald. V\u00e4lj <strong>Andra betalningsalternativ<\/strong> om du vill v\u00e4lja fr\u00e5n en lista \u00f6ver betalningsmetoder som du tidigare har satt in med eller l\u00e4gga till en ny betalningsmetod.<\/p>\n\n\n\n<figure class=\"wp-block-image size-full\"><img loading=\"lazy\" decoding=\"async\" width=\"512\" height=\"437\" src=\"https:\/\/www.etoro.com\/wp-content\/uploads\/2025\/07\/3-image-1.png\" alt=\"\" class=\"wp-image-1085752 wp-image-desktop\" srcset=\"https:\/\/www.etoro.com\/wp-content\/uploads\/2025\/07\/3-image-1.png 512w, https:\/\/www.etoro.com\/wp-content\/uploads\/2025\/07\/3-image-1-300x256.png 300w\" sizes=\"(max-width: 512px) 100vw, 512px\" \/><\/figure>\n\n\n\n<p>4. Klicka p\u00e5 <strong>Skicka<\/strong><\/p>\n\n\n\n<p><strong>Ta ut pengar fr\u00e5n ditt konto i lokal valuta till ditt bankkonto<\/strong>.<\/p>\n\n\n\n<p>Att ta ut pengar fr\u00e5n ditt konto i lokal valuta till ett externt bankkonto \u00e4r b\u00e5de snabbt och enkelt. Om kontot du vill flytta pengar till inte redan \u00e4r inlagt m\u00e5ste du f\u00f6rst l\u00e4gga till en ny betalningsmottagare.<\/p>\n\n\n\n<ol class=\"wp-block-list wp-block-list\">\n<li>G\u00e5 till <a href=\"https:\/\/www.etoro.com\/sv\/wallet\">Wallet-fliken<\/a>\n<ul class=\"wp-block-list wp-block-list wp-block-list-circle\">\n<li>I webbversionen av eToro klickar du p\u00e5 <strong>Wallet<\/strong> i sidof\u00e4ltets meny.<\/li>\n\n\n\n<li>I eToro-mobilappen trycker du p\u00e5 <strong>Wallet<\/strong> l\u00e4ngst ned p\u00e5 sk\u00e4rmen.<\/li>\n<\/ul>\n<\/li>\n\n\n\n<li>V\u00e4lj ditt konto i lokal valuta.<\/li>\n\n\n\n<li>Klicka p\u00e5 <strong>Skicka betalning<\/strong>.<\/li>\n\n\n\n<li>V\u00e4lj ditt konto eller l\u00e4gg till det som ny betalningsmottagare<\/li>\n\n\n\n<li>Ange beloppet och referensen (vad betalningen avser).<\/li>\n\n\n\n<li>Granska och bekr\u00e4fta betalningen.<\/li>\n<\/ol>\n\n\n\n<p>Obs: \u00c4ven om de flesta betalningar g\u00f6rs omedelbart, kan det ibland ta upp till tre arbetsdagar.Lyckas du inte ta ut pengar? <a href=\"https:\/\/help.etoro.com\/s\/article\/why-can-t-i-withdraw-funds-from-my-etoro-investment-account?language=sv\">Klicka h\u00e4r<\/a> f\u00f6r att ta reda p\u00e5 mer.<\/p>\n\n\n\n<p class=\"is-style-disclaimer\"><\/p>\n<\/dd><\/div>\n\n\n\n<div class=\"wp-block-etoro-faq-item\"><dt class=\"wp-block-etoro-faq-item-question\">Hur l\u00e5ng tid tar det att behandla min uttagsbeg\u00e4ran och n\u00e4r f\u00e5r jag mina pengar?<\/dt><dd class=\"wp-block-etoro-faq-item-answer\">\n<p>Vi skickar dig ett e-postmeddelande som bekr\u00e4ftar din uttagsstatus inom tv\u00e5 arbetsdagar efter din beg\u00e4ran.<\/p>\n\n\n\n<p>Normalt f\u00e5r du dina pengar inom ett par dagar. Fr\u00e5n tidpunkten f\u00f6r din uttagsbeg\u00e4ran kan det dock ta upp till tio arbetsdagar, beroende p\u00e5 vilken betalningsmetod som anv\u00e4nds:<\/p>\n\n\n\n<figure class=\"wp-block-table\"><div class=\"wp-block-table-content\"><div class=\"wp-block-table-content-nav wp-block-table-content-nav-left\"><div class=\"wp-block-table-content-nav-arrow wp-block-table-content-nav-arrow-left\"><\/div><\/div><div class=\"wp-block-table-content-nav wp-block-table-content-nav-right\"><div class=\"wp-block-table-content-nav-arrow wp-block-table-content-nav-arrow-right\"><\/div><\/div><div class=\"wp-block-table-content-table\"><table><thead><tr><th class=\"has-text-align-left\" data-align=\"left\">Betalningsmetod<\/th><th class=\"has-text-align-left\" data-align=\"left\">Tid f\u00f6r att f\u00e5 pengarna efter uttagsbeg\u00e4ran<\/th><\/tr><\/thead><tbody><tr><td class=\"has-text-align-left\" data-align=\"left\">Kredit-\/betalkort<\/td><td class=\"has-text-align-left\" data-align=\"left\">Upp till 5 arbetsdagar<\/td><\/tr><tr><td class=\"has-text-align-left\" data-align=\"left\">Bank\u00f6verf\u00f6ring<\/td><td class=\"has-text-align-left\" data-align=\"left\">Upp till 5 arbetsdagar<\/td><\/tr><tr><td class=\"has-text-align-left\" data-align=\"left\">PayPal<\/td><td class=\"has-text-align-left\" data-align=\"left\">Upp till 2 arbetsdagar<\/td><\/tr><tr><td class=\"has-text-align-left\" data-align=\"left\">Neteller<\/td><td class=\"has-text-align-left\" data-align=\"left\">Upp till 2 arbetsdagar<\/td><\/tr><tr><td class=\"has-text-align-left\" data-align=\"left\">Skrill<\/td><td class=\"has-text-align-left\" data-align=\"left\">Upp till 2 arbetsdagar<\/td><\/tr><tr><td class=\"has-text-align-left\" data-align=\"left\">Trustly<\/td><td class=\"has-text-align-left\" data-align=\"left\">Upp till 2 arbetsdagar<\/td><\/tr><tr><td class=\"has-text-align-left\" data-align=\"left\">iDEAL<\/td><td class=\"has-text-align-left\" data-align=\"left\">Upp till 2 arbetsdagar<\/td><\/tr><\/tbody><\/table><\/div><\/div><\/figure>\n<\/dd><\/div>\n\n\n\n<div class=\"wp-block-etoro-faq-item\"><dt class=\"wp-block-etoro-faq-item-question\">Hur annullerar jag mitt uttag?<\/dt><dd class=\"wp-block-etoro-faq-item-answer\">\n<p>F\u00f6lj stegen nedan f\u00f6r att annullera ditt uttag:<\/p>\n\n\n\n<ol class=\"wp-block-list wp-block-list\">\n<li>G\u00e5 till din uttagsbeg\u00e4ran&nbsp;<a href=\"https:\/\/www.etoro.com\/sv\/portfolio\/history\/cashflows\">h\u00e4r<\/a>, eller g\u00e5 till ditt handelskonto och klicka p\u00e5 fliken \u201dTa ut pengar\u201d.<\/li>\n\n\n\n<li>Ett popup-meddelande visas. Anv\u00e4nd l\u00e4nken \u201dklicka h\u00e4r\u201d f\u00f6r att se din uttagshistorik.<\/li>\n\n\n\n<li>Klicka p\u00e5 \u201d\u00c5ngra\u201d-knappen som visas bredvid uttagsbeg\u00e4ran. OBS! Om din transaktionsstatus visas som \u201dP\u00e5g\u00e5ende\u201d kan du inte l\u00e4ngre avbryta din beg\u00e4ran.<\/li>\n\n\n\n<li>Bekr\u00e4fta att du vill avbryta beg\u00e4ran.<\/li>\n\n\n\n<li>Alla pengar, inklusive uttagsavgifter, s\u00e4tts omedelbart tillbaka p\u00e5 ditt konto.<\/li>\n<\/ol>\n<\/dd><\/div>\n\n\n\n<div class=\"wp-block-etoro-faq-item\"><dt class=\"wp-block-etoro-faq-item-question\">Vilka villkor m\u00e5ste uppfyllas f\u00f6r att starta en uttagsbeg\u00e4ran?<\/dt><dd class=\"wp-block-etoro-faq-item-answer\">\n<ol class=\"wp-block-list wp-block-list\">\n<li>Minimibeloppet f\u00f6r uttag \u00e4r $30.<\/li>\n\n\n\n<li>Du m\u00e5ste ha uttagbara medel tillg\u00e4ngliga.<\/li>\n\n\n\n<li>Ditt konto m\u00e5ste verifieras, vilket inneb\u00e4r att en gr\u00f6n bock visas p\u00e5 din profil (om du \u00e4nnu inte har verifierat ditt konto kan du kontakta oss och ladda upp de handlingar som kr\u00e4vs).<\/li>\n<\/ol>\n\n\n\n<p>Din personliga information, betalningsinformation och bifogad dokumentation skyddas av eToros str\u00e4nga informationss\u00e4kerhetspolicy. Vi har strikta riktlinjer f\u00f6r att skydda din privata information och uppfyller kraven fr\u00e5n de mest kr\u00e4vande s\u00e4kerhetsmedvetna slutanv\u00e4ndarna av finansiella tj\u00e4nster.<\/p>\n\n\n\n<p>Du kan hitta mer information h\u00e4r: eToros&nbsp;<a href=\"https:\/\/www.etoro.com\/sv\/customer-service\/privacy\/\">Integritetspolicy<\/a>.<\/p>\n<\/dd><\/div>\n\n\n\n<div class=\"wp-block-etoro-faq-item\"><dt class=\"wp-block-etoro-faq-item-question\">Har ni n\u00e5gra uttagsavgifter?<\/dt><dd class=\"wp-block-etoro-faq-item-answer\">\n<p>Ja, vi debiterar en administrativ uttagsavgift. Du ser den verkliga uttagsavgiften i kassan efter att du har angett uttagsbeloppet. Vid denna tidpunkt kan du fortfarande stoppa uttaget.<\/p>\n\n\n\n<figure class=\"wp-block-table\"><div class=\"wp-block-table-content\"><div class=\"wp-block-table-content-nav wp-block-table-content-nav-left\"><div class=\"wp-block-table-content-nav-arrow wp-block-table-content-nav-arrow-left\"><\/div><\/div><div class=\"wp-block-table-content-nav wp-block-table-content-nav-right\"><div class=\"wp-block-table-content-nav-arrow wp-block-table-content-nav-arrow-right\"><\/div><\/div><div class=\"wp-block-table-content-table\"><table><thead><tr><th class=\"has-text-align-left\" data-align=\"left\"><strong>Uttagsbelopp (USD)<\/strong><\/th><th class=\"has-text-align-left\" data-align=\"left\"><strong>Avgift (USD)<\/strong><\/th><\/tr><\/thead><tbody><tr><td class=\"has-text-align-left\" data-align=\"left\">30,00 +<\/td><td class=\"has-text-align-left\" data-align=\"left\">5<\/td><\/tr><\/tbody><\/table><\/div><\/div><\/figure>\n\n\n\n<p>Alla uttag som skickas i andra valutor \u00e4n USD omfattas av v\u00e4xlingsavgifter. Information om v\u00e5ra avgifter finns h\u00e4r:&nbsp;<a href=\"https:\/\/www.etoro.com\/sv\/trading\/market-hours-fees\/\">Avgifter<\/a>. Observera att du kan debiteras av den finansieringsleverant\u00f6r som behandlar \u00f6verf\u00f6ringen (f\u00f6rmedlande bank, mottagande bank eller din kreditkortsleverant\u00f6r).<\/p>\n<\/dd><\/div>\n\n\n\n<div class=\"wp-block-etoro-faq-item\"><dt class=\"wp-block-etoro-faq-item-question\">Hur vet jag om min uttagsbeg\u00e4ran har behandlats?<\/dt><dd class=\"wp-block-etoro-faq-item-answer\">\n<p>N\u00e4r du tar ut pengar fr\u00e5n ditt eToro-konto till ditt eToro Money-konto \u00f6verf\u00f6rs de direkt*, och du kan se de i din eToro Money-app.<\/p>\n\n\n\n<p>Med andra betalningsmetoder g\u00e4ller att n\u00e4r behandlingen av din uttagsf\u00f6rfr\u00e5gan har slutf\u00f6rts, kommer du att f\u00e5 en e-postbekr\u00e4ftelse med information om den betalningsmetod som anv\u00e4ndes f\u00f6r att skicka dina pengar. Dessutom kan du klicka&nbsp;<a href=\"https:\/\/www.etoro.com\/sv\/portfolio\/history\/cashflows\">h\u00e4r<\/a>&nbsp;f\u00f6r att se den aktuella statusen f\u00f6r din uttagsf\u00f6rfr\u00e5gan i ditt eToro-kontos instrumentpanel.<\/p>\n\n\n\n<p>* Av olika sk\u00e4l, som inkluderar krav p\u00e5 s\u00e4kerhetsprocedurer, kan vissa uttag behandlas f\u00f6rst n\u00e4sta arbetsdag.<\/p>\n<\/dd><\/div>\n\n\n\n<div class=\"wp-block-etoro-faq-item\"><dt class=\"wp-block-etoro-faq-item-question\">Vad g\u00f6r jag om pengarna inte syns p\u00e5 kontot?<\/dt><dd class=\"wp-block-etoro-faq-item-answer\">\n<p>1. Klicka&nbsp;<a href=\"https:\/\/www.etoro.com\/sv\/portfolio\/history\/cashflows\">h\u00e4r<\/a>&nbsp;f\u00f6r att se den aktuella statusen f\u00f6r din uttagsbeg\u00e4ran i panelen p\u00e5 ditt eToro-konto. Du kan \u00e4ven kontrollera e-postmeddelandet du fick i samband med behandlingen av ditt uttag, som anger med vilken betalningsmetod som pengarna skickades samt behandlingsdatum.<\/p>\n\n\n\n<p>2. Se till att du har gett uttaget tillr\u00e4ckligt med tid att behandlas och \u00f6verf\u00f6ras till ditt konto. Vissa uttag kan endast behandlas p\u00e5 arbetsdagen efter din f\u00f6rfr\u00e5gan, och sj\u00e4lva behandlingen kan ta ytterligare 10 arbetsdagar, beroende p\u00e5 vilken betalningsmetod som anv\u00e4nds:<\/p>\n\n\n\n<figure class=\"wp-block-table\"><div class=\"wp-block-table-content\"><div class=\"wp-block-table-content-nav wp-block-table-content-nav-left\"><div class=\"wp-block-table-content-nav-arrow wp-block-table-content-nav-arrow-left\"><\/div><\/div><div class=\"wp-block-table-content-nav wp-block-table-content-nav-right\"><div class=\"wp-block-table-content-nav-arrow wp-block-table-content-nav-arrow-right\"><\/div><\/div><div class=\"wp-block-table-content-table\"><table><thead><tr><th class=\"has-text-align-left\" data-align=\"left\"><strong>Betalningsmetod<\/strong><\/th><th class=\"has-text-align-left\" data-align=\"left\"><strong>Tiden det tar att ta emot medel efter uttagsf\u00f6rfr\u00e5gan<\/strong><\/th><\/tr><\/thead><tbody><tr><td class=\"has-text-align-left\" data-align=\"left\">eToro Money*<\/td><td class=\"has-text-align-left\" data-align=\"left\">Omedelbart uttag<\/td><\/tr><tr><td class=\"has-text-align-left\" data-align=\"left\">Kredit- \/ debetkort<\/td><td class=\"has-text-align-left\" data-align=\"left\">Upp till 10 arbetsdagar<\/td><\/tr><tr><td class=\"has-text-align-left\" data-align=\"left\">Bank\u00f6verf\u00f6ring<\/td><td class=\"has-text-align-left\" data-align=\"left\">Upp till 10 arbetsdagar<\/td><\/tr><tr><td class=\"has-text-align-left\" data-align=\"left\">PayPal<\/td><td class=\"has-text-align-left\" data-align=\"left\">Upp till 2 arbetsdagar<\/td><\/tr><tr><td class=\"has-text-align-left\" data-align=\"left\">Neteller<\/td><td class=\"has-text-align-left\" data-align=\"left\">Upp till 2 arbetsdagar<\/td><\/tr><tr><td class=\"has-text-align-left\" data-align=\"left\">Skrill<\/td><td class=\"has-text-align-left\" data-align=\"left\">Upp till 2 arbetsdagar<\/td><\/tr><tr><td class=\"has-text-align-left\" data-align=\"left\">Trustly<\/td><td class=\"has-text-align-left\" data-align=\"left\">Upp till 2 arbetsdagar<\/td><\/tr><tr><td class=\"has-text-align-left\" data-align=\"left\">iDEAL<\/td><td class=\"has-text-align-left\" data-align=\"left\">Upp till 2 arbetsdagar<\/td><\/tr><\/tbody><\/table><\/div><\/div><\/figure>\n\n\n\n<p>3. Om du har kontrollerat allt ovan och fortfarande inte kan se pengarna \u00e4r du v\u00e4lkommen att kontakta oss. Vi ber d\u00e5 om ett kontoutdrag med din valda betalningsmetod som visar inkommande och utg\u00e5ende transaktioner, fr\u00e5n tidpunkten d\u00e5 uttaget behandlades till d\u00e5 du kontaktade oss. Se till att ditt namn, transaktionsdatum och dina uppgifter om betalningsmetod \u00e4r synliga.<\/p>\n<\/dd><\/div>\n\n\n\n<div class=\"wp-block-etoro-faq-item\"><dt class=\"wp-block-etoro-faq-item-question\">Kan jag ta ut pengar fr\u00e5n eToro till PayPal?<\/dt><dd class=\"wp-block-etoro-faq-item-answer\">\n<p>Ja. Men observera att detta uttagsalternativ endast \u00e4r tillg\u00e4ngligt f\u00f6r klienter som anv\u00e4nt PayPal f\u00f6r att s\u00e4tta in pengar p\u00e5 sina konton.<a href=\"javascript:void(0)\"><\/a><\/p>\n<\/dd><\/div>\n<\/dl>\n<\/div>\n<\/div>\n<\/div><\/section>\n","protected":false},"excerpt":{"rendered":"<p>Hur du tar ut pengar fr\u00e5n ditt eToro-konto \u2013 Vanliga fr\u00e5gor och svar<\/p>\n","protected":false},"author":1,"featured_media":1052248,"parent":10612,"menu_order":1439,"comment_status":"closed","ping_status":"closed","template":"","meta":{"_acf_changed":false,"inline_featured_image":false,"sticky_cta_settings":"","footnotes":""},"asset_type":[],"class_list":["post-10668","page","type-page","status-publish","has-post-thumbnail","hentry"],"acf":[],"yoast_head":"<title>S\u00e5 h\u00e4r tar du ut pengar p\u00e5 eToro<\/title>\n<meta name=\"description\" content=\"H\u00e4r finns allt du beh\u00f6ver veta om hur du tar ut pengar fr\u00e5n eToros plattform f\u00f6r social investering. Dessutom f\u00e5r du svar p\u00e5 vanliga fr\u00e5gor.\" \/>\n<meta name=\"robots\" content=\"index, follow, max-snippet:-1, max-image-preview:large, max-video-preview:-1\" \/>\n<link rel=\"canonical\" href=\"https:\/\/www.etoro.com\/sv\/wp-json\/wp\/v2\/pages\/10668\" \/>\n<meta property=\"og:locale\" content=\"sv_SE\" \/>\n<meta property=\"og:type\" content=\"article\" \/>\n<meta property=\"og:title\" content=\"S\u00e5 h\u00e4r tar du ut pengar p\u00e5 eToro\" \/>\n<meta property=\"og:description\" content=\"H\u00e4r finns allt du beh\u00f6ver veta om hur du tar ut pengar fr\u00e5n eToros plattform f\u00f6r social investering. Dessutom f\u00e5r du svar p\u00e5 vanliga fr\u00e5gor.\" \/>\n<meta property=\"og:url\" content=\"https:\/\/www.etoro.com\/sv\/wp-json\/wp\/v2\/pages\/10668\" \/>\n<meta property=\"og:site_name\" content=\"eToro\" \/>\n<meta property=\"article:publisher\" content=\"https:\/\/www.facebook.com\/eToro\/\" \/>\n<meta property=\"article:modified_time\" content=\"2026-01-08T10:17:34+00:00\" \/>\n<meta property=\"og:image\" content=\"https:\/\/www.etoro.com\/wp-content\/uploads\/2025\/04\/Featured-image-SV-1200x630-1.png\" \/>\n\t<meta property=\"og:image:width\" content=\"1200\" \/>\n\t<meta property=\"og:image:height\" content=\"630\" \/>\n\t<meta property=\"og:image:type\" content=\"image\/png\" \/>\n<meta name=\"twitter:card\" content=\"summary_large_image\" \/>\n<meta name=\"twitter:site\" content=\"@eToro\" \/>\n<meta name=\"twitter:label1\" content=\"Est. reading time\" \/>\n\t<meta name=\"twitter:data1\" content=\"5 minutes\" \/>\n<script type=\"application\/ld+json\" class=\"yoast-schema-graph\">{\"@context\":\"https:\/\/schema.org\",\"@graph\":[{\"@type\":\"WebPage\",\"@id\":\"https:\/\/www.etoro.com\/sv\/customer-service\/withdraw-faq\/\",\"url\":\"https:\/\/www.etoro.com\/sv\/customer-service\/withdraw-faq\/\",\"name\":\"S\u00e5 h\u00e4r tar du ut pengar p\u00e5 eToro\",\"isPartOf\":{\"@id\":\"https:\/\/www.etoro.com\/sv\/#website\"},\"primaryImageOfPage\":{\"@id\":\"https:\/\/www.etoro.com\/sv\/customer-service\/withdraw-faq\/#primaryimage\"},\"image\":{\"@id\":\"https:\/\/www.etoro.com\/sv\/customer-service\/withdraw-faq\/#primaryimage\"},\"thumbnailUrl\":\"https:\/\/www.etoro.com\/wp-content\/uploads\/2025\/04\/Featured-image-SV-1200x630-1.png\",\"datePublished\":\"2017-10-26T05:21:46+00:00\",\"dateModified\":\"2026-01-08T10:17:34+00:00\",\"description\":\"H\u00e4r finns allt du beh\u00f6ver veta om hur du tar ut pengar fr\u00e5n eToros plattform f\u00f6r social investering. Dessutom f\u00e5r du svar p\u00e5 vanliga fr\u00e5gor.\",\"breadcrumb\":{\"@id\":\"https:\/\/www.etoro.com\/sv\/customer-service\/withdraw-faq\/#breadcrumb\"},\"inLanguage\":\"sv\",\"potentialAction\":[{\"@type\":\"ReadAction\",\"target\":[\"https:\/\/www.etoro.com\/sv\/customer-service\/withdraw-faq\/\"]}]},{\"@type\":\"ImageObject\",\"inLanguage\":\"sv\",\"@id\":\"https:\/\/www.etoro.com\/sv\/customer-service\/withdraw-faq\/#primaryimage\",\"url\":\"https:\/\/www.etoro.com\/wp-content\/uploads\/2025\/04\/Featured-image-SV-1200x630-1.png\",\"contentUrl\":\"https:\/\/www.etoro.com\/wp-content\/uploads\/2025\/04\/Featured-image-SV-1200x630-1.png\",\"width\":1200,\"height\":630},{\"@type\":\"BreadcrumbList\",\"@id\":\"https:\/\/www.etoro.com\/sv\/customer-service\/withdraw-faq\/#breadcrumb\",\"itemListElement\":[{\"@type\":\"ListItem\",\"position\":1,\"name\":\"Hem\",\"item\":\"https:\/\/www.etoro.com\/sv\/\"},{\"@type\":\"ListItem\",\"position\":2,\"name\":\"KUNDTJ\u00c4NST\",\"item\":\"https:\/\/www.etoro.com\/sv\/customer-service\/\"},{\"@type\":\"ListItem\",\"position\":3,\"name\":\"VANLIGA FR\u00c5GOR OM UTTAG\"}]},{\"@type\":\"WebSite\",\"@id\":\"https:\/\/www.etoro.com\/sv\/#website\",\"url\":\"https:\/\/www.etoro.com\/sv\/\",\"name\":\"eToro\",\"description\":\"\",\"publisher\":{\"@id\":\"https:\/\/www.etoro.com\/sv\/#organization\"},\"potentialAction\":[{\"@type\":\"SearchAction\",\"target\":{\"@type\":\"EntryPoint\",\"urlTemplate\":\"https:\/\/www.etoro.com\/sv\/?s={search_term_string}\"},\"query-input\":{\"@type\":\"PropertyValueSpecification\",\"valueRequired\":true,\"valueName\":\"search_term_string\"}}],\"inLanguage\":\"sv\"},[]]}<\/script>","yoast_head_json":{"title":"S\u00e5 h\u00e4r tar du ut pengar p\u00e5 eToro","description":"H\u00e4r finns allt du beh\u00f6ver veta om hur du tar ut pengar fr\u00e5n eToros plattform f\u00f6r social investering. Dessutom f\u00e5r du svar p\u00e5 vanliga fr\u00e5gor.","robots":{"index":"index","follow":"follow","max-snippet":"max-snippet:-1","max-image-preview":"max-image-preview:large","max-video-preview":"max-video-preview:-1"},"canonical":"https:\/\/www.etoro.com\/sv\/wp-json\/wp\/v2\/pages\/10668","og_locale":"sv_SE","og_type":"article","og_title":"S\u00e5 h\u00e4r tar du ut pengar p\u00e5 eToro","og_description":"H\u00e4r finns allt du beh\u00f6ver veta om hur du tar ut pengar fr\u00e5n eToros plattform f\u00f6r social investering. Dessutom f\u00e5r du svar p\u00e5 vanliga fr\u00e5gor.","og_url":"https:\/\/www.etoro.com\/sv\/wp-json\/wp\/v2\/pages\/10668","og_site_name":"eToro","article_publisher":"https:\/\/www.facebook.com\/eToro\/","article_modified_time":"2026-01-08T10:17:34+00:00","og_image":[{"width":1200,"height":630,"url":"https:\/\/www.etoro.com\/wp-content\/uploads\/2025\/04\/Featured-image-SV-1200x630-1.png","type":"image\/png"}],"twitter_card":"summary_large_image","twitter_site":"@eToro","twitter_misc":{"Est. reading time":"5 minutes"},"schema":{"@context":"https:\/\/schema.org","@graph":[{"@type":"WebPage","@id":"https:\/\/www.etoro.com\/sv\/customer-service\/withdraw-faq\/","url":"https:\/\/www.etoro.com\/sv\/customer-service\/withdraw-faq\/","name":"S\u00e5 h\u00e4r tar du ut pengar p\u00e5 eToro","isPartOf":{"@id":"https:\/\/www.etoro.com\/sv\/#website"},"primaryImageOfPage":{"@id":"https:\/\/www.etoro.com\/sv\/customer-service\/withdraw-faq\/#primaryimage"},"image":{"@id":"https:\/\/www.etoro.com\/sv\/customer-service\/withdraw-faq\/#primaryimage"},"thumbnailUrl":"https:\/\/www.etoro.com\/wp-content\/uploads\/2025\/04\/Featured-image-SV-1200x630-1.png","datePublished":"2017-10-26T05:21:46+00:00","dateModified":"2026-01-08T10:17:34+00:00","description":"H\u00e4r finns allt du beh\u00f6ver veta om hur du tar ut pengar fr\u00e5n eToros plattform f\u00f6r social investering. Dessutom f\u00e5r du svar p\u00e5 vanliga fr\u00e5gor.","breadcrumb":{"@id":"https:\/\/www.etoro.com\/sv\/customer-service\/withdraw-faq\/#breadcrumb"},"inLanguage":"sv","potentialAction":[{"@type":"ReadAction","target":["https:\/\/www.etoro.com\/sv\/customer-service\/withdraw-faq\/"]}]},{"@type":"ImageObject","inLanguage":"sv","@id":"https:\/\/www.etoro.com\/sv\/customer-service\/withdraw-faq\/#primaryimage","url":"https:\/\/www.etoro.com\/wp-content\/uploads\/2025\/04\/Featured-image-SV-1200x630-1.png","contentUrl":"https:\/\/www.etoro.com\/wp-content\/uploads\/2025\/04\/Featured-image-SV-1200x630-1.png","width":1200,"height":630},{"@type":"BreadcrumbList","@id":"https:\/\/www.etoro.com\/sv\/customer-service\/withdraw-faq\/#breadcrumb","itemListElement":[{"@type":"ListItem","position":1,"name":"Hem","item":"https:\/\/www.etoro.com\/sv\/"},{"@type":"ListItem","position":2,"name":"KUNDTJ\u00c4NST","item":"https:\/\/www.etoro.com\/sv\/customer-service\/"},{"@type":"ListItem","position":3,"name":"VANLIGA FR\u00c5GOR OM UTTAG"}]},{"@type":"WebSite","@id":"https:\/\/www.etoro.com\/sv\/#website","url":"https:\/\/www.etoro.com\/sv\/","name":"eToro","description":"","publisher":{"@id":"https:\/\/www.etoro.com\/sv\/#organization"},"potentialAction":[{"@type":"SearchAction","target":{"@type":"EntryPoint","urlTemplate":"https:\/\/www.etoro.com\/sv\/?s={search_term_string}"},"query-input":{"@type":"PropertyValueSpecification","valueRequired":true,"valueName":"search_term_string"}}],"inLanguage":"sv"},[]]}},"_links":{"self":[{"href":"https:\/\/www.etoro.com\/sv\/wp-json\/wp\/v2\/pages\/10668"}],"collection":[{"href":"https:\/\/www.etoro.com\/sv\/wp-json\/wp\/v2\/pages"}],"about":[{"href":"https:\/\/www.etoro.com\/sv\/wp-json\/wp\/v2\/types\/page"}],"author":[{"embeddable":true,"href":"https:\/\/www.etoro.com\/sv\/wp-json\/wp\/v2\/users\/1"}],"replies":[{"embeddable":true,"href":"https:\/\/www.etoro.com\/sv\/wp-json\/wp\/v2\/comments?post=10668"}],"version-history":[{"count":0,"href":"https:\/\/www.etoro.com\/sv\/wp-json\/wp\/v2\/pages\/10668\/revisions"}],"up":[{"embeddable":true,"href":"https:\/\/www.etoro.com\/sv\/wp-json\/wp\/v2\/pages\/10612"}],"wp:featuredmedia":[{"embeddable":true,"href":"https:\/\/www.etoro.com\/sv\/wp-json\/wp\/v2\/media\/1052248"}],"wp:attachment":[{"href":"https:\/\/www.etoro.com\/sv\/wp-json\/wp\/v2\/media?parent=10668"}],"wp:term":[{"taxonomy":"asset_type","embeddable":true,"href":"https:\/\/www.etoro.com\/sv\/wp-json\/wp\/v2\/asset_type?post=10668"}],"curies":[{"name":"wp","href":"https:\/\/api.w.org\/{rel}","templated":true}]}}