{"id":10689,"date":"2017-09-12T14:44:38","date_gmt":"2017-09-12T11:44:38","guid":{"rendered":"\/etoro\/about\/pips-calculator\/"},"modified":"2018-07-01T11:41:40","modified_gmt":"2018-07-01T08:41:40","slug":"pips-calculator","status":"publish","type":"page","link":"https:\/\/www.etoro.com\/sv\/trading\/pips-calculator\/","title":{"rendered":"Pips-kalkylator"},"content":{"rendered":"<p><span>Vid handel med valutor \u00e4r \u201dpip\u201d traditionellt den minsta r\u00f6relseenheten. Handlare f\u00f6ljer dessa r\u00f6relser noga, eftersom aff\u00e4rer vanligtvis g\u00f6rs i stora volymer, d\u00e4r varje liten r\u00f6relse kan leda till betydande vinst eller f\u00f6rlust. Nedan hittar du en l\u00e4ttanv\u00e4nd kalkylator som hj\u00e4lper dig att fastst\u00e4lla v\u00e4rdet p\u00e5 en enda pip f\u00f6r en viss transaktion.<\/span><\/p>\n<p><iframe loading=\"lazy\" src=\"https:\/\/ssltools.forexprostools.com\/pip-calculator\/index.php?force_lang=13&amp;acc=12\" width=\"100%\" height=\"770\" frameborder=\"0\" marginwidth=\"0\" marginheight=\"0\" scrolling=\"auto\"><\/iframe><\/p>\n","protected":false},"excerpt":{"rendered":"<p>Vid handel med valutor \u00e4r \u201dpip\u201d traditionellt den minsta r\u00f6relseenheten. Handlare f\u00f6ljer dessa r\u00f6relser noga, eftersom aff\u00e4rer vanligtvis g\u00f6rs i stora volymer, d\u00e4r varje liten r\u00f6relse kan leda till betydande vinst eller f\u00f6rlust. Nedan hittar du en l\u00e4ttanv\u00e4nd kalkylator som hj\u00e4lper dig att fastst\u00e4lla v\u00e4rdet p\u00e5 en enda pip f\u00f6r en viss transaktion.<\/p>\n","protected":false},"author":45,"featured_media":0,"parent":18393,"menu_order":1668,"comment_status":"closed","ping_status":"closed","template":"","meta":{"_acf_changed":false,"inline_featured_image":false,"sticky_cta_settings":"","footnotes":""},"asset_type":[],"class_list":["post-10689","page","type-page","status-publish","hentry"],"acf":[],"yoast_head":"<title>Pipkalkylator \u2013 ber\u00e4kna varje pips v\u00e4rde | eToro<\/title>\n<meta name=\"description\" content=\"Hur mycket \u00e4r en pip v\u00e4rd? Anv\u00e4nd eToros pip- och marginalkalkylator f\u00f6r att bed\u00f6ma v\u00e4rdet av en pip n\u00e4r du handlar online s\u00e5 f\u00e5r du b\u00e4ttre koll.\" \/>\n<meta name=\"robots\" content=\"index, follow, max-snippet:-1, max-image-preview:large, max-video-preview:-1\" \/>\n<link rel=\"canonical\" href=\"https:\/\/www.etoro.com\/sv\/wp-json\/wp\/v2\/pages\/10689\" \/>\n<meta property=\"og:locale\" content=\"sv_SE\" \/>\n<meta property=\"og:type\" content=\"article\" \/>\n<meta property=\"og:title\" content=\"Pipkalkylator \u2013 ber\u00e4kna varje pips v\u00e4rde | eToro\" \/>\n<meta property=\"og:description\" content=\"Hur mycket \u00e4r en pip v\u00e4rd? Anv\u00e4nd eToros pip- och marginalkalkylator f\u00f6r att bed\u00f6ma v\u00e4rdet av en pip n\u00e4r du handlar online s\u00e5 f\u00e5r du b\u00e4ttre koll.\" \/>\n<meta property=\"og:url\" content=\"https:\/\/www.etoro.com\/sv\/wp-json\/wp\/v2\/pages\/10689\" \/>\n<meta property=\"og:site_name\" content=\"eToro\" \/>\n<meta property=\"article:publisher\" content=\"https:\/\/www.facebook.com\/eToro\/\" \/>\n<meta property=\"article:modified_time\" content=\"2018-07-01T08:41:40+00:00\" \/>\n<meta property=\"og:image\" content=\"https:\/\/www.etoro.com\/wp-content\/uploads\/2019\/12\/etoro_logo_social_share1.png\" \/>\n\t<meta property=\"og:image:width\" content=\"240\" \/>\n\t<meta property=\"og:image:height\" content=\"240\" \/>\n\t<meta property=\"og:image:type\" content=\"image\/png\" \/>\n<meta name=\"twitter:card\" content=\"summary_large_image\" \/>\n<meta name=\"twitter:site\" content=\"@eToro\" \/>\n<script type=\"application\/ld+json\" class=\"yoast-schema-graph\">{\"@context\":\"https:\/\/schema.org\",\"@graph\":[{\"@type\":\"WebPage\",\"@id\":\"https:\/\/www.etoro.com\/sv\/trading\/pips-calculator\/\",\"url\":\"https:\/\/www.etoro.com\/sv\/trading\/pips-calculator\/\",\"name\":\"Pipkalkylator \u2013 ber\u00e4kna varje pips v\u00e4rde | eToro\",\"isPartOf\":{\"@id\":\"https:\/\/www.etoro.com\/sv\/#website\"},\"datePublished\":\"2017-09-12T11:44:38+00:00\",\"dateModified\":\"2018-07-01T08:41:40+00:00\",\"description\":\"Hur mycket \u00e4r en pip v\u00e4rd? Anv\u00e4nd eToros pip- och marginalkalkylator f\u00f6r att bed\u00f6ma v\u00e4rdet av en pip n\u00e4r du handlar online s\u00e5 f\u00e5r du b\u00e4ttre koll.\",\"breadcrumb\":{\"@id\":\"https:\/\/www.etoro.com\/sv\/trading\/pips-calculator\/#breadcrumb\"},\"inLanguage\":\"sv\",\"potentialAction\":[{\"@type\":\"ReadAction\",\"target\":[\"https:\/\/www.etoro.com\/sv\/trading\/pips-calculator\/\"]}]},{\"@type\":\"BreadcrumbList\",\"@id\":\"https:\/\/www.etoro.com\/sv\/trading\/pips-calculator\/#breadcrumb\",\"itemListElement\":[{\"@type\":\"ListItem\",\"position\":1,\"name\":\"Hem\",\"item\":\"https:\/\/www.etoro.com\/sv\/\"},{\"@type\":\"ListItem\",\"position\":2,\"name\":\"HANDEL\",\"item\":\"https:\/\/www.etoro.com\/sv\/trading\/\"},{\"@type\":\"ListItem\",\"position\":3,\"name\":\"PIPS-KALKYLATOR\"}]},{\"@type\":\"WebSite\",\"@id\":\"https:\/\/www.etoro.com\/sv\/#website\",\"url\":\"https:\/\/www.etoro.com\/sv\/\",\"name\":\"eToro\",\"description\":\"\",\"publisher\":{\"@id\":\"https:\/\/www.etoro.com\/sv\/#organization\"},\"potentialAction\":[{\"@type\":\"SearchAction\",\"target\":{\"@type\":\"EntryPoint\",\"urlTemplate\":\"https:\/\/www.etoro.com\/sv\/?s={search_term_string}\"},\"query-input\":{\"@type\":\"PropertyValueSpecification\",\"valueRequired\":true,\"valueName\":\"search_term_string\"}}],\"inLanguage\":\"sv\"},[]]}<\/script>","yoast_head_json":{"title":"Pipkalkylator \u2013 ber\u00e4kna varje pips v\u00e4rde | eToro","description":"Hur mycket \u00e4r en pip v\u00e4rd? Anv\u00e4nd eToros pip- och marginalkalkylator f\u00f6r att bed\u00f6ma v\u00e4rdet av en pip n\u00e4r du handlar online s\u00e5 f\u00e5r du b\u00e4ttre koll.","robots":{"index":"index","follow":"follow","max-snippet":"max-snippet:-1","max-image-preview":"max-image-preview:large","max-video-preview":"max-video-preview:-1"},"canonical":"https:\/\/www.etoro.com\/sv\/wp-json\/wp\/v2\/pages\/10689","og_locale":"sv_SE","og_type":"article","og_title":"Pipkalkylator \u2013 ber\u00e4kna varje pips v\u00e4rde | eToro","og_description":"Hur mycket \u00e4r en pip v\u00e4rd? Anv\u00e4nd eToros pip- och marginalkalkylator f\u00f6r att bed\u00f6ma v\u00e4rdet av en pip n\u00e4r du handlar online s\u00e5 f\u00e5r du b\u00e4ttre koll.","og_url":"https:\/\/www.etoro.com\/sv\/wp-json\/wp\/v2\/pages\/10689","og_site_name":"eToro","article_publisher":"https:\/\/www.facebook.com\/eToro\/","article_modified_time":"2018-07-01T08:41:40+00:00","og_image":[{"width":240,"height":240,"url":"https:\/\/www.etoro.com\/wp-content\/uploads\/2019\/12\/etoro_logo_social_share1.png","type":"image\/png"}],"twitter_card":"summary_large_image","twitter_site":"@eToro","schema":{"@context":"https:\/\/schema.org","@graph":[{"@type":"WebPage","@id":"https:\/\/www.etoro.com\/sv\/trading\/pips-calculator\/","url":"https:\/\/www.etoro.com\/sv\/trading\/pips-calculator\/","name":"Pipkalkylator \u2013 ber\u00e4kna varje pips v\u00e4rde | eToro","isPartOf":{"@id":"https:\/\/www.etoro.com\/sv\/#website"},"datePublished":"2017-09-12T11:44:38+00:00","dateModified":"2018-07-01T08:41:40+00:00","description":"Hur mycket \u00e4r en pip v\u00e4rd? Anv\u00e4nd eToros pip- och marginalkalkylator f\u00f6r att bed\u00f6ma v\u00e4rdet av en pip n\u00e4r du handlar online s\u00e5 f\u00e5r du b\u00e4ttre koll.","breadcrumb":{"@id":"https:\/\/www.etoro.com\/sv\/trading\/pips-calculator\/#breadcrumb"},"inLanguage":"sv","potentialAction":[{"@type":"ReadAction","target":["https:\/\/www.etoro.com\/sv\/trading\/pips-calculator\/"]}]},{"@type":"BreadcrumbList","@id":"https:\/\/www.etoro.com\/sv\/trading\/pips-calculator\/#breadcrumb","itemListElement":[{"@type":"ListItem","position":1,"name":"Hem","item":"https:\/\/www.etoro.com\/sv\/"},{"@type":"ListItem","position":2,"name":"HANDEL","item":"https:\/\/www.etoro.com\/sv\/trading\/"},{"@type":"ListItem","position":3,"name":"PIPS-KALKYLATOR"}]},{"@type":"WebSite","@id":"https:\/\/www.etoro.com\/sv\/#website","url":"https:\/\/www.etoro.com\/sv\/","name":"eToro","description":"","publisher":{"@id":"https:\/\/www.etoro.com\/sv\/#organization"},"potentialAction":[{"@type":"SearchAction","target":{"@type":"EntryPoint","urlTemplate":"https:\/\/www.etoro.com\/sv\/?s={search_term_string}"},"query-input":{"@type":"PropertyValueSpecification","valueRequired":true,"valueName":"search_term_string"}}],"inLanguage":"sv"},[]]}},"_links":{"self":[{"href":"https:\/\/www.etoro.com\/sv\/wp-json\/wp\/v2\/pages\/10689"}],"collection":[{"href":"https:\/\/www.etoro.com\/sv\/wp-json\/wp\/v2\/pages"}],"about":[{"href":"https:\/\/www.etoro.com\/sv\/wp-json\/wp\/v2\/types\/page"}],"author":[{"embeddable":true,"href":"https:\/\/www.etoro.com\/sv\/wp-json\/wp\/v2\/users\/45"}],"replies":[{"embeddable":true,"href":"https:\/\/www.etoro.com\/sv\/wp-json\/wp\/v2\/comments?post=10689"}],"version-history":[{"count":0,"href":"https:\/\/www.etoro.com\/sv\/wp-json\/wp\/v2\/pages\/10689\/revisions"}],"up":[{"embeddable":true,"href":"https:\/\/www.etoro.com\/sv\/wp-json\/wp\/v2\/pages\/18393"}],"wp:attachment":[{"href":"https:\/\/www.etoro.com\/sv\/wp-json\/wp\/v2\/media?parent=10689"}],"wp:term":[{"taxonomy":"asset_type","embeddable":true,"href":"https:\/\/www.etoro.com\/sv\/wp-json\/wp\/v2\/asset_type?post=10689"}],"curies":[{"name":"wp","href":"https:\/\/api.w.org\/{rel}","templated":true}]}}