{"id":10732,"date":"2017-10-24T09:56:32","date_gmt":"2017-10-24T06:56:32","guid":{"rendered":"\/etoro\/customer-service\/responsible-trading\/"},"modified":"2024-07-08T13:20:39","modified_gmt":"2024-07-08T10:20:39","slug":"responsible-trading","status":"publish","type":"page","link":"https:\/\/www.etoro.com\/sv\/customer-service\/responsible-trading\/","title":{"rendered":"Policy f\u00f6r ansvarsfull handel"},"content":{"rendered":"\n<section class=\"wp-block-group wp-block-group-boxed has-white-background-color has-background\"><div class=\"wp-block-group-inner is-layout-flow wp-block-group-is-layout-flow\">\n<div class=\"wp-block-columns are-vertically-aligned-top wp-block-columns-1 is-layout-flex wp-container-core-columns-is-layout-1 wp-block-columns-is-layout-flex\">\n<div class=\"wp-block-column is-layout-flow wp-block-column-is-layout-flow\">\n<p>Vi uppmuntrar ansvarsfullt beteende f\u00f6r alla v\u00e5ra anv\u00e4ndare vid handel p\u00e5 eToro eller anv\u00e4ndning av v\u00e5ra sociala handelsfunktioner. V\u00e5r \u201dpolicy f\u00f6r ansvarsfull handel\u201d uppmanar handlare att skydda sig mot k\u00e4nslom\u00e4ssigt beslutsfattande eftersom det kan leda till on\u00f6diga f\u00f6rluster.<\/p>\n\n\n\n<p>I synnerhet nyb\u00f6rjarhandlare tenderar att f\u00f6rlita sig mer p\u00e5 \u201dmagk\u00e4nsla\u201d, eftersom de inte har nog med erfarenhet av finansiell handel f\u00f6r att fatta rationella och medvetna beslut.<\/p>\n\n\n\n<p>F\u00f6r att undvika att handlare fattar f\u00f6rhastade handelsbeslut rekommenderar eToro, i enlighet med lokala finansiella tillsynsmyndigheter, f\u00f6ljande:<\/p>\n\n\n\n<ul class=\"wp-block-list wp-block-list-circle\">\n<li>Maximal h\u00e4vst\u00e5ng enligt f\u00f6ljande lista:<\/li>\n<\/ul>\n\n\n\n<p><strong>1. <\/strong>30:1 f\u00f6r st\u00f6rre valutapar;<\/p>\n\n\n\n<p><strong>2.<\/strong> 20:1 f\u00f6r mindre valutapar, guld och stora index;<\/p>\n\n\n\n<p><strong>3.<\/strong> 10:1 f\u00f6r r\u00e5varor med undantag f\u00f6r guld och mindre aktieindex;<\/p>\n\n\n\n<p><strong>4.<\/strong> 5:1 f\u00f6r enskilda aktier och andra referensv\u00e4rden;<\/p>\n\n\n\n<p><strong>5.<\/strong> 2:1 f\u00f6r kryptovalutor;<\/p>\n\n\n\n<ul class=\"wp-block-list wp-block-list-circle\">\n<li>Satsa inte mer \u00e4n 20 % av eget kapital p\u00e5 en aff\u00e4r<\/li>\n\n\n\n<li>Tilldela inte mer \u00e4n 40 % av ditt totala saldo f\u00f6r att kopiera en handlare<\/li>\n<\/ul>\n\n\n\n<p>Nyckelfaktorerna f\u00f6r smarta investeringar \u00e4r l\u00e5g h\u00e4vst\u00e5ng och diversifiering av portf\u00f6ljen, ett faktum som bekr\u00e4ftas av eToros topphandlare.<\/p>\n\n\n\n<h2 class=\"wp-block-heading\">H\u00e4r \u00e4r n\u00e5gra tips f\u00f6r att bli en mer ansvarsfull handlare:<\/h2>\n\n\n\n<ol class=\"wp-block-list\">\n<li>Investera bara i vad du k\u00e4nner till: F\u00f6lj inte slumpm\u00e4ssiga tips eller magk\u00e4nslan. Om du vill investera i en viss tillg\u00e5ng, bekanta dig med dess historik och tendenser.<\/li>\n\n\n\n<li>Titta p\u00e5 din riskpo\u00e4ng: Din unika riskpo\u00e4ng \u00e4r ett bra s\u00e4tt att se om du \u00e4r en ansvarsfull handlare. eToro rekommenderar att du h\u00e5ller riskpo\u00e4ngen p\u00e5 tre eller l\u00e4gre.<\/li>\n\n\n\n<li>Justera din portf\u00f6lj: Diversifiera din portf\u00f6lj med tillg\u00e5ngar i m\u00e5nga klasser. Om du inte vill \u00f6vervaka din portf\u00f6lj ofta kan du v\u00e4lja ett instrument som kr\u00e4ver l\u00e4gre engagemang, till exempel Smart Portfolios eller v\u00e5rt CopyTrader\u2122-system.<\/li>\n\n\n\n<li>Kopiera andra ansvarsfulla handlare: Kolla p\u00e5 riskpo\u00e4ng, historik och portf\u00f6ljdiversitet n\u00e4r du kopierar en annan handlare.<\/li>\n<\/ol>\n\n\n\n<figure class=\"wp-block-image aligncenter\"><img loading=\"lazy\" decoding=\"async\" width=\"1059\" height=\"529\" src=\"\/wp-content\/uploads\/2017\/10\/trading-guideline-img.png\" alt=\"\" class=\"wp-image-19091 wp-image-desktop\" srcset=\"https:\/\/www.etoro.com\/wp-content\/uploads\/2017\/10\/trading-guideline-img.png 1059w, https:\/\/www.etoro.com\/wp-content\/uploads\/2017\/10\/trading-guideline-img-300x150.png 300w, https:\/\/www.etoro.com\/wp-content\/uploads\/2017\/10\/trading-guideline-img-768x384.png 768w, https:\/\/www.etoro.com\/wp-content\/uploads\/2017\/10\/trading-guideline-img-1024x512.png 1024w\" sizes=\"(max-width: 1059px) 100vw, 1059px\" \/><\/figure>\n\n\n\n<h2 class=\"wp-block-heading\">M\u00e4nsklig psykologi och k\u00e4nslom\u00e4ssig handel<\/h2>\n\n\n\n<p>Handlare p\u00e5 alla niv\u00e5er kan f\u00f6rlita sig f\u00f6r mycket p\u00e5 sina k\u00e4nslor vid handel. Detta \u00e4r ett misstag eftersom r\u00e4dsla, girighet och sp\u00e4nning kan bidra till att fatta d\u00e5liga beslut. Ha alltid en handelsplan och h\u00e5ll fast vid den oavsett vad som h\u00e4nder. Ta med tipsen fr\u00e5n avsnittet ovan n\u00e4r du skapar din handelsplan och var s\u00e4rskilt uppm\u00e4rksam p\u00e5:<\/p>\n\n\n\n<ol class=\"wp-block-list\">\n<li>Maximal h\u00e4vst\u00e5ng<\/li>\n\n\n\n<li>Diversifiering av portf\u00f6ljen<\/li>\n\n\n\n<li>Riskpo\u00e4ng och andra handlares profiler<\/li>\n<\/ol>\n\n\n\n<p>Om du har n\u00e5gra fr\u00e5gor om ansvarsfull handel kan du kontakta v\u00e5r&nbsp;<a href=\"https:\/\/www.etoro.com\/sv\/customer-service\/\">kundtj\u00e4nst<\/a>&nbsp;n\u00e4r det passar dig.<\/p>\n<\/div>\n<\/div>\n<\/div><\/section>\n","protected":false},"excerpt":{"rendered":"<p>Vi uppmuntrar ansvarsfullt beteende f\u00f6r alla v\u00e5ra anv\u00e4ndare vid handel p\u00e5 eToro eller anv\u00e4ndning av v\u00e5ra sociala handelsfunktioner. V\u00e5r \u201dpolicy f\u00f6r ansvarsfull handel\u201d uppmanar handlare att skydda sig mot k\u00e4nslom\u00e4ssigt beslutsfattande eftersom det kan leda till on\u00f6diga f\u00f6rluster. I synnerhet nyb\u00f6rjarhandlare tenderar att f\u00f6rlita sig mer p\u00e5 \u201dmagk\u00e4nsla\u201d, eftersom de inte har nog med erfarenhet&hellip;<\/p>\n","protected":false},"author":1,"featured_media":0,"parent":10612,"menu_order":1502,"comment_status":"closed","ping_status":"closed","template":"","meta":{"_acf_changed":false,"inline_featured_image":false,"sticky_cta_settings":"","footnotes":""},"asset_type":[],"class_list":["post-10732","page","type-page","status-publish","hentry"],"acf":[],"yoast_head":"<title>Policy f\u00f6r ansvarsfull handel | eToro<\/title>\n<meta name=\"description\" content=\"eToro uppmuntrar kunder till ansvarsfull handel och vi visar dem hur man handlar s\u00e4kert. L\u00e4s v\u00e5r policy f\u00f6r ansvarsfull handel s\u00e5 f\u00e5r du veta hur vi g\u00f6r det.\" \/>\n<meta name=\"robots\" content=\"index, follow, max-snippet:-1, max-image-preview:large, max-video-preview:-1\" \/>\n<link rel=\"canonical\" href=\"https:\/\/www.etoro.com\/sv\/wp-json\/wp\/v2\/pages\/10732\" \/>\n<meta property=\"og:locale\" content=\"sv_SE\" \/>\n<meta property=\"og:type\" content=\"article\" \/>\n<meta property=\"og:title\" content=\"Policy f\u00f6r ansvarsfull handel | eToro\" \/>\n<meta property=\"og:description\" content=\"eToro uppmuntrar kunder till ansvarsfull handel och vi visar dem hur man handlar s\u00e4kert. L\u00e4s v\u00e5r policy f\u00f6r ansvarsfull handel s\u00e5 f\u00e5r du veta hur vi g\u00f6r det.\" \/>\n<meta property=\"og:url\" content=\"https:\/\/www.etoro.com\/sv\/wp-json\/wp\/v2\/pages\/10732\" \/>\n<meta property=\"og:site_name\" content=\"eToro\" \/>\n<meta property=\"article:publisher\" content=\"https:\/\/www.facebook.com\/eToro\/\" \/>\n<meta property=\"article:modified_time\" content=\"2024-07-08T10:20:39+00:00\" \/>\n<meta property=\"og:image\" content=\"https:\/\/www.etoro.com\/wp-content\/uploads\/2019\/12\/etoro_logo_social_share1.png\" \/>\n\t<meta property=\"og:image:width\" content=\"240\" \/>\n\t<meta property=\"og:image:height\" content=\"240\" \/>\n\t<meta property=\"og:image:type\" content=\"image\/png\" \/>\n<meta name=\"twitter:card\" content=\"summary_large_image\" \/>\n<meta name=\"twitter:site\" content=\"@eToro\" \/>\n<meta name=\"twitter:label1\" content=\"Est. reading time\" \/>\n\t<meta name=\"twitter:data1\" content=\"2 minutes\" \/>\n<script type=\"application\/ld+json\" class=\"yoast-schema-graph\">{\"@context\":\"https:\/\/schema.org\",\"@graph\":[{\"@type\":\"WebPage\",\"@id\":\"https:\/\/www.etoro.com\/sv\/customer-service\/responsible-trading\/\",\"url\":\"https:\/\/www.etoro.com\/sv\/customer-service\/responsible-trading\/\",\"name\":\"Policy f\u00f6r ansvarsfull handel | eToro\",\"isPartOf\":{\"@id\":\"https:\/\/www.etoro.com\/sv\/#website\"},\"datePublished\":\"2017-10-24T06:56:32+00:00\",\"dateModified\":\"2024-07-08T10:20:39+00:00\",\"description\":\"eToro uppmuntrar kunder till ansvarsfull handel och vi visar dem hur man handlar s\u00e4kert. L\u00e4s v\u00e5r policy f\u00f6r ansvarsfull handel s\u00e5 f\u00e5r du veta hur vi g\u00f6r det.\",\"breadcrumb\":{\"@id\":\"https:\/\/www.etoro.com\/sv\/customer-service\/responsible-trading\/#breadcrumb\"},\"inLanguage\":\"sv\",\"potentialAction\":[{\"@type\":\"ReadAction\",\"target\":[\"https:\/\/www.etoro.com\/sv\/customer-service\/responsible-trading\/\"]}]},{\"@type\":\"BreadcrumbList\",\"@id\":\"https:\/\/www.etoro.com\/sv\/customer-service\/responsible-trading\/#breadcrumb\",\"itemListElement\":[{\"@type\":\"ListItem\",\"position\":1,\"name\":\"Hem\",\"item\":\"https:\/\/www.etoro.com\/sv\/\"},{\"@type\":\"ListItem\",\"position\":2,\"name\":\"KUNDTJ\u00c4NST\",\"item\":\"https:\/\/www.etoro.com\/sv\/customer-service\/\"},{\"@type\":\"ListItem\",\"position\":3,\"name\":\"ANSVARSFULL HANDEL\"}]},{\"@type\":\"WebSite\",\"@id\":\"https:\/\/www.etoro.com\/sv\/#website\",\"url\":\"https:\/\/www.etoro.com\/sv\/\",\"name\":\"eToro\",\"description\":\"\",\"publisher\":{\"@id\":\"https:\/\/www.etoro.com\/sv\/#organization\"},\"potentialAction\":[{\"@type\":\"SearchAction\",\"target\":{\"@type\":\"EntryPoint\",\"urlTemplate\":\"https:\/\/www.etoro.com\/sv\/?s={search_term_string}\"},\"query-input\":{\"@type\":\"PropertyValueSpecification\",\"valueRequired\":true,\"valueName\":\"search_term_string\"}}],\"inLanguage\":\"sv\"},[]]}<\/script>","yoast_head_json":{"title":"Policy f\u00f6r ansvarsfull handel | eToro","description":"eToro uppmuntrar kunder till ansvarsfull handel och vi visar dem hur man handlar s\u00e4kert. L\u00e4s v\u00e5r policy f\u00f6r ansvarsfull handel s\u00e5 f\u00e5r du veta hur vi g\u00f6r det.","robots":{"index":"index","follow":"follow","max-snippet":"max-snippet:-1","max-image-preview":"max-image-preview:large","max-video-preview":"max-video-preview:-1"},"canonical":"https:\/\/www.etoro.com\/sv\/wp-json\/wp\/v2\/pages\/10732","og_locale":"sv_SE","og_type":"article","og_title":"Policy f\u00f6r ansvarsfull handel | eToro","og_description":"eToro uppmuntrar kunder till ansvarsfull handel och vi visar dem hur man handlar s\u00e4kert. L\u00e4s v\u00e5r policy f\u00f6r ansvarsfull handel s\u00e5 f\u00e5r du veta hur vi g\u00f6r det.","og_url":"https:\/\/www.etoro.com\/sv\/wp-json\/wp\/v2\/pages\/10732","og_site_name":"eToro","article_publisher":"https:\/\/www.facebook.com\/eToro\/","article_modified_time":"2024-07-08T10:20:39+00:00","og_image":[{"width":240,"height":240,"url":"https:\/\/www.etoro.com\/wp-content\/uploads\/2019\/12\/etoro_logo_social_share1.png","type":"image\/png"}],"twitter_card":"summary_large_image","twitter_site":"@eToro","twitter_misc":{"Est. reading time":"2 minutes"},"schema":{"@context":"https:\/\/schema.org","@graph":[{"@type":"WebPage","@id":"https:\/\/www.etoro.com\/sv\/customer-service\/responsible-trading\/","url":"https:\/\/www.etoro.com\/sv\/customer-service\/responsible-trading\/","name":"Policy f\u00f6r ansvarsfull handel | eToro","isPartOf":{"@id":"https:\/\/www.etoro.com\/sv\/#website"},"datePublished":"2017-10-24T06:56:32+00:00","dateModified":"2024-07-08T10:20:39+00:00","description":"eToro uppmuntrar kunder till ansvarsfull handel och vi visar dem hur man handlar s\u00e4kert. L\u00e4s v\u00e5r policy f\u00f6r ansvarsfull handel s\u00e5 f\u00e5r du veta hur vi g\u00f6r det.","breadcrumb":{"@id":"https:\/\/www.etoro.com\/sv\/customer-service\/responsible-trading\/#breadcrumb"},"inLanguage":"sv","potentialAction":[{"@type":"ReadAction","target":["https:\/\/www.etoro.com\/sv\/customer-service\/responsible-trading\/"]}]},{"@type":"BreadcrumbList","@id":"https:\/\/www.etoro.com\/sv\/customer-service\/responsible-trading\/#breadcrumb","itemListElement":[{"@type":"ListItem","position":1,"name":"Hem","item":"https:\/\/www.etoro.com\/sv\/"},{"@type":"ListItem","position":2,"name":"KUNDTJ\u00c4NST","item":"https:\/\/www.etoro.com\/sv\/customer-service\/"},{"@type":"ListItem","position":3,"name":"ANSVARSFULL HANDEL"}]},{"@type":"WebSite","@id":"https:\/\/www.etoro.com\/sv\/#website","url":"https:\/\/www.etoro.com\/sv\/","name":"eToro","description":"","publisher":{"@id":"https:\/\/www.etoro.com\/sv\/#organization"},"potentialAction":[{"@type":"SearchAction","target":{"@type":"EntryPoint","urlTemplate":"https:\/\/www.etoro.com\/sv\/?s={search_term_string}"},"query-input":{"@type":"PropertyValueSpecification","valueRequired":true,"valueName":"search_term_string"}}],"inLanguage":"sv"},[]]}},"_links":{"self":[{"href":"https:\/\/www.etoro.com\/sv\/wp-json\/wp\/v2\/pages\/10732"}],"collection":[{"href":"https:\/\/www.etoro.com\/sv\/wp-json\/wp\/v2\/pages"}],"about":[{"href":"https:\/\/www.etoro.com\/sv\/wp-json\/wp\/v2\/types\/page"}],"author":[{"embeddable":true,"href":"https:\/\/www.etoro.com\/sv\/wp-json\/wp\/v2\/users\/1"}],"replies":[{"embeddable":true,"href":"https:\/\/www.etoro.com\/sv\/wp-json\/wp\/v2\/comments?post=10732"}],"version-history":[{"count":0,"href":"https:\/\/www.etoro.com\/sv\/wp-json\/wp\/v2\/pages\/10732\/revisions"}],"up":[{"embeddable":true,"href":"https:\/\/www.etoro.com\/sv\/wp-json\/wp\/v2\/pages\/10612"}],"wp:attachment":[{"href":"https:\/\/www.etoro.com\/sv\/wp-json\/wp\/v2\/media?parent=10732"}],"wp:term":[{"taxonomy":"asset_type","embeddable":true,"href":"https:\/\/www.etoro.com\/sv\/wp-json\/wp\/v2\/asset_type?post=10732"}],"curies":[{"name":"wp","href":"https:\/\/api.w.org\/{rel}","templated":true}]}}