{"id":10773,"date":"2017-08-15T10:56:22","date_gmt":"2017-08-15T09:56:22","guid":{"rendered":"\/etoro\/customer-service\/terms-conditions\/"},"modified":"2026-01-06T16:57:51","modified_gmt":"2026-01-06T14:57:51","slug":"terms-conditions","status":"publish","type":"page","link":"https:\/\/www.etoro.com\/sv\/customer-service\/terms-conditions\/","title":{"rendered":"Regler och villkor"},"content":{"rendered":"<h2>eToro (Europe):s kunder b\u00f6r l\u00e4sa reglerna och villkoren fr\u00e5n eToro (Europe) Ltd.<\/h2>\n<div class=\"documets_table documents_table_two_cols\"><a file_type='pdf' class='document_td' href='https:\/\/www.etoro.com\/wp-content\/uploads\/2026\/01\/eToro-EU-Terms-and-Conditions-7-January-2026-Clean.pdf' target='_blank'>\n            <span class='document_td_vertical'>\n                <span class='file_name'>eToro (Europe) Ltd. Terms and Conditions<\/span>\n                <span class='file_link'>Ladda ner PDF<\/span>\n            <\/span>\n        <\/a><a file_type='pdf' class='document_td' href='https:\/\/www.etoro.com\/wp-content\/uploads\/2026\/01\/eToro-EU-Terms-and-Conditions-German-Translation-7-January-2026-Clean.pdf' target='_blank'>\n            <span class='document_td_vertical'>\n                <span class='file_name'>eToro (EU) Terms and Conditions \u2013 German Translation<\/span>\n                <span class='file_link'>Ladda ner PDF<\/span>\n            <\/span>\n        <\/a><a file_type='pdf' class='document_td' href='https:\/\/www.etoro.com\/wp-content\/uploads\/2022\/10\/eToro-EU-Terms-and-Conditions-Spanish-Translation-Update-30-August-2022.pdf' target='_blank'>\n            <span class='document_td_vertical'>\n                <span class='file_name'>eToro (EU) Terms and Conditions \u2013 Spanish Translation<\/span>\n                <span class='file_link'>Ladda ner PDF<\/span>\n            <\/span>\n        <\/a><a file_type='pdf' class='document_td' href='https:\/\/www.etoro.com\/wp-content\/uploads\/2022\/10\/eToro-EU-Terms-and-Conditions-French-Translation-Update-30-August-2022.pdf' target='_blank'>\n            <span class='document_td_vertical'>\n                <span class='file_name'>eToro (EU) Terms and Conditions \u2013 French Translation<\/span>\n                <span class='file_link'>Ladda ner PDF<\/span>\n            <\/span>\n        <\/a><a file_type='pdf' class='document_td' href='https:\/\/www.etoro.com\/wp-content\/uploads\/2022\/10\/eToro-EU-Terms-and-Conditions-Italian-Translation-Update-30-August-2022.pdf' target='_blank'>\n            <span class='document_td_vertical'>\n                <span class='file_name'>eToro EU Terms and Conditions \u2013 Italian Translation<\/span>\n                <span class='file_link'>Ladda ner PDF<\/span>\n            <\/span>\n        <\/a><a file_type='pdf' class='document_td' href='https:\/\/www.etoro.com\/wp-content\/uploads\/2022\/10\/eToro-EU-Terms-and-Conditions-Arabic-Translation-Update-30-August-2022.pdf' target='_blank'>\n            <span class='document_td_vertical'>\n                <span class='file_name'>eToro (EU) Terms and Conditions \u2013 Arabic translation<\/span>\n                <span class='file_link'>Ladda ner PDF<\/span>\n            <\/span>\n        <\/a><\/div>\n<h2>eToro (UK):s kunder b\u00f6r l\u00e4sa reglerna och villkoren fr\u00e5n eToro (UK) Ltd.<\/h2>\n<div class=\"documets_table documents_table_two_cols\"><a file_type='pdf' class='document_td' href='https:\/\/www.etoro.com\/wp-content\/uploads\/2025\/09\/eToro-UK-Terms-and-Conditions-26-January-2026-Clean-1.pdf' target='_blank'>\n            <span class='document_td_vertical'>\n                <span class='file_name'>eToro (UK) Ltd. Terms and Conditions<\/span>\n                <span class='file_link'>Ladda ner PDF<\/span>\n            <\/span>\n        <\/a><\/div>\n<h2>eToro (Australias) kunder b\u00f6r l\u00e4sa produktvillkoren, villkoren f\u00f6r finansiella produkter och guiden f\u00f6r finansiella tj\u00e4nster fr\u00e5n eToro AUS Capital Limited<\/h2>\n<div class=\"documets_table documents_table_two_cols\"><a file_type='pdf' class='document_td' href='https:\/\/www.etoro.com\/wp-content\/uploads\/2021\/09\/20230724_PDS.pdf' target='_blank'>\n            <span class='document_td_vertical'>\n                <span class='file_name'>eToro AUS Capital Limited PDS<\/span>\n                <span class='file_link'>Ladda ner PDF<\/span>\n            <\/span>\n        <\/a><a file_type='pdf' class='document_td' href='https:\/\/www.etoro.com\/wp-content\/uploads\/2023\/05\/20230510_FSG.pdf' target='_blank'>\n            <span class='document_td_vertical'>\n                <span class='file_name'>eToro AUS Capital Limited FSG<\/span>\n                <span class='file_link'>Ladda ner PDF<\/span>\n            <\/span>\n        <\/a><a file_type='pdf' class='document_td' href='https:\/\/www.etoro.com\/wp-content\/uploads\/2023\/05\/20230510_TCs.pdf' target='_blank'>\n            <span class='document_td_vertical'>\n                <span class='file_name'>eToro AUS Capital Limited Financial Product Terms<\/span>\n                <span class='file_link'>Ladda ner PDF<\/span>\n            <\/span>\n        <\/a><a file_type='pdf' class='document_td' href='https:\/\/www.etoro.com\/wp-content\/uploads\/2023\/05\/20230510_RAF.pdf' target='_blank'>\n            <span class='document_td_vertical'>\n                <span class='file_name'>eToro Aus Capital Ltd. Refer a Friend Terms & Conditions (the \u201cTerms\u201d)<\/span>\n                <span class='file_link'>Ladda ner PDF<\/span>\n            <\/span>\n        <\/a><\/div>\n<h2>eToro (Seychelles):s kunder b\u00f6r l\u00e4sa reglerna och villkoren fr\u00e5n eToro (Seychelles) Ltd.<\/h2>\n<div class=\"documets_table documents_table_two_cols\"><a file_type='pdf' class='document_td' href='https:\/\/www.etoro.com\/wp-content\/uploads\/2025\/12\/eToro-Seychelles-Terms-and-Conditions-15-December-2025.pdf' target='_blank'>\n            <span class='document_td_vertical'>\n                <span class='file_name'>eToro Seychelles - Terms and Conditions<\/span>\n                <span class='file_link'>Ladda ner PDF<\/span>\n            <\/span>\n        <\/a><\/div>\n","protected":false},"excerpt":{"rendered":"<p>eToro (Europe):s kunder b\u00f6r l\u00e4sa reglerna och villkoren fr\u00e5n eToro (Europe) Ltd. eToro (UK):s kunder b\u00f6r l\u00e4sa reglerna och villkoren fr\u00e5n eToro (UK) Ltd. eToro (Australias) kunder b\u00f6r l\u00e4sa produktvillkoren, villkoren f\u00f6r finansiella produkter och guiden f\u00f6r finansiella tj\u00e4nster fr\u00e5n eToro AUS Capital Limited eToro (Seychelles):s kunder b\u00f6r l\u00e4sa reglerna och villkoren fr\u00e5n eToro (Seychelles)&hellip;<\/p>\n","protected":false},"author":1,"featured_media":0,"parent":10612,"menu_order":1826,"comment_status":"closed","ping_status":"closed","template":"","meta":{"_acf_changed":false,"inline_featured_image":false,"sticky_cta_settings":"","footnotes":""},"asset_type":[],"class_list":["post-10773","page","type-page","status-publish","hentry"],"acf":[],"yoast_head":"<title>Regler och villkor | eToro<\/title>\n<meta name=\"description\" content=\"Detaljerade dokument med anv\u00e4ndarvillkoren f\u00f6r eToros sociala handelsplattform, ordnade enligt \u00e4mne eller geografisk plats.\" \/>\n<meta name=\"robots\" content=\"index, follow, max-snippet:-1, max-image-preview:large, max-video-preview:-1\" \/>\n<link rel=\"canonical\" href=\"https:\/\/www.etoro.com\/sv\/wp-json\/wp\/v2\/pages\/10773\" \/>\n<meta property=\"og:locale\" content=\"sv_SE\" \/>\n<meta property=\"og:type\" content=\"article\" \/>\n<meta property=\"og:title\" content=\"Regler och villkor | eToro\" \/>\n<meta property=\"og:description\" content=\"Detaljerade dokument med anv\u00e4ndarvillkoren f\u00f6r eToros sociala handelsplattform, ordnade enligt \u00e4mne eller geografisk plats.\" \/>\n<meta property=\"og:url\" content=\"https:\/\/www.etoro.com\/sv\/wp-json\/wp\/v2\/pages\/10773\" \/>\n<meta property=\"og:site_name\" content=\"eToro\" \/>\n<meta property=\"article:publisher\" content=\"https:\/\/www.facebook.com\/eToro\/\" \/>\n<meta property=\"article:modified_time\" content=\"2026-01-06T14:57:51+00:00\" \/>\n<meta property=\"og:image\" content=\"https:\/\/www.etoro.com\/wp-content\/uploads\/2019\/12\/etoro_logo_social_share1.png\" \/>\n\t<meta property=\"og:image:width\" content=\"240\" \/>\n\t<meta property=\"og:image:height\" content=\"240\" \/>\n\t<meta property=\"og:image:type\" content=\"image\/png\" \/>\n<meta name=\"twitter:card\" content=\"summary_large_image\" \/>\n<meta name=\"twitter:site\" content=\"@eToro\" \/>\n<meta name=\"twitter:label1\" content=\"Est. reading time\" \/>\n\t<meta name=\"twitter:data1\" content=\"1 minute\" \/>\n<script type=\"application\/ld+json\" class=\"yoast-schema-graph\">{\"@context\":\"https:\/\/schema.org\",\"@graph\":[{\"@type\":\"WebPage\",\"@id\":\"https:\/\/www.etoro.com\/sv\/customer-service\/terms-conditions\/\",\"url\":\"https:\/\/www.etoro.com\/sv\/customer-service\/terms-conditions\/\",\"name\":\"Regler och villkor | eToro\",\"isPartOf\":{\"@id\":\"https:\/\/www.etoro.com\/sv\/#website\"},\"datePublished\":\"2017-08-15T09:56:22+00:00\",\"dateModified\":\"2026-01-06T14:57:51+00:00\",\"description\":\"Detaljerade dokument med anv\u00e4ndarvillkoren f\u00f6r eToros sociala handelsplattform, ordnade enligt \u00e4mne eller geografisk plats.\",\"breadcrumb\":{\"@id\":\"https:\/\/www.etoro.com\/sv\/customer-service\/terms-conditions\/#breadcrumb\"},\"inLanguage\":\"sv\",\"potentialAction\":[{\"@type\":\"ReadAction\",\"target\":[\"https:\/\/www.etoro.com\/sv\/customer-service\/terms-conditions\/\"]}]},{\"@type\":\"BreadcrumbList\",\"@id\":\"https:\/\/www.etoro.com\/sv\/customer-service\/terms-conditions\/#breadcrumb\",\"itemListElement\":[{\"@type\":\"ListItem\",\"position\":1,\"name\":\"Hem\",\"item\":\"https:\/\/www.etoro.com\/sv\/\"},{\"@type\":\"ListItem\",\"position\":2,\"name\":\"KUNDTJ\u00c4NST\",\"item\":\"https:\/\/www.etoro.com\/sv\/customer-service\/\"},{\"@type\":\"ListItem\",\"position\":3,\"name\":\"REGLER OCH VILLKOR\"}]},{\"@type\":\"WebSite\",\"@id\":\"https:\/\/www.etoro.com\/sv\/#website\",\"url\":\"https:\/\/www.etoro.com\/sv\/\",\"name\":\"eToro\",\"description\":\"\",\"publisher\":{\"@id\":\"https:\/\/www.etoro.com\/sv\/#organization\"},\"potentialAction\":[{\"@type\":\"SearchAction\",\"target\":{\"@type\":\"EntryPoint\",\"urlTemplate\":\"https:\/\/www.etoro.com\/sv\/?s={search_term_string}\"},\"query-input\":{\"@type\":\"PropertyValueSpecification\",\"valueRequired\":true,\"valueName\":\"search_term_string\"}}],\"inLanguage\":\"sv\"},[]]}<\/script>","yoast_head_json":{"title":"Regler och villkor | eToro","description":"Detaljerade dokument med anv\u00e4ndarvillkoren f\u00f6r eToros sociala handelsplattform, ordnade enligt \u00e4mne eller geografisk plats.","robots":{"index":"index","follow":"follow","max-snippet":"max-snippet:-1","max-image-preview":"max-image-preview:large","max-video-preview":"max-video-preview:-1"},"canonical":"https:\/\/www.etoro.com\/sv\/wp-json\/wp\/v2\/pages\/10773","og_locale":"sv_SE","og_type":"article","og_title":"Regler och villkor | eToro","og_description":"Detaljerade dokument med anv\u00e4ndarvillkoren f\u00f6r eToros sociala handelsplattform, ordnade enligt \u00e4mne eller geografisk plats.","og_url":"https:\/\/www.etoro.com\/sv\/wp-json\/wp\/v2\/pages\/10773","og_site_name":"eToro","article_publisher":"https:\/\/www.facebook.com\/eToro\/","article_modified_time":"2026-01-06T14:57:51+00:00","og_image":[{"width":240,"height":240,"url":"https:\/\/www.etoro.com\/wp-content\/uploads\/2019\/12\/etoro_logo_social_share1.png","type":"image\/png"}],"twitter_card":"summary_large_image","twitter_site":"@eToro","twitter_misc":{"Est. reading time":"1 minute"},"schema":{"@context":"https:\/\/schema.org","@graph":[{"@type":"WebPage","@id":"https:\/\/www.etoro.com\/sv\/customer-service\/terms-conditions\/","url":"https:\/\/www.etoro.com\/sv\/customer-service\/terms-conditions\/","name":"Regler och villkor | eToro","isPartOf":{"@id":"https:\/\/www.etoro.com\/sv\/#website"},"datePublished":"2017-08-15T09:56:22+00:00","dateModified":"2026-01-06T14:57:51+00:00","description":"Detaljerade dokument med anv\u00e4ndarvillkoren f\u00f6r eToros sociala handelsplattform, ordnade enligt \u00e4mne eller geografisk plats.","breadcrumb":{"@id":"https:\/\/www.etoro.com\/sv\/customer-service\/terms-conditions\/#breadcrumb"},"inLanguage":"sv","potentialAction":[{"@type":"ReadAction","target":["https:\/\/www.etoro.com\/sv\/customer-service\/terms-conditions\/"]}]},{"@type":"BreadcrumbList","@id":"https:\/\/www.etoro.com\/sv\/customer-service\/terms-conditions\/#breadcrumb","itemListElement":[{"@type":"ListItem","position":1,"name":"Hem","item":"https:\/\/www.etoro.com\/sv\/"},{"@type":"ListItem","position":2,"name":"KUNDTJ\u00c4NST","item":"https:\/\/www.etoro.com\/sv\/customer-service\/"},{"@type":"ListItem","position":3,"name":"REGLER OCH VILLKOR"}]},{"@type":"WebSite","@id":"https:\/\/www.etoro.com\/sv\/#website","url":"https:\/\/www.etoro.com\/sv\/","name":"eToro","description":"","publisher":{"@id":"https:\/\/www.etoro.com\/sv\/#organization"},"potentialAction":[{"@type":"SearchAction","target":{"@type":"EntryPoint","urlTemplate":"https:\/\/www.etoro.com\/sv\/?s={search_term_string}"},"query-input":{"@type":"PropertyValueSpecification","valueRequired":true,"valueName":"search_term_string"}}],"inLanguage":"sv"},[]]}},"_links":{"self":[{"href":"https:\/\/www.etoro.com\/sv\/wp-json\/wp\/v2\/pages\/10773"}],"collection":[{"href":"https:\/\/www.etoro.com\/sv\/wp-json\/wp\/v2\/pages"}],"about":[{"href":"https:\/\/www.etoro.com\/sv\/wp-json\/wp\/v2\/types\/page"}],"author":[{"embeddable":true,"href":"https:\/\/www.etoro.com\/sv\/wp-json\/wp\/v2\/users\/1"}],"replies":[{"embeddable":true,"href":"https:\/\/www.etoro.com\/sv\/wp-json\/wp\/v2\/comments?post=10773"}],"version-history":[{"count":0,"href":"https:\/\/www.etoro.com\/sv\/wp-json\/wp\/v2\/pages\/10773\/revisions"}],"up":[{"embeddable":true,"href":"https:\/\/www.etoro.com\/sv\/wp-json\/wp\/v2\/pages\/10612"}],"wp:attachment":[{"href":"https:\/\/www.etoro.com\/sv\/wp-json\/wp\/v2\/media?parent=10773"}],"wp:term":[{"taxonomy":"asset_type","embeddable":true,"href":"https:\/\/www.etoro.com\/sv\/wp-json\/wp\/v2\/asset_type?post=10773"}],"curies":[{"name":"wp","href":"https:\/\/api.w.org\/{rel}","templated":true}]}}