{"id":10780,"date":"2017-09-11T09:47:51","date_gmt":"2017-09-11T06:47:51","guid":{"rendered":"\/etoro\/about\/economic-calendar\/"},"modified":"2024-01-10T15:55:28","modified_gmt":"2024-01-10T13:55:28","slug":"economic-calendar","status":"publish","type":"page","link":"https:\/\/www.etoro.com\/sv\/trading\/economic-calendar\/","title":{"rendered":"eToros ekonomiska kalender"},"content":{"rendered":"<p>M\u00e5nga tillg\u00e5ngar kan fluktuera i pris vid och runt vissa finansiella h\u00e4ndelser. Till exempel p\u00e5verkar m\u00e5natliga Non-Farm Payroll, allts\u00e5 ett m\u00e5tt p\u00e5 syssels\u00e4ttning i USA, ofta den amerikanska dollarn. F\u00f6r att ta tillvara p\u00e5 m\u00f6jligheter n\u00e4r marknaden r\u00f6r sig \u00e4r det viktigt att h\u00e5lla sig uppdaterad om de senaste h\u00e4ndelserna och kommande h\u00e4ndelser p\u00e5 globala marknader. eToros ekonomiska kalender inkluderar alla relevanta h\u00e4ndelser med detaljer om vilken valuta de p\u00e5verkar tillsammans med hur stor betydelse de har.<\/p>\n<h2>S\u00e5 h\u00e4r anv\u00e4nder du den ekonomiska kalendern:<\/h2>\n<ol>\n<li>V\u00e4lj tidszon och datum som \u00e4r relevanta f\u00f6r dina aff\u00e4rer (standard: din tidszon och aktuell vecka)<\/li>\n<li>Se vilken h\u00e4ndelse som p\u00e5verkar de tillg\u00e5ngar du handlar<\/li>\n<li>Se effekten av varje h\u00e4ndelse<\/li>\n<li>Planera din strategi d\u00e4refter<\/li>\n<\/ol>\n<p><iframe loading=\"lazy\" src=\"https:\/\/sslecal2.forexprostools.com?columns=exc_flags,exc_currency,exc_importance,exc_actual,exc_forecast,exc_previous&amp;category=_employment,_economicActivity,_inflation,_credit,_centralBanks,_confidenceIndex,_balance,_Bonds&amp;importance=1,2,3&amp;features=datepicker,timezone&amp;countries=25,32,6,37,72,22,17,39,14,48,10,35,7,43,60,36,110,11,26,12,4,5&amp;calType=week&amp;lang=13\" width=\"100%\" height=\"950px\"><\/iframe><\/p>\n","protected":false},"excerpt":{"rendered":"<p>M\u00e5nga tillg\u00e5ngar kan fluktuera i pris vid och runt vissa finansiella h\u00e4ndelser. Till exempel p\u00e5verkar m\u00e5natliga Non-Farm Payroll, allts\u00e5 ett m\u00e5tt p\u00e5 syssels\u00e4ttning i USA, ofta den amerikanska dollarn. F\u00f6r att ta tillvara p\u00e5 m\u00f6jligheter n\u00e4r marknaden r\u00f6r sig \u00e4r det viktigt att h\u00e5lla sig uppdaterad om de senaste h\u00e4ndelserna och kommande h\u00e4ndelser p\u00e5 globala&hellip;<\/p>\n","protected":false},"author":45,"featured_media":0,"parent":18393,"menu_order":1689,"comment_status":"closed","ping_status":"closed","template":"","meta":{"_acf_changed":false,"inline_featured_image":false,"sticky_cta_settings":"","footnotes":""},"asset_type":[],"class_list":["post-10780","page","type-page","status-publish","hentry"],"acf":[],"yoast_head":"<title>Ekonomisk kalender: uppdateringar om finansiella h\u00e4ndelser<\/title>\n<meta name=\"description\" content=\"Med eToros ekonomiska kalender f\u00e5r du koll p\u00e5 alla viktiga finansiella h\u00e4ndelser samt uppgifter om vilka valutor som p\u00e5verkas. Allt uppdaterat i realtid.\" \/>\n<meta name=\"robots\" content=\"index, follow, max-snippet:-1, max-image-preview:large, max-video-preview:-1\" \/>\n<link rel=\"canonical\" href=\"https:\/\/www.etoro.com\/sv\/wp-json\/wp\/v2\/pages\/10780\" \/>\n<meta property=\"og:locale\" content=\"sv_SE\" \/>\n<meta property=\"og:type\" content=\"article\" \/>\n<meta property=\"og:title\" content=\"Ekonomisk kalender: uppdateringar om finansiella h\u00e4ndelser\" \/>\n<meta property=\"og:description\" content=\"Med eToros ekonomiska kalender f\u00e5r du koll p\u00e5 alla viktiga finansiella h\u00e4ndelser samt uppgifter om vilka valutor som p\u00e5verkas. Allt uppdaterat i realtid.\" \/>\n<meta property=\"og:url\" content=\"https:\/\/www.etoro.com\/sv\/wp-json\/wp\/v2\/pages\/10780\" \/>\n<meta property=\"og:site_name\" content=\"eToro\" \/>\n<meta property=\"article:publisher\" content=\"https:\/\/www.facebook.com\/eToro\/\" \/>\n<meta property=\"article:modified_time\" content=\"2024-01-10T13:55:28+00:00\" \/>\n<meta property=\"og:image\" content=\"https:\/\/www.etoro.com\/wp-content\/uploads\/2019\/12\/etoro_logo_social_share1.png\" \/>\n\t<meta property=\"og:image:width\" content=\"240\" \/>\n\t<meta property=\"og:image:height\" content=\"240\" \/>\n\t<meta property=\"og:image:type\" content=\"image\/png\" \/>\n<meta name=\"twitter:card\" content=\"summary_large_image\" \/>\n<meta name=\"twitter:site\" content=\"@eToro\" \/>\n<meta name=\"twitter:label1\" content=\"Est. reading time\" \/>\n\t<meta name=\"twitter:data1\" content=\"1 minute\" \/>\n<script type=\"application\/ld+json\" class=\"yoast-schema-graph\">{\"@context\":\"https:\/\/schema.org\",\"@graph\":[{\"@type\":\"WebPage\",\"@id\":\"https:\/\/www.etoro.com\/sv\/trading\/economic-calendar\/\",\"url\":\"https:\/\/www.etoro.com\/sv\/trading\/economic-calendar\/\",\"name\":\"Ekonomisk kalender: uppdateringar om finansiella h\u00e4ndelser\",\"isPartOf\":{\"@id\":\"https:\/\/www.etoro.com\/sv\/#website\"},\"datePublished\":\"2017-09-11T06:47:51+00:00\",\"dateModified\":\"2024-01-10T13:55:28+00:00\",\"description\":\"Med eToros ekonomiska kalender f\u00e5r du koll p\u00e5 alla viktiga finansiella h\u00e4ndelser samt uppgifter om vilka valutor som p\u00e5verkas. Allt uppdaterat i realtid.\",\"breadcrumb\":{\"@id\":\"https:\/\/www.etoro.com\/sv\/trading\/economic-calendar\/#breadcrumb\"},\"inLanguage\":\"sv\",\"potentialAction\":[{\"@type\":\"ReadAction\",\"target\":[\"https:\/\/www.etoro.com\/sv\/trading\/economic-calendar\/\"]}]},{\"@type\":\"BreadcrumbList\",\"@id\":\"https:\/\/www.etoro.com\/sv\/trading\/economic-calendar\/#breadcrumb\",\"itemListElement\":[{\"@type\":\"ListItem\",\"position\":1,\"name\":\"Hem\",\"item\":\"https:\/\/www.etoro.com\/sv\/\"},{\"@type\":\"ListItem\",\"position\":2,\"name\":\"HANDEL\",\"item\":\"https:\/\/www.etoro.com\/sv\/trading\/\"},{\"@type\":\"ListItem\",\"position\":3,\"name\":\"EKONOMISK KALENDER\"}]},{\"@type\":\"WebSite\",\"@id\":\"https:\/\/www.etoro.com\/sv\/#website\",\"url\":\"https:\/\/www.etoro.com\/sv\/\",\"name\":\"eToro\",\"description\":\"\",\"publisher\":{\"@id\":\"https:\/\/www.etoro.com\/sv\/#organization\"},\"potentialAction\":[{\"@type\":\"SearchAction\",\"target\":{\"@type\":\"EntryPoint\",\"urlTemplate\":\"https:\/\/www.etoro.com\/sv\/?s={search_term_string}\"},\"query-input\":{\"@type\":\"PropertyValueSpecification\",\"valueRequired\":true,\"valueName\":\"search_term_string\"}}],\"inLanguage\":\"sv\"},[]]}<\/script>","yoast_head_json":{"title":"Ekonomisk kalender: uppdateringar om finansiella h\u00e4ndelser","description":"Med eToros ekonomiska kalender f\u00e5r du koll p\u00e5 alla viktiga finansiella h\u00e4ndelser samt uppgifter om vilka valutor som p\u00e5verkas. Allt uppdaterat i realtid.","robots":{"index":"index","follow":"follow","max-snippet":"max-snippet:-1","max-image-preview":"max-image-preview:large","max-video-preview":"max-video-preview:-1"},"canonical":"https:\/\/www.etoro.com\/sv\/wp-json\/wp\/v2\/pages\/10780","og_locale":"sv_SE","og_type":"article","og_title":"Ekonomisk kalender: uppdateringar om finansiella h\u00e4ndelser","og_description":"Med eToros ekonomiska kalender f\u00e5r du koll p\u00e5 alla viktiga finansiella h\u00e4ndelser samt uppgifter om vilka valutor som p\u00e5verkas. Allt uppdaterat i realtid.","og_url":"https:\/\/www.etoro.com\/sv\/wp-json\/wp\/v2\/pages\/10780","og_site_name":"eToro","article_publisher":"https:\/\/www.facebook.com\/eToro\/","article_modified_time":"2024-01-10T13:55:28+00:00","og_image":[{"width":240,"height":240,"url":"https:\/\/www.etoro.com\/wp-content\/uploads\/2019\/12\/etoro_logo_social_share1.png","type":"image\/png"}],"twitter_card":"summary_large_image","twitter_site":"@eToro","twitter_misc":{"Est. reading time":"1 minute"},"schema":{"@context":"https:\/\/schema.org","@graph":[{"@type":"WebPage","@id":"https:\/\/www.etoro.com\/sv\/trading\/economic-calendar\/","url":"https:\/\/www.etoro.com\/sv\/trading\/economic-calendar\/","name":"Ekonomisk kalender: uppdateringar om finansiella h\u00e4ndelser","isPartOf":{"@id":"https:\/\/www.etoro.com\/sv\/#website"},"datePublished":"2017-09-11T06:47:51+00:00","dateModified":"2024-01-10T13:55:28+00:00","description":"Med eToros ekonomiska kalender f\u00e5r du koll p\u00e5 alla viktiga finansiella h\u00e4ndelser samt uppgifter om vilka valutor som p\u00e5verkas. Allt uppdaterat i realtid.","breadcrumb":{"@id":"https:\/\/www.etoro.com\/sv\/trading\/economic-calendar\/#breadcrumb"},"inLanguage":"sv","potentialAction":[{"@type":"ReadAction","target":["https:\/\/www.etoro.com\/sv\/trading\/economic-calendar\/"]}]},{"@type":"BreadcrumbList","@id":"https:\/\/www.etoro.com\/sv\/trading\/economic-calendar\/#breadcrumb","itemListElement":[{"@type":"ListItem","position":1,"name":"Hem","item":"https:\/\/www.etoro.com\/sv\/"},{"@type":"ListItem","position":2,"name":"HANDEL","item":"https:\/\/www.etoro.com\/sv\/trading\/"},{"@type":"ListItem","position":3,"name":"EKONOMISK KALENDER"}]},{"@type":"WebSite","@id":"https:\/\/www.etoro.com\/sv\/#website","url":"https:\/\/www.etoro.com\/sv\/","name":"eToro","description":"","publisher":{"@id":"https:\/\/www.etoro.com\/sv\/#organization"},"potentialAction":[{"@type":"SearchAction","target":{"@type":"EntryPoint","urlTemplate":"https:\/\/www.etoro.com\/sv\/?s={search_term_string}"},"query-input":{"@type":"PropertyValueSpecification","valueRequired":true,"valueName":"search_term_string"}}],"inLanguage":"sv"},[]]}},"_links":{"self":[{"href":"https:\/\/www.etoro.com\/sv\/wp-json\/wp\/v2\/pages\/10780"}],"collection":[{"href":"https:\/\/www.etoro.com\/sv\/wp-json\/wp\/v2\/pages"}],"about":[{"href":"https:\/\/www.etoro.com\/sv\/wp-json\/wp\/v2\/types\/page"}],"author":[{"embeddable":true,"href":"https:\/\/www.etoro.com\/sv\/wp-json\/wp\/v2\/users\/45"}],"replies":[{"embeddable":true,"href":"https:\/\/www.etoro.com\/sv\/wp-json\/wp\/v2\/comments?post=10780"}],"version-history":[{"count":0,"href":"https:\/\/www.etoro.com\/sv\/wp-json\/wp\/v2\/pages\/10780\/revisions"}],"up":[{"embeddable":true,"href":"https:\/\/www.etoro.com\/sv\/wp-json\/wp\/v2\/pages\/18393"}],"wp:attachment":[{"href":"https:\/\/www.etoro.com\/sv\/wp-json\/wp\/v2\/media?parent=10780"}],"wp:term":[{"taxonomy":"asset_type","embeddable":true,"href":"https:\/\/www.etoro.com\/sv\/wp-json\/wp\/v2\/asset_type?post=10780"}],"curies":[{"name":"wp","href":"https:\/\/api.w.org\/{rel}","templated":true}]}}