{"id":10794,"date":"2017-10-24T10:23:14","date_gmt":"2017-10-24T07:23:14","guid":{"rendered":"\/etoro\/tips\/"},"modified":"2022-12-28T11:14:19","modified_gmt":"2022-12-28T09:14:19","slug":"tips","status":"publish","type":"page","link":"https:\/\/www.etoro.com\/sv\/trading\/tips\/","title":{"rendered":"Handels- och investeringstips"},"content":{"rendered":"<h2>Varf\u00f6r beh\u00f6ver du dessa handelstips?<\/h2>\n<p>De f\u00f6rsta stegen du tar p\u00e5 eToro-plattformen \u00e4r ganska viktiga. Vi har samlat v\u00e5ra b\u00e4sta handels- och investeringstips s\u00e5 att du kan bekanta dig med alla de verktyg och funktioner som \u00e4r tillg\u00e4ngliga f\u00f6r dig. H\u00e4r hittar du handfasta principer f\u00f6r alla handels- och sociala handelsfunktioner p\u00e5 eToro.<\/p>\n<h2>Tips f\u00f6r handel p\u00e5 eToro<\/h2>\n<ul>\n<li>V\u00e4lj dina tillg\u00e5ngar: Gillar du aktier? Valutor? Varje tillg\u00e5ngsklass har sina egna f\u00f6rdelar och utmaningar, s\u00e5 se till att du bekantar dig med alla.<\/li>\n<li>Var diversifierad: Alla handlare h\u00e5ller med om att nyckeln till en l\u00e5griskportf\u00f6lj \u00e4r m\u00e5ngfald. Sprid dina pengar klokt \u00f6ver olika tillg\u00e5ngar och tillg\u00e5ngsklasser.<\/li>\n<li>H\u00e5ll dig informerad: H\u00e5ll dig uppdaterad med de senaste nyheterna och kommande finansiella h\u00e4ndelser. Du kan anv\u00e4nda\u00a0<a href=\"https:\/\/www.etoro.com\/sv\/trading\/economic-calendar\/\">eToros kalender<\/a>\u00a0och f\u00e5 v\u00e5r dagliga marknadsanalys via e-post.<\/li>\n<li>V\u00e4lj en stil: Det s\u00e4tt du handlar kan variera i f\u00f6rh\u00e5llande till hur mycket kapital du har, ditt engagemang och andra preferenser. Du kan v\u00e4lja det tekniska tillv\u00e4gag\u00e5ngss\u00e4ttet som bygger p\u00e5 att l\u00e4sa diagram och hitta m\u00f6nster eller det grundl\u00e4ggande tillv\u00e4gag\u00e5ngss\u00e4ttet, som handlar om att f\u00f6rs\u00f6ka f\u00f6rst\u00e5 hur en tillg\u00e5ng skulle reagera p\u00e5 en viss h\u00e4ndelse eller tid p\u00e5 \u00e5ret.<\/li>\n<li>\u00d6vning: N\u00e4r du registrerar dig hos eToro f\u00e5r du ett demokonto med 100 000 dollar i virtuella pengar. Anv\u00e4nd det f\u00f6r att bekanta dig med handel innan du riskerar riktiga pengar. Du kan anv\u00e4nda detta konto b\u00e5de f\u00f6r traditionell handel och f\u00f6r kopiering.<\/li>\n<\/ul>\n<h2>Tips f\u00f6r social handel p\u00e5 eToro<\/h2>\n<ul>\n<li>Hitta de r\u00e4tta personerna att kopiera: Anv\u00e4nd verktyget Discover People f\u00f6r att hitta de b\u00e4sta handlarna att f\u00f6lja och kopiera. Filtrera resultaten efter riskpo\u00e4ng, vinst, ursprungsland och m\u00e5nga andra kategorier.<\/li>\n<li>Kopiera Top Traders: CopyTrader\u2122-systemet \u00e4r ett utm\u00e4rkt s\u00e4tt att automatisera dina handelsvanor. Om du inte vill vara fullt lika involverad eller helt enkelt inte har tillr\u00e4ckligt med ledig tid, kan du ist\u00e4llet kopiera en erfaren handlare och automatiskt g\u00f6ra allt de g\u00f6r i realtid.<\/li>\n<li>L\u00e4r dig om Popular Investors: Framg\u00e5ngsrika handlare som f\u00e5r f\u00f6ljare kan bli en del av eToros Popular Investor-program. Programmet bel\u00f6nar dessa handlare med fantastiska f\u00f6rm\u00e5ner, vilket uppmuntrar dem att dela sin kunskap och handla p\u00e5 ett ansvarsfullt s\u00e4tt. Om du \u00e4r en bra handlare, som uppvisar bra avkastning med l\u00e5g risk, kan du vara ber\u00e4ttigad till programmet.<\/li>\n<li>Tidpunkten \u00e4r allt: N\u00e4r du kopierar en ny handlare \u00e4r det viktigt att l\u00e4sa profilen och bekanta dig med handlarens strategi. Vissa har l\u00e5ngsiktiga strategier som kan inneb\u00e4ra f\u00f6rluster l\u00e4ngs v\u00e4gen med syftet att g\u00f6ra vinst senare. F\u00f6rs\u00e4kra dig om att du k\u00e4nner till handlarens planerade cykel.<\/li>\n<\/ul>\n<h2>Tips f\u00f6r att investera i Smart Portfolios<\/h2>\n<ul>\n<li>Introducera tematiska investeringar i din portf\u00f6lj: Tematisk investering \u00e4r ett bra s\u00e4tt att investera l\u00e5ngsiktigt och minska risken. L\u00e4s mer i <u><a href=\"http:\/\/www.etoro.com\/sv\/blog\">eToro-bloggen<\/a><\/u>.<\/li>\n<li>Vad \u00e4r Smart Portfolios: Ett helt nytt finansiellt instrument utvecklat av eToro. Alla Smart Portfolio-investeringsstrategier inneh\u00e5ller olika tillg\u00e5ngar eller handlare och \u00e4r st\u00e4ndigt optimerade av en algoritm, programmerad f\u00f6r att minska risken och \u00f6ka vinsten.<\/li>\n<li>L\u00e4r k\u00e4nna Smart Portfolio: Det finns tre varianter av Smart Portfolios:\n<ol>\n<li>Top Trader Smart Portfolios, som samlar framg\u00e5ngsrika eToro-handlare;<\/li>\n<li>Market Smart Portfolios, som aggregerar olika tillg\u00e5ngar efter en specifik marknadsstrategi; och<\/li>\n<li>Partner Smart Portfolios, som best\u00e5r av n\u00e5gra av v\u00e4rldens mest innovativa f\u00f6retag inom finansiella tj\u00e4nster.<\/li>\n<\/ol>\n<\/li>\n<li>T\u00e4nk l\u00e5ngsiktigt: L\u00e4gre risk inneb\u00e4r vanligtvis l\u00e4gre avkastning. Om du investerar i Smart Portfolios ska du komma ih\u00e5g att de inte erbjuder snabba avkastningar utan \u00e4r utformade f\u00f6r att generera vinst \u00f6ver tiden.<\/li>\n<\/ul>\n<h2>Investeringstips<\/h2>\n<p><strong>M\u00e5l:<\/strong> N\u00e4r du b\u00f6rjar investera m\u00e5ste du best\u00e4mma dig f\u00f6r vilka m\u00e5l du har. Vill du tj\u00e4na pengar snabbt? Letar du efter l\u00e5ngsiktiga investeringar? Att ha tydliga m\u00e5l \u00e4r som en kompass. De kommer att guida dig n\u00e4r du st\u00f6ter p\u00e5 olika hinder och alternativ l\u00e4ngs v\u00e4gen.<\/p>\n<p><strong>Plan:<\/strong> Om du har best\u00e4mt dig f\u00f6r ett m\u00e5l beh\u00f6ver du en plan f\u00f6r att n\u00e5 dit. Vilka steg beh\u00f6ver du ta f\u00f6r att n\u00e5 ditt m\u00e5l?<\/p>\n<p><strong>Investeringstillg\u00e5ngar:<\/strong> N\u00e4r du b\u00f6rjar g\u00f6ra upp din plan, bekanta dig d\u00e5 med alla olika typer av tillg\u00e5ngar som finns i investeringsv\u00e4rlden. Varje tillg\u00e5ng har sin unika risk- och avkastningsprofil, och det \u00e4r viktigt att veta hur var och en av dem interagerar med varandra.<\/p>\n<p><strong>Investeringsstrategier:<\/strong> Det finns en m\u00e4ngd olika <a class=\"waffle-rich-text-link\" href=\"https:\/\/www.etoro.com\/sv\/news-and-analysis\/copytrader\/6-investment-strategies-gaspersopi\/\">investeringsstrategier<\/a> som du kan anv\u00e4nda f\u00f6r att n\u00e5 dina m\u00e5l. Vissa anv\u00e4nder tekniska analysverktyg, andra fundamental analys. Under det senaste \u00e5rhundradet har det funnits gott om framg\u00e5ngsrika investerare som har skrivit om vilka strategier som de har anv\u00e4nt f\u00f6r att bygga upp sina f\u00f6rm\u00f6genheter.<\/p>\n<p><strong>Det finns risker:<\/strong> Hur du \u00e4n v\u00e4ljer att investera, kom ih\u00e5g att det finns <a class=\"waffle-rich-text-link\" href=\"https:\/\/www.etoro.com\/sv\/stocks\/risk-management\/\">risker involverade.<\/a> Du kan tj\u00e4na mycket pengar, men du kan ocks\u00e5 f\u00f6rlora en betydande summa pengar. Det \u00e4r viktigt att ha detta i \u00e5tanke n\u00e4r du best\u00e4mmer dig f\u00f6r hur mycket pengar du ska investera. Se till att bara investera summor som du har r\u00e5d att f\u00f6rlora.<\/p>\n<p><strong>Utbilda dig:<\/strong> L\u00e4r dig s\u00e5 mycket du kan om investeringsv\u00e4rlden innan du investerar dina pengar. Idag finns det en uppsj\u00f6 av gratis material p\u00e5 webben till ditt f\u00f6rfogande. <a class=\"waffle-rich-text-link\" href=\"https:\/\/www.etoro.com\/academy\/\">eToro har sin egen<\/a> akademi med m\u00e5nga utbildningsvideor, f\u00f6rklaringar, webbseminarier, kurser, f\u00f6rel\u00e4sningar, intervjuer och mer, som alla kan hj\u00e4lpa dig att n\u00e4rma dig investeringsv\u00e4rlden med s\u00e5 mycket kunskap som m\u00f6jligt.<\/p>\n","protected":false},"excerpt":{"rendered":"<p>Varf\u00f6r beh\u00f6ver du dessa handelstips? De f\u00f6rsta stegen du tar p\u00e5 eToro-plattformen \u00e4r ganska viktiga. Vi har samlat v\u00e5ra b\u00e4sta handels- och investeringstips s\u00e5 att du kan bekanta dig med alla de verktyg och funktioner som \u00e4r tillg\u00e4ngliga f\u00f6r dig. H\u00e4r hittar du handfasta principer f\u00f6r alla handels- och sociala handelsfunktioner p\u00e5 eToro. Tips f\u00f6r&hellip;<\/p>\n","protected":false},"author":1,"featured_media":0,"parent":18393,"menu_order":1461,"comment_status":"closed","ping_status":"closed","template":"","meta":{"_acf_changed":false,"inline_featured_image":false,"sticky_cta_settings":"","footnotes":""},"asset_type":[],"class_list":["post-10794","page","type-page","status-publish","hentry"],"acf":[],"yoast_head":"<title>Handels- och investeringstips till dig fr\u00e5n eToro<\/title>\n<meta name=\"description\" content=\"Innan du dyker in i den sociala onlinehandeln kan du ta en titt p\u00e5 n\u00e5gra tips fr\u00e5n eToro om hur du g\u00f6r smartare val.\" \/>\n<meta name=\"robots\" content=\"index, follow, max-snippet:-1, max-image-preview:large, max-video-preview:-1\" \/>\n<link rel=\"canonical\" href=\"https:\/\/www.etoro.com\/sv\/wp-json\/wp\/v2\/pages\/10794\" \/>\n<meta property=\"og:locale\" content=\"sv_SE\" \/>\n<meta property=\"og:type\" content=\"article\" \/>\n<meta property=\"og:title\" content=\"Handels- och investeringstips till dig fr\u00e5n eToro\" \/>\n<meta property=\"og:description\" content=\"Innan du dyker in i den sociala onlinehandeln kan du ta en titt p\u00e5 n\u00e5gra tips fr\u00e5n eToro om hur du g\u00f6r smartare val.\" \/>\n<meta property=\"og:url\" content=\"https:\/\/www.etoro.com\/sv\/wp-json\/wp\/v2\/pages\/10794\" \/>\n<meta property=\"og:site_name\" content=\"eToro\" \/>\n<meta property=\"article:publisher\" content=\"https:\/\/www.facebook.com\/eToro\/\" \/>\n<meta property=\"article:modified_time\" content=\"2022-12-28T09:14:19+00:00\" \/>\n<meta property=\"og:image\" content=\"https:\/\/www.etoro.com\/wp-content\/uploads\/2019\/12\/etoro_logo_social_share1.png\" \/>\n\t<meta property=\"og:image:width\" content=\"240\" \/>\n\t<meta property=\"og:image:height\" content=\"240\" \/>\n\t<meta property=\"og:image:type\" content=\"image\/png\" \/>\n<meta name=\"twitter:card\" content=\"summary_large_image\" \/>\n<meta name=\"twitter:site\" content=\"@eToro\" \/>\n<meta name=\"twitter:label1\" content=\"Est. reading time\" \/>\n\t<meta name=\"twitter:data1\" content=\"4 minutes\" \/>\n<script type=\"application\/ld+json\" class=\"yoast-schema-graph\">{\"@context\":\"https:\/\/schema.org\",\"@graph\":[{\"@type\":\"WebPage\",\"@id\":\"https:\/\/www.etoro.com\/sv\/trading\/tips\/\",\"url\":\"https:\/\/www.etoro.com\/sv\/trading\/tips\/\",\"name\":\"Handels- och investeringstips till dig fr\u00e5n eToro\",\"isPartOf\":{\"@id\":\"https:\/\/www.etoro.com\/sv\/#website\"},\"datePublished\":\"2017-10-24T07:23:14+00:00\",\"dateModified\":\"2022-12-28T09:14:19+00:00\",\"description\":\"Innan du dyker in i den sociala onlinehandeln kan du ta en titt p\u00e5 n\u00e5gra tips fr\u00e5n eToro om hur du g\u00f6r smartare val.\",\"breadcrumb\":{\"@id\":\"https:\/\/www.etoro.com\/sv\/trading\/tips\/#breadcrumb\"},\"inLanguage\":\"sv\",\"potentialAction\":[{\"@type\":\"ReadAction\",\"target\":[\"https:\/\/www.etoro.com\/sv\/trading\/tips\/\"]}]},{\"@type\":\"BreadcrumbList\",\"@id\":\"https:\/\/www.etoro.com\/sv\/trading\/tips\/#breadcrumb\",\"itemListElement\":[{\"@type\":\"ListItem\",\"position\":1,\"name\":\"Hem\",\"item\":\"https:\/\/www.etoro.com\/sv\/\"},{\"@type\":\"ListItem\",\"position\":2,\"name\":\"HANDEL\",\"item\":\"https:\/\/www.etoro.com\/sv\/trading\/\"},{\"@type\":\"ListItem\",\"position\":3,\"name\":\"TIPS\"}]},{\"@type\":\"WebSite\",\"@id\":\"https:\/\/www.etoro.com\/sv\/#website\",\"url\":\"https:\/\/www.etoro.com\/sv\/\",\"name\":\"eToro\",\"description\":\"\",\"publisher\":{\"@id\":\"https:\/\/www.etoro.com\/sv\/#organization\"},\"potentialAction\":[{\"@type\":\"SearchAction\",\"target\":{\"@type\":\"EntryPoint\",\"urlTemplate\":\"https:\/\/www.etoro.com\/sv\/?s={search_term_string}\"},\"query-input\":{\"@type\":\"PropertyValueSpecification\",\"valueRequired\":true,\"valueName\":\"search_term_string\"}}],\"inLanguage\":\"sv\"},[]]}<\/script>","yoast_head_json":{"title":"Handels- och investeringstips till dig fr\u00e5n eToro","description":"Innan du dyker in i den sociala onlinehandeln kan du ta en titt p\u00e5 n\u00e5gra tips fr\u00e5n eToro om hur du g\u00f6r smartare val.","robots":{"index":"index","follow":"follow","max-snippet":"max-snippet:-1","max-image-preview":"max-image-preview:large","max-video-preview":"max-video-preview:-1"},"canonical":"https:\/\/www.etoro.com\/sv\/wp-json\/wp\/v2\/pages\/10794","og_locale":"sv_SE","og_type":"article","og_title":"Handels- och investeringstips till dig fr\u00e5n eToro","og_description":"Innan du dyker in i den sociala onlinehandeln kan du ta en titt p\u00e5 n\u00e5gra tips fr\u00e5n eToro om hur du g\u00f6r smartare val.","og_url":"https:\/\/www.etoro.com\/sv\/wp-json\/wp\/v2\/pages\/10794","og_site_name":"eToro","article_publisher":"https:\/\/www.facebook.com\/eToro\/","article_modified_time":"2022-12-28T09:14:19+00:00","og_image":[{"width":240,"height":240,"url":"https:\/\/www.etoro.com\/wp-content\/uploads\/2019\/12\/etoro_logo_social_share1.png","type":"image\/png"}],"twitter_card":"summary_large_image","twitter_site":"@eToro","twitter_misc":{"Est. reading time":"4 minutes"},"schema":{"@context":"https:\/\/schema.org","@graph":[{"@type":"WebPage","@id":"https:\/\/www.etoro.com\/sv\/trading\/tips\/","url":"https:\/\/www.etoro.com\/sv\/trading\/tips\/","name":"Handels- och investeringstips till dig fr\u00e5n eToro","isPartOf":{"@id":"https:\/\/www.etoro.com\/sv\/#website"},"datePublished":"2017-10-24T07:23:14+00:00","dateModified":"2022-12-28T09:14:19+00:00","description":"Innan du dyker in i den sociala onlinehandeln kan du ta en titt p\u00e5 n\u00e5gra tips fr\u00e5n eToro om hur du g\u00f6r smartare val.","breadcrumb":{"@id":"https:\/\/www.etoro.com\/sv\/trading\/tips\/#breadcrumb"},"inLanguage":"sv","potentialAction":[{"@type":"ReadAction","target":["https:\/\/www.etoro.com\/sv\/trading\/tips\/"]}]},{"@type":"BreadcrumbList","@id":"https:\/\/www.etoro.com\/sv\/trading\/tips\/#breadcrumb","itemListElement":[{"@type":"ListItem","position":1,"name":"Hem","item":"https:\/\/www.etoro.com\/sv\/"},{"@type":"ListItem","position":2,"name":"HANDEL","item":"https:\/\/www.etoro.com\/sv\/trading\/"},{"@type":"ListItem","position":3,"name":"TIPS"}]},{"@type":"WebSite","@id":"https:\/\/www.etoro.com\/sv\/#website","url":"https:\/\/www.etoro.com\/sv\/","name":"eToro","description":"","publisher":{"@id":"https:\/\/www.etoro.com\/sv\/#organization"},"potentialAction":[{"@type":"SearchAction","target":{"@type":"EntryPoint","urlTemplate":"https:\/\/www.etoro.com\/sv\/?s={search_term_string}"},"query-input":{"@type":"PropertyValueSpecification","valueRequired":true,"valueName":"search_term_string"}}],"inLanguage":"sv"},[]]}},"_links":{"self":[{"href":"https:\/\/www.etoro.com\/sv\/wp-json\/wp\/v2\/pages\/10794"}],"collection":[{"href":"https:\/\/www.etoro.com\/sv\/wp-json\/wp\/v2\/pages"}],"about":[{"href":"https:\/\/www.etoro.com\/sv\/wp-json\/wp\/v2\/types\/page"}],"author":[{"embeddable":true,"href":"https:\/\/www.etoro.com\/sv\/wp-json\/wp\/v2\/users\/1"}],"replies":[{"embeddable":true,"href":"https:\/\/www.etoro.com\/sv\/wp-json\/wp\/v2\/comments?post=10794"}],"version-history":[{"count":0,"href":"https:\/\/www.etoro.com\/sv\/wp-json\/wp\/v2\/pages\/10794\/revisions"}],"up":[{"embeddable":true,"href":"https:\/\/www.etoro.com\/sv\/wp-json\/wp\/v2\/pages\/18393"}],"wp:attachment":[{"href":"https:\/\/www.etoro.com\/sv\/wp-json\/wp\/v2\/media?parent=10794"}],"wp:term":[{"taxonomy":"asset_type","embeddable":true,"href":"https:\/\/www.etoro.com\/sv\/wp-json\/wp\/v2\/asset_type?post=10794"}],"curies":[{"name":"wp","href":"https:\/\/api.w.org\/{rel}","templated":true}]}}