{"id":1116318,"date":"2025-08-06T16:55:05","date_gmt":"2025-08-06T13:55:05","guid":{"rendered":"https:\/\/www.etoro.com\/trading\/platforms\/tori\/"},"modified":"2025-08-06T19:54:18","modified_gmt":"2025-08-06T16:54:18","slug":"tori","status":"publish","type":"page","link":"https:\/\/www.etoro.com\/sv\/trading\/platforms\/tori\/","title":{"rendered":"Tori"},"content":{"rendered":"\n<div class=\"wp-block-etoro-half-cover has-white-background-color\">\n<div class=\"wp-block-etoro-half-cover-left\"><p id=\"breadcrumbs\" class=\"gray-dark\"><span><span><a href=\"https:\/\/www.etoro.com\/sv\/\">Hem<\/a><\/span><\/span><\/p>\n<h1 class=\"wp-block-heading is-style-banner-title\"><strong>TORI<\/strong>Din AI-investeringspartner<\/h1>\n\n\n\n<p>Smartare beslut. Snabbare svar. Personliga insikter.<\/p>\n\n\n\n<div class=\"wp-block-buttons is-layout-flex wp-block-buttons-is-layout-flex\">\n<a class=\"e-cta e-cta-primary\" href=\"http:\/\/etoro.com\/home?bscarousel=tori_intro_carousel\">Prova Tori<\/a>\n<\/div>\n<\/div>\n\n\n\n<div class=\"wp-block-etoro-half-cover-right\">\n<img decoding=\"async\" src=\"https:\/\/www.etoro.com\/wp-content\/uploads\/2025\/08\/Tori_main_desktop.png\" alt=\"\" class=\"wp-block-etoro-half-cover-media\"\/><img decoding=\"async\" src=\"https:\/\/www.etoro.com\/wp-content\/uploads\/2025\/08\/Tori_Desktop-1.png\" alt=\"\" class=\"wp-block-etoro-half-cover-media-desktop\"\/><img decoding=\"async\" src=\"https:\/\/www.etoro.com\/wp-content\/uploads\/2025\/08\/Tori_tablet.png\" alt=\"\" class=\"wp-block-etoro-half-cover-media-tablet\"\/><img decoding=\"async\" src=\"https:\/\/www.etoro.com\/wp-content\/uploads\/2025\/08\/Tori_mobile.png\" alt=\"\" class=\"wp-block-etoro-half-cover-media-mobile\"\/>\n<\/div>\n<\/div>\n\n\n\n<section class=\"wp-block-group wp-block-group-boxed\"><div class=\"wp-block-group-inner is-layout-flow wp-block-group-is-layout-flow\">\n<h2 class=\"wp-block-heading has-text-align-center\"><b class=\"wp-etoro-format-colored-green\">Uppt\u00e4ck,<\/b> <strong>l\u00e4r dig<\/strong>, <b class=\"wp-etoro-format-colored-green\">analysera<\/b><\/h2>\n\n\n\n<p class=\"has-text-align-center\">Tori ger dig data, insikter och analys i en enkel och interaktiv chatt.<\/p>\n<\/div><\/section>\n\n\n\n<section class=\"wp-block-group wp-block-group-boxed has-white-background-color has-background\"><div class=\"wp-block-group-inner is-layout-flow wp-block-group-is-layout-flow\">\n<div class=\"wp-block-columns are-vertically-aligned-center wp-block-columns-2 is-layout-flex wp-container-core-columns-is-layout-1 wp-block-columns-is-layout-flex\">\n<div class=\"wp-block-column is-layout-flow wp-block-column-is-layout-flow\">\n<figure class=\"wp-block-image size-full wp-block-image-has-mobile\"><img loading=\"lazy\" decoding=\"async\" width=\"1152\" height=\"800\" src=\"https:\/\/www.etoro.com\/wp-content\/uploads\/2025\/08\/Cube-desktop-X2-3-3.gif\" alt=\"\" class=\"wp-image-1116232 wp-image-desktop\"\/><img loading=\"lazy\" decoding=\"async\" width=\"1152\" height=\"800\" src=\"https:\/\/www.etoro.com\/wp-content\/uploads\/2025\/08\/Cube-mobile-X23-1.gif\" alt=\"\" class=\"wp-image-1116200 wp-image-mobile\"\/><\/figure>\n\n\n\n<p class=\"is-style-disclaimer\">Endast i illustrationssyfte<\/p>\n<\/div>\n\n\n\n<div class=\"wp-block-column is-text-column is-layout-flow wp-block-column-is-layout-flow\">\n<p class=\"is-style-heading-2\"><strong>Uppt\u00e4ck <b class=\"wp-etoro-format-colored-green\">nya investeringsm\u00f6jligheter<\/b><\/strong><\/p>\n\n\n\n<p>Med varje fr\u00e5ga du st\u00e4ller levererar Tori tydliga data och insikter i realtid f\u00f6r att du ska uppt\u00e4cka investeringsm\u00f6jligheter.<\/p>\n\n\n\n<div class=\"wp-block-buttons is-layout-flex wp-block-buttons-is-layout-flex\">\n<a class=\"e-cta e-cta-primary\" href=\"http:\/\/etoro.com\/home?bscarousel=tori_intro_carousel\">Fr\u00e5ga Tori<\/a>\n<\/div>\n<\/div>\n<\/div>\n<\/div><\/section>\n\n\n\n<section class=\"wp-block-group wp-block-group-boxed has-dark-blue-background-color has-background\"><div class=\"wp-block-group-inner is-layout-flow wp-block-group-is-layout-flow\">\n<div class=\"wp-block-columns are-vertically-aligned-center wp-block-columns-2 is-layout-flex wp-container-core-columns-is-layout-2 wp-block-columns-is-layout-flex\">\n<div class=\"wp-block-column is-text-column is-layout-flow wp-block-column-is-layout-flow\">\n<h2 class=\"wp-block-heading\"><strong><b class=\"wp-etoro-format-colored-green\">F\u00e5 marknadsinsikter<\/b> som \u00e4r skr\u00e4ddarsydda efter vad du \u00e4r intresserad av<\/strong><\/h2>\n\n\n\n<p>Tori omvandlar dina fr\u00e5gor till anv\u00e4ndbara insikter. F\u00e5 en analys n\u00e4rhelst du vill f\u00f6r att h\u00e5lla dig informerad, balanserad och i f\u00f6rars\u00e4tet.<\/p>\n\n\n\n<div class=\"wp-block-buttons is-layout-flex wp-block-buttons-is-layout-flex\">\n<a class=\"e-cta e-cta-primary\" href=\"http:\/\/etoro.com\/home?bscarousel=tori_intro_carousel\">Analysera med Tori<\/a>\n<\/div>\n<\/div>\n\n\n\n<div class=\"wp-block-column is-layout-flow wp-block-column-is-layout-flow\">\n<p class=\"is-style-disclaimer\"><\/p>\n\n\n\n<figure class=\"wp-block-video\"><video autoplay loop muted src=\"https:\/\/www.etoro.com\/wp-content\/uploads\/2025\/08\/Question-desktop-option-3-X2-1-1.mp4\" playsinline><\/video><\/figure>\n\n\n\n<p class=\"is-style-disclaimer\">Endast i illustrationssyfte<\/p>\n<\/div>\n<\/div>\n<\/div><\/section>\n\n\n\n<section class=\"wp-block-group wp-block-group-boxed has-white-background-color has-background\"><div class=\"wp-block-group-inner is-layout-flow wp-block-group-is-layout-flow\">\n<div class=\"wp-block-columns are-vertically-aligned-center wp-block-columns-2 is-layout-flex wp-container-core-columns-is-layout-3 wp-block-columns-is-layout-flex\">\n<div class=\"wp-block-column is-layout-flow wp-block-column-is-layout-flow\">\n<figure class=\"wp-block-image size-full\"><img loading=\"lazy\" decoding=\"async\" width=\"576\" height=\"400\" src=\"https:\/\/www.etoro.com\/wp-content\/uploads\/2025\/08\/Level-up-your-investing-knowledge.png\" alt=\"\" class=\"wp-image-1112883 wp-image-desktop\" srcset=\"https:\/\/www.etoro.com\/wp-content\/uploads\/2025\/08\/Level-up-your-investing-knowledge.png 576w, https:\/\/www.etoro.com\/wp-content\/uploads\/2025\/08\/Level-up-your-investing-knowledge-300x208.png 300w\" sizes=\"(max-width: 576px) 100vw, 576px\" \/><\/figure>\n<\/div>\n\n\n\n<div class=\"wp-block-column is-text-column is-layout-flow wp-block-column-is-layout-flow\">\n<h2 class=\"wp-block-heading\"><strong>H\u00f6j <b class=\"wp-etoro-format-colored-green\">dina investeringskunskaper<\/b><\/strong><\/h2>\n\n\n\n<p>St\u00e4ll bara en fr\u00e5ga, s\u00e5 ger Tori dig skr\u00e4ddarsydda lektioner, tips och guider fr\u00e5n <a href=\"https:\/\/www.etoro.com\/academy\/\">eToro Academy<\/a> som hj\u00e4lper dig att bygga upp din investeringskunskap p\u00e5 studs.<\/p>\n\n\n\n<div class=\"wp-block-buttons is-layout-flex wp-block-buttons-is-layout-flex\">\n<a class=\"e-cta e-cta-primary\" href=\"http:\/\/etoro.com\/home?bscarousel=tori_intro_carousel\">L\u00e4r dig med Tori<\/a>\n<\/div>\n<\/div>\n<\/div>\n<\/div><\/section>\n\n\n\n<section class=\"wp-block-group wp-block-group-boxed has-dark-blue-background-color has-background\"><div class=\"wp-block-group-inner is-layout-flow wp-block-group-is-layout-flow\">\n<h2 class=\"wp-block-heading has-text-align-center\"><strong>Smartare f\u00f6r varje dag, <b class=\"wp-etoro-format-colored-green\">fortfarande m\u00e4nsklig i sj\u00e4len<\/b><\/strong><\/h2>\n\n\n\n<p class=\"has-text-align-center\">Tori finns h\u00e4r f\u00f6r att g\u00f6ra din investeringsupplevelse \u00e4nnu b\u00e4ttre \u2013 inte ers\u00e4tta den m\u00e4nskliga fingertoppsk\u00e4nslan. Du har alltid m\u00f6jlighet att komma i kontakt med v\u00e5r kundtj\u00e4nst n\u00e4r du beh\u00f6ver personligt st\u00f6d eller experthj\u00e4lp.<\/p>\n\n\n\n<p class=\"has-text-align-center\">Som med alla AI-drivna produkter, l\u00e4r sig och f\u00f6rb\u00e4ttras Tori st\u00e4ndigt. Med varje interaktion och uppdatering arbetar vi f\u00f6r att g\u00f6ra Tori smartare, mer precis och mer anv\u00e4ndbar \u2013 s\u00e5 att din upplevelse blir b\u00e4ttre med tiden.<\/p>\n\n\n\n<div class=\"wp-block-buttons is-content-justification-center is-layout-flex wp-container-core-buttons-is-layout-5 wp-block-buttons-is-layout-flex\">\n<a class=\"e-cta e-cta-primary\" href=\"http:\/\/etoro.com\/home?bscarousel=tori_intro_carousel\">Fr\u00e5ga Tori<\/a>\n<\/div>\n\n\n\n<p class=\"has-text-align-center is-style-disclaimer\">*Rullas ut gradvis. Nu tillg\u00e4ngligt f\u00f6r utvalda anv\u00e4ndare i utvalda regioner.<\/p>\n<\/div><\/section>\n\n\n\n<section class=\"wp-block-group wp-block-group-boxed has-white-background-color has-background\"><div class=\"wp-block-group-inner is-layout-flow wp-block-group-is-layout-flow\">\n<h2 class=\"wp-block-heading has-text-align-center\">FAQ<\/h2>\n\n\n\n<dl class=\"wp-block-etoro-faq\">\n<div class=\"wp-block-etoro-faq-item\"><dt class=\"wp-block-etoro-faq-item-question\">Vad \u00e4r Tori?<\/dt><dd class=\"wp-block-etoro-faq-item-answer\">\n<p>Tori \u00e4r eToros AI-drivna investeringspartner. Den hj\u00e4lper dig att utforska marknaderna, analysera din portf\u00f6lj, l\u00e4ra dig om investeringar samt navigera p\u00e5 plattformen \u2013 allt genom en enkel och naturlig chatt.<\/p>\n<\/dd><\/div>\n\n\n\n<div class=\"wp-block-etoro-faq-item\"><dt class=\"wp-block-etoro-faq-item-question\">Hur hittar jag Tori?<\/dt><dd class=\"wp-block-etoro-faq-item-answer\">\n<p>Du hittar Tori-ikonen l\u00e4ngst upp till h\u00f6ger p\u00e5 viktiga sk\u00e4rmar p\u00e5 eToro-plattformen \u2013 s\u00e5som p\u00e5 sidorna Uppt\u00e4ck, Portf\u00f6lj och Tillg\u00e5ngar. Tryck bara p\u00e5 den f\u00f6r att starta en chatt. Toris f\u00f6reslagna fr\u00e5gor kommer att justeras baserat p\u00e5 var du \u00e4r, men du kan st\u00e4lla en fr\u00e5ga om vad som helst, n\u00e4r som helst.<\/p>\n<\/dd><\/div>\n\n\n\n<div class=\"wp-block-etoro-faq-item\"><dt class=\"wp-block-etoro-faq-item-question\">Vad kan jag fr\u00e5ga Tori?<\/dt><dd class=\"wp-block-etoro-faq-item-answer\">\n<p>N\u00e4stan vad som helst som \u00e4r investeringsrelaterat! Till exempel:<\/p>\n\n\n\n<p>\u201cJ\u00e4mf\u00f6r Tesla och Nvidia\u201d<\/p>\n\n\n\n<p>&#8220;Vad \u00e4r teknisk analys?&#8221;<\/p>\n\n\n\n<p>&#8220;Vilka \u00e4r de fr\u00e4msta trendande aktierna?&#8221;<\/p>\n\n\n\n<p>&#8220;Var hittar jag min kalender f\u00f6r kvartalsrapporter?&#8221;<\/p>\n\n\n\n<p>Tori kommer att ge tydliga svar i realtid som \u00e4r skr\u00e4ddarsydda f\u00f6r din fr\u00e5ga<\/p>\n<\/dd><\/div>\n\n\n\n<div class=\"wp-block-etoro-faq-item\"><dt class=\"wp-block-etoro-faq-item-question\">Kan Tori analysera min portf\u00f6lj?<\/dt><dd class=\"wp-block-etoro-faq-item-answer\">\n<p>Ja \u2013 om din portf\u00f6lj \u00e4r offentlig. Tori kan tillhandah\u00e5lla allm\u00e4nna observationer om din portf\u00f6ljs sammans\u00e4ttning, som tillg\u00e5ngskoncentration och branschexponering. Om din portf\u00f6lj \u00e4r privat kommer Tori inte att kunna komma \u00e5t den.<\/p>\n<\/dd><\/div>\n\n\n\n<div class=\"wp-block-etoro-faq-item\"><dt class=\"wp-block-etoro-faq-item-question\">\u00c4r Tori verkligen AI?<\/dt><dd class=\"wp-block-etoro-faq-item-answer\">\n<p>Ja. Tori drivs av avancerad AI-teknik utvecklad internt av eToro. I vissa fall anv\u00e4nder den ocks\u00e5 f\u00f6rdefinierade fl\u00f6den eller chatbot-logik f\u00f6r att f\u00f6rb\u00e4ttra tillf\u00f6rlitligheten.<\/p>\n<\/dd><\/div>\n\n\n\n<div class=\"wp-block-etoro-faq-item\"><dt class=\"wp-block-etoro-faq-item-question\">Kan Tori ge investeringsr\u00e5d?<\/dt><dd class=\"wp-block-etoro-faq-item-answer\">\n<p>Nej. Tori tillhandah\u00e5ller inte finansiell r\u00e5dgivning eller investeringsr\u00e5dgivning. Den erbjuder insikter, utbildning och v\u00e4gledning f\u00f6r att hj\u00e4lpa dig att fatta mer v\u00e4lgrundade beslut \u2013 men det slutliga beslutet \u00e4r alltid ditt.<\/p>\n<\/dd><\/div>\n\n\n\n<div class=\"wp-block-etoro-faq-item\"><dt class=\"wp-block-etoro-faq-item-question\">Kommer Tori att ers\u00e4tta kundsupporten?<\/dt><dd class=\"wp-block-etoro-faq-item-answer\">\n<p>Nej. Tori kompletterar v\u00e5rt supportteam. Om din fr\u00e5ga kr\u00e4ver personlig assistans kommer Tori att koppla dig direkt till en kundtj\u00e4nstmedarbetare.<\/p>\n<\/dd><\/div>\n\n\n\n<div class=\"wp-block-etoro-faq-item\"><dt class=\"wp-block-etoro-faq-item-question\">Kan Tori se mina bevakningslistor?<\/dt><dd class=\"wp-block-etoro-faq-item-answer\">\n<p>Inte \u00e4n \u2013 men det finns p\u00e5 v\u00e5r f\u00e4rdplan f\u00f6r framtiden<\/p>\n<\/dd><\/div>\n\n\n\n<div class=\"wp-block-etoro-faq-item\"><dt class=\"wp-block-etoro-faq-item-question\">Har Tori tillg\u00e5ng till mina personuppgifter?<\/dt><dd class=\"wp-block-etoro-faq-item-answer\">\n<p>Nej \u2013 om du inte anv\u00e4nder kundtj\u00e4nstversionen. Annars anv\u00e4nder Tori endast offentlig data fr\u00e5n plattformen (t.ex. marknadsdata, tillg\u00e5ngsprofiler och offentliga portf\u00f6ljer)<\/p>\n<\/dd><\/div>\n\n\n\n<div class=\"wp-block-etoro-faq-item\"><dt class=\"wp-block-etoro-faq-item-question\">Kan jag se tidigare chattar med Tori?<\/dt><dd class=\"wp-block-etoro-faq-item-answer\">\n<p>Ja. Du kan komma \u00e5t dina tidigare Tori-chattar fr\u00e5n \u2630-menyn i chattf\u00f6nstret. Chatthistoriken sparas i 30 dagar \u2013 och \u00e5terst\u00e4lls om du svarar p\u00e5 ett \u00e4ldre meddelande.<\/p>\n<\/dd><\/div>\n<\/dl>\n<\/div><\/section>\n\n\n\n<section class=\"wp-block-group wp-block-group-boxed\"><div class=\"wp-block-group-inner is-layout-flow wp-block-group-is-layout-flow\">\n<p class=\"is-style-disclaimer\">Denna kommunikation tillhandah\u00e5lls endast i informations- och utbildningssyfte och ska inte tolkas som investeringsr\u00e5dgivning, en personlig rekommendation eller ett erbjudande om, eller uppmaning till, att k\u00f6pa eller s\u00e4lja n\u00e5gra finansiella instrument. Detta material har f\u00f6rberetts utan att ta h\u00e4nsyn till n\u00e5gon s\u00e4rskild mottagares investeringsm\u00e5l eller ekonomiska situation, och har inte f\u00f6rberetts i enlighet med juridiska och regelm\u00e4ssiga krav f\u00f6r att fr\u00e4mja oberoende efterforskning. Eventuella referenser till tidigare eller framtida resultat f\u00f6r ett finansiellt instrument, index eller en paketerad investeringsprodukt \u00e4r inte, och b\u00f6r inte ses som, en tillf\u00f6rlitlig indikator p\u00e5 framtida resultat. eToro g\u00f6r inga utf\u00e4stelser och tar inget ansvar f\u00f6r riktigheten eller fullst\u00e4ndigheten i inneh\u00e5llet i denna publikation.<\/p>\n\n\n\n<p class=\"is-style-disclaimer\">Denna annons har inte granskats av Monetary Authority of Singapore.<\/p>\n\n\n\n<p class=\"is-style-disclaimer\">Tori tillhandah\u00e5ller inte investeringsr\u00e5dgivning.<\/p>\n\n\n\n<p class=\"is-style-disclaimer\">Tori \u00e4r ett AI-drivet verktyg som \u00e4r utformat f\u00f6r att erbjuda utbildningsinneh\u00e5ll, data och allm\u00e4nna marknadsinsikter. Den tar inte h\u00e4nsyn till dina personliga omst\u00e4ndigheter och b\u00f6r inte f\u00f6rlitas p\u00e5 f\u00f6r investeringsbeslut. Ditt kapital riskeras. Tidigare resultat \u00e4r inte en indikation p\u00e5 framtida resultat.<\/p>\n\n\n\n<p class=\"is-style-disclaimer\">eToro g\u00f6r inga utf\u00e4stelser och tar inget ansvar f\u00f6r riktigheten eller fullst\u00e4ndigheten i inneh\u00e5llet i de svar som genereras.<\/p>\n<\/div><\/section>\n","protected":false},"excerpt":{"rendered":"<p>Uppt\u00e4ck, l\u00e4r dig, analysera Tori ger dig data, insikter och analys i en enkel och interaktiv chatt. Endast i illustrationssyfte Uppt\u00e4ck nya investeringsm\u00f6jligheter Med varje fr\u00e5ga du st\u00e4ller levererar Tori tydliga data och insikter i realtid f\u00f6r att du ska uppt\u00e4cka investeringsm\u00f6jligheter. F\u00e5 marknadsinsikter som \u00e4r skr\u00e4ddarsydda efter vad du \u00e4r intresserad av Tori omvandlar&hellip;<\/p>\n","protected":false},"author":75,"featured_media":1112854,"parent":10696,"menu_order":0,"comment_status":"closed","ping_status":"closed","template":"","meta":{"_acf_changed":false,"inline_featured_image":false,"sticky_cta_settings":"","footnotes":""},"asset_type":[],"class_list":["post-1116318","page","type-page","status-publish","has-post-thumbnail","hentry"],"acf":[],"yoast_head":"<title>Tori \u2013 Din AI-investeringspartner fr\u00e5n eToro<\/title>\n<meta name=\"description\" content=\"Uppt\u00e4ck hur Tori anv\u00e4nder AI f\u00f6r att st\u00e4rka dina investeringar: f\u00e5 insikter, portf\u00f6ljanalyser och smarta tips \u2013 allt utan att l\u00e4mna eToro.\" \/>\n<meta name=\"robots\" content=\"index, follow, max-snippet:-1, max-image-preview:large, max-video-preview:-1\" \/>\n<link rel=\"canonical\" href=\"https:\/\/www.etoro.com\/sv\/wp-json\/wp\/v2\/pages\/1116318\" \/>\n<meta property=\"og:locale\" content=\"sv_SE\" \/>\n<meta property=\"og:type\" content=\"article\" \/>\n<meta property=\"og:title\" content=\"Tori \u2013 Din AI-investeringspartner fr\u00e5n eToro\" \/>\n<meta property=\"og:description\" content=\"Uppt\u00e4ck hur Tori anv\u00e4nder AI f\u00f6r att st\u00e4rka dina investeringar: f\u00e5 insikter, portf\u00f6ljanalyser och smarta tips \u2013 allt utan att l\u00e4mna eToro.\" \/>\n<meta property=\"og:url\" content=\"https:\/\/www.etoro.com\/sv\/wp-json\/wp\/v2\/pages\/1116318\" \/>\n<meta property=\"og:site_name\" content=\"eToro\" \/>\n<meta property=\"article:publisher\" content=\"https:\/\/www.facebook.com\/eToro\/\" \/>\n<meta property=\"article:modified_time\" content=\"2025-08-06T16:54:18+00:00\" \/>\n<meta property=\"og:image\" content=\"https:\/\/www.etoro.com\/wp-content\/uploads\/2025\/08\/Tori_Featured-image-1200x630-1.png\" \/>\n\t<meta property=\"og:image:width\" content=\"1200\" \/>\n\t<meta property=\"og:image:height\" content=\"630\" \/>\n\t<meta property=\"og:image:type\" content=\"image\/png\" \/>\n<meta name=\"twitter:card\" content=\"summary_large_image\" \/>\n<meta name=\"twitter:site\" content=\"@eToro\" \/>\n<meta name=\"twitter:label1\" content=\"Est. reading time\" \/>\n\t<meta name=\"twitter:data1\" content=\"4 minutes\" \/>\n<script type=\"application\/ld+json\" class=\"yoast-schema-graph\">{\"@context\":\"https:\/\/schema.org\",\"@graph\":[{\"@type\":\"WebPage\",\"@id\":\"https:\/\/www.etoro.com\/sv\/trading\/platforms\/tori\/\",\"url\":\"https:\/\/www.etoro.com\/sv\/trading\/platforms\/tori\/\",\"name\":\"Tori \u2013 Din AI-investeringspartner fr\u00e5n eToro\",\"isPartOf\":{\"@id\":\"https:\/\/www.etoro.com\/sv\/#website\"},\"primaryImageOfPage\":{\"@id\":\"https:\/\/www.etoro.com\/sv\/trading\/platforms\/tori\/#primaryimage\"},\"image\":{\"@id\":\"https:\/\/www.etoro.com\/sv\/trading\/platforms\/tori\/#primaryimage\"},\"thumbnailUrl\":\"https:\/\/www.etoro.com\/wp-content\/uploads\/2025\/08\/Tori_Featured-image-1200x630-1.png\",\"datePublished\":\"2025-08-06T13:55:05+00:00\",\"dateModified\":\"2025-08-06T16:54:18+00:00\",\"description\":\"Uppt\u00e4ck hur Tori anv\u00e4nder AI f\u00f6r att st\u00e4rka dina investeringar: f\u00e5 insikter, portf\u00f6ljanalyser och smarta tips \u2013 allt utan att l\u00e4mna eToro.\",\"breadcrumb\":{\"@id\":\"https:\/\/www.etoro.com\/sv\/trading\/platforms\/tori\/#breadcrumb\"},\"inLanguage\":\"sv\",\"potentialAction\":[{\"@type\":\"ReadAction\",\"target\":[\"https:\/\/www.etoro.com\/sv\/trading\/platforms\/tori\/\"]}]},{\"@type\":\"ImageObject\",\"inLanguage\":\"sv\",\"@id\":\"https:\/\/www.etoro.com\/sv\/trading\/platforms\/tori\/#primaryimage\",\"url\":\"https:\/\/www.etoro.com\/wp-content\/uploads\/2025\/08\/Tori_Featured-image-1200x630-1.png\",\"contentUrl\":\"https:\/\/www.etoro.com\/wp-content\/uploads\/2025\/08\/Tori_Featured-image-1200x630-1.png\",\"width\":1200,\"height\":630},{\"@type\":\"BreadcrumbList\",\"@id\":\"https:\/\/www.etoro.com\/sv\/trading\/platforms\/tori\/#breadcrumb\",\"itemListElement\":[{\"@type\":\"ListItem\",\"position\":1,\"name\":\"Hem\",\"item\":\"https:\/\/www.etoro.com\/sv\/\"},{\"@type\":\"ListItem\",\"position\":2,\"name\":\"HANDEL\",\"item\":\"https:\/\/www.etoro.com\/sv\/trading\/\"},{\"@type\":\"ListItem\",\"position\":3,\"name\":\"PLATTFORMAR - Historik\",\"item\":\"https:\/\/www.etoro.com\/sv\/trading\/platforms\/\"},{\"@type\":\"ListItem\",\"position\":4,\"name\":\"Tori\"}]},{\"@type\":\"WebSite\",\"@id\":\"https:\/\/www.etoro.com\/sv\/#website\",\"url\":\"https:\/\/www.etoro.com\/sv\/\",\"name\":\"eToro\",\"description\":\"\",\"publisher\":{\"@id\":\"https:\/\/www.etoro.com\/sv\/#organization\"},\"potentialAction\":[{\"@type\":\"SearchAction\",\"target\":{\"@type\":\"EntryPoint\",\"urlTemplate\":\"https:\/\/www.etoro.com\/sv\/?s={search_term_string}\"},\"query-input\":{\"@type\":\"PropertyValueSpecification\",\"valueRequired\":true,\"valueName\":\"search_term_string\"}}],\"inLanguage\":\"sv\"},[]]}<\/script>","yoast_head_json":{"title":"Tori \u2013 Din AI-investeringspartner fr\u00e5n eToro","description":"Uppt\u00e4ck hur Tori anv\u00e4nder AI f\u00f6r att st\u00e4rka dina investeringar: f\u00e5 insikter, portf\u00f6ljanalyser och smarta tips \u2013 allt utan att l\u00e4mna eToro.","robots":{"index":"index","follow":"follow","max-snippet":"max-snippet:-1","max-image-preview":"max-image-preview:large","max-video-preview":"max-video-preview:-1"},"canonical":"https:\/\/www.etoro.com\/sv\/wp-json\/wp\/v2\/pages\/1116318","og_locale":"sv_SE","og_type":"article","og_title":"Tori \u2013 Din AI-investeringspartner fr\u00e5n eToro","og_description":"Uppt\u00e4ck hur Tori anv\u00e4nder AI f\u00f6r att st\u00e4rka dina investeringar: f\u00e5 insikter, portf\u00f6ljanalyser och smarta tips \u2013 allt utan att l\u00e4mna eToro.","og_url":"https:\/\/www.etoro.com\/sv\/wp-json\/wp\/v2\/pages\/1116318","og_site_name":"eToro","article_publisher":"https:\/\/www.facebook.com\/eToro\/","article_modified_time":"2025-08-06T16:54:18+00:00","og_image":[{"width":1200,"height":630,"url":"https:\/\/www.etoro.com\/wp-content\/uploads\/2025\/08\/Tori_Featured-image-1200x630-1.png","type":"image\/png"}],"twitter_card":"summary_large_image","twitter_site":"@eToro","twitter_misc":{"Est. reading time":"4 minutes"},"schema":{"@context":"https:\/\/schema.org","@graph":[{"@type":"WebPage","@id":"https:\/\/www.etoro.com\/sv\/trading\/platforms\/tori\/","url":"https:\/\/www.etoro.com\/sv\/trading\/platforms\/tori\/","name":"Tori \u2013 Din AI-investeringspartner fr\u00e5n eToro","isPartOf":{"@id":"https:\/\/www.etoro.com\/sv\/#website"},"primaryImageOfPage":{"@id":"https:\/\/www.etoro.com\/sv\/trading\/platforms\/tori\/#primaryimage"},"image":{"@id":"https:\/\/www.etoro.com\/sv\/trading\/platforms\/tori\/#primaryimage"},"thumbnailUrl":"https:\/\/www.etoro.com\/wp-content\/uploads\/2025\/08\/Tori_Featured-image-1200x630-1.png","datePublished":"2025-08-06T13:55:05+00:00","dateModified":"2025-08-06T16:54:18+00:00","description":"Uppt\u00e4ck hur Tori anv\u00e4nder AI f\u00f6r att st\u00e4rka dina investeringar: f\u00e5 insikter, portf\u00f6ljanalyser och smarta tips \u2013 allt utan att l\u00e4mna eToro.","breadcrumb":{"@id":"https:\/\/www.etoro.com\/sv\/trading\/platforms\/tori\/#breadcrumb"},"inLanguage":"sv","potentialAction":[{"@type":"ReadAction","target":["https:\/\/www.etoro.com\/sv\/trading\/platforms\/tori\/"]}]},{"@type":"ImageObject","inLanguage":"sv","@id":"https:\/\/www.etoro.com\/sv\/trading\/platforms\/tori\/#primaryimage","url":"https:\/\/www.etoro.com\/wp-content\/uploads\/2025\/08\/Tori_Featured-image-1200x630-1.png","contentUrl":"https:\/\/www.etoro.com\/wp-content\/uploads\/2025\/08\/Tori_Featured-image-1200x630-1.png","width":1200,"height":630},{"@type":"BreadcrumbList","@id":"https:\/\/www.etoro.com\/sv\/trading\/platforms\/tori\/#breadcrumb","itemListElement":[{"@type":"ListItem","position":1,"name":"Hem","item":"https:\/\/www.etoro.com\/sv\/"},{"@type":"ListItem","position":2,"name":"HANDEL","item":"https:\/\/www.etoro.com\/sv\/trading\/"},{"@type":"ListItem","position":3,"name":"PLATTFORMAR - Historik","item":"https:\/\/www.etoro.com\/sv\/trading\/platforms\/"},{"@type":"ListItem","position":4,"name":"Tori"}]},{"@type":"WebSite","@id":"https:\/\/www.etoro.com\/sv\/#website","url":"https:\/\/www.etoro.com\/sv\/","name":"eToro","description":"","publisher":{"@id":"https:\/\/www.etoro.com\/sv\/#organization"},"potentialAction":[{"@type":"SearchAction","target":{"@type":"EntryPoint","urlTemplate":"https:\/\/www.etoro.com\/sv\/?s={search_term_string}"},"query-input":{"@type":"PropertyValueSpecification","valueRequired":true,"valueName":"search_term_string"}}],"inLanguage":"sv"},[]]}},"_links":{"self":[{"href":"https:\/\/www.etoro.com\/sv\/wp-json\/wp\/v2\/pages\/1116318"}],"collection":[{"href":"https:\/\/www.etoro.com\/sv\/wp-json\/wp\/v2\/pages"}],"about":[{"href":"https:\/\/www.etoro.com\/sv\/wp-json\/wp\/v2\/types\/page"}],"author":[{"embeddable":true,"href":"https:\/\/www.etoro.com\/sv\/wp-json\/wp\/v2\/users\/75"}],"replies":[{"embeddable":true,"href":"https:\/\/www.etoro.com\/sv\/wp-json\/wp\/v2\/comments?post=1116318"}],"version-history":[{"count":0,"href":"https:\/\/www.etoro.com\/sv\/wp-json\/wp\/v2\/pages\/1116318\/revisions"}],"up":[{"embeddable":true,"href":"https:\/\/www.etoro.com\/sv\/wp-json\/wp\/v2\/pages\/10696"}],"wp:featuredmedia":[{"embeddable":true,"href":"https:\/\/www.etoro.com\/sv\/wp-json\/wp\/v2\/media\/1112854"}],"wp:attachment":[{"href":"https:\/\/www.etoro.com\/sv\/wp-json\/wp\/v2\/media?parent=1116318"}],"wp:term":[{"taxonomy":"asset_type","embeddable":true,"href":"https:\/\/www.etoro.com\/sv\/wp-json\/wp\/v2\/asset_type?post=1116318"}],"curies":[{"name":"wp","href":"https:\/\/api.w.org\/{rel}","templated":true}]}}